{"id":29963,"date":"2017-10-24T08:15:18","date_gmt":"2017-10-24T08:15:18","guid":{"rendered":"https:\/\/www.urlaubcornwall.de\/blog\/?page_id=29963"},"modified":"2024-04-09T08:23:26","modified_gmt":"2024-04-09T08:23:26","slug":"ferienhaeuser-meer-den-schoensten-regionen-schottlands","status":"publish","type":"page","link":"https:\/\/www.urlaubcornwall.de\/blog\/ferienhaeuser-meer-den-schoensten-regionen-schottlands\/","title":{"rendered":"Ferienh\u00e4user am Meer in den sch\u00f6nsten Regionen Schottlands"},"content":{"rendered":"<p><img loading=\"lazy\" class=\"aligncenter size-full wp-image-47803\" src=\"https:\/\/www.urlaubcornwall.de\/blog\/wp-content\/uploads\/2024\/03\/schottland-seen.jpg\" alt=\"schottland loch\" width=\"750\" height=\"500\" srcset=\"https:\/\/www.urlaubcornwall.de\/blog\/wp-content\/uploads\/2024\/03\/schottland-seen.jpg 750w, https:\/\/www.urlaubcornwall.de\/blog\/wp-content\/uploads\/2024\/03\/schottland-seen-300x200.jpg 300w\" sizes=\"(max-width: 750px) 100vw, 750px\" \/><br \/>\n<strong>Bei uns finden Sie Unterk\u00fcnfte die verschiedenen Regionen von Schottland zum Verlieben &#8211; so einfach ist das!<\/strong><\/p>\n<p style=\"text-align: center;\">Pers\u00f6nlich inspizierte Ferienh\u00e4user, Landh\u00e4user, Luxus Ferienwohnungen in Schottland, Highlands und Inseln. UrlaubCornwall.de verf\u00fcgt Unterk\u00fcnfte im Umkreis von 1,5 km des Meeres und der Str\u00e4nde von <a href=\"https:\/\/www.urlaubcornwall.de\/reiseziel\/schottland.php\">Schottland<\/a>.<\/p>\n<p style=\"text-align: center;\"><a class=\"tidycta\" href=\"https:\/\/www.urlaubcornwall.de\/ferienhaeuser-fewos\/sco\/schottland-am-meer.html\">Suche Ferienh\u00e4user in Schottland am Meer<\/a><\/p>\n","protected":false},"excerpt":{"rendered":"<p>Bei uns finden Sie Unterk\u00fcnfte die verschiedenen Regionen von Schottland zum Verlieben &#8211; so einfach ist das! Pers\u00f6nlich inspizierte Ferienh\u00e4user, Landh\u00e4user, Luxus Ferienwohnungen in Schottland, Highlands und Inseln. UrlaubCornwall.de verf\u00fcgt Unterk\u00fcnfte im Umkreis von 1,5 km des Meeres und der Str\u00e4nde von Schottland. Suche Ferienh\u00e4user in Schottland am Meer<\/p>\n","protected":false},"author":1,"featured_media":0,"parent":0,"menu_order":0,"comment_status":"closed","ping_status":"closed","template":"single-four.php","meta":[],"acf":[],"yoast_head":"<!-- This site is optimized with the Yoast SEO plugin v19.4 - https:\/\/yoast.com\/wordpress\/plugins\/seo\/ -->\n<title>Ferienh\u00e4user am Meer in den sch\u00f6nsten Regionen Schottlands - Urlaub &amp; Reisen<\/title>\n<meta name=\"robots\" content=\"index, follow, max-snippet:-1, max-image-preview:large, max-video-preview:-1\" \/>\n<link rel=\"canonical\" href=\"https:\/\/www.urlaubcornwall.de\/blog\/ferienhaeuser-meer-den-schoensten-regionen-schottlands\/\" \/>\n<meta property=\"og:locale\" content=\"en_US\" \/>\n<meta property=\"og:type\" content=\"article\" \/>\n<meta property=\"og:title\" content=\"Ferienh\u00e4user am Meer in den sch\u00f6nsten Regionen Schottlands - Urlaub &amp; Reisen\" \/>\n<meta property=\"og:description\" content=\"Bei uns finden Sie Unterk\u00fcnfte die verschiedenen Regionen von Schottland zum Verlieben &#8211; so einfach ist das! Pers\u00f6nlich inspizierte Ferienh\u00e4user, Landh\u00e4user, Luxus Ferienwohnungen in Schottland, Highlands und Inseln. UrlaubCornwall.de verf\u00fcgt Unterk\u00fcnfte im Umkreis von 1,5 km des Meeres und der Str\u00e4nde von Schottland. Suche Ferienh\u00e4user in Schottland am Meer\" \/>\n<meta property=\"og:url\" content=\"https:\/\/www.urlaubcornwall.de\/blog\/ferienhaeuser-meer-den-schoensten-regionen-schottlands\/\" \/>\n<meta property=\"og:site_name\" content=\"Urlaub &amp; Reisen\" \/>\n<meta property=\"article:modified_time\" content=\"2024-04-09T08:23:26+00:00\" \/>\n<meta property=\"og:image\" content=\"https:\/\/www.urlaubcornwall.de\/blog\/wp-content\/uploads\/2024\/03\/schottland-seen.jpg\" \/>\n<meta name=\"twitter:card\" content=\"summary\" \/>\n<meta name=\"twitter:label1\" content=\"Est. reading time\" \/>\n\t<meta name=\"twitter:data1\" content=\"1 minute\" \/>\n<script type=\"application\/ld+json\" class=\"yoast-schema-graph\">{\"@context\":\"https:\/\/schema.org\",\"@graph\":[{\"@type\":\"WebSite\",\"@id\":\"https:\/\/www.urlaubcornwall.de\/blog\/#website\",\"url\":\"https:\/\/www.urlaubcornwall.de\/blog\/\",\"name\":\"Urlaub &amp; Reisen\",\"description\":\"Urlaub, Reisen, Cornwall und S\u00fcdengland: eine perfekte Kombination\",\"potentialAction\":[{\"@type\":\"SearchAction\",\"target\":{\"@type\":\"EntryPoint\",\"urlTemplate\":\"https:\/\/www.urlaubcornwall.de\/blog\/?s={search_term_string}\"},\"query-input\":\"required name=search_term_string\"}],\"inLanguage\":\"en-US\"},{\"@type\":\"WebPage\",\"@id\":\"https:\/\/www.urlaubcornwall.de\/blog\/ferienhaeuser-meer-den-schoensten-regionen-schottlands\/\",\"url\":\"https:\/\/www.urlaubcornwall.de\/blog\/ferienhaeuser-meer-den-schoensten-regionen-schottlands\/\",\"name\":\"Ferienh\u00e4user am Meer in den sch\u00f6nsten Regionen Schottlands - Urlaub &amp; Reisen\",\"isPartOf\":{\"@id\":\"https:\/\/www.urlaubcornwall.de\/blog\/#website\"},\"datePublished\":\"2017-10-24T08:15:18+00:00\",\"dateModified\":\"2024-04-09T08:23:26+00:00\",\"breadcrumb\":{\"@id\":\"https:\/\/www.urlaubcornwall.de\/blog\/ferienhaeuser-meer-den-schoensten-regionen-schottlands\/#breadcrumb\"},\"inLanguage\":\"en-US\",\"potentialAction\":[{\"@type\":\"ReadAction\",\"target\":[\"https:\/\/www.urlaubcornwall.de\/blog\/ferienhaeuser-meer-den-schoensten-regionen-schottlands\/\"]}]},{\"@type\":\"BreadcrumbList\",\"@id\":\"https:\/\/www.urlaubcornwall.de\/blog\/ferienhaeuser-meer-den-schoensten-regionen-schottlands\/#breadcrumb\",\"itemListElement\":[{\"@type\":\"ListItem\",\"position\":1,\"name\":\"Home\",\"item\":\"https:\/\/www.urlaubcornwall.de\/blog\/\"},{\"@type\":\"ListItem\",\"position\":2,\"name\":\"Ferienh\u00e4user am Meer in den sch\u00f6nsten Regionen Schottlands\"}]}]}<\/script>\n<!-- \/ Yoast SEO plugin. -->","yoast_head_json":{"title":"Ferienh\u00e4user am Meer in den sch\u00f6nsten Regionen Schottlands - Urlaub &amp; Reisen","robots":{"index":"index","follow":"follow","max-snippet":"max-snippet:-1","max-image-preview":"max-image-preview:large","max-video-preview":"max-video-preview:-1"},"canonical":"https:\/\/www.urlaubcornwall.de\/blog\/ferienhaeuser-meer-den-schoensten-regionen-schottlands\/","og_locale":"en_US","og_type":"article","og_title":"Ferienh\u00e4user am Meer in den sch\u00f6nsten Regionen Schottlands - Urlaub &amp; Reisen","og_description":"Bei uns finden Sie Unterk\u00fcnfte die verschiedenen Regionen von Schottland zum Verlieben &#8211; so einfach ist das! Pers\u00f6nlich inspizierte Ferienh\u00e4user, Landh\u00e4user, Luxus Ferienwohnungen in Schottland, Highlands und Inseln. UrlaubCornwall.de verf\u00fcgt Unterk\u00fcnfte im Umkreis von 1,5 km des Meeres und der Str\u00e4nde von Schottland. Suche Ferienh\u00e4user in Schottland am Meer","og_url":"https:\/\/www.urlaubcornwall.de\/blog\/ferienhaeuser-meer-den-schoensten-regionen-schottlands\/","og_site_name":"Urlaub &amp; Reisen","article_modified_time":"2024-04-09T08:23:26+00:00","og_image":[{"url":"https:\/\/www.urlaubcornwall.de\/blog\/wp-content\/uploads\/2024\/03\/schottland-seen.jpg"}],"twitter_card":"summary","twitter_misc":{"Est. reading time":"1 minute"},"schema":{"@context":"https:\/\/schema.org","@graph":[{"@type":"WebSite","@id":"https:\/\/www.urlaubcornwall.de\/blog\/#website","url":"https:\/\/www.urlaubcornwall.de\/blog\/","name":"Urlaub &amp; Reisen","description":"Urlaub, Reisen, Cornwall und S\u00fcdengland: eine perfekte Kombination","potentialAction":[{"@type":"SearchAction","target":{"@type":"EntryPoint","urlTemplate":"https:\/\/www.urlaubcornwall.de\/blog\/?s={search_term_string}"},"query-input":"required name=search_term_string"}],"inLanguage":"en-US"},{"@type":"WebPage","@id":"https:\/\/www.urlaubcornwall.de\/blog\/ferienhaeuser-meer-den-schoensten-regionen-schottlands\/","url":"https:\/\/www.urlaubcornwall.de\/blog\/ferienhaeuser-meer-den-schoensten-regionen-schottlands\/","name":"Ferienh\u00e4user am Meer in den sch\u00f6nsten Regionen Schottlands - Urlaub &amp; Reisen","isPartOf":{"@id":"https:\/\/www.urlaubcornwall.de\/blog\/#website"},"datePublished":"2017-10-24T08:15:18+00:00","dateModified":"2024-04-09T08:23:26+00:00","breadcrumb":{"@id":"https:\/\/www.urlaubcornwall.de\/blog\/ferienhaeuser-meer-den-schoensten-regionen-schottlands\/#breadcrumb"},"inLanguage":"en-US","potentialAction":[{"@type":"ReadAction","target":["https:\/\/www.urlaubcornwall.de\/blog\/ferienhaeuser-meer-den-schoensten-regionen-schottlands\/"]}]},{"@type":"BreadcrumbList","@id":"https:\/\/www.urlaubcornwall.de\/blog\/ferienhaeuser-meer-den-schoensten-regionen-schottlands\/#breadcrumb","itemListElement":[{"@type":"ListItem","position":1,"name":"Home","item":"https:\/\/www.urlaubcornwall.de\/blog\/"},{"@type":"ListItem","position":2,"name":"Ferienh\u00e4user am Meer in den sch\u00f6nsten Regionen Schottlands"}]}]}},"_links":{"self":[{"href":"https:\/\/www.urlaubcornwall.de\/blog\/wp-json\/wp\/v2\/pages\/29963"}],"collection":[{"href":"https:\/\/www.urlaubcornwall.de\/blog\/wp-json\/wp\/v2\/pages"}],"about":[{"href":"https:\/\/www.urlaubcornwall.de\/blog\/wp-json\/wp\/v2\/types\/page"}],"author":[{"embeddable":true,"href":"https:\/\/www.urlaubcornwall.de\/blog\/wp-json\/wp\/v2\/users\/1"}],"replies":[{"embeddable":true,"href":"https:\/\/www.urlaubcornwall.de\/blog\/wp-json\/wp\/v2\/comments?post=29963"}],"version-history":[{"count":12,"href":"https:\/\/www.urlaubcornwall.de\/blog\/wp-json\/wp\/v2\/pages\/29963\/revisions"}],"predecessor-version":[{"id":49036,"href":"https:\/\/www.urlaubcornwall.de\/blog\/wp-json\/wp\/v2\/pages\/29963\/revisions\/49036"}],"wp:attachment":[{"href":"https:\/\/www.urlaubcornwall.de\/blog\/wp-json\/wp\/v2\/media?parent=29963"}],"curies":[{"name":"wp","href":"https:\/\/api.w.org\/{rel}","templated":true}]}}