{"id":29953,"date":"2017-10-23T14:53:22","date_gmt":"2017-10-23T14:53:22","guid":{"rendered":"https:\/\/www.urlaubcornwall.de\/blog\/?page_id=29953"},"modified":"2024-05-30T12:03:06","modified_gmt":"2024-05-30T12:03:06","slug":"ferienhaeuser-meer-auf-den-schottlands-inseln-schoensten-doerfer-und-kuestenstaedte","status":"publish","type":"page","link":"https:\/\/www.urlaubcornwall.de\/blog\/ferienhaeuser-meer-auf-den-schottlands-inseln-schoensten-doerfer-und-kuestenstaedte\/","title":{"rendered":"Ferienh\u00e4user am Meer auf den Schottlands Inseln &#8211; Sch\u00f6nsten D\u00f6rfer und K\u00fcstenst\u00e4dte"},"content":{"rendered":"<p><a href=\"https:\/\/www.urlaubcornwall.de\/blog\/wp-content\/uploads\/2016\/11\/urlaub-oban-schottland.jpg\"><img loading=\"lazy\" src=\"https:\/\/www.urlaubcornwall.de\/blog\/wp-content\/uploads\/2016\/11\/urlaub-oban-schottland.jpg\" alt=\"Oban schottland\" width=\"750\" height=\"368\" class=\"alignnone size-full wp-image-25426\" \/><\/a><br \/>\nDie <a href=\"http:\/\/www.urlaubcornwall.de\/blog\/schottische-westkueste-und-inselwelt-selbstfahrer-rundreise-schottland\/\">Inseln Schottlands<\/a> sind allesamt einzigartig; <a href=\"http:\/\/Bei uns finden Sie Ferienh\u00e4user zum Verlieben - so einfach ist das! Pers\u00f6nlich inspizierte <a href=\"https:\/\/www.urlaubcornwall.de\/blog\/ferienhaeuser-ferienwohnungen-cottages-isle-of-arran\/\">Ferienh\u00e4user und Ferienwohnungen auf die Insel Arran<\/a> f\u00fcr Ihren Urlaub.&#8221;>Arran an der K\u00fcste Ayrshires wird oft als das &#8220;Miniatur-Schottland&#8221; erw\u00e4hnt. Die Orkney Inseln, 70 Inseln vor der Nordk\u00fcste, wundersch\u00f6ne Str\u00e4nde, geschichtliches Erbe, Kultur und herrliches Tierleben.<\/p>\n<p style=\"text-align: center;\"><a class=\"tidycta\" href=\"https:\/\/www.urlaubcornwall.de\/ferienhaeuser-fewos\/sco\/schottische-inseln\/schottische-inseln.html\">Suche Ferienh\u00e4user Schottlands Inseln<\/a><\/p>\n<div class=\"snippet\"> <a class=\"featured-item\" href=\" https:\/\/www.urlaubcornwall.de\/ferienhaeuser-fewos\/sco\/highlands-und-inseln\/highlands-und-inseln.html\"> <span class=\"image-holder\" style=\"background-image: url(' https:\/\/www.urlaubcornwall.de\/blog\/wp-content\/uploads\/2019\/01\/urlaub-schottland-highlands-1.jpg');\"><\/span> <span class=\"featured-content\"> \n<h2 class=\"featured-title\">Ferienh\u00e4user in Schottland am Meer zum Verlieben!<\/h2>\n<p class=\"featured-body\">Untenstehend finden Sie eine Auswahl an Ferienh\u00e4usern in Schottland. Hier finden Sie pers\u00f6nlich inspizierte Cottages entlang der schottischen K\u00fcste, in den schottischen Highlands und auf den Inseln&#8230;..<\/p>\n<\/span> <span class=\"featured-link-holder\"> <span class=\"featured-extra-info\"> \n<p>F\u00fcr Paare, Familien &#038; Gruppen<\/p>\n<\/span> \n<p class=\"featured-link\">DETAILS<\/p>\n<\/span> <\/a><\/div>\n<p style=\"text-align: center;\"><a class=\"plain\" href=\"https:\/\/www.urlaubcornwall.de\/ferienhaeuser-fewos\/sco\/highlands-und-inseln\/isle-of-luing.html\">isle-of-luing.html<\/a><\/p>\n<p style=\"text-align: center;\"><a class=\"plain\" href=\"https:\/\/www.urlaubcornwall.de\/ferienhaeuser-fewos\/sco\/highlands-und-inseln\/isle-of-seil.html\">isle-of-seil.html<\/a><\/p>\n<p style=\"text-align: center;\"><a class=\"plain\" href=\"https:\/\/www.urlaubcornwall.de\/ferienhaeuser-fewos\/sco\/nordhighlands-und-inseln\/black-isle.html\">black-isle.html<\/a><\/p>\n<p style=\"text-align: center;\"><a class=\"plain\" href=\"https:\/\/www.urlaubcornwall.de\/ferienhaeuser-fewos\/sco\/nordhighlands-und-inseln\/isle-of-skye.html\">isle-of-skye.html<\/a><\/p>\n\n","protected":false},"excerpt":{"rendered":"<p>Die Inseln Schottlands sind allesamt einzigartig;<\/p>\n","protected":false},"author":1,"featured_media":0,"parent":0,"menu_order":0,"comment_status":"closed","ping_status":"closed","template":"single-four.php","meta":[],"acf":[],"yoast_head":"<!-- This site is optimized with the Yoast SEO plugin v19.4 - https:\/\/yoast.com\/wordpress\/plugins\/seo\/ -->\n<title>Ferienh\u00e4user am Meer auf den Schottlands Inseln - Sch\u00f6nsten D\u00f6rfer und K\u00fcstenst\u00e4dte - Urlaub &amp; Reisen<\/title>\n<meta name=\"description\" content=\"Die Inseln Schottlands sind allesamt einzigartig; Arran an der K\u00fcste Ayrshires wird oft als das \u201cMiniatur-Schottland\u201d erw\u00e4hnt. Die Orkney Inseln, 70 Inseln vor der Nordk\u00fcste, wundersch\u00f6ne Str\u00e4nde, geschichtliches Erbe, Kultur und herrliches Tierleben.\" \/>\n<meta name=\"robots\" content=\"index, follow, max-snippet:-1, max-image-preview:large, max-video-preview:-1\" \/>\n<link rel=\"canonical\" href=\"https:\/\/www.urlaubcornwall.de\/blog\/ferienhaeuser-meer-auf-den-schottlands-inseln-schoensten-doerfer-und-kuestenstaedte\/\" \/>\n<meta property=\"og:locale\" content=\"en_US\" \/>\n<meta property=\"og:type\" content=\"article\" \/>\n<meta property=\"og:title\" content=\"Ferienh\u00e4user am Meer auf den Schottlands Inseln - Sch\u00f6nsten D\u00f6rfer und K\u00fcstenst\u00e4dte - Urlaub &amp; Reisen\" \/>\n<meta property=\"og:description\" content=\"Die Inseln Schottlands sind allesamt einzigartig; Arran an der K\u00fcste Ayrshires wird oft als das \u201cMiniatur-Schottland\u201d erw\u00e4hnt. Die Orkney Inseln, 70 Inseln vor der Nordk\u00fcste, wundersch\u00f6ne Str\u00e4nde, geschichtliches Erbe, Kultur und herrliches Tierleben.\" \/>\n<meta property=\"og:url\" content=\"https:\/\/www.urlaubcornwall.de\/blog\/ferienhaeuser-meer-auf-den-schottlands-inseln-schoensten-doerfer-und-kuestenstaedte\/\" \/>\n<meta property=\"og:site_name\" content=\"Urlaub &amp; Reisen\" \/>\n<meta property=\"article:modified_time\" content=\"2024-05-30T12:03:06+00:00\" \/>\n<meta property=\"og:image\" content=\"https:\/\/www.urlaubcornwall.de\/blog\/wp-content\/uploads\/2016\/11\/urlaub-oban-schottland.jpg\" \/>\n<meta name=\"twitter:card\" content=\"summary\" \/>\n<meta name=\"twitter:label1\" content=\"Est. reading time\" \/>\n\t<meta name=\"twitter:data1\" content=\"1 minute\" \/>\n<script type=\"application\/ld+json\" class=\"yoast-schema-graph\">{\"@context\":\"https:\/\/schema.org\",\"@graph\":[{\"@type\":\"WebSite\",\"@id\":\"https:\/\/www.urlaubcornwall.de\/blog\/#website\",\"url\":\"https:\/\/www.urlaubcornwall.de\/blog\/\",\"name\":\"Urlaub &amp; Reisen\",\"description\":\"Urlaub, Reisen, Cornwall und S\u00fcdengland: eine perfekte Kombination\",\"potentialAction\":[{\"@type\":\"SearchAction\",\"target\":{\"@type\":\"EntryPoint\",\"urlTemplate\":\"https:\/\/www.urlaubcornwall.de\/blog\/?s={search_term_string}\"},\"query-input\":\"required name=search_term_string\"}],\"inLanguage\":\"en-US\"},{\"@type\":\"WebPage\",\"@id\":\"https:\/\/www.urlaubcornwall.de\/blog\/ferienhaeuser-meer-auf-den-schottlands-inseln-schoensten-doerfer-und-kuestenstaedte\/\",\"url\":\"https:\/\/www.urlaubcornwall.de\/blog\/ferienhaeuser-meer-auf-den-schottlands-inseln-schoensten-doerfer-und-kuestenstaedte\/\",\"name\":\"Ferienh\u00e4user am Meer auf den Schottlands Inseln - Sch\u00f6nsten D\u00f6rfer und K\u00fcstenst\u00e4dte - Urlaub &amp; Reisen\",\"isPartOf\":{\"@id\":\"https:\/\/www.urlaubcornwall.de\/blog\/#website\"},\"datePublished\":\"2017-10-23T14:53:22+00:00\",\"dateModified\":\"2024-05-30T12:03:06+00:00\",\"description\":\"Die Inseln Schottlands sind allesamt einzigartig; Arran an der K\u00fcste Ayrshires wird oft als das \u201cMiniatur-Schottland\u201d erw\u00e4hnt. Die Orkney Inseln, 70 Inseln vor der Nordk\u00fcste, wundersch\u00f6ne Str\u00e4nde, geschichtliches Erbe, Kultur und herrliches Tierleben.\",\"breadcrumb\":{\"@id\":\"https:\/\/www.urlaubcornwall.de\/blog\/ferienhaeuser-meer-auf-den-schottlands-inseln-schoensten-doerfer-und-kuestenstaedte\/#breadcrumb\"},\"inLanguage\":\"en-US\",\"potentialAction\":[{\"@type\":\"ReadAction\",\"target\":[\"https:\/\/www.urlaubcornwall.de\/blog\/ferienhaeuser-meer-auf-den-schottlands-inseln-schoensten-doerfer-und-kuestenstaedte\/\"]}]},{\"@type\":\"BreadcrumbList\",\"@id\":\"https:\/\/www.urlaubcornwall.de\/blog\/ferienhaeuser-meer-auf-den-schottlands-inseln-schoensten-doerfer-und-kuestenstaedte\/#breadcrumb\",\"itemListElement\":[{\"@type\":\"ListItem\",\"position\":1,\"name\":\"Home\",\"item\":\"https:\/\/www.urlaubcornwall.de\/blog\/\"},{\"@type\":\"ListItem\",\"position\":2,\"name\":\"Ferienh\u00e4user am Meer auf den Schottlands Inseln &#8211; Sch\u00f6nsten D\u00f6rfer und K\u00fcstenst\u00e4dte\"}]}]}<\/script>\n<!-- \/ Yoast SEO plugin. -->","yoast_head_json":{"title":"Ferienh\u00e4user am Meer auf den Schottlands Inseln - Sch\u00f6nsten D\u00f6rfer und K\u00fcstenst\u00e4dte - Urlaub &amp; Reisen","description":"Die Inseln Schottlands sind allesamt einzigartig; Arran an der K\u00fcste Ayrshires wird oft als das \u201cMiniatur-Schottland\u201d erw\u00e4hnt. Die Orkney Inseln, 70 Inseln vor der Nordk\u00fcste, wundersch\u00f6ne Str\u00e4nde, geschichtliches Erbe, Kultur und herrliches Tierleben.","robots":{"index":"index","follow":"follow","max-snippet":"max-snippet:-1","max-image-preview":"max-image-preview:large","max-video-preview":"max-video-preview:-1"},"canonical":"https:\/\/www.urlaubcornwall.de\/blog\/ferienhaeuser-meer-auf-den-schottlands-inseln-schoensten-doerfer-und-kuestenstaedte\/","og_locale":"en_US","og_type":"article","og_title":"Ferienh\u00e4user am Meer auf den Schottlands Inseln - Sch\u00f6nsten D\u00f6rfer und K\u00fcstenst\u00e4dte - Urlaub &amp; Reisen","og_description":"Die Inseln Schottlands sind allesamt einzigartig; Arran an der K\u00fcste Ayrshires wird oft als das \u201cMiniatur-Schottland\u201d erw\u00e4hnt. Die Orkney Inseln, 70 Inseln vor der Nordk\u00fcste, wundersch\u00f6ne Str\u00e4nde, geschichtliches Erbe, Kultur und herrliches Tierleben.","og_url":"https:\/\/www.urlaubcornwall.de\/blog\/ferienhaeuser-meer-auf-den-schottlands-inseln-schoensten-doerfer-und-kuestenstaedte\/","og_site_name":"Urlaub &amp; Reisen","article_modified_time":"2024-05-30T12:03:06+00:00","og_image":[{"url":"https:\/\/www.urlaubcornwall.de\/blog\/wp-content\/uploads\/2016\/11\/urlaub-oban-schottland.jpg"}],"twitter_card":"summary","twitter_misc":{"Est. reading time":"1 minute"},"schema":{"@context":"https:\/\/schema.org","@graph":[{"@type":"WebSite","@id":"https:\/\/www.urlaubcornwall.de\/blog\/#website","url":"https:\/\/www.urlaubcornwall.de\/blog\/","name":"Urlaub &amp; Reisen","description":"Urlaub, Reisen, Cornwall und S\u00fcdengland: eine perfekte Kombination","potentialAction":[{"@type":"SearchAction","target":{"@type":"EntryPoint","urlTemplate":"https:\/\/www.urlaubcornwall.de\/blog\/?s={search_term_string}"},"query-input":"required name=search_term_string"}],"inLanguage":"en-US"},{"@type":"WebPage","@id":"https:\/\/www.urlaubcornwall.de\/blog\/ferienhaeuser-meer-auf-den-schottlands-inseln-schoensten-doerfer-und-kuestenstaedte\/","url":"https:\/\/www.urlaubcornwall.de\/blog\/ferienhaeuser-meer-auf-den-schottlands-inseln-schoensten-doerfer-und-kuestenstaedte\/","name":"Ferienh\u00e4user am Meer auf den Schottlands Inseln - Sch\u00f6nsten D\u00f6rfer und K\u00fcstenst\u00e4dte - Urlaub &amp; Reisen","isPartOf":{"@id":"https:\/\/www.urlaubcornwall.de\/blog\/#website"},"datePublished":"2017-10-23T14:53:22+00:00","dateModified":"2024-05-30T12:03:06+00:00","description":"Die Inseln Schottlands sind allesamt einzigartig; Arran an der K\u00fcste Ayrshires wird oft als das \u201cMiniatur-Schottland\u201d erw\u00e4hnt. Die Orkney Inseln, 70 Inseln vor der Nordk\u00fcste, wundersch\u00f6ne Str\u00e4nde, geschichtliches Erbe, Kultur und herrliches Tierleben.","breadcrumb":{"@id":"https:\/\/www.urlaubcornwall.de\/blog\/ferienhaeuser-meer-auf-den-schottlands-inseln-schoensten-doerfer-und-kuestenstaedte\/#breadcrumb"},"inLanguage":"en-US","potentialAction":[{"@type":"ReadAction","target":["https:\/\/www.urlaubcornwall.de\/blog\/ferienhaeuser-meer-auf-den-schottlands-inseln-schoensten-doerfer-und-kuestenstaedte\/"]}]},{"@type":"BreadcrumbList","@id":"https:\/\/www.urlaubcornwall.de\/blog\/ferienhaeuser-meer-auf-den-schottlands-inseln-schoensten-doerfer-und-kuestenstaedte\/#breadcrumb","itemListElement":[{"@type":"ListItem","position":1,"name":"Home","item":"https:\/\/www.urlaubcornwall.de\/blog\/"},{"@type":"ListItem","position":2,"name":"Ferienh\u00e4user am Meer auf den Schottlands Inseln &#8211; Sch\u00f6nsten D\u00f6rfer und K\u00fcstenst\u00e4dte"}]}]}},"_links":{"self":[{"href":"https:\/\/www.urlaubcornwall.de\/blog\/wp-json\/wp\/v2\/pages\/29953"}],"collection":[{"href":"https:\/\/www.urlaubcornwall.de\/blog\/wp-json\/wp\/v2\/pages"}],"about":[{"href":"https:\/\/www.urlaubcornwall.de\/blog\/wp-json\/wp\/v2\/types\/page"}],"author":[{"embeddable":true,"href":"https:\/\/www.urlaubcornwall.de\/blog\/wp-json\/wp\/v2\/users\/1"}],"replies":[{"embeddable":true,"href":"https:\/\/www.urlaubcornwall.de\/blog\/wp-json\/wp\/v2\/comments?post=29953"}],"version-history":[{"count":12,"href":"https:\/\/www.urlaubcornwall.de\/blog\/wp-json\/wp\/v2\/pages\/29953\/revisions"}],"predecessor-version":[{"id":50982,"href":"https:\/\/www.urlaubcornwall.de\/blog\/wp-json\/wp\/v2\/pages\/29953\/revisions\/50982"}],"wp:attachment":[{"href":"https:\/\/www.urlaubcornwall.de\/blog\/wp-json\/wp\/v2\/media?parent=29953"}],"curies":[{"name":"wp","href":"https:\/\/api.w.org\/{rel}","templated":true}]}}