{"id":29951,"date":"2017-10-23T14:53:52","date_gmt":"2017-10-23T14:53:52","guid":{"rendered":"https:\/\/www.urlaubcornwall.de\/blog\/?page_id=29951"},"modified":"2024-04-15T14:37:49","modified_gmt":"2024-04-15T14:37:49","slug":"ferienhaeuser-meer-schoensten-doerfer-und-kuestenstaedte-schottlands","status":"publish","type":"page","link":"https:\/\/www.urlaubcornwall.de\/blog\/ferienhaeuser-meer-schoensten-doerfer-und-kuestenstaedte-schottlands\/","title":{"rendered":"Ferienh\u00e4user am Meer Schottland &#8211; Sch\u00f6nsten D\u00f6rfer und K\u00fcstenst\u00e4dte"},"content":{"rendered":"<p><img loading=\"lazy\" class=\"aligncenter size-full wp-image-25426\" src=\"https:\/\/www.urlaubcornwall.de\/blog\/wp-content\/uploads\/2016\/11\/urlaub-oban-schottland.jpg\" alt=\"urlaub am meer schottland ferienhaus\" width=\"749\" height=\"368\"\/><\/p>\n<p>Schottland ist das Zuhause von <a href=\"https:\/\/www.urlaubcornwall.de\/reiseziel\/schottland.php\">Britanniens spektakul\u00e4rster Landschaft<\/a>, die den h\u00f6chsten Berg, den Ben Nevis, mit umfasst, den tiefsten See, <a href=\"https:\/\/www.urlaubcornwall.de\/blog\/top-10-wunderschoene-schottische-lochs-urlaubstipps-schottland\/\">Loch Morar<\/a>, die h\u00f6chsten B\u00e4ume und die abgelegendsten Gebiete voller Wildheit. In den Cairngorms finden Sie Britanniens h\u00f6chste Berge mit sechs Gipfeln, die mehr als 1220 Meter hoch sind. Im Herzen der Cairngorms liegt Aviemore, Ausgangspunkt f\u00fcr viele Aktivit\u00e4ten in den Bergen. Im Sommer erm\u00f6glicht die Sesselbahn einen leichteren Aufstieg in die Berge!<\/p>\n<p style=\"text-align: center;\"><strong>Bei uns finden Sie Unterk\u00fcnfte am Meer zum Verlieben &#8211; so einfach ist das!<\/strong><\/p>\n<p style=\"text-align: center;\"><a class=\"tidycta\" href=\"https:\/\/www.urlaubcornwall.de\/ferienhaeuser\/schottland.php\">Suche Ferienh\u00e4user Schottland<\/a><\/p>\n<p style=\"text-align: center;\">Pers\u00f6nlich inspizierte Ferienh\u00e4user &amp; Ferienwohnungen am Meer in Schottland, Highlands und Inseln f\u00fcr Ihren Urlaub. UrlaubCornwall.de verf\u00fcgt&nbsp; Ferienh\u00e4user im Umkreis von 1,5 km des Meeres und der Str\u00e4nde von <a href=\"https:\/\/www.urlaubcornwall.de\/reiseziel\/schottland.php\">Schottland<\/a>.<\/p>\n<div class=\"snippet\"> <a class=\"featured-item\" href=\" https:\/\/www.urlaubcornwall.de\/ferienhaeuser\/schottland.php\"> <span class=\"image-holder\" style=\"background-image: url(' https:\/\/www.urlaubcornwall.de\/blog\/wp-content\/uploads\/2019\/01\/urlaub-schottland-highlands-1.jpg');\"><\/span> <span class=\"featured-content\"> \n<h2 class=\"featured-title\">Bei uns finden Sie Ferienh\u00e4user in Schottland zum Verlieben!<\/h2>\n<p class=\"featured-body\">Pers\u00f6nlich inspizierte Ferienh\u00e4user &amp; Ferienwohnungen in Schottland, Highlands und Inseln f\u00fcr Ihren Urlaub mit Hund. UrlaubCornwall.de verf\u00fcgt Ferienh\u00e4user im Umkreis von 1,5 km des Meeres und der Str\u00e4nde von Schottland&#8230;..<\/p>\n<\/span> <span class=\"featured-link-holder\"> <span class=\"featured-extra-info\"> \n<p>F\u00fcr Paare, Familien &#038; Gruppen<\/p>\n<\/span> \n<p class=\"featured-link\">DETAILS<\/p>\n<\/span> <\/a><\/div>\n<p><a class=\"plain\" href=\"https:\/\/www.urlaubcornwall.de\/ferienhaeuser-fewos\/sco\/highlands-und-inseln\/colintraive-am-meer.html\">colintraive-am-meer.html<\/a><\/p>\n<p><a class=\"plain\" href=\"https:\/\/www.urlaubcornwall.de\/ferienhaeuser-fewos\/sco\/highlands-und-inseln\/port-appin-am-meer.html\">port-appin-am-meer.html<\/a><\/p>\n<p><a class=\"plain\" href=\"https:\/\/www.urlaubcornwall.de\/ferienhaeuser-fewos\/sco\/zentralschottland\/anstruther-am-meer.html\">anstruther-am-meer.html<\/a><\/p>\n<p><a class=\"plain\" href=\"https:\/\/www.urlaubcornwall.de\/ferienhaeuser-fewos\/sco\/zentralschottland\/carnoustie-am-meer.html\">carnoustie-am-meer.html<\/a><\/p>\n<p><a class=\"plain\" href=\"https:\/\/www.urlaubcornwall.de\/ferienhaeuser-fewos\/sco\/zentralschottland\/kinghorn-am-meer.html\">kinghorn-am-meer.html<\/a><\/p>\n<p><a class=\"plain\" href=\"https:\/\/www.urlaubcornwall.de\/ferienhaeuser-fewos\/sco\/zentralschottland\/lower-largo-am-meer.html\">lower-largo-am-meer.html<\/a><\/p>\n<p><a class=\"plain\" href=\"https:\/\/www.urlaubcornwall.de\/ferienhaeuser-fewos\/sco\/zentralschottland\/perth-am-meer.html\">perth-am-meer.html<\/a> <\/p>\n<p><a class=\"plain\" href=\"https:\/\/www.urlaubcornwall.de\/ferienhaeuser-fewos\/sco\/zentralschottland\/st-monans-am-meer.html\">st-monans-am-meer.html<\/a><\/p>\n<p><a class=\"plain\" href=\"https:\/\/www.urlaubcornwall.de\/ferienhaeuser-fewos\/sco\/edinburgh-und-lothians\/edinburgh-am-meer.html\">edinburgh-am-meer.html<\/a><\/p>\n<p><a class=\"plain\" href=\"https:\/\/www.urlaubcornwall.de\/ferienhaeuser-fewos\/sco\/edinburgh-und-lothians\/leith-shore-am-meer.html\">leith-shore-am-meer.html<\/a><\/p>\n<p><a class=\"plain\" href=\"https:\/\/www.urlaubcornwall.de\/ferienhaeuser-fewos\/sco\/edinburgh-und-lothians\/north-berwick-am-meer.html\">north-berwick-am-meer.html<\/a><\/p>\n<p><a class=\"plain\" href=\"https:\/\/www.urlaubcornwall.de\/ferienhaeuser-fewos\/sco\/edinburgh-und-lothians\/stockbridge-am-meer.html\">stockbridge-am-meer.html<\/a> <\/p>\n<p><a class=\"plain\" href=\"https:\/\/www.urlaubcornwall.de\/ferienhaeuser-fewos\/sco\/nordostschottland\/cullen-am-meer.html\">cullen-am-meer.html<\/a> <\/p>\n<p><a class=\"plain\" href=\"https:\/\/www.urlaubcornwall.de\/ferienhaeuser-fewos\/sco\/nordostschottland\/elgin-am-meer.html\">elgin-am-meer.html<\/a> <\/p>\n<p><a class=\"plain\" href=\"https:\/\/www.urlaubcornwall.de\/ferienhaeuser-fewos\/sco\/nordhighlands-und-inseln\/ardgay-am-meer.html\">ardgay-am-meer.html<\/a><\/p>\n<p><a class=\"plain\" href=\"https:\/\/www.urlaubcornwall.de\/ferienhaeuser-fewos\/sco\/nordhighlands-und-inseln\/aviemore-am-meer.html\">aviemore-am-meer.html<\/a><\/p>\n<p><a class=\"plain\" href=\"https:\/\/www.urlaubcornwall.de\/ferienhaeuser-fewos\/sco\/nordhighlands-und-inseln\/bonar-bridge-am-meer.html\">bonar-bridge-am-meer.html<\/a><\/p>\n<p><a class=\"plain\" href=\"https:\/\/www.urlaubcornwall.de\/ferienhaeuser-fewos\/sco\/nordhighlands-und-inseln\/brora-am-meer.html\">brora-am-meer.html<\/a><\/p>\n<p><a class=\"plain\" href=\"https:\/\/www.urlaubcornwall.de\/ferienhaeuser-fewos\/sco\/nordhighlands-und-inseln\/culloden-am-meer.html\">culloden-am-meer.html<\/a><\/p>\n<p><a class=\"plain\" href=\"https:\/\/www.urlaubcornwall.de\/ferienhaeuser-fewos\/sco\/nordhighlands-und-inseln\/gairloch-am-meer.html\">gairloch-am-meer.html<\/a><\/p>\n<p><a class=\"plain\" href=\"https:\/\/www.urlaubcornwall.de\/ferienhaeuser-fewos\/sco\/nordhighlands-und-inseln\/glenelg-am-meer.html\">glenelg-am-meer.html<\/a><\/p>\n<p><a class=\"plain\" href=\"https:\/\/www.urlaubcornwall.de\/ferienhaeuser-fewos\/sco\/nordhighlands-und-inseln\/inverness-am-meer.html\">inverness-am-meer.html<\/a><\/p>\n<p><a class=\"plain\" href=\"https:\/\/www.urlaubcornwall.de\/ferienhaeuser-fewos\/sco\/nordhighlands-und-inseln\/kinlochbervie-am-meer.html\">kinlochbervie-am-meer.html<\/a> <\/p>\n<p><a class=\"plain\" href=\"https:\/\/www.urlaubcornwall.de\/ferienhaeuser-fewos\/sco\/nordhighlands-und-inseln\/lochinver-am-meer.html\">lochinver-am-meer.html<\/a><\/p>\n<p><a class=\"plain\" href=\"https:\/\/www.urlaubcornwall.de\/ferienhaeuser-fewos\/sco\/nordhighlands-und-inseln\/nairn-am-meer.html\">nairn-am-meer.html<\/a><\/p>\n<p><a class=\"plain\" href=\"https:\/\/www.urlaubcornwall.de\/ferienhaeuser-fewos\/sco\/nordhighlands-und-inseln\/portree-am-meer.html\">portree-am-meer.html<\/a> <\/p>\n<p><a class=\"plain\" href=\"https:\/\/www.urlaubcornwall.de\/ferienhaeuser-fewos\/sco\/nordhighlands-und-inseln\/scourie-am-meer.html\">scourie-am-meer.html<\/a><\/p>\n<p><a class=\"plain\" href=\"https:\/\/www.urlaubcornwall.de\/ferienhaeuser-fewos\/sco\/nordhighlands-und-inseln\/shieldaig-am-meer.html\">shieldaig-am-meer.html<\/a><\/p>\n<p><a class=\"plain\" href=\"https:\/\/www.urlaubcornwall.de\/ferienhaeuser-fewos\/sco\/nordhighlands-und-inseln\/talmine-am-meer.html\">talmine-am-meer.html<\/a> <\/p>\n<p><a class=\"plain\" href=\"https:\/\/www.urlaubcornwall.de\/ferienhaeuser-fewos\/sco\/nordhighlands-und-inseln\/ullapool-am-meer.html\">ullapool-am-meer.html<\/a> <\/p>\n<p><a class=\"plain\" href=\"https:\/\/www.urlaubcornwall.de\/ferienhaeuser-fewos\/sco\/suedschottland\/annan-am-meer.html\">annan-am-meer.html<\/a> <\/p>\n<p><a class=\"plain\" href=\"https:\/\/www.urlaubcornwall.de\/ferienhaeuser-fewos\/sco\/suedschottland\/eyemouth-am-meer.html\">eyemouth-am-meer.html<\/a> <\/p>\n<p><a class=\"plain\" href=\"https:\/\/www.urlaubcornwall.de\/ferienhaeuser-fewos\/sco\/suedschottland\/portpatrick-am-meer.html\">portpatrick-am-meer.html<\/a> <\/p>\n\n<p><a href=\"https:\/\/www.urlaubcornwall.de\/blog\/ferienhaeuser-meer-auf-den-schottlands-inseln-schoensten-doerfer-und-kuestenstaedte\/\"><strong>Ferienh\u00e4user am Meer &#8211; Sch\u00f6nsten D\u00f6rfer und K\u00fcstenst\u00e4dte Schottlands Inseln &gt; &gt;<\/strong><\/a><\/p>\n","protected":false},"excerpt":{"rendered":"<p>Schottland ist das Zuhause von Britanniens spektakul\u00e4rster Landschaft, die den h\u00f6chsten Berg, den Ben Nevis, mit umfasst, den tiefsten See, Loch Morar, die h\u00f6chsten B\u00e4ume und die abgelegendsten Gebiete voller Wildheit. In den Cairngorms finden Sie Britanniens h\u00f6chste Berge mit sechs Gipfeln, die mehr als 1220 Meter hoch sind. Im Herzen der Cairngorms liegt Aviemore, [&hellip;]<\/p>\n","protected":false},"author":1,"featured_media":0,"parent":0,"menu_order":0,"comment_status":"closed","ping_status":"closed","template":"single-four.php","meta":[],"acf":[],"yoast_head":"<!-- This site is optimized with the Yoast SEO plugin v19.4 - https:\/\/yoast.com\/wordpress\/plugins\/seo\/ -->\n<title>Ferienh\u00e4user am Meer Schottland - Sch\u00f6nsten D\u00f6rfer und K\u00fcstenst\u00e4dte - Urlaub &amp; Reisen<\/title>\n<meta name=\"description\" content=\"Schottland ist das Zuhause von Britanniens spektakul\u00e4rster Landschaft, die den h\u00f6chsten Berg, den Ben Nevis, mit umfasst, den tiefsten See, Loch Morar, die h\u00f6chsten B\u00e4ume und die abgelegendsten Gebiete voller Wildheit. In den Cairngorms finden Sie Britanniens h\u00f6chste Berge mit sechs Gipfeln, die mehr als 1220 Meter hoch sind. Im Herzen der Cairngorms liegt Aviemore, Ausgangspunkt f\u00fcr viele Aktivit\u00e4ten in den Bergen. Im Sommer erm\u00f6glicht die Sesselbahn einen leichteren Aufstieg in die Berge!\" \/>\n<meta name=\"robots\" content=\"index, follow, max-snippet:-1, max-image-preview:large, max-video-preview:-1\" \/>\n<link rel=\"canonical\" href=\"https:\/\/www.urlaubcornwall.de\/blog\/ferienhaeuser-meer-schoensten-doerfer-und-kuestenstaedte-schottlands\/\" \/>\n<meta property=\"og:locale\" content=\"en_US\" \/>\n<meta property=\"og:type\" content=\"article\" \/>\n<meta property=\"og:title\" content=\"Ferienh\u00e4user am Meer Schottland - Sch\u00f6nsten D\u00f6rfer und K\u00fcstenst\u00e4dte - Urlaub &amp; Reisen\" \/>\n<meta property=\"og:description\" content=\"Schottland ist das Zuhause von Britanniens spektakul\u00e4rster Landschaft, die den h\u00f6chsten Berg, den Ben Nevis, mit umfasst, den tiefsten See, Loch Morar, die h\u00f6chsten B\u00e4ume und die abgelegendsten Gebiete voller Wildheit. In den Cairngorms finden Sie Britanniens h\u00f6chste Berge mit sechs Gipfeln, die mehr als 1220 Meter hoch sind. Im Herzen der Cairngorms liegt Aviemore, Ausgangspunkt f\u00fcr viele Aktivit\u00e4ten in den Bergen. Im Sommer erm\u00f6glicht die Sesselbahn einen leichteren Aufstieg in die Berge!\" \/>\n<meta property=\"og:url\" content=\"https:\/\/www.urlaubcornwall.de\/blog\/ferienhaeuser-meer-schoensten-doerfer-und-kuestenstaedte-schottlands\/\" \/>\n<meta property=\"og:site_name\" content=\"Urlaub &amp; Reisen\" \/>\n<meta property=\"article:modified_time\" content=\"2024-04-15T14:37:49+00:00\" \/>\n<meta property=\"og:image\" content=\"https:\/\/www.urlaubcornwall.de\/blog\/wp-content\/uploads\/2016\/11\/urlaub-oban-schottland.jpg\" \/>\n<meta name=\"twitter:card\" content=\"summary\" \/>\n<meta name=\"twitter:label1\" content=\"Est. reading time\" \/>\n\t<meta name=\"twitter:data1\" content=\"2 minutes\" \/>\n<script type=\"application\/ld+json\" class=\"yoast-schema-graph\">{\"@context\":\"https:\/\/schema.org\",\"@graph\":[{\"@type\":\"WebSite\",\"@id\":\"https:\/\/www.urlaubcornwall.de\/blog\/#website\",\"url\":\"https:\/\/www.urlaubcornwall.de\/blog\/\",\"name\":\"Urlaub &amp; Reisen\",\"description\":\"Urlaub, Reisen, Cornwall und S\u00fcdengland: eine perfekte Kombination\",\"potentialAction\":[{\"@type\":\"SearchAction\",\"target\":{\"@type\":\"EntryPoint\",\"urlTemplate\":\"https:\/\/www.urlaubcornwall.de\/blog\/?s={search_term_string}\"},\"query-input\":\"required name=search_term_string\"}],\"inLanguage\":\"en-US\"},{\"@type\":\"WebPage\",\"@id\":\"https:\/\/www.urlaubcornwall.de\/blog\/ferienhaeuser-meer-schoensten-doerfer-und-kuestenstaedte-schottlands\/\",\"url\":\"https:\/\/www.urlaubcornwall.de\/blog\/ferienhaeuser-meer-schoensten-doerfer-und-kuestenstaedte-schottlands\/\",\"name\":\"Ferienh\u00e4user am Meer Schottland - Sch\u00f6nsten D\u00f6rfer und K\u00fcstenst\u00e4dte - Urlaub &amp; Reisen\",\"isPartOf\":{\"@id\":\"https:\/\/www.urlaubcornwall.de\/blog\/#website\"},\"datePublished\":\"2017-10-23T14:53:52+00:00\",\"dateModified\":\"2024-04-15T14:37:49+00:00\",\"description\":\"Schottland ist das Zuhause von Britanniens spektakul\u00e4rster Landschaft, die den h\u00f6chsten Berg, den Ben Nevis, mit umfasst, den tiefsten See, Loch Morar, die h\u00f6chsten B\u00e4ume und die abgelegendsten Gebiete voller Wildheit. In den Cairngorms finden Sie Britanniens h\u00f6chste Berge mit sechs Gipfeln, die mehr als 1220 Meter hoch sind. Im Herzen der Cairngorms liegt Aviemore, Ausgangspunkt f\u00fcr viele Aktivit\u00e4ten in den Bergen. Im Sommer erm\u00f6glicht die Sesselbahn einen leichteren Aufstieg in die Berge!\",\"breadcrumb\":{\"@id\":\"https:\/\/www.urlaubcornwall.de\/blog\/ferienhaeuser-meer-schoensten-doerfer-und-kuestenstaedte-schottlands\/#breadcrumb\"},\"inLanguage\":\"en-US\",\"potentialAction\":[{\"@type\":\"ReadAction\",\"target\":[\"https:\/\/www.urlaubcornwall.de\/blog\/ferienhaeuser-meer-schoensten-doerfer-und-kuestenstaedte-schottlands\/\"]}]},{\"@type\":\"BreadcrumbList\",\"@id\":\"https:\/\/www.urlaubcornwall.de\/blog\/ferienhaeuser-meer-schoensten-doerfer-und-kuestenstaedte-schottlands\/#breadcrumb\",\"itemListElement\":[{\"@type\":\"ListItem\",\"position\":1,\"name\":\"Home\",\"item\":\"https:\/\/www.urlaubcornwall.de\/blog\/\"},{\"@type\":\"ListItem\",\"position\":2,\"name\":\"Ferienh\u00e4user am Meer Schottland &#8211; Sch\u00f6nsten D\u00f6rfer und K\u00fcstenst\u00e4dte\"}]}]}<\/script>\n<!-- \/ Yoast SEO plugin. -->","yoast_head_json":{"title":"Ferienh\u00e4user am Meer Schottland - Sch\u00f6nsten D\u00f6rfer und K\u00fcstenst\u00e4dte - Urlaub &amp; Reisen","description":"Schottland ist das Zuhause von Britanniens spektakul\u00e4rster Landschaft, die den h\u00f6chsten Berg, den Ben Nevis, mit umfasst, den tiefsten See, Loch Morar, die h\u00f6chsten B\u00e4ume und die abgelegendsten Gebiete voller Wildheit. In den Cairngorms finden Sie Britanniens h\u00f6chste Berge mit sechs Gipfeln, die mehr als 1220 Meter hoch sind. Im Herzen der Cairngorms liegt Aviemore, Ausgangspunkt f\u00fcr viele Aktivit\u00e4ten in den Bergen. Im Sommer erm\u00f6glicht die Sesselbahn einen leichteren Aufstieg in die Berge!","robots":{"index":"index","follow":"follow","max-snippet":"max-snippet:-1","max-image-preview":"max-image-preview:large","max-video-preview":"max-video-preview:-1"},"canonical":"https:\/\/www.urlaubcornwall.de\/blog\/ferienhaeuser-meer-schoensten-doerfer-und-kuestenstaedte-schottlands\/","og_locale":"en_US","og_type":"article","og_title":"Ferienh\u00e4user am Meer Schottland - Sch\u00f6nsten D\u00f6rfer und K\u00fcstenst\u00e4dte - Urlaub &amp; Reisen","og_description":"Schottland ist das Zuhause von Britanniens spektakul\u00e4rster Landschaft, die den h\u00f6chsten Berg, den Ben Nevis, mit umfasst, den tiefsten See, Loch Morar, die h\u00f6chsten B\u00e4ume und die abgelegendsten Gebiete voller Wildheit. In den Cairngorms finden Sie Britanniens h\u00f6chste Berge mit sechs Gipfeln, die mehr als 1220 Meter hoch sind. Im Herzen der Cairngorms liegt Aviemore, Ausgangspunkt f\u00fcr viele Aktivit\u00e4ten in den Bergen. Im Sommer erm\u00f6glicht die Sesselbahn einen leichteren Aufstieg in die Berge!","og_url":"https:\/\/www.urlaubcornwall.de\/blog\/ferienhaeuser-meer-schoensten-doerfer-und-kuestenstaedte-schottlands\/","og_site_name":"Urlaub &amp; Reisen","article_modified_time":"2024-04-15T14:37:49+00:00","og_image":[{"url":"https:\/\/www.urlaubcornwall.de\/blog\/wp-content\/uploads\/2016\/11\/urlaub-oban-schottland.jpg"}],"twitter_card":"summary","twitter_misc":{"Est. reading time":"2 minutes"},"schema":{"@context":"https:\/\/schema.org","@graph":[{"@type":"WebSite","@id":"https:\/\/www.urlaubcornwall.de\/blog\/#website","url":"https:\/\/www.urlaubcornwall.de\/blog\/","name":"Urlaub &amp; Reisen","description":"Urlaub, Reisen, Cornwall und S\u00fcdengland: eine perfekte Kombination","potentialAction":[{"@type":"SearchAction","target":{"@type":"EntryPoint","urlTemplate":"https:\/\/www.urlaubcornwall.de\/blog\/?s={search_term_string}"},"query-input":"required name=search_term_string"}],"inLanguage":"en-US"},{"@type":"WebPage","@id":"https:\/\/www.urlaubcornwall.de\/blog\/ferienhaeuser-meer-schoensten-doerfer-und-kuestenstaedte-schottlands\/","url":"https:\/\/www.urlaubcornwall.de\/blog\/ferienhaeuser-meer-schoensten-doerfer-und-kuestenstaedte-schottlands\/","name":"Ferienh\u00e4user am Meer Schottland - Sch\u00f6nsten D\u00f6rfer und K\u00fcstenst\u00e4dte - Urlaub &amp; Reisen","isPartOf":{"@id":"https:\/\/www.urlaubcornwall.de\/blog\/#website"},"datePublished":"2017-10-23T14:53:52+00:00","dateModified":"2024-04-15T14:37:49+00:00","description":"Schottland ist das Zuhause von Britanniens spektakul\u00e4rster Landschaft, die den h\u00f6chsten Berg, den Ben Nevis, mit umfasst, den tiefsten See, Loch Morar, die h\u00f6chsten B\u00e4ume und die abgelegendsten Gebiete voller Wildheit. In den Cairngorms finden Sie Britanniens h\u00f6chste Berge mit sechs Gipfeln, die mehr als 1220 Meter hoch sind. Im Herzen der Cairngorms liegt Aviemore, Ausgangspunkt f\u00fcr viele Aktivit\u00e4ten in den Bergen. Im Sommer erm\u00f6glicht die Sesselbahn einen leichteren Aufstieg in die Berge!","breadcrumb":{"@id":"https:\/\/www.urlaubcornwall.de\/blog\/ferienhaeuser-meer-schoensten-doerfer-und-kuestenstaedte-schottlands\/#breadcrumb"},"inLanguage":"en-US","potentialAction":[{"@type":"ReadAction","target":["https:\/\/www.urlaubcornwall.de\/blog\/ferienhaeuser-meer-schoensten-doerfer-und-kuestenstaedte-schottlands\/"]}]},{"@type":"BreadcrumbList","@id":"https:\/\/www.urlaubcornwall.de\/blog\/ferienhaeuser-meer-schoensten-doerfer-und-kuestenstaedte-schottlands\/#breadcrumb","itemListElement":[{"@type":"ListItem","position":1,"name":"Home","item":"https:\/\/www.urlaubcornwall.de\/blog\/"},{"@type":"ListItem","position":2,"name":"Ferienh\u00e4user am Meer Schottland &#8211; Sch\u00f6nsten D\u00f6rfer und K\u00fcstenst\u00e4dte"}]}]}},"_links":{"self":[{"href":"https:\/\/www.urlaubcornwall.de\/blog\/wp-json\/wp\/v2\/pages\/29951"}],"collection":[{"href":"https:\/\/www.urlaubcornwall.de\/blog\/wp-json\/wp\/v2\/pages"}],"about":[{"href":"https:\/\/www.urlaubcornwall.de\/blog\/wp-json\/wp\/v2\/types\/page"}],"author":[{"embeddable":true,"href":"https:\/\/www.urlaubcornwall.de\/blog\/wp-json\/wp\/v2\/users\/1"}],"replies":[{"embeddable":true,"href":"https:\/\/www.urlaubcornwall.de\/blog\/wp-json\/wp\/v2\/comments?post=29951"}],"version-history":[{"count":12,"href":"https:\/\/www.urlaubcornwall.de\/blog\/wp-json\/wp\/v2\/pages\/29951\/revisions"}],"predecessor-version":[{"id":49583,"href":"https:\/\/www.urlaubcornwall.de\/blog\/wp-json\/wp\/v2\/pages\/29951\/revisions\/49583"}],"wp:attachment":[{"href":"https:\/\/www.urlaubcornwall.de\/blog\/wp-json\/wp\/v2\/media?parent=29951"}],"curies":[{"name":"wp","href":"https:\/\/api.w.org\/{rel}","templated":true}]}}