{"id":29933,"date":"2017-10-22T10:42:58","date_gmt":"2017-10-22T10:42:58","guid":{"rendered":"https:\/\/www.urlaubcornwall.de\/blog\/?page_id=29933"},"modified":"2019-01-25T15:23:04","modified_gmt":"2019-01-25T15:23:04","slug":"hundefreundliche-ferienhaeuser-der-naehe-der-besten-straende-cornwalls-kueste","status":"publish","type":"page","link":"https:\/\/www.urlaubcornwall.de\/blog\/hundefreundliche-ferienhaeuser-der-naehe-der-besten-straende-cornwalls-kueste\/","title":{"rendered":"Hundefreundliche Ferienh\u00e4user in der N\u00e4he der besten Str\u00e4nde an Cornwalls K\u00fcste"},"content":{"rendered":"<p><img loading=\"lazy\" class=\"aligncenter size-full wp-image-28557\" src=\"https:\/\/www.urlaubcornwall.de\/blog\/wp-content\/uploads\/2017\/08\/Porth-Chapel-strand-Cornwall.jpg\" alt=\"ferienhaus mit hund cornwall strand\" height=\"353\" width=\"748\" srcset=\"https:\/\/www.urlaubcornwall.de\/blog\/wp-content\/uploads\/2017\/08\/Porth-Chapel-strand-Cornwall.jpg 745w, https:\/\/www.urlaubcornwall.de\/blog\/wp-content\/uploads\/2017\/08\/Porth-Chapel-strand-Cornwall-300x142.jpg 300w\" sizes=\"(max-width: 748px) 100vw, 748px\" \/><br \/>\n<strong>Bei uns finden Sie Ferienh\u00e4user mit Hund zum Verlieben &#8211; so einfach ist das! <\/strong> &#8211; Mit dem Hund in den Urlaub zu fahren ist immer ein sch\u00f6nes Erlebnis, aber in Cornwall mit seinen herrlichen Landschaften &amp; K\u00fcste ist ein Urlaub mit dem vierbeinigen Freund einfach traumhaft. Nach einem aufregenden Tag im Freien kann Ihre gesamte Familie den Abend entspannt zusammen in Ihrem fantastischen Ferienhaus ausklingen lassen.<\/p>\n<div class=\"snippet\"> <a class=\"featured-item\" href=\"https:\/\/www.urlaubcornwall.de\/ferienhaeuser\/cornwall.php\"> <span class=\"image-holder\" style=\"background-image: url('https:\/\/www.urlaubcornwall.de\/blog\/wp-content\/uploads\/2018\/12\/familienurlaub-corwnall-snippet.jpg');\"><\/span> <span class=\"featured-content\"> \n<h2 class=\"featured-title\">Ferienh\u00e4user, Ferienwohnungen &#038; Cottages in Cornwall<\/h2>\n<p class=\"featured-body\">Cornwall besitzt mehr K\u00fcstenlinien als jede andere Grafschaft und bietet einige der besten Str\u00e4nde, K\u00fcstenwanderwege und Klippenlandschaften, die man \u00fcberhaupt finden kann&#8230; <\/p><\/span> <span class=\"featured-link-holder\"> <span class=\"featured-extra-info\"> \n<p>F\u00fcr Paare, Familien &#038; Gruppen<\/p>\n<\/span> \n<p class=\"featured-link\">DETAILS<\/p>\n<\/span> <\/a><\/div>\n<p><a href=\"https:\/\/www.urlaubcornwall.de\/ferienhaeuser\/cornwall.php\">Cornwall<\/a> ist bekannt f\u00fcr die Qualit\u00e4t und Vielfalt an Str\u00e4nden. Die langen Sandstr\u00e4nde der Nordk\u00fcste wie Perranporth und Godrevy bieten hervorragende Surfbedingungen und eignen sich an einem st\u00fcrmischen Wintertag gro\u00dfartig f\u00fcr Spazierg\u00e4nge. <\/p>\n<p>Die gesch\u00fctzteren Sandbuchten der S\u00fcdk\u00fcste, wie Porthcurno und Praa Sands bieten ausgezeichnete Schwimmbedingungen und Schutz vor den kalten Nordwinden. Abgelegene Str\u00e4nde wie Harlyn and Kynance bieten die M\u00f6glichkeit, tats\u00e4chlich allem zu entfliehen, w\u00e4hrend es sich an lebendigen Stadtstr\u00e4nden wie Marazion and Porthmeor einen Tag lang verbringen l\u00e4sst mit den zahlreichen Cafes, Restaurants und Galerien, die allesamt zu Fu\u00df leicht erreichbar sind. Wir haben die beste Auswahl handverlesener und pers\u00f6nlich inspizierter <a href=\"https:\/\/www.urlaubcornwall.de\/ferienhaeuser\/cornwall.php\">Strandh\u00e4user, Ferienh\u00e4user and Ferienwohnungen in Cornwall<\/a>.<\/p>\n<p style=\"text-align: center;\"><strong><span id=\"result_box\" class=\"short_text\" lang=\"de\"><span class=\"\">Cornwalls sch\u00f6nsten Str\u00e4nde<\/span><\/span><\/strong><\/p>\n<table width=\"740\">\n<tbody>\n<tr>\n<td width=\"114\"><strong><a href=\"https:\/\/www.urlaubcornwall.de\/ferienhaeuser-fewos\/bedruthan-steps-mit-hund.html\">Bedruthan Steps<\/a><\/strong><\/td>\n<td width=\"140\"><strong><a href=\"https:\/\/www.urlaubcornwall.de\/ferienhaeuser-fewos\/harlyn-bay-strand-mit-hund.html\">Harlyn Bay, Padstow<\/a><span style=\"text-decoration: underline;\"><br \/>\n<\/span><\/strong><\/td>\n<td width=\"140\"><strong><a href=\"https:\/\/www.urlaubcornwall.de\/ferienhaeuser-fewos\/polkerris-strand-mit-hund.html\">Polkerris<\/a><\/strong><\/td>\n<td width=\"132\"><strong><a href=\"http:\/\/www.urlaubcornwall.de\/ferienhaeuser-fewos\/sennen.html\">Sennen, Lands End<\/a><span style=\"text-decoration: underline;\"><br \/>\n<\/span><\/strong><\/td>\n<\/tr>\n<tr>\n<td><strong><a href=\"https:\/\/www.urlaubcornwall.de\/ferienhaeuser-fewos\/chapel-porth-mit-hund.html\">Chapel Porth<\/a><a href=\"http:\/\/www.urlaubcornwall.de\/ferienhaeuser-fewos\/chapel-porth.html\"><\/a><\/strong><\/td>\n<td><strong><a href=\"https:\/\/www.urlaubcornwall.de\/ferienhaeuser-fewos\/holywell-bay-mit-hund.html\">Holywell Bay<\/a><\/strong><\/td>\n<td><strong><a href=\"http:\/\/www.urlaubcornwall.de\/ferienhaeuser-fewos\/polurrian-bucht-strand.html\"><\/a><\/strong><\/td>\n<td><strong><a href=\"https:\/\/www.urlaubcornwall.de\/ferienhaeuser-fewos\/summerleaze-mit-hund.html\">Summerleaze, Bude<\/a><\/strong><\/td>\n<\/tr>\n<tr>\n<td><strong><a href=\"https:\/\/www.urlaubcornwall.de\/ferienhaeuser-fewos\/constantine-mit-hund.html\">Constantine Bay<\/a><\/strong><\/td>\n<td><strong><a href=\"https:\/\/www.urlaubcornwall.de\/ferienhaeuser-fewos\/kynance-bucht-mit-hund.html\">Kynance Bucht, Lizard<\/a><\/strong><\/td>\n<td><strong><a href=\"https:\/\/www.urlaubcornwall.de\/ferienhaeuser-fewos\/porthkidney-st-ives-mit-hund.html\">Porthkindney, St Ives<\/a><a href=\"http:\/\/www.urlaubcornwall.de\/ferienhaeuser-fewos\/porthkidney-st-ives.html\"><\/a><\/strong><\/td>\n<td><strong><a href=\"https:\/\/www.urlaubcornwall.de\/ferienhaeuser-fewos\/swanpool-strand-falmouth-mit-hund.html\">Swanpool, Falmouth<\/a><a href=\"http:\/\/www.urlaubcornwall.de\/ferienhaeuser-fewos\/swanpool-strand-falmouth.html\"><\/a><\/strong><\/td>\n<\/tr>\n<tr>\n<td><strong><a href=\"https:\/\/www.urlaubcornwall.de\/ferienhaeuser-fewos\/daymer-bay-strand-mit-hund.html\">Daymer Bay, Rock<\/a><\/strong><\/td>\n<td><strong><a href=\"https:\/\/www.urlaubcornwall.de\/ferienhaeuser-fewos\/lusty-glaze-strand-mit-hund.html\">Lusty Glaze, Newquay<\/a><\/strong><\/td>\n<td><strong><a href=\"https:\/\/www.urlaubcornwall.de\/ferienhaeuser-fewos\/porthminster-strand-st-ives-mit-hund.html\">Porthminster St Ives<\/a><\/strong><\/td>\n<td><strong><a href=\"https:\/\/www.urlaubcornwall.de\/ferienhaeuser-fewos\/tolcarne-strand-mit-hund.html\">Tolcarne, Newquay<\/a><\/strong><\/td>\n<\/tr>\n<tr>\n<td><strong><a href=\"https:\/\/www.urlaubcornwall.de\/ferienhaeuser-fewos\/fistral-strand-newquay-mit-hund.html\">Fistral Strand, Newquay<\/a><\/strong><\/td>\n<td><strong><a href=\"https:\/\/www.urlaubcornwall.de\/ferienhaeuser-fewos\/pedn-vounder-mit-hund.html\">Pedn Vounder<\/a><\/strong><\/td>\n<td><strong><a href=\"https:\/\/www.urlaubcornwall.de\/ferienhaeuser-fewos\/portloe-strand-mit-hund.html\">Portloe<\/a><\/strong><\/td>\n<td><strong><a href=\"https:\/\/www.urlaubcornwall.de\/ferienhaeuser-fewos\/vault-strand-mit-hund.html\">Vault Strand<\/a><\/strong><\/td>\n<\/tr>\n<tr>\n<td><strong><a href=\"https:\/\/www.urlaubcornwall.de\/ferienhaeuser-fewos\/gyllyngvase-strand-falmouth-mit-hund.html\">Gyllyngvase, Falmouth<\/a><\/strong><\/td>\n<td><strong><a href=\"https:\/\/www.urlaubcornwall.de\/ferienhaeuser-fewos\/pentewan-mit-hund.html\">Pentewan, Mevagissey<\/a><\/strong><\/td>\n<td><strong><a href=\"https:\/\/www.urlaubcornwall.de\/ferienhaeuser-fewos\/porthmeor-st-ives-mit-hund.html\">Porthmeor, St Ives<\/a><\/strong><\/td>\n<td><strong><a href=\"https:\/\/www.urlaubcornwall.de\/ferienhaeuser-fewos\/watergate-bay-mit-hund.html\">Watergate Bay<\/a><\/strong><\/td>\n<\/tr>\n<\/tbody>\n<\/table>\n<p style=\"text-align: center;\"><strong>&nbsp;<\/strong><\/p>\n\n<p><iframe loading=\"lazy\" src=\"https:\/\/www.google.com\/maps\/d\/embed?mid=zPZ6ttwx7pSg.kRG6ma2sCN9k\" height=\"480\" width=\"700\"><\/iframe><\/p>\n","protected":false},"excerpt":{"rendered":"<p>Bei uns finden Sie Ferienh\u00e4user mit Hund zum Verlieben &#8211; so einfach ist das! &#8211; Mit dem Hund in den Urlaub zu fahren ist immer ein sch\u00f6nes Erlebnis, aber in Cornwall mit seinen herrlichen Landschaften &amp; K\u00fcste ist ein Urlaub mit dem vierbeinigen Freund einfach traumhaft. Nach einem aufregenden Tag im Freien kann Ihre gesamte [&hellip;]<\/p>\n","protected":false},"author":1,"featured_media":0,"parent":0,"menu_order":0,"comment_status":"closed","ping_status":"closed","template":"single-four.php","meta":[],"acf":[],"yoast_head":"<!-- This site is optimized with the Yoast SEO plugin v19.4 - https:\/\/yoast.com\/wordpress\/plugins\/seo\/ -->\n<title>Hundefreundliche Ferienh\u00e4user in der N\u00e4he der besten Str\u00e4nde an Cornwalls K\u00fcste - Urlaub &amp; Reisen<\/title>\n<meta name=\"robots\" content=\"index, follow, max-snippet:-1, max-image-preview:large, max-video-preview:-1\" \/>\n<link rel=\"canonical\" href=\"https:\/\/www.urlaubcornwall.de\/blog\/hundefreundliche-ferienhaeuser-der-naehe-der-besten-straende-cornwalls-kueste\/\" \/>\n<meta property=\"og:locale\" content=\"en_US\" \/>\n<meta property=\"og:type\" content=\"article\" \/>\n<meta property=\"og:title\" content=\"Hundefreundliche Ferienh\u00e4user in der N\u00e4he der besten Str\u00e4nde an Cornwalls K\u00fcste - Urlaub &amp; Reisen\" \/>\n<meta property=\"og:description\" content=\"Bei uns finden Sie Ferienh\u00e4user mit Hund zum Verlieben &#8211; so einfach ist das! &#8211; Mit dem Hund in den Urlaub zu fahren ist immer ein sch\u00f6nes Erlebnis, aber in Cornwall mit seinen herrlichen Landschaften &amp; K\u00fcste ist ein Urlaub mit dem vierbeinigen Freund einfach traumhaft. Nach einem aufregenden Tag im Freien kann Ihre gesamte [&hellip;]\" \/>\n<meta property=\"og:url\" content=\"https:\/\/www.urlaubcornwall.de\/blog\/hundefreundliche-ferienhaeuser-der-naehe-der-besten-straende-cornwalls-kueste\/\" \/>\n<meta property=\"og:site_name\" content=\"Urlaub &amp; Reisen\" \/>\n<meta property=\"article:modified_time\" content=\"2019-01-25T15:23:04+00:00\" \/>\n<meta property=\"og:image\" content=\"https:\/\/www.urlaubcornwall.de\/blog\/wp-content\/uploads\/2017\/08\/Porth-Chapel-strand-Cornwall.jpg\" \/>\n<meta name=\"twitter:card\" content=\"summary\" \/>\n<meta name=\"twitter:label1\" content=\"Est. reading time\" \/>\n\t<meta name=\"twitter:data1\" content=\"1 minute\" \/>\n<script type=\"application\/ld+json\" class=\"yoast-schema-graph\">{\"@context\":\"https:\/\/schema.org\",\"@graph\":[{\"@type\":\"WebSite\",\"@id\":\"https:\/\/www.urlaubcornwall.de\/blog\/#website\",\"url\":\"https:\/\/www.urlaubcornwall.de\/blog\/\",\"name\":\"Urlaub &amp; Reisen\",\"description\":\"Urlaub, Reisen, Cornwall und S\u00fcdengland: eine perfekte Kombination\",\"potentialAction\":[{\"@type\":\"SearchAction\",\"target\":{\"@type\":\"EntryPoint\",\"urlTemplate\":\"https:\/\/www.urlaubcornwall.de\/blog\/?s={search_term_string}\"},\"query-input\":\"required name=search_term_string\"}],\"inLanguage\":\"en-US\"},{\"@type\":\"WebPage\",\"@id\":\"https:\/\/www.urlaubcornwall.de\/blog\/hundefreundliche-ferienhaeuser-der-naehe-der-besten-straende-cornwalls-kueste\/\",\"url\":\"https:\/\/www.urlaubcornwall.de\/blog\/hundefreundliche-ferienhaeuser-der-naehe-der-besten-straende-cornwalls-kueste\/\",\"name\":\"Hundefreundliche Ferienh\u00e4user in der N\u00e4he der besten Str\u00e4nde an Cornwalls K\u00fcste - Urlaub &amp; Reisen\",\"isPartOf\":{\"@id\":\"https:\/\/www.urlaubcornwall.de\/blog\/#website\"},\"datePublished\":\"2017-10-22T10:42:58+00:00\",\"dateModified\":\"2019-01-25T15:23:04+00:00\",\"breadcrumb\":{\"@id\":\"https:\/\/www.urlaubcornwall.de\/blog\/hundefreundliche-ferienhaeuser-der-naehe-der-besten-straende-cornwalls-kueste\/#breadcrumb\"},\"inLanguage\":\"en-US\",\"potentialAction\":[{\"@type\":\"ReadAction\",\"target\":[\"https:\/\/www.urlaubcornwall.de\/blog\/hundefreundliche-ferienhaeuser-der-naehe-der-besten-straende-cornwalls-kueste\/\"]}]},{\"@type\":\"BreadcrumbList\",\"@id\":\"https:\/\/www.urlaubcornwall.de\/blog\/hundefreundliche-ferienhaeuser-der-naehe-der-besten-straende-cornwalls-kueste\/#breadcrumb\",\"itemListElement\":[{\"@type\":\"ListItem\",\"position\":1,\"name\":\"Home\",\"item\":\"https:\/\/www.urlaubcornwall.de\/blog\/\"},{\"@type\":\"ListItem\",\"position\":2,\"name\":\"Hundefreundliche Ferienh\u00e4user in der N\u00e4he der besten Str\u00e4nde an Cornwalls K\u00fcste\"}]}]}<\/script>\n<!-- \/ Yoast SEO plugin. -->","yoast_head_json":{"title":"Hundefreundliche Ferienh\u00e4user in der N\u00e4he der besten Str\u00e4nde an Cornwalls K\u00fcste - Urlaub &amp; Reisen","robots":{"index":"index","follow":"follow","max-snippet":"max-snippet:-1","max-image-preview":"max-image-preview:large","max-video-preview":"max-video-preview:-1"},"canonical":"https:\/\/www.urlaubcornwall.de\/blog\/hundefreundliche-ferienhaeuser-der-naehe-der-besten-straende-cornwalls-kueste\/","og_locale":"en_US","og_type":"article","og_title":"Hundefreundliche Ferienh\u00e4user in der N\u00e4he der besten Str\u00e4nde an Cornwalls K\u00fcste - Urlaub &amp; Reisen","og_description":"Bei uns finden Sie Ferienh\u00e4user mit Hund zum Verlieben &#8211; so einfach ist das! &#8211; Mit dem Hund in den Urlaub zu fahren ist immer ein sch\u00f6nes Erlebnis, aber in Cornwall mit seinen herrlichen Landschaften &amp; K\u00fcste ist ein Urlaub mit dem vierbeinigen Freund einfach traumhaft. Nach einem aufregenden Tag im Freien kann Ihre gesamte [&hellip;]","og_url":"https:\/\/www.urlaubcornwall.de\/blog\/hundefreundliche-ferienhaeuser-der-naehe-der-besten-straende-cornwalls-kueste\/","og_site_name":"Urlaub &amp; Reisen","article_modified_time":"2019-01-25T15:23:04+00:00","og_image":[{"url":"https:\/\/www.urlaubcornwall.de\/blog\/wp-content\/uploads\/2017\/08\/Porth-Chapel-strand-Cornwall.jpg"}],"twitter_card":"summary","twitter_misc":{"Est. reading time":"1 minute"},"schema":{"@context":"https:\/\/schema.org","@graph":[{"@type":"WebSite","@id":"https:\/\/www.urlaubcornwall.de\/blog\/#website","url":"https:\/\/www.urlaubcornwall.de\/blog\/","name":"Urlaub &amp; Reisen","description":"Urlaub, Reisen, Cornwall und S\u00fcdengland: eine perfekte Kombination","potentialAction":[{"@type":"SearchAction","target":{"@type":"EntryPoint","urlTemplate":"https:\/\/www.urlaubcornwall.de\/blog\/?s={search_term_string}"},"query-input":"required name=search_term_string"}],"inLanguage":"en-US"},{"@type":"WebPage","@id":"https:\/\/www.urlaubcornwall.de\/blog\/hundefreundliche-ferienhaeuser-der-naehe-der-besten-straende-cornwalls-kueste\/","url":"https:\/\/www.urlaubcornwall.de\/blog\/hundefreundliche-ferienhaeuser-der-naehe-der-besten-straende-cornwalls-kueste\/","name":"Hundefreundliche Ferienh\u00e4user in der N\u00e4he der besten Str\u00e4nde an Cornwalls K\u00fcste - Urlaub &amp; Reisen","isPartOf":{"@id":"https:\/\/www.urlaubcornwall.de\/blog\/#website"},"datePublished":"2017-10-22T10:42:58+00:00","dateModified":"2019-01-25T15:23:04+00:00","breadcrumb":{"@id":"https:\/\/www.urlaubcornwall.de\/blog\/hundefreundliche-ferienhaeuser-der-naehe-der-besten-straende-cornwalls-kueste\/#breadcrumb"},"inLanguage":"en-US","potentialAction":[{"@type":"ReadAction","target":["https:\/\/www.urlaubcornwall.de\/blog\/hundefreundliche-ferienhaeuser-der-naehe-der-besten-straende-cornwalls-kueste\/"]}]},{"@type":"BreadcrumbList","@id":"https:\/\/www.urlaubcornwall.de\/blog\/hundefreundliche-ferienhaeuser-der-naehe-der-besten-straende-cornwalls-kueste\/#breadcrumb","itemListElement":[{"@type":"ListItem","position":1,"name":"Home","item":"https:\/\/www.urlaubcornwall.de\/blog\/"},{"@type":"ListItem","position":2,"name":"Hundefreundliche Ferienh\u00e4user in der N\u00e4he der besten Str\u00e4nde an Cornwalls K\u00fcste"}]}]}},"_links":{"self":[{"href":"https:\/\/www.urlaubcornwall.de\/blog\/wp-json\/wp\/v2\/pages\/29933"}],"collection":[{"href":"https:\/\/www.urlaubcornwall.de\/blog\/wp-json\/wp\/v2\/pages"}],"about":[{"href":"https:\/\/www.urlaubcornwall.de\/blog\/wp-json\/wp\/v2\/types\/page"}],"author":[{"embeddable":true,"href":"https:\/\/www.urlaubcornwall.de\/blog\/wp-json\/wp\/v2\/users\/1"}],"replies":[{"embeddable":true,"href":"https:\/\/www.urlaubcornwall.de\/blog\/wp-json\/wp\/v2\/comments?post=29933"}],"version-history":[{"count":5,"href":"https:\/\/www.urlaubcornwall.de\/blog\/wp-json\/wp\/v2\/pages\/29933\/revisions"}],"predecessor-version":[{"id":35338,"href":"https:\/\/www.urlaubcornwall.de\/blog\/wp-json\/wp\/v2\/pages\/29933\/revisions\/35338"}],"wp:attachment":[{"href":"https:\/\/www.urlaubcornwall.de\/blog\/wp-json\/wp\/v2\/media?parent=29933"}],"curies":[{"name":"wp","href":"https:\/\/api.w.org\/{rel}","templated":true}]}}