{"id":29901,"date":"2017-10-20T13:33:56","date_gmt":"2017-10-20T13:33:56","guid":{"rendered":"https:\/\/www.urlaubcornwall.de\/blog\/?page_id=29901"},"modified":"2019-04-02T15:22:44","modified_gmt":"2019-04-02T15:22:44","slug":"ferienhaeuser-carmarthenshire-mit-hund","status":"publish","type":"page","link":"https:\/\/www.urlaubcornwall.de\/blog\/ferienhaeuser-carmarthenshire-mit-hund\/","title":{"rendered":"Ferienh\u00e4user mit Hund in Carmarthenshire &#038; Carmarthen Bucht"},"content":{"rendered":"<p><img loading=\"lazy\" class=\"aligncenter size-full wp-image-27944\" src=\"https:\/\/www.urlaubcornwall.de\/blog\/wp-content\/uploads\/2017\/06\/Whitesands-Beach-Pembrokeshire-wales-1.jpg\" alt=\"Carmarthenshire strand mit hund\" height=\"408\" width=\"746\" srcset=\"https:\/\/www.urlaubcornwall.de\/blog\/wp-content\/uploads\/2017\/06\/Whitesands-Beach-Pembrokeshire-wales-1.jpg 746w, https:\/\/www.urlaubcornwall.de\/blog\/wp-content\/uploads\/2017\/06\/Whitesands-Beach-Pembrokeshire-wales-1-300x164.jpg 300w\" sizes=\"(max-width: 746px) 100vw, 746px\" \/><br \/>\n<strong>Bei uns finden Sie Hundefreundliche Ferienh\u00e4user zum Verlieben \u2013 so einfach ist das!<\/strong><\/p>\n<p style=\"text-align: center;\">UrlaubCornwall verf\u00fcgt Ferienh\u00e4user und Ferienwohnungen in Carmarthenshire &amp; Carmarthen Bucht f\u00fcr Ihren <a href=\"https:\/\/www.urlaubcornwall.de\/reiseziel\/wales.php\">Urlaub in Wales<\/a>. Unterk\u00fcnfte der Spitzenklasse f\u00fcr 2 Personen, Familien und Gruppen mit 4, 6, 8, 10 oder 12 G\u00e4sten mit Hund.<\/p>\n<p style=\"text-align: center;\"><a class=\"tidycta\" href=\"https:\/\/www.urlaubcornwall.de\/ferienhaeuser-fewos\/wal\/westwales\/westwales-hundefreundlich.html\">Ferienh\u00e4user Westwales mit Hund<\/a><\/p>\n<p style=\"text-align: center;\">UrlaubCornwall.de hat eine einzigartige Sammlung pers\u00f6nlich inspizierter <a href=\"https:\/\/www.urlaubcornwall.de\/ferienhaeuser\/wales.php\">Ferienh\u00e4user und Ferienwohnungen in Wales<\/a>, <a href=\"https:\/\/www.urlaubcornwall.de\/ferienhaueser\/suedengland.php\">S\u00fcdengland<\/a> und nun auch im gesamten Gro\u00dfbritannien.<\/p>\n","protected":false},"excerpt":{"rendered":"<p>Bei uns finden Sie Hundefreundliche Ferienh\u00e4user zum Verlieben \u2013 so einfach ist das! UrlaubCornwall verf\u00fcgt Ferienh\u00e4user und Ferienwohnungen in Carmarthenshire &amp; Carmarthen Bucht f\u00fcr Ihren Urlaub in Wales. Unterk\u00fcnfte der Spitzenklasse f\u00fcr 2 Personen, Familien und Gruppen mit 4, 6, 8, 10 oder 12 G\u00e4sten mit Hund. Ferienh\u00e4user Westwales mit Hund UrlaubCornwall.de hat eine einzigartige [&hellip;]<\/p>\n","protected":false},"author":1,"featured_media":0,"parent":0,"menu_order":0,"comment_status":"closed","ping_status":"closed","template":"single-four.php","meta":[],"acf":[],"yoast_head":"<!-- This site is optimized with the Yoast SEO plugin v19.4 - https:\/\/yoast.com\/wordpress\/plugins\/seo\/ -->\n<title>Ferienh\u00e4user mit Hund in Carmarthenshire &amp; Carmarthen Bucht - Urlaub &amp; Reisen<\/title>\n<meta name=\"robots\" content=\"index, follow, max-snippet:-1, max-image-preview:large, max-video-preview:-1\" \/>\n<link rel=\"canonical\" href=\"https:\/\/www.urlaubcornwall.de\/blog\/ferienhaeuser-carmarthenshire-mit-hund\/\" \/>\n<meta property=\"og:locale\" content=\"en_US\" \/>\n<meta property=\"og:type\" content=\"article\" \/>\n<meta property=\"og:title\" content=\"Ferienh\u00e4user mit Hund in Carmarthenshire &amp; Carmarthen Bucht - Urlaub &amp; Reisen\" \/>\n<meta property=\"og:description\" content=\"Bei uns finden Sie Hundefreundliche Ferienh\u00e4user zum Verlieben \u2013 so einfach ist das! UrlaubCornwall verf\u00fcgt Ferienh\u00e4user und Ferienwohnungen in Carmarthenshire &amp; Carmarthen Bucht f\u00fcr Ihren Urlaub in Wales. Unterk\u00fcnfte der Spitzenklasse f\u00fcr 2 Personen, Familien und Gruppen mit 4, 6, 8, 10 oder 12 G\u00e4sten mit Hund. Ferienh\u00e4user Westwales mit Hund UrlaubCornwall.de hat eine einzigartige [&hellip;]\" \/>\n<meta property=\"og:url\" content=\"https:\/\/www.urlaubcornwall.de\/blog\/ferienhaeuser-carmarthenshire-mit-hund\/\" \/>\n<meta property=\"og:site_name\" content=\"Urlaub &amp; Reisen\" \/>\n<meta property=\"article:modified_time\" content=\"2019-04-02T15:22:44+00:00\" \/>\n<meta property=\"og:image\" content=\"https:\/\/www.urlaubcornwall.de\/blog\/wp-content\/uploads\/2017\/06\/Whitesands-Beach-Pembrokeshire-wales-1.jpg\" \/>\n<meta name=\"twitter:card\" content=\"summary\" \/>\n<script type=\"application\/ld+json\" class=\"yoast-schema-graph\">{\"@context\":\"https:\/\/schema.org\",\"@graph\":[{\"@type\":\"WebSite\",\"@id\":\"https:\/\/www.urlaubcornwall.de\/blog\/#website\",\"url\":\"https:\/\/www.urlaubcornwall.de\/blog\/\",\"name\":\"Urlaub &amp; Reisen\",\"description\":\"Urlaub, Reisen, Cornwall und S\u00fcdengland: eine perfekte Kombination\",\"potentialAction\":[{\"@type\":\"SearchAction\",\"target\":{\"@type\":\"EntryPoint\",\"urlTemplate\":\"https:\/\/www.urlaubcornwall.de\/blog\/?s={search_term_string}\"},\"query-input\":\"required name=search_term_string\"}],\"inLanguage\":\"en-US\"},{\"@type\":\"WebPage\",\"@id\":\"https:\/\/www.urlaubcornwall.de\/blog\/ferienhaeuser-carmarthenshire-mit-hund\/\",\"url\":\"https:\/\/www.urlaubcornwall.de\/blog\/ferienhaeuser-carmarthenshire-mit-hund\/\",\"name\":\"Ferienh\u00e4user mit Hund in Carmarthenshire & Carmarthen Bucht - Urlaub &amp; Reisen\",\"isPartOf\":{\"@id\":\"https:\/\/www.urlaubcornwall.de\/blog\/#website\"},\"datePublished\":\"2017-10-20T13:33:56+00:00\",\"dateModified\":\"2019-04-02T15:22:44+00:00\",\"breadcrumb\":{\"@id\":\"https:\/\/www.urlaubcornwall.de\/blog\/ferienhaeuser-carmarthenshire-mit-hund\/#breadcrumb\"},\"inLanguage\":\"en-US\",\"potentialAction\":[{\"@type\":\"ReadAction\",\"target\":[\"https:\/\/www.urlaubcornwall.de\/blog\/ferienhaeuser-carmarthenshire-mit-hund\/\"]}]},{\"@type\":\"BreadcrumbList\",\"@id\":\"https:\/\/www.urlaubcornwall.de\/blog\/ferienhaeuser-carmarthenshire-mit-hund\/#breadcrumb\",\"itemListElement\":[{\"@type\":\"ListItem\",\"position\":1,\"name\":\"Home\",\"item\":\"https:\/\/www.urlaubcornwall.de\/blog\/\"},{\"@type\":\"ListItem\",\"position\":2,\"name\":\"Ferienh\u00e4user mit Hund in Carmarthenshire &#038; Carmarthen Bucht\"}]}]}<\/script>\n<!-- \/ Yoast SEO plugin. -->","yoast_head_json":{"title":"Ferienh\u00e4user mit Hund in Carmarthenshire & Carmarthen Bucht - Urlaub &amp; Reisen","robots":{"index":"index","follow":"follow","max-snippet":"max-snippet:-1","max-image-preview":"max-image-preview:large","max-video-preview":"max-video-preview:-1"},"canonical":"https:\/\/www.urlaubcornwall.de\/blog\/ferienhaeuser-carmarthenshire-mit-hund\/","og_locale":"en_US","og_type":"article","og_title":"Ferienh\u00e4user mit Hund in Carmarthenshire & Carmarthen Bucht - Urlaub &amp; Reisen","og_description":"Bei uns finden Sie Hundefreundliche Ferienh\u00e4user zum Verlieben \u2013 so einfach ist das! UrlaubCornwall verf\u00fcgt Ferienh\u00e4user und Ferienwohnungen in Carmarthenshire &amp; Carmarthen Bucht f\u00fcr Ihren Urlaub in Wales. Unterk\u00fcnfte der Spitzenklasse f\u00fcr 2 Personen, Familien und Gruppen mit 4, 6, 8, 10 oder 12 G\u00e4sten mit Hund. Ferienh\u00e4user Westwales mit Hund UrlaubCornwall.de hat eine einzigartige [&hellip;]","og_url":"https:\/\/www.urlaubcornwall.de\/blog\/ferienhaeuser-carmarthenshire-mit-hund\/","og_site_name":"Urlaub &amp; Reisen","article_modified_time":"2019-04-02T15:22:44+00:00","og_image":[{"url":"https:\/\/www.urlaubcornwall.de\/blog\/wp-content\/uploads\/2017\/06\/Whitesands-Beach-Pembrokeshire-wales-1.jpg"}],"twitter_card":"summary","schema":{"@context":"https:\/\/schema.org","@graph":[{"@type":"WebSite","@id":"https:\/\/www.urlaubcornwall.de\/blog\/#website","url":"https:\/\/www.urlaubcornwall.de\/blog\/","name":"Urlaub &amp; Reisen","description":"Urlaub, Reisen, Cornwall und S\u00fcdengland: eine perfekte Kombination","potentialAction":[{"@type":"SearchAction","target":{"@type":"EntryPoint","urlTemplate":"https:\/\/www.urlaubcornwall.de\/blog\/?s={search_term_string}"},"query-input":"required name=search_term_string"}],"inLanguage":"en-US"},{"@type":"WebPage","@id":"https:\/\/www.urlaubcornwall.de\/blog\/ferienhaeuser-carmarthenshire-mit-hund\/","url":"https:\/\/www.urlaubcornwall.de\/blog\/ferienhaeuser-carmarthenshire-mit-hund\/","name":"Ferienh\u00e4user mit Hund in Carmarthenshire & Carmarthen Bucht - Urlaub &amp; Reisen","isPartOf":{"@id":"https:\/\/www.urlaubcornwall.de\/blog\/#website"},"datePublished":"2017-10-20T13:33:56+00:00","dateModified":"2019-04-02T15:22:44+00:00","breadcrumb":{"@id":"https:\/\/www.urlaubcornwall.de\/blog\/ferienhaeuser-carmarthenshire-mit-hund\/#breadcrumb"},"inLanguage":"en-US","potentialAction":[{"@type":"ReadAction","target":["https:\/\/www.urlaubcornwall.de\/blog\/ferienhaeuser-carmarthenshire-mit-hund\/"]}]},{"@type":"BreadcrumbList","@id":"https:\/\/www.urlaubcornwall.de\/blog\/ferienhaeuser-carmarthenshire-mit-hund\/#breadcrumb","itemListElement":[{"@type":"ListItem","position":1,"name":"Home","item":"https:\/\/www.urlaubcornwall.de\/blog\/"},{"@type":"ListItem","position":2,"name":"Ferienh\u00e4user mit Hund in Carmarthenshire &#038; Carmarthen Bucht"}]}]}},"_links":{"self":[{"href":"https:\/\/www.urlaubcornwall.de\/blog\/wp-json\/wp\/v2\/pages\/29901"}],"collection":[{"href":"https:\/\/www.urlaubcornwall.de\/blog\/wp-json\/wp\/v2\/pages"}],"about":[{"href":"https:\/\/www.urlaubcornwall.de\/blog\/wp-json\/wp\/v2\/types\/page"}],"author":[{"embeddable":true,"href":"https:\/\/www.urlaubcornwall.de\/blog\/wp-json\/wp\/v2\/users\/1"}],"replies":[{"embeddable":true,"href":"https:\/\/www.urlaubcornwall.de\/blog\/wp-json\/wp\/v2\/comments?post=29901"}],"version-history":[{"count":4,"href":"https:\/\/www.urlaubcornwall.de\/blog\/wp-json\/wp\/v2\/pages\/29901\/revisions"}],"predecessor-version":[{"id":37259,"href":"https:\/\/www.urlaubcornwall.de\/blog\/wp-json\/wp\/v2\/pages\/29901\/revisions\/37259"}],"wp:attachment":[{"href":"https:\/\/www.urlaubcornwall.de\/blog\/wp-json\/wp\/v2\/media?parent=29901"}],"curies":[{"name":"wp","href":"https:\/\/api.w.org\/{rel}","templated":true}]}}