{"id":29845,"date":"2017-10-19T13:07:51","date_gmt":"2017-10-19T13:07:51","guid":{"rendered":"https:\/\/www.urlaubcornwall.de\/blog\/?page_id=29845"},"modified":"2024-04-04T10:06:40","modified_gmt":"2024-04-04T10:06:40","slug":"ferienhaeuser-selsey-bill-mit-hund-urlaub-kueste-von-sussex","status":"publish","type":"page","link":"https:\/\/www.urlaubcornwall.de\/blog\/ferienhaeuser-selsey-bill-mit-hund-urlaub-kueste-von-sussex\/","title":{"rendered":"Ferienh\u00e4user in Selsey Bill mit Hund &#8211; Urlaub K\u00fcste von Sussex"},"content":{"rendered":"<p><a href=\"https:\/\/www.urlaubcornwall.de\/blog\/wp-content\/uploads\/2024\/03\/white-cliffs-cuckmere-haven-sussex.jpg\"><img loading=\"lazy\" src=\"https:\/\/www.urlaubcornwall.de\/blog\/wp-content\/uploads\/2024\/03\/white-cliffs-cuckmere-haven-sussex.jpg\" alt=\"white cliffs cuckmere haven sussex\" width=\"750\" height=\"563\" class=\"alignnone size-full wp-image-48006\" srcset=\"https:\/\/www.urlaubcornwall.de\/blog\/wp-content\/uploads\/2024\/03\/white-cliffs-cuckmere-haven-sussex.jpg 750w, https:\/\/www.urlaubcornwall.de\/blog\/wp-content\/uploads\/2024\/03\/white-cliffs-cuckmere-haven-sussex-300x225.jpg 300w\" sizes=\"(max-width: 750px) 100vw, 750px\" \/><\/a><br \/>\n<strong>Bei uns finden Sie Hundefreundliche Ferienh\u00e4user in Selsey Bill zum Verlieben &#8211; so einfach ist das!<\/strong><\/p>\n<p><a href=\"https:\/\/www.urlaubcornwall.de\/ferienhaeuser\/sussex.php\">Ferienh\u00e4user&nbsp;und Ferienwohnungen in der N\u00e4he <\/a><a href=\"https:\/\/www.urlaubcornwall.de\/ferienhaeuser-fewos\/eng\/sussex\/sussex-hundefreundlich.html\">Selsey Bill<\/a> &#8211; Sussex ist bekannt f\u00fcr seine historische K\u00fcste, die wundersch\u00f6nen South Downs und sie umgebende Landschaft, sowie seine vielf\u00e4ltigen St\u00e4dte und Ortschaften. Die K\u00fcste von Sussex beinhaltet hervorragenden Blick, wie zu den Seven Sisters hin und klassische Urlaubsorte am Meer wie <a href=\"https:\/\/www.urlaubcornwall.de\/blog\/urlaub-in-eastbourne-sussex-sehenswuerdigkeiten-unterkunft-und-geschichte\/\">Eastbourne<\/a>, Worthing und Bognor Regis.<\/p>\n<p style=\"text-align: center;\"><a class=\"tidycta\" href=\"https:\/\/www.urlaubcornwall.de\/ferienhaeuser-fewos\/eng\/sussex\/sussex-hundefreundlich.html\">Ferienh\u00e4user Sussex mit Hund<\/a><\/p>\n<p style=\"text-align: center;\">Mit dem Hund in den Urlaub zu fahren ist immer ein sch\u00f6nes Erlebnis, aber in Selsey Bill mit seinen herrlichen Landschaften &amp; K\u00fcste ist ein Urlaub in Sussex mit dem vierbeinigen Freund einfach traumhaft. Nach einem aufregenden Tag im Freien kann Ihre gesamte Familie den Abend entspannt zusammen in Ihrem fantastischen Ferienhaus ausklingen lassen.<\/p>\n<p style=\"text-align: center;\">UrlaubCornwall verf\u00fcgt Ferienh\u00e4user und Ferienwohnungen f\u00fcr Ihren <a href=\"https:\/\/www.urlaubcornwall.de\/reiseziel\/suedengland.php\">Urlaub in S\u00fcdengland<\/a>. Unterk\u00fcnfte der Spitzenklasse f\u00fcr 2 Personen, Familien und Gruppen mit 4, 6, 8, 10 oder 12 G\u00e4sten.<\/p>\n\n","protected":false},"excerpt":{"rendered":"<p>Bei uns finden Sie Hundefreundliche Ferienh\u00e4user in Selsey Bill zum Verlieben &#8211; so einfach ist das! Ferienh\u00e4user&nbsp;und Ferienwohnungen in der N\u00e4he Selsey Bill &#8211; Sussex ist bekannt f\u00fcr seine historische K\u00fcste, die wundersch\u00f6nen South Downs und sie umgebende Landschaft, sowie seine vielf\u00e4ltigen St\u00e4dte und Ortschaften. Die K\u00fcste von Sussex beinhaltet hervorragenden Blick, wie zu den [&hellip;]<\/p>\n","protected":false},"author":1,"featured_media":0,"parent":0,"menu_order":0,"comment_status":"closed","ping_status":"closed","template":"single-four.php","meta":[],"acf":[],"yoast_head":"<!-- This site is optimized with the Yoast SEO plugin v19.4 - https:\/\/yoast.com\/wordpress\/plugins\/seo\/ -->\n<title>Ferienh\u00e4user in Selsey Bill mit Hund - Urlaub K\u00fcste von Sussex - Urlaub &amp; Reisen<\/title>\n<meta name=\"robots\" content=\"index, follow, max-snippet:-1, max-image-preview:large, max-video-preview:-1\" \/>\n<link rel=\"canonical\" href=\"https:\/\/www.urlaubcornwall.de\/blog\/ferienhaeuser-selsey-bill-mit-hund-urlaub-kueste-von-sussex\/\" \/>\n<meta property=\"og:locale\" content=\"en_US\" \/>\n<meta property=\"og:type\" content=\"article\" \/>\n<meta property=\"og:title\" content=\"Ferienh\u00e4user in Selsey Bill mit Hund - Urlaub K\u00fcste von Sussex - Urlaub &amp; Reisen\" \/>\n<meta property=\"og:description\" content=\"Bei uns finden Sie Hundefreundliche Ferienh\u00e4user in Selsey Bill zum Verlieben &#8211; so einfach ist das! Ferienh\u00e4user&nbsp;und Ferienwohnungen in der N\u00e4he Selsey Bill &#8211; Sussex ist bekannt f\u00fcr seine historische K\u00fcste, die wundersch\u00f6nen South Downs und sie umgebende Landschaft, sowie seine vielf\u00e4ltigen St\u00e4dte und Ortschaften. Die K\u00fcste von Sussex beinhaltet hervorragenden Blick, wie zu den [&hellip;]\" \/>\n<meta property=\"og:url\" content=\"https:\/\/www.urlaubcornwall.de\/blog\/ferienhaeuser-selsey-bill-mit-hund-urlaub-kueste-von-sussex\/\" \/>\n<meta property=\"og:site_name\" content=\"Urlaub &amp; Reisen\" \/>\n<meta property=\"article:modified_time\" content=\"2024-04-04T10:06:40+00:00\" \/>\n<meta property=\"og:image\" content=\"https:\/\/www.urlaubcornwall.de\/blog\/wp-content\/uploads\/2024\/03\/white-cliffs-cuckmere-haven-sussex.jpg\" \/>\n<meta name=\"twitter:card\" content=\"summary\" \/>\n<meta name=\"twitter:label1\" content=\"Est. reading time\" \/>\n\t<meta name=\"twitter:data1\" content=\"1 minute\" \/>\n<script type=\"application\/ld+json\" class=\"yoast-schema-graph\">{\"@context\":\"https:\/\/schema.org\",\"@graph\":[{\"@type\":\"WebSite\",\"@id\":\"https:\/\/www.urlaubcornwall.de\/blog\/#website\",\"url\":\"https:\/\/www.urlaubcornwall.de\/blog\/\",\"name\":\"Urlaub &amp; Reisen\",\"description\":\"Urlaub, Reisen, Cornwall und S\u00fcdengland: eine perfekte Kombination\",\"potentialAction\":[{\"@type\":\"SearchAction\",\"target\":{\"@type\":\"EntryPoint\",\"urlTemplate\":\"https:\/\/www.urlaubcornwall.de\/blog\/?s={search_term_string}\"},\"query-input\":\"required name=search_term_string\"}],\"inLanguage\":\"en-US\"},{\"@type\":\"WebPage\",\"@id\":\"https:\/\/www.urlaubcornwall.de\/blog\/ferienhaeuser-selsey-bill-mit-hund-urlaub-kueste-von-sussex\/\",\"url\":\"https:\/\/www.urlaubcornwall.de\/blog\/ferienhaeuser-selsey-bill-mit-hund-urlaub-kueste-von-sussex\/\",\"name\":\"Ferienh\u00e4user in Selsey Bill mit Hund - Urlaub K\u00fcste von Sussex - Urlaub &amp; Reisen\",\"isPartOf\":{\"@id\":\"https:\/\/www.urlaubcornwall.de\/blog\/#website\"},\"datePublished\":\"2017-10-19T13:07:51+00:00\",\"dateModified\":\"2024-04-04T10:06:40+00:00\",\"breadcrumb\":{\"@id\":\"https:\/\/www.urlaubcornwall.de\/blog\/ferienhaeuser-selsey-bill-mit-hund-urlaub-kueste-von-sussex\/#breadcrumb\"},\"inLanguage\":\"en-US\",\"potentialAction\":[{\"@type\":\"ReadAction\",\"target\":[\"https:\/\/www.urlaubcornwall.de\/blog\/ferienhaeuser-selsey-bill-mit-hund-urlaub-kueste-von-sussex\/\"]}]},{\"@type\":\"BreadcrumbList\",\"@id\":\"https:\/\/www.urlaubcornwall.de\/blog\/ferienhaeuser-selsey-bill-mit-hund-urlaub-kueste-von-sussex\/#breadcrumb\",\"itemListElement\":[{\"@type\":\"ListItem\",\"position\":1,\"name\":\"Home\",\"item\":\"https:\/\/www.urlaubcornwall.de\/blog\/\"},{\"@type\":\"ListItem\",\"position\":2,\"name\":\"Ferienh\u00e4user in Selsey Bill mit Hund &#8211; Urlaub K\u00fcste von Sussex\"}]}]}<\/script>\n<!-- \/ Yoast SEO plugin. -->","yoast_head_json":{"title":"Ferienh\u00e4user in Selsey Bill mit Hund - Urlaub K\u00fcste von Sussex - Urlaub &amp; Reisen","robots":{"index":"index","follow":"follow","max-snippet":"max-snippet:-1","max-image-preview":"max-image-preview:large","max-video-preview":"max-video-preview:-1"},"canonical":"https:\/\/www.urlaubcornwall.de\/blog\/ferienhaeuser-selsey-bill-mit-hund-urlaub-kueste-von-sussex\/","og_locale":"en_US","og_type":"article","og_title":"Ferienh\u00e4user in Selsey Bill mit Hund - Urlaub K\u00fcste von Sussex - Urlaub &amp; Reisen","og_description":"Bei uns finden Sie Hundefreundliche Ferienh\u00e4user in Selsey Bill zum Verlieben &#8211; so einfach ist das! Ferienh\u00e4user&nbsp;und Ferienwohnungen in der N\u00e4he Selsey Bill &#8211; Sussex ist bekannt f\u00fcr seine historische K\u00fcste, die wundersch\u00f6nen South Downs und sie umgebende Landschaft, sowie seine vielf\u00e4ltigen St\u00e4dte und Ortschaften. Die K\u00fcste von Sussex beinhaltet hervorragenden Blick, wie zu den [&hellip;]","og_url":"https:\/\/www.urlaubcornwall.de\/blog\/ferienhaeuser-selsey-bill-mit-hund-urlaub-kueste-von-sussex\/","og_site_name":"Urlaub &amp; Reisen","article_modified_time":"2024-04-04T10:06:40+00:00","og_image":[{"url":"https:\/\/www.urlaubcornwall.de\/blog\/wp-content\/uploads\/2024\/03\/white-cliffs-cuckmere-haven-sussex.jpg"}],"twitter_card":"summary","twitter_misc":{"Est. reading time":"1 minute"},"schema":{"@context":"https:\/\/schema.org","@graph":[{"@type":"WebSite","@id":"https:\/\/www.urlaubcornwall.de\/blog\/#website","url":"https:\/\/www.urlaubcornwall.de\/blog\/","name":"Urlaub &amp; Reisen","description":"Urlaub, Reisen, Cornwall und S\u00fcdengland: eine perfekte Kombination","potentialAction":[{"@type":"SearchAction","target":{"@type":"EntryPoint","urlTemplate":"https:\/\/www.urlaubcornwall.de\/blog\/?s={search_term_string}"},"query-input":"required name=search_term_string"}],"inLanguage":"en-US"},{"@type":"WebPage","@id":"https:\/\/www.urlaubcornwall.de\/blog\/ferienhaeuser-selsey-bill-mit-hund-urlaub-kueste-von-sussex\/","url":"https:\/\/www.urlaubcornwall.de\/blog\/ferienhaeuser-selsey-bill-mit-hund-urlaub-kueste-von-sussex\/","name":"Ferienh\u00e4user in Selsey Bill mit Hund - Urlaub K\u00fcste von Sussex - Urlaub &amp; Reisen","isPartOf":{"@id":"https:\/\/www.urlaubcornwall.de\/blog\/#website"},"datePublished":"2017-10-19T13:07:51+00:00","dateModified":"2024-04-04T10:06:40+00:00","breadcrumb":{"@id":"https:\/\/www.urlaubcornwall.de\/blog\/ferienhaeuser-selsey-bill-mit-hund-urlaub-kueste-von-sussex\/#breadcrumb"},"inLanguage":"en-US","potentialAction":[{"@type":"ReadAction","target":["https:\/\/www.urlaubcornwall.de\/blog\/ferienhaeuser-selsey-bill-mit-hund-urlaub-kueste-von-sussex\/"]}]},{"@type":"BreadcrumbList","@id":"https:\/\/www.urlaubcornwall.de\/blog\/ferienhaeuser-selsey-bill-mit-hund-urlaub-kueste-von-sussex\/#breadcrumb","itemListElement":[{"@type":"ListItem","position":1,"name":"Home","item":"https:\/\/www.urlaubcornwall.de\/blog\/"},{"@type":"ListItem","position":2,"name":"Ferienh\u00e4user in Selsey Bill mit Hund &#8211; Urlaub K\u00fcste von Sussex"}]}]}},"_links":{"self":[{"href":"https:\/\/www.urlaubcornwall.de\/blog\/wp-json\/wp\/v2\/pages\/29845"}],"collection":[{"href":"https:\/\/www.urlaubcornwall.de\/blog\/wp-json\/wp\/v2\/pages"}],"about":[{"href":"https:\/\/www.urlaubcornwall.de\/blog\/wp-json\/wp\/v2\/types\/page"}],"author":[{"embeddable":true,"href":"https:\/\/www.urlaubcornwall.de\/blog\/wp-json\/wp\/v2\/users\/1"}],"replies":[{"embeddable":true,"href":"https:\/\/www.urlaubcornwall.de\/blog\/wp-json\/wp\/v2\/comments?post=29845"}],"version-history":[{"count":6,"href":"https:\/\/www.urlaubcornwall.de\/blog\/wp-json\/wp\/v2\/pages\/29845\/revisions"}],"predecessor-version":[{"id":48887,"href":"https:\/\/www.urlaubcornwall.de\/blog\/wp-json\/wp\/v2\/pages\/29845\/revisions\/48887"}],"wp:attachment":[{"href":"https:\/\/www.urlaubcornwall.de\/blog\/wp-json\/wp\/v2\/media?parent=29845"}],"curies":[{"name":"wp","href":"https:\/\/api.w.org\/{rel}","templated":true}]}}