{"id":29764,"date":"2017-10-18T13:44:05","date_gmt":"2017-10-18T13:44:05","guid":{"rendered":"https:\/\/www.urlaubcornwall.de\/blog\/?page_id=29764"},"modified":"2024-05-30T11:52:49","modified_gmt":"2024-05-30T11:52:49","slug":"ferienhaeuser-bognor-regis-mit-hund-zum-verlieben-einfach-ist-das","status":"publish","type":"page","link":"https:\/\/www.urlaubcornwall.de\/blog\/ferienhaeuser-bognor-regis-mit-hund-zum-verlieben-einfach-ist-das\/","title":{"rendered":"Ferienh\u00e4user in Bognor Regis mit Hund zum Verlieben &#8211; so einfach ist das!"},"content":{"rendered":"<p style=\"text-align: center;\"><strong>Bei uns finden Sie sch\u00f6nsten Hundefreundliche Ferienh\u00e4user in Bognor Regis.<\/strong><\/p>\n<p style=\"text-align: center;\">Beide, Littlehampton und Bognor Regis sind perfekt geeignet f\u00fcr Familien, indem sie eine gro\u00dfartige Mischung an Restaurants und Freizeitaktivit\u00e4ten f\u00fcr Familien bieten, so dass Sie das Meiste aus Ihren Ferien an der S\u00fcdk\u00fcste machen k\u00f6nnen.<\/p>\n<p style=\"text-align: center;\"><a class=\"tidycta\" href=\"https:\/\/www.urlaubcornwall.de\/ferienhaeuser-fewos\/eng\/sussex\/sussex-hundefreundlich.html\">Ferienh\u00e4user Sussex mit Hund<\/a><\/p>\n<p style=\"text-align: center;\">Mit dem Hund in den Urlaub zu fahren ist immer ein sch\u00f6nes Erlebnis, aber in Bognor Regis mit seinen herrlichen Landschaften &amp; K\u00fcste ist ein Urlaub mit dem vierbeinigen Freund einfach traumhaft. Nach einem aufregenden Tag im Freien kann Ihre gesamte Familie den Abend entspannt zusammen in Ihrem fantastischen Ferienhaus ausklingen lassen.<\/p>\n<p style=\"text-align: center;\">UrlaubCornwall verf\u00fcgt Ferienh\u00e4user und Ferienwohnungen f\u00fcr Ihren <a href=\"https:\/\/www.urlaubcornwall.de\/reiseziel\/suedengland.php\">Urlaub in S\u00fcdengland<\/a>. Unterk\u00fcnfte der Spitzenklasse f\u00fcr 2 Personen, Familien und Gruppen mit 4, 6, 8, 10 oder 12 G\u00e4sten.<\/p>\n<p><img loading=\"lazy\" class=\"aligncenter size-full wp-image-24598\" src=\"https:\/\/www.urlaubcornwall.de\/blog\/wp-content\/uploads\/2016\/06\/urlaub-und-sudengland_logo-final.jpg\" height=\"361\" width=\"746\"\/><\/p>\n","protected":false},"excerpt":{"rendered":"<p>Bei uns finden Sie sch\u00f6nsten Hundefreundliche Ferienh\u00e4user in Bognor Regis. Beide, Littlehampton und Bognor Regis sind perfekt geeignet f\u00fcr Familien, indem sie eine gro\u00dfartige Mischung an Restaurants und Freizeitaktivit\u00e4ten f\u00fcr Familien bieten, so dass Sie das Meiste aus Ihren Ferien an der S\u00fcdk\u00fcste machen k\u00f6nnen. Ferienh\u00e4user Sussex mit Hund Mit dem Hund in den Urlaub [&hellip;]<\/p>\n","protected":false},"author":1,"featured_media":0,"parent":0,"menu_order":0,"comment_status":"closed","ping_status":"closed","template":"single-four.php","meta":[],"acf":[],"yoast_head":"<!-- This site is optimized with the Yoast SEO plugin v19.4 - https:\/\/yoast.com\/wordpress\/plugins\/seo\/ -->\n<title>Ferienh\u00e4user in Bognor Regis mit Hund zum Verlieben - so einfach ist das! - Urlaub &amp; Reisen<\/title>\n<meta name=\"robots\" content=\"index, follow, max-snippet:-1, max-image-preview:large, max-video-preview:-1\" \/>\n<link rel=\"canonical\" href=\"https:\/\/www.urlaubcornwall.de\/blog\/ferienhaeuser-bognor-regis-mit-hund-zum-verlieben-einfach-ist-das\/\" \/>\n<meta property=\"og:locale\" content=\"en_US\" \/>\n<meta property=\"og:type\" content=\"article\" \/>\n<meta property=\"og:title\" content=\"Ferienh\u00e4user in Bognor Regis mit Hund zum Verlieben - so einfach ist das! - Urlaub &amp; Reisen\" \/>\n<meta property=\"og:description\" content=\"Bei uns finden Sie sch\u00f6nsten Hundefreundliche Ferienh\u00e4user in Bognor Regis. Beide, Littlehampton und Bognor Regis sind perfekt geeignet f\u00fcr Familien, indem sie eine gro\u00dfartige Mischung an Restaurants und Freizeitaktivit\u00e4ten f\u00fcr Familien bieten, so dass Sie das Meiste aus Ihren Ferien an der S\u00fcdk\u00fcste machen k\u00f6nnen. Ferienh\u00e4user Sussex mit Hund Mit dem Hund in den Urlaub [&hellip;]\" \/>\n<meta property=\"og:url\" content=\"https:\/\/www.urlaubcornwall.de\/blog\/ferienhaeuser-bognor-regis-mit-hund-zum-verlieben-einfach-ist-das\/\" \/>\n<meta property=\"og:site_name\" content=\"Urlaub &amp; Reisen\" \/>\n<meta property=\"article:modified_time\" content=\"2024-05-30T11:52:49+00:00\" \/>\n<meta property=\"og:image\" content=\"https:\/\/www.urlaubcornwall.de\/blog\/wp-content\/uploads\/2016\/06\/urlaub-und-sudengland_logo-final.jpg\" \/>\n<meta name=\"twitter:card\" content=\"summary\" \/>\n<meta name=\"twitter:label1\" content=\"Est. reading time\" \/>\n\t<meta name=\"twitter:data1\" content=\"1 minute\" \/>\n<script type=\"application\/ld+json\" class=\"yoast-schema-graph\">{\"@context\":\"https:\/\/schema.org\",\"@graph\":[{\"@type\":\"WebSite\",\"@id\":\"https:\/\/www.urlaubcornwall.de\/blog\/#website\",\"url\":\"https:\/\/www.urlaubcornwall.de\/blog\/\",\"name\":\"Urlaub &amp; Reisen\",\"description\":\"Urlaub, Reisen, Cornwall und S\u00fcdengland: eine perfekte Kombination\",\"potentialAction\":[{\"@type\":\"SearchAction\",\"target\":{\"@type\":\"EntryPoint\",\"urlTemplate\":\"https:\/\/www.urlaubcornwall.de\/blog\/?s={search_term_string}\"},\"query-input\":\"required name=search_term_string\"}],\"inLanguage\":\"en-US\"},{\"@type\":\"WebPage\",\"@id\":\"https:\/\/www.urlaubcornwall.de\/blog\/ferienhaeuser-bognor-regis-mit-hund-zum-verlieben-einfach-ist-das\/\",\"url\":\"https:\/\/www.urlaubcornwall.de\/blog\/ferienhaeuser-bognor-regis-mit-hund-zum-verlieben-einfach-ist-das\/\",\"name\":\"Ferienh\u00e4user in Bognor Regis mit Hund zum Verlieben - so einfach ist das! - Urlaub &amp; Reisen\",\"isPartOf\":{\"@id\":\"https:\/\/www.urlaubcornwall.de\/blog\/#website\"},\"datePublished\":\"2017-10-18T13:44:05+00:00\",\"dateModified\":\"2024-05-30T11:52:49+00:00\",\"breadcrumb\":{\"@id\":\"https:\/\/www.urlaubcornwall.de\/blog\/ferienhaeuser-bognor-regis-mit-hund-zum-verlieben-einfach-ist-das\/#breadcrumb\"},\"inLanguage\":\"en-US\",\"potentialAction\":[{\"@type\":\"ReadAction\",\"target\":[\"https:\/\/www.urlaubcornwall.de\/blog\/ferienhaeuser-bognor-regis-mit-hund-zum-verlieben-einfach-ist-das\/\"]}]},{\"@type\":\"BreadcrumbList\",\"@id\":\"https:\/\/www.urlaubcornwall.de\/blog\/ferienhaeuser-bognor-regis-mit-hund-zum-verlieben-einfach-ist-das\/#breadcrumb\",\"itemListElement\":[{\"@type\":\"ListItem\",\"position\":1,\"name\":\"Home\",\"item\":\"https:\/\/www.urlaubcornwall.de\/blog\/\"},{\"@type\":\"ListItem\",\"position\":2,\"name\":\"Ferienh\u00e4user in Bognor Regis mit Hund zum Verlieben &#8211; so einfach ist das!\"}]}]}<\/script>\n<!-- \/ Yoast SEO plugin. -->","yoast_head_json":{"title":"Ferienh\u00e4user in Bognor Regis mit Hund zum Verlieben - so einfach ist das! - Urlaub &amp; Reisen","robots":{"index":"index","follow":"follow","max-snippet":"max-snippet:-1","max-image-preview":"max-image-preview:large","max-video-preview":"max-video-preview:-1"},"canonical":"https:\/\/www.urlaubcornwall.de\/blog\/ferienhaeuser-bognor-regis-mit-hund-zum-verlieben-einfach-ist-das\/","og_locale":"en_US","og_type":"article","og_title":"Ferienh\u00e4user in Bognor Regis mit Hund zum Verlieben - so einfach ist das! - Urlaub &amp; Reisen","og_description":"Bei uns finden Sie sch\u00f6nsten Hundefreundliche Ferienh\u00e4user in Bognor Regis. Beide, Littlehampton und Bognor Regis sind perfekt geeignet f\u00fcr Familien, indem sie eine gro\u00dfartige Mischung an Restaurants und Freizeitaktivit\u00e4ten f\u00fcr Familien bieten, so dass Sie das Meiste aus Ihren Ferien an der S\u00fcdk\u00fcste machen k\u00f6nnen. Ferienh\u00e4user Sussex mit Hund Mit dem Hund in den Urlaub [&hellip;]","og_url":"https:\/\/www.urlaubcornwall.de\/blog\/ferienhaeuser-bognor-regis-mit-hund-zum-verlieben-einfach-ist-das\/","og_site_name":"Urlaub &amp; Reisen","article_modified_time":"2024-05-30T11:52:49+00:00","og_image":[{"url":"https:\/\/www.urlaubcornwall.de\/blog\/wp-content\/uploads\/2016\/06\/urlaub-und-sudengland_logo-final.jpg"}],"twitter_card":"summary","twitter_misc":{"Est. reading time":"1 minute"},"schema":{"@context":"https:\/\/schema.org","@graph":[{"@type":"WebSite","@id":"https:\/\/www.urlaubcornwall.de\/blog\/#website","url":"https:\/\/www.urlaubcornwall.de\/blog\/","name":"Urlaub &amp; Reisen","description":"Urlaub, Reisen, Cornwall und S\u00fcdengland: eine perfekte Kombination","potentialAction":[{"@type":"SearchAction","target":{"@type":"EntryPoint","urlTemplate":"https:\/\/www.urlaubcornwall.de\/blog\/?s={search_term_string}"},"query-input":"required name=search_term_string"}],"inLanguage":"en-US"},{"@type":"WebPage","@id":"https:\/\/www.urlaubcornwall.de\/blog\/ferienhaeuser-bognor-regis-mit-hund-zum-verlieben-einfach-ist-das\/","url":"https:\/\/www.urlaubcornwall.de\/blog\/ferienhaeuser-bognor-regis-mit-hund-zum-verlieben-einfach-ist-das\/","name":"Ferienh\u00e4user in Bognor Regis mit Hund zum Verlieben - so einfach ist das! - Urlaub &amp; Reisen","isPartOf":{"@id":"https:\/\/www.urlaubcornwall.de\/blog\/#website"},"datePublished":"2017-10-18T13:44:05+00:00","dateModified":"2024-05-30T11:52:49+00:00","breadcrumb":{"@id":"https:\/\/www.urlaubcornwall.de\/blog\/ferienhaeuser-bognor-regis-mit-hund-zum-verlieben-einfach-ist-das\/#breadcrumb"},"inLanguage":"en-US","potentialAction":[{"@type":"ReadAction","target":["https:\/\/www.urlaubcornwall.de\/blog\/ferienhaeuser-bognor-regis-mit-hund-zum-verlieben-einfach-ist-das\/"]}]},{"@type":"BreadcrumbList","@id":"https:\/\/www.urlaubcornwall.de\/blog\/ferienhaeuser-bognor-regis-mit-hund-zum-verlieben-einfach-ist-das\/#breadcrumb","itemListElement":[{"@type":"ListItem","position":1,"name":"Home","item":"https:\/\/www.urlaubcornwall.de\/blog\/"},{"@type":"ListItem","position":2,"name":"Ferienh\u00e4user in Bognor Regis mit Hund zum Verlieben &#8211; so einfach ist das!"}]}]}},"_links":{"self":[{"href":"https:\/\/www.urlaubcornwall.de\/blog\/wp-json\/wp\/v2\/pages\/29764"}],"collection":[{"href":"https:\/\/www.urlaubcornwall.de\/blog\/wp-json\/wp\/v2\/pages"}],"about":[{"href":"https:\/\/www.urlaubcornwall.de\/blog\/wp-json\/wp\/v2\/types\/page"}],"author":[{"embeddable":true,"href":"https:\/\/www.urlaubcornwall.de\/blog\/wp-json\/wp\/v2\/users\/1"}],"replies":[{"embeddable":true,"href":"https:\/\/www.urlaubcornwall.de\/blog\/wp-json\/wp\/v2\/comments?post=29764"}],"version-history":[{"count":5,"href":"https:\/\/www.urlaubcornwall.de\/blog\/wp-json\/wp\/v2\/pages\/29764\/revisions"}],"predecessor-version":[{"id":50974,"href":"https:\/\/www.urlaubcornwall.de\/blog\/wp-json\/wp\/v2\/pages\/29764\/revisions\/50974"}],"wp:attachment":[{"href":"https:\/\/www.urlaubcornwall.de\/blog\/wp-json\/wp\/v2\/media?parent=29764"}],"curies":[{"name":"wp","href":"https:\/\/api.w.org\/{rel}","templated":true}]}}