{"id":29702,"date":"2017-10-18T08:14:47","date_gmt":"2017-10-18T08:14:47","guid":{"rendered":"https:\/\/www.urlaubcornwall.de\/blog\/?page_id=29702"},"modified":"2024-05-30T12:00:45","modified_gmt":"2024-05-30T12:00:45","slug":"bei-uns-finden-sie-hotels-st-helier-zum-verlieben-einfach-ist-das","status":"publish","type":"page","link":"https:\/\/www.urlaubcornwall.de\/blog\/bei-uns-finden-sie-hotels-st-helier-zum-verlieben-einfach-ist-das\/","title":{"rendered":"Besten Hotels in St Helier zum Verlieben!"},"content":{"rendered":"<p style=\"text-align: left;\"><strong>Die sch\u00f6nsten hotels in St Hellier f\u00fcr Ihren Urlaub in Jersey und auf den Kanalinseln.<\/strong><\/p>\n<p style=\"text-align: left;\">Die gr\u00f6\u00dfte der Kanalinseln ist Jersey. Ihre Landschaft ist vielf\u00e4ltig und atemberaubend und reicht von schimmernden einsamen Buchten und h\u00fcgeligem Ackerland bis hin zu herrlichem Blick von den Klippen aus. Dies ist der Ort, um ruhige Landwege entlang zu radeln, sich stundenlang an wundersch\u00f6nen Str\u00e4nden aufzuhalten und das ruhige Leben zu genie\u00df.&nbsp;<\/p>\n<p style=\"text-align: left;\">\n<strong><a href=\"https:\/\/www.booking.com\/hotel\/gb\/de-normandie.en.html?aid=1320750&amp;no_rooms=1&amp;group_adults=2\" rel=\"nofollow\">Hotel De Normandie<\/a><\/strong> &#8211; Das Hotel De Normandie genie\u00dft eine ideale Lage am Strand Havre des Pas, 9 km vom Flughafen Jersey entfernt und gegen\u00fcber der sch\u00f6nen Bucht St. Clement. Hier erwarten Sie Zimmer mit kostenfreiem WLAN, ein Innenpool und eine renovierte Bar, die englisches Fr\u00fchst\u00fcck serviert.<\/p>\n<p style=\"text-align: left;\"><strong><a href=\"https:\/\/www.booking.com\/hotel\/gb\/ommaroo.en.html?aid=1320750&amp;no_rooms=1&amp;group_adults=2\" rel=\"nofollow\">Ommaroo Hotel<\/a><\/strong> &#8211; Sie k\u00f6nnen einen Genius-Rabatt auf die Unterkunft Ommaroo Hotel erhalten! Melden Sie sich an, um bei dieser Unterkunft zu sparen. Direkt an der Strandpromenade von Havre des Pas bietet das Ommaroo Hotel individuell eingerichtete Zimmer und eine herrliche Aussicht auf das Meer und das Felsenriff.<\/p>\n<p style=\"text-align: left;\"><strong><a href=\"https:\/\/www.booking.com\/hotel\/gb\/de-france.en.html?aid=1320750&amp;no_rooms=1&amp;group_adults=2\" rel=\"nofollow\">Hotel de France<\/a> <\/strong>&#8211; Das Hotel de France mit 4 Sternen erwartet Sie auf der wundersch\u00f6nen Insel Jersey, nur 15 Gehminuten vom Stadtzentrum entfernt. Freuen Sie sich auf kostenfreies WLAN, kostenfreie Parkpl\u00e4tze, einen Wellnessbereich, einen Fitnessraum und einen Poolkomplex.<\/p>\n<p style=\"text-align: left;\"><a class=\"tidycta\" href=\"https:\/\/www.booking.com\/searchresults.html?city=-1187128&amp;aid=1320750&amp;no_rooms=1&amp;group_adults=2&amp;room1=A%2CA\" rel=\"nofollow\">Suche Strandhotel<\/a><\/p>\n<p style=\"text-align: left;\">UrlaubCornwall haben eine Auswahl an feinsten Ferienh\u00e4usern und Ferienwohnungen auf Jersey f\u00fcr Ihren Urlaub auf den Kanalinseln. Allesamt bieten Sie ein gro\u00dfartiges Preis-Leistungsverh\u00e4ltnis, hohen Standard und sind rundum inspiziert.<\/p>\n<p style=\"text-align: left;\">Finden Sie dazu mehr heraus <a href=\"https:\/\/www.urlaubcornwall.de\/blog\/ferienhaeuser-und-ferienwohnungen-auf-guernsey-fuer-ihren-urlaub-auf-den-kanalinseln\/\">Guernsey<\/a> und <a href=\"https:\/\/www.urlaubcornwall.de\/blog\/ferienhaeuser-und-ferienwohnungen-auf-jersey-fuer-ihren-urlaub-auf-den-kanalinseln\/\">Jersey<\/a><\/p>\n","protected":false},"excerpt":{"rendered":"<p>Die sch\u00f6nsten hotels in St Hellier f\u00fcr Ihren Urlaub in Jersey und auf den Kanalinseln. Die gr\u00f6\u00dfte der Kanalinseln ist Jersey. Ihre Landschaft ist vielf\u00e4ltig und atemberaubend und reicht von schimmernden einsamen Buchten und h\u00fcgeligem Ackerland bis hin zu herrlichem Blick von den Klippen aus. Dies ist der Ort, um ruhige Landwege entlang zu radeln, [&hellip;]<\/p>\n","protected":false},"author":1,"featured_media":0,"parent":0,"menu_order":0,"comment_status":"closed","ping_status":"closed","template":"single-four.php","meta":[],"acf":[],"yoast_head":"<!-- This site is optimized with the Yoast SEO plugin v19.4 - https:\/\/yoast.com\/wordpress\/plugins\/seo\/ -->\n<title>Besten Hotels in St Helier zum Verlieben! - Urlaub &amp; Reisen<\/title>\n<meta name=\"robots\" content=\"index, follow, max-snippet:-1, max-image-preview:large, max-video-preview:-1\" \/>\n<link rel=\"canonical\" href=\"https:\/\/www.urlaubcornwall.de\/blog\/bei-uns-finden-sie-hotels-st-helier-zum-verlieben-einfach-ist-das\/\" \/>\n<meta property=\"og:locale\" content=\"en_US\" \/>\n<meta property=\"og:type\" content=\"article\" \/>\n<meta property=\"og:title\" content=\"Besten Hotels in St Helier zum Verlieben! - Urlaub &amp; Reisen\" \/>\n<meta property=\"og:description\" content=\"Die sch\u00f6nsten hotels in St Hellier f\u00fcr Ihren Urlaub in Jersey und auf den Kanalinseln. Die gr\u00f6\u00dfte der Kanalinseln ist Jersey. Ihre Landschaft ist vielf\u00e4ltig und atemberaubend und reicht von schimmernden einsamen Buchten und h\u00fcgeligem Ackerland bis hin zu herrlichem Blick von den Klippen aus. Dies ist der Ort, um ruhige Landwege entlang zu radeln, [&hellip;]\" \/>\n<meta property=\"og:url\" content=\"https:\/\/www.urlaubcornwall.de\/blog\/bei-uns-finden-sie-hotels-st-helier-zum-verlieben-einfach-ist-das\/\" \/>\n<meta property=\"og:site_name\" content=\"Urlaub &amp; Reisen\" \/>\n<meta property=\"article:modified_time\" content=\"2024-05-30T12:00:45+00:00\" \/>\n<meta name=\"twitter:card\" content=\"summary\" \/>\n<meta name=\"twitter:label1\" content=\"Est. reading time\" \/>\n\t<meta name=\"twitter:data1\" content=\"2 minutes\" \/>\n<script type=\"application\/ld+json\" class=\"yoast-schema-graph\">{\"@context\":\"https:\/\/schema.org\",\"@graph\":[{\"@type\":\"WebSite\",\"@id\":\"https:\/\/www.urlaubcornwall.de\/blog\/#website\",\"url\":\"https:\/\/www.urlaubcornwall.de\/blog\/\",\"name\":\"Urlaub &amp; Reisen\",\"description\":\"Urlaub, Reisen, Cornwall und S\u00fcdengland: eine perfekte Kombination\",\"potentialAction\":[{\"@type\":\"SearchAction\",\"target\":{\"@type\":\"EntryPoint\",\"urlTemplate\":\"https:\/\/www.urlaubcornwall.de\/blog\/?s={search_term_string}\"},\"query-input\":\"required name=search_term_string\"}],\"inLanguage\":\"en-US\"},{\"@type\":\"WebPage\",\"@id\":\"https:\/\/www.urlaubcornwall.de\/blog\/bei-uns-finden-sie-hotels-st-helier-zum-verlieben-einfach-ist-das\/\",\"url\":\"https:\/\/www.urlaubcornwall.de\/blog\/bei-uns-finden-sie-hotels-st-helier-zum-verlieben-einfach-ist-das\/\",\"name\":\"Besten Hotels in St Helier zum Verlieben! - Urlaub &amp; Reisen\",\"isPartOf\":{\"@id\":\"https:\/\/www.urlaubcornwall.de\/blog\/#website\"},\"datePublished\":\"2017-10-18T08:14:47+00:00\",\"dateModified\":\"2024-05-30T12:00:45+00:00\",\"breadcrumb\":{\"@id\":\"https:\/\/www.urlaubcornwall.de\/blog\/bei-uns-finden-sie-hotels-st-helier-zum-verlieben-einfach-ist-das\/#breadcrumb\"},\"inLanguage\":\"en-US\",\"potentialAction\":[{\"@type\":\"ReadAction\",\"target\":[\"https:\/\/www.urlaubcornwall.de\/blog\/bei-uns-finden-sie-hotels-st-helier-zum-verlieben-einfach-ist-das\/\"]}]},{\"@type\":\"BreadcrumbList\",\"@id\":\"https:\/\/www.urlaubcornwall.de\/blog\/bei-uns-finden-sie-hotels-st-helier-zum-verlieben-einfach-ist-das\/#breadcrumb\",\"itemListElement\":[{\"@type\":\"ListItem\",\"position\":1,\"name\":\"Home\",\"item\":\"https:\/\/www.urlaubcornwall.de\/blog\/\"},{\"@type\":\"ListItem\",\"position\":2,\"name\":\"Besten Hotels in St Helier zum Verlieben!\"}]}]}<\/script>\n<!-- \/ Yoast SEO plugin. -->","yoast_head_json":{"title":"Besten Hotels in St Helier zum Verlieben! - Urlaub &amp; Reisen","robots":{"index":"index","follow":"follow","max-snippet":"max-snippet:-1","max-image-preview":"max-image-preview:large","max-video-preview":"max-video-preview:-1"},"canonical":"https:\/\/www.urlaubcornwall.de\/blog\/bei-uns-finden-sie-hotels-st-helier-zum-verlieben-einfach-ist-das\/","og_locale":"en_US","og_type":"article","og_title":"Besten Hotels in St Helier zum Verlieben! - Urlaub &amp; Reisen","og_description":"Die sch\u00f6nsten hotels in St Hellier f\u00fcr Ihren Urlaub in Jersey und auf den Kanalinseln. Die gr\u00f6\u00dfte der Kanalinseln ist Jersey. Ihre Landschaft ist vielf\u00e4ltig und atemberaubend und reicht von schimmernden einsamen Buchten und h\u00fcgeligem Ackerland bis hin zu herrlichem Blick von den Klippen aus. Dies ist der Ort, um ruhige Landwege entlang zu radeln, [&hellip;]","og_url":"https:\/\/www.urlaubcornwall.de\/blog\/bei-uns-finden-sie-hotels-st-helier-zum-verlieben-einfach-ist-das\/","og_site_name":"Urlaub &amp; Reisen","article_modified_time":"2024-05-30T12:00:45+00:00","twitter_card":"summary","twitter_misc":{"Est. reading time":"2 minutes"},"schema":{"@context":"https:\/\/schema.org","@graph":[{"@type":"WebSite","@id":"https:\/\/www.urlaubcornwall.de\/blog\/#website","url":"https:\/\/www.urlaubcornwall.de\/blog\/","name":"Urlaub &amp; Reisen","description":"Urlaub, Reisen, Cornwall und S\u00fcdengland: eine perfekte Kombination","potentialAction":[{"@type":"SearchAction","target":{"@type":"EntryPoint","urlTemplate":"https:\/\/www.urlaubcornwall.de\/blog\/?s={search_term_string}"},"query-input":"required name=search_term_string"}],"inLanguage":"en-US"},{"@type":"WebPage","@id":"https:\/\/www.urlaubcornwall.de\/blog\/bei-uns-finden-sie-hotels-st-helier-zum-verlieben-einfach-ist-das\/","url":"https:\/\/www.urlaubcornwall.de\/blog\/bei-uns-finden-sie-hotels-st-helier-zum-verlieben-einfach-ist-das\/","name":"Besten Hotels in St Helier zum Verlieben! - Urlaub &amp; Reisen","isPartOf":{"@id":"https:\/\/www.urlaubcornwall.de\/blog\/#website"},"datePublished":"2017-10-18T08:14:47+00:00","dateModified":"2024-05-30T12:00:45+00:00","breadcrumb":{"@id":"https:\/\/www.urlaubcornwall.de\/blog\/bei-uns-finden-sie-hotels-st-helier-zum-verlieben-einfach-ist-das\/#breadcrumb"},"inLanguage":"en-US","potentialAction":[{"@type":"ReadAction","target":["https:\/\/www.urlaubcornwall.de\/blog\/bei-uns-finden-sie-hotels-st-helier-zum-verlieben-einfach-ist-das\/"]}]},{"@type":"BreadcrumbList","@id":"https:\/\/www.urlaubcornwall.de\/blog\/bei-uns-finden-sie-hotels-st-helier-zum-verlieben-einfach-ist-das\/#breadcrumb","itemListElement":[{"@type":"ListItem","position":1,"name":"Home","item":"https:\/\/www.urlaubcornwall.de\/blog\/"},{"@type":"ListItem","position":2,"name":"Besten Hotels in St Helier zum Verlieben!"}]}]}},"_links":{"self":[{"href":"https:\/\/www.urlaubcornwall.de\/blog\/wp-json\/wp\/v2\/pages\/29702"}],"collection":[{"href":"https:\/\/www.urlaubcornwall.de\/blog\/wp-json\/wp\/v2\/pages"}],"about":[{"href":"https:\/\/www.urlaubcornwall.de\/blog\/wp-json\/wp\/v2\/types\/page"}],"author":[{"embeddable":true,"href":"https:\/\/www.urlaubcornwall.de\/blog\/wp-json\/wp\/v2\/users\/1"}],"replies":[{"embeddable":true,"href":"https:\/\/www.urlaubcornwall.de\/blog\/wp-json\/wp\/v2\/comments?post=29702"}],"version-history":[{"count":6,"href":"https:\/\/www.urlaubcornwall.de\/blog\/wp-json\/wp\/v2\/pages\/29702\/revisions"}],"predecessor-version":[{"id":50979,"href":"https:\/\/www.urlaubcornwall.de\/blog\/wp-json\/wp\/v2\/pages\/29702\/revisions\/50979"}],"wp:attachment":[{"href":"https:\/\/www.urlaubcornwall.de\/blog\/wp-json\/wp\/v2\/media?parent=29702"}],"curies":[{"name":"wp","href":"https:\/\/api.w.org\/{rel}","templated":true}]}}