{"id":29685,"date":"2017-10-17T14:12:28","date_gmt":"2017-10-17T14:12:28","guid":{"rendered":"https:\/\/www.urlaubcornwall.de\/blog\/?page_id=29685"},"modified":"2024-05-30T11:58:05","modified_gmt":"2024-05-30T11:58:05","slug":"schottlands-romantische-kuesten-und-inseln-9-tage","status":"publish","type":"page","link":"https:\/\/www.urlaubcornwall.de\/blog\/schottlands-romantische-kuesten-und-inseln-9-tage\/","title":{"rendered":"Schottlands romantische K\u00fcsten und Inseln"},"content":{"rendered":"<p><a href=\"https:\/\/www.urlaubcornwall.de\/blog\/wp-content\/uploads\/2024\/03\/Glenfinnan-Viaduct-Hogwarts-Express-schottland.jpg\"><img loading=\"lazy\" src=\"https:\/\/www.urlaubcornwall.de\/blog\/wp-content\/uploads\/2024\/03\/Glenfinnan-Viaduct-Hogwarts-Express-schottland.jpg\" alt=\"Glenfinnan Viaduct Hogwarts-Express-schottland\" width=\"750\" height=\"480\" class=\"alignnone size-full wp-image-48207\" srcset=\"https:\/\/www.urlaubcornwall.de\/blog\/wp-content\/uploads\/2024\/03\/Glenfinnan-Viaduct-Hogwarts-Express-schottland.jpg 750w, https:\/\/www.urlaubcornwall.de\/blog\/wp-content\/uploads\/2024\/03\/Glenfinnan-Viaduct-Hogwarts-Express-schottland-300x192.jpg 300w\" sizes=\"(max-width: 750px) 100vw, 750px\" \/><\/a><\/p>\n<p><strong>H\u00f6hepunkte: <a href=\"http:\/\/Bei uns finden Sie Ferienh\u00e4user zum Verlieben - so einfach ist das! Pers\u00f6nlich inspizierte <a href=\"https:\/\/www.urlaubcornwall.de\/blog\/ferienhaeuser-ferienwohnungen-cottages-isle-of-arran\/\">Ferienh\u00e4user und Ferienwohnungen auf die Insel Arran<\/a> f\u00fcr Ihren Urlaub.&#8221;>Isle of Arran, Mull, Staffa, Iona, Skye, Harris\/Lewis, Ullapool<\/strong><\/p>\n<p>Diese neunt\u00e4gige Rundreise &#8220;Schottlands romantische K\u00fcsten und Inseln&#8221; f\u00fchrt zur atemberaubenden Westk\u00fcste. Gehen Sie mit uns auf Entdeckungstour und besuchen Sie einige der bekanntesten Inseln Schottlands. Darunter Isle of Arran, Isle of Mull, Isle of Iona, Isle of Skye und Isle of Harris\/Lewis.<\/p>\n<p style=\"text-align: center;\"><a class=\"tidycta\" href=\"https:\/\/www.urlaubcornwall.de\/blog\/busreisen-durch-schottland-schottischen-highlands-und-inseln\/\">Suche Busreisen in Schottland<\/a><\/p>\n<div class=\"snippet\"> <a class=\"featured-item\" href=\" https:\/\/www.urlaubcornwall.de\/ferienhaeuser-fewos\/sco\/schottische-inseln\/schottische-inseln.html\"> <span class=\"image-holder\" style=\"background-image: url(' https:\/\/www.urlaubcornwall.de\/blog\/wp-content\/uploads\/2019\/01\/urlaub-schottland-highlands-1.jpg ');\"><\/span> <span class=\"featured-content\"> \n<h2 class=\"featured-title\">Bei uns finden Sie Ferienh\u00e4user in Schottland zum Verlieben!<\/h2>\n<p class=\"featured-body\">Untenstehend finden Sie eine Auswahl an Ferienh\u00e4usern auf den schottischen Inseln. Hier finden Sie pers\u00f6nlich inspizierte Cottages entlang der schottischen K\u00fcste, in den schottischen Highlands&#8230;..<\/p>\n<\/span> <span class=\"featured-link-holder\"> <span class=\"featured-extra-info\"> \n<p>F\u00fcr Paare, Familien &#038; Gruppen<\/p>\n<\/span> \n<p class=\"featured-link\">DETAILS<\/p>\n<\/span> <\/a><\/div>\n<p><strong>Tourbeschreibung<\/strong><\/p>\n<p><strong>1. Tag: Glasgow<\/strong><\/p>\n<p>Individuelle Anreise nach Glasgow (bieten wir gerne an). Nach Ankunft Transfer in Eigenregie in das erste Hotel der Rundreise. Rest des Tages steht zur freien Verf\u00fcgung. \u00dcbernachtung in Glasgow<\/p>\n<p><strong>2. Tag: Isle of Arran<\/strong><\/p>\n<p>Heute steht ein unvergesslicher Ausflug auf die Isle of Arran auf dem Programm. Wir verlassen Glasgow und fahren in westlicher Richtung bis wir die Westk\u00fcste bei der Hafenstadt Ardrossan erreichen, wo wir die F\u00e4hre f\u00fcr eine einst\u00fcndige Fahrt besteigen. Bei einer Rundfahrt werden wir die romantische Insel n\u00e4her erkunden. Wir besuchen au\u00dferhalb des Hauptortes der Insel Brodick Castle, ein beeindruckendes Schloss. Sp\u00e4t nachmittags kehren wir per F\u00e4hre zum Festland zur\u00fcck mit R\u00fcckreise ins Hotel. Abendessen und \u00dcbernachtung in Glasgow<\/p>\n<p><strong>3. Tag: Glasgow \u2013 Loch Lomond \u2013 Oban<\/strong><\/p>\n<p><img loading=\"lazy\" class=\"aligncenter size-full wp-image-25426\" src=\"https:\/\/www.urlaubcornwall.de\/blog\/wp-content\/uploads\/2016\/11\/urlaub-oban-schottland.jpg\" alt=\"urlaub am meer schottland ferienhaus\" width=\"745\" height=\"398\"\/><\/p>\n<p>Wir verlassen Glasgow und fahren in westlicher Richtung bis wir die \u201eBonnie Banks\u201c des Loch Lomond, dem gr\u00f6\u00dften Binnensee Gro\u00dfbritanniens, erreichen. Entlang des Ufer von Loch Fyne, einem etwa 60 km langen Fjord und bekannt durch seine ber\u00fchmten Austern, reisen wir \u00fcber die Kyles of Bute, eine atemberaubende Meeresstra\u00dfe, welche die Insel Bute von der Halbinsel Cowal abgrenzt, bis nach Portavadie. Hier besteigen wir die F\u00e4hre f\u00fcr eine 30-min\u00fctige Fahrt \u00fcber den Meeresarm von Loch Fyne, Heimat f\u00fcr Delphine und Robben, nach Tarbert. Die Reise f\u00fchrt uns in n\u00f6rdlicher Richtung durch das Kilmartin Glen mit ihren mystischen Steinkreisen. Nach Weiterreise erreichen wir die beeindruckende Westk\u00fcste wieder und haben Blick auf Loch Melfort sowie die Kleininseln Luing und Scarba. Sp\u00e4t nachmittags kommen wir in der Hafenstadt Oban an. Abendessen und \u00dcbernachtung in Oban.<\/p>\n<p><strong>4. Tag: Inselausflug: Mull \u2013 Staffa \u2013 Iona<\/strong><\/p>\n<p>Nach dem Fr\u00fchst\u00fcck besteigen wir das Boot f\u00fcr die 45-min\u00fcte F\u00e4hr\u00fcberfahrt zur Isle of Mull, der drittgr\u00f6\u00dften der Hebrideninseln. Wir \u00fcberqueren die Insel bis zum Inselhauptort Fionnphort wo wir eine zweite F\u00e4hre f\u00fcr die 45-min\u00fctige Fahrt nach Staffa, einer der romantischsten und interessantesten der zahlreichen unbewohnten Inseln Schottlands, nehmen werden. Wir verbringen hier etwas Zeit, bevor wir per F\u00e4hre zur Schwesterinsel Iona weiter fahren. Wir haben Zeit, die historische Iona Abtei zu besuchen bevor wir nachmittags wir die Reise nach Mull fortsetzen um die wilde Sch\u00f6nheit und pittoreske K\u00fcstenlandschaft der Insel zu bewundern. Anschlie\u00dfend F\u00e4hrfahrt zum Festland zur\u00fcck. Abendessen und \u00dcbernachtung in Oban<\/p>\n<p><strong>5. Tag: Oban \u2013 Isle of Skye<\/strong><\/p>\n<p>Nach einem ausgiebigen Fr\u00fchst\u00fcck fahren wir zum Glen Coe Tal. Dieses Tal ist 1692 in die Geschichtsb\u00fccher eingegangen, als Campbells Soldaten am 13. Februar ein grausames Massaker an dem MacDonald-Clan aus\u00fcbten. Deshalb ist Glencoe auch als \u201cTal der Tr\u00e4nen\u201d bekannt. Von Fort William fahren wir nach Mallaig. Wir kommen am weltbekannten Glenfinnan Viadukt vorbei, welches als Kulisse in den Harry Potter Filmen diente. Von Mallaig nehmen wir die F\u00e4hre nach Armadale auf die Isle of Skye. Hier lohnt sich der Besuch der Armadale Burgg\u00e4rten und dem Museum. \u00dcbernachtung und Abendessen auf der Isle of Skye<\/p>\n<p><strong>6. Tag: Isle of Skye \u2013 Isle of Harris\/Lewis<\/strong><\/p>\n<p style=\"text-align: center;\"><img loading=\"lazy\" class=\"aligncenter size-full wp-image-25724\" src=\"https:\/\/www.urlaubcornwall.de\/blog\/wp-content\/uploads\/2016\/12\/urlaub-skye.jpg\" alt=\"busreise skye\" width=\"795\" height=\"382\"\/><\/p>\n<p>Bevor wir nachmittags unsere F\u00e4hre nach Harris besteigen nehmen wir uns Zeit die Nordostk\u00fcste n\u00f6rdlich der Inselhauptstadt Portree etwas n\u00e4he zu erkunden. Am fr\u00fchen Nachmittag fahren wir die kurze Strecke zur Hafenstadt Uig weiter. Von hier aus setzen wir unsere Reise per 90-min\u00fctiger F\u00e4hr\u00fcberfahrt zu den \u00c4u\u00dferen Hebriden fort \u2013 den sogenannten \u201cWestern Isles\u201d \u2013 einer Inselkette, die sich wie eine sch\u00fctzende Mauer \u00fcber 200 km im Atlantik vor der Nordwestk\u00fcste Schottlands entlang zieht. Wir erreichen den F\u00e4hrhafen Tarbert in Harris, im s\u00fcdlichen Teil der Harris and Lewis Isle, welcher bekannt ist f\u00fcr seinen handgewebten groben Tweedstoff. Weiter fahren wir in n\u00f6rdlicher Richtung durch eine beeindruckende Gebirgslandschaft und vorbei an dem imposanten 25 Kilometer langen Fjord, Loch Seaforth, auf die Insel Lewis zum heutigen \u00dcbernachtungsziel in der Inselhauptstadt Stornoway. Abendessen und \u00dcbernachtung in Stornoway.<\/p>\n<p><strong>7. Tag: Isle of Lewis \u2013 Stornoway<\/strong><\/p>\n<p>Vormittags erkunden wir die Isle of Lewis mit ihrer einfachen Lebensweise und g\u00e4lischsprachiger Bev\u00f6lkerung. \u00dcber die weitl\u00e4ufige Moorlandschaft und gr\u00fcne Wiesen fahren wir zun\u00e4chst zur atemberaubenden, felsigen Westk\u00fcste. Wir kehren am Nachmittag nach Stornoway zur\u00fcck wo, wir zun\u00e4chst das Muesum nan Eilean besichtigen. Danach haben Sie Zeit in dieser niedlichen Hafenstadt mit einheimischen Gesch\u00e4ften, \u00f6rtlichen Lokalen und Teeh\u00e4usern zur freien Verf\u00fcgung. Abendessen und \u00dcbernachtung in Stornoway<\/p>\n<p><strong>8. Tag: Stornoway \u2013 Ullapool \u2013 Inverness<\/strong><\/p>\n<p>Wir reisen am Vormittag in n\u00f6rdlicher Richtung bis wir den Butt of Lewis, die Nordspitze der \u00c4u\u00dferen Hebriden, mit ihrem wundersch\u00f6nen Leuchtturm, der im Jahre 1862 von der Familie Stevenson aus roten Ziegelsteinen erbaut wurde, erreichen. Fr\u00fch nachmittags mit Besteigung der F\u00e4hre verlassen wir Stornoway und begeben uns auf eine 3-st\u00fcndige F\u00e4hr\u00fcberfahrt zur\u00fcck zum schottischen Festland. Wir erreichen das Fischerdorf Ullapool, an der Westk\u00fcste Schottlands gelegen. Wir fahren durch das wildromantische Hochlandgebiet, eine atemberaubende Landschaft mit farbvollen Heiden und beeindruckenden Felsenstr\u00e4nden, bis wir in Inverness, \u201aHauptstadt der Highlands\u2018 ankommen. Abendessen und \u00dcbernachtung in Inverness<\/p>\n<p><strong>9. Tag: Inverness\/Glasgow\/Edinburgh<\/strong><\/p>\n<p>Transfer zum Flughafen Glasgow und Edinburgh. Der Reisebus f\u00e4hrt zu beiden Flugh\u00e4fen, sodass Sie den Abflughafen frei w\u00e4hlen k\u00f6nnen. Bitte beachten Sie aber, dass f\u00fcr Glasgow und Edinburgh keine R\u00fcckfl\u00fcge vor 17:00 Uhr gebucht werden k\u00f6nnen. Ende der Rundreise \u201eSchottlands romantische K\u00fcsten und Inseln\u201c.<\/p>\n<p><strong>Eingeschlossene Leistungen<\/strong><\/p>\n<p>8 \u00dcbernachtungen in guten Mittelklassehotels im Doppelzimmer<\/p>\n<p>8x Fr\u00fchst\u00fcck und 7x Abendessen (au\u00dfer 1. Abend in Glasgow)<\/p>\n<p>Moderner Reisebus und deutschsprachige Reiseleitung von Tag 2 bis Tag 9 laut<\/p>\n<p>Programm<\/p>\n<p>Eintritte:<\/p>\n<p>Brodick Castle (Schloss wird voraussichtlich an Ostern 2018 wieder zug\u00e4nglich sein), Kilmartin Glen Steinkreis, Iona Abtei, Armadale Castle G\u00e4rten, Standing Stones of Calanais, Blackhouse at Arnol<\/p>\n<p>F\u00e4hr\u00fcberfahrten:<\/p>\n<p>Ardrossan \u2013 Brodick (Arran Retour) + Portavadie &#8211; Tarbert<\/p>\n<p>Oban \u2013 Craignure (Mull) \u2013 Staffa \u2013 Iona \u2013 Craignure &#8211; Oban<\/p>\n<p>Mallaig \u2013 Armadale (Skye)<\/p>\n<p>Uig &#8211; Tarbert (Harris\/Lewis)<\/p>\n<p>Stornoway (Lewis) &#8211; Ullapool<\/p>\n<p>1 Reisef\u00fchrer \u00fcber Schottland<\/p>\n<p><strong>Nicht eingeschlossene Leistungen:<\/strong><\/p>\n<p>Flughafentransfer bei Anreise<\/p>\n<p>Weitere Mahlzeiten<\/p>\n<p>Pers\u00f6nliche Ausgaben<\/p>\n<p>Trinkgelder etc.<\/p>\n<p style=\"text-align: center;\"><a class=\"tidycta\" href=\"https:\/\/www.urlaubcornwall.de\/blog\/busreisen-durch-schottland-schottischen-highlands-und-inseln\/\">Suche Busreisen in Schottland<\/a><\/p>\n<p>UrlaubCornwall haben Touren im Angebot f\u00fcr Individualreisende. Hier finden Sie unsere Auswahl an fantastischen <a href=\"https:\/\/www.urlaubcornwall.de\/blog\/busreisen-durch-schottland-schottischen-highlands-und-inseln\/\">Busreisen in Schottland.<\/a><\/p>\n","protected":false},"excerpt":{"rendered":"<p>H\u00f6hepunkte:<\/p>\n","protected":false},"author":1,"featured_media":0,"parent":0,"menu_order":0,"comment_status":"closed","ping_status":"closed","template":"single-four.php","meta":[],"acf":[],"yoast_head":"<!-- This site is optimized with the Yoast SEO plugin v19.4 - https:\/\/yoast.com\/wordpress\/plugins\/seo\/ -->\n<title>Schottlands romantische K\u00fcsten und Inseln - Urlaub &amp; Reisen<\/title>\n<meta name=\"robots\" content=\"index, follow, max-snippet:-1, max-image-preview:large, max-video-preview:-1\" \/>\n<link rel=\"canonical\" href=\"https:\/\/www.urlaubcornwall.de\/blog\/schottlands-romantische-kuesten-und-inseln-9-tage\/\" \/>\n<meta property=\"og:locale\" content=\"en_US\" \/>\n<meta property=\"og:type\" content=\"article\" \/>\n<meta property=\"og:title\" content=\"Schottlands romantische K\u00fcsten und Inseln - Urlaub &amp; Reisen\" \/>\n<meta property=\"og:description\" content=\"H\u00f6hepunkte:\" \/>\n<meta property=\"og:url\" content=\"https:\/\/www.urlaubcornwall.de\/blog\/schottlands-romantische-kuesten-und-inseln-9-tage\/\" \/>\n<meta property=\"og:site_name\" content=\"Urlaub &amp; Reisen\" \/>\n<meta property=\"article:modified_time\" content=\"2024-05-30T11:58:05+00:00\" \/>\n<meta property=\"og:image\" content=\"https:\/\/www.urlaubcornwall.de\/blog\/wp-content\/uploads\/2024\/03\/Glenfinnan-Viaduct-Hogwarts-Express-schottland.jpg\" \/>\n<meta name=\"twitter:card\" content=\"summary\" \/>\n<meta name=\"twitter:label1\" content=\"Est. reading time\" \/>\n\t<meta name=\"twitter:data1\" content=\"6 minutes\" \/>\n<script type=\"application\/ld+json\" class=\"yoast-schema-graph\">{\"@context\":\"https:\/\/schema.org\",\"@graph\":[{\"@type\":\"WebSite\",\"@id\":\"https:\/\/www.urlaubcornwall.de\/blog\/#website\",\"url\":\"https:\/\/www.urlaubcornwall.de\/blog\/\",\"name\":\"Urlaub &amp; Reisen\",\"description\":\"Urlaub, Reisen, Cornwall und S\u00fcdengland: eine perfekte Kombination\",\"potentialAction\":[{\"@type\":\"SearchAction\",\"target\":{\"@type\":\"EntryPoint\",\"urlTemplate\":\"https:\/\/www.urlaubcornwall.de\/blog\/?s={search_term_string}\"},\"query-input\":\"required name=search_term_string\"}],\"inLanguage\":\"en-US\"},{\"@type\":\"WebPage\",\"@id\":\"https:\/\/www.urlaubcornwall.de\/blog\/schottlands-romantische-kuesten-und-inseln-9-tage\/\",\"url\":\"https:\/\/www.urlaubcornwall.de\/blog\/schottlands-romantische-kuesten-und-inseln-9-tage\/\",\"name\":\"Schottlands romantische K\u00fcsten und Inseln - Urlaub &amp; Reisen\",\"isPartOf\":{\"@id\":\"https:\/\/www.urlaubcornwall.de\/blog\/#website\"},\"datePublished\":\"2017-10-17T14:12:28+00:00\",\"dateModified\":\"2024-05-30T11:58:05+00:00\",\"breadcrumb\":{\"@id\":\"https:\/\/www.urlaubcornwall.de\/blog\/schottlands-romantische-kuesten-und-inseln-9-tage\/#breadcrumb\"},\"inLanguage\":\"en-US\",\"potentialAction\":[{\"@type\":\"ReadAction\",\"target\":[\"https:\/\/www.urlaubcornwall.de\/blog\/schottlands-romantische-kuesten-und-inseln-9-tage\/\"]}]},{\"@type\":\"BreadcrumbList\",\"@id\":\"https:\/\/www.urlaubcornwall.de\/blog\/schottlands-romantische-kuesten-und-inseln-9-tage\/#breadcrumb\",\"itemListElement\":[{\"@type\":\"ListItem\",\"position\":1,\"name\":\"Home\",\"item\":\"https:\/\/www.urlaubcornwall.de\/blog\/\"},{\"@type\":\"ListItem\",\"position\":2,\"name\":\"Schottlands romantische K\u00fcsten und Inseln\"}]}]}<\/script>\n<!-- \/ Yoast SEO plugin. -->","yoast_head_json":{"title":"Schottlands romantische K\u00fcsten und Inseln - Urlaub &amp; Reisen","robots":{"index":"index","follow":"follow","max-snippet":"max-snippet:-1","max-image-preview":"max-image-preview:large","max-video-preview":"max-video-preview:-1"},"canonical":"https:\/\/www.urlaubcornwall.de\/blog\/schottlands-romantische-kuesten-und-inseln-9-tage\/","og_locale":"en_US","og_type":"article","og_title":"Schottlands romantische K\u00fcsten und Inseln - Urlaub &amp; Reisen","og_description":"H\u00f6hepunkte:","og_url":"https:\/\/www.urlaubcornwall.de\/blog\/schottlands-romantische-kuesten-und-inseln-9-tage\/","og_site_name":"Urlaub &amp; Reisen","article_modified_time":"2024-05-30T11:58:05+00:00","og_image":[{"url":"https:\/\/www.urlaubcornwall.de\/blog\/wp-content\/uploads\/2024\/03\/Glenfinnan-Viaduct-Hogwarts-Express-schottland.jpg"}],"twitter_card":"summary","twitter_misc":{"Est. reading time":"6 minutes"},"schema":{"@context":"https:\/\/schema.org","@graph":[{"@type":"WebSite","@id":"https:\/\/www.urlaubcornwall.de\/blog\/#website","url":"https:\/\/www.urlaubcornwall.de\/blog\/","name":"Urlaub &amp; Reisen","description":"Urlaub, Reisen, Cornwall und S\u00fcdengland: eine perfekte Kombination","potentialAction":[{"@type":"SearchAction","target":{"@type":"EntryPoint","urlTemplate":"https:\/\/www.urlaubcornwall.de\/blog\/?s={search_term_string}"},"query-input":"required name=search_term_string"}],"inLanguage":"en-US"},{"@type":"WebPage","@id":"https:\/\/www.urlaubcornwall.de\/blog\/schottlands-romantische-kuesten-und-inseln-9-tage\/","url":"https:\/\/www.urlaubcornwall.de\/blog\/schottlands-romantische-kuesten-und-inseln-9-tage\/","name":"Schottlands romantische K\u00fcsten und Inseln - Urlaub &amp; Reisen","isPartOf":{"@id":"https:\/\/www.urlaubcornwall.de\/blog\/#website"},"datePublished":"2017-10-17T14:12:28+00:00","dateModified":"2024-05-30T11:58:05+00:00","breadcrumb":{"@id":"https:\/\/www.urlaubcornwall.de\/blog\/schottlands-romantische-kuesten-und-inseln-9-tage\/#breadcrumb"},"inLanguage":"en-US","potentialAction":[{"@type":"ReadAction","target":["https:\/\/www.urlaubcornwall.de\/blog\/schottlands-romantische-kuesten-und-inseln-9-tage\/"]}]},{"@type":"BreadcrumbList","@id":"https:\/\/www.urlaubcornwall.de\/blog\/schottlands-romantische-kuesten-und-inseln-9-tage\/#breadcrumb","itemListElement":[{"@type":"ListItem","position":1,"name":"Home","item":"https:\/\/www.urlaubcornwall.de\/blog\/"},{"@type":"ListItem","position":2,"name":"Schottlands romantische K\u00fcsten und Inseln"}]}]}},"_links":{"self":[{"href":"https:\/\/www.urlaubcornwall.de\/blog\/wp-json\/wp\/v2\/pages\/29685"}],"collection":[{"href":"https:\/\/www.urlaubcornwall.de\/blog\/wp-json\/wp\/v2\/pages"}],"about":[{"href":"https:\/\/www.urlaubcornwall.de\/blog\/wp-json\/wp\/v2\/types\/page"}],"author":[{"embeddable":true,"href":"https:\/\/www.urlaubcornwall.de\/blog\/wp-json\/wp\/v2\/users\/1"}],"replies":[{"embeddable":true,"href":"https:\/\/www.urlaubcornwall.de\/blog\/wp-json\/wp\/v2\/comments?post=29685"}],"version-history":[{"count":15,"href":"https:\/\/www.urlaubcornwall.de\/blog\/wp-json\/wp\/v2\/pages\/29685\/revisions"}],"predecessor-version":[{"id":50977,"href":"https:\/\/www.urlaubcornwall.de\/blog\/wp-json\/wp\/v2\/pages\/29685\/revisions\/50977"}],"wp:attachment":[{"href":"https:\/\/www.urlaubcornwall.de\/blog\/wp-json\/wp\/v2\/media?parent=29685"}],"curies":[{"name":"wp","href":"https:\/\/api.w.org\/{rel}","templated":true}]}}