{"id":29661,"date":"2017-10-17T09:04:49","date_gmt":"2017-10-17T09:04:49","guid":{"rendered":"https:\/\/www.urlaubcornwall.de\/blog\/?page_id=29661"},"modified":"2024-04-15T09:57:33","modified_gmt":"2024-04-15T09:57:33","slug":"ferienhaeuser-meer-schoensten-doerfer-und-kuestenstaedte-dorsets","status":"publish","type":"page","link":"https:\/\/www.urlaubcornwall.de\/blog\/ferienhaeuser-meer-schoensten-doerfer-und-kuestenstaedte-dorsets\/","title":{"rendered":"Ferienh\u00e4user am Meer Dorset- Sch\u00f6nsten D\u00f6rfer und K\u00fcstenst\u00e4dte"},"content":{"rendered":"<p><img loading=\"lazy\" class=\"aligncenter size-full wp-image-41213\" src=\"https:\/\/www.urlaubcornwall.de\/blog\/wp-content\/uploads\/2020\/11\/jurasss-kueste-e1713175000993.jpg\" alt=\"jurassic kueste dorset\" width=\"750\" height=\"567\"\/><\/p>\n<p style=\"text-align: center;\"><strong>Bei uns finden Sie Unterk\u00fcnfte am Meer zum Verlieben &#8211; so einfach ist das!<\/strong><\/p>\n<p style=\"text-align: center;\">Pers\u00f6nlich inspizierte Ferienh\u00e4user &amp; Ferienwohnungen am Meer in Dorset f\u00fcr Ihren Urlaub in S\u00fcdwest- England.<\/p>\n<p style=\"text-align: center;\"><a class=\"tidycta\" href=\"https:\/\/www.urlaubcornwall.de\/ferienhaeuser-fewos\/eng\/dorset\/dorset.html\">Suche Ferienh\u00e4user Dorset&gt;&gt;<\/a><\/p>\n<p>Sie finden Dorsets beste Urlaubsziele und Sch\u00f6ne St\u00e4dte.<\/p>\n<p style=\"text-align: center;\"><a class=\"plain\" href=\"https:\/\/www.urlaubcornwall.de\/ferienhaeuser-fewos\/eng\/dorset\/bournemouth-am-meer.html\">bournemouth-am-meer.html<\/a> (8)<\/p>\n<p style=\"text-align: center;\"><a class=\"plain\" href=\"https:\/\/www.urlaubcornwall.de\/ferienhaeuser-fewos\/eng\/dorset\/bridport-am-meer.html\">bridport-am-meer.html<\/a> (31)<\/p>\n<p style=\"text-align: center;\"><a class=\"plain\" href=\"https:\/\/www.urlaubcornwall.de\/ferienhaeuser-fewos\/eng\/dorset\/burton-bradstock-am-meer.html\">burton-bradstock-am-meer.html<\/a> (13)<\/p>\n<p style=\"text-align: center;\"><a class=\"plain\" href=\"https:\/\/www.urlaubcornwall.de\/ferienhaeuser-fewos\/eng\/dorset\/charmouth-am-meer.html\">charmouth-am-meer.html<\/a> (49)<\/p>\n<p style=\"text-align: center;\"><a class=\"plain\" href=\"https:\/\/www.urlaubcornwall.de\/ferienhaeuser-fewos\/eng\/dorset\/christchurch-am-meer.html\">christchurch-am-meer.html<\/a> (11)<\/p>\n<p style=\"text-align: center;\"><a class=\"plain\" href=\"https:\/\/www.urlaubcornwall.de\/ferienhaeuser-fewos\/eng\/dorset\/corfe-castle-am-meer.html\">corfe-castle-am-meer.html<\/a> (37)<\/p>\n<p style=\"text-align: center;\"><a class=\"plain\" href=\"https:\/\/www.urlaubcornwall.de\/ferienhaeuser-fewos\/eng\/dorset\/corfe-mullen-am-meer.html\">corfe-mullen-am-meer.html<\/a> (3)<\/p>\n<p style=\"text-align: center;\"><a class=\"plain\" href=\"https:\/\/www.urlaubcornwall.de\/ferienhaeuser-fewos\/eng\/dorset\/dorchester-am-meer.html\">dorchester-am-meer.html<\/a> (6)<\/p>\n<p style=\"text-align: center;\"><a class=\"plain\" href=\"https:\/\/www.urlaubcornwall.de\/ferienhaeuser-fewos\/eng\/dorset\/eype-am-meer.html\">eype-am-meer.html<\/a> (34)<\/p>\n<p style=\"text-align: center;\"><a class=\"plain\" href=\"https:\/\/www.urlaubcornwall.de\/ferienhaeuser-fewos\/eng\/dorset\/isle-of-purbeck-am-meer.html\">isle-of-purbeck-am-meer.html<\/a> (37)<\/p>\n<p style=\"text-align: center;\"><a class=\"plain\" href=\"https:\/\/www.urlaubcornwall.de\/ferienhaeuser-fewos\/eng\/dorset\/lulworth-am-meer.html\">lulworth-am-meer.html<\/a> (5)<\/p>\n<p style=\"text-align: center;\"><a class=\"plain\" href=\"https:\/\/www.urlaubcornwall.de\/ferienhaeuser-fewos\/eng\/dorset\/lyme-regis-am-meer.html\">lyme-regis-am-meer.html<\/a> (49)<\/p>\n<p style=\"text-align: center;\"><a class=\"plain\" href=\"https:\/\/www.urlaubcornwall.de\/ferienhaeuser-fewos\/eng\/dorset\/mudeford-am-meer.html\">mudeford-am-meer.html<\/a> (13)<\/p>\n<p style=\"text-align: center;\"><a class=\"plain\" href=\"https:\/\/www.urlaubcornwall.de\/ferienhaeuser-fewos\/eng\/dorset\/poole-am-meer.html\">poole-am-meer.html<\/a> (5)<\/p>\n<p style=\"text-align: center;\"><a class=\"plain\" href=\"https:\/\/www.urlaubcornwall.de\/ferienhaeuser-fewos\/eng\/dorset\/ringwood-am-meer.html\">ringwood-am-meer.html<\/a> (2)<\/p>\n<p style=\"text-align: center;\"><a class=\"plain\" href=\"https:\/\/www.urlaubcornwall.de\/ferienhaeuser-fewos\/eng\/dorset\/spetisbury-am-meer.html\">spetisbury-am-meer.html<\/a> (1)<\/p>\n<p style=\"text-align: center;\"><a class=\"plain\" href=\"https:\/\/www.urlaubcornwall.de\/ferienhaeuser-fewos\/eng\/dorset\/studland-am-meer.html\">studland-am-meer.html<\/a> (38)<\/p>\n<p style=\"text-align: center;\"><a class=\"plain\" href=\"https:\/\/www.urlaubcornwall.de\/ferienhaeuser-fewos\/eng\/dorset\/swanage-am-meer.html\">swanage-am-meer.html<\/a> (36)<\/p>\n<p style=\"text-align: center;\"><a class=\"plain\" href=\"https:\/\/www.urlaubcornwall.de\/ferienhaeuser-fewos\/eng\/dorset\/tolpuddle-am-meer.html\">tolpuddle-am-meer.html<\/a> (1)<\/p>\n<p style=\"text-align: center;\"><a class=\"plain\" href=\"https:\/\/www.urlaubcornwall.de\/ferienhaeuser-fewos\/eng\/dorset\/wareham-am-meer.html\">wareham-am-meer.html<\/a> (13)<\/p>\n<p style=\"text-align: center;\"><a class=\"plain\" href=\"https:\/\/www.urlaubcornwall.de\/ferienhaeuser-fewos\/eng\/dorset\/west-bay-am-meer.html\">west-bay-am-meer.html<\/a> (16)<\/p>\n<p style=\"text-align: center;\"><a class=\"plain\" href=\"https:\/\/www.urlaubcornwall.de\/ferienhaeuser-fewos\/eng\/dorset\/weymouth-am-meer.html\">weymouth-am-meer.html<\/a> (6)<\/p>\n<p style=\"text-align: center;\"><a class=\"plain\" href=\"https:\/\/www.urlaubcornwall.de\/ferienhaeuser-fewos\/eng\/dorset\/wimborne-minster-am-meer.html\">wimborne-minster-am-meer.html<\/a> (1)<\/p>\n\n<p style=\"text-align: center;\">Sie suchen nach einer einzigartigen Unterkunft in Dorset? Wir haben alles von Jurrasic K\u00fcste f\u00fcr Sie abgedeckt. Romantische Luxus-Retreats in Lyme Regis &amp; fantastische Privatunterk\u00fcnfte in&nbsp; Charmouth. Meerblick in Weymouth und Luxusvillen in Bournemouth. Betrachten Sie das Team hinter den Kulissen als Ihre Gastgeber, die sofort zur Stelle sind, um Sie vor, w\u00e4hrend und nach Ihrem Aufenthalt zu unterst\u00fctzen. So genie\u00dfen Sie einen unvergesslichen Urlaub in Dorset, <a href=\"https:\/\/www.urlaubcornwall.de\/reiseziel\/suedwestengland.php\">dem beliebtesten Reiseziel in S\u00fcdwest England.<\/a><\/p>\n","protected":false},"excerpt":{"rendered":"<p>Bei uns finden Sie Unterk\u00fcnfte am Meer zum Verlieben &#8211; so einfach ist das! Pers\u00f6nlich inspizierte Ferienh\u00e4user &amp; Ferienwohnungen am Meer in Dorset f\u00fcr Ihren Urlaub in S\u00fcdwest- England. Suche Ferienh\u00e4user Dorset&gt;&gt; Sie finden Dorsets beste Urlaubsziele und Sch\u00f6ne St\u00e4dte. bournemouth-am-meer.html (8) bridport-am-meer.html (31) burton-bradstock-am-meer.html (13) charmouth-am-meer.html (49) christchurch-am-meer.html (11) corfe-castle-am-meer.html (37) corfe-mullen-am-meer.html (3) dorchester-am-meer.html [&hellip;]<\/p>\n","protected":false},"author":1,"featured_media":0,"parent":0,"menu_order":0,"comment_status":"closed","ping_status":"closed","template":"single-four.php","meta":[],"acf":[],"yoast_head":"<!-- This site is optimized with the Yoast SEO plugin v19.4 - https:\/\/yoast.com\/wordpress\/plugins\/seo\/ -->\n<title>Ferienh\u00e4user am Meer Dorset- Sch\u00f6nsten D\u00f6rfer und K\u00fcstenst\u00e4dte - Urlaub &amp; Reisen<\/title>\n<meta name=\"robots\" content=\"index, follow, max-snippet:-1, max-image-preview:large, max-video-preview:-1\" \/>\n<link rel=\"canonical\" href=\"https:\/\/www.urlaubcornwall.de\/blog\/ferienhaeuser-meer-schoensten-doerfer-und-kuestenstaedte-dorsets\/\" \/>\n<meta property=\"og:locale\" content=\"en_US\" \/>\n<meta property=\"og:type\" content=\"article\" \/>\n<meta property=\"og:title\" content=\"Ferienh\u00e4user am Meer Dorset- Sch\u00f6nsten D\u00f6rfer und K\u00fcstenst\u00e4dte - Urlaub &amp; Reisen\" \/>\n<meta property=\"og:description\" content=\"Bei uns finden Sie Unterk\u00fcnfte am Meer zum Verlieben &#8211; so einfach ist das! Pers\u00f6nlich inspizierte Ferienh\u00e4user &amp; Ferienwohnungen am Meer in Dorset f\u00fcr Ihren Urlaub in S\u00fcdwest- England. Suche Ferienh\u00e4user Dorset&gt;&gt; Sie finden Dorsets beste Urlaubsziele und Sch\u00f6ne St\u00e4dte. bournemouth-am-meer.html (8) bridport-am-meer.html (31) burton-bradstock-am-meer.html (13) charmouth-am-meer.html (49) christchurch-am-meer.html (11) corfe-castle-am-meer.html (37) corfe-mullen-am-meer.html (3) dorchester-am-meer.html [&hellip;]\" \/>\n<meta property=\"og:url\" content=\"https:\/\/www.urlaubcornwall.de\/blog\/ferienhaeuser-meer-schoensten-doerfer-und-kuestenstaedte-dorsets\/\" \/>\n<meta property=\"og:site_name\" content=\"Urlaub &amp; Reisen\" \/>\n<meta property=\"article:modified_time\" content=\"2024-04-15T09:57:33+00:00\" \/>\n<meta property=\"og:image\" content=\"https:\/\/www.urlaubcornwall.de\/blog\/wp-content\/uploads\/2020\/11\/jurasss-kueste-e1713175000993.jpg\" \/>\n<meta name=\"twitter:card\" content=\"summary\" \/>\n<meta name=\"twitter:label1\" content=\"Est. reading time\" \/>\n\t<meta name=\"twitter:data1\" content=\"1 minute\" \/>\n<script type=\"application\/ld+json\" class=\"yoast-schema-graph\">{\"@context\":\"https:\/\/schema.org\",\"@graph\":[{\"@type\":\"WebSite\",\"@id\":\"https:\/\/www.urlaubcornwall.de\/blog\/#website\",\"url\":\"https:\/\/www.urlaubcornwall.de\/blog\/\",\"name\":\"Urlaub &amp; Reisen\",\"description\":\"Urlaub, Reisen, Cornwall und S\u00fcdengland: eine perfekte Kombination\",\"potentialAction\":[{\"@type\":\"SearchAction\",\"target\":{\"@type\":\"EntryPoint\",\"urlTemplate\":\"https:\/\/www.urlaubcornwall.de\/blog\/?s={search_term_string}\"},\"query-input\":\"required name=search_term_string\"}],\"inLanguage\":\"en-US\"},{\"@type\":\"WebPage\",\"@id\":\"https:\/\/www.urlaubcornwall.de\/blog\/ferienhaeuser-meer-schoensten-doerfer-und-kuestenstaedte-dorsets\/\",\"url\":\"https:\/\/www.urlaubcornwall.de\/blog\/ferienhaeuser-meer-schoensten-doerfer-und-kuestenstaedte-dorsets\/\",\"name\":\"Ferienh\u00e4user am Meer Dorset- Sch\u00f6nsten D\u00f6rfer und K\u00fcstenst\u00e4dte - Urlaub &amp; Reisen\",\"isPartOf\":{\"@id\":\"https:\/\/www.urlaubcornwall.de\/blog\/#website\"},\"datePublished\":\"2017-10-17T09:04:49+00:00\",\"dateModified\":\"2024-04-15T09:57:33+00:00\",\"breadcrumb\":{\"@id\":\"https:\/\/www.urlaubcornwall.de\/blog\/ferienhaeuser-meer-schoensten-doerfer-und-kuestenstaedte-dorsets\/#breadcrumb\"},\"inLanguage\":\"en-US\",\"potentialAction\":[{\"@type\":\"ReadAction\",\"target\":[\"https:\/\/www.urlaubcornwall.de\/blog\/ferienhaeuser-meer-schoensten-doerfer-und-kuestenstaedte-dorsets\/\"]}]},{\"@type\":\"BreadcrumbList\",\"@id\":\"https:\/\/www.urlaubcornwall.de\/blog\/ferienhaeuser-meer-schoensten-doerfer-und-kuestenstaedte-dorsets\/#breadcrumb\",\"itemListElement\":[{\"@type\":\"ListItem\",\"position\":1,\"name\":\"Home\",\"item\":\"https:\/\/www.urlaubcornwall.de\/blog\/\"},{\"@type\":\"ListItem\",\"position\":2,\"name\":\"Ferienh\u00e4user am Meer Dorset- Sch\u00f6nsten D\u00f6rfer und K\u00fcstenst\u00e4dte\"}]}]}<\/script>\n<!-- \/ Yoast SEO plugin. -->","yoast_head_json":{"title":"Ferienh\u00e4user am Meer Dorset- Sch\u00f6nsten D\u00f6rfer und K\u00fcstenst\u00e4dte - Urlaub &amp; Reisen","robots":{"index":"index","follow":"follow","max-snippet":"max-snippet:-1","max-image-preview":"max-image-preview:large","max-video-preview":"max-video-preview:-1"},"canonical":"https:\/\/www.urlaubcornwall.de\/blog\/ferienhaeuser-meer-schoensten-doerfer-und-kuestenstaedte-dorsets\/","og_locale":"en_US","og_type":"article","og_title":"Ferienh\u00e4user am Meer Dorset- Sch\u00f6nsten D\u00f6rfer und K\u00fcstenst\u00e4dte - Urlaub &amp; Reisen","og_description":"Bei uns finden Sie Unterk\u00fcnfte am Meer zum Verlieben &#8211; so einfach ist das! Pers\u00f6nlich inspizierte Ferienh\u00e4user &amp; Ferienwohnungen am Meer in Dorset f\u00fcr Ihren Urlaub in S\u00fcdwest- England. Suche Ferienh\u00e4user Dorset&gt;&gt; Sie finden Dorsets beste Urlaubsziele und Sch\u00f6ne St\u00e4dte. bournemouth-am-meer.html (8) bridport-am-meer.html (31) burton-bradstock-am-meer.html (13) charmouth-am-meer.html (49) christchurch-am-meer.html (11) corfe-castle-am-meer.html (37) corfe-mullen-am-meer.html (3) dorchester-am-meer.html [&hellip;]","og_url":"https:\/\/www.urlaubcornwall.de\/blog\/ferienhaeuser-meer-schoensten-doerfer-und-kuestenstaedte-dorsets\/","og_site_name":"Urlaub &amp; Reisen","article_modified_time":"2024-04-15T09:57:33+00:00","og_image":[{"url":"https:\/\/www.urlaubcornwall.de\/blog\/wp-content\/uploads\/2020\/11\/jurasss-kueste-e1713175000993.jpg"}],"twitter_card":"summary","twitter_misc":{"Est. reading time":"1 minute"},"schema":{"@context":"https:\/\/schema.org","@graph":[{"@type":"WebSite","@id":"https:\/\/www.urlaubcornwall.de\/blog\/#website","url":"https:\/\/www.urlaubcornwall.de\/blog\/","name":"Urlaub &amp; Reisen","description":"Urlaub, Reisen, Cornwall und S\u00fcdengland: eine perfekte Kombination","potentialAction":[{"@type":"SearchAction","target":{"@type":"EntryPoint","urlTemplate":"https:\/\/www.urlaubcornwall.de\/blog\/?s={search_term_string}"},"query-input":"required name=search_term_string"}],"inLanguage":"en-US"},{"@type":"WebPage","@id":"https:\/\/www.urlaubcornwall.de\/blog\/ferienhaeuser-meer-schoensten-doerfer-und-kuestenstaedte-dorsets\/","url":"https:\/\/www.urlaubcornwall.de\/blog\/ferienhaeuser-meer-schoensten-doerfer-und-kuestenstaedte-dorsets\/","name":"Ferienh\u00e4user am Meer Dorset- Sch\u00f6nsten D\u00f6rfer und K\u00fcstenst\u00e4dte - Urlaub &amp; Reisen","isPartOf":{"@id":"https:\/\/www.urlaubcornwall.de\/blog\/#website"},"datePublished":"2017-10-17T09:04:49+00:00","dateModified":"2024-04-15T09:57:33+00:00","breadcrumb":{"@id":"https:\/\/www.urlaubcornwall.de\/blog\/ferienhaeuser-meer-schoensten-doerfer-und-kuestenstaedte-dorsets\/#breadcrumb"},"inLanguage":"en-US","potentialAction":[{"@type":"ReadAction","target":["https:\/\/www.urlaubcornwall.de\/blog\/ferienhaeuser-meer-schoensten-doerfer-und-kuestenstaedte-dorsets\/"]}]},{"@type":"BreadcrumbList","@id":"https:\/\/www.urlaubcornwall.de\/blog\/ferienhaeuser-meer-schoensten-doerfer-und-kuestenstaedte-dorsets\/#breadcrumb","itemListElement":[{"@type":"ListItem","position":1,"name":"Home","item":"https:\/\/www.urlaubcornwall.de\/blog\/"},{"@type":"ListItem","position":2,"name":"Ferienh\u00e4user am Meer Dorset- Sch\u00f6nsten D\u00f6rfer und K\u00fcstenst\u00e4dte"}]}]}},"_links":{"self":[{"href":"https:\/\/www.urlaubcornwall.de\/blog\/wp-json\/wp\/v2\/pages\/29661"}],"collection":[{"href":"https:\/\/www.urlaubcornwall.de\/blog\/wp-json\/wp\/v2\/pages"}],"about":[{"href":"https:\/\/www.urlaubcornwall.de\/blog\/wp-json\/wp\/v2\/types\/page"}],"author":[{"embeddable":true,"href":"https:\/\/www.urlaubcornwall.de\/blog\/wp-json\/wp\/v2\/users\/1"}],"replies":[{"embeddable":true,"href":"https:\/\/www.urlaubcornwall.de\/blog\/wp-json\/wp\/v2\/comments?post=29661"}],"version-history":[{"count":7,"href":"https:\/\/www.urlaubcornwall.de\/blog\/wp-json\/wp\/v2\/pages\/29661\/revisions"}],"predecessor-version":[{"id":49417,"href":"https:\/\/www.urlaubcornwall.de\/blog\/wp-json\/wp\/v2\/pages\/29661\/revisions\/49417"}],"wp:attachment":[{"href":"https:\/\/www.urlaubcornwall.de\/blog\/wp-json\/wp\/v2\/media?parent=29661"}],"curies":[{"name":"wp","href":"https:\/\/api.w.org\/{rel}","templated":true}]}}