{"id":29656,"date":"2017-10-17T08:35:15","date_gmt":"2017-10-17T08:35:15","guid":{"rendered":"https:\/\/www.urlaubcornwall.de\/blog\/?page_id=29656"},"modified":"2024-04-15T15:53:13","modified_gmt":"2024-04-15T15:53:13","slug":"ferienhaeuser-mit-meerblick-schoensten-doerfer-und-kuestenstaedte-devons","status":"publish","type":"page","link":"https:\/\/www.urlaubcornwall.de\/blog\/ferienhaeuser-mit-meerblick-schoensten-doerfer-und-kuestenstaedte-devons\/","title":{"rendered":"Ferienh\u00e4user am Meer in Devon &#8211; Die sch\u00f6nsten D\u00f6rfer und K\u00fcstenst\u00e4dte"},"content":{"rendered":"<p><img loading=\"lazy\" class=\"aligncenter size-full wp-image-24551\" src=\"https:\/\/www.urlaubcornwall.de\/blog\/wp-content\/uploads\/2016\/06\/bigbury-am-meer.jpg\" alt=\"ferienhaus am meer devon urlaub\" width=\"748\" height=\"427\"\/><\/p>\n<p>Bei uns finden Sie Unterk\u00fcnfte am Meer zum Verlieben &#8211; so einfach ist das! Pers\u00f6nlich inspizierte Ferienh\u00e4user &amp; Ferienwohnungen am Meer in Devon f\u00fcr Ihren Urlaub in S\u00fcdwest- England.<\/p>\n<p>Indem Devon \u00fcber zwei besondere K\u00fcstenstriche verf\u00fcgt, bietet es den doppelten Spa\u00df f\u00fcr all jene, die entweder Wasserabenteuer oder Ruhe in Meeresn\u00e4he suchen.S\u00fcdwest-England hat einige der spektakul\u00e4rsten K\u00fcstenlandschaften und Str\u00e4nde in Gro\u00dfbritannien. <\/p>\n<p style=\"text-align: center;\"><a class=\"tidycta\" href=\"https:\/\/www.urlaubcornwall.de\/ferienhaeuser-fewos\/eng\/sued-devon\/sued-devon-am-meer.html\">Suche Ferienh\u00e4user am Meer<\/a><\/p>\n<div class=\"snippet\"> <a class=\"featured-item\" href=\"https:\/\/www.urlaubcornwall.de\/ferienhaeuser\/suedengland.php\"> <span class=\"image-holder\" style=\"background-image: url('https:\/\/www.urlaubcornwall.de\/blog\/wp-content\/uploads\/2018\/12\/ferienhaus-cornwall-mit-hund.jpg');\"><\/span> <span class=\"featured-content\"> \n<h2 class=\"featured-title\">Ferienh\u00e4user in Devon &#038; S\u00fcdengland<\/h2>\n<p class=\"featured-body\">Bei uns finden Sie Ferienh\u00e4user zum Verlieben &#8211; so einfach ist das! Dank seiner langen Geschichte, der reizvollen Landschaften und seinen vielen Attraktionen ist S\u00fcdengland ein wahres Mekka f\u00fcr Urlauber&#8230;..<\/p><\/span> <span class=\"featured-link-holder\"> <span class=\"featured-extra-info\"> \n<p>Pers\u00f6nlich inspizierter Ferienh\u00e4user<\/p>\n<\/span> \n<p class=\"featured-link\">DETAILS<\/p>\n<\/span> <\/a><\/div>\n\n<p style=\"text-align: center;\">Sie finden Devons beste Urlaubsziele und Sch\u00f6ne St\u00e4dte<\/p>\n\n<p style=\"text-align: center;\"><a class=\"plain\" href=\"https:\/\/www.urlaubcornwall.de\/ferienhaeuser-fewos\/eng\/sued-devon\/aylesbeare-am-meer.html\">Aylesbeare-am-meer.html<\/a> <\/p>\n<p style=\"text-align: center;\"><a class=\"plain\" href=\"https:\/\/www.urlaubcornwall.de\/ferienhaeuser-fewos\/eng\/sued-devon\/beer-am-meer.html\">Beer-am-meer.html<\/a> <\/p>\n<p style=\"text-align: center;\"><a class=\"plain\" href=\"https:\/\/www.urlaubcornwall.de\/ferienhaeuser-fewos\/eng\/sued-devon\/bere-ferrers-am-meer.html\">Bere Ferrers am Meer.html<\/a> <\/p>\n<p style=\"text-align: center;\"><a class=\"plain\" href=\"https:\/\/www.urlaubcornwall.de\/ferienhaeuser-fewos\/eng\/sued-devon\/bigbury-on-sea-am-meer.html\">Bigbury on se am Meer.html<\/a><\/p>\n<p style=\"text-align: center;\"><a class=\"plain\" href=\"https:\/\/www.urlaubcornwall.de\/ferienhaeuser-fewos\/eng\/sued-devon\/bovey-tracey-am-meer.html\">Bovey Tracey am Meer.html<\/a> <\/p>\n<p style=\"text-align: center;\"><a class=\"plain\" href=\"https:\/\/www.urlaubcornwall.de\/ferienhaeuser-fewos\/eng\/sued-devon\/branscombe-am-meer.html\">Branscombe am Meer.html<\/a> <\/p>\n<p style=\"text-align: center;\"><a class=\"plain\" href=\"https:\/\/www.urlaubcornwall.de\/ferienhaeuser-fewos\/eng\/sued-devon\/brixham-am-meer.html\">Brixham am Meer.html<\/a><\/p>\n<p style=\"text-align: center;\"><a class=\"plain\" href=\"https:\/\/www.urlaubcornwall.de\/ferienhaeuser-fewos\/eng\/sued-devon\/buckfastleigh-am-meer.html\">Buckfastleigh am Meer.html<\/a><\/p>\n<p style=\"text-align: center;\"><a class=\"plain\" href=\"https:\/\/www.urlaubcornwall.de\/ferienhaeuser-fewos\/eng\/sued-devon\/budleigh-salterton-am-meer.html\">Budleigh Salterton am Meer.html<\/a> <\/p>\n<p style=\"text-align: center;\"><a class=\"plain\" href=\"https:\/\/www.urlaubcornwall.de\/ferienhaeuser-fewos\/eng\/sued-devon\/colyton-am-meer.html\">Colyton am Meer.html<\/a> <\/p>\n<p style=\"text-align: center;\"><a class=\"plain\" href=\"https:\/\/www.urlaubcornwall.de\/ferienhaeuser-fewos\/eng\/sued-devon\/dartmouth-am-meer.html\">Dartmouth am Meer.html<\/a> <\/p>\n<p style=\"text-align: center;\"><a class=\"plain\" href=\"https:\/\/www.urlaubcornwall.de\/ferienhaeuser-fewos\/eng\/sued-devon\/dawlish-am-meer.html\">Dawlish am Meer.html<\/a> <\/p>\n<p style=\"text-align: center;\"><a class=\"plain\" href=\"https:\/\/www.urlaubcornwall.de\/ferienhaeuser-fewos\/eng\/sued-devon\/dawlish-warren-am-meer.html\">Dawlish Warren am Meer.html<\/a> <\/p>\n<p style=\"text-align: center;\"><a class=\"plain\" href=\"https:\/\/www.urlaubcornwall.de\/ferienhaeuser-fewos\/eng\/sued-devon\/exeter-am-meer.html\">Exeter am Meer.html<\/a> <\/p>\n<p style=\"text-align: center;\"><a class=\"plain\" href=\"https:\/\/www.urlaubcornwall.de\/ferienhaeuser-fewos\/eng\/sued-devon\/exmouth-am-meer.html\">Exmouth am Meer.html<\/a> <\/p>\n<p style=\"text-align: center;\"><a class=\"plain\" href=\"https:\/\/www.urlaubcornwall.de\/ferienhaeuser-fewos\/eng\/sued-devon\/galmpton-am-meer.html\">Galmpton am Meer.html<\/a> <\/p>\n<p style=\"text-align: center;\"><a class=\"plain\" href=\"https:\/\/www.urlaubcornwall.de\/ferienhaeuser-fewos\/eng\/sued-devon\/hope-cove-am-meer.html\">Hope Cove am Meer.html<\/a><\/p>\n<p style=\"text-align: center;\"><a class=\"plain\" href=\"https:\/\/www.urlaubcornwall.de\/ferienhaeuser-fewos\/eng\/sued-devon\/ivybridge-am-meer.html\">Ivybridge am Meer.html<\/a> <\/p>\n<p style=\"text-align: center;\"><a class=\"plain\" href=\"https:\/\/www.urlaubcornwall.de\/ferienhaeuser-fewos\/eng\/sued-devon\/kenn-am-meer.html\">Kenn am Meer.html<\/a> <\/p>\n<p style=\"text-align: center;\"><a class=\"plain\" href=\"https:\/\/www.urlaubcornwall.de\/ferienhaeuser-fewos\/eng\/sued-devon\/kingsbridge-am-meer.html\">Kingsbridge am Meer.html<\/a> <\/p>\n<p style=\"text-align: center;\"><a class=\"plain\" href=\"https:\/\/www.urlaubcornwall.de\/ferienhaeuser-fewos\/eng\/sued-devon\/kingston-am-meer.html\">Kingston am Meer.html<\/a> <\/p>\n<p style=\"text-align: center;\"><a class=\"plain\" href=\"https:\/\/www.urlaubcornwall.de\/ferienhaeuser-fewos\/eng\/sued-devon\/lympstone-am-meer.html\">Lympstone am Meer.html<\/a> <\/p>\n<p style=\"text-align: center;\"><a class=\"plain\" href=\"https:\/\/www.urlaubcornwall.de\/ferienhaeuser-fewos\/eng\/sued-devon\/modbury-am-meer.html\">Modbury am Meer.html<\/a> <\/p>\n<p style=\"text-align: center;\"><a class=\"plain\" href=\"https:\/\/www.urlaubcornwall.de\/ferienhaeuser-fewos\/eng\/sued-devon\/newton-abbot-am-meer.html\">Newton Abbot am Meer.html<\/a> <\/p>\n<p style=\"text-align: center;\"><a class=\"plain\" href=\"https:\/\/www.urlaubcornwall.de\/ferienhaeuser-fewos\/eng\/sued-devon\/newton-ferrers-am-meer.html\">Newton Ferrers am Meer.html<\/a> <\/p>\n<p style=\"text-align: center;\"><a class=\"plain\" href=\"https:\/\/www.urlaubcornwall.de\/ferienhaeuser-fewos\/eng\/sued-devon\/noss-mayo-am-meer.html\">Noss Mayo am Meer.html<\/a> <\/p>\n<p style=\"text-align: center;\"><a class=\"plain\" href=\"https:\/\/www.urlaubcornwall.de\/ferienhaeuser-fewos\/eng\/sued-devon\/paignton-am-meer.html\">Paignton am Meer.html<\/a> <\/p>\n<p style=\"text-align: center;\"><a class=\"plain\" href=\"https:\/\/www.urlaubcornwall.de\/ferienhaeuser-fewos\/eng\/sued-devon\/plymouth-am-meer.html\">Plymouth am Meer.html<\/a> <\/p>\n<p style=\"text-align: center;\"><a class=\"plain\" href=\"https:\/\/www.urlaubcornwall.de\/ferienhaeuser-fewos\/eng\/sued-devon\/plymouth-barbican-am-meer.html\">Plymouth Barbican am Meer.html<\/a> <\/p>\n<p style=\"text-align: center;\"><a class=\"plain\" href=\"https:\/\/www.urlaubcornwall.de\/ferienhaeuser-fewos\/eng\/sued-devon\/salcombe-am-meer.html\">Salcombe am Meer.html<\/a> <\/p>\n<p style=\"text-align: center;\"><a class=\"plain\" href=\"https:\/\/www.urlaubcornwall.de\/ferienhaeuser-fewos\/eng\/sued-devon\/seaton-am-meer.html\">Seaton am Meer.html<\/a> <\/p>\n<p style=\"text-align: center;\"><a class=\"plain\" href=\"https:\/\/www.urlaubcornwall.de\/ferienhaeuser-fewos\/eng\/sued-devon\/shaldon-am-meer.html\">Shaldon am Meer.html<\/a> <\/p>\n<p style=\"text-align: center;\"><a class=\"plain\" href=\"https:\/\/www.urlaubcornwall.de\/ferienhaeuser-fewos\/eng\/sued-devon\/sidmouth-am-meer.html\">Sidmouth am Meer.html<\/a> <\/p>\n<p style=\"text-align: center;\"><a class=\"plain\" href=\"https:\/\/www.urlaubcornwall.de\/ferienhaeuser-fewos\/eng\/sued-devon\/south-allington-am-meer.html\">South-allington am Meer.html<\/a> <\/p>\n<p style=\"text-align: center;\"><a class=\"plain\" href=\"https:\/\/www.urlaubcornwall.de\/ferienhaeuser-fewos\/eng\/sued-devon\/teignmouth-am-meer.html\">Teignmouth am Meer.html<\/a> <\/p>\n<p style=\"text-align: center;\"><a class=\"plain\" href=\"https:\/\/www.urlaubcornwall.de\/ferienhaeuser-fewos\/eng\/sued-devon\/thurlestone-am-meer.html\">Thurlestone am Meer.html<\/a> <\/p>\n<p style=\"text-align: center;\"><a class=\"plain\" href=\"https:\/\/www.urlaubcornwall.de\/ferienhaeuser-fewos\/eng\/sued-devon\/topsham-am-meer.html\">Topsham am Meer.html<\/a> <\/p>\n<p style=\"text-align: center;\"><a class=\"plain\" href=\"https:\/\/www.urlaubcornwall.de\/ferienhaeuser-fewos\/eng\/sued-devon\/torcross-am-meer.html\">Torcross am Meer.html<\/a> <\/p>\n<p style=\"text-align: center;\"><a class=\"plain\" href=\"https:\/\/www.urlaubcornwall.de\/ferienhaeuser-fewos\/eng\/sued-devon\/torquay-am-meer.html\">Torquay am Meer.html<\/a> <\/p>\n<p style=\"text-align: center;\"><a class=\"plain\" href=\"https:\/\/www.urlaubcornwall.de\/ferienhaeuser-fewos\/eng\/sued-devon\/totnes-am-meer.html\">Totnes am Meer.html<\/a> <\/p>\n<p style=\"text-align: center;\"><a class=\"plain\" href=\"https:\/\/www.urlaubcornwall.de\/ferienhaeuser-fewos\/eng\/sued-devon\/wembury-am-meer.html\">Wembury am Meer.html<\/a> <\/p>\n\n<p style=\"text-align: center;\">Sie suchen nach einer einzigartigen Unterkunft in Devon? Wir haben alles von K\u00fcste zu K\u00fcste f\u00fcr Sie abgedeckt. Romantische Luxus-Retreats in Salcombe &amp; fantastische Privatunterk\u00fcnfte in Torquay. Meerblick in Clovelly und Luxusvillen in Dartmouth. Betrachten Sie das Team hinter den Kulissen als Ihre Gastgeber, die sofort zur Stelle sind, um Sie vor, w\u00e4hrend und nach Ihrem Aufenthalt zu unterst\u00fctzen. So genie\u00dfen Sie einen unvergesslichen Urlaub in Devon, <a href=\"https:\/\/www.urlaubcornwall.de\/reiseziel\/suedwestengland.php\">dem beliebtesten Reiseziel in S\u00fcdwest England.<\/a><\/p>\n","protected":false},"excerpt":{"rendered":"<p>Bei uns finden Sie Unterk\u00fcnfte am Meer zum Verlieben &#8211; so einfach ist das! Pers\u00f6nlich inspizierte Ferienh\u00e4user &amp; Ferienwohnungen am Meer in Devon f\u00fcr Ihren Urlaub in S\u00fcdwest- England. Indem Devon \u00fcber zwei besondere K\u00fcstenstriche verf\u00fcgt, bietet es den doppelten Spa\u00df f\u00fcr all jene, die entweder Wasserabenteuer oder Ruhe in Meeresn\u00e4he suchen.S\u00fcdwest-England hat einige der [&hellip;]<\/p>\n","protected":false},"author":1,"featured_media":0,"parent":0,"menu_order":0,"comment_status":"closed","ping_status":"closed","template":"single-four.php","meta":[],"acf":[],"yoast_head":"<!-- This site is optimized with the Yoast SEO plugin v19.4 - https:\/\/yoast.com\/wordpress\/plugins\/seo\/ -->\n<title>Ferienh\u00e4user am Meer in Devon - Die sch\u00f6nsten D\u00f6rfer und K\u00fcstenst\u00e4dte - Urlaub &amp; Reisen<\/title>\n<meta name=\"robots\" content=\"index, follow, max-snippet:-1, max-image-preview:large, max-video-preview:-1\" \/>\n<link rel=\"canonical\" href=\"https:\/\/www.urlaubcornwall.de\/blog\/ferienhaeuser-mit-meerblick-schoensten-doerfer-und-kuestenstaedte-devons\/\" \/>\n<meta property=\"og:locale\" content=\"en_US\" \/>\n<meta property=\"og:type\" content=\"article\" \/>\n<meta property=\"og:title\" content=\"Ferienh\u00e4user am Meer in Devon - Die sch\u00f6nsten D\u00f6rfer und K\u00fcstenst\u00e4dte - Urlaub &amp; Reisen\" \/>\n<meta property=\"og:description\" content=\"Bei uns finden Sie Unterk\u00fcnfte am Meer zum Verlieben &#8211; so einfach ist das! Pers\u00f6nlich inspizierte Ferienh\u00e4user &amp; Ferienwohnungen am Meer in Devon f\u00fcr Ihren Urlaub in S\u00fcdwest- England. Indem Devon \u00fcber zwei besondere K\u00fcstenstriche verf\u00fcgt, bietet es den doppelten Spa\u00df f\u00fcr all jene, die entweder Wasserabenteuer oder Ruhe in Meeresn\u00e4he suchen.S\u00fcdwest-England hat einige der [&hellip;]\" \/>\n<meta property=\"og:url\" content=\"https:\/\/www.urlaubcornwall.de\/blog\/ferienhaeuser-mit-meerblick-schoensten-doerfer-und-kuestenstaedte-devons\/\" \/>\n<meta property=\"og:site_name\" content=\"Urlaub &amp; Reisen\" \/>\n<meta property=\"article:modified_time\" content=\"2024-04-15T15:53:13+00:00\" \/>\n<meta property=\"og:image\" content=\"https:\/\/www.urlaubcornwall.de\/blog\/wp-content\/uploads\/2016\/06\/bigbury-am-meer.jpg\" \/>\n<meta name=\"twitter:card\" content=\"summary\" \/>\n<meta name=\"twitter:label1\" content=\"Est. reading time\" \/>\n\t<meta name=\"twitter:data1\" content=\"2 minutes\" \/>\n<script type=\"application\/ld+json\" class=\"yoast-schema-graph\">{\"@context\":\"https:\/\/schema.org\",\"@graph\":[{\"@type\":\"WebSite\",\"@id\":\"https:\/\/www.urlaubcornwall.de\/blog\/#website\",\"url\":\"https:\/\/www.urlaubcornwall.de\/blog\/\",\"name\":\"Urlaub &amp; Reisen\",\"description\":\"Urlaub, Reisen, Cornwall und S\u00fcdengland: eine perfekte Kombination\",\"potentialAction\":[{\"@type\":\"SearchAction\",\"target\":{\"@type\":\"EntryPoint\",\"urlTemplate\":\"https:\/\/www.urlaubcornwall.de\/blog\/?s={search_term_string}\"},\"query-input\":\"required name=search_term_string\"}],\"inLanguage\":\"en-US\"},{\"@type\":\"WebPage\",\"@id\":\"https:\/\/www.urlaubcornwall.de\/blog\/ferienhaeuser-mit-meerblick-schoensten-doerfer-und-kuestenstaedte-devons\/\",\"url\":\"https:\/\/www.urlaubcornwall.de\/blog\/ferienhaeuser-mit-meerblick-schoensten-doerfer-und-kuestenstaedte-devons\/\",\"name\":\"Ferienh\u00e4user am Meer in Devon - Die sch\u00f6nsten D\u00f6rfer und K\u00fcstenst\u00e4dte - Urlaub &amp; Reisen\",\"isPartOf\":{\"@id\":\"https:\/\/www.urlaubcornwall.de\/blog\/#website\"},\"datePublished\":\"2017-10-17T08:35:15+00:00\",\"dateModified\":\"2024-04-15T15:53:13+00:00\",\"breadcrumb\":{\"@id\":\"https:\/\/www.urlaubcornwall.de\/blog\/ferienhaeuser-mit-meerblick-schoensten-doerfer-und-kuestenstaedte-devons\/#breadcrumb\"},\"inLanguage\":\"en-US\",\"potentialAction\":[{\"@type\":\"ReadAction\",\"target\":[\"https:\/\/www.urlaubcornwall.de\/blog\/ferienhaeuser-mit-meerblick-schoensten-doerfer-und-kuestenstaedte-devons\/\"]}]},{\"@type\":\"BreadcrumbList\",\"@id\":\"https:\/\/www.urlaubcornwall.de\/blog\/ferienhaeuser-mit-meerblick-schoensten-doerfer-und-kuestenstaedte-devons\/#breadcrumb\",\"itemListElement\":[{\"@type\":\"ListItem\",\"position\":1,\"name\":\"Home\",\"item\":\"https:\/\/www.urlaubcornwall.de\/blog\/\"},{\"@type\":\"ListItem\",\"position\":2,\"name\":\"Ferienh\u00e4user am Meer in Devon &#8211; Die sch\u00f6nsten D\u00f6rfer und K\u00fcstenst\u00e4dte\"}]}]}<\/script>\n<!-- \/ Yoast SEO plugin. -->","yoast_head_json":{"title":"Ferienh\u00e4user am Meer in Devon - Die sch\u00f6nsten D\u00f6rfer und K\u00fcstenst\u00e4dte - Urlaub &amp; Reisen","robots":{"index":"index","follow":"follow","max-snippet":"max-snippet:-1","max-image-preview":"max-image-preview:large","max-video-preview":"max-video-preview:-1"},"canonical":"https:\/\/www.urlaubcornwall.de\/blog\/ferienhaeuser-mit-meerblick-schoensten-doerfer-und-kuestenstaedte-devons\/","og_locale":"en_US","og_type":"article","og_title":"Ferienh\u00e4user am Meer in Devon - Die sch\u00f6nsten D\u00f6rfer und K\u00fcstenst\u00e4dte - Urlaub &amp; Reisen","og_description":"Bei uns finden Sie Unterk\u00fcnfte am Meer zum Verlieben &#8211; so einfach ist das! Pers\u00f6nlich inspizierte Ferienh\u00e4user &amp; Ferienwohnungen am Meer in Devon f\u00fcr Ihren Urlaub in S\u00fcdwest- England. Indem Devon \u00fcber zwei besondere K\u00fcstenstriche verf\u00fcgt, bietet es den doppelten Spa\u00df f\u00fcr all jene, die entweder Wasserabenteuer oder Ruhe in Meeresn\u00e4he suchen.S\u00fcdwest-England hat einige der [&hellip;]","og_url":"https:\/\/www.urlaubcornwall.de\/blog\/ferienhaeuser-mit-meerblick-schoensten-doerfer-und-kuestenstaedte-devons\/","og_site_name":"Urlaub &amp; Reisen","article_modified_time":"2024-04-15T15:53:13+00:00","og_image":[{"url":"https:\/\/www.urlaubcornwall.de\/blog\/wp-content\/uploads\/2016\/06\/bigbury-am-meer.jpg"}],"twitter_card":"summary","twitter_misc":{"Est. reading time":"2 minutes"},"schema":{"@context":"https:\/\/schema.org","@graph":[{"@type":"WebSite","@id":"https:\/\/www.urlaubcornwall.de\/blog\/#website","url":"https:\/\/www.urlaubcornwall.de\/blog\/","name":"Urlaub &amp; Reisen","description":"Urlaub, Reisen, Cornwall und S\u00fcdengland: eine perfekte Kombination","potentialAction":[{"@type":"SearchAction","target":{"@type":"EntryPoint","urlTemplate":"https:\/\/www.urlaubcornwall.de\/blog\/?s={search_term_string}"},"query-input":"required name=search_term_string"}],"inLanguage":"en-US"},{"@type":"WebPage","@id":"https:\/\/www.urlaubcornwall.de\/blog\/ferienhaeuser-mit-meerblick-schoensten-doerfer-und-kuestenstaedte-devons\/","url":"https:\/\/www.urlaubcornwall.de\/blog\/ferienhaeuser-mit-meerblick-schoensten-doerfer-und-kuestenstaedte-devons\/","name":"Ferienh\u00e4user am Meer in Devon - Die sch\u00f6nsten D\u00f6rfer und K\u00fcstenst\u00e4dte - Urlaub &amp; Reisen","isPartOf":{"@id":"https:\/\/www.urlaubcornwall.de\/blog\/#website"},"datePublished":"2017-10-17T08:35:15+00:00","dateModified":"2024-04-15T15:53:13+00:00","breadcrumb":{"@id":"https:\/\/www.urlaubcornwall.de\/blog\/ferienhaeuser-mit-meerblick-schoensten-doerfer-und-kuestenstaedte-devons\/#breadcrumb"},"inLanguage":"en-US","potentialAction":[{"@type":"ReadAction","target":["https:\/\/www.urlaubcornwall.de\/blog\/ferienhaeuser-mit-meerblick-schoensten-doerfer-und-kuestenstaedte-devons\/"]}]},{"@type":"BreadcrumbList","@id":"https:\/\/www.urlaubcornwall.de\/blog\/ferienhaeuser-mit-meerblick-schoensten-doerfer-und-kuestenstaedte-devons\/#breadcrumb","itemListElement":[{"@type":"ListItem","position":1,"name":"Home","item":"https:\/\/www.urlaubcornwall.de\/blog\/"},{"@type":"ListItem","position":2,"name":"Ferienh\u00e4user am Meer in Devon &#8211; Die sch\u00f6nsten D\u00f6rfer und K\u00fcstenst\u00e4dte"}]}]}},"_links":{"self":[{"href":"https:\/\/www.urlaubcornwall.de\/blog\/wp-json\/wp\/v2\/pages\/29656"}],"collection":[{"href":"https:\/\/www.urlaubcornwall.de\/blog\/wp-json\/wp\/v2\/pages"}],"about":[{"href":"https:\/\/www.urlaubcornwall.de\/blog\/wp-json\/wp\/v2\/types\/page"}],"author":[{"embeddable":true,"href":"https:\/\/www.urlaubcornwall.de\/blog\/wp-json\/wp\/v2\/users\/1"}],"replies":[{"embeddable":true,"href":"https:\/\/www.urlaubcornwall.de\/blog\/wp-json\/wp\/v2\/comments?post=29656"}],"version-history":[{"count":14,"href":"https:\/\/www.urlaubcornwall.de\/blog\/wp-json\/wp\/v2\/pages\/29656\/revisions"}],"predecessor-version":[{"id":49763,"href":"https:\/\/www.urlaubcornwall.de\/blog\/wp-json\/wp\/v2\/pages\/29656\/revisions\/49763"}],"wp:attachment":[{"href":"https:\/\/www.urlaubcornwall.de\/blog\/wp-json\/wp\/v2\/media?parent=29656"}],"curies":[{"name":"wp","href":"https:\/\/api.w.org\/{rel}","templated":true}]}}