{"id":29646,"date":"2017-10-16T14:34:52","date_gmt":"2017-10-16T14:34:52","guid":{"rendered":"https:\/\/www.urlaubcornwall.de\/blog\/?page_id=29646"},"modified":"2021-08-09T08:00:42","modified_gmt":"2021-08-09T08:00:42","slug":"hotels-auf-den-scilly-inseln-mit-hund-zum-verlieben-einfach-ist-das","status":"publish","type":"page","link":"https:\/\/www.urlaubcornwall.de\/blog\/hotels-auf-den-scilly-inseln-mit-hund-zum-verlieben-einfach-ist-das\/","title":{"rendered":"Hotels auf den Scilly Inseln mit Hund zum Verlieben \u2013 so einfach ist das!"},"content":{"rendered":"<p><img loading=\"lazy\" class=\"aligncenter size-full wp-image-23461\" src=\"https:\/\/www.urlaubcornwall.de\/blog\/wp-content\/uploads\/2016\/04\/st-marys-scilly-inseln.jpg\" alt=\"hotels mit hund-scilly-inseln\" width=\"748\" height=\"391\"\/><br \/>\nDie sch\u00f6nsten Hundefreundliche Hotels auf die Isles of Scilly f\u00fcr Ihren Urlaub in Cornwall &#8211; >Die 5 <a href=\"https:\/\/www.urlaubcornwall.de\/Scilly-Inseln.php\">Scilly-Inseln<\/a> unweit der kornischen K\u00fcste sind ein wahres Paradies, auf dem man noch heute das Cornwall von fr\u00fcher entdecken kann. Als treue Besucher der Scilly-Inseln \u2013 wir kommen schon seit 25 Jahren immer wieder hierher \u2013 m\u00f6chten wir Ihnen unsere Auswahl der sch\u00f6nsten <a href=\"https:\/\/www.urlaubcornwall.de\/scilly-inseln-hotels.php\">Hotels auf den Scilly-Inseln<\/a> vorstellen.<\/p>\n<h2><a href=\"https:\/\/www.booking.com\/hotel\/gb\/karma-st-martin-39-s.html?aid=1320750&#038;no_rooms=1&#038;group_adults=2&#038;room1=A%2CA\" rel=\"nofollow\">4 Sterne Luxushotel am Meer Scilly Inseln<\/a><\/h2>\n<p>Karma auf St. Martin&#8217;s ist das einzige Hotel der Insel mit einem der besten Panorama-K\u00fcstenblicke der Inseln, \u00fcber das azurblaue Wasser des Tean Sound hinweg. Die Unterkunft besteht aus 27 individuell eingerichteten En-Suite-R\u00e4umen und 3 luxuri\u00f6sen Suiten. Sich anschlie\u00dfende Familienr\u00e4umlichkeiten sind auf Nachfrage hin erh\u00e4ltlich, und es ist ein hundefreundliches Hotel&#8230;.<a href=\"https:\/\/www.booking.com\/hotel\/gb\/karma-st-martin-39-s.html?aid=1320750&#038;no_rooms=1&#038;group_adults=2&#038;room1=A%2CA\" rel=\"nofollow\">[Mehr]<\/a><\/p>\n<h2><a href=\"https:\/\/www.booking.com\/hotel\/gb\/atlantic-st-marys.html?aid=1320750&#038;no_rooms=1&#038;group_adults=2&#038;room1=A%2CA\" rel=\"&quot;nofollow\">Atlantic Hotel Stilvoll G\u00fcnstig Unterkunft Isles of Scilly<\/a><\/h2>\n<p>Das Atlantic Hotel hat insgesamt 20 Zweibettzimmer mit Bad, von denen auch viele eine freie Sicht auf den Hafen und die K\u00fcste bieten. Es werden drei Zimmerkategorien (Standard, Sea View, Superior) angeboten, welche mit viel Liebe zum Detail m\u00f6bliert wurden. Jeder dieser R\u00e4ume ist mit Telefon, Radio, TV, Haartrockner und einer Tee-&amp; Kaffee-Station ausgestattet. Rauchen ist auf den Zimmern nicht erlaubt, kleine und gut erzogene Hunde sind jedoch gestattet&#8230;.<a href=\"https:\/\/www.booking.com\/hotel\/gb\/atlantic-st-marys.html?aid=1320750&#038;no_rooms=1&#038;group_adults=2&#038;room1=A%2CA\" rel=\"nofollow\">[Mehr]<\/a><\/p>\n<h2><a href=\"https:\/\/www.booking.com\/hotel\/gb\/tregarthen-s.html?aid=1320750&amp;no_rooms=1&amp;group_adults=2&amp;room1=A%2CA\" rel=\"nofollow\">3 Sterne Hotel mit Meerblick St Mary&#8217;s<\/a><\/h2>\n<p>Das Tregarthens Hotel war das erste Hotel auf St. Mary und besticht mit seiner einzigartigen Lage, direkt an der K\u00fcste. Wenn Sie eine entspannte und komfortable Atmosph\u00e4re suchen, sind Sie hier genau richtig. Nur ein paar Minuten zu Fu\u00df erreichen Sie von hier aus den Hafen und damit die Boote, welche Sie auch zu den anderen Inseln bringen&#8230;&#8230;<a href=\"https:\/\/www.booking.com\/hotel\/gb\/tregarthen-s.html?aid=1320750&amp;no_rooms=1&amp;group_adults=2&amp;room1=A%2CA\" rel=\"nofollow\">[Mehr]<\/a><\/p>\n<h2><a href=\"https:\/\/www.booking.com\/hotel\/gb\/st-marys-hall.html?aid=1320750&amp;amp;no_rooms=1&amp;amp;group_adults=2&amp;amp;room1=A%2CA\" rel=\"nofollow\">3 Sterne Hotel Hugh Town Scilly Inseln<\/a><\/h2>\n<p>Im Hotel ist die Eigent\u00fcmerin Roger mit ihren Mitarbeitern immer parat, um Sie dabei zu unterst\u00fctzen, die erstaunliche und einzigartige nat\u00fcrliche Umgebung der Scilly-Inseln in vollen Z\u00fcgen zu genie\u00dfen. Das Hotel spiegelt den entspannten und zeitlosen Lebensstil der Insel wider. Es liegt nur zwei Minuten vom Sandstrand Porthcressa und nur 5 Minuten Fu\u00dfweg im flachen Gel\u00e4nde vom Kai entfernt, es ist daher der perfekte Ausgangspunkt im perfekten Ort!&#8230;.<a href=\"https:\/\/www.booking.com\/hotel\/gb\/st-marys-hall.html?aid=1320750&amp;amp;no_rooms=1&amp;amp;group_adults=2&amp;amp;room1=A%2CA\" rel=\"nofollow\">[Mehr]<\/a><\/p>\n<h2><a href=\"https:\/\/www.booking.com\/hotel\/gb\/star-castle.html?aid=1320750&amp;no_rooms=1&amp;group_adults=2&amp;room1=A%2CA\" rel=\"nofollow\">Luxus Schlosshotel mit Meerblick St Mary&#8217;s<\/a><\/h2>\n<p>Dieses einzigartige Schloss aus dem 16. Jahrhundert wurde, wie der Name schon andeutet, in der Form eines achtzackigen Sterns gebaut. Auf den unber\u00fchrten <a href=\"http:\/\/www.urlaubcornwall.de\/Scilly-Inseln.php\">Scilly Inseln<\/a> gelegen ist es einfach der perfekte Ort f\u00fcr Ihren Traumurlaub in Cornwall, S\u00fcdenglands beliebtestem Urlaubsziel. Die G\u00e4stezimmer im Schloss selbst sind elegant im kornischen \u201eSeaside Style\u201c eingerichtet, strahlen aber dennoch den urspr\u00fcnglichen Charme und die Geschichte dieses ungew\u00f6hnlichen Geb\u00e4udes aus. Angrenzend an das Schloss gibt es auch Gartenzimmer und \u2013Suiten auf dem Hotelgel\u00e4nde, die ebenfalls hochwertig eingerichtet sind&#8230;..<a href=\"https:\/\/www.booking.com\/hotel\/gb\/star-castle.html?aid=1320750&amp;no_rooms=1&amp;group_adults=2&amp;room1=A%2CA\" rel=\"nofollow\">[Mehr]<\/a><\/p>\n<p><ins class=\"bookingaff\" data-aid=\"1713971\" data-target_aid=\"1713971\" data-prod=\"nsb\" data-width=\"100%\" data-height=\"auto\" data-dest_id=\"2738\" data-dest_type=\"region\"><br \/>\n    <!-- Anything inside will go away once widget is loaded. --><br \/>\n        <a href=\"\/\/www.booking.com?aid=1713971\"rel=\"nofollow\">Booking.com<\/a><br \/>\n<\/ins><br \/>\n<script type=\"text\/javascript\">\n    (function(d, sc, u) {\n      var s = d.createElement(sc), p = d.getElementsByTagName(sc)[0];\n      s.type = 'text\/javascript';\n      s.async = true;\n      s.src = u + '?v=' + (+new Date());\n      p.parentNode.insertBefore(s,p);\n      })(document, 'script', '\/\/aff.bstatic.com\/static\/affiliate_base\/js\/flexiproduct.js');\n<\/script><\/p>\n<p style=\"text-align: center;\"><a class=\"tidycta\" href=\"https:\/\/www.urlaubcornwall.de\/scilly-inseln-hotels.php\">Scilly Inseln mit Hund<\/a><\/p>\n","protected":false},"excerpt":{"rendered":"<p>Die sch\u00f6nsten Hundefreundliche Hotels auf die Isles of Scilly f\u00fcr Ihren Urlaub in Cornwall &#8211; >Die 5 Scilly-Inseln unweit der kornischen K\u00fcste sind ein wahres Paradies, auf dem man noch heute das Cornwall von fr\u00fcher entdecken kann. Als treue Besucher der Scilly-Inseln \u2013 wir kommen schon seit 25 Jahren immer wieder hierher \u2013 m\u00f6chten wir [&hellip;]<\/p>\n","protected":false},"author":1,"featured_media":0,"parent":0,"menu_order":0,"comment_status":"closed","ping_status":"closed","template":"single-four.php","meta":[],"acf":[],"yoast_head":"<!-- This site is optimized with the Yoast SEO plugin v19.4 - https:\/\/yoast.com\/wordpress\/plugins\/seo\/ -->\n<title>Hotels auf den Scilly Inseln mit Hund zum Verlieben \u2013 so einfach ist das! - Urlaub &amp; Reisen<\/title>\n<meta name=\"robots\" content=\"index, follow, max-snippet:-1, max-image-preview:large, max-video-preview:-1\" \/>\n<link rel=\"canonical\" href=\"https:\/\/www.urlaubcornwall.de\/blog\/hotels-auf-den-scilly-inseln-mit-hund-zum-verlieben-einfach-ist-das\/\" \/>\n<meta property=\"og:locale\" content=\"en_US\" \/>\n<meta property=\"og:type\" content=\"article\" \/>\n<meta property=\"og:title\" content=\"Hotels auf den Scilly Inseln mit Hund zum Verlieben \u2013 so einfach ist das! - Urlaub &amp; Reisen\" \/>\n<meta property=\"og:description\" content=\"Die sch\u00f6nsten Hundefreundliche Hotels auf die Isles of Scilly f\u00fcr Ihren Urlaub in Cornwall &#8211; &gt;Die 5 Scilly-Inseln unweit der kornischen K\u00fcste sind ein wahres Paradies, auf dem man noch heute das Cornwall von fr\u00fcher entdecken kann. Als treue Besucher der Scilly-Inseln \u2013 wir kommen schon seit 25 Jahren immer wieder hierher \u2013 m\u00f6chten wir [&hellip;]\" \/>\n<meta property=\"og:url\" content=\"https:\/\/www.urlaubcornwall.de\/blog\/hotels-auf-den-scilly-inseln-mit-hund-zum-verlieben-einfach-ist-das\/\" \/>\n<meta property=\"og:site_name\" content=\"Urlaub &amp; Reisen\" \/>\n<meta property=\"article:modified_time\" content=\"2021-08-09T08:00:42+00:00\" \/>\n<meta property=\"og:image\" content=\"https:\/\/www.urlaubcornwall.de\/blog\/wp-content\/uploads\/2016\/04\/st-marys-scilly-inseln.jpg\" \/>\n<meta name=\"twitter:card\" content=\"summary\" \/>\n<meta name=\"twitter:label1\" content=\"Est. reading time\" \/>\n\t<meta name=\"twitter:data1\" content=\"2 minutes\" \/>\n<script type=\"application\/ld+json\" class=\"yoast-schema-graph\">{\"@context\":\"https:\/\/schema.org\",\"@graph\":[{\"@type\":\"WebSite\",\"@id\":\"https:\/\/www.urlaubcornwall.de\/blog\/#website\",\"url\":\"https:\/\/www.urlaubcornwall.de\/blog\/\",\"name\":\"Urlaub &amp; Reisen\",\"description\":\"Urlaub, Reisen, Cornwall und S\u00fcdengland: eine perfekte Kombination\",\"potentialAction\":[{\"@type\":\"SearchAction\",\"target\":{\"@type\":\"EntryPoint\",\"urlTemplate\":\"https:\/\/www.urlaubcornwall.de\/blog\/?s={search_term_string}\"},\"query-input\":\"required name=search_term_string\"}],\"inLanguage\":\"en-US\"},{\"@type\":\"WebPage\",\"@id\":\"https:\/\/www.urlaubcornwall.de\/blog\/hotels-auf-den-scilly-inseln-mit-hund-zum-verlieben-einfach-ist-das\/\",\"url\":\"https:\/\/www.urlaubcornwall.de\/blog\/hotels-auf-den-scilly-inseln-mit-hund-zum-verlieben-einfach-ist-das\/\",\"name\":\"Hotels auf den Scilly Inseln mit Hund zum Verlieben \u2013 so einfach ist das! - Urlaub &amp; Reisen\",\"isPartOf\":{\"@id\":\"https:\/\/www.urlaubcornwall.de\/blog\/#website\"},\"datePublished\":\"2017-10-16T14:34:52+00:00\",\"dateModified\":\"2021-08-09T08:00:42+00:00\",\"breadcrumb\":{\"@id\":\"https:\/\/www.urlaubcornwall.de\/blog\/hotels-auf-den-scilly-inseln-mit-hund-zum-verlieben-einfach-ist-das\/#breadcrumb\"},\"inLanguage\":\"en-US\",\"potentialAction\":[{\"@type\":\"ReadAction\",\"target\":[\"https:\/\/www.urlaubcornwall.de\/blog\/hotels-auf-den-scilly-inseln-mit-hund-zum-verlieben-einfach-ist-das\/\"]}]},{\"@type\":\"BreadcrumbList\",\"@id\":\"https:\/\/www.urlaubcornwall.de\/blog\/hotels-auf-den-scilly-inseln-mit-hund-zum-verlieben-einfach-ist-das\/#breadcrumb\",\"itemListElement\":[{\"@type\":\"ListItem\",\"position\":1,\"name\":\"Home\",\"item\":\"https:\/\/www.urlaubcornwall.de\/blog\/\"},{\"@type\":\"ListItem\",\"position\":2,\"name\":\"Hotels auf den Scilly Inseln mit Hund zum Verlieben \u2013 so einfach ist das!\"}]}]}<\/script>\n<!-- \/ Yoast SEO plugin. -->","yoast_head_json":{"title":"Hotels auf den Scilly Inseln mit Hund zum Verlieben \u2013 so einfach ist das! - Urlaub &amp; Reisen","robots":{"index":"index","follow":"follow","max-snippet":"max-snippet:-1","max-image-preview":"max-image-preview:large","max-video-preview":"max-video-preview:-1"},"canonical":"https:\/\/www.urlaubcornwall.de\/blog\/hotels-auf-den-scilly-inseln-mit-hund-zum-verlieben-einfach-ist-das\/","og_locale":"en_US","og_type":"article","og_title":"Hotels auf den Scilly Inseln mit Hund zum Verlieben \u2013 so einfach ist das! - Urlaub &amp; Reisen","og_description":"Die sch\u00f6nsten Hundefreundliche Hotels auf die Isles of Scilly f\u00fcr Ihren Urlaub in Cornwall &#8211; >Die 5 Scilly-Inseln unweit der kornischen K\u00fcste sind ein wahres Paradies, auf dem man noch heute das Cornwall von fr\u00fcher entdecken kann. Als treue Besucher der Scilly-Inseln \u2013 wir kommen schon seit 25 Jahren immer wieder hierher \u2013 m\u00f6chten wir [&hellip;]","og_url":"https:\/\/www.urlaubcornwall.de\/blog\/hotels-auf-den-scilly-inseln-mit-hund-zum-verlieben-einfach-ist-das\/","og_site_name":"Urlaub &amp; Reisen","article_modified_time":"2021-08-09T08:00:42+00:00","og_image":[{"url":"https:\/\/www.urlaubcornwall.de\/blog\/wp-content\/uploads\/2016\/04\/st-marys-scilly-inseln.jpg"}],"twitter_card":"summary","twitter_misc":{"Est. reading time":"2 minutes"},"schema":{"@context":"https:\/\/schema.org","@graph":[{"@type":"WebSite","@id":"https:\/\/www.urlaubcornwall.de\/blog\/#website","url":"https:\/\/www.urlaubcornwall.de\/blog\/","name":"Urlaub &amp; Reisen","description":"Urlaub, Reisen, Cornwall und S\u00fcdengland: eine perfekte Kombination","potentialAction":[{"@type":"SearchAction","target":{"@type":"EntryPoint","urlTemplate":"https:\/\/www.urlaubcornwall.de\/blog\/?s={search_term_string}"},"query-input":"required name=search_term_string"}],"inLanguage":"en-US"},{"@type":"WebPage","@id":"https:\/\/www.urlaubcornwall.de\/blog\/hotels-auf-den-scilly-inseln-mit-hund-zum-verlieben-einfach-ist-das\/","url":"https:\/\/www.urlaubcornwall.de\/blog\/hotels-auf-den-scilly-inseln-mit-hund-zum-verlieben-einfach-ist-das\/","name":"Hotels auf den Scilly Inseln mit Hund zum Verlieben \u2013 so einfach ist das! - Urlaub &amp; Reisen","isPartOf":{"@id":"https:\/\/www.urlaubcornwall.de\/blog\/#website"},"datePublished":"2017-10-16T14:34:52+00:00","dateModified":"2021-08-09T08:00:42+00:00","breadcrumb":{"@id":"https:\/\/www.urlaubcornwall.de\/blog\/hotels-auf-den-scilly-inseln-mit-hund-zum-verlieben-einfach-ist-das\/#breadcrumb"},"inLanguage":"en-US","potentialAction":[{"@type":"ReadAction","target":["https:\/\/www.urlaubcornwall.de\/blog\/hotels-auf-den-scilly-inseln-mit-hund-zum-verlieben-einfach-ist-das\/"]}]},{"@type":"BreadcrumbList","@id":"https:\/\/www.urlaubcornwall.de\/blog\/hotels-auf-den-scilly-inseln-mit-hund-zum-verlieben-einfach-ist-das\/#breadcrumb","itemListElement":[{"@type":"ListItem","position":1,"name":"Home","item":"https:\/\/www.urlaubcornwall.de\/blog\/"},{"@type":"ListItem","position":2,"name":"Hotels auf den Scilly Inseln mit Hund zum Verlieben \u2013 so einfach ist das!"}]}]}},"_links":{"self":[{"href":"https:\/\/www.urlaubcornwall.de\/blog\/wp-json\/wp\/v2\/pages\/29646"}],"collection":[{"href":"https:\/\/www.urlaubcornwall.de\/blog\/wp-json\/wp\/v2\/pages"}],"about":[{"href":"https:\/\/www.urlaubcornwall.de\/blog\/wp-json\/wp\/v2\/types\/page"}],"author":[{"embeddable":true,"href":"https:\/\/www.urlaubcornwall.de\/blog\/wp-json\/wp\/v2\/users\/1"}],"replies":[{"embeddable":true,"href":"https:\/\/www.urlaubcornwall.de\/blog\/wp-json\/wp\/v2\/comments?post=29646"}],"version-history":[{"count":11,"href":"https:\/\/www.urlaubcornwall.de\/blog\/wp-json\/wp\/v2\/pages\/29646\/revisions"}],"predecessor-version":[{"id":42136,"href":"https:\/\/www.urlaubcornwall.de\/blog\/wp-json\/wp\/v2\/pages\/29646\/revisions\/42136"}],"wp:attachment":[{"href":"https:\/\/www.urlaubcornwall.de\/blog\/wp-json\/wp\/v2\/media?parent=29646"}],"curies":[{"name":"wp","href":"https:\/\/api.w.org\/{rel}","templated":true}]}}