{"id":29618,"date":"2017-10-16T10:49:04","date_gmt":"2017-10-16T10:49:04","guid":{"rendered":"https:\/\/www.urlaubcornwall.de\/blog\/?page_id=29618"},"modified":"2024-05-30T11:59:26","modified_gmt":"2024-05-30T11:59:26","slug":"luxus-ferienhaeuser-und-exquisite-unterkuenfte-kent","status":"publish","type":"page","link":"https:\/\/www.urlaubcornwall.de\/blog\/luxus-ferienhaeuser-und-exquisite-unterkuenfte-kent\/","title":{"rendered":"Luxus Ferienh\u00e4user und Exquisite Unterk\u00fcnfte in Kent"},"content":{"rendered":"<p><a href=\"https:\/\/www.urlaubcornwall.de\/blog\/wp-content\/uploads\/2024\/03\/leeds-castle-kent.jpg\"><img loading=\"lazy\" src=\"https:\/\/www.urlaubcornwall.de\/blog\/wp-content\/uploads\/2024\/03\/leeds-castle-kent.jpg\" alt=\"leeds castle kent\" width=\"515\" height=\"344\" class=\"alignnone size-full wp-image-47775\" srcset=\"https:\/\/www.urlaubcornwall.de\/blog\/wp-content\/uploads\/2024\/03\/leeds-castle-kent.jpg 515w, https:\/\/www.urlaubcornwall.de\/blog\/wp-content\/uploads\/2024\/03\/leeds-castle-kent-300x200.jpg 300w\" sizes=\"(max-width: 515px) 100vw, 515px\" \/><\/a><\/p>\n<p style=\"text-align: center;\"><strong>Bei uns finden Sie Luxus Unterk\u00fcnfte in Kent zum Verlieben &#8211; so einfach ist das!<\/strong><\/p>\n<p style=\"text-align: center;\">Hier finden sie pers\u00f6nlich inspizierten Luxuri\u00f6se Ferienh\u00e4user und Ferienwohnungen in Kent f\u00fcr Ihren Urlaub in England. Unterk\u00fcnfte der Spitzenklasse f\u00fcr 2 Personen, Familien und Gruppen mit 4, 6, 8, 10 oder 12 G\u00e4sten mit Hund.<\/p>\n<p style=\"text-align: center;\"><a class=\"tidycta\" href=\"https:\/\/www.urlaubcornwall.de\/ferienhaeuser-fewos\/eng\/kent\/kent-luxus-unterkuenfte.html\">Luxus Ferienh\u00e4user Kent &gt;&gt;<\/a><\/p>\n","protected":false},"excerpt":{"rendered":"<p>Bei uns finden Sie Luxus Unterk\u00fcnfte in Kent zum Verlieben &#8211; so einfach ist das! Hier finden sie pers\u00f6nlich inspizierten Luxuri\u00f6se Ferienh\u00e4user und Ferienwohnungen in Kent f\u00fcr Ihren Urlaub in England. Unterk\u00fcnfte der Spitzenklasse f\u00fcr 2 Personen, Familien und Gruppen mit 4, 6, 8, 10 oder 12 G\u00e4sten mit Hund. Luxus Ferienh\u00e4user Kent &gt;&gt;<\/p>\n","protected":false},"author":1,"featured_media":0,"parent":0,"menu_order":0,"comment_status":"closed","ping_status":"closed","template":"single-four.php","meta":[],"acf":[],"yoast_head":"<!-- This site is optimized with the Yoast SEO plugin v19.4 - https:\/\/yoast.com\/wordpress\/plugins\/seo\/ -->\n<title>Luxus Ferienh\u00e4user und Exquisite Unterk\u00fcnfte in Kent - Urlaub &amp; Reisen<\/title>\n<meta name=\"robots\" content=\"index, follow, max-snippet:-1, max-image-preview:large, max-video-preview:-1\" \/>\n<link rel=\"canonical\" href=\"https:\/\/www.urlaubcornwall.de\/blog\/luxus-ferienhaeuser-und-exquisite-unterkuenfte-kent\/\" \/>\n<meta property=\"og:locale\" content=\"en_US\" \/>\n<meta property=\"og:type\" content=\"article\" \/>\n<meta property=\"og:title\" content=\"Luxus Ferienh\u00e4user und Exquisite Unterk\u00fcnfte in Kent - Urlaub &amp; Reisen\" \/>\n<meta property=\"og:description\" content=\"Bei uns finden Sie Luxus Unterk\u00fcnfte in Kent zum Verlieben &#8211; so einfach ist das! Hier finden sie pers\u00f6nlich inspizierten Luxuri\u00f6se Ferienh\u00e4user und Ferienwohnungen in Kent f\u00fcr Ihren Urlaub in England. Unterk\u00fcnfte der Spitzenklasse f\u00fcr 2 Personen, Familien und Gruppen mit 4, 6, 8, 10 oder 12 G\u00e4sten mit Hund. Luxus Ferienh\u00e4user Kent &gt;&gt;\" \/>\n<meta property=\"og:url\" content=\"https:\/\/www.urlaubcornwall.de\/blog\/luxus-ferienhaeuser-und-exquisite-unterkuenfte-kent\/\" \/>\n<meta property=\"og:site_name\" content=\"Urlaub &amp; Reisen\" \/>\n<meta property=\"article:modified_time\" content=\"2024-05-30T11:59:26+00:00\" \/>\n<meta property=\"og:image\" content=\"https:\/\/www.urlaubcornwall.de\/blog\/wp-content\/uploads\/2024\/03\/leeds-castle-kent.jpg\" \/>\n<meta name=\"twitter:card\" content=\"summary\" \/>\n<meta name=\"twitter:label1\" content=\"Est. reading time\" \/>\n\t<meta name=\"twitter:data1\" content=\"1 minute\" \/>\n<script type=\"application\/ld+json\" class=\"yoast-schema-graph\">{\"@context\":\"https:\/\/schema.org\",\"@graph\":[{\"@type\":\"WebSite\",\"@id\":\"https:\/\/www.urlaubcornwall.de\/blog\/#website\",\"url\":\"https:\/\/www.urlaubcornwall.de\/blog\/\",\"name\":\"Urlaub &amp; Reisen\",\"description\":\"Urlaub, Reisen, Cornwall und S\u00fcdengland: eine perfekte Kombination\",\"potentialAction\":[{\"@type\":\"SearchAction\",\"target\":{\"@type\":\"EntryPoint\",\"urlTemplate\":\"https:\/\/www.urlaubcornwall.de\/blog\/?s={search_term_string}\"},\"query-input\":\"required name=search_term_string\"}],\"inLanguage\":\"en-US\"},{\"@type\":\"WebPage\",\"@id\":\"https:\/\/www.urlaubcornwall.de\/blog\/luxus-ferienhaeuser-und-exquisite-unterkuenfte-kent\/\",\"url\":\"https:\/\/www.urlaubcornwall.de\/blog\/luxus-ferienhaeuser-und-exquisite-unterkuenfte-kent\/\",\"name\":\"Luxus Ferienh\u00e4user und Exquisite Unterk\u00fcnfte in Kent - Urlaub &amp; Reisen\",\"isPartOf\":{\"@id\":\"https:\/\/www.urlaubcornwall.de\/blog\/#website\"},\"datePublished\":\"2017-10-16T10:49:04+00:00\",\"dateModified\":\"2024-05-30T11:59:26+00:00\",\"breadcrumb\":{\"@id\":\"https:\/\/www.urlaubcornwall.de\/blog\/luxus-ferienhaeuser-und-exquisite-unterkuenfte-kent\/#breadcrumb\"},\"inLanguage\":\"en-US\",\"potentialAction\":[{\"@type\":\"ReadAction\",\"target\":[\"https:\/\/www.urlaubcornwall.de\/blog\/luxus-ferienhaeuser-und-exquisite-unterkuenfte-kent\/\"]}]},{\"@type\":\"BreadcrumbList\",\"@id\":\"https:\/\/www.urlaubcornwall.de\/blog\/luxus-ferienhaeuser-und-exquisite-unterkuenfte-kent\/#breadcrumb\",\"itemListElement\":[{\"@type\":\"ListItem\",\"position\":1,\"name\":\"Home\",\"item\":\"https:\/\/www.urlaubcornwall.de\/blog\/\"},{\"@type\":\"ListItem\",\"position\":2,\"name\":\"Luxus Ferienh\u00e4user und Exquisite Unterk\u00fcnfte in Kent\"}]}]}<\/script>\n<!-- \/ Yoast SEO plugin. -->","yoast_head_json":{"title":"Luxus Ferienh\u00e4user und Exquisite Unterk\u00fcnfte in Kent - Urlaub &amp; Reisen","robots":{"index":"index","follow":"follow","max-snippet":"max-snippet:-1","max-image-preview":"max-image-preview:large","max-video-preview":"max-video-preview:-1"},"canonical":"https:\/\/www.urlaubcornwall.de\/blog\/luxus-ferienhaeuser-und-exquisite-unterkuenfte-kent\/","og_locale":"en_US","og_type":"article","og_title":"Luxus Ferienh\u00e4user und Exquisite Unterk\u00fcnfte in Kent - Urlaub &amp; Reisen","og_description":"Bei uns finden Sie Luxus Unterk\u00fcnfte in Kent zum Verlieben &#8211; so einfach ist das! Hier finden sie pers\u00f6nlich inspizierten Luxuri\u00f6se Ferienh\u00e4user und Ferienwohnungen in Kent f\u00fcr Ihren Urlaub in England. Unterk\u00fcnfte der Spitzenklasse f\u00fcr 2 Personen, Familien und Gruppen mit 4, 6, 8, 10 oder 12 G\u00e4sten mit Hund. Luxus Ferienh\u00e4user Kent &gt;&gt;","og_url":"https:\/\/www.urlaubcornwall.de\/blog\/luxus-ferienhaeuser-und-exquisite-unterkuenfte-kent\/","og_site_name":"Urlaub &amp; Reisen","article_modified_time":"2024-05-30T11:59:26+00:00","og_image":[{"url":"https:\/\/www.urlaubcornwall.de\/blog\/wp-content\/uploads\/2024\/03\/leeds-castle-kent.jpg"}],"twitter_card":"summary","twitter_misc":{"Est. reading time":"1 minute"},"schema":{"@context":"https:\/\/schema.org","@graph":[{"@type":"WebSite","@id":"https:\/\/www.urlaubcornwall.de\/blog\/#website","url":"https:\/\/www.urlaubcornwall.de\/blog\/","name":"Urlaub &amp; Reisen","description":"Urlaub, Reisen, Cornwall und S\u00fcdengland: eine perfekte Kombination","potentialAction":[{"@type":"SearchAction","target":{"@type":"EntryPoint","urlTemplate":"https:\/\/www.urlaubcornwall.de\/blog\/?s={search_term_string}"},"query-input":"required name=search_term_string"}],"inLanguage":"en-US"},{"@type":"WebPage","@id":"https:\/\/www.urlaubcornwall.de\/blog\/luxus-ferienhaeuser-und-exquisite-unterkuenfte-kent\/","url":"https:\/\/www.urlaubcornwall.de\/blog\/luxus-ferienhaeuser-und-exquisite-unterkuenfte-kent\/","name":"Luxus Ferienh\u00e4user und Exquisite Unterk\u00fcnfte in Kent - Urlaub &amp; Reisen","isPartOf":{"@id":"https:\/\/www.urlaubcornwall.de\/blog\/#website"},"datePublished":"2017-10-16T10:49:04+00:00","dateModified":"2024-05-30T11:59:26+00:00","breadcrumb":{"@id":"https:\/\/www.urlaubcornwall.de\/blog\/luxus-ferienhaeuser-und-exquisite-unterkuenfte-kent\/#breadcrumb"},"inLanguage":"en-US","potentialAction":[{"@type":"ReadAction","target":["https:\/\/www.urlaubcornwall.de\/blog\/luxus-ferienhaeuser-und-exquisite-unterkuenfte-kent\/"]}]},{"@type":"BreadcrumbList","@id":"https:\/\/www.urlaubcornwall.de\/blog\/luxus-ferienhaeuser-und-exquisite-unterkuenfte-kent\/#breadcrumb","itemListElement":[{"@type":"ListItem","position":1,"name":"Home","item":"https:\/\/www.urlaubcornwall.de\/blog\/"},{"@type":"ListItem","position":2,"name":"Luxus Ferienh\u00e4user und Exquisite Unterk\u00fcnfte in Kent"}]}]}},"_links":{"self":[{"href":"https:\/\/www.urlaubcornwall.de\/blog\/wp-json\/wp\/v2\/pages\/29618"}],"collection":[{"href":"https:\/\/www.urlaubcornwall.de\/blog\/wp-json\/wp\/v2\/pages"}],"about":[{"href":"https:\/\/www.urlaubcornwall.de\/blog\/wp-json\/wp\/v2\/types\/page"}],"author":[{"embeddable":true,"href":"https:\/\/www.urlaubcornwall.de\/blog\/wp-json\/wp\/v2\/users\/1"}],"replies":[{"embeddable":true,"href":"https:\/\/www.urlaubcornwall.de\/blog\/wp-json\/wp\/v2\/comments?post=29618"}],"version-history":[{"count":4,"href":"https:\/\/www.urlaubcornwall.de\/blog\/wp-json\/wp\/v2\/pages\/29618\/revisions"}],"predecessor-version":[{"id":50978,"href":"https:\/\/www.urlaubcornwall.de\/blog\/wp-json\/wp\/v2\/pages\/29618\/revisions\/50978"}],"wp:attachment":[{"href":"https:\/\/www.urlaubcornwall.de\/blog\/wp-json\/wp\/v2\/media?parent=29618"}],"curies":[{"name":"wp","href":"https:\/\/api.w.org\/{rel}","templated":true}]}}