{"id":29601,"date":"2017-10-16T09:57:26","date_gmt":"2017-10-16T09:57:26","guid":{"rendered":"https:\/\/www.urlaubcornwall.de\/blog\/?page_id=29601"},"modified":"2024-11-20T15:37:51","modified_gmt":"2024-11-20T15:37:51","slug":"rundreise-inspector-barnaby-selbst-zu-fahrende-strecken-england","status":"publish","type":"page","link":"https:\/\/www.urlaubcornwall.de\/blog\/rundreise-inspector-barnaby-selbst-zu-fahrende-strecken-england\/","title":{"rendered":"Rundreise Inspector Barnaby &#8211; Selbst zu fahrende Strecken in England"},"content":{"rendered":"<p><a href=\"https:\/\/www.urlaubcornwall.de\/blog\/wp-content\/uploads\/2024\/11\/Barnaby-Midsomer-Murders-dorf.jpg\"><img loading=\"lazy\" src=\"https:\/\/www.urlaubcornwall.de\/blog\/wp-content\/uploads\/2024\/11\/Barnaby-Midsomer-Murders-dorf.jpg\" alt=\"Barnaby Midsomer Murders dorf\" width=\"750\" height=\"563\" class=\"alignnone size-full wp-image-51823\" srcset=\"https:\/\/www.urlaubcornwall.de\/blog\/wp-content\/uploads\/2024\/11\/Barnaby-Midsomer-Murders-dorf.jpg 750w, https:\/\/www.urlaubcornwall.de\/blog\/wp-content\/uploads\/2024\/11\/Barnaby-Midsomer-Murders-dorf-300x225.jpg 300w\" sizes=\"(max-width: 750px) 100vw, 750px\" \/><\/a><\/p>\n<p><strong>Die sch\u00f6nsten Drehorte von Inspector Barnaby<\/strong>: Besuchen Sie auf einer selbst zu befahrenden Strecke durch die wundersch\u00f6ne Landschaft einige der 50 verschiedenen St\u00e4tte, die w\u00e4hrend der Drehaufnahmen von <a href=\"https:\/\/www.urlaubcornwall.de\/blog\/auf-den-spuren-von-inspector-barnaby-reisen-england\/\">Inspector Barnaby<\/a> benutzt wurden. Halten Sie an Inspector Barnabys Lieblingskneipe auf ein Bier an; schauen Sie sich die Dorfhallen, Kirchen, Herrenh\u00e4user und G\u00e4rten an, die allesamt in dieser beliebten Fernsehserie auftauchen.<\/p>\n<p>Die erste Strecke beginnt in Dorchester on Thames, in einem der h\u00fcbschesten D\u00f6rfer in Midsomer, dann geht es weiter nach Ewelme, einem winzigen und entz\u00fcckenden Dorf mit Wasserkressebeeten und einem Naturreservat. Fahren Sie weiter nach Watlington, das die kleinste Stadt in England sein soll. Hier werden Sie zahlreiche Shops und Restaurants finden, sowie die \u2018Causton Library\u2019. Der n\u00e4chste Haltepunkt ist Lewknor, ein h\u00fcbsches Dorf mit Geb\u00e4uden aus Ziegeln und Feuerstein. <\/p>\n<p><img loading=\"lazy\" class=\"aligncenter size-full wp-image-20368\" src=\"https:\/\/www.urlaubcornwall.de\/blog\/wp-content\/uploads\/2015\/10\/cotswolds-urlaub.jpg\" alt=\"Inspector Barnaby urlaub hotel\" width=\"749\" height=\"412\"\/><\/p>\n<p>Wenn Sie dann weiterfahren Richtung Chinnor, befinden Sie sich in den Chilterns; Die Dampfeisenbahn am Chinnor Bahnhof ist \u2018Holm Lane Junction\u2019 in Midsomer. Wenn Sie in Thame ankommen, sind die Geb\u00e4ude der Serie leicht erkennbar mit den Gesch\u00e4ften, der Kirche aus dem 13. Jahrhundert, Teeh\u00e4usern, der 700 Jahre alten Kneipe, Festen und Festivals, die das ganze Jahr \u00fcber stattfinden. Thame ist ein klassisches Midsomer Dorf. Kehren Sie \u00fcber Haseleys und die Miltons nach Dorchester- on -Thames zur\u00fcck. Die Fahrt d\u00fcrfte ungef\u00e4hr 3 \u00bd Stunden dauern.<\/p>\n<p style=\"text-align: center;\"><a class=\"tidycta\" href=\"https:\/\/www.urlaubcornwall.de\/blog\/englandreise-auf-den-spuren-von-inspector-barnaby-5-tage\/\">Rundreise Inspector Barnaby <\/a><\/p>\n<p>Die zweite selbst zu fahrende Strecke beginnt in Henley on Thames. In diesem beliebten Touristenort wurde Inspector Barnabys Interesse am Rudern geweckt. Machen Sie sich auf Richtung Nettlebed, wo Sie das White Hart Hotel finden werden, das in der Serie auftaucht. Nach Wallingford, das das originale Causton war; nehmen Sie sich Zeit f\u00fcr einen der Wanderpfade um die h\u00fcbsche Marktstadt herum, die am Fluss Thames liegt. Die ber\u00fchmte Krimiautorin Agatha Christie ist auf dem Friedhof im nahe gelegenen Cholsey begraben. Reisen Sie weiter zum h\u00fcbschen Dorf Moulsford, wo Sie zu Mittag essen und ein Boot auf dem Fluss Thames mieten k\u00f6nnen; fahren Sie dann weiter nach Goring und Streatley, bevor Sie Mapledurham House und Watermill erreichen, die in zahlreichen Verfilmungen und Fernsehserien, einschlie\u00dflich Inspector Barnaby, auftauchten. Dieses elisabethanische Herrenhaus ist von April-Oktober der \u00d6ffentlichkeit zug\u00e4nglich, und Besucher k\u00f6nnen an der Wasserm\u00fchle einen Cream Tea genie\u00dfen.<\/p>\n<div class=\"snippet\"> <a class=\"featured-item\" href=\" https:\/\/www.urlaubcornwall.de\/ferienhaeuser\/suedengland.php\"> <span class=\"image-holder\" style=\"background-image: url('https:\/\/www.urlaubcornwall.de\/blog\/wp-content\/uploads\/2018\/11\/landhaus-cornwall.jpg');\"><\/span> <span class=\"featured-content\"> \n<h2 class=\"featured-title\">Bei uns finden Sie Ferienh\u00e4user in die sch\u00f6nsten Drehorte von Inspector Barnaby<\/h2>\n<p class=\"featured-body\">Dank seiner langen Geschichte, der reizvollen Landschaften und seinen vielen Attraktionen ist S\u00fcdengland ein wahres Mekka f\u00fcr Urlauber&#8230;.<\/p>\n<\/span> <span class=\"featured-link-holder\"> <span class=\"featured-extra-info\"> \n<p> F\u00fcr Paare, Familien &#038; Gruppen<\/p>\n<\/span> \n<p class=\"featured-link\">DETAILS<\/p>\n<\/span> <\/a><\/div>\n<p>Wie Sie sich zur\u00fcckmachen Richtung Henley-on-Thames, k\u00f6nnen Sie Abstecher machen durch Dunsden Green, Rotherfield Peppard und Rotherfield Greys, die allesamt in Inspector Barnaby auftauchen. In der sanften Landschaft der Chilterns bei Rotherfield Greys befindet sich das malerische Tudor Herrenhaus Greys Court, das h\u00e4ufig in der Fernsehserie Inspector Barnaby und auch in Downton Abbey auftaucht. Greys Court befindet sich im Besitz des National Trust und ist das ganze Jahr \u00fcber der \u00d6ffentlichkeit zug\u00e4nglich. Die Fahrtzeit dieser Tour betr\u00e4gt ungef\u00e4hr 3 Stunden.<\/p>\n<p><strong>Midsomer mit dem Boot<\/strong><\/p>\n<p>Mieten Sie in Henley on Thames ein Boot und machen Sie eine Vergn\u00fcgungsfahrt entlang des Flusses Thames; besuchen Sie dabei 9 Midsomer St\u00e4dte und mehr als 30 verschiedene Filmorte. Genie\u00dfen Sie die Atmosph\u00e4re Midsomers und besuchen Sie die historischen Marktst\u00e4dte Henley, Sonning, Goring &amp; Streatley, Wallingford, Dorchester-on \u2013Thames, Moulsford, Wargrave, Hambledon und Marlow. Es gibt auch gef\u00fchrte Midsomer Bootstouren.<\/p>\n<p><strong>Erkunden Sie Midsomer mit dem Fahrrad<\/strong><\/p>\n<p>Wir k\u00f6nnen einen Radurlaub f\u00fcr Sie entlang der Drehorte und St\u00e4dte zusammenstellen, die in den Geschichten von Inspector Barnaby auftauchen.<\/p>\n<p style=\"text-align: center;\"><a class=\"tidycta\" href=\"https:\/\/www.urlaubcornwall.de\/radurlaub\/cornwall.php\">Radurlaub S\u00fcdengland &gt;<\/a><\/p>\n<p><script async src=\"https:\/\/pagead2.googlesyndication.com\/pagead\/js\/adsbygoogle.js?client=ca-pub-3901089389175725\"\n     crossorigin=\"anonymous\"><\/script><br \/>\n<!-- New UC --><br \/>\n<ins class=\"adsbygoogle\"\n     style=\"display:block\"\n     data-ad-client=\"ca-pub-3901089389175725\"\n     data-ad-slot=\"8080314818\"\n     data-ad-format=\"auto\"\n     data-full-width-responsive=\"true\"><\/ins><br \/>\n<script>\n     (adsbygoogle = window.adsbygoogle || []).push({});\n<\/script><\/p>\n","protected":false},"excerpt":{"rendered":"<p>Die sch\u00f6nsten Drehorte von Inspector Barnaby: Besuchen Sie auf einer selbst zu befahrenden Strecke durch die wundersch\u00f6ne Landschaft einige der 50 verschiedenen St\u00e4tte, die w\u00e4hrend der Drehaufnahmen von Inspector Barnaby benutzt wurden. Halten Sie an Inspector Barnabys Lieblingskneipe auf ein Bier an; schauen Sie sich die Dorfhallen, Kirchen, Herrenh\u00e4user und G\u00e4rten an, die allesamt in [&hellip;]<\/p>\n","protected":false},"author":1,"featured_media":0,"parent":0,"menu_order":0,"comment_status":"closed","ping_status":"closed","template":"single-four.php","meta":[],"acf":[],"yoast_head":"<!-- This site is optimized with the Yoast SEO plugin v19.4 - https:\/\/yoast.com\/wordpress\/plugins\/seo\/ -->\n<title>Rundreise Inspector Barnaby - Selbst zu fahrende Strecken in England - Urlaub &amp; Reisen<\/title>\n<meta name=\"robots\" content=\"index, follow, max-snippet:-1, max-image-preview:large, max-video-preview:-1\" \/>\n<link rel=\"canonical\" href=\"https:\/\/www.urlaubcornwall.de\/blog\/rundreise-inspector-barnaby-selbst-zu-fahrende-strecken-england\/\" \/>\n<meta property=\"og:locale\" content=\"en_US\" \/>\n<meta property=\"og:type\" content=\"article\" \/>\n<meta property=\"og:title\" content=\"Rundreise Inspector Barnaby - Selbst zu fahrende Strecken in England - Urlaub &amp; Reisen\" \/>\n<meta property=\"og:description\" content=\"Die sch\u00f6nsten Drehorte von Inspector Barnaby: Besuchen Sie auf einer selbst zu befahrenden Strecke durch die wundersch\u00f6ne Landschaft einige der 50 verschiedenen St\u00e4tte, die w\u00e4hrend der Drehaufnahmen von Inspector Barnaby benutzt wurden. Halten Sie an Inspector Barnabys Lieblingskneipe auf ein Bier an; schauen Sie sich die Dorfhallen, Kirchen, Herrenh\u00e4user und G\u00e4rten an, die allesamt in [&hellip;]\" \/>\n<meta property=\"og:url\" content=\"https:\/\/www.urlaubcornwall.de\/blog\/rundreise-inspector-barnaby-selbst-zu-fahrende-strecken-england\/\" \/>\n<meta property=\"og:site_name\" content=\"Urlaub &amp; Reisen\" \/>\n<meta property=\"article:modified_time\" content=\"2024-11-20T15:37:51+00:00\" \/>\n<meta property=\"og:image\" content=\"https:\/\/www.urlaubcornwall.de\/blog\/wp-content\/uploads\/2024\/11\/Barnaby-Midsomer-Murders-dorf.jpg\" \/>\n<meta name=\"twitter:card\" content=\"summary\" \/>\n<meta name=\"twitter:label1\" content=\"Est. reading time\" \/>\n\t<meta name=\"twitter:data1\" content=\"3 minutes\" \/>\n<script type=\"application\/ld+json\" class=\"yoast-schema-graph\">{\"@context\":\"https:\/\/schema.org\",\"@graph\":[{\"@type\":\"WebSite\",\"@id\":\"https:\/\/www.urlaubcornwall.de\/blog\/#website\",\"url\":\"https:\/\/www.urlaubcornwall.de\/blog\/\",\"name\":\"Urlaub &amp; Reisen\",\"description\":\"Urlaub, Reisen, Cornwall und S\u00fcdengland: eine perfekte Kombination\",\"potentialAction\":[{\"@type\":\"SearchAction\",\"target\":{\"@type\":\"EntryPoint\",\"urlTemplate\":\"https:\/\/www.urlaubcornwall.de\/blog\/?s={search_term_string}\"},\"query-input\":\"required name=search_term_string\"}],\"inLanguage\":\"en-US\"},{\"@type\":\"WebPage\",\"@id\":\"https:\/\/www.urlaubcornwall.de\/blog\/rundreise-inspector-barnaby-selbst-zu-fahrende-strecken-england\/\",\"url\":\"https:\/\/www.urlaubcornwall.de\/blog\/rundreise-inspector-barnaby-selbst-zu-fahrende-strecken-england\/\",\"name\":\"Rundreise Inspector Barnaby - Selbst zu fahrende Strecken in England - Urlaub &amp; Reisen\",\"isPartOf\":{\"@id\":\"https:\/\/www.urlaubcornwall.de\/blog\/#website\"},\"datePublished\":\"2017-10-16T09:57:26+00:00\",\"dateModified\":\"2024-11-20T15:37:51+00:00\",\"breadcrumb\":{\"@id\":\"https:\/\/www.urlaubcornwall.de\/blog\/rundreise-inspector-barnaby-selbst-zu-fahrende-strecken-england\/#breadcrumb\"},\"inLanguage\":\"en-US\",\"potentialAction\":[{\"@type\":\"ReadAction\",\"target\":[\"https:\/\/www.urlaubcornwall.de\/blog\/rundreise-inspector-barnaby-selbst-zu-fahrende-strecken-england\/\"]}]},{\"@type\":\"BreadcrumbList\",\"@id\":\"https:\/\/www.urlaubcornwall.de\/blog\/rundreise-inspector-barnaby-selbst-zu-fahrende-strecken-england\/#breadcrumb\",\"itemListElement\":[{\"@type\":\"ListItem\",\"position\":1,\"name\":\"Home\",\"item\":\"https:\/\/www.urlaubcornwall.de\/blog\/\"},{\"@type\":\"ListItem\",\"position\":2,\"name\":\"Rundreise Inspector Barnaby &#8211; Selbst zu fahrende Strecken in England\"}]}]}<\/script>\n<!-- \/ Yoast SEO plugin. -->","yoast_head_json":{"title":"Rundreise Inspector Barnaby - Selbst zu fahrende Strecken in England - Urlaub &amp; Reisen","robots":{"index":"index","follow":"follow","max-snippet":"max-snippet:-1","max-image-preview":"max-image-preview:large","max-video-preview":"max-video-preview:-1"},"canonical":"https:\/\/www.urlaubcornwall.de\/blog\/rundreise-inspector-barnaby-selbst-zu-fahrende-strecken-england\/","og_locale":"en_US","og_type":"article","og_title":"Rundreise Inspector Barnaby - Selbst zu fahrende Strecken in England - Urlaub &amp; Reisen","og_description":"Die sch\u00f6nsten Drehorte von Inspector Barnaby: Besuchen Sie auf einer selbst zu befahrenden Strecke durch die wundersch\u00f6ne Landschaft einige der 50 verschiedenen St\u00e4tte, die w\u00e4hrend der Drehaufnahmen von Inspector Barnaby benutzt wurden. Halten Sie an Inspector Barnabys Lieblingskneipe auf ein Bier an; schauen Sie sich die Dorfhallen, Kirchen, Herrenh\u00e4user und G\u00e4rten an, die allesamt in [&hellip;]","og_url":"https:\/\/www.urlaubcornwall.de\/blog\/rundreise-inspector-barnaby-selbst-zu-fahrende-strecken-england\/","og_site_name":"Urlaub &amp; Reisen","article_modified_time":"2024-11-20T15:37:51+00:00","og_image":[{"url":"https:\/\/www.urlaubcornwall.de\/blog\/wp-content\/uploads\/2024\/11\/Barnaby-Midsomer-Murders-dorf.jpg"}],"twitter_card":"summary","twitter_misc":{"Est. reading time":"3 minutes"},"schema":{"@context":"https:\/\/schema.org","@graph":[{"@type":"WebSite","@id":"https:\/\/www.urlaubcornwall.de\/blog\/#website","url":"https:\/\/www.urlaubcornwall.de\/blog\/","name":"Urlaub &amp; Reisen","description":"Urlaub, Reisen, Cornwall und S\u00fcdengland: eine perfekte Kombination","potentialAction":[{"@type":"SearchAction","target":{"@type":"EntryPoint","urlTemplate":"https:\/\/www.urlaubcornwall.de\/blog\/?s={search_term_string}"},"query-input":"required name=search_term_string"}],"inLanguage":"en-US"},{"@type":"WebPage","@id":"https:\/\/www.urlaubcornwall.de\/blog\/rundreise-inspector-barnaby-selbst-zu-fahrende-strecken-england\/","url":"https:\/\/www.urlaubcornwall.de\/blog\/rundreise-inspector-barnaby-selbst-zu-fahrende-strecken-england\/","name":"Rundreise Inspector Barnaby - Selbst zu fahrende Strecken in England - Urlaub &amp; Reisen","isPartOf":{"@id":"https:\/\/www.urlaubcornwall.de\/blog\/#website"},"datePublished":"2017-10-16T09:57:26+00:00","dateModified":"2024-11-20T15:37:51+00:00","breadcrumb":{"@id":"https:\/\/www.urlaubcornwall.de\/blog\/rundreise-inspector-barnaby-selbst-zu-fahrende-strecken-england\/#breadcrumb"},"inLanguage":"en-US","potentialAction":[{"@type":"ReadAction","target":["https:\/\/www.urlaubcornwall.de\/blog\/rundreise-inspector-barnaby-selbst-zu-fahrende-strecken-england\/"]}]},{"@type":"BreadcrumbList","@id":"https:\/\/www.urlaubcornwall.de\/blog\/rundreise-inspector-barnaby-selbst-zu-fahrende-strecken-england\/#breadcrumb","itemListElement":[{"@type":"ListItem","position":1,"name":"Home","item":"https:\/\/www.urlaubcornwall.de\/blog\/"},{"@type":"ListItem","position":2,"name":"Rundreise Inspector Barnaby &#8211; Selbst zu fahrende Strecken in England"}]}]}},"_links":{"self":[{"href":"https:\/\/www.urlaubcornwall.de\/blog\/wp-json\/wp\/v2\/pages\/29601"}],"collection":[{"href":"https:\/\/www.urlaubcornwall.de\/blog\/wp-json\/wp\/v2\/pages"}],"about":[{"href":"https:\/\/www.urlaubcornwall.de\/blog\/wp-json\/wp\/v2\/types\/page"}],"author":[{"embeddable":true,"href":"https:\/\/www.urlaubcornwall.de\/blog\/wp-json\/wp\/v2\/users\/1"}],"replies":[{"embeddable":true,"href":"https:\/\/www.urlaubcornwall.de\/blog\/wp-json\/wp\/v2\/comments?post=29601"}],"version-history":[{"count":18,"href":"https:\/\/www.urlaubcornwall.de\/blog\/wp-json\/wp\/v2\/pages\/29601\/revisions"}],"predecessor-version":[{"id":51825,"href":"https:\/\/www.urlaubcornwall.de\/blog\/wp-json\/wp\/v2\/pages\/29601\/revisions\/51825"}],"wp:attachment":[{"href":"https:\/\/www.urlaubcornwall.de\/blog\/wp-json\/wp\/v2\/media?parent=29601"}],"curies":[{"name":"wp","href":"https:\/\/api.w.org\/{rel}","templated":true}]}}