{"id":29589,"date":"2017-10-16T09:49:11","date_gmt":"2017-10-16T09:49:11","guid":{"rendered":"https:\/\/www.urlaubcornwall.de\/blog\/?page_id=29589"},"modified":"2024-11-20T15:34:21","modified_gmt":"2024-11-20T15:34:21","slug":"auf-den-spuren-von-inspector-barnaby-reisen-england","status":"publish","type":"page","link":"https:\/\/www.urlaubcornwall.de\/blog\/auf-den-spuren-von-inspector-barnaby-reisen-england\/","title":{"rendered":"Inspector Barnaby &#038; Midsomer \u2013 Urlaub &#038; Reisen in England"},"content":{"rendered":"<p><a href=\"https:\/\/www.urlaubcornwall.de\/blog\/wp-content\/uploads\/2024\/11\/Inspector-Barnaby-Midsomer.jpg\"><img loading=\"lazy\" src=\"https:\/\/www.urlaubcornwall.de\/blog\/wp-content\/uploads\/2024\/11\/Inspector-Barnaby-Midsomer.jpg\" alt=\"Inspector Barnaby Midsomer causton\" width=\"750\" height=\"563\" class=\"alignnone size-full wp-image-51821\" srcset=\"https:\/\/www.urlaubcornwall.de\/blog\/wp-content\/uploads\/2024\/11\/Inspector-Barnaby-Midsomer.jpg 750w, https:\/\/www.urlaubcornwall.de\/blog\/wp-content\/uploads\/2024\/11\/Inspector-Barnaby-Midsomer-300x225.jpg 300w\" sizes=\"(max-width: 750px) 100vw, 750px\" \/><\/a><\/p>\n<p style=\"text-align: center;\">\n\t\t<strong><br \/>\n\t\t        <a href=\"#drehorte\" title=\"Drehorte von Inspector Barnaby\">Drehorte von Inspector Barnaby<\/a> |<br \/>\n\t\t\t<a href=\"#rundreise\" title=\"Rundreise Inspector Barnaby\">Rundreise Inspector Barnaby<\/a><br \/>\n\t       <\/strong>\n\t<\/p>\n<p>Auf den Spuren von Inspector Barnaby &#8211; Fans der Krimifernsehserie Inspector Barnaby k\u00f6nnen w\u00e4hrend eines <a href=\"https:\/\/www.urlaubcornwall.de\/rundreisenservice.php\">Urlaubs in den idyllisch malerischen D\u00f6rfern S\u00fcdenglands<\/a> in seinen Fu\u00dfspuren stapfen. Innerhalb der feinsten englischen Landschaften von, <a href=\"https:\/\/www.urlaubcornwall.de\/ferienhaeuser-fewos\/eng\/oxfordshire\/oxfordshire.html\">Oxfordshire<\/a> und <a href=\"https:\/\/www.urlaubcornwall.de\/ferienhaeuser-fewos\/eng\/buckinghamshire\/buckinghamshire.html\">Buckinghamshire<\/a> gelegen, haben die typisch englischen D\u00f6rfer traditionelle Kneipen, Gr\u00fcnanlagen, Herrenh\u00e4user, urige Cottages, Dorffeste, Kricketspiele am Sonntagnachmittag, sowie Teeh\u00e4user, die den nachmitt\u00e4glichen Cream Tea servieren.<\/p>\n<p style=\"text-align: left;\">Inspector Barnaby spielt in der erfundenen Grafschaft Midsomer, und die Grafschaftsstadt tr\u00e4gt den erfundenen Namen Causton. Der Name Midsomer wurde inspiriert von den St\u00e4dten Somersets, insbesondere Midsomer Norton, das sich lediglich 16km von Bath aus befindet. Diese feine Marktstadt mit zahlreichen historischen Geb\u00e4uden befindet sich in einer herrlich l\u00e4ndlichen Gegend in der N\u00e4he der Mendip Hills, und der Fluss Somer flie\u00dft durch die Stadt.<\/p>\n<p style=\"text-align: center;\"><a class=\"tidycta\" href=\"https:\/\/www.urlaubcornwall.de\/blog\/englandreise-auf-den-spuren-von-inspector-barnaby-5-tage\/\">Ready-Made Rundreise Inspector Barnaby<\/a><\/p>\n<h2 id=\"drehorte\">Drehorte von Inspector Barnaby<\/h2>\n<p><strong>Causton<\/strong> &#8211; ist eine Kombination an St\u00e4dten in S\u00fcd-Oxfordshire; Wallingford war die Stadt, die urspr\u00fcnglich benutzt wurde. Diese entz\u00fcckende Marktstadt liegt an den Ufern des Flusses Thames und ist das Zuhause einer von Englands \u00e4ltesten und wichtigsten Burgen. Heute Ruine, wurde die Burg einst von Wilhelm dem Eroberer erbaut, und die G\u00e4rten sind ein friedvoller Ort, um umherzuspazieren. Sie k\u00f6nnen auch entlang der Ufer der Thames wandeln und den Spuren von Inspector Barnaby durch die Stadt folgen. Im Wallingford Museum finden Sie Details der diversen Filmst\u00e4tte in der Stadt.<\/p>\n<p><script async src=\"https:\/\/pagead2.googlesyndication.com\/pagead\/js\/adsbygoogle.js?client=ca-pub-3901089389175725\"\n     crossorigin=\"anonymous\"><\/script><br \/>\n<!-- New UC --><br \/>\n<ins class=\"adsbygoogle\"\n     style=\"display:block\"\n     data-ad-client=\"ca-pub-3901089389175725\"\n     data-ad-slot=\"8080314818\"\n     data-ad-format=\"auto\"\n     data-full-width-responsive=\"true\"><\/ins><br \/>\n<script>\n     (adsbygoogle = window.adsbygoogle || []).push({});\n<\/script><\/p>\n<p><strong>Thame<\/strong> &#8211; ist eine weitere Marktstadt in <a href=\"https:\/\/www.urlaubcornwall.de\/ferienhaeuser-fewos\/eng\/oxfordshire\/oxfordshire.html\">S\u00fcd-Oxfordshire<\/a>. In der Fernsehserie Inspector Barnaby ist dies Causton. Es gibt selbstgef\u00fchrte Wandertouren durch diese urige englische Marktstadt. Die unl\u00e4ngst als Causton benutzte Stadt ist das entz\u00fcckende Henley-on-Thames. Am Fluss Thames gelegen, ist diese malerische Stadt bekannt f\u00fcr ihre Ruderregatta, die in jedem Sommer stattfindet. Es gibt einen Wanderpfad durch die Stadt, um die Stellen zu sehen, die in Inspector Barnaby auftauchen; Sie k\u00f6nnen auch eine Midsomer Flussbootsfahrt entlang der Thames unternehmen.<\/p>\n<p><strong>Marlow<\/strong> &#8211;  liegt in h\u00fcbscher Umgebung am Fluss Thames und ist eine charmante georgianische Marktstadt, die in zahlreichen Inspektor Barnaby Geschichten auftauchte. Eine selbstgef\u00fchrte Tour der Drehorte beinhaltet die B\u00fccherei, die die Causton B\u00fccherei ist, die Two Brewers Kneipe, sowie das Kirchentor in der St Peters Stra\u00dfe. Marlow ist eine ausgezeichnete Basis, von der aus Sie mehr als 30 Drehorte der Umgebung vor Ort erkunden k\u00f6nnen.<\/p>\n<p><strong>Wallingford<\/strong> &#8211;  war der urspr\u00fcngliche Drehort f\u00fcr Causton. Diese traditionelle Marktstadt mit ihrer alten Burgruine hat in der englischen Geschichte eine gro\u00dfe Rolle gespielt. Es gibt selbstgef\u00fchrte Wanderungen durch die Stadt, die Orte mit einbeziehen, die in Inspektor Barnaby vorkommen, einschlie\u00dflich der Kirche, wo der Midsomer Worthy Chor singt.<\/p>\n<h2 id=\"rundreise\">Rundreise Inspector Barnaby<\/h2>\n<p>Besuchen Sie auf einer selbst zu befahrenden Strecke durch die wundersch\u00f6ne Landschaft einige der 50 verschiedenen St\u00e4tte, die w\u00e4hrend der Drehaufnahmen von Inspector Barnaby benutzt wurden. Halten Sie an Inspector Barnabys Lieblingskneipe auf ein Bier an; schauen Sie sich die Dorfhallen, Kirchen, Herrenh\u00e4user und G\u00e4rten an, die allesamt in dieser beliebten Fernsehserie auftauchen&#8230;. <a href=\"https:\/\/www.urlaubcornwall.de\/blog\/rundreise-inspector-barnaby-selbst-zu-fahrende-strecken-england\/\">Mehr<\/a><\/p>\n<div class=\"snippet\"> <a class=\"featured-item\" href=\" https:\/\/www.urlaubcornwall.de\/ferienhaeuser\/suedengland.php\"> <span class=\"image-holder\" style=\"background-image: url('https:\/\/www.urlaubcornwall.de\/blog\/wp-content\/uploads\/2018\/11\/landhaus-cornwall.jpg');\"><\/span> <span class=\"featured-content\"> \n<h2 class=\"featured-title\">Bei uns finden Sie Ferienh\u00e4user in die sch\u00f6nsten Drehorte von Inspector Barnaby<\/h2>\n<p class=\"featured-body\">Dank seiner langen Geschichte, der reizvollen Landschaften und seinen vielen Attraktionen ist S\u00fcdengland ein wahres Mekka f\u00fcr Urlauber&#8230;.<\/p>\n<\/span> <span class=\"featured-link-holder\"> <span class=\"featured-extra-info\"> \n<p> F\u00fcr Paare, Familien &#038; Gruppen<\/p>\n<\/span> \n<p class=\"featured-link\">DETAILS<\/p>\n<\/span> <\/a><\/div>\n<p><a href=\"https:\/\/www.urlaubcornwall.de\/blog\/rundreise-inspector-barnaby-selbst-zu-fahrende-strecken-england\/\">Inspector Barnaby \u2013 Selbst zu fahrende Strecken in England &gt;&gt;<\/a><\/p>\n","protected":false},"excerpt":{"rendered":"<p>Drehorte von Inspector Barnaby | Rundreise Inspector Barnaby Auf den Spuren von Inspector Barnaby &#8211; Fans der Krimifernsehserie Inspector Barnaby k\u00f6nnen w\u00e4hrend eines Urlaubs in den idyllisch malerischen D\u00f6rfern S\u00fcdenglands in seinen Fu\u00dfspuren stapfen. Innerhalb der feinsten englischen Landschaften von, Oxfordshire und Buckinghamshire gelegen, haben die typisch englischen D\u00f6rfer traditionelle Kneipen, Gr\u00fcnanlagen, Herrenh\u00e4user, urige Cottages, [&hellip;]<\/p>\n","protected":false},"author":1,"featured_media":0,"parent":0,"menu_order":0,"comment_status":"closed","ping_status":"closed","template":"single-four.php","meta":[],"acf":[],"yoast_head":"<!-- This site is optimized with the Yoast SEO plugin v19.4 - https:\/\/yoast.com\/wordpress\/plugins\/seo\/ -->\n<title>Inspector Barnaby &amp; Midsomer \u2013 Urlaub &amp; Reisen in England - Urlaub &amp; Reisen<\/title>\n<meta name=\"robots\" content=\"index, follow, max-snippet:-1, max-image-preview:large, max-video-preview:-1\" \/>\n<link rel=\"canonical\" href=\"https:\/\/www.urlaubcornwall.de\/blog\/auf-den-spuren-von-inspector-barnaby-reisen-england\/\" \/>\n<meta property=\"og:locale\" content=\"en_US\" \/>\n<meta property=\"og:type\" content=\"article\" \/>\n<meta property=\"og:title\" content=\"Inspector Barnaby &amp; Midsomer \u2013 Urlaub &amp; Reisen in England - Urlaub &amp; Reisen\" \/>\n<meta property=\"og:description\" content=\"Drehorte von Inspector Barnaby | Rundreise Inspector Barnaby Auf den Spuren von Inspector Barnaby &#8211; Fans der Krimifernsehserie Inspector Barnaby k\u00f6nnen w\u00e4hrend eines Urlaubs in den idyllisch malerischen D\u00f6rfern S\u00fcdenglands in seinen Fu\u00dfspuren stapfen. Innerhalb der feinsten englischen Landschaften von, Oxfordshire und Buckinghamshire gelegen, haben die typisch englischen D\u00f6rfer traditionelle Kneipen, Gr\u00fcnanlagen, Herrenh\u00e4user, urige Cottages, [&hellip;]\" \/>\n<meta property=\"og:url\" content=\"https:\/\/www.urlaubcornwall.de\/blog\/auf-den-spuren-von-inspector-barnaby-reisen-england\/\" \/>\n<meta property=\"og:site_name\" content=\"Urlaub &amp; Reisen\" \/>\n<meta property=\"article:modified_time\" content=\"2024-11-20T15:34:21+00:00\" \/>\n<meta property=\"og:image\" content=\"https:\/\/www.urlaubcornwall.de\/blog\/wp-content\/uploads\/2024\/11\/Inspector-Barnaby-Midsomer.jpg\" \/>\n<meta name=\"twitter:card\" content=\"summary\" \/>\n<meta name=\"twitter:label1\" content=\"Est. reading time\" \/>\n\t<meta name=\"twitter:data1\" content=\"3 minutes\" \/>\n<script type=\"application\/ld+json\" class=\"yoast-schema-graph\">{\"@context\":\"https:\/\/schema.org\",\"@graph\":[{\"@type\":\"WebSite\",\"@id\":\"https:\/\/www.urlaubcornwall.de\/blog\/#website\",\"url\":\"https:\/\/www.urlaubcornwall.de\/blog\/\",\"name\":\"Urlaub &amp; Reisen\",\"description\":\"Urlaub, Reisen, Cornwall und S\u00fcdengland: eine perfekte Kombination\",\"potentialAction\":[{\"@type\":\"SearchAction\",\"target\":{\"@type\":\"EntryPoint\",\"urlTemplate\":\"https:\/\/www.urlaubcornwall.de\/blog\/?s={search_term_string}\"},\"query-input\":\"required name=search_term_string\"}],\"inLanguage\":\"en-US\"},{\"@type\":\"WebPage\",\"@id\":\"https:\/\/www.urlaubcornwall.de\/blog\/auf-den-spuren-von-inspector-barnaby-reisen-england\/\",\"url\":\"https:\/\/www.urlaubcornwall.de\/blog\/auf-den-spuren-von-inspector-barnaby-reisen-england\/\",\"name\":\"Inspector Barnaby & Midsomer \u2013 Urlaub & Reisen in England - Urlaub &amp; Reisen\",\"isPartOf\":{\"@id\":\"https:\/\/www.urlaubcornwall.de\/blog\/#website\"},\"datePublished\":\"2017-10-16T09:49:11+00:00\",\"dateModified\":\"2024-11-20T15:34:21+00:00\",\"breadcrumb\":{\"@id\":\"https:\/\/www.urlaubcornwall.de\/blog\/auf-den-spuren-von-inspector-barnaby-reisen-england\/#breadcrumb\"},\"inLanguage\":\"en-US\",\"potentialAction\":[{\"@type\":\"ReadAction\",\"target\":[\"https:\/\/www.urlaubcornwall.de\/blog\/auf-den-spuren-von-inspector-barnaby-reisen-england\/\"]}]},{\"@type\":\"BreadcrumbList\",\"@id\":\"https:\/\/www.urlaubcornwall.de\/blog\/auf-den-spuren-von-inspector-barnaby-reisen-england\/#breadcrumb\",\"itemListElement\":[{\"@type\":\"ListItem\",\"position\":1,\"name\":\"Home\",\"item\":\"https:\/\/www.urlaubcornwall.de\/blog\/\"},{\"@type\":\"ListItem\",\"position\":2,\"name\":\"Inspector Barnaby &#038; Midsomer \u2013 Urlaub &#038; Reisen in England\"}]}]}<\/script>\n<!-- \/ Yoast SEO plugin. -->","yoast_head_json":{"title":"Inspector Barnaby & Midsomer \u2013 Urlaub & Reisen in England - Urlaub &amp; Reisen","robots":{"index":"index","follow":"follow","max-snippet":"max-snippet:-1","max-image-preview":"max-image-preview:large","max-video-preview":"max-video-preview:-1"},"canonical":"https:\/\/www.urlaubcornwall.de\/blog\/auf-den-spuren-von-inspector-barnaby-reisen-england\/","og_locale":"en_US","og_type":"article","og_title":"Inspector Barnaby & Midsomer \u2013 Urlaub & Reisen in England - Urlaub &amp; Reisen","og_description":"Drehorte von Inspector Barnaby | Rundreise Inspector Barnaby Auf den Spuren von Inspector Barnaby &#8211; Fans der Krimifernsehserie Inspector Barnaby k\u00f6nnen w\u00e4hrend eines Urlaubs in den idyllisch malerischen D\u00f6rfern S\u00fcdenglands in seinen Fu\u00dfspuren stapfen. Innerhalb der feinsten englischen Landschaften von, Oxfordshire und Buckinghamshire gelegen, haben die typisch englischen D\u00f6rfer traditionelle Kneipen, Gr\u00fcnanlagen, Herrenh\u00e4user, urige Cottages, [&hellip;]","og_url":"https:\/\/www.urlaubcornwall.de\/blog\/auf-den-spuren-von-inspector-barnaby-reisen-england\/","og_site_name":"Urlaub &amp; Reisen","article_modified_time":"2024-11-20T15:34:21+00:00","og_image":[{"url":"https:\/\/www.urlaubcornwall.de\/blog\/wp-content\/uploads\/2024\/11\/Inspector-Barnaby-Midsomer.jpg"}],"twitter_card":"summary","twitter_misc":{"Est. reading time":"3 minutes"},"schema":{"@context":"https:\/\/schema.org","@graph":[{"@type":"WebSite","@id":"https:\/\/www.urlaubcornwall.de\/blog\/#website","url":"https:\/\/www.urlaubcornwall.de\/blog\/","name":"Urlaub &amp; Reisen","description":"Urlaub, Reisen, Cornwall und S\u00fcdengland: eine perfekte Kombination","potentialAction":[{"@type":"SearchAction","target":{"@type":"EntryPoint","urlTemplate":"https:\/\/www.urlaubcornwall.de\/blog\/?s={search_term_string}"},"query-input":"required name=search_term_string"}],"inLanguage":"en-US"},{"@type":"WebPage","@id":"https:\/\/www.urlaubcornwall.de\/blog\/auf-den-spuren-von-inspector-barnaby-reisen-england\/","url":"https:\/\/www.urlaubcornwall.de\/blog\/auf-den-spuren-von-inspector-barnaby-reisen-england\/","name":"Inspector Barnaby & Midsomer \u2013 Urlaub & Reisen in England - Urlaub &amp; Reisen","isPartOf":{"@id":"https:\/\/www.urlaubcornwall.de\/blog\/#website"},"datePublished":"2017-10-16T09:49:11+00:00","dateModified":"2024-11-20T15:34:21+00:00","breadcrumb":{"@id":"https:\/\/www.urlaubcornwall.de\/blog\/auf-den-spuren-von-inspector-barnaby-reisen-england\/#breadcrumb"},"inLanguage":"en-US","potentialAction":[{"@type":"ReadAction","target":["https:\/\/www.urlaubcornwall.de\/blog\/auf-den-spuren-von-inspector-barnaby-reisen-england\/"]}]},{"@type":"BreadcrumbList","@id":"https:\/\/www.urlaubcornwall.de\/blog\/auf-den-spuren-von-inspector-barnaby-reisen-england\/#breadcrumb","itemListElement":[{"@type":"ListItem","position":1,"name":"Home","item":"https:\/\/www.urlaubcornwall.de\/blog\/"},{"@type":"ListItem","position":2,"name":"Inspector Barnaby &#038; Midsomer \u2013 Urlaub &#038; Reisen in England"}]}]}},"_links":{"self":[{"href":"https:\/\/www.urlaubcornwall.de\/blog\/wp-json\/wp\/v2\/pages\/29589"}],"collection":[{"href":"https:\/\/www.urlaubcornwall.de\/blog\/wp-json\/wp\/v2\/pages"}],"about":[{"href":"https:\/\/www.urlaubcornwall.de\/blog\/wp-json\/wp\/v2\/types\/page"}],"author":[{"embeddable":true,"href":"https:\/\/www.urlaubcornwall.de\/blog\/wp-json\/wp\/v2\/users\/1"}],"replies":[{"embeddable":true,"href":"https:\/\/www.urlaubcornwall.de\/blog\/wp-json\/wp\/v2\/comments?post=29589"}],"version-history":[{"count":25,"href":"https:\/\/www.urlaubcornwall.de\/blog\/wp-json\/wp\/v2\/pages\/29589\/revisions"}],"predecessor-version":[{"id":51822,"href":"https:\/\/www.urlaubcornwall.de\/blog\/wp-json\/wp\/v2\/pages\/29589\/revisions\/51822"}],"wp:attachment":[{"href":"https:\/\/www.urlaubcornwall.de\/blog\/wp-json\/wp\/v2\/media?parent=29589"}],"curies":[{"name":"wp","href":"https:\/\/api.w.org\/{rel}","templated":true}]}}