{"id":29576,"date":"2017-10-15T15:41:29","date_gmt":"2017-10-15T15:41:29","guid":{"rendered":"https:\/\/www.urlaubcornwall.de\/blog\/?page_id=29576"},"modified":"2019-04-02T08:27:19","modified_gmt":"2019-04-02T08:27:19","slug":"ferienhaeuser-arundel-mit-hund-zum-verlieben-einfach-ist-das","status":"publish","type":"page","link":"https:\/\/www.urlaubcornwall.de\/blog\/ferienhaeuser-arundel-mit-hund-zum-verlieben-einfach-ist-das\/","title":{"rendered":"Ferienh\u00e4user in Arundel mit Hund zum Verlieben &#8211; so einfach ist das!"},"content":{"rendered":"<p><img loading=\"lazy\" class=\"aligncenter size-full wp-image-29577\" src=\"https:\/\/www.urlaubcornwall.de\/blog\/wp-content\/uploads\/2017\/10\/schloss-arundel.jpg\" alt=\"ferienhaus arundel mit hund\" height=\"319\" width=\"743\" srcset=\"https:\/\/www.urlaubcornwall.de\/blog\/wp-content\/uploads\/2017\/10\/schloss-arundel.jpg 743w, https:\/\/www.urlaubcornwall.de\/blog\/wp-content\/uploads\/2017\/10\/schloss-arundel-300x129.jpg 300w\" sizes=\"(max-width: 743px) 100vw, 743px\" \/><\/p>\n<h1 style=\"text-align: center;\"><strong>Bei uns finden Sie Hundefreundliche Ferienh\u00e4user in Arundel zum Verlieben &#8211; so einfach ist das!<\/strong><\/h1>\n<p style=\"text-align: center;\">Mit dem Hund in den Urlaub zu fahren ist immer ein sch\u00f6nes Erlebnis, aber in Arundel mit seinen herrlichen Landschaften ist ein Urlaub mit dem vierbeinigen Freund einfach traumhaft. Nach einem aufregenden Tag im Freien kann Ihre gesamte Familie den Abend entspannt zusammen in Ihrem fantastischen Ferienhaus ausklingen lassen.<\/p>\n<p style=\"text-align: center;\">UrlaubCornwall.de hat eine einzigartige Sammlung pers\u00f6nlich inspizierter <a href=\"https:\/\/www.urlaubcornwall.de\/ferienhaeuser-fewos\/eng\/sussex\/sussex-hundefreundlich.html\">Ferienh\u00e4user und Ferienwohnungen in Arundel<\/a>,&nbsp;f\u00fcr Ihren Urlaub in Sussex und S\u00fcdengland.<\/p>\n<p style=\"text-align: center;\"><a class=\"tidycta\" href=\"https:\/\/www.urlaubcornwall.de\/ferienhaeuser\/sussex.php\">Ferienh\u00e4user mit Hund Sussex<\/a><\/p>\n<p style=\"text-align: center;\">UrlaubCornwall verf\u00fcgt Ferienh\u00e4user und Ferienwohnungen f\u00fcr Ihren <a href=\"https:\/\/www.urlaubcornwall.de\/reiseziel\/suedengland.php\">Urlaub in S\u00fcdengland<\/a>. Unterk\u00fcnfte der Spitzenklasse f\u00fcr 2 Personen, Familien und Gruppen mit 4, 6, 8, 10 oder 12 G\u00e4sten.<\/p>\n<p><img loading=\"lazy\" class=\"aligncenter size-full wp-image-24598\" src=\"https:\/\/www.urlaubcornwall.de\/blog\/wp-content\/uploads\/2016\/06\/urlaub-und-sudengland_logo-final.jpg\" height=\"361\" width=\"746\"\/><\/p>\n","protected":false},"excerpt":{"rendered":"<p>Bei uns finden Sie Hundefreundliche Ferienh\u00e4user in Arundel zum Verlieben &#8211; so einfach ist das! Mit dem Hund in den Urlaub zu fahren ist immer ein sch\u00f6nes Erlebnis, aber in Arundel mit seinen herrlichen Landschaften ist ein Urlaub mit dem vierbeinigen Freund einfach traumhaft. Nach einem aufregenden Tag im Freien kann Ihre gesamte Familie den [&hellip;]<\/p>\n","protected":false},"author":1,"featured_media":0,"parent":0,"menu_order":0,"comment_status":"closed","ping_status":"closed","template":"single-four.php","meta":[],"acf":[],"yoast_head":"<!-- This site is optimized with the Yoast SEO plugin v19.4 - https:\/\/yoast.com\/wordpress\/plugins\/seo\/ -->\n<title>Ferienh\u00e4user in Arundel mit Hund zum Verlieben - so einfach ist das! - Urlaub &amp; Reisen<\/title>\n<meta name=\"robots\" content=\"index, follow, max-snippet:-1, max-image-preview:large, max-video-preview:-1\" \/>\n<link rel=\"canonical\" href=\"https:\/\/www.urlaubcornwall.de\/blog\/ferienhaeuser-arundel-mit-hund-zum-verlieben-einfach-ist-das\/\" \/>\n<meta property=\"og:locale\" content=\"en_US\" \/>\n<meta property=\"og:type\" content=\"article\" \/>\n<meta property=\"og:title\" content=\"Ferienh\u00e4user in Arundel mit Hund zum Verlieben - so einfach ist das! - Urlaub &amp; Reisen\" \/>\n<meta property=\"og:description\" content=\"Bei uns finden Sie Hundefreundliche Ferienh\u00e4user in Arundel zum Verlieben &#8211; so einfach ist das! Mit dem Hund in den Urlaub zu fahren ist immer ein sch\u00f6nes Erlebnis, aber in Arundel mit seinen herrlichen Landschaften ist ein Urlaub mit dem vierbeinigen Freund einfach traumhaft. Nach einem aufregenden Tag im Freien kann Ihre gesamte Familie den [&hellip;]\" \/>\n<meta property=\"og:url\" content=\"https:\/\/www.urlaubcornwall.de\/blog\/ferienhaeuser-arundel-mit-hund-zum-verlieben-einfach-ist-das\/\" \/>\n<meta property=\"og:site_name\" content=\"Urlaub &amp; Reisen\" \/>\n<meta property=\"article:modified_time\" content=\"2019-04-02T08:27:19+00:00\" \/>\n<meta property=\"og:image\" content=\"https:\/\/www.urlaubcornwall.de\/blog\/wp-content\/uploads\/2017\/10\/schloss-arundel.jpg\" \/>\n<meta name=\"twitter:card\" content=\"summary\" \/>\n<meta name=\"twitter:label1\" content=\"Est. reading time\" \/>\n\t<meta name=\"twitter:data1\" content=\"1 minute\" \/>\n<script type=\"application\/ld+json\" class=\"yoast-schema-graph\">{\"@context\":\"https:\/\/schema.org\",\"@graph\":[{\"@type\":\"WebSite\",\"@id\":\"https:\/\/www.urlaubcornwall.de\/blog\/#website\",\"url\":\"https:\/\/www.urlaubcornwall.de\/blog\/\",\"name\":\"Urlaub &amp; Reisen\",\"description\":\"Urlaub, Reisen, Cornwall und S\u00fcdengland: eine perfekte Kombination\",\"potentialAction\":[{\"@type\":\"SearchAction\",\"target\":{\"@type\":\"EntryPoint\",\"urlTemplate\":\"https:\/\/www.urlaubcornwall.de\/blog\/?s={search_term_string}\"},\"query-input\":\"required name=search_term_string\"}],\"inLanguage\":\"en-US\"},{\"@type\":\"WebPage\",\"@id\":\"https:\/\/www.urlaubcornwall.de\/blog\/ferienhaeuser-arundel-mit-hund-zum-verlieben-einfach-ist-das\/\",\"url\":\"https:\/\/www.urlaubcornwall.de\/blog\/ferienhaeuser-arundel-mit-hund-zum-verlieben-einfach-ist-das\/\",\"name\":\"Ferienh\u00e4user in Arundel mit Hund zum Verlieben - so einfach ist das! - Urlaub &amp; Reisen\",\"isPartOf\":{\"@id\":\"https:\/\/www.urlaubcornwall.de\/blog\/#website\"},\"datePublished\":\"2017-10-15T15:41:29+00:00\",\"dateModified\":\"2019-04-02T08:27:19+00:00\",\"breadcrumb\":{\"@id\":\"https:\/\/www.urlaubcornwall.de\/blog\/ferienhaeuser-arundel-mit-hund-zum-verlieben-einfach-ist-das\/#breadcrumb\"},\"inLanguage\":\"en-US\",\"potentialAction\":[{\"@type\":\"ReadAction\",\"target\":[\"https:\/\/www.urlaubcornwall.de\/blog\/ferienhaeuser-arundel-mit-hund-zum-verlieben-einfach-ist-das\/\"]}]},{\"@type\":\"BreadcrumbList\",\"@id\":\"https:\/\/www.urlaubcornwall.de\/blog\/ferienhaeuser-arundel-mit-hund-zum-verlieben-einfach-ist-das\/#breadcrumb\",\"itemListElement\":[{\"@type\":\"ListItem\",\"position\":1,\"name\":\"Home\",\"item\":\"https:\/\/www.urlaubcornwall.de\/blog\/\"},{\"@type\":\"ListItem\",\"position\":2,\"name\":\"Ferienh\u00e4user in Arundel mit Hund zum Verlieben &#8211; so einfach ist das!\"}]}]}<\/script>\n<!-- \/ Yoast SEO plugin. -->","yoast_head_json":{"title":"Ferienh\u00e4user in Arundel mit Hund zum Verlieben - so einfach ist das! - Urlaub &amp; Reisen","robots":{"index":"index","follow":"follow","max-snippet":"max-snippet:-1","max-image-preview":"max-image-preview:large","max-video-preview":"max-video-preview:-1"},"canonical":"https:\/\/www.urlaubcornwall.de\/blog\/ferienhaeuser-arundel-mit-hund-zum-verlieben-einfach-ist-das\/","og_locale":"en_US","og_type":"article","og_title":"Ferienh\u00e4user in Arundel mit Hund zum Verlieben - so einfach ist das! - Urlaub &amp; Reisen","og_description":"Bei uns finden Sie Hundefreundliche Ferienh\u00e4user in Arundel zum Verlieben &#8211; so einfach ist das! Mit dem Hund in den Urlaub zu fahren ist immer ein sch\u00f6nes Erlebnis, aber in Arundel mit seinen herrlichen Landschaften ist ein Urlaub mit dem vierbeinigen Freund einfach traumhaft. Nach einem aufregenden Tag im Freien kann Ihre gesamte Familie den [&hellip;]","og_url":"https:\/\/www.urlaubcornwall.de\/blog\/ferienhaeuser-arundel-mit-hund-zum-verlieben-einfach-ist-das\/","og_site_name":"Urlaub &amp; Reisen","article_modified_time":"2019-04-02T08:27:19+00:00","og_image":[{"url":"https:\/\/www.urlaubcornwall.de\/blog\/wp-content\/uploads\/2017\/10\/schloss-arundel.jpg"}],"twitter_card":"summary","twitter_misc":{"Est. reading time":"1 minute"},"schema":{"@context":"https:\/\/schema.org","@graph":[{"@type":"WebSite","@id":"https:\/\/www.urlaubcornwall.de\/blog\/#website","url":"https:\/\/www.urlaubcornwall.de\/blog\/","name":"Urlaub &amp; Reisen","description":"Urlaub, Reisen, Cornwall und S\u00fcdengland: eine perfekte Kombination","potentialAction":[{"@type":"SearchAction","target":{"@type":"EntryPoint","urlTemplate":"https:\/\/www.urlaubcornwall.de\/blog\/?s={search_term_string}"},"query-input":"required name=search_term_string"}],"inLanguage":"en-US"},{"@type":"WebPage","@id":"https:\/\/www.urlaubcornwall.de\/blog\/ferienhaeuser-arundel-mit-hund-zum-verlieben-einfach-ist-das\/","url":"https:\/\/www.urlaubcornwall.de\/blog\/ferienhaeuser-arundel-mit-hund-zum-verlieben-einfach-ist-das\/","name":"Ferienh\u00e4user in Arundel mit Hund zum Verlieben - so einfach ist das! - Urlaub &amp; Reisen","isPartOf":{"@id":"https:\/\/www.urlaubcornwall.de\/blog\/#website"},"datePublished":"2017-10-15T15:41:29+00:00","dateModified":"2019-04-02T08:27:19+00:00","breadcrumb":{"@id":"https:\/\/www.urlaubcornwall.de\/blog\/ferienhaeuser-arundel-mit-hund-zum-verlieben-einfach-ist-das\/#breadcrumb"},"inLanguage":"en-US","potentialAction":[{"@type":"ReadAction","target":["https:\/\/www.urlaubcornwall.de\/blog\/ferienhaeuser-arundel-mit-hund-zum-verlieben-einfach-ist-das\/"]}]},{"@type":"BreadcrumbList","@id":"https:\/\/www.urlaubcornwall.de\/blog\/ferienhaeuser-arundel-mit-hund-zum-verlieben-einfach-ist-das\/#breadcrumb","itemListElement":[{"@type":"ListItem","position":1,"name":"Home","item":"https:\/\/www.urlaubcornwall.de\/blog\/"},{"@type":"ListItem","position":2,"name":"Ferienh\u00e4user in Arundel mit Hund zum Verlieben &#8211; so einfach ist das!"}]}]}},"_links":{"self":[{"href":"https:\/\/www.urlaubcornwall.de\/blog\/wp-json\/wp\/v2\/pages\/29576"}],"collection":[{"href":"https:\/\/www.urlaubcornwall.de\/blog\/wp-json\/wp\/v2\/pages"}],"about":[{"href":"https:\/\/www.urlaubcornwall.de\/blog\/wp-json\/wp\/v2\/types\/page"}],"author":[{"embeddable":true,"href":"https:\/\/www.urlaubcornwall.de\/blog\/wp-json\/wp\/v2\/users\/1"}],"replies":[{"embeddable":true,"href":"https:\/\/www.urlaubcornwall.de\/blog\/wp-json\/wp\/v2\/comments?post=29576"}],"version-history":[{"count":7,"href":"https:\/\/www.urlaubcornwall.de\/blog\/wp-json\/wp\/v2\/pages\/29576\/revisions"}],"predecessor-version":[{"id":37131,"href":"https:\/\/www.urlaubcornwall.de\/blog\/wp-json\/wp\/v2\/pages\/29576\/revisions\/37131"}],"wp:attachment":[{"href":"https:\/\/www.urlaubcornwall.de\/blog\/wp-json\/wp\/v2\/media?parent=29576"}],"curies":[{"name":"wp","href":"https:\/\/api.w.org\/{rel}","templated":true}]}}