{"id":29545,"date":"2017-10-13T14:36:12","date_gmt":"2017-10-13T14:36:12","guid":{"rendered":"https:\/\/www.urlaubcornwall.de\/blog\/?page_id=29545"},"modified":"2017-10-30T09:27:10","modified_gmt":"2017-10-30T09:27:10","slug":"luxus-ferienhaeuser-die-schoensten-doerfer-und-staedte-devons","status":"publish","type":"page","link":"https:\/\/www.urlaubcornwall.de\/blog\/luxus-ferienhaeuser-die-schoensten-doerfer-und-staedte-devons\/","title":{"rendered":"Luxus Ferienh\u00e4user in die Sch\u00f6nsten D\u00f6rfer und St\u00e4dte Devons"},"content":{"rendered":"<p><img loading=\"lazy\" class=\"aligncenter size-full wp-image-22851\" src=\"https:\/\/www.urlaubcornwall.de\/blog\/wp-content\/uploads\/2016\/01\/familien-reise-devon.jpg\" alt=\"luxus ferienhaus devon \" height=\"209\" width=\"745\" srcset=\"https:\/\/www.urlaubcornwall.de\/blog\/wp-content\/uploads\/2016\/01\/familien-reise-devon.jpg 745w, https:\/\/www.urlaubcornwall.de\/blog\/wp-content\/uploads\/2016\/01\/familien-reise-devon-300x84.jpg 300w\" sizes=\"(max-width: 745px) 100vw, 745px\" \/><\/p>\n<p style=\"text-align: center;\"><strong>Bei uns finden Sie Luxus Unterk\u00fcnfte zum Verlieben &#8211; so einfach ist das!<\/strong><\/p>\n<p style=\"text-align: center;\">Devon liegt in S\u00fcdwestengland und ist die einzige Grafschaft, die zwei v\u00f6llig voneinander getrennte K\u00fcstenlinien besitzt, n\u00e4mlich Norddevon und S\u00fcddevon (South Hams), die sich beide durch wundersch\u00f6ne Sandstr\u00e4nde ausweisen, ideal um Ihren Urlaub dort zu verbringen.<\/p>\n<p style=\"text-align: center;\"><a class=\"tidycta\" href=\"https:\/\/www.urlaubcornwall.de\/ferienhaeuser\/devon.php\">Suche Ferienh\u00e4user in Devon<\/a><\/p>\n<p style=\"text-align: center;\">Pers\u00f6nlich inspizierte Luxus Ferienh\u00e4user und Exquisite Ferienwohnungen in Devon f\u00fcr Ihren Urlaub in S\u00fcdwest- England.<\/p>\n<table width=\"747\">\n<tbody>\n<tr>\n<td width=\"124\"><a href=\"https:\/\/www.urlaubcornwall.de\/ferienhaeuser-fewos\/luxus-unterkuenfte-axminster.html\">Axminster<\/a><\/td>\n<td width=\"110\"><a href=\"https:\/\/www.urlaubcornwall.de\/ferienhaeuser-fewos\/luxus-unterkuenfte-crediton.html\">Crediton<\/a><\/td>\n<td width=\"132\"><a href=\"https:\/\/www.urlaubcornwall.de\/ferienhaeuser-fewos\/luxus-unterkuenfte-lifton.html\">Lifton<\/a><\/td>\n<td width=\"160\"><a href=\"https:\/\/www.urlaubcornwall.de\/ferienhaeuser-fewos\/teignmouth-mit-hund.html\">Teignmouth<\/a><\/td>\n<\/tr>\n<tr>\n<td><a href=\"https:\/\/www.urlaubcornwall.de\/ferienhaeuser-fewos\/luxus-unterkuenfte-bampton.html\">Bampton<\/a><\/td>\n<td><a href=\"https:\/\/www.urlaubcornwall.de\/ferienhaeuser-fewos\/luxus-unterkuenfte-croyde.html\">Croyde<\/a><\/td>\n<td><a href=\"https:\/\/www.urlaubcornwall.de\/ferienhaeuser-fewos\/luxus-unterkuenfte-lynmouth.html\">Lynmouth<\/a><\/td>\n<td><a href=\"https:\/\/www.urlaubcornwall.de\/ferienhaeuser-fewos\/luxus-unterkuenfte-tiverton.html\">Tiverton<\/a><\/td>\n<\/tr>\n<tr>\n<td><a href=\"https:\/\/www.urlaubcornwall.de\/ferienhaeuser-fewos\/luxus-unterkuenfte-barnstaple.html\">Barnstaple<\/a><\/td>\n<td><a href=\"https:\/\/www.urlaubcornwall.de\/ferienhaeuser-fewos\/dartington.html\">Dartington<\/a><\/td>\n<td><a href=\"https:\/\/www.urlaubcornwall.de\/ferienhaeuser-fewos\/luxus-unterkuenfte-lynton.html\">Lynton<\/a><\/td>\n<td><a href=\"https:\/\/www.urlaubcornwall.de\/ferienhaeuser-fewos\/topsham-mit-hund.html\">Topsham<\/a><\/td>\n<\/tr>\n<tr>\n<td><a href=\"https:\/\/www.urlaubcornwall.de\/ferienhaeuser-fewos\/luxus-unterkuenfte-beaworthy.html\">Beaworthy<\/a><\/td>\n<td><a href=\"https:\/\/www.urlaubcornwall.de\/ferienhaeuser-fewos\/dartmoor-mit-hund.html\">Dartmoor<\/a><\/td>\n<td><a href=\"https:\/\/www.urlaubcornwall.de\/ferienhaeuser-fewos\/luxus-unterkuenfte-moretonhampstead.html\">Moretonhampstead<\/a><\/td>\n<td><a href=\"https:\/\/www.urlaubcornwall.de\/ferienhaeuser-fewos\/torbay.html\">Torbay<\/a><\/td>\n<\/tr>\n<tr>\n<td><a href=\"https:\/\/www.urlaubcornwall.de\/ferienhaeuser-fewos\/luxus-unterkuenfte-beer.html\">Beer<\/a><\/td>\n<td><a href=\"https:\/\/www.urlaubcornwall.de\/ferienhaeuser-fewos\/luxus-unterkuenfte-dartmoor.html\">Dartmouth<\/a><\/td>\n<td><a href=\"https:\/\/www.urlaubcornwall.de\/ferienhaeuser-fewos\/luxus-unterkuenfte-newton-abbot.html\">Newton Abbot<\/a><\/td>\n<td><a href=\"https:\/\/www.urlaubcornwall.de\/ferienhaeuser-fewos\/luxus-unterkuenfte-torpoint.html\">Torpoint<\/a><\/td>\n<\/tr>\n<tr>\n<td><a href=\"https:\/\/www.urlaubcornwall.de\/ferienhaeuser-fewos\/luxus-unterkuenfte-bideford.html\">Bideford<\/a><\/td>\n<td><a href=\"https:\/\/www.urlaubcornwall.de\/ferienhaeuser-fewos\/luxus-unterkuenfte-dawlish.html\">Dawlish<\/a><\/td>\n<td><a href=\"https:\/\/www.urlaubcornwall.de\/ferienhaeuser-fewos\/luxus-unterkuenfte-newton-ferrers.html\">Newton Ferrers<\/a><\/td>\n<td><a href=\"https:\/\/www.urlaubcornwall.de\/ferienhaeuser-fewos\/luxus-unterkuenfte-torquay.html\">Torquay<\/a><\/td>\n<\/tr>\n<tr>\n<td><a href=\"https:\/\/www.urlaubcornwall.de\/ferienhaeuser-fewos\/luxus-unterkuenfte-bigbury-on-sea.html\">Bigbury on Sea<\/a><\/td>\n<td><a href=\"https:\/\/www.urlaubcornwall.de\/ferienhaeuser-fewos\/luxus-unterkuenfte-dunster.html\">Dunster<\/a><\/td>\n<td><a href=\"https:\/\/www.urlaubcornwall.de\/ferienhaeuser-fewos\/luxus-unterkuenfte-north-bovey.html\">North Bovey<\/a><\/td>\n<td><a href=\"https:\/\/www.urlaubcornwall.de\/ferienhaeuser-fewos\/luxus-unterkuenfte-totnes.html\">Totnes<\/a><\/td>\n<\/tr>\n<tr>\n<td><a href=\"https:\/\/www.urlaubcornwall.de\/ferienhaeuser-fewos\/luxus-unterkuenfte-blackawton.html\">Blackawton<\/a><\/td>\n<td><a href=\"https:\/\/www.urlaubcornwall.de\/ferienhaeuser-fewos\/luxus-unterkuenfte-exeter.html\">Exeter<\/a><\/td>\n<td><a href=\"https:\/\/www.urlaubcornwall.de\/ferienhaeuser-fewos\/luxus-unterkuenfte-okehampton.html\">Okehampton<\/a><\/td>\n<td><a href=\"https:\/\/www.urlaubcornwall.de\/ferienhaeuser-fewos\/luxus-unterkuenfte-umberleigh.html\">Umberleigh<\/a><\/td>\n<\/tr>\n<tr>\n<td><a href=\"https:\/\/www.urlaubcornwall.de\/ferienhaeuser-fewos\/blackpool-sands-am-meer.html\">Blackpool Sands<\/a><\/td>\n<td><a href=\"https:\/\/www.urlaubcornwall.de\/ferienhaeuser-fewos\/luxus-unterkuenfte-exmouth.html\">Exmouth<\/a><\/td>\n<td><a href=\"https:\/\/www.urlaubcornwall.de\/ferienhaeuser-fewos\/luxus-unterkuenfte-ottery-st-mary.html\">Ottery St Mary<\/a><\/td>\n<td><a href=\"https:\/\/www.urlaubcornwall.de\/ferienhaeuser-fewos\/luxus-unterkuenfte-welcombe.html\">Welcombe<\/a><\/td>\n<\/tr>\n<tr>\n<td><a href=\"https:\/\/www.urlaubcornwall.de\/ferienhaeuser-fewos\/luxus-unterkuenfte-bovey-tracey.html\">Bovey Tracey<\/a><\/td>\n<td><a href=\"https:\/\/www.urlaubcornwall.de\/ferienhaeuser-fewos\/luxus-unterkuenfte-great-torrington.html\">Great Torrington<\/a><\/td>\n<td><a href=\"https:\/\/www.urlaubcornwall.de\/ferienhaeuser-fewos\/luxus-unterkuenfte-paignton.html\">Paignton<\/a><\/td>\n<td><a href=\"https:\/\/www.urlaubcornwall.de\/ferienhaeuser-fewos\/luxus-unterkuenfte-wembury.html\">Wembury<\/a><\/td>\n<\/tr>\n<tr>\n<td><a href=\"https:\/\/www.urlaubcornwall.de\/ferienhaeuser-fewos\/luxus-unterkuenfte-branscombe.html\">Branscombe<\/a><\/td>\n<td><a href=\"https:\/\/www.urlaubcornwall.de\/ferienhaeuser-fewos\/luxus-unterkuenfte-hartland.html\">Hartland<\/a><\/td>\n<td><a href=\"https:\/\/www.urlaubcornwall.de\/ferienhaeuser-fewos\/luxus-unterkuenfte-plymouth.html\">Plymouth<\/a><\/td>\n<td><a href=\"https:\/\/www.urlaubcornwall.de\/ferienhaeuser-fewos\/luxus-unterkuenfte-westward-ho%21.html\">Westward Ho!<\/a><\/td>\n<\/tr>\n<tr>\n<td><a href=\"https:\/\/www.urlaubcornwall.de\/ferienhaeuser-fewos\/luxus-unterkuenfte-brendon-valley.html\">Brendon Valley<\/a><\/td>\n<td><a href=\"https:\/\/www.urlaubcornwall.de\/ferienhaeuser-fewos\/luxus-unterkuenfte-holsworthy.html\">Holsworthy<\/a><\/td>\n<td><a href=\"https:\/\/www.urlaubcornwall.de\/ferienhaeuser-fewos\/princetown-mit-hund.html\">Princetown<\/a><\/td>\n<td><a href=\"https:\/\/www.urlaubcornwall.de\/ferienhaeuser-fewos\/luxus-unterkuenfte-widecombe-in-the-moor.html\">Widecombe in the Moor<\/a><\/td>\n<\/tr>\n<tr>\n<td><a href=\"https:\/\/www.urlaubcornwall.de\/ferienhaeuser-fewos\/luxus-unterkuenfte-brixham.html\">Brixham<\/a><\/td>\n<td><a href=\"https:\/\/www.urlaubcornwall.de\/ferienhaeuser-fewos\/luxus-unterkuenfte-honiton.html\">Honiton<\/a><\/td>\n<td><a href=\"https:\/\/www.urlaubcornwall.de\/ferienhaeuser-fewos\/luxus-unterkuenfte-salcombe.html\">Salcombe<\/a><\/td>\n<td><a href=\"https:\/\/www.urlaubcornwall.de\/ferienhaeuser-fewos\/luxus-unterkuenfte-winkleigh.html\">Winkleigh<\/a><\/td>\n<\/tr>\n<tr>\n<td><a href=\"https:\/\/www.urlaubcornwall.de\/ferienhaeuser-fewos\/luxus-unterkuenfte-buckfastleigh.html\">Buckfastleigh<\/a><\/td>\n<td><a href=\"https:\/\/www.urlaubcornwall.de\/ferienhaeuser-fewos\/luxus-unterkuenfte-ilfracombe.html\">Ilfracombe<\/a><\/td>\n<td><a href=\"https:\/\/www.urlaubcornwall.de\/ferienhaeuser-fewos\/saltash-mit-hund.html\">Saltash<\/a><\/td>\n<td>&nbsp;<a href=\"https:\/\/www.urlaubcornwall.de\/ferienhaeuser-fewos\/luxus-unterkuenfte-woolacombe.html\">Woolacombe<\/a><\/td>\n<\/tr>\n<tr>\n<td><a href=\"https:\/\/www.urlaubcornwall.de\/ferienhaeuser-fewos\/buckland-abbey.html\">Buckland Abbey<\/a><\/td>\n<td><a href=\"https:\/\/www.urlaubcornwall.de\/ferienhaeuser-fewos\/luxus-unterkuenfte-ilminster.html\">Ilminster<\/a><\/td>\n<td><a href=\"https:\/\/www.urlaubcornwall.de\/ferienhaeuser-fewos\/luxus-unterkuenfte-shaldon.html\">Shaldon<\/a><\/td>\n<td>&nbsp;<\/td>\n<\/tr>\n<tr>\n<td><a href=\"https:\/\/www.urlaubcornwall.de\/ferienhaeuser-fewos\/luxus-unterkuenfte-budleigh-salterton.html\">Budleigh Salterton<\/a><\/td>\n<td><a href=\"https:\/\/www.urlaubcornwall.de\/ferienhaeuser-fewos\/luxus-unterkuenfte-instow.html\">Instow<\/a><\/td>\n<td><a href=\"https:\/\/www.urlaubcornwall.de\/ferienhaeuser-fewos\/sidmouth-mit-hund.html\">Sidmouth<\/a><\/td>\n<td>&nbsp;<\/td>\n<\/tr>\n<tr>\n<td><a href=\"https:\/\/www.urlaubcornwall.de\/ferienhaeuser-fewos\/luxus-unterkuenfte-chagford.html\">Chagford<\/a><\/td>\n<td><a href=\"https:\/\/www.urlaubcornwall.de\/ferienhaeuser-fewos\/luxus-unterkuenfte-ivybridge.html\">Ivybridge<\/a><\/td>\n<td><a href=\"https:\/\/www.urlaubcornwall.de\/ferienhaeuser-fewos\/south-molton-mit-hund.html\">South Molton<\/a><\/td>\n<td>&nbsp;<\/td>\n<\/tr>\n<tr>\n<td><a href=\"https:\/\/www.urlaubcornwall.de\/ferienhaeuser-fewos\/luxus-unterkuenfte-clovelly.html\">Clovelly<\/a><\/td>\n<td><a href=\"https:\/\/www.urlaubcornwall.de\/ferienhaeuser-fewos\/luxus-unterkuenfte-kingsand.html\">Kingsand<\/a><\/td>\n<td><a href=\"https:\/\/www.urlaubcornwall.de\/ferienhaeuser-fewos\/start-bay.html\">Start Bay<\/a><\/td>\n<td>&nbsp;<\/td>\n<\/tr>\n<tr>\n<td><a href=\"https:\/\/www.urlaubcornwall.de\/ferienhaeuser-fewos\/luxus-unterkuenfte-colyton.html\">Colyton<\/a><\/td>\n<td><a href=\"https:\/\/www.urlaubcornwall.de\/ferienhaeuser-fewos\/luxus-unterkuenfte-kingsbridge.html\">Kingsbridge<\/a><\/td>\n<td><a href=\"https:\/\/www.urlaubcornwall.de\/ferienhaeuser-fewos\/stoke-fleming.html\">Stoke Fleming<\/a><\/td>\n<td>&nbsp;<\/td>\n<\/tr>\n<tr>\n<td><a href=\"https:\/\/www.urlaubcornwall.de\/ferienhaeuser-fewos\/luxus-unterkuenfte-combe-martin.html\">Combe Martin<\/a><\/td>\n<td><a href=\"https:\/\/www.urlaubcornwall.de\/ferienhaeuser-fewos\/luxus-unterkuenfte-kingswear.html\">Kingswear<\/a><\/td>\n<td><a href=\"https:\/\/www.urlaubcornwall.de\/ferienhaeuser-fewos\/luxus-unterkuenfte-tavistock.html\">Tavistock<\/a><\/td>\n<td>&nbsp;<\/td>\n<\/tr>\n<\/tbody>\n<\/table>\n<p style=\"text-align: center;\">Sie suchen nach einer einzigartigen Unterkunft in Devon? Wir haben alles von K\u00fcste zu K\u00fcste f\u00fcr Sie abgedeckt. Romantische Luxus-Retreats in Dartmouth &amp; fantastische Privatunterk\u00fcnfte in Torquay. Meerblick in Clovelly und Luxusvillen in Salcombe. Betrachten Sie das Team hinter den Kulissen als Ihre Gastgeber, die sofort zur Stelle sind, um Sie vor, w\u00e4hrend und nach Ihrem Aufenthalt zu unterst\u00fctzen. So genie\u00dfen Sie einen unvergesslichen Urlaub in Devon, dem beliebtesten Reiseziel in S\u00fcdengland.<\/p>\n<p><img loading=\"lazy\" class=\"aligncenter size-full wp-image-24598\" src=\"https:\/\/www.urlaubcornwall.de\/blog\/wp-content\/uploads\/2016\/06\/urlaub-und-sudengland_logo-final.jpg\" height=\"361\" width=\"746\"\/><\/p>\n","protected":false},"excerpt":{"rendered":"<p>Bei uns finden Sie Luxus Unterk\u00fcnfte zum Verlieben &#8211; so einfach ist das! Devon liegt in S\u00fcdwestengland und ist die einzige Grafschaft, die zwei v\u00f6llig voneinander getrennte K\u00fcstenlinien besitzt, n\u00e4mlich Norddevon und S\u00fcddevon (South Hams), die sich beide durch wundersch\u00f6ne Sandstr\u00e4nde ausweisen, ideal um Ihren Urlaub dort zu verbringen. Suche Ferienh\u00e4user in Devon Pers\u00f6nlich inspizierte [&hellip;]<\/p>\n","protected":false},"author":1,"featured_media":0,"parent":0,"menu_order":0,"comment_status":"closed","ping_status":"closed","template":"single-four.php","meta":[],"acf":[],"yoast_head":"<!-- This site is optimized with the Yoast SEO plugin v19.4 - https:\/\/yoast.com\/wordpress\/plugins\/seo\/ -->\n<title>Luxus Ferienh\u00e4user in die Sch\u00f6nsten D\u00f6rfer und St\u00e4dte Devons - Urlaub &amp; Reisen<\/title>\n<meta name=\"robots\" content=\"index, follow, max-snippet:-1, max-image-preview:large, max-video-preview:-1\" \/>\n<link rel=\"canonical\" href=\"https:\/\/www.urlaubcornwall.de\/blog\/luxus-ferienhaeuser-die-schoensten-doerfer-und-staedte-devons\/\" \/>\n<meta property=\"og:locale\" content=\"en_US\" \/>\n<meta property=\"og:type\" content=\"article\" \/>\n<meta property=\"og:title\" content=\"Luxus Ferienh\u00e4user in die Sch\u00f6nsten D\u00f6rfer und St\u00e4dte Devons - Urlaub &amp; Reisen\" \/>\n<meta property=\"og:description\" content=\"Bei uns finden Sie Luxus Unterk\u00fcnfte zum Verlieben &#8211; so einfach ist das! Devon liegt in S\u00fcdwestengland und ist die einzige Grafschaft, die zwei v\u00f6llig voneinander getrennte K\u00fcstenlinien besitzt, n\u00e4mlich Norddevon und S\u00fcddevon (South Hams), die sich beide durch wundersch\u00f6ne Sandstr\u00e4nde ausweisen, ideal um Ihren Urlaub dort zu verbringen. Suche Ferienh\u00e4user in Devon Pers\u00f6nlich inspizierte [&hellip;]\" \/>\n<meta property=\"og:url\" content=\"https:\/\/www.urlaubcornwall.de\/blog\/luxus-ferienhaeuser-die-schoensten-doerfer-und-staedte-devons\/\" \/>\n<meta property=\"og:site_name\" content=\"Urlaub &amp; Reisen\" \/>\n<meta property=\"article:modified_time\" content=\"2017-10-30T09:27:10+00:00\" \/>\n<meta property=\"og:image\" content=\"https:\/\/www.urlaubcornwall.de\/blog\/wp-content\/uploads\/2016\/01\/familien-reise-devon.jpg\" \/>\n<meta name=\"twitter:card\" content=\"summary\" \/>\n<meta name=\"twitter:label1\" content=\"Est. reading time\" \/>\n\t<meta name=\"twitter:data1\" content=\"1 minute\" \/>\n<script type=\"application\/ld+json\" class=\"yoast-schema-graph\">{\"@context\":\"https:\/\/schema.org\",\"@graph\":[{\"@type\":\"WebSite\",\"@id\":\"https:\/\/www.urlaubcornwall.de\/blog\/#website\",\"url\":\"https:\/\/www.urlaubcornwall.de\/blog\/\",\"name\":\"Urlaub &amp; Reisen\",\"description\":\"Urlaub, Reisen, Cornwall und S\u00fcdengland: eine perfekte Kombination\",\"potentialAction\":[{\"@type\":\"SearchAction\",\"target\":{\"@type\":\"EntryPoint\",\"urlTemplate\":\"https:\/\/www.urlaubcornwall.de\/blog\/?s={search_term_string}\"},\"query-input\":\"required name=search_term_string\"}],\"inLanguage\":\"en-US\"},{\"@type\":\"WebPage\",\"@id\":\"https:\/\/www.urlaubcornwall.de\/blog\/luxus-ferienhaeuser-die-schoensten-doerfer-und-staedte-devons\/\",\"url\":\"https:\/\/www.urlaubcornwall.de\/blog\/luxus-ferienhaeuser-die-schoensten-doerfer-und-staedte-devons\/\",\"name\":\"Luxus Ferienh\u00e4user in die Sch\u00f6nsten D\u00f6rfer und St\u00e4dte Devons - Urlaub &amp; Reisen\",\"isPartOf\":{\"@id\":\"https:\/\/www.urlaubcornwall.de\/blog\/#website\"},\"datePublished\":\"2017-10-13T14:36:12+00:00\",\"dateModified\":\"2017-10-30T09:27:10+00:00\",\"breadcrumb\":{\"@id\":\"https:\/\/www.urlaubcornwall.de\/blog\/luxus-ferienhaeuser-die-schoensten-doerfer-und-staedte-devons\/#breadcrumb\"},\"inLanguage\":\"en-US\",\"potentialAction\":[{\"@type\":\"ReadAction\",\"target\":[\"https:\/\/www.urlaubcornwall.de\/blog\/luxus-ferienhaeuser-die-schoensten-doerfer-und-staedte-devons\/\"]}]},{\"@type\":\"BreadcrumbList\",\"@id\":\"https:\/\/www.urlaubcornwall.de\/blog\/luxus-ferienhaeuser-die-schoensten-doerfer-und-staedte-devons\/#breadcrumb\",\"itemListElement\":[{\"@type\":\"ListItem\",\"position\":1,\"name\":\"Home\",\"item\":\"https:\/\/www.urlaubcornwall.de\/blog\/\"},{\"@type\":\"ListItem\",\"position\":2,\"name\":\"Luxus Ferienh\u00e4user in die Sch\u00f6nsten D\u00f6rfer und St\u00e4dte Devons\"}]}]}<\/script>\n<!-- \/ Yoast SEO plugin. -->","yoast_head_json":{"title":"Luxus Ferienh\u00e4user in die Sch\u00f6nsten D\u00f6rfer und St\u00e4dte Devons - Urlaub &amp; Reisen","robots":{"index":"index","follow":"follow","max-snippet":"max-snippet:-1","max-image-preview":"max-image-preview:large","max-video-preview":"max-video-preview:-1"},"canonical":"https:\/\/www.urlaubcornwall.de\/blog\/luxus-ferienhaeuser-die-schoensten-doerfer-und-staedte-devons\/","og_locale":"en_US","og_type":"article","og_title":"Luxus Ferienh\u00e4user in die Sch\u00f6nsten D\u00f6rfer und St\u00e4dte Devons - Urlaub &amp; Reisen","og_description":"Bei uns finden Sie Luxus Unterk\u00fcnfte zum Verlieben &#8211; so einfach ist das! Devon liegt in S\u00fcdwestengland und ist die einzige Grafschaft, die zwei v\u00f6llig voneinander getrennte K\u00fcstenlinien besitzt, n\u00e4mlich Norddevon und S\u00fcddevon (South Hams), die sich beide durch wundersch\u00f6ne Sandstr\u00e4nde ausweisen, ideal um Ihren Urlaub dort zu verbringen. Suche Ferienh\u00e4user in Devon Pers\u00f6nlich inspizierte [&hellip;]","og_url":"https:\/\/www.urlaubcornwall.de\/blog\/luxus-ferienhaeuser-die-schoensten-doerfer-und-staedte-devons\/","og_site_name":"Urlaub &amp; Reisen","article_modified_time":"2017-10-30T09:27:10+00:00","og_image":[{"url":"https:\/\/www.urlaubcornwall.de\/blog\/wp-content\/uploads\/2016\/01\/familien-reise-devon.jpg"}],"twitter_card":"summary","twitter_misc":{"Est. reading time":"1 minute"},"schema":{"@context":"https:\/\/schema.org","@graph":[{"@type":"WebSite","@id":"https:\/\/www.urlaubcornwall.de\/blog\/#website","url":"https:\/\/www.urlaubcornwall.de\/blog\/","name":"Urlaub &amp; Reisen","description":"Urlaub, Reisen, Cornwall und S\u00fcdengland: eine perfekte Kombination","potentialAction":[{"@type":"SearchAction","target":{"@type":"EntryPoint","urlTemplate":"https:\/\/www.urlaubcornwall.de\/blog\/?s={search_term_string}"},"query-input":"required name=search_term_string"}],"inLanguage":"en-US"},{"@type":"WebPage","@id":"https:\/\/www.urlaubcornwall.de\/blog\/luxus-ferienhaeuser-die-schoensten-doerfer-und-staedte-devons\/","url":"https:\/\/www.urlaubcornwall.de\/blog\/luxus-ferienhaeuser-die-schoensten-doerfer-und-staedte-devons\/","name":"Luxus Ferienh\u00e4user in die Sch\u00f6nsten D\u00f6rfer und St\u00e4dte Devons - Urlaub &amp; Reisen","isPartOf":{"@id":"https:\/\/www.urlaubcornwall.de\/blog\/#website"},"datePublished":"2017-10-13T14:36:12+00:00","dateModified":"2017-10-30T09:27:10+00:00","breadcrumb":{"@id":"https:\/\/www.urlaubcornwall.de\/blog\/luxus-ferienhaeuser-die-schoensten-doerfer-und-staedte-devons\/#breadcrumb"},"inLanguage":"en-US","potentialAction":[{"@type":"ReadAction","target":["https:\/\/www.urlaubcornwall.de\/blog\/luxus-ferienhaeuser-die-schoensten-doerfer-und-staedte-devons\/"]}]},{"@type":"BreadcrumbList","@id":"https:\/\/www.urlaubcornwall.de\/blog\/luxus-ferienhaeuser-die-schoensten-doerfer-und-staedte-devons\/#breadcrumb","itemListElement":[{"@type":"ListItem","position":1,"name":"Home","item":"https:\/\/www.urlaubcornwall.de\/blog\/"},{"@type":"ListItem","position":2,"name":"Luxus Ferienh\u00e4user in die Sch\u00f6nsten D\u00f6rfer und St\u00e4dte Devons"}]}]}},"_links":{"self":[{"href":"https:\/\/www.urlaubcornwall.de\/blog\/wp-json\/wp\/v2\/pages\/29545"}],"collection":[{"href":"https:\/\/www.urlaubcornwall.de\/blog\/wp-json\/wp\/v2\/pages"}],"about":[{"href":"https:\/\/www.urlaubcornwall.de\/blog\/wp-json\/wp\/v2\/types\/page"}],"author":[{"embeddable":true,"href":"https:\/\/www.urlaubcornwall.de\/blog\/wp-json\/wp\/v2\/users\/1"}],"replies":[{"embeddable":true,"href":"https:\/\/www.urlaubcornwall.de\/blog\/wp-json\/wp\/v2\/comments?post=29545"}],"version-history":[{"count":5,"href":"https:\/\/www.urlaubcornwall.de\/blog\/wp-json\/wp\/v2\/pages\/29545\/revisions"}],"predecessor-version":[{"id":30109,"href":"https:\/\/www.urlaubcornwall.de\/blog\/wp-json\/wp\/v2\/pages\/29545\/revisions\/30109"}],"wp:attachment":[{"href":"https:\/\/www.urlaubcornwall.de\/blog\/wp-json\/wp\/v2\/media?parent=29545"}],"curies":[{"name":"wp","href":"https:\/\/api.w.org\/{rel}","templated":true}]}}