{"id":29519,"date":"2017-09-27T09:48:50","date_gmt":"2017-09-27T09:48:50","guid":{"rendered":"https:\/\/www.urlaubcornwall.de\/blog\/?page_id=29519"},"modified":"2017-09-27T09:58:06","modified_gmt":"2017-09-27T09:58:06","slug":"luxus-ferienhaeuser-ferienwohnungen-die-schoensten-doerfer-und-staedte-cornwalls","status":"publish","type":"page","link":"https:\/\/www.urlaubcornwall.de\/blog\/luxus-ferienhaeuser-ferienwohnungen-die-schoensten-doerfer-und-staedte-cornwalls\/","title":{"rendered":"Luxus Ferienh\u00e4user &#038; Ferienwohnungen in die Sch\u00f6nsten D\u00f6rfer und St\u00e4dte Cornwalls"},"content":{"rendered":"<p><img loading=\"lazy\" class=\"aligncenter size-full wp-image-26507\" src=\"https:\/\/www.urlaubcornwall.de\/blog\/wp-content\/uploads\/2016\/05\/hotel-St-Ives.jpg\" alt=\" cornwall Luxus Ferienh\u00e4user &#038; Ferienwohnungen\" width=\"745\" height=\"349\" srcset=\"https:\/\/www.urlaubcornwall.de\/blog\/wp-content\/uploads\/2016\/05\/hotel-St-Ives.jpg 745w, https:\/\/www.urlaubcornwall.de\/blog\/wp-content\/uploads\/2016\/05\/hotel-St-Ives-300x141.jpg 300w\" sizes=\"(max-width: 745px) 100vw, 745px\" \/><\/p>\n<p style=\"text-align: center;\"><strong>Bei uns finden Sie Luxus Unterk\u00fcnfte zum Verlieben &#8211; so einfach ist das!<\/strong><\/p>\n<p style=\"text-align: center;\">Pers\u00f6nlich inspizierte Luxus Ferienh\u00e4user und Exquisite Ferienwohnungen in Cornwall f\u00fcr Ihren Urlaub in S\u00fcdwest- England.<\/p>\n<table width=\"746\">\n<tbody>\n<tr>\n<td width=\"92\"><a href=\"https:\/\/www.urlaubcornwall.de\/ferienhaeuser-fewos\/luxus-unterkuenfte-bodmin.html\">Bodmin Moor<\/a><\/td>\n<td width=\"105\"><a href=\"https:\/\/www.urlaubcornwall.de\/ferienhaeuser-fewos\/luxus-unterkuenfte-gorran-haven.html\">Gorran Haven<\/a><\/td>\n<td width=\"97\"><a href=\"https:\/\/www.urlaubcornwall.de\/ferienhaeuser-fewos\/luxus-unterkuenfte-marazion.html\">Marazion<\/a><\/td>\n<td width=\"127\"><a href=\"https:\/\/www.urlaubcornwall.de\/ferienhaeuser-fewos\/luxus-unterkuenfte-polperro.html\">Polperro<\/a><\/td>\n<td width=\"107\"><a href=\"https:\/\/www.urlaubcornwall.de\/ferienhaeuser-fewos\/luxus-unterkuenfte-st-austell.html\">St Austell<\/a><\/td>\n<\/tr>\n<tr>\n<td><a href=\"https:\/\/www.urlaubcornwall.de\/ferienhaeuser-fewos\/luxus-unterkuenfte-boscastle.html\">Boscastle<\/a><\/td>\n<td>G<a href=\"https:\/\/www.urlaubcornwall.de\/ferienhaeuser-fewos\/luxus-unterkuenfte-gunwalloe.html\">unwalloe<\/a><\/td>\n<td><a href=\"https:\/\/www.urlaubcornwall.de\/ferienhaeuser-fewos\/luxus-unterkuenfte-mawgan-porth.html\">Mawgan Porth<\/a><\/td>\n<td><a href=\"https:\/\/www.urlaubcornwall.de\/ferienhaeuser-fewos\/luxus-unterkuenfte-polzeath.html\">Polzeath<\/a><\/td>\n<td>S<a href=\"https:\/\/www.urlaubcornwall.de\/ferienhaeuser-fewos\/luxus-unterkuenfte-st-ives.html\">t Ives<\/a><\/td>\n<\/tr>\n<tr>\n<td><a href=\"https:\/\/www.urlaubcornwall.de\/ferienhaeuser-fewos\/luxus-unterkuenfte-bude.html\">Bude<\/a><\/td>\n<td><a href=\"https:\/\/www.urlaubcornwall.de\/ferienhaeuser-fewos\/luxus-unterkuenfte-hayle.html\">Hayle<\/a><\/td>\n<td><a href=\"https:\/\/www.urlaubcornwall.de\/ferienhaeuser-fewos\/luxus-unterkuenfte-mevagissey.html\">Mevagissey<\/a><\/td>\n<td><a href=\"https:\/\/www.urlaubcornwall.de\/ferienhaeuser-fewos\/luxus-unterkuenfte-port-isaac.html\">Port Isaac<\/a><\/td>\n<td><a href=\"https:\/\/www.urlaubcornwall.de\/ferienhaeuser-fewos\/luxus-unterkuenfte-st-just.html\">St Just<\/a><\/td>\n<\/tr>\n<tr>\n<td><a href=\"https:\/\/www.urlaubcornwall.de\/ferienhaeuser-fewos\/luxus-unterkuenfte-cadgwith.html\">Cadgwith<\/a><\/td>\n<td><a href=\"https:\/\/www.urlaubcornwall.de\/ferienhaeuser-fewos\/luxus-unterkuenfte-helford.html\">Helford<\/a><\/td>\n<td><a href=\"https:\/\/www.urlaubcornwall.de\/ferienhaeuser-fewos\/luxus-unterkuenfte-mousehole.html\">Mousehole<\/a><\/td>\n<td><a href=\"https:\/\/www.urlaubcornwall.de\/ferienhaeuser-fewos\/luxus-unterkuenfte-porthcurno.html\">Porthcurno<\/a><\/td>\n<td><a href=\"https:\/\/www.urlaubcornwall.de\/ferienhaeuser-fewos\/luxus-unterkuenfte-st-mawes.html\">St Mawes<\/a><\/td>\n<\/tr>\n<tr>\n<td><a href=\"https:\/\/www.urlaubcornwall.de\/ferienhaeuser-fewos\/luxus-unterkuenfte-carbis-bay.html\">Carbis Bay<\/a><\/td>\n<td><a href=\"https:\/\/www.urlaubcornwall.de\/ferienhaeuser-fewos\/luxus-unterkuenfte-helston.html\">Helston<\/a><\/td>\n<td><a href=\"https:\/\/www.urlaubcornwall.de\/ferienhaeuser-fewos\/luxus-unterkuenfte-mullion.html\">Mullion<\/a><\/td>\n<td><a href=\"https:\/\/www.urlaubcornwall.de\/ferienhaeuser-fewos\/luxus-unterkuenfte-porthleven.html\">Porthleven<\/a><\/td>\n<td><a href=\"https:\/\/www.urlaubcornwall.de\/ferienhaeuser-fewos\/luxus-unterkuenfte-tintagel.html\">Tintagel<\/a><\/td>\n<\/tr>\n<tr>\n<td><a href=\"https:\/\/www.urlaubcornwall.de\/ferienhaeuser-fewos\/luxus-unterkuenfte-carlyon-bay.html\">Carlyon Bay<\/a><\/td>\n<td><a href=\"https:\/\/www.urlaubcornwall.de\/ferienhaeuser-fewos\/luxus-unterkuenfte-lamorna-cove.html\">Lamorna Cove<\/a><\/td>\n<td><a href=\"https:\/\/www.urlaubcornwall.de\/ferienhaeuser-fewos\/luxus-unterkuenfte-newquay.html\">Newquay<\/a><\/td>\n<td><a href=\"https:\/\/www.urlaubcornwall.de\/ferienhaeuser-fewos\/luxus-unterkuenfte-portreath.html\">Portreath<\/a><\/td>\n<td><a href=\"https:\/\/www.urlaubcornwall.de\/ferienhaeuser-fewos\/luxus-unterkuenfte-truro.html\">Truro<\/a><\/td>\n<\/tr>\n<tr>\n<td><a href=\"https:\/\/www.urlaubcornwall.de\/ferienhaeuser-fewos\/luxus-unterkuenfte-coverack.html\">Coverack<\/a><\/td>\n<td><a href=\"https:\/\/www.urlaubcornwall.de\/ferienhaeuser-fewos\/luxus-unterkuenfte-lands-end.html\">Lands End<\/a><\/td>\n<td><a href=\"https:\/\/www.urlaubcornwall.de\/ferienhaeuser-fewos\/luxus-unterkuenfte-padstow.html\">Padstow<\/a><\/td>\n<td><a href=\"https:\/\/www.urlaubcornwall.de\/ferienhaeuser-fewos\/luxus-unterkuenfte-praa-sands.html\">Praa Sands<\/a><\/td>\n<td><a href=\"https:\/\/www.urlaubcornwall.de\/ferienhaeuser-fewos\/luxus-unterkuenfte-wadebridge.html\">Wadebridge<\/a><\/td>\n<\/tr>\n<tr>\n<td><a href=\"https:\/\/www.urlaubcornwall.de\/ferienhaeuser-fewos\/luxus-unterkuenfte-coverack.html\">Crantock<\/a><\/td>\n<td><a href=\"https:\/\/www.urlaubcornwall.de\/ferienhaeuser-fewos\/luxus-unterkuenfte-lizard-halbinsel.html\">Lizard Halbinsel<\/a><\/td>\n<td><a href=\"https:\/\/www.urlaubcornwall.de\/ferienhaeuser-fewos\/luxus-unterkuenfte-pendeen.html\">Pendeen<\/a><\/td>\n<td><a href=\"https:\/\/www.urlaubcornwall.de\/ferienhaeuser-fewos\/luxus-unterkuenfte-roseland-halbinsel.html\">Roseland Halbinsel<\/a><\/td>\n<td><a href=\"https:\/\/www.urlaubcornwall.de\/ferienhaeuser-fewos\/luxus-unterkuenfte-widemouth-bay.html\">Widemouth Bay<\/a><\/td>\n<\/tr>\n<tr>\n<td><a href=\"https:\/\/www.urlaubcornwall.de\/ferienhaeuser-fewos\/luxus-unterkuenfte-falmouth.html\">Falmouth<\/a><\/td>\n<td><a href=\"https:\/\/www.urlaubcornwall.de\/ferienhaeuser-fewos\/luxus-unterkuenfte-looe.html\">Looe<\/a><\/td>\n<td><a href=\"https:\/\/www.urlaubcornwall.de\/ferienhaeuser-fewos\/luxus-unterkuenfte-penzance.html\">Penzance<\/a><\/td>\n<td><a href=\"https:\/\/www.urlaubcornwall.de\/ferienhaeuser-fewos\/luxus-unterkuenfte-sennen.html\">Sennen<\/a><\/td>\n<td><a href=\"https:\/\/www.urlaubcornwall.de\/ferienhaeuser-fewos\/luxus-unterkuenfte-zennor.html\">Zennor<\/a><\/td>\n<\/tr>\n<tr>\n<td><a href=\"https:\/\/www.urlaubcornwall.de\/ferienhaeuser-fewos\/luxus-unterkuenfte-fowey.html\">Fowey<\/a><\/td>\n<td><a href=\"https:\/\/www.urlaubcornwall.de\/ferienhaeuser-fewos\/luxus-unterkuenfte-maenporth.html\">Maenporth<\/a><\/td>\n<td><a href=\"https:\/\/www.urlaubcornwall.de\/ferienhaeuser-fewos\/luxus-unterkuenfte-perranporth.html\">Perranporth<\/a><\/td>\n<td><a href=\"https:\/\/www.urlaubcornwall.de\/ferienhaeuser-fewos\/luxus-unterkuenfte-st-agnes.html\">St Agnes<\/a><\/td>\n<td>&nbsp;<\/td>\n<\/tr>\n<\/tbody>\n<\/table>\n<p style=\"text-align: center;\">Sie suchen nach einer einzigartigen Unterkunft in Cornwall? Wir haben alles von K\u00fcste zu K\u00fcste f\u00fcr Sie abgedeckt. Romantische Luxus-Retreats in Mousehole &amp; fantastische Privatunterk\u00fcnfte in Polzeath. Meerblick in Fowey und Luxusvillen in Rock. Betrachten Sie das Team hinter den Kulissen als Ihre Gastgeber, die sofort zur Stelle sind, um Sie vor, w\u00e4hrend und nach Ihrem Aufenthalt zu unterst\u00fctzen. So genie\u00dfen Sie einen unvergesslichen Urlaub in Cornwall, dem beliebtesten Reiseziel in S\u00fcdengland.<\/p>\n<p><img loading=\"lazy\" class=\"aligncenter size-full wp-image-24598\" src=\"https:\/\/www.urlaubcornwall.de\/blog\/wp-content\/uploads\/2016\/06\/urlaub-und-sudengland_logo-final.jpg\" width=\"746\" height=\"361\"\/><\/p>\n","protected":false},"excerpt":{"rendered":"<p>Bei uns finden Sie Luxus Unterk\u00fcnfte zum Verlieben &#8211; so einfach ist das! Pers\u00f6nlich inspizierte Luxus Ferienh\u00e4user und Exquisite Ferienwohnungen in Cornwall f\u00fcr Ihren Urlaub in S\u00fcdwest- England. Bodmin Moor Gorran Haven Marazion Polperro St Austell Boscastle Gunwalloe Mawgan Porth Polzeath St Ives Bude Hayle Mevagissey Port Isaac St Just Cadgwith Helford Mousehole Porthcurno St [&hellip;]<\/p>\n","protected":false},"author":1,"featured_media":0,"parent":0,"menu_order":0,"comment_status":"closed","ping_status":"closed","template":"single-four.php","meta":[],"acf":[],"yoast_head":"<!-- This site is optimized with the Yoast SEO plugin v19.4 - https:\/\/yoast.com\/wordpress\/plugins\/seo\/ -->\n<title>Luxus Ferienh\u00e4user &amp; Ferienwohnungen in die Sch\u00f6nsten D\u00f6rfer und St\u00e4dte Cornwalls - Urlaub &amp; Reisen<\/title>\n<meta name=\"robots\" content=\"index, follow, max-snippet:-1, max-image-preview:large, max-video-preview:-1\" \/>\n<link rel=\"canonical\" href=\"https:\/\/www.urlaubcornwall.de\/blog\/luxus-ferienhaeuser-ferienwohnungen-die-schoensten-doerfer-und-staedte-cornwalls\/\" \/>\n<meta property=\"og:locale\" content=\"en_US\" \/>\n<meta property=\"og:type\" content=\"article\" \/>\n<meta property=\"og:title\" content=\"Luxus Ferienh\u00e4user &amp; Ferienwohnungen in die Sch\u00f6nsten D\u00f6rfer und St\u00e4dte Cornwalls - Urlaub &amp; Reisen\" \/>\n<meta property=\"og:description\" content=\"Bei uns finden Sie Luxus Unterk\u00fcnfte zum Verlieben &#8211; so einfach ist das! Pers\u00f6nlich inspizierte Luxus Ferienh\u00e4user und Exquisite Ferienwohnungen in Cornwall f\u00fcr Ihren Urlaub in S\u00fcdwest- England. Bodmin Moor Gorran Haven Marazion Polperro St Austell Boscastle Gunwalloe Mawgan Porth Polzeath St Ives Bude Hayle Mevagissey Port Isaac St Just Cadgwith Helford Mousehole Porthcurno St [&hellip;]\" \/>\n<meta property=\"og:url\" content=\"https:\/\/www.urlaubcornwall.de\/blog\/luxus-ferienhaeuser-ferienwohnungen-die-schoensten-doerfer-und-staedte-cornwalls\/\" \/>\n<meta property=\"og:site_name\" content=\"Urlaub &amp; Reisen\" \/>\n<meta property=\"article:modified_time\" content=\"2017-09-27T09:58:06+00:00\" \/>\n<meta property=\"og:image\" content=\"https:\/\/www.urlaubcornwall.de\/blog\/wp-content\/uploads\/2016\/05\/hotel-St-Ives.jpg\" \/>\n<meta name=\"twitter:card\" content=\"summary\" \/>\n<meta name=\"twitter:label1\" content=\"Est. reading time\" \/>\n\t<meta name=\"twitter:data1\" content=\"1 minute\" \/>\n<script type=\"application\/ld+json\" class=\"yoast-schema-graph\">{\"@context\":\"https:\/\/schema.org\",\"@graph\":[{\"@type\":\"WebSite\",\"@id\":\"https:\/\/www.urlaubcornwall.de\/blog\/#website\",\"url\":\"https:\/\/www.urlaubcornwall.de\/blog\/\",\"name\":\"Urlaub &amp; Reisen\",\"description\":\"Urlaub, Reisen, Cornwall und S\u00fcdengland: eine perfekte Kombination\",\"potentialAction\":[{\"@type\":\"SearchAction\",\"target\":{\"@type\":\"EntryPoint\",\"urlTemplate\":\"https:\/\/www.urlaubcornwall.de\/blog\/?s={search_term_string}\"},\"query-input\":\"required name=search_term_string\"}],\"inLanguage\":\"en-US\"},{\"@type\":\"WebPage\",\"@id\":\"https:\/\/www.urlaubcornwall.de\/blog\/luxus-ferienhaeuser-ferienwohnungen-die-schoensten-doerfer-und-staedte-cornwalls\/\",\"url\":\"https:\/\/www.urlaubcornwall.de\/blog\/luxus-ferienhaeuser-ferienwohnungen-die-schoensten-doerfer-und-staedte-cornwalls\/\",\"name\":\"Luxus Ferienh\u00e4user & Ferienwohnungen in die Sch\u00f6nsten D\u00f6rfer und St\u00e4dte Cornwalls - Urlaub &amp; Reisen\",\"isPartOf\":{\"@id\":\"https:\/\/www.urlaubcornwall.de\/blog\/#website\"},\"datePublished\":\"2017-09-27T09:48:50+00:00\",\"dateModified\":\"2017-09-27T09:58:06+00:00\",\"breadcrumb\":{\"@id\":\"https:\/\/www.urlaubcornwall.de\/blog\/luxus-ferienhaeuser-ferienwohnungen-die-schoensten-doerfer-und-staedte-cornwalls\/#breadcrumb\"},\"inLanguage\":\"en-US\",\"potentialAction\":[{\"@type\":\"ReadAction\",\"target\":[\"https:\/\/www.urlaubcornwall.de\/blog\/luxus-ferienhaeuser-ferienwohnungen-die-schoensten-doerfer-und-staedte-cornwalls\/\"]}]},{\"@type\":\"BreadcrumbList\",\"@id\":\"https:\/\/www.urlaubcornwall.de\/blog\/luxus-ferienhaeuser-ferienwohnungen-die-schoensten-doerfer-und-staedte-cornwalls\/#breadcrumb\",\"itemListElement\":[{\"@type\":\"ListItem\",\"position\":1,\"name\":\"Home\",\"item\":\"https:\/\/www.urlaubcornwall.de\/blog\/\"},{\"@type\":\"ListItem\",\"position\":2,\"name\":\"Luxus Ferienh\u00e4user &#038; Ferienwohnungen in die Sch\u00f6nsten D\u00f6rfer und St\u00e4dte Cornwalls\"}]}]}<\/script>\n<!-- \/ Yoast SEO plugin. -->","yoast_head_json":{"title":"Luxus Ferienh\u00e4user & Ferienwohnungen in die Sch\u00f6nsten D\u00f6rfer und St\u00e4dte Cornwalls - Urlaub &amp; Reisen","robots":{"index":"index","follow":"follow","max-snippet":"max-snippet:-1","max-image-preview":"max-image-preview:large","max-video-preview":"max-video-preview:-1"},"canonical":"https:\/\/www.urlaubcornwall.de\/blog\/luxus-ferienhaeuser-ferienwohnungen-die-schoensten-doerfer-und-staedte-cornwalls\/","og_locale":"en_US","og_type":"article","og_title":"Luxus Ferienh\u00e4user & Ferienwohnungen in die Sch\u00f6nsten D\u00f6rfer und St\u00e4dte Cornwalls - Urlaub &amp; Reisen","og_description":"Bei uns finden Sie Luxus Unterk\u00fcnfte zum Verlieben &#8211; so einfach ist das! Pers\u00f6nlich inspizierte Luxus Ferienh\u00e4user und Exquisite Ferienwohnungen in Cornwall f\u00fcr Ihren Urlaub in S\u00fcdwest- England. Bodmin Moor Gorran Haven Marazion Polperro St Austell Boscastle Gunwalloe Mawgan Porth Polzeath St Ives Bude Hayle Mevagissey Port Isaac St Just Cadgwith Helford Mousehole Porthcurno St [&hellip;]","og_url":"https:\/\/www.urlaubcornwall.de\/blog\/luxus-ferienhaeuser-ferienwohnungen-die-schoensten-doerfer-und-staedte-cornwalls\/","og_site_name":"Urlaub &amp; Reisen","article_modified_time":"2017-09-27T09:58:06+00:00","og_image":[{"url":"https:\/\/www.urlaubcornwall.de\/blog\/wp-content\/uploads\/2016\/05\/hotel-St-Ives.jpg"}],"twitter_card":"summary","twitter_misc":{"Est. reading time":"1 minute"},"schema":{"@context":"https:\/\/schema.org","@graph":[{"@type":"WebSite","@id":"https:\/\/www.urlaubcornwall.de\/blog\/#website","url":"https:\/\/www.urlaubcornwall.de\/blog\/","name":"Urlaub &amp; Reisen","description":"Urlaub, Reisen, Cornwall und S\u00fcdengland: eine perfekte Kombination","potentialAction":[{"@type":"SearchAction","target":{"@type":"EntryPoint","urlTemplate":"https:\/\/www.urlaubcornwall.de\/blog\/?s={search_term_string}"},"query-input":"required name=search_term_string"}],"inLanguage":"en-US"},{"@type":"WebPage","@id":"https:\/\/www.urlaubcornwall.de\/blog\/luxus-ferienhaeuser-ferienwohnungen-die-schoensten-doerfer-und-staedte-cornwalls\/","url":"https:\/\/www.urlaubcornwall.de\/blog\/luxus-ferienhaeuser-ferienwohnungen-die-schoensten-doerfer-und-staedte-cornwalls\/","name":"Luxus Ferienh\u00e4user & Ferienwohnungen in die Sch\u00f6nsten D\u00f6rfer und St\u00e4dte Cornwalls - Urlaub &amp; Reisen","isPartOf":{"@id":"https:\/\/www.urlaubcornwall.de\/blog\/#website"},"datePublished":"2017-09-27T09:48:50+00:00","dateModified":"2017-09-27T09:58:06+00:00","breadcrumb":{"@id":"https:\/\/www.urlaubcornwall.de\/blog\/luxus-ferienhaeuser-ferienwohnungen-die-schoensten-doerfer-und-staedte-cornwalls\/#breadcrumb"},"inLanguage":"en-US","potentialAction":[{"@type":"ReadAction","target":["https:\/\/www.urlaubcornwall.de\/blog\/luxus-ferienhaeuser-ferienwohnungen-die-schoensten-doerfer-und-staedte-cornwalls\/"]}]},{"@type":"BreadcrumbList","@id":"https:\/\/www.urlaubcornwall.de\/blog\/luxus-ferienhaeuser-ferienwohnungen-die-schoensten-doerfer-und-staedte-cornwalls\/#breadcrumb","itemListElement":[{"@type":"ListItem","position":1,"name":"Home","item":"https:\/\/www.urlaubcornwall.de\/blog\/"},{"@type":"ListItem","position":2,"name":"Luxus Ferienh\u00e4user &#038; Ferienwohnungen in die Sch\u00f6nsten D\u00f6rfer und St\u00e4dte Cornwalls"}]}]}},"_links":{"self":[{"href":"https:\/\/www.urlaubcornwall.de\/blog\/wp-json\/wp\/v2\/pages\/29519"}],"collection":[{"href":"https:\/\/www.urlaubcornwall.de\/blog\/wp-json\/wp\/v2\/pages"}],"about":[{"href":"https:\/\/www.urlaubcornwall.de\/blog\/wp-json\/wp\/v2\/types\/page"}],"author":[{"embeddable":true,"href":"https:\/\/www.urlaubcornwall.de\/blog\/wp-json\/wp\/v2\/users\/1"}],"replies":[{"embeddable":true,"href":"https:\/\/www.urlaubcornwall.de\/blog\/wp-json\/wp\/v2\/comments?post=29519"}],"version-history":[{"count":2,"href":"https:\/\/www.urlaubcornwall.de\/blog\/wp-json\/wp\/v2\/pages\/29519\/revisions"}],"predecessor-version":[{"id":29521,"href":"https:\/\/www.urlaubcornwall.de\/blog\/wp-json\/wp\/v2\/pages\/29519\/revisions\/29521"}],"wp:attachment":[{"href":"https:\/\/www.urlaubcornwall.de\/blog\/wp-json\/wp\/v2\/media?parent=29519"}],"curies":[{"name":"wp","href":"https:\/\/api.w.org\/{rel}","templated":true}]}}