{"id":29515,"date":"2017-09-26T11:15:13","date_gmt":"2017-09-26T11:15:13","guid":{"rendered":"https:\/\/www.urlaubcornwall.de\/blog\/?page_id=29515"},"modified":"2017-10-23T09:46:50","modified_gmt":"2017-10-23T09:46:50","slug":"ferienhaeuser-mit-hund-die-schoensten-doerfer-und-staedte-suedwest-englands","status":"publish","type":"page","link":"https:\/\/www.urlaubcornwall.de\/blog\/ferienhaeuser-mit-hund-die-schoensten-doerfer-und-staedte-suedwest-englands\/","title":{"rendered":"Ferienh\u00e4user mit Hund in die Sch\u00f6nsten D\u00f6rfer und St\u00e4dte S\u00fcdwest Englands"},"content":{"rendered":"<p><img loading=\"lazy\" class=\"aligncenter size-full wp-image-29073\" src=\"https:\/\/www.urlaubcornwall.de\/blog\/wp-content\/uploads\/2017\/09\/ferienhaus-cornwall-mit-blick.jpg\" alt=\"ferienhaus S\u00fcdwest england mit hund\" height=\"376\" width=\"745\" srcset=\"https:\/\/www.urlaubcornwall.de\/blog\/wp-content\/uploads\/2017\/09\/ferienhaus-cornwall-mit-blick.jpg 745w, https:\/\/www.urlaubcornwall.de\/blog\/wp-content\/uploads\/2017\/09\/ferienhaus-cornwall-mit-blick-300x151.jpg 300w\" sizes=\"(max-width: 745px) 100vw, 745px\" \/><\/p>\n<p style=\"text-align: center;\"><strong>Bei uns finden Sie Ferienh\u00e4user zum Verlieben &#8211; so einfach ist das!<\/strong><\/p>\n<p style=\"text-align: center;\">Pers\u00f6nlich inspizierte Ferienh\u00e4user und Ferienwohnungen in S\u00fcdwest England f\u00fcr Ihren Urlaub mit Hund. \u00dcber 500 hundefreundliche Ferienh\u00e4user, Cottages &amp; Ferienwohnungen in Cornwall, Devon, Dorset and Somerset.<\/p>\n<p style=\"text-align: center;\"><a class=\"tidycta\" href=\"https:\/\/www.urlaubcornwall.de\/ferienhaeuser\/suedwesten-englands.php\">Suche Ferienh\u00e4user<\/a><\/p>\n<p style=\"text-align: center;\">Die Halbinsel verj\u00fcngt sich in den Atlantik, und hier, mehr noch als im restlichen Gro\u00dfbritannien, erh\u00e4lt man den Eindruck des Insellebens. Dieses Land ist voller abwechslungsreicher, doch harmonischer Landschaften, in denen das Erbe uralter Zivilisationen noch zu sp\u00fcren ist, die vielleicht von den Eroberungswellen \u00fcberrannt, aber nie bezwungen wurden.<\/p>\n<table width=\"746\">\n<tbody>\n<tr>\n<td width=\"64\"><a href=\"https:\/\/www.urlaubcornwall.de\/blog\/ferienhaeuser-mit-hund-die-schoensten-doerfer-und-staedte-cornwalls\/\"><strong>Cornwall<\/strong><\/a><\/td>\n<td width=\"64\"><strong><a href=\"https:\/\/www.urlaubcornwall.de\/blog\/ferienhaeuser-mit-hund-die-schoensten-doerfer-und-staedte-devons\/\">Devon<\/a>&nbsp;<\/strong><\/td>\n<td width=\"64\"><a href=\"https:\/\/www.urlaubcornwall.de\/blog\/ferienhaeuser-mit-hund-die-schoensten-doerfer-und-staedte-dorsets\/\"><strong>Dorset<\/strong><\/a><\/td>\n<td width=\"64\"><a href=\"https:\/\/www.urlaubcornwall.de\/blog\/ferienhaeuser-mit-hund-die-schoensten-doerfer-und-staedte-somersets\/\"><strong>Somerset<\/strong><\/a><\/td>\n<\/tr>\n<\/tbody>\n<\/table>\n\n<p><img loading=\"lazy\" class=\"aligncenter size-full wp-image-24598\" src=\"https:\/\/www.urlaubcornwall.de\/blog\/wp-content\/uploads\/2016\/06\/urlaub-und-sudengland_logo-final.jpg\" height=\"361\" width=\"746\"\/><\/p>\n","protected":false},"excerpt":{"rendered":"<p>Bei uns finden Sie Ferienh\u00e4user zum Verlieben &#8211; so einfach ist das! Pers\u00f6nlich inspizierte Ferienh\u00e4user und Ferienwohnungen in S\u00fcdwest England f\u00fcr Ihren Urlaub mit Hund. \u00dcber 500 hundefreundliche Ferienh\u00e4user, Cottages &amp; Ferienwohnungen in Cornwall, Devon, Dorset and Somerset. Suche Ferienh\u00e4user Die Halbinsel verj\u00fcngt sich in den Atlantik, und hier, mehr noch als im restlichen Gro\u00dfbritannien, [&hellip;]<\/p>\n","protected":false},"author":1,"featured_media":0,"parent":0,"menu_order":0,"comment_status":"closed","ping_status":"closed","template":"single-four.php","meta":[],"acf":[],"yoast_head":"<!-- This site is optimized with the Yoast SEO plugin v19.4 - https:\/\/yoast.com\/wordpress\/plugins\/seo\/ -->\n<title>Ferienh\u00e4user mit Hund in die Sch\u00f6nsten D\u00f6rfer und St\u00e4dte S\u00fcdwest Englands - Urlaub &amp; Reisen<\/title>\n<meta name=\"robots\" content=\"index, follow, max-snippet:-1, max-image-preview:large, max-video-preview:-1\" \/>\n<link rel=\"canonical\" href=\"https:\/\/www.urlaubcornwall.de\/blog\/ferienhaeuser-mit-hund-die-schoensten-doerfer-und-staedte-suedwest-englands\/\" \/>\n<meta property=\"og:locale\" content=\"en_US\" \/>\n<meta property=\"og:type\" content=\"article\" \/>\n<meta property=\"og:title\" content=\"Ferienh\u00e4user mit Hund in die Sch\u00f6nsten D\u00f6rfer und St\u00e4dte S\u00fcdwest Englands - Urlaub &amp; Reisen\" \/>\n<meta property=\"og:description\" content=\"Bei uns finden Sie Ferienh\u00e4user zum Verlieben &#8211; so einfach ist das! Pers\u00f6nlich inspizierte Ferienh\u00e4user und Ferienwohnungen in S\u00fcdwest England f\u00fcr Ihren Urlaub mit Hund. \u00dcber 500 hundefreundliche Ferienh\u00e4user, Cottages &amp; Ferienwohnungen in Cornwall, Devon, Dorset and Somerset. Suche Ferienh\u00e4user Die Halbinsel verj\u00fcngt sich in den Atlantik, und hier, mehr noch als im restlichen Gro\u00dfbritannien, [&hellip;]\" \/>\n<meta property=\"og:url\" content=\"https:\/\/www.urlaubcornwall.de\/blog\/ferienhaeuser-mit-hund-die-schoensten-doerfer-und-staedte-suedwest-englands\/\" \/>\n<meta property=\"og:site_name\" content=\"Urlaub &amp; Reisen\" \/>\n<meta property=\"article:modified_time\" content=\"2017-10-23T09:46:50+00:00\" \/>\n<meta property=\"og:image\" content=\"https:\/\/www.urlaubcornwall.de\/blog\/wp-content\/uploads\/2017\/09\/ferienhaus-cornwall-mit-blick.jpg\" \/>\n<meta name=\"twitter:card\" content=\"summary\" \/>\n<meta name=\"twitter:label1\" content=\"Est. reading time\" \/>\n\t<meta name=\"twitter:data1\" content=\"1 minute\" \/>\n<script type=\"application\/ld+json\" class=\"yoast-schema-graph\">{\"@context\":\"https:\/\/schema.org\",\"@graph\":[{\"@type\":\"WebSite\",\"@id\":\"https:\/\/www.urlaubcornwall.de\/blog\/#website\",\"url\":\"https:\/\/www.urlaubcornwall.de\/blog\/\",\"name\":\"Urlaub &amp; Reisen\",\"description\":\"Urlaub, Reisen, Cornwall und S\u00fcdengland: eine perfekte Kombination\",\"potentialAction\":[{\"@type\":\"SearchAction\",\"target\":{\"@type\":\"EntryPoint\",\"urlTemplate\":\"https:\/\/www.urlaubcornwall.de\/blog\/?s={search_term_string}\"},\"query-input\":\"required name=search_term_string\"}],\"inLanguage\":\"en-US\"},{\"@type\":\"WebPage\",\"@id\":\"https:\/\/www.urlaubcornwall.de\/blog\/ferienhaeuser-mit-hund-die-schoensten-doerfer-und-staedte-suedwest-englands\/\",\"url\":\"https:\/\/www.urlaubcornwall.de\/blog\/ferienhaeuser-mit-hund-die-schoensten-doerfer-und-staedte-suedwest-englands\/\",\"name\":\"Ferienh\u00e4user mit Hund in die Sch\u00f6nsten D\u00f6rfer und St\u00e4dte S\u00fcdwest Englands - Urlaub &amp; Reisen\",\"isPartOf\":{\"@id\":\"https:\/\/www.urlaubcornwall.de\/blog\/#website\"},\"datePublished\":\"2017-09-26T11:15:13+00:00\",\"dateModified\":\"2017-10-23T09:46:50+00:00\",\"breadcrumb\":{\"@id\":\"https:\/\/www.urlaubcornwall.de\/blog\/ferienhaeuser-mit-hund-die-schoensten-doerfer-und-staedte-suedwest-englands\/#breadcrumb\"},\"inLanguage\":\"en-US\",\"potentialAction\":[{\"@type\":\"ReadAction\",\"target\":[\"https:\/\/www.urlaubcornwall.de\/blog\/ferienhaeuser-mit-hund-die-schoensten-doerfer-und-staedte-suedwest-englands\/\"]}]},{\"@type\":\"BreadcrumbList\",\"@id\":\"https:\/\/www.urlaubcornwall.de\/blog\/ferienhaeuser-mit-hund-die-schoensten-doerfer-und-staedte-suedwest-englands\/#breadcrumb\",\"itemListElement\":[{\"@type\":\"ListItem\",\"position\":1,\"name\":\"Home\",\"item\":\"https:\/\/www.urlaubcornwall.de\/blog\/\"},{\"@type\":\"ListItem\",\"position\":2,\"name\":\"Ferienh\u00e4user mit Hund in die Sch\u00f6nsten D\u00f6rfer und St\u00e4dte S\u00fcdwest Englands\"}]}]}<\/script>\n<!-- \/ Yoast SEO plugin. -->","yoast_head_json":{"title":"Ferienh\u00e4user mit Hund in die Sch\u00f6nsten D\u00f6rfer und St\u00e4dte S\u00fcdwest Englands - Urlaub &amp; Reisen","robots":{"index":"index","follow":"follow","max-snippet":"max-snippet:-1","max-image-preview":"max-image-preview:large","max-video-preview":"max-video-preview:-1"},"canonical":"https:\/\/www.urlaubcornwall.de\/blog\/ferienhaeuser-mit-hund-die-schoensten-doerfer-und-staedte-suedwest-englands\/","og_locale":"en_US","og_type":"article","og_title":"Ferienh\u00e4user mit Hund in die Sch\u00f6nsten D\u00f6rfer und St\u00e4dte S\u00fcdwest Englands - Urlaub &amp; Reisen","og_description":"Bei uns finden Sie Ferienh\u00e4user zum Verlieben &#8211; so einfach ist das! Pers\u00f6nlich inspizierte Ferienh\u00e4user und Ferienwohnungen in S\u00fcdwest England f\u00fcr Ihren Urlaub mit Hund. \u00dcber 500 hundefreundliche Ferienh\u00e4user, Cottages &amp; Ferienwohnungen in Cornwall, Devon, Dorset and Somerset. Suche Ferienh\u00e4user Die Halbinsel verj\u00fcngt sich in den Atlantik, und hier, mehr noch als im restlichen Gro\u00dfbritannien, [&hellip;]","og_url":"https:\/\/www.urlaubcornwall.de\/blog\/ferienhaeuser-mit-hund-die-schoensten-doerfer-und-staedte-suedwest-englands\/","og_site_name":"Urlaub &amp; Reisen","article_modified_time":"2017-10-23T09:46:50+00:00","og_image":[{"url":"https:\/\/www.urlaubcornwall.de\/blog\/wp-content\/uploads\/2017\/09\/ferienhaus-cornwall-mit-blick.jpg"}],"twitter_card":"summary","twitter_misc":{"Est. reading time":"1 minute"},"schema":{"@context":"https:\/\/schema.org","@graph":[{"@type":"WebSite","@id":"https:\/\/www.urlaubcornwall.de\/blog\/#website","url":"https:\/\/www.urlaubcornwall.de\/blog\/","name":"Urlaub &amp; Reisen","description":"Urlaub, Reisen, Cornwall und S\u00fcdengland: eine perfekte Kombination","potentialAction":[{"@type":"SearchAction","target":{"@type":"EntryPoint","urlTemplate":"https:\/\/www.urlaubcornwall.de\/blog\/?s={search_term_string}"},"query-input":"required name=search_term_string"}],"inLanguage":"en-US"},{"@type":"WebPage","@id":"https:\/\/www.urlaubcornwall.de\/blog\/ferienhaeuser-mit-hund-die-schoensten-doerfer-und-staedte-suedwest-englands\/","url":"https:\/\/www.urlaubcornwall.de\/blog\/ferienhaeuser-mit-hund-die-schoensten-doerfer-und-staedte-suedwest-englands\/","name":"Ferienh\u00e4user mit Hund in die Sch\u00f6nsten D\u00f6rfer und St\u00e4dte S\u00fcdwest Englands - Urlaub &amp; Reisen","isPartOf":{"@id":"https:\/\/www.urlaubcornwall.de\/blog\/#website"},"datePublished":"2017-09-26T11:15:13+00:00","dateModified":"2017-10-23T09:46:50+00:00","breadcrumb":{"@id":"https:\/\/www.urlaubcornwall.de\/blog\/ferienhaeuser-mit-hund-die-schoensten-doerfer-und-staedte-suedwest-englands\/#breadcrumb"},"inLanguage":"en-US","potentialAction":[{"@type":"ReadAction","target":["https:\/\/www.urlaubcornwall.de\/blog\/ferienhaeuser-mit-hund-die-schoensten-doerfer-und-staedte-suedwest-englands\/"]}]},{"@type":"BreadcrumbList","@id":"https:\/\/www.urlaubcornwall.de\/blog\/ferienhaeuser-mit-hund-die-schoensten-doerfer-und-staedte-suedwest-englands\/#breadcrumb","itemListElement":[{"@type":"ListItem","position":1,"name":"Home","item":"https:\/\/www.urlaubcornwall.de\/blog\/"},{"@type":"ListItem","position":2,"name":"Ferienh\u00e4user mit Hund in die Sch\u00f6nsten D\u00f6rfer und St\u00e4dte S\u00fcdwest Englands"}]}]}},"_links":{"self":[{"href":"https:\/\/www.urlaubcornwall.de\/blog\/wp-json\/wp\/v2\/pages\/29515"}],"collection":[{"href":"https:\/\/www.urlaubcornwall.de\/blog\/wp-json\/wp\/v2\/pages"}],"about":[{"href":"https:\/\/www.urlaubcornwall.de\/blog\/wp-json\/wp\/v2\/types\/page"}],"author":[{"embeddable":true,"href":"https:\/\/www.urlaubcornwall.de\/blog\/wp-json\/wp\/v2\/users\/1"}],"replies":[{"embeddable":true,"href":"https:\/\/www.urlaubcornwall.de\/blog\/wp-json\/wp\/v2\/comments?post=29515"}],"version-history":[{"count":3,"href":"https:\/\/www.urlaubcornwall.de\/blog\/wp-json\/wp\/v2\/pages\/29515\/revisions"}],"predecessor-version":[{"id":37295,"href":"https:\/\/www.urlaubcornwall.de\/blog\/wp-json\/wp\/v2\/pages\/29515\/revisions\/37295"}],"wp:attachment":[{"href":"https:\/\/www.urlaubcornwall.de\/blog\/wp-json\/wp\/v2\/media?parent=29515"}],"curies":[{"name":"wp","href":"https:\/\/api.w.org\/{rel}","templated":true}]}}