{"id":29506,"date":"2017-09-25T11:28:37","date_gmt":"2017-09-25T11:28:37","guid":{"rendered":"https:\/\/www.urlaubcornwall.de\/blog\/?page_id=29506"},"modified":"2024-04-16T08:21:12","modified_gmt":"2024-04-16T08:21:12","slug":"ferienhaeuser-mit-hund-die-schoensten-doerfer-und-staedte-cornwalls","status":"publish","type":"page","link":"https:\/\/www.urlaubcornwall.de\/blog\/ferienhaeuser-mit-hund-die-schoensten-doerfer-und-staedte-cornwalls\/","title":{"rendered":"Ferienh\u00e4user mit Hund in die Sch\u00f6nsten D\u00f6rfer und St\u00e4dte Cornwalls"},"content":{"rendered":"<p><img loading=\"lazy\" class=\"aligncenter size-full wp-image-26507\" src=\"https:\/\/www.urlaubcornwall.de\/blog\/wp-content\/uploads\/2016\/05\/hotel-St-Ives.jpg\" alt=\"ferienhaus cornwall mit hund\" width=\"748\" height=\"389\"\/><\/p>\n<p>Die Sch\u00f6nheit der kornischen K\u00fcste und der dramatische Kontrast zwischen Land und Meer sind bei einem <a href=\"https:\/\/www.urlaubcornwall.de\/reiseziel\/cornwall.php\">Urlaub in Cornwall<\/a> immer in greifbarer N\u00e4he. Es gibt keine sch\u00f6nere Region f\u00fcr einen Urlaub an der K\u00fcste S\u00fcdenglands. Es ist das perfekte Urlaubsziel \u2013 suchen Sie sich also ein Ferienhaus mit Selbstverpflegung in Cornwall aus, wo es auch landeinw\u00e4rts viel zu entdecken gibt. Mit seinem \u00fcberaus milden Klima werden Sie sich fragen, ob Sie sich tats\u00e4chlich in England befinden.<\/p>\n<p>Um UrlaubCornwall.de einzigartige Kollektion nach Ihrem idealen Ferienhaus zu durchsuchen. \u00dcber 1000 hundefreundliche Ferienh\u00e4user, Cottages &amp; Ferienwohnungen in Cornwall und S\u00fcdwest- England.<\/p>\n<div class=\"snippet\"> <a class=\"featured-item\" href=\"https:\/\/www.urlaubcornwall.de\/ferienhaeuser\/cornwall.php\"> <span class=\"image-holder\" style=\"background-image: url(' https:\/\/www.urlaubcornwall.de\/blog\/wp-content\/uploads\/2018\/12\/ferienhaus-cornwall-mit-hund.jpg ');\"><\/span> <span class=\"featured-content\"> \n<h2 class=\"featured-title\">Ferienh\u00e4user in Cornwall mit Hund<\/h2>\n<p class=\"featured-body\">Cornwall besitzt mehr K\u00fcstenlinien als jede andere Grafschaft und bietet einige der besten Str\u00e4nde, K\u00fcstenwanderwege und Klippenlandschaften, die man \u00fcberhaupt finden kann&#8230;.<\/p><\/span> <span class=\"featured-link-holder\"> <span class=\"featured-extra-info\"> \n<p>F\u00fcr Paare, Familien &#038; Gruppen<\/p>\n<\/span> \n<p class=\"featured-link\">DETAILS<\/p>\n<\/span> <\/a><\/div>\n<table width=\"746\">\n<tbody>\n<tr>\n<td width=\"85\"><a href=\"https:\/\/www.urlaubcornwall.de\/ferienhaeuser-fewos\/altarnun-mit-hund.html\">Altarnun<\/a><\/td>\n<td width=\"105\"><a href=\"https:\/\/www.urlaubcornwall.de\/ferienhaeuser-fewos\/fowey-mit-hund.html\">Fowey<\/a><\/td>\n<td width=\"88\"><a href=\"https:\/\/www.urlaubcornwall.de\/ferienhaeuser-fewos\/mevagissey-mit-hund.html\">Mevagissey<\/a><\/td>\n<td width=\"127\"><a href=\"https:\/\/www.urlaubcornwall.de\/ferienhaeuser-fewos\/portreath-mit-hund.html\">Portreath<\/a><\/td>\n<td width=\"107\"><a href=\"https:\/\/www.urlaubcornwall.de\/ferienhaeuser-fewos\/truro-mit-hund.html\">Truro<\/a><\/td>\n<\/tr>\n<tr>\n<td><a href=\"https:\/\/www.urlaubcornwall.de\/ferienhaeuser-fewos\/blisland-mit-hund.html\">Blisland<\/a><\/td>\n<td><a href=\"https:\/\/www.urlaubcornwall.de\/ferienhaeuser-fewos\/gorran-haven-mit-hund.html\">Gorran Haven<\/a><\/td>\n<td><a href=\"https:\/\/www.urlaubcornwall.de\/ferienhaeuser-fewos\/mousehole-mit-hund.html\">Mousehole<\/a><\/td>\n<td><a href=\"https:\/\/www.urlaubcornwall.de\/ferienhaeuser-fewos\/portscatho-mit-hund.html\">Portscatho<\/a><\/td>\n<td><a href=\"https:\/\/www.urlaubcornwall.de\/ferienhaeuser-fewos\/veryan-mit-hund.html\">Veryan<\/a><\/td>\n<\/tr>\n<tr>\n<td><a href=\"https:\/\/www.urlaubcornwall.de\/ferienhaeuser-fewos\/bodmin-mit-hund.html\">Bodmin<\/a><\/td>\n<td><a href=\"https:\/\/www.urlaubcornwall.de\/ferienhaeuser-fewos\/grampound-mit-hund.html\">Grampound<\/a><\/td>\n<td><a href=\"https:\/\/www.urlaubcornwall.de\/ferienhaeuser-fewos\/mullion-mit-hund.html\">Mullion<\/a><\/td>\n<td><a href=\"https:\/\/www.urlaubcornwall.de\/ferienhaeuser-fewos\/praa-sands-mit-hund.html\">Praa Sands<\/a><\/td>\n<td><a href=\"https:\/\/www.urlaubcornwall.de\/ferienhaeuser-fewos\/wadebridge-mit-hund.html\">Wadebridge<\/a><\/td>\n<\/tr>\n<tr>\n<td><a href=\"https:\/\/www.urlaubcornwall.de\/ferienhaeuser-fewos\/boscastle-mit-hund.html\">Boscastle<\/a><\/td>\n<td><a href=\"https:\/\/www.urlaubcornwall.de\/ferienhaeuser-fewos\/gunwalloe-mit-hund.html\">Gunwalloe<\/a><\/td>\n<td><a href=\"https:\/\/www.urlaubcornwall.de\/ferienhaeuser-fewos\/mylor-mit-hund.html\">Mylor<\/a><\/td>\n<td><a href=\"https:\/\/www.urlaubcornwall.de\/ferienhaeuser-fewos\/probus-mit-hund.html\">Probus<\/a><\/td>\n<td><a href=\"https:\/\/www.urlaubcornwall.de\/ferienhaeuser-fewos\/widemouth-bay-mit-hund.html\">Widemouth Bay<\/a><\/td>\n<\/tr>\n<tr>\n<td><a href=\"https:\/\/www.urlaubcornwall.de\/ferienhaeuser-fewos\/bude-mit-hund.html\">Bude<\/a><\/td>\n<td><a href=\"https:\/\/www.urlaubcornwall.de\/ferienhaeuser-fewos\/hayle-mit-hund.html\">Hayle<\/a><\/td>\n<td><a href=\"https:\/\/www.urlaubcornwall.de\/ferienhaeuser-fewos\/newlyn-mit-hund.html\">Newlyn<\/a><\/td>\n<td><a href=\"https:\/\/www.urlaubcornwall.de\/ferienhaeuser-fewos\/redruth-mit-hund.html\">Redruth<\/a><\/td>\n<td><a href=\"https:\/\/www.urlaubcornwall.de\/ferienhaeuser-fewos\/zennor-mit-hund.html\">Zennor<\/a><\/td>\n<\/tr>\n<tr>\n<td><a href=\"https:\/\/www.urlaubcornwall.de\/ferienhaeuser-fewos\/cadgwith-mit-hund.html\">Cadgwith<\/a><\/td>\n<td><a href=\"https:\/\/www.urlaubcornwall.de\/ferienhaeuser-fewos\/helford-mit-hund.html\">Helford<\/a><\/td>\n<td><a href=\"https:\/\/www.urlaubcornwall.de\/ferienhaeuser-fewos\/newquay-mit-hund.html\">Newquay<\/a><\/td>\n<td><a href=\"https:\/\/www.urlaubcornwall.de\/ferienhaeuser-fewos\/rock-mit-hund.html\">Rock<\/a><\/td>\n<td>&nbsp;<\/td>\n<\/tr>\n<tr>\n<td><a href=\"https:\/\/www.urlaubcornwall.de\/ferienhaeuser-fewos\/callington-mit-hund.html\">Callington<\/a><\/td>\n<td><a href=\"https:\/\/www.urlaubcornwall.de\/ferienhaeuser-fewos\/helston-mit-hund.html\">Helston<\/a><\/td>\n<td><a href=\"https:\/\/www.urlaubcornwall.de\/ferienhaeuser-fewos\/padstow-mit-hund.html\">Padstow<\/a><\/td>\n<td><a href=\"https:\/\/www.urlaubcornwall.de\/ferienhaeuser-fewos\/roseland-halbinsel-mit-hund.html\">Roseland Halbinsel<\/a><\/td>\n<td>&nbsp;<\/td>\n<\/tr>\n<tr>\n<td><a href=\"https:\/\/www.urlaubcornwall.de\/ferienhaeuser-fewos\/calstock-mit-hund.html\">Calstock<\/a><\/td>\n<td><a href=\"https:\/\/www.urlaubcornwall.de\/ferienhaeuser-fewos\/lamorna-cove-mit-hund.html\">Lamorna Cove<\/a><\/td>\n<td><a href=\"https:\/\/www.urlaubcornwall.de\/ferienhaeuser-fewos\/pendeen-mit-hund.html\">Pendeen<\/a><\/td>\n<td><a href=\"https:\/\/www.urlaubcornwall.de\/ferienhaeuser-fewos\/ruan-high-lanes-mit-hund.html\">Ruan High Lanes<\/a><\/td>\n<td>&nbsp;<\/td>\n<\/tr>\n<tr>\n<td><a href=\"https:\/\/www.urlaubcornwall.de\/ferienhaeuser-fewos\/camborne-mit-hund.html\">Camborne<\/a><\/td>\n<td><a href=\"https:\/\/www.urlaubcornwall.de\/ferienhaeuser-fewos\/lands-end-mit-hund.html\">Lands End<\/a><\/td>\n<td><a href=\"https:\/\/www.urlaubcornwall.de\/ferienhaeuser-fewos\/penryn-mit-hund.html\">Penryn<\/a><\/td>\n<td><a href=\"https:\/\/www.urlaubcornwall.de\/ferienhaeuser-fewos\/sennen-mit-hund.html\">Sennen<\/a><\/td>\n<td>&nbsp;<\/td>\n<\/tr>\n<tr>\n<td><a href=\"https:\/\/www.urlaubcornwall.de\/ferienhaeuser-fewos\/camelford-mit-hund.html\">Camelford<\/a><\/td>\n<td><a href=\"https:\/\/www.urlaubcornwall.de\/ferienhaeuser-fewos\/launceston-mit-hund.html\">Launceston<\/a><\/td>\n<td><a href=\"https:\/\/www.urlaubcornwall.de\/ferienhaeuser-fewos\/penzance-mit-hund.html\">Penzance<\/a><\/td>\n<td><a href=\"https:\/\/www.urlaubcornwall.de\/ferienhaeuser-fewos\/st-agnes-mit-hund.html\">St Agnes<\/a><\/td>\n<td>&nbsp;<\/td>\n<\/tr>\n<tr>\n<td><a href=\"https:\/\/www.urlaubcornwall.de\/ferienhaeuser-fewos\/carbis-bay-mit-hund.html\">Carbis Bay<\/a><\/td>\n<td><a href=\"https:\/\/www.urlaubcornwall.de\/ferienhaeuser-fewos\/lerryn-mit-hund.html\">Lerryn<\/a><\/td>\n<td><a href=\"https:\/\/www.urlaubcornwall.de\/ferienhaeuser-fewos\/perranporth-mit-hund.html\">Perranporth<\/a><\/td>\n<td><a href=\"https:\/\/www.urlaubcornwall.de\/ferienhaeuser-fewos\/st-austell-mit-hund.html\">St Austell<\/a><\/td>\n<td>&nbsp;<\/td>\n<\/tr>\n<tr>\n<td><a href=\"https:\/\/www.urlaubcornwall.de\/ferienhaeuser-fewos\/carlyon-bay-mit-hund.html\">Carlyon Bay<\/a><\/td>\n<td><a href=\"https:\/\/www.urlaubcornwall.de\/ferienhaeuser-fewos\/liskeard-mit-hund.html\">Liskeard<\/a><\/td>\n<td><a href=\"https:\/\/www.urlaubcornwall.de\/ferienhaeuser-fewos\/polperro-mit-hund.html\">Polperro<\/a><\/td>\n<td><a href=\"https:\/\/www.urlaubcornwall.de\/ferienhaeuser-fewos\/st-cleer-mit-hund.html\">St Cleer<\/a><\/td>\n<td>&nbsp;<\/td>\n<\/tr>\n<tr>\n<td><a href=\"https:\/\/www.urlaubcornwall.de\/ferienhaeuser-fewos\/charlestown-mit-hund.html\">Charlestown<\/a><\/td>\n<td><a href=\"https:\/\/www.urlaubcornwall.de\/ferienhaeuser-fewos\/lizard-halbinsel-mit-hund.html\">Lizard Halbinsel<\/a><\/td>\n<td><a href=\"https:\/\/www.urlaubcornwall.de\/ferienhaeuser-fewos\/polruan-mit-hund.html\">Polruan<\/a><\/td>\n<td><a href=\"https:\/\/www.urlaubcornwall.de\/ferienhaeuser-fewos\/st-issey-mit-hund.html\">St Issey<\/a><\/td>\n<td>&nbsp;<\/td>\n<\/tr>\n<tr>\n<td><a href=\"https:\/\/www.urlaubcornwall.de\/ferienhaeuser-fewos\/constantine-mit-hund.html\">Constantine<\/a><\/td>\n<td><a href=\"https:\/\/www.urlaubcornwall.de\/ferienhaeuser-fewos\/looe-mit-hund.html\">Looe<\/a><\/td>\n<td><a href=\"https:\/\/www.urlaubcornwall.de\/ferienhaeuser-fewos\/polzeath-mit-hund.html\">Polzeath<\/a><\/td>\n<td><a href=\"https:\/\/www.urlaubcornwall.de\/ferienhaeuser-fewos\/st-ives-mit-hund.html\">St Ives<\/a><\/td>\n<td>&nbsp;<\/td>\n<\/tr>\n<tr>\n<td><a href=\"https:\/\/www.urlaubcornwall.de\/ferienhaeuser-fewos\/coverack-mit-hund.html\">Coverack<\/a><\/td>\n<td><a href=\"https:\/\/www.urlaubcornwall.de\/ferienhaeuser-fewos\/lostwithiel-mit-hund.html\">Lostwithiel<\/a><\/td>\n<td><a href=\"https:\/\/www.urlaubcornwall.de\/ferienhaeuser-fewos\/port-gaverne-mit-hund.html\">Port Gaverne<\/a><\/td>\n<td><a href=\"https:\/\/www.urlaubcornwall.de\/ferienhaeuser-fewos\/st-just-mit-hund.html\">St Just<\/a><\/td>\n<td>&nbsp;<\/td>\n<\/tr>\n<tr>\n<td><a href=\"https:\/\/www.urlaubcornwall.de\/ferienhaeuser-fewos\/crantock-mit-hund.html\">Crantock<\/a><\/td>\n<td><a href=\"https:\/\/www.urlaubcornwall.de\/ferienhaeuser-fewos\/maenporth-mit-hund.html\">Maenporth<\/a><\/td>\n<td><a href=\"https:\/\/www.urlaubcornwall.de\/ferienhaeuser-fewos\/port-isaac-mit-hund.html\">Port Isaac<\/a><\/td>\n<td><a href=\"https:\/\/www.urlaubcornwall.de\/ferienhaeuser-fewos\/st-just-in-roseland-mit-hund.html\">St Just in Roseland<\/a><\/td>\n<td>&nbsp;<\/td>\n<\/tr>\n<tr>\n<td><a href=\"https:\/\/www.urlaubcornwall.de\/ferienhaeuser-fewos\/devoran-mit-hund.html\">Devoran<\/a><\/td>\n<td><a href=\"https:\/\/www.urlaubcornwall.de\/ferienhaeuser-fewos\/marazion-mit-hund.html\">Marazion<\/a><\/td>\n<td><a href=\"https:\/\/www.urlaubcornwall.de\/ferienhaeuser-fewos\/porthallow-mit-hund.html\">Porthallow<\/a><\/td>\n<td><a href=\"https:\/\/www.urlaubcornwall.de\/ferienhaeuser-fewos\/st-mawes-mit-hund.html\">St Mawes<\/a><\/td>\n<td>&nbsp;<\/td>\n<\/tr>\n<tr>\n<td><a href=\"https:\/\/www.urlaubcornwall.de\/ferienhaeuser-fewos\/falmouth-mit-hund.html\">Falmouth<\/a><\/td>\n<td><a href=\"https:\/\/www.urlaubcornwall.de\/ferienhaeuser-fewos\/marhamchurch-mit-hund.html\">Marhamchurch<\/a><\/td>\n<td><a href=\"https:\/\/www.urlaubcornwall.de\/ferienhaeuser-fewos\/porthcurno-mit-hund.html\">Porthcurno<\/a><\/td>\n<td><a href=\"https:\/\/www.urlaubcornwall.de\/ferienhaeuser-fewos\/st-neot-mit-hund.html\">St Neot<\/a><\/td>\n<td>&nbsp;<\/td>\n<\/tr>\n<tr>\n<td><a href=\"https:\/\/www.urlaubcornwall.de\/ferienhaeuser-fewos\/feock-mit-hund.html\">Feock<\/a><\/td>\n<td><a href=\"https:\/\/www.urlaubcornwall.de\/ferienhaeuser-fewos\/mawgan-porth-mit-hund.html\">Mawgan Porth<\/a><\/td>\n<td><a href=\"https:\/\/www.urlaubcornwall.de\/ferienhaeuser-fewos\/porthleven-mit-hund.html\">Porthleven<\/a><\/td>\n<td><a href=\"https:\/\/www.urlaubcornwall.de\/ferienhaeuser-fewos\/tintagel-mit-hund.html\">Tintagel<\/a><\/td>\n<td>&nbsp;<\/td>\n<\/tr>\n<tr>\n<td><a href=\"https:\/\/www.urlaubcornwall.de\/ferienhaeuser-fewos\/flushing-mit-hund.html\">Flushing<\/a><\/td>\n<td><a href=\"https:\/\/www.urlaubcornwall.de\/ferienhaeuser-fewos\/mawnan-smith-mit-hund.html\">Mawnan Smith<\/a><\/td>\n<td><a href=\"https:\/\/www.urlaubcornwall.de\/ferienhaeuser-fewos\/portmellon-mit-hund.html\">Portmellon<\/a><\/td>\n<td><a href=\"https:\/\/www.urlaubcornwall.de\/ferienhaeuser-fewos\/tregony-mit-hund.html\">Tregony<\/a><\/td>\n<td>&nbsp;<\/td>\n<\/tr>\n<\/tbody>\n<\/table>\n<div class=\"snippet\"> <a class=\"featured-item\" href=\" https:\/\/www.urlaubcornwall.de\/rundreisen\/cornwall-suedengland.php\"> <span class=\"image-holder\" style=\"background-image: url(' https:\/\/www.urlaubcornwall.de\/blog\/wp-content\/uploads\/2018\/11\/rundreise-cornwall.jpg ');\"><\/span> <span class=\"featured-content\"> \n<h2 class=\"featured-title\">Individuelle Rundreise in Cornwall &#038; S\u00fcdengland<\/h2>\n<p class=\"featured-body\"> Bei dieser Cornwall Rundreise entdecken Sie die H\u00f6hepunkte S\u00fcdenglands. Kultur, Geschichte, Landschaft und heutiges Leben werden Sie hierbei kennenlernen&#8230;<\/p>\n<\/span> <span class=\"featured-link-holder\"> <span class=\"featured-extra-info\"> \n<p>Urlaub im eigenen Schritttempo<\/p>\n<\/span> \n<p class=\"featured-link\">DETAILS<\/p>\n<\/span> <\/a><\/div>\n","protected":false},"excerpt":{"rendered":"<p>Die Sch\u00f6nheit der kornischen K\u00fcste und der dramatische Kontrast zwischen Land und Meer sind bei einem Urlaub in Cornwall immer in greifbarer N\u00e4he. Es gibt keine sch\u00f6nere Region f\u00fcr einen Urlaub an der K\u00fcste S\u00fcdenglands. Es ist das perfekte Urlaubsziel \u2013 suchen Sie sich also ein Ferienhaus mit Selbstverpflegung in Cornwall aus, wo es auch [&hellip;]<\/p>\n","protected":false},"author":1,"featured_media":0,"parent":0,"menu_order":0,"comment_status":"closed","ping_status":"closed","template":"single-four.php","meta":[],"acf":[],"yoast_head":"<!-- This site is optimized with the Yoast SEO plugin v19.4 - https:\/\/yoast.com\/wordpress\/plugins\/seo\/ -->\n<title>Ferienh\u00e4user mit Hund in die Sch\u00f6nsten D\u00f6rfer und St\u00e4dte Cornwalls - Urlaub &amp; Reisen<\/title>\n<meta name=\"robots\" content=\"index, follow, max-snippet:-1, max-image-preview:large, max-video-preview:-1\" \/>\n<link rel=\"canonical\" href=\"https:\/\/www.urlaubcornwall.de\/blog\/ferienhaeuser-mit-hund-die-schoensten-doerfer-und-staedte-cornwalls\/\" \/>\n<meta property=\"og:locale\" content=\"en_US\" \/>\n<meta property=\"og:type\" content=\"article\" \/>\n<meta property=\"og:title\" content=\"Ferienh\u00e4user mit Hund in die Sch\u00f6nsten D\u00f6rfer und St\u00e4dte Cornwalls - Urlaub &amp; Reisen\" \/>\n<meta property=\"og:description\" content=\"Die Sch\u00f6nheit der kornischen K\u00fcste und der dramatische Kontrast zwischen Land und Meer sind bei einem Urlaub in Cornwall immer in greifbarer N\u00e4he. Es gibt keine sch\u00f6nere Region f\u00fcr einen Urlaub an der K\u00fcste S\u00fcdenglands. Es ist das perfekte Urlaubsziel \u2013 suchen Sie sich also ein Ferienhaus mit Selbstverpflegung in Cornwall aus, wo es auch [&hellip;]\" \/>\n<meta property=\"og:url\" content=\"https:\/\/www.urlaubcornwall.de\/blog\/ferienhaeuser-mit-hund-die-schoensten-doerfer-und-staedte-cornwalls\/\" \/>\n<meta property=\"og:site_name\" content=\"Urlaub &amp; Reisen\" \/>\n<meta property=\"article:modified_time\" content=\"2024-04-16T08:21:12+00:00\" \/>\n<meta property=\"og:image\" content=\"https:\/\/www.urlaubcornwall.de\/blog\/wp-content\/uploads\/2016\/05\/hotel-St-Ives.jpg\" \/>\n<meta name=\"twitter:card\" content=\"summary\" \/>\n<meta name=\"twitter:label1\" content=\"Est. reading time\" \/>\n\t<meta name=\"twitter:data1\" content=\"2 minutes\" \/>\n<script type=\"application\/ld+json\" class=\"yoast-schema-graph\">{\"@context\":\"https:\/\/schema.org\",\"@graph\":[{\"@type\":\"WebSite\",\"@id\":\"https:\/\/www.urlaubcornwall.de\/blog\/#website\",\"url\":\"https:\/\/www.urlaubcornwall.de\/blog\/\",\"name\":\"Urlaub &amp; Reisen\",\"description\":\"Urlaub, Reisen, Cornwall und S\u00fcdengland: eine perfekte Kombination\",\"potentialAction\":[{\"@type\":\"SearchAction\",\"target\":{\"@type\":\"EntryPoint\",\"urlTemplate\":\"https:\/\/www.urlaubcornwall.de\/blog\/?s={search_term_string}\"},\"query-input\":\"required name=search_term_string\"}],\"inLanguage\":\"en-US\"},{\"@type\":\"WebPage\",\"@id\":\"https:\/\/www.urlaubcornwall.de\/blog\/ferienhaeuser-mit-hund-die-schoensten-doerfer-und-staedte-cornwalls\/\",\"url\":\"https:\/\/www.urlaubcornwall.de\/blog\/ferienhaeuser-mit-hund-die-schoensten-doerfer-und-staedte-cornwalls\/\",\"name\":\"Ferienh\u00e4user mit Hund in die Sch\u00f6nsten D\u00f6rfer und St\u00e4dte Cornwalls - Urlaub &amp; Reisen\",\"isPartOf\":{\"@id\":\"https:\/\/www.urlaubcornwall.de\/blog\/#website\"},\"datePublished\":\"2017-09-25T11:28:37+00:00\",\"dateModified\":\"2024-04-16T08:21:12+00:00\",\"breadcrumb\":{\"@id\":\"https:\/\/www.urlaubcornwall.de\/blog\/ferienhaeuser-mit-hund-die-schoensten-doerfer-und-staedte-cornwalls\/#breadcrumb\"},\"inLanguage\":\"en-US\",\"potentialAction\":[{\"@type\":\"ReadAction\",\"target\":[\"https:\/\/www.urlaubcornwall.de\/blog\/ferienhaeuser-mit-hund-die-schoensten-doerfer-und-staedte-cornwalls\/\"]}]},{\"@type\":\"BreadcrumbList\",\"@id\":\"https:\/\/www.urlaubcornwall.de\/blog\/ferienhaeuser-mit-hund-die-schoensten-doerfer-und-staedte-cornwalls\/#breadcrumb\",\"itemListElement\":[{\"@type\":\"ListItem\",\"position\":1,\"name\":\"Home\",\"item\":\"https:\/\/www.urlaubcornwall.de\/blog\/\"},{\"@type\":\"ListItem\",\"position\":2,\"name\":\"Ferienh\u00e4user mit Hund in die Sch\u00f6nsten D\u00f6rfer und St\u00e4dte Cornwalls\"}]}]}<\/script>\n<!-- \/ Yoast SEO plugin. -->","yoast_head_json":{"title":"Ferienh\u00e4user mit Hund in die Sch\u00f6nsten D\u00f6rfer und St\u00e4dte Cornwalls - Urlaub &amp; Reisen","robots":{"index":"index","follow":"follow","max-snippet":"max-snippet:-1","max-image-preview":"max-image-preview:large","max-video-preview":"max-video-preview:-1"},"canonical":"https:\/\/www.urlaubcornwall.de\/blog\/ferienhaeuser-mit-hund-die-schoensten-doerfer-und-staedte-cornwalls\/","og_locale":"en_US","og_type":"article","og_title":"Ferienh\u00e4user mit Hund in die Sch\u00f6nsten D\u00f6rfer und St\u00e4dte Cornwalls - Urlaub &amp; Reisen","og_description":"Die Sch\u00f6nheit der kornischen K\u00fcste und der dramatische Kontrast zwischen Land und Meer sind bei einem Urlaub in Cornwall immer in greifbarer N\u00e4he. Es gibt keine sch\u00f6nere Region f\u00fcr einen Urlaub an der K\u00fcste S\u00fcdenglands. Es ist das perfekte Urlaubsziel \u2013 suchen Sie sich also ein Ferienhaus mit Selbstverpflegung in Cornwall aus, wo es auch [&hellip;]","og_url":"https:\/\/www.urlaubcornwall.de\/blog\/ferienhaeuser-mit-hund-die-schoensten-doerfer-und-staedte-cornwalls\/","og_site_name":"Urlaub &amp; Reisen","article_modified_time":"2024-04-16T08:21:12+00:00","og_image":[{"url":"https:\/\/www.urlaubcornwall.de\/blog\/wp-content\/uploads\/2016\/05\/hotel-St-Ives.jpg"}],"twitter_card":"summary","twitter_misc":{"Est. reading time":"2 minutes"},"schema":{"@context":"https:\/\/schema.org","@graph":[{"@type":"WebSite","@id":"https:\/\/www.urlaubcornwall.de\/blog\/#website","url":"https:\/\/www.urlaubcornwall.de\/blog\/","name":"Urlaub &amp; Reisen","description":"Urlaub, Reisen, Cornwall und S\u00fcdengland: eine perfekte Kombination","potentialAction":[{"@type":"SearchAction","target":{"@type":"EntryPoint","urlTemplate":"https:\/\/www.urlaubcornwall.de\/blog\/?s={search_term_string}"},"query-input":"required name=search_term_string"}],"inLanguage":"en-US"},{"@type":"WebPage","@id":"https:\/\/www.urlaubcornwall.de\/blog\/ferienhaeuser-mit-hund-die-schoensten-doerfer-und-staedte-cornwalls\/","url":"https:\/\/www.urlaubcornwall.de\/blog\/ferienhaeuser-mit-hund-die-schoensten-doerfer-und-staedte-cornwalls\/","name":"Ferienh\u00e4user mit Hund in die Sch\u00f6nsten D\u00f6rfer und St\u00e4dte Cornwalls - Urlaub &amp; Reisen","isPartOf":{"@id":"https:\/\/www.urlaubcornwall.de\/blog\/#website"},"datePublished":"2017-09-25T11:28:37+00:00","dateModified":"2024-04-16T08:21:12+00:00","breadcrumb":{"@id":"https:\/\/www.urlaubcornwall.de\/blog\/ferienhaeuser-mit-hund-die-schoensten-doerfer-und-staedte-cornwalls\/#breadcrumb"},"inLanguage":"en-US","potentialAction":[{"@type":"ReadAction","target":["https:\/\/www.urlaubcornwall.de\/blog\/ferienhaeuser-mit-hund-die-schoensten-doerfer-und-staedte-cornwalls\/"]}]},{"@type":"BreadcrumbList","@id":"https:\/\/www.urlaubcornwall.de\/blog\/ferienhaeuser-mit-hund-die-schoensten-doerfer-und-staedte-cornwalls\/#breadcrumb","itemListElement":[{"@type":"ListItem","position":1,"name":"Home","item":"https:\/\/www.urlaubcornwall.de\/blog\/"},{"@type":"ListItem","position":2,"name":"Ferienh\u00e4user mit Hund in die Sch\u00f6nsten D\u00f6rfer und St\u00e4dte Cornwalls"}]}]}},"_links":{"self":[{"href":"https:\/\/www.urlaubcornwall.de\/blog\/wp-json\/wp\/v2\/pages\/29506"}],"collection":[{"href":"https:\/\/www.urlaubcornwall.de\/blog\/wp-json\/wp\/v2\/pages"}],"about":[{"href":"https:\/\/www.urlaubcornwall.de\/blog\/wp-json\/wp\/v2\/types\/page"}],"author":[{"embeddable":true,"href":"https:\/\/www.urlaubcornwall.de\/blog\/wp-json\/wp\/v2\/users\/1"}],"replies":[{"embeddable":true,"href":"https:\/\/www.urlaubcornwall.de\/blog\/wp-json\/wp\/v2\/comments?post=29506"}],"version-history":[{"count":7,"href":"https:\/\/www.urlaubcornwall.de\/blog\/wp-json\/wp\/v2\/pages\/29506\/revisions"}],"predecessor-version":[{"id":49771,"href":"https:\/\/www.urlaubcornwall.de\/blog\/wp-json\/wp\/v2\/pages\/29506\/revisions\/49771"}],"wp:attachment":[{"href":"https:\/\/www.urlaubcornwall.de\/blog\/wp-json\/wp\/v2\/media?parent=29506"}],"curies":[{"name":"wp","href":"https:\/\/api.w.org\/{rel}","templated":true}]}}