{"id":29421,"date":"2017-09-19T08:35:45","date_gmt":"2017-09-19T08:35:45","guid":{"rendered":"https:\/\/www.urlaubcornwall.de\/blog\/?page_id=29421"},"modified":"2024-04-05T09:53:02","modified_gmt":"2024-04-05T09:53:02","slug":"ferienhaeuser-east-anglia-mit-hund","status":"publish","type":"page","link":"https:\/\/www.urlaubcornwall.de\/blog\/ferienhaeuser-east-anglia-mit-hund\/","title":{"rendered":"Ferienh\u00e4user in East Anglia mit Hund"},"content":{"rendered":"<p><a href=\"https:\/\/www.urlaubcornwall.de\/blog\/wp-content\/uploads\/2024\/03\/norfolk-windmill.jpg\"><img loading=\"lazy\" src=\"https:\/\/www.urlaubcornwall.de\/blog\/wp-content\/uploads\/2024\/03\/norfolk-windmill.jpg\" alt=\"norfolk windmill\" width=\"750\" height=\"500\" class=\"alignnone size-full wp-image-47799\" srcset=\"https:\/\/www.urlaubcornwall.de\/blog\/wp-content\/uploads\/2024\/03\/norfolk-windmill.jpg 750w, https:\/\/www.urlaubcornwall.de\/blog\/wp-content\/uploads\/2024\/03\/norfolk-windmill-300x200.jpg 300w\" sizes=\"(max-width: 750px) 100vw, 750px\" \/><\/a><\/p>\n<h1 style=\"text-align: center;\"><strong>Bei uns finden Sie Hundefreundliche Ferienh\u00e4user in East Anglia zum Verlieben \u2013 so einfach ist das!<\/strong><\/h1>\n<p style=\"text-align: center;\">Mit einer Geschichte, die zur\u00fcckreicht in Angels\u00e4chsische Zeiten ist das heutige Anglia ein entz\u00fcckender Urlaubsort im Osten Englands mit einer Mischung an H\u00fcgellandschaft, unber\u00fchrter K\u00fcste, gefeierten St\u00e4dten und Fachwerkd\u00f6rfern. Unsere Ost Anglia Cottages sind geradezu perfekt f\u00fcr vergn\u00fcgliche Familienurlaube oder einen romantischen Kurzurlaub f\u00fcr Paare.<\/p>\n<p style=\"text-align: center;\">UrlaubCornwall verf\u00fcgt Ferienh\u00e4user und <span class=\"fn\">Ferienwohnungen<\/span> in East Anglia f\u00fcr Ihren Urlaub mit Hund<a href=\"https:\/\/www.urlaubcornwall.de\/blog\/urlaub-in-east-anglia-ostanglien-eine-abgeschiedene-ecke-englands\/\"> in East Anglia<\/a>.<\/p>\n<p style=\"text-align: center;\"><a class=\"tidycta\" href=\"https:\/\/www.urlaubcornwall.de\/ferienhaeuser-fewos\/eng\/norfolk\/norfolk-hundefreundlich.html\">Ferienh\u00e4user in East Anglia mit Hund<\/a>`<\/p>\n<table>\n<tbody>\n<tr>\n<td><img loading=\"lazy\" class=\"aligncenter size-full wp-image-7090\" style=\"border: 0pt none; padding: 0px;\" src=\"https:\/\/www.urlaubcornwall.de\/blog\/wp-content\/uploads\/2015\/08\/riverside-lodge_1703_02.jpg\" alt=\"ferienhaus Ely\" width=\"148\" height=\"108\"\/><\/td>\n<td><strong><\/strong><strong>Ferienhaus Isleham<br \/>\n<\/strong>\n<h3>&nbsp;<\/h3>\n<p>2 Schlafzimmer, Schlafplatz f\u00fcr 4, hundefreundlich, Ferienhaus Isleham 14 Kilometer von Newmarket, Cambridgeshire.<\/p>\n<h3>&nbsp;<\/h3>\n<p><strong>ab 262,- <b>\u00a3 <\/b><\/strong><\/p><\/td>\n<\/tr>\n<\/tbody>\n<\/table>\n<table>\n<tbody>\n<tr>\n<td><img loading=\"lazy\" class=\"aligncenter size-full wp-image-7090\" style=\"border: 0pt none; padding: 0px;\" src=\"https:\/\/www.urlaubcornwall.de\/blog\/wp-content\/uploads\/2015\/08\/1-watering-cottages_17318_01.jpg\" alt=\"feriencottage ely\" width=\"148\" height=\"108\"\/><\/td>\n<td><strong>Ferienhaus West Dereham<br \/>\n<\/strong>\n<h3>&nbsp;<\/h3>\n<p>2 Schlafzimmer, Schlafplatz f\u00fcr 4, hundefreundlich, Ferienhaus West Dereham 5 Kilometer von Downham Market, Cambridgeshire.<\/p>\n<h3>&nbsp;<\/h3>\n<p><strong>ab 360,- <b>\u00a3 <\/b><\/strong><\/p><\/td>\n<\/tr>\n<\/tbody>\n<\/table>\n<table width=\"753\">\n<tbody>\n<tr>\n<td><img loading=\"lazy\" class=\"aligncenter size-full wp-image-7090\" style=\"border: 0pt none; padding: 0px;\" src=\"https:\/\/www.urlaubcornwall.de\/blog\/wp-content\/uploads\/2015\/08\/1-manor-farm-cottage_923033_01.jpg\" alt=\"cottage ely ost england\" width=\"148\" height=\"108\"\/><\/td>\n<td><strong><\/strong><strong>Ferienhaus Crimplesham<br \/>\n<\/strong>\n<h3>&nbsp;<\/h3>\n<p>3 Schlafzimmer, Schlafplatz f\u00fcr 5, leider keine Haustiere erlaubt, WiFi, Garten, Ferienhaus Crimplesham 5 kilometer von Downham Market, Cambridgeshire.<\/p>\n<h3>&nbsp;<\/h3>\n<p><strong>ab 305,- <b>\u00a3 <\/b><\/strong><\/p><\/td>\n<\/tr>\n<\/tbody>\n<\/table>\n<table width=\"753\">\n<tbody>\n<tr>\n<td><img loading=\"lazy\" class=\"aligncenter size-full wp-image-7090\" style=\"border: 0pt none; padding: 0px;\" src=\"https:\/\/www.urlaubcornwall.de\/blog\/wp-content\/uploads\/2015\/08\/1-laburnum-cottage_29465_01.jpg\" alt=\"\" width=\"148\" height=\"108\"\/><\/td>\n<td><strong><\/strong><strong>Ferienhaus Welney<br \/>\n<\/strong>\n<h3>&nbsp;<\/h3>\n<p>2 Schlafzimmer, Schlafplatz f\u00fcr 4, hundefreundlich, WiFi, Garten, Ferienhaus Welney in der N\u00e4he Ely, Cambridgeshire.<\/p>\n<h3>&nbsp;<\/h3>\n<p><strong>ab 295,- <b>\u00a3 <\/b><\/strong><\/p><\/td>\n<\/tr>\n<\/tbody>\n<\/table>\n","protected":false},"excerpt":{"rendered":"<p>Bei uns finden Sie Hundefreundliche Ferienh\u00e4user in East Anglia zum Verlieben \u2013 so einfach ist das! Mit einer Geschichte, die zur\u00fcckreicht in Angels\u00e4chsische Zeiten ist das heutige Anglia ein entz\u00fcckender Urlaubsort im Osten Englands mit einer Mischung an H\u00fcgellandschaft, unber\u00fchrter K\u00fcste, gefeierten St\u00e4dten und Fachwerkd\u00f6rfern. Unsere Ost Anglia Cottages sind geradezu perfekt f\u00fcr vergn\u00fcgliche Familienurlaube [&hellip;]<\/p>\n","protected":false},"author":1,"featured_media":0,"parent":0,"menu_order":0,"comment_status":"closed","ping_status":"closed","template":"single-four.php","meta":[],"acf":[],"yoast_head":"<!-- This site is optimized with the Yoast SEO plugin v19.4 - https:\/\/yoast.com\/wordpress\/plugins\/seo\/ -->\n<title>Ferienh\u00e4user in East Anglia mit Hund - Urlaub &amp; Reisen<\/title>\n<meta name=\"robots\" content=\"index, follow, max-snippet:-1, max-image-preview:large, max-video-preview:-1\" \/>\n<link rel=\"canonical\" href=\"https:\/\/www.urlaubcornwall.de\/blog\/ferienhaeuser-east-anglia-mit-hund\/\" \/>\n<meta property=\"og:locale\" content=\"en_US\" \/>\n<meta property=\"og:type\" content=\"article\" \/>\n<meta property=\"og:title\" content=\"Ferienh\u00e4user in East Anglia mit Hund - Urlaub &amp; Reisen\" \/>\n<meta property=\"og:description\" content=\"Bei uns finden Sie Hundefreundliche Ferienh\u00e4user in East Anglia zum Verlieben \u2013 so einfach ist das! Mit einer Geschichte, die zur\u00fcckreicht in Angels\u00e4chsische Zeiten ist das heutige Anglia ein entz\u00fcckender Urlaubsort im Osten Englands mit einer Mischung an H\u00fcgellandschaft, unber\u00fchrter K\u00fcste, gefeierten St\u00e4dten und Fachwerkd\u00f6rfern. Unsere Ost Anglia Cottages sind geradezu perfekt f\u00fcr vergn\u00fcgliche Familienurlaube [&hellip;]\" \/>\n<meta property=\"og:url\" content=\"https:\/\/www.urlaubcornwall.de\/blog\/ferienhaeuser-east-anglia-mit-hund\/\" \/>\n<meta property=\"og:site_name\" content=\"Urlaub &amp; Reisen\" \/>\n<meta property=\"article:modified_time\" content=\"2024-04-05T09:53:02+00:00\" \/>\n<meta property=\"og:image\" content=\"https:\/\/www.urlaubcornwall.de\/blog\/wp-content\/uploads\/2024\/03\/norfolk-windmill.jpg\" \/>\n<meta name=\"twitter:card\" content=\"summary\" \/>\n<meta name=\"twitter:label1\" content=\"Est. reading time\" \/>\n\t<meta name=\"twitter:data1\" content=\"2 minutes\" \/>\n<script type=\"application\/ld+json\" class=\"yoast-schema-graph\">{\"@context\":\"https:\/\/schema.org\",\"@graph\":[{\"@type\":\"WebSite\",\"@id\":\"https:\/\/www.urlaubcornwall.de\/blog\/#website\",\"url\":\"https:\/\/www.urlaubcornwall.de\/blog\/\",\"name\":\"Urlaub &amp; Reisen\",\"description\":\"Urlaub, Reisen, Cornwall und S\u00fcdengland: eine perfekte Kombination\",\"potentialAction\":[{\"@type\":\"SearchAction\",\"target\":{\"@type\":\"EntryPoint\",\"urlTemplate\":\"https:\/\/www.urlaubcornwall.de\/blog\/?s={search_term_string}\"},\"query-input\":\"required name=search_term_string\"}],\"inLanguage\":\"en-US\"},{\"@type\":\"WebPage\",\"@id\":\"https:\/\/www.urlaubcornwall.de\/blog\/ferienhaeuser-east-anglia-mit-hund\/\",\"url\":\"https:\/\/www.urlaubcornwall.de\/blog\/ferienhaeuser-east-anglia-mit-hund\/\",\"name\":\"Ferienh\u00e4user in East Anglia mit Hund - Urlaub &amp; Reisen\",\"isPartOf\":{\"@id\":\"https:\/\/www.urlaubcornwall.de\/blog\/#website\"},\"datePublished\":\"2017-09-19T08:35:45+00:00\",\"dateModified\":\"2024-04-05T09:53:02+00:00\",\"breadcrumb\":{\"@id\":\"https:\/\/www.urlaubcornwall.de\/blog\/ferienhaeuser-east-anglia-mit-hund\/#breadcrumb\"},\"inLanguage\":\"en-US\",\"potentialAction\":[{\"@type\":\"ReadAction\",\"target\":[\"https:\/\/www.urlaubcornwall.de\/blog\/ferienhaeuser-east-anglia-mit-hund\/\"]}]},{\"@type\":\"BreadcrumbList\",\"@id\":\"https:\/\/www.urlaubcornwall.de\/blog\/ferienhaeuser-east-anglia-mit-hund\/#breadcrumb\",\"itemListElement\":[{\"@type\":\"ListItem\",\"position\":1,\"name\":\"Home\",\"item\":\"https:\/\/www.urlaubcornwall.de\/blog\/\"},{\"@type\":\"ListItem\",\"position\":2,\"name\":\"Ferienh\u00e4user in East Anglia mit Hund\"}]}]}<\/script>\n<!-- \/ Yoast SEO plugin. -->","yoast_head_json":{"title":"Ferienh\u00e4user in East Anglia mit Hund - Urlaub &amp; Reisen","robots":{"index":"index","follow":"follow","max-snippet":"max-snippet:-1","max-image-preview":"max-image-preview:large","max-video-preview":"max-video-preview:-1"},"canonical":"https:\/\/www.urlaubcornwall.de\/blog\/ferienhaeuser-east-anglia-mit-hund\/","og_locale":"en_US","og_type":"article","og_title":"Ferienh\u00e4user in East Anglia mit Hund - Urlaub &amp; Reisen","og_description":"Bei uns finden Sie Hundefreundliche Ferienh\u00e4user in East Anglia zum Verlieben \u2013 so einfach ist das! Mit einer Geschichte, die zur\u00fcckreicht in Angels\u00e4chsische Zeiten ist das heutige Anglia ein entz\u00fcckender Urlaubsort im Osten Englands mit einer Mischung an H\u00fcgellandschaft, unber\u00fchrter K\u00fcste, gefeierten St\u00e4dten und Fachwerkd\u00f6rfern. Unsere Ost Anglia Cottages sind geradezu perfekt f\u00fcr vergn\u00fcgliche Familienurlaube [&hellip;]","og_url":"https:\/\/www.urlaubcornwall.de\/blog\/ferienhaeuser-east-anglia-mit-hund\/","og_site_name":"Urlaub &amp; Reisen","article_modified_time":"2024-04-05T09:53:02+00:00","og_image":[{"url":"https:\/\/www.urlaubcornwall.de\/blog\/wp-content\/uploads\/2024\/03\/norfolk-windmill.jpg"}],"twitter_card":"summary","twitter_misc":{"Est. reading time":"2 minutes"},"schema":{"@context":"https:\/\/schema.org","@graph":[{"@type":"WebSite","@id":"https:\/\/www.urlaubcornwall.de\/blog\/#website","url":"https:\/\/www.urlaubcornwall.de\/blog\/","name":"Urlaub &amp; Reisen","description":"Urlaub, Reisen, Cornwall und S\u00fcdengland: eine perfekte Kombination","potentialAction":[{"@type":"SearchAction","target":{"@type":"EntryPoint","urlTemplate":"https:\/\/www.urlaubcornwall.de\/blog\/?s={search_term_string}"},"query-input":"required name=search_term_string"}],"inLanguage":"en-US"},{"@type":"WebPage","@id":"https:\/\/www.urlaubcornwall.de\/blog\/ferienhaeuser-east-anglia-mit-hund\/","url":"https:\/\/www.urlaubcornwall.de\/blog\/ferienhaeuser-east-anglia-mit-hund\/","name":"Ferienh\u00e4user in East Anglia mit Hund - Urlaub &amp; Reisen","isPartOf":{"@id":"https:\/\/www.urlaubcornwall.de\/blog\/#website"},"datePublished":"2017-09-19T08:35:45+00:00","dateModified":"2024-04-05T09:53:02+00:00","breadcrumb":{"@id":"https:\/\/www.urlaubcornwall.de\/blog\/ferienhaeuser-east-anglia-mit-hund\/#breadcrumb"},"inLanguage":"en-US","potentialAction":[{"@type":"ReadAction","target":["https:\/\/www.urlaubcornwall.de\/blog\/ferienhaeuser-east-anglia-mit-hund\/"]}]},{"@type":"BreadcrumbList","@id":"https:\/\/www.urlaubcornwall.de\/blog\/ferienhaeuser-east-anglia-mit-hund\/#breadcrumb","itemListElement":[{"@type":"ListItem","position":1,"name":"Home","item":"https:\/\/www.urlaubcornwall.de\/blog\/"},{"@type":"ListItem","position":2,"name":"Ferienh\u00e4user in East Anglia mit Hund"}]}]}},"_links":{"self":[{"href":"https:\/\/www.urlaubcornwall.de\/blog\/wp-json\/wp\/v2\/pages\/29421"}],"collection":[{"href":"https:\/\/www.urlaubcornwall.de\/blog\/wp-json\/wp\/v2\/pages"}],"about":[{"href":"https:\/\/www.urlaubcornwall.de\/blog\/wp-json\/wp\/v2\/types\/page"}],"author":[{"embeddable":true,"href":"https:\/\/www.urlaubcornwall.de\/blog\/wp-json\/wp\/v2\/users\/1"}],"replies":[{"embeddable":true,"href":"https:\/\/www.urlaubcornwall.de\/blog\/wp-json\/wp\/v2\/comments?post=29421"}],"version-history":[{"count":7,"href":"https:\/\/www.urlaubcornwall.de\/blog\/wp-json\/wp\/v2\/pages\/29421\/revisions"}],"predecessor-version":[{"id":48951,"href":"https:\/\/www.urlaubcornwall.de\/blog\/wp-json\/wp\/v2\/pages\/29421\/revisions\/48951"}],"wp:attachment":[{"href":"https:\/\/www.urlaubcornwall.de\/blog\/wp-json\/wp\/v2\/media?parent=29421"}],"curies":[{"name":"wp","href":"https:\/\/api.w.org\/{rel}","templated":true}]}}