{"id":29374,"date":"2017-09-17T14:05:33","date_gmt":"2017-09-17T14:05:33","guid":{"rendered":"https:\/\/www.urlaubcornwall.de\/blog\/?page_id=29374"},"modified":"2024-05-30T09:46:12","modified_gmt":"2024-05-30T09:46:12","slug":"top-10-wunderschoene-schottische-lochs-urlaubstipps-schottland","status":"publish","type":"page","link":"https:\/\/www.urlaubcornwall.de\/blog\/top-10-wunderschoene-schottische-lochs-urlaubstipps-schottland\/","title":{"rendered":"Top 10 wundersch\u00f6ne schottische Lochs &#8211; Urlaubstipps  Schottland"},"content":{"rendered":"<p><a href=\"https:\/\/www.urlaubcornwall.de\/reiseziel\/schottland.php\">Schottland<\/a> hat einige von Gro\u00dfbritanniens feinsten Landschaften am Wasser. Schottische Lochs sind ein einzigartiges Merkmal der schottischen Landschaft, und Tausende von ihnen, jeweils unterschiedlicher Ausma\u00dfe, liegen verstreut im ganzen Land herum; und manche sind verwoben in magische Geschichten und Legenden. Lochs eignen sich perfekt f\u00fcr Bootsfahrten oder gem\u00fctliche Rundwanderungen, w\u00e4hrend derer Sie sehr wahrscheinlich auf unglaubliche Tierarten, Flora und Fauna sto\u00dfen.<\/p>\n<p>Hier sind lediglich 10 davon, sowie ein See&#8230;.<\/p>\n<p><img loading=\"lazy\" class=\"aligncenter size-full wp-image-29375\" src=\"https:\/\/www.urlaubcornwall.de\/blog\/wp-content\/uploads\/2017\/09\/Loch-ness_urlaub.jpg\" alt=\"loch ness urlaub\" width=\"748\" height=\"422\" srcset=\"https:\/\/www.urlaubcornwall.de\/blog\/wp-content\/uploads\/2017\/09\/Loch-ness_urlaub.jpg 747w, https:\/\/www.urlaubcornwall.de\/blog\/wp-content\/uploads\/2017\/09\/Loch-ness_urlaub-300x169.jpg 300w\" sizes=\"(max-width: 748px) 100vw, 748px\" \/><\/p>\n<p><strong>Loch Ness, Highlands<\/strong> &#8211; Es ist das Zuhause des ber\u00fchmten Loch Ness Monsters. <a href=\"https:\/\/www.urlaubcornwall.de\/ferienhaeuser-fewos\/sco\/nordschottland\/loch-ness.html\">Loch Ness<\/a> hat etwas Mysteri\u00f6ses an sich, und die Kombination seiner Gr\u00f6\u00dfe und Tiefe lassen es zum gr\u00f6\u00dften S\u00fc\u00dfwasservorkommen der britischen Inseln werden. In einem Gebiet voller historischer Attraktionen, spektakul\u00e4rer Landschaft, ist kein Urlaub komplett, ohne Loch Ness zu besuchen.<\/p>\n<p><img loading=\"lazy\" class=\"aligncenter size-full wp-image-47803\" src=\"https:\/\/www.urlaubcornwall.de\/blog\/wp-content\/uploads\/2024\/03\/schottland-seen.jpg\" alt=\"schottland loch\" width=\"750\" height=\"500\" srcset=\"https:\/\/www.urlaubcornwall.de\/blog\/wp-content\/uploads\/2024\/03\/schottland-seen.jpg 750w, https:\/\/www.urlaubcornwall.de\/blog\/wp-content\/uploads\/2024\/03\/schottland-seen-300x200.jpg 300w\" sizes=\"(max-width: 750px) 100vw, 750px\" \/><\/p>\n<p><strong>Loch Lomond, Trossachs Nationalpark<\/strong> &#8211; Loch Lomond befindet sich im Trossachs Nationalpark und ist wahrscheinlich das zweitbekannteste der schottischen Lochs. Es ist von seiner Oberfl\u00e4che her bemessen das gr\u00f6\u00dfte der Lochs und die gr\u00f6\u00dfte Wasserausdehnung ins Binnenland im gesamten Gro\u00dfbritannien. Loch Lomond ist beliebt zum Segeln, Angeln, Schwimmen, Kanu und Vergn\u00fcgungsboote Fahren. Entlang der Ufer gibt es Wander- und Radwege, sowie Picknickm\u00f6glichkeiten in diesem Gebiet atemberaubender Landschaft.<\/p>\n<p><strong>Loch Morar, Western Highlands<\/strong> &#8211; Loch Morar ist mit 310m das tiefste der schottischen Lochs. Es befindet sich in der N\u00e4he des Dorfes Mallaig in einem Gebiet herrlicher Landschaft. Das Loch bietet ausgezeichnete Angelm\u00f6glichkeiten und ist in den es umgebenden H\u00fcgeln ein Wanderparadies mit einem Blick, der sich im Osten bis hin zum Ben Nevis erstreckt und zu den Hebriden im Westen.<\/p>\n<p><strong>Loch Awe, Argyll &amp; Bute<\/strong> &#8211; Loch Awe ist mit 41km das l\u00e4ngste der S\u00fc\u00dfwasserlochs. Kilchurn Castle, eine atmosph\u00e4rische Ruine am nord\u00f6stlichen Rand des Lochs ist eines der beliebtesten Bilder Schottlands. Das Loch ist bekannt f\u00fcr seine Forellenfischerei. &nbsp;Loch Awe ist so schottisch wie ein Loch nur sein kann mit seiner Lage umgeben von Burgen, Str\u00e4nden, bewaldeten H\u00e4ngen und schneebedeckten Bergen in der Ferne.<\/p>\n<p><strong>Loch Maree, Wester Ross<\/strong> &#8211; Loch Maree ist das gr\u00f6\u00dfte Loch der <a href=\"https:\/\/www.urlaubcornwall.de\/ferienhaeuser-fewos\/sco\/nordschottland\/nordschottland.html\">Nordwest-Highlands<\/a>, eines der landschaftlich attraktivsten Gebiete Schottlands. Eines der Hauptmerkmale des Loch sind seine 66 Inseln, auf denen sich die letzten Fragmente des urspr\u00fcnglich caledonischen Kiefernwaldes befinden.&nbsp;<\/p>\n<p><strong>Loch Tay, Perthshire<\/strong> &#8211; Loch Tay ist ein herrlicher Wasserabschnitt, 24km lang und 150m tief. N\u00f6rdlich des Lochs befindet sich die eindrucksvolle Ben Lawers Bergkette. Einstige Siedler lebten am Loch Tay und schufen k\u00fcnstliche Inseln, die als \u201ecrannogs\u201c bekannt sind. Es gibt am Loch Tay 18 \u201ecrannogs\u201c, und eine davon ist die alte Grabst\u00e4tte von K\u00f6nigin Sybilla, der Gemahlin von Alexander, dem K\u00f6nig der Schotten. Heute ist das Loch Tay beliebt zum Segeln und f\u00fcr Wassersportarten, und der Kieselstrand bei Kenmore eignet sich perfekt zum Sonnenbaden.<\/p>\n<p><img loading=\"lazy\" class=\"aligncenter size-full wp-image-29365\" src=\"https:\/\/www.urlaubcornwall.de\/blog\/wp-content\/uploads\/2017\/09\/loch-fyne_schlosshotel_schottland.jpg\" alt=\"Schlosshotel Loch Fyne Schottland\" width=\"747\" height=\"420\"\/><\/p>\n<p><strong>Loch Fyne, Argyll &amp; Bute<\/strong> &#8211; Loch Fyne ist Schottlands l\u00e4ngstes Meereswasser-Loch und bekannt f\u00fcr seine Austern und Heringe; es ist auch das Zuhause von Riesenhaien, Delfinen, Robben und Ottern. <a href=\"https:\/\/www.urlaubcornwall.de\/blog\/historische-haeuser-schloesser-gaerten-schottland-und-highlands\/\">Inverary Castle<\/a>, das Zuhause des Herzogs von Argyll befindet sich an den Ufern von Loch Fyne. Um das Loch verstreut, befinden sich kleine D\u00f6rfer, und der Crinan Kanal mit seinen 15 Schleusen verbindet Loch Fyne mit dem Sound of Jura.<\/p>\n<p><strong>Loch Lochy, Lochaber, Highlands<\/strong> &#8211; Loch Lochy befindet sich 16km s\u00fcdwestlich von Loch Ness, und dieses wundersch\u00f6ne Loch ist tief verankert in der Geschichte und in Legenden. Es soll das Zuhause eines \u00fcbernat\u00fcrlichen Wesens namens River Horse sein, das sich in der Gestalt eines Pferdes aus dem Loch erhebt, Boote umkippt und Pferde ins Wasser lockt.<\/p>\n<p><strong>Loch Linnhe, Highlands<\/strong>< - Loch Linnhe erstreckt sich von Fort William hinunter zum Firth of Lorne. Das Loch \u00fcbt auf Fotografen eine besondere Anziehung aus aufgrund der fantastischen Landschaft und Sonnenunterg\u00e4nge. Es gibt ein \u00fcberreiches Tierleben im Loch, einschlie\u00dflich Robben, Schweinswale und Delfine; vielleicht sogar entdecken Sie einen Adler, wie er \u00fcber Loch Linnhe fliegt. Nehmen Sie die F\u00e4hre bei Corran \u00fcber das Loch hin\u00fcber zum Ardnamurchan Punkt.\n\n<strong>Loch Katrine, Aberfoyle, die Trossachs<\/strong> &#8211; Loch Katrine ist in Geschichte und Legende tief verankert, und die Sch\u00f6nheit des Lochs inspirierte Sir Walter Scott&nbsp; nach einem Besuch im Jahre 1810 zum Schreiben seines ber\u00fchmten Gedichtes \u2018die Dame vom See\u2019. Es inspirierte auch viele andere Schriftsteller wie William Wordsworth und Samuel Coleridge. Katrine stammt aus dem G\u00e4lischen und bedeutet Dieb oder Highland R\u00e4uber; der bekanntest davon, der an Loch Katrines Nordufer lebte, war Rob Roy MacGregor.<\/p>\n<p>Heute k\u00f6nnen Sie noch immer eine Fahrt mit dem Dampfschiff machen, das 1899 zu Wasser gelassen wurde, um vom Trossachs Pier aus das 13km lange Loch hinauf- und hinunterzufahren.<\/p>\n<p><strong>Lake Menteith, Stirling<\/strong> &#8211; Lake Menteith ist der einzige See in Schottland; das Wort See kommt nicht vom englischen See, sonder von \u2018Laich o Menteith\u2019, was soviel bedeutet wie \u2018niederer Platz in Menteith\u2019. Dieser malerische See ist eines Besuches wert, allein schon deswegen, dass Sie sagen k\u00f6nnen, Sie haben den einzigen nat\u00fcrlichen See Schottlands gesehen.<\/p>\n<div class=\"snippet\"> <a class=\"featured-item\" href=\" https:\/\/www.urlaubcornwall.de\/ferienhaeuser\/schottland.php\"> <span class=\"image-holder\" style=\"background-image: url(' https:\/\/www.urlaubcornwall.de\/blog\/wp-content\/uploads\/2019\/01\/urlaub-schottland-highlands-1.jpg');\"><\/span> <span class=\"featured-content\"> \n<h2 class=\"featured-title\">Bei uns finden Sie Ferienh\u00e4user in Schottland zum Verlieben!<\/h2>\n<p class=\"featured-body\">Untenstehend finden Sie eine Auswahl an Ferienh\u00e4usern in Schottland. Hier finden Sie pers\u00f6nlich inspizierte Cottages entlang der schottischen K\u00fcste, in den schottischen Highlands und auf den Inseln&#8230;..<\/p>\n<\/span> <span class=\"featured-link-holder\"> <span class=\"featured-extra-info\"> \n<p>F\u00fcr Paare, Familien &#038; Gruppen<\/p>\n<\/span> \n<p class=\"featured-link\">DETAILS<\/p>\n<\/span> <\/a><\/div>\n","protected":false},"excerpt":{"rendered":"<p>Schottland hat einige von Gro\u00dfbritanniens feinsten Landschaften am Wasser. Schottische Lochs sind ein einzigartiges Merkmal der schottischen Landschaft, und Tausende von ihnen, jeweils unterschiedlicher Ausma\u00dfe, liegen verstreut im ganzen Land herum; und manche sind verwoben in magische Geschichten und Legenden. Lochs eignen sich perfekt f\u00fcr Bootsfahrten oder gem\u00fctliche Rundwanderungen, w\u00e4hrend derer Sie sehr wahrscheinlich auf [&hellip;]<\/p>\n","protected":false},"author":1,"featured_media":0,"parent":0,"menu_order":0,"comment_status":"closed","ping_status":"closed","template":"single-four.php","meta":[],"acf":[],"yoast_head":"<!-- This site is optimized with the Yoast SEO plugin v19.4 - https:\/\/yoast.com\/wordpress\/plugins\/seo\/ -->\n<title>Top 10 wundersch\u00f6ne schottische Lochs - Urlaubstipps Schottland - Urlaub &amp; Reisen<\/title>\n<meta name=\"robots\" content=\"index, follow, max-snippet:-1, max-image-preview:large, max-video-preview:-1\" \/>\n<link rel=\"canonical\" href=\"https:\/\/www.urlaubcornwall.de\/blog\/top-10-wunderschoene-schottische-lochs-urlaubstipps-schottland\/\" \/>\n<meta property=\"og:locale\" content=\"en_US\" \/>\n<meta property=\"og:type\" content=\"article\" \/>\n<meta property=\"og:title\" content=\"Top 10 wundersch\u00f6ne schottische Lochs - Urlaubstipps Schottland - Urlaub &amp; Reisen\" \/>\n<meta property=\"og:description\" content=\"Schottland hat einige von Gro\u00dfbritanniens feinsten Landschaften am Wasser. Schottische Lochs sind ein einzigartiges Merkmal der schottischen Landschaft, und Tausende von ihnen, jeweils unterschiedlicher Ausma\u00dfe, liegen verstreut im ganzen Land herum; und manche sind verwoben in magische Geschichten und Legenden. Lochs eignen sich perfekt f\u00fcr Bootsfahrten oder gem\u00fctliche Rundwanderungen, w\u00e4hrend derer Sie sehr wahrscheinlich auf [&hellip;]\" \/>\n<meta property=\"og:url\" content=\"https:\/\/www.urlaubcornwall.de\/blog\/top-10-wunderschoene-schottische-lochs-urlaubstipps-schottland\/\" \/>\n<meta property=\"og:site_name\" content=\"Urlaub &amp; Reisen\" \/>\n<meta property=\"article:modified_time\" content=\"2024-05-30T09:46:12+00:00\" \/>\n<meta property=\"og:image\" content=\"https:\/\/www.urlaubcornwall.de\/blog\/wp-content\/uploads\/2017\/09\/Loch-ness_urlaub.jpg\" \/>\n<meta name=\"twitter:card\" content=\"summary\" \/>\n<meta name=\"twitter:label1\" content=\"Est. reading time\" \/>\n\t<meta name=\"twitter:data1\" content=\"4 minutes\" \/>\n<script type=\"application\/ld+json\" class=\"yoast-schema-graph\">{\"@context\":\"https:\/\/schema.org\",\"@graph\":[{\"@type\":\"WebSite\",\"@id\":\"https:\/\/www.urlaubcornwall.de\/blog\/#website\",\"url\":\"https:\/\/www.urlaubcornwall.de\/blog\/\",\"name\":\"Urlaub &amp; Reisen\",\"description\":\"Urlaub, Reisen, Cornwall und S\u00fcdengland: eine perfekte Kombination\",\"potentialAction\":[{\"@type\":\"SearchAction\",\"target\":{\"@type\":\"EntryPoint\",\"urlTemplate\":\"https:\/\/www.urlaubcornwall.de\/blog\/?s={search_term_string}\"},\"query-input\":\"required name=search_term_string\"}],\"inLanguage\":\"en-US\"},{\"@type\":\"WebPage\",\"@id\":\"https:\/\/www.urlaubcornwall.de\/blog\/top-10-wunderschoene-schottische-lochs-urlaubstipps-schottland\/\",\"url\":\"https:\/\/www.urlaubcornwall.de\/blog\/top-10-wunderschoene-schottische-lochs-urlaubstipps-schottland\/\",\"name\":\"Top 10 wundersch\u00f6ne schottische Lochs - Urlaubstipps Schottland - Urlaub &amp; Reisen\",\"isPartOf\":{\"@id\":\"https:\/\/www.urlaubcornwall.de\/blog\/#website\"},\"datePublished\":\"2017-09-17T14:05:33+00:00\",\"dateModified\":\"2024-05-30T09:46:12+00:00\",\"breadcrumb\":{\"@id\":\"https:\/\/www.urlaubcornwall.de\/blog\/top-10-wunderschoene-schottische-lochs-urlaubstipps-schottland\/#breadcrumb\"},\"inLanguage\":\"en-US\",\"potentialAction\":[{\"@type\":\"ReadAction\",\"target\":[\"https:\/\/www.urlaubcornwall.de\/blog\/top-10-wunderschoene-schottische-lochs-urlaubstipps-schottland\/\"]}]},{\"@type\":\"BreadcrumbList\",\"@id\":\"https:\/\/www.urlaubcornwall.de\/blog\/top-10-wunderschoene-schottische-lochs-urlaubstipps-schottland\/#breadcrumb\",\"itemListElement\":[{\"@type\":\"ListItem\",\"position\":1,\"name\":\"Home\",\"item\":\"https:\/\/www.urlaubcornwall.de\/blog\/\"},{\"@type\":\"ListItem\",\"position\":2,\"name\":\"Top 10 wundersch\u00f6ne schottische Lochs &#8211; Urlaubstipps Schottland\"}]}]}<\/script>\n<!-- \/ Yoast SEO plugin. -->","yoast_head_json":{"title":"Top 10 wundersch\u00f6ne schottische Lochs - Urlaubstipps Schottland - Urlaub &amp; Reisen","robots":{"index":"index","follow":"follow","max-snippet":"max-snippet:-1","max-image-preview":"max-image-preview:large","max-video-preview":"max-video-preview:-1"},"canonical":"https:\/\/www.urlaubcornwall.de\/blog\/top-10-wunderschoene-schottische-lochs-urlaubstipps-schottland\/","og_locale":"en_US","og_type":"article","og_title":"Top 10 wundersch\u00f6ne schottische Lochs - Urlaubstipps Schottland - Urlaub &amp; Reisen","og_description":"Schottland hat einige von Gro\u00dfbritanniens feinsten Landschaften am Wasser. Schottische Lochs sind ein einzigartiges Merkmal der schottischen Landschaft, und Tausende von ihnen, jeweils unterschiedlicher Ausma\u00dfe, liegen verstreut im ganzen Land herum; und manche sind verwoben in magische Geschichten und Legenden. Lochs eignen sich perfekt f\u00fcr Bootsfahrten oder gem\u00fctliche Rundwanderungen, w\u00e4hrend derer Sie sehr wahrscheinlich auf [&hellip;]","og_url":"https:\/\/www.urlaubcornwall.de\/blog\/top-10-wunderschoene-schottische-lochs-urlaubstipps-schottland\/","og_site_name":"Urlaub &amp; Reisen","article_modified_time":"2024-05-30T09:46:12+00:00","og_image":[{"url":"https:\/\/www.urlaubcornwall.de\/blog\/wp-content\/uploads\/2017\/09\/Loch-ness_urlaub.jpg"}],"twitter_card":"summary","twitter_misc":{"Est. reading time":"4 minutes"},"schema":{"@context":"https:\/\/schema.org","@graph":[{"@type":"WebSite","@id":"https:\/\/www.urlaubcornwall.de\/blog\/#website","url":"https:\/\/www.urlaubcornwall.de\/blog\/","name":"Urlaub &amp; Reisen","description":"Urlaub, Reisen, Cornwall und S\u00fcdengland: eine perfekte Kombination","potentialAction":[{"@type":"SearchAction","target":{"@type":"EntryPoint","urlTemplate":"https:\/\/www.urlaubcornwall.de\/blog\/?s={search_term_string}"},"query-input":"required name=search_term_string"}],"inLanguage":"en-US"},{"@type":"WebPage","@id":"https:\/\/www.urlaubcornwall.de\/blog\/top-10-wunderschoene-schottische-lochs-urlaubstipps-schottland\/","url":"https:\/\/www.urlaubcornwall.de\/blog\/top-10-wunderschoene-schottische-lochs-urlaubstipps-schottland\/","name":"Top 10 wundersch\u00f6ne schottische Lochs - Urlaubstipps Schottland - Urlaub &amp; Reisen","isPartOf":{"@id":"https:\/\/www.urlaubcornwall.de\/blog\/#website"},"datePublished":"2017-09-17T14:05:33+00:00","dateModified":"2024-05-30T09:46:12+00:00","breadcrumb":{"@id":"https:\/\/www.urlaubcornwall.de\/blog\/top-10-wunderschoene-schottische-lochs-urlaubstipps-schottland\/#breadcrumb"},"inLanguage":"en-US","potentialAction":[{"@type":"ReadAction","target":["https:\/\/www.urlaubcornwall.de\/blog\/top-10-wunderschoene-schottische-lochs-urlaubstipps-schottland\/"]}]},{"@type":"BreadcrumbList","@id":"https:\/\/www.urlaubcornwall.de\/blog\/top-10-wunderschoene-schottische-lochs-urlaubstipps-schottland\/#breadcrumb","itemListElement":[{"@type":"ListItem","position":1,"name":"Home","item":"https:\/\/www.urlaubcornwall.de\/blog\/"},{"@type":"ListItem","position":2,"name":"Top 10 wundersch\u00f6ne schottische Lochs &#8211; Urlaubstipps Schottland"}]}]}},"_links":{"self":[{"href":"https:\/\/www.urlaubcornwall.de\/blog\/wp-json\/wp\/v2\/pages\/29374"}],"collection":[{"href":"https:\/\/www.urlaubcornwall.de\/blog\/wp-json\/wp\/v2\/pages"}],"about":[{"href":"https:\/\/www.urlaubcornwall.de\/blog\/wp-json\/wp\/v2\/types\/page"}],"author":[{"embeddable":true,"href":"https:\/\/www.urlaubcornwall.de\/blog\/wp-json\/wp\/v2\/users\/1"}],"replies":[{"embeddable":true,"href":"https:\/\/www.urlaubcornwall.de\/blog\/wp-json\/wp\/v2\/comments?post=29374"}],"version-history":[{"count":8,"href":"https:\/\/www.urlaubcornwall.de\/blog\/wp-json\/wp\/v2\/pages\/29374\/revisions"}],"predecessor-version":[{"id":50896,"href":"https:\/\/www.urlaubcornwall.de\/blog\/wp-json\/wp\/v2\/pages\/29374\/revisions\/50896"}],"wp:attachment":[{"href":"https:\/\/www.urlaubcornwall.de\/blog\/wp-json\/wp\/v2\/media?parent=29374"}],"curies":[{"name":"wp","href":"https:\/\/api.w.org\/{rel}","templated":true}]}}