{"id":29353,"date":"2017-09-15T11:33:38","date_gmt":"2017-09-15T11:33:38","guid":{"rendered":"https:\/\/www.urlaubcornwall.de\/blog\/?page_id=29353"},"modified":"2024-05-30T09:46:41","modified_gmt":"2024-05-30T09:46:41","slug":"wunderschoenen-englischen-schlosshotel","status":"publish","type":"page","link":"https:\/\/www.urlaubcornwall.de\/blog\/wunderschoenen-englischen-schlosshotel\/","title":{"rendered":"Verbringen Sie Ihren Urlaub in einem englischen Schloss &#8211; unsere Top 6"},"content":{"rendered":"<p>Falls Sie nach einer ganz besonderen Unterkunft suchen, so ist unsere Auswahl an Schlosshotels in <a href=\"https:\/\/www.urlaubcornwall.de\/hotels\/suedengland.php\">England<\/a> bestimmt etwas f\u00fcr Sie. Voller Geschichte und stilvollem Charme gew\u00e4hren diese Ihnen nicht nur einen luxuri\u00f6sen Aufenthalt, sondern auch eine unvergessliche Erfahrung. Jedes der Hotels hat sich innerhalb der alten Gem\u00e4uer den Geist seiner Vergangenheit bewahrt. Umh\u00fcllt von eindrucksvoller Architektur, weist die \u00fcppige Inneneinrichtung eine Einzigartigkeit und Majest\u00e4t auf, die in anderen Hotels nicht auffindbar ist. Die Pracht eines englischen Schlosses l\u00e4sst Sie in eine entz\u00fcckende Welt ausbrechen, wo Sie den Alltag vergessen, total entspannen und sich wie eine k\u00f6nigliche Hoheit f\u00fchlen k\u00f6nnen.<\/p>\n<h2>Unsere beliebtesten Schlosshotels in England<\/h2>\n\n<h2><img loading=\"lazy\" class=\"aligncenter size-full wp-image-24625\" src=\"https:\/\/www.urlaubcornwall.de\/blog\/wp-content\/uploads\/2016\/06\/hever-schloss-kent.jpg\" alt=\"hever schlosshotel kent\" width=\"745\" height=\"402\" srcset=\"https:\/\/www.urlaubcornwall.de\/blog\/wp-content\/uploads\/2016\/06\/hever-schloss-kent.jpg 745w, https:\/\/www.urlaubcornwall.de\/blog\/wp-content\/uploads\/2016\/06\/hever-schloss-kent-300x162.jpg 300w\" sizes=\"(max-width: 745px) 100vw, 745px\" \/><\/h2>\n<p><a href=\"https:\/\/www.booking.com\/hotel\/gb\/hever-castle.html?aid=1320750&amp;no_rooms=1&amp;group_adults=2&amp;room1=A%2CA\" rel=\"nofollow\"><strong>Hever Castle, Edenbridge, Kent<\/strong><\/a> &#8211; Dies war einst das Kindheitszuhause von Anne Boleyn und wurde in ein abgeschiedenes und modernes B&amp;B verwandelt. Die Schlafzimmer haben allesamt Himmelbetten, freistehende Badewannen, bleierne Fenster und mit Goldf\u00e4den durchzogene Chaiselongues. G\u00e4ste k\u00f6nnen au\u00dferhalb der \u00d6ffnungszeiten das Grundst\u00fcck erkunden \u2013 einschlie\u00dflich des alten Eibenirrgartens, den h\u00fcbschen Kricketrasen und duftenden Rosengarten. Fr\u00fchst\u00fcck wird mit Blick \u00fcber den Obstgarten eingenommen. Tournierk\u00e4mpfe und Bogenschie\u00dfvorf\u00fchrungen f\u00fcgen im Sommer einen Kick dazu. Die monatlichen \u201edinieren und \u00fcbernachten\u201c Events beinhalten oft ein Tudor Bankett&#8230;. <a href=\"https:\/\/www.booking.com\/hotel\/gb\/hever-castle.html?aid=1320750&amp;no_rooms=1&amp;group_adults=2&amp;room1=A%2CA\" rel=\"nofollow\">[ Mehr ]<\/a><\/p>\n<p><img loading=\"lazy\" class=\"aligncenter size-full wp-image-48095\" src=\"https:\/\/www.urlaubcornwall.de\/blog\/wp-content\/uploads\/2024\/03\/arundel-schloss-rotated.jpg\" alt=\"arundel schloss\" width=\"750\" height=\"563\" srcset=\"https:\/\/www.urlaubcornwall.de\/blog\/wp-content\/uploads\/2024\/03\/arundel-schloss-rotated.jpg 750w, https:\/\/www.urlaubcornwall.de\/blog\/wp-content\/uploads\/2024\/03\/arundel-schloss-300x225.jpg 300w\" sizes=\"(max-width: 750px) 100vw, 750px\" \/><\/p>\n<p><a href=\"https:\/\/www.booking.com\/hotel\/gb\/amberley-castle-a-relais-chateaux.html?aid=1320750&amp;no_rooms=1&amp;group_adults=2&amp;room1=A%2CA\" rel=\"nofollow\"><strong>Amberley Castle, Amberley, West Sussex<\/strong><\/a>&nbsp; &#8211; Schloss Amberley ist so alt, dass es im Domesday Buch verzeichnet ist. Auf den ersten Blick schaut es innerhalb seiner 60 Fu\u00df hohen Mauern verboten aus mit seinem selten benutzten Falltor (es wird jede Nacht heruntergelassen). Im Innern jedoch ist der Stil komfortabel und entz\u00fcckend, mit R\u00fcstungen, die verstreut herumstehen, und es gibt auch einen charmanten Garten, der das Schloss umgibt. Einige R\u00e4ume sind traditionell mit Himmelbetten; andere wiederum eher zeitgem\u00e4\u00df. Das Abendessen wird in einem gew\u00f6lbten Raum mit Wappen und thronartigen Stahlst\u00fchlen eingenommen. Die geschichtlichen F\u00fchrungen mit einem 3-G\u00e4nge-Mittagessen (\u00a355 pro Kopf) sind besonders beliebt&#8230;. <a href=\"https:\/\/www.booking.com\/hotel\/gb\/amberley-castle-a-relais-chateaux.html?aid=1320750&amp;no_rooms=1&amp;group_adults=2&amp;room1=A%2CA\" rel=\"nofollow\">[ Mehr ]<\/a><\/p>\n<p><script async src=\"https:\/\/pagead2.googlesyndication.com\/pagead\/js\/adsbygoogle.js?client=ca-pub-3901089389175725\"\n     crossorigin=\"anonymous\"><\/script><br \/>\n<!-- New UC --><br \/>\n<ins class=\"adsbygoogle\"\n     style=\"display:block\"\n     data-ad-client=\"ca-pub-3901089389175725\"\n     data-ad-slot=\"8080314818\"\n     data-ad-format=\"auto\"\n     data-full-width-responsive=\"true\"><\/ins><br \/>\n<script>\n     (adsbygoogle = window.adsbygoogle || []).push({});\n<\/script><\/p>\n<p><img loading=\"lazy\" class=\"aligncenter size-full wp-image-29354\" src=\"https:\/\/www.urlaubcornwall.de\/blog\/wp-content\/uploads\/2017\/09\/star-castle-schlosshotel.jpg\" alt=\"\" width=\"746\" height=\"423\" srcset=\"https:\/\/www.urlaubcornwall.de\/blog\/wp-content\/uploads\/2017\/09\/star-castle-schlosshotel.jpg 746w, https:\/\/www.urlaubcornwall.de\/blog\/wp-content\/uploads\/2017\/09\/star-castle-schlosshotel-300x170.jpg 300w\" sizes=\"(max-width: 746px) 100vw, 746px\" \/><\/p>\n<p><a href=\"https:\/\/www.booking.com\/hotel\/gb\/star-castle.html?aid=1320750&amp;no_rooms=1&amp;group_adults=2&amp;room1=A%2CA\" rel=\"nofollow\"><strong>Star Castle, Isles of Scilly, Cornwall<\/strong><\/a> &#8211; Elisabeth I erbaute 1593 diese sternf\u00f6rmige Festung, um <a href=\"https:\/\/www.urlaubcornwall.de\/Scilly-Inseln.php\">die Scilly Inseln<\/a> zu verteidigen. Sie befindet sich an einem befestigten H\u00fcgel mit Meeresblick von allen Richtungen. Krumme, seltsam geformte R\u00e4ume wurden in alle acht Ecken des Sterns gedr\u00e4ngt, was mit zum Spa\u00df beitr\u00e4gt, wenn es um die Erkundung des Schlosses geht. Die Einrichtung ist urig \u2013 mit persischen L\u00e4ufern, modernen Drucken und jakobinischen St\u00fchlen. Buchen Sie einen Gartenraum mit franz\u00f6sischen T\u00fcren, die sich direkt auf den Rasen hinaus \u00f6ffnen. Hier zu speisen, ist ebenfalls besonders atmosph\u00e4risch; der Speiseraum war einst die Offiziersmesse, und G\u00e4ste k\u00f6nnen Wein vom Weinberg des Besitzers verkosten&#8230;. <a href=\"https:\/\/www.booking.com\/hotel\/gb\/star-castle.html?aid=1320750&amp;no_rooms=1&amp;group_adults=2&amp;room1=A%2CA\" rel=\"nofollow\">[ Mehr ]<\/a><br \/>\n<a href=\"https:\/\/www.urlaubcornwall.de\/blog\/wp-content\/uploads\/2024\/03\/eilean-donan-schloss.jpg\"><img loading=\"lazy\" src=\"https:\/\/www.urlaubcornwall.de\/blog\/wp-content\/uploads\/2024\/03\/eilean-donan-schloss.jpg\" alt=\"eilean donan schloss\" width=\"750\" height=\"497\" class=\"alignnone size-full wp-image-47829\" srcset=\"https:\/\/www.urlaubcornwall.de\/blog\/wp-content\/uploads\/2024\/03\/eilean-donan-schloss.jpg 750w, https:\/\/www.urlaubcornwall.de\/blog\/wp-content\/uploads\/2024\/03\/eilean-donan-schloss-300x199.jpg 300w\" sizes=\"(max-width: 750px) 100vw, 750px\" \/><\/a><br \/>\n<a href=\"https:\/\/www.booking.com\/hotel\/gb\/lumleycastle.html?aid=1320750&amp;no_rooms=1&amp;group_adults=2&amp;room1=A%2CA\" rel=\"nofollow\"><strong>Lumley Castle, Durham, County Durham<\/strong> &#8211;&nbsp;<\/a>Ein mittelalterlicher Ritter namens Ralph Lumley baute dieses imposante Schloss mit Blick \u00fcber den Fluss Wear. Es ist ein Bilderbuchschloss mit Zinnen, T\u00fcrmen, dicken Mauern und einem Innenhof. Es gibt heraldische Wandbeh\u00e4nge, und die Angestellten tragen mittelalterliche Kleidung. Die Schlafzimmer haben stark drapierte Himmelbetten und Originalelemente wie Schabracken und \u00dcberh\u00e4nge. Einige haben hinter verborgenen T\u00fcren Badezimmer. Das Esszimmer ist sehr romantisch mit weichem Kerzenlicht, Steins\u00e4ulen und Gew\u00f6lbedecken. Planen Sie Ihren Aufenthalt so, dass er zusammenf\u00e4llt mit den regelm\u00e4\u00dfig stattfindenden mysteri\u00f6sen M\u00f6rderabendessen oder elisabethanischen Banketten, damit Sie zus\u00e4tzlichen Spa\u00df haben&#8230;. <a href=\"http:\/\/www.booking.com\/hotel\/gb\/lumleycastle.html?aid=1320750&amp;no_rooms=1&amp;group_adults=2&amp;room1=A%2CA\" rel=\"nofollow\">[ Mehr ]<\/a><\/p>\n<p><script async src=\"https:\/\/pagead2.googlesyndication.com\/pagead\/js\/adsbygoogle.js?client=ca-pub-3901089389175725\"\n     crossorigin=\"anonymous\"><\/script><br \/>\n<!-- New UC --><br \/>\n<ins class=\"adsbygoogle\"\n     style=\"display:block\"\n     data-ad-client=\"ca-pub-3901089389175725\"\n     data-ad-slot=\"8080314818\"\n     data-ad-format=\"auto\"\n     data-full-width-responsive=\"true\"><\/ins><br \/>\n<script>\n     (adsbygoogle = window.adsbygoogle || []).push({});\n<\/script><\/p>\n<p><img loading=\"lazy\" class=\"aligncenter size-full wp-image-47990\" src=\"https:\/\/www.urlaubcornwall.de\/blog\/wp-content\/uploads\/2024\/03\/lake-district_seen-1.jpg\" alt=\"lake district_seen\" width=\"750\" height=\"500\" srcset=\"https:\/\/www.urlaubcornwall.de\/blog\/wp-content\/uploads\/2024\/03\/lake-district_seen-1.jpg 750w, https:\/\/www.urlaubcornwall.de\/blog\/wp-content\/uploads\/2024\/03\/lake-district_seen-1-300x200.jpg 300w\" sizes=\"(max-width: 750px) 100vw, 750px\" \/><\/p>\n<p><a href=\"https:\/\/www.booking.com\/hotel\/gb\/augill-castle.html?aid=1320750&amp;amp;no_rooms=1&amp;amp;group_adults=2&amp;amp;room1=A%2CA\" rel=\"nofollow\"><strong>Augill Castle, Lake District, Cumbria<\/strong><\/a><strong> &#8211; <\/strong>Ein wunderbar verr\u00fccktes Schloss, 1841 erbaut. Es wirkt nach au\u00dfen hin pr\u00e4chtig und romantisch und innen informell und romantisch. Es gibt hohe T\u00fcrmchen, sich dahin schwingende Mahagonitreppen und vergitterte Fenster, so zart verworren wie franz\u00f6sische Spitze. Innerhalb der 8 Hektar Grundst\u00fcck befindet sich ein Meisterschaftsgolfplatz, ein ESPA Spa, Swimmingpool, Bogenschie\u00dfstand und Waffenstand; gro\u00dfartig f\u00fcr Familien. Man kann Schlehengin herstellen, reiten und auch mit dem Hei\u00dfluftballon fliegen. Das Essen im, mit Tapeten versehen Speisezimmer, entz\u00fcckt jedermann; Wild vom Gut und \u00f6rtlich gefangene Meeresforelle stehen auf dem Angebot&#8230;. <a href=\"https:\/\/www.booking.com\/hotel\/gb\/augill-castle.html?aid=1320750&amp;no_rooms=1&amp;group_adults=2&amp;room1=A%2CA\" rel=\"nofollow\">[ Mehr ]<\/a><\/p>\n<p><a href=\"https:\/\/www.booking.com\/hotel\/gb\/langley-castle.html?aid=1320750&amp;no_rooms=1&amp;group_adults=2&amp;room1=A%2CA\" rel=\"nofollow\"><strong>Langley Castle, Northumberland<\/strong><\/a> &#8211; Schloss Langley ist ein Schloss aus dem 14. Jahrhundert mit Zinnen und mehr als 2m dicken Mauern. Es ist auch eines der letzten verbleibenden britischen Schlosshotels, das noch immer seine originale Festungsanlage hat. Erwarten Sie also ausgesetzte Steinmauern, Eisenleuchter, R\u00fcstungen, sowie Portr\u00e4ts in Goldrahmen. Die teuersten R\u00e4ume (neun) befinden sich im Schloss und haben Himmelbetten, heraldisch gemusterte Teppiche, \u00fcppige \u00dcberw\u00fcrfe und Fenstersitze in dicken Steinmauern. Nahrungsmittel werden im AA Rosetten Restaurant ernst genommen, und es werden klassische Gerichte \u00f6rtlichen Anbaus serviert&#8230;. <a href=\"https:\/\/www.booking.com\/hotel\/gb\/langley-castle.html?aid=1320750&amp;no_rooms=1&amp;group_adults=2&amp;room1=A%2CA\" rel=\"nofollow\">[ Mehr ]<\/a><\/p>\n<div class=\"snippet\"> <a class=\"featured-item\" href=\"https:\/\/www.urlaubcornwall.de\/ferienhaeuser.php\"> <span class=\"image-holder\" style=\"background-image: url(' https:\/\/www.urlaubcornwall.de\/blog\/wp-content\/uploads\/2024\/03\/ferienhaus-england-cornwall.jpg ');\"><\/span> <span class=\"featured-content\"> \n<h2 class=\"featured-title\">Ferienh\u00e4user in England, Schottland &#038; Wales<\/h2>\n<p class=\"featured-body\">Bei uns finden Sie Ferienh\u00e4user in Gro\u00dfbritannien zum Verlieben; so einfach ist das! UrlaubCornwall.de hat eine einzigartige Sammlung pers\u00f6nlich inspizierter Ferienh\u00e4user und Ferienwohnungen&#8230;. <\/p><\/span> <span class=\"featured-link-holder\"> <span class=\"featured-extra-info\"> \n<p>F\u00fcr Paare, Familien &#038; Gruppen<\/p>\n<\/span> \n<p class=\"featured-link\">DETAILS<\/p>\n<\/span> <\/a><\/div>\n<div class=\"snippet\"> <a class=\"featured-item\" href=\" https:\/\/www.urlaubcornwall.de\/rundreisen\/grossbritannien.php\"> <span class=\"image-holder\" style=\"background-image: url(' https:\/\/www.urlaubcornwall.de\/blog\/wp-content\/uploads\/2018\/11\/rundreise-cornwall.jpg ');\"><\/span> <span class=\"featured-content\"> \n<h2 class=\"featured-title\">Individuelle Rundreise in Gro\u00dfbritannien<\/h2>\n<p class=\"featured-body\">Mit Sitz im Vereinten K\u00f6nigreich und einer Reiseleidenschaft haben wir uns darin spezialisiert, individuelle Rundreisen f\u00fcr Paare, Familien oder Gruppen zusammenzustellen&#8230;.<\/p>\n<\/span> <span class=\"featured-link-holder\"> <span class=\"featured-extra-info\"> \n<p>Urlaub im eigenen Schritttempo<\/p>\n<\/span> \n<p class=\"featured-link\">DETAILS<\/p>\n<\/span> <\/a><\/div>\n","protected":false},"excerpt":{"rendered":"<p>Falls Sie nach einer ganz besonderen Unterkunft suchen, so ist unsere Auswahl an Schlosshotels in England bestimmt etwas f\u00fcr Sie. Voller Geschichte und stilvollem Charme gew\u00e4hren diese Ihnen nicht nur einen luxuri\u00f6sen Aufenthalt, sondern auch eine unvergessliche Erfahrung. Jedes der Hotels hat sich innerhalb der alten Gem\u00e4uer den Geist seiner Vergangenheit bewahrt. Umh\u00fcllt von eindrucksvoller [&hellip;]<\/p>\n","protected":false},"author":1,"featured_media":0,"parent":0,"menu_order":0,"comment_status":"closed","ping_status":"closed","template":"single-four.php","meta":[],"acf":[],"yoast_head":"<!-- This site is optimized with the Yoast SEO plugin v19.4 - https:\/\/yoast.com\/wordpress\/plugins\/seo\/ -->\n<title>Verbringen Sie Ihren Urlaub in einem englischen Schloss - unsere Top 6 - Urlaub &amp; Reisen<\/title>\n<meta name=\"robots\" content=\"index, follow, max-snippet:-1, max-image-preview:large, max-video-preview:-1\" \/>\n<link rel=\"canonical\" href=\"https:\/\/www.urlaubcornwall.de\/blog\/wunderschoenen-englischen-schlosshotel\/\" \/>\n<meta property=\"og:locale\" content=\"en_US\" \/>\n<meta property=\"og:type\" content=\"article\" \/>\n<meta property=\"og:title\" content=\"Verbringen Sie Ihren Urlaub in einem englischen Schloss - unsere Top 6 - Urlaub &amp; Reisen\" \/>\n<meta property=\"og:description\" content=\"Falls Sie nach einer ganz besonderen Unterkunft suchen, so ist unsere Auswahl an Schlosshotels in England bestimmt etwas f\u00fcr Sie. Voller Geschichte und stilvollem Charme gew\u00e4hren diese Ihnen nicht nur einen luxuri\u00f6sen Aufenthalt, sondern auch eine unvergessliche Erfahrung. Jedes der Hotels hat sich innerhalb der alten Gem\u00e4uer den Geist seiner Vergangenheit bewahrt. Umh\u00fcllt von eindrucksvoller [&hellip;]\" \/>\n<meta property=\"og:url\" content=\"https:\/\/www.urlaubcornwall.de\/blog\/wunderschoenen-englischen-schlosshotel\/\" \/>\n<meta property=\"og:site_name\" content=\"Urlaub &amp; Reisen\" \/>\n<meta property=\"article:modified_time\" content=\"2024-05-30T09:46:41+00:00\" \/>\n<meta property=\"og:image\" content=\"https:\/\/www.urlaubcornwall.de\/blog\/wp-content\/uploads\/2016\/06\/hever-schloss-kent.jpg\" \/>\n<meta name=\"twitter:card\" content=\"summary\" \/>\n<meta name=\"twitter:label1\" content=\"Est. reading time\" \/>\n\t<meta name=\"twitter:data1\" content=\"5 minutes\" \/>\n<script type=\"application\/ld+json\" class=\"yoast-schema-graph\">{\"@context\":\"https:\/\/schema.org\",\"@graph\":[{\"@type\":\"WebSite\",\"@id\":\"https:\/\/www.urlaubcornwall.de\/blog\/#website\",\"url\":\"https:\/\/www.urlaubcornwall.de\/blog\/\",\"name\":\"Urlaub &amp; Reisen\",\"description\":\"Urlaub, Reisen, Cornwall und S\u00fcdengland: eine perfekte Kombination\",\"potentialAction\":[{\"@type\":\"SearchAction\",\"target\":{\"@type\":\"EntryPoint\",\"urlTemplate\":\"https:\/\/www.urlaubcornwall.de\/blog\/?s={search_term_string}\"},\"query-input\":\"required name=search_term_string\"}],\"inLanguage\":\"en-US\"},{\"@type\":\"WebPage\",\"@id\":\"https:\/\/www.urlaubcornwall.de\/blog\/wunderschoenen-englischen-schlosshotel\/\",\"url\":\"https:\/\/www.urlaubcornwall.de\/blog\/wunderschoenen-englischen-schlosshotel\/\",\"name\":\"Verbringen Sie Ihren Urlaub in einem englischen Schloss - unsere Top 6 - Urlaub &amp; Reisen\",\"isPartOf\":{\"@id\":\"https:\/\/www.urlaubcornwall.de\/blog\/#website\"},\"datePublished\":\"2017-09-15T11:33:38+00:00\",\"dateModified\":\"2024-05-30T09:46:41+00:00\",\"breadcrumb\":{\"@id\":\"https:\/\/www.urlaubcornwall.de\/blog\/wunderschoenen-englischen-schlosshotel\/#breadcrumb\"},\"inLanguage\":\"en-US\",\"potentialAction\":[{\"@type\":\"ReadAction\",\"target\":[\"https:\/\/www.urlaubcornwall.de\/blog\/wunderschoenen-englischen-schlosshotel\/\"]}]},{\"@type\":\"BreadcrumbList\",\"@id\":\"https:\/\/www.urlaubcornwall.de\/blog\/wunderschoenen-englischen-schlosshotel\/#breadcrumb\",\"itemListElement\":[{\"@type\":\"ListItem\",\"position\":1,\"name\":\"Home\",\"item\":\"https:\/\/www.urlaubcornwall.de\/blog\/\"},{\"@type\":\"ListItem\",\"position\":2,\"name\":\"Verbringen Sie Ihren Urlaub in einem englischen Schloss &#8211; unsere Top 6\"}]}]}<\/script>\n<!-- \/ Yoast SEO plugin. -->","yoast_head_json":{"title":"Verbringen Sie Ihren Urlaub in einem englischen Schloss - unsere Top 6 - Urlaub &amp; Reisen","robots":{"index":"index","follow":"follow","max-snippet":"max-snippet:-1","max-image-preview":"max-image-preview:large","max-video-preview":"max-video-preview:-1"},"canonical":"https:\/\/www.urlaubcornwall.de\/blog\/wunderschoenen-englischen-schlosshotel\/","og_locale":"en_US","og_type":"article","og_title":"Verbringen Sie Ihren Urlaub in einem englischen Schloss - unsere Top 6 - Urlaub &amp; Reisen","og_description":"Falls Sie nach einer ganz besonderen Unterkunft suchen, so ist unsere Auswahl an Schlosshotels in England bestimmt etwas f\u00fcr Sie. Voller Geschichte und stilvollem Charme gew\u00e4hren diese Ihnen nicht nur einen luxuri\u00f6sen Aufenthalt, sondern auch eine unvergessliche Erfahrung. Jedes der Hotels hat sich innerhalb der alten Gem\u00e4uer den Geist seiner Vergangenheit bewahrt. Umh\u00fcllt von eindrucksvoller [&hellip;]","og_url":"https:\/\/www.urlaubcornwall.de\/blog\/wunderschoenen-englischen-schlosshotel\/","og_site_name":"Urlaub &amp; Reisen","article_modified_time":"2024-05-30T09:46:41+00:00","og_image":[{"url":"https:\/\/www.urlaubcornwall.de\/blog\/wp-content\/uploads\/2016\/06\/hever-schloss-kent.jpg"}],"twitter_card":"summary","twitter_misc":{"Est. reading time":"5 minutes"},"schema":{"@context":"https:\/\/schema.org","@graph":[{"@type":"WebSite","@id":"https:\/\/www.urlaubcornwall.de\/blog\/#website","url":"https:\/\/www.urlaubcornwall.de\/blog\/","name":"Urlaub &amp; Reisen","description":"Urlaub, Reisen, Cornwall und S\u00fcdengland: eine perfekte Kombination","potentialAction":[{"@type":"SearchAction","target":{"@type":"EntryPoint","urlTemplate":"https:\/\/www.urlaubcornwall.de\/blog\/?s={search_term_string}"},"query-input":"required name=search_term_string"}],"inLanguage":"en-US"},{"@type":"WebPage","@id":"https:\/\/www.urlaubcornwall.de\/blog\/wunderschoenen-englischen-schlosshotel\/","url":"https:\/\/www.urlaubcornwall.de\/blog\/wunderschoenen-englischen-schlosshotel\/","name":"Verbringen Sie Ihren Urlaub in einem englischen Schloss - unsere Top 6 - Urlaub &amp; Reisen","isPartOf":{"@id":"https:\/\/www.urlaubcornwall.de\/blog\/#website"},"datePublished":"2017-09-15T11:33:38+00:00","dateModified":"2024-05-30T09:46:41+00:00","breadcrumb":{"@id":"https:\/\/www.urlaubcornwall.de\/blog\/wunderschoenen-englischen-schlosshotel\/#breadcrumb"},"inLanguage":"en-US","potentialAction":[{"@type":"ReadAction","target":["https:\/\/www.urlaubcornwall.de\/blog\/wunderschoenen-englischen-schlosshotel\/"]}]},{"@type":"BreadcrumbList","@id":"https:\/\/www.urlaubcornwall.de\/blog\/wunderschoenen-englischen-schlosshotel\/#breadcrumb","itemListElement":[{"@type":"ListItem","position":1,"name":"Home","item":"https:\/\/www.urlaubcornwall.de\/blog\/"},{"@type":"ListItem","position":2,"name":"Verbringen Sie Ihren Urlaub in einem englischen Schloss &#8211; unsere Top 6"}]}]}},"_links":{"self":[{"href":"https:\/\/www.urlaubcornwall.de\/blog\/wp-json\/wp\/v2\/pages\/29353"}],"collection":[{"href":"https:\/\/www.urlaubcornwall.de\/blog\/wp-json\/wp\/v2\/pages"}],"about":[{"href":"https:\/\/www.urlaubcornwall.de\/blog\/wp-json\/wp\/v2\/types\/page"}],"author":[{"embeddable":true,"href":"https:\/\/www.urlaubcornwall.de\/blog\/wp-json\/wp\/v2\/users\/1"}],"replies":[{"embeddable":true,"href":"https:\/\/www.urlaubcornwall.de\/blog\/wp-json\/wp\/v2\/comments?post=29353"}],"version-history":[{"count":19,"href":"https:\/\/www.urlaubcornwall.de\/blog\/wp-json\/wp\/v2\/pages\/29353\/revisions"}],"predecessor-version":[{"id":50897,"href":"https:\/\/www.urlaubcornwall.de\/blog\/wp-json\/wp\/v2\/pages\/29353\/revisions\/50897"}],"wp:attachment":[{"href":"https:\/\/www.urlaubcornwall.de\/blog\/wp-json\/wp\/v2\/media?parent=29353"}],"curies":[{"name":"wp","href":"https:\/\/api.w.org\/{rel}","templated":true}]}}