{"id":29314,"date":"2017-09-14T11:59:09","date_gmt":"2017-09-14T11:59:09","guid":{"rendered":"https:\/\/www.urlaubcornwall.de\/blog\/?page_id=29314"},"modified":"2024-05-30T09:48:44","modified_gmt":"2024-05-30T09:48:44","slug":"national-trust-historische-haeuser-cornwall-devon","status":"publish","type":"page","link":"https:\/\/www.urlaubcornwall.de\/blog\/national-trust-historische-haeuser-cornwall-devon\/","title":{"rendered":"Top 10 National Trust Historische H\u00e4user, die es in Cornwall &#038; Devon zu besuchen gibt"},"content":{"rendered":"<p><a href=\"https:\/\/www.urlaubcornwall.de\/reiseziel\/cornwall.php\">Cornwall<\/a> und <a href=\"https:\/\/www.urlaubcornwall.de\/reiseziel\/devon.php\">Devon<\/a> haben mehr zu bieten als wundersch\u00f6ne Str\u00e4nde und Landschaften; hier befinden sich auch einige herrliche National Trust H\u00e4user. Ob Sie nun an Geschichte interessiert sind oder nach Ideen f\u00fcr einen Regentag suchen, so stellt der Besuch eines der National Trust H\u00e4user und G\u00e4rten einen gro\u00dfartigen Familienausflugstag dar.<\/p>\n<h1><a href=\"https:\/\/www.nationaltrust.org.uk\/lanhydrock\" rel=\"nofollow\"><strong>Lanhydrock, Bodmin, Cornwall<\/strong><\/a><\/h1>\n<p><img loading=\"lazy\" class=\"aligncenter size-full wp-image-48834\" src=\"https:\/\/www.urlaubcornwall.de\/blog\/wp-content\/uploads\/2024\/04\/lanhydrock_national-trust-e1712150239893.jpg\" alt=\"lanhydrock_national trust\" width=\"750\" height=\"418\"\/><\/p>\n<p>In einem wundersch\u00f6nen bewaldeten Grundst\u00fcck gelegen, ist Lanhydrock ein herrliches Landhaus, umgeben von bezaubernden, weitreichenden G\u00e4rten. Das Haus wurde 1881 von einem Feuer zerst\u00f6rt und in pr\u00e4chtigem viktorianischen Stil wieder erbaut. Es gibt mehr als 50 R\u00e4ume zu entdecken; von gro\u00dfz\u00fcgigen K\u00fcchen, dem eleganten viktorianischen Luxus der Familienr\u00e4umlichkeiten bis hin zu den Bedienstetenquartieren. Spazieren Sie inmitten von \u00fcberragenden Magnolien und herrlichen Rhododendren; die G\u00e4rten sind bekannt f\u00fcr ihre ganzj\u00e4hrige Farbenpracht. Es gibt meilenlange Fu\u00dfwege, um die alten Waldgebiete zu erkunden, sowie Radfahrwege, die jedem Erfahrungsniveau gerecht werden.<\/p>\n<h1><a href=\"https:\/\/www.nationaltrust.org.uk\/cotehele\" rel=\"nofollow\"><strong>Cotehele, Saltash, Cornwall<\/strong><\/a><\/h1>\n<p><img loading=\"lazy\" class=\"aligncenter size-full wp-image-48836\" src=\"https:\/\/www.urlaubcornwall.de\/blog\/wp-content\/uploads\/2024\/04\/Cotehele_national-trust-e1712150363179.jpg\" alt=\"Cotehele_national-trust\" width=\"750\" height=\"421\"\/><\/p>\n<p>Hoch \u00fcber den Ufern des Flusses Tamar gelegen, war Cotehele 600 Jahre lang das Zuhause der Edgcumbe Familie. Dieses bezaubernde Herrenhaus ist mit Wandteppichen und R\u00fcstungen ausgeschm\u00fcckt, und die R\u00e4ume haben sich seit Tudorzeiten nur sehr wenig ver\u00e4ndert. Besucher k\u00f6nnen das herrliche Grundst\u00fcck genie\u00dfen mit den Apfel- und Kirschb\u00e4umen, mittelalterlichen Teichen und Taubenverschl\u00e4gen. Spazieren Sie hinunter zum Cotehele Quay und genie\u00dfen Sie einen cornischen Cream Tea an Bord der Tamar Segeljacht \u2018Shamrock\u2019 von 1899. Das Haus verf\u00fcgt nicht \u00fcber Elektrizit\u00e4t. Daher m\u00f6chten Sie vielleicht eine Taschenlampe mitbringen.<\/p>\n<h1><a href=\"https:\/\/www.nationaltrust.org.uk\/saltram\" rel=\"nofollow\"><strong>Saltram House, Plymouth, Devon<\/strong><\/a><\/h1>\n<p><img loading=\"lazy\" class=\"aligncenter size-full wp-image-48832\" src=\"https:\/\/www.urlaubcornwall.de\/blog\/wp-content\/uploads\/2024\/04\/Saltram-House_new.jpg\" alt=\"Saltram House\" width=\"750\" height=\"425\" srcset=\"https:\/\/www.urlaubcornwall.de\/blog\/wp-content\/uploads\/2024\/04\/Saltram-House_new.jpg 750w, https:\/\/www.urlaubcornwall.de\/blog\/wp-content\/uploads\/2024\/04\/Saltram-House_new-300x170.jpg 300w\" sizes=\"(max-width: 750px) 100vw, 750px\" \/><\/p>\n<p>Hoch \u00fcber dem Fluss Plym gelegen, bietet Saltram herrlichen Blick \u00fcber die Flussm\u00fcndung. Das Haus ist voller Sch\u00e4tze mit einem \u00fcppig dekorierten Innenbereich, einschlie\u00dflich seltener chinesischer Tapeten und einer wertvollen Gem\u00e4ldesammlung von Sir Joshua Reynolds. Das Grundst\u00fcck kann das ganze Jahr \u00fcber genossen werden, mit herrlichen Schneegl\u00f6ckchen im Winter, Narzissen im Fr\u00fchling, Sommerblumen und Herbstfarben.<\/p>\n<p><script async src=\"https:\/\/pagead2.googlesyndication.com\/pagead\/js\/adsbygoogle.js?client=ca-pub-3901089389175725\"\n     crossorigin=\"anonymous\"><\/script><br \/>\n<!-- New UC --><br \/>\n<ins class=\"adsbygoogle\"\n     style=\"display:block\"\n     data-ad-client=\"ca-pub-3901089389175725\"\n     data-ad-slot=\"8080314818\"\n     data-ad-format=\"auto\"\n     data-full-width-responsive=\"true\"><\/ins><br \/>\n<script>\n     (adsbygoogle = window.adsbygoogle || []).push({});\n<\/script><\/p>\n<h1><a href=\"https:\/\/www.nationaltrust.org.uk\/castle-drogo\" rel=\"nofollow\"><strong>Castle Drogo, Exeter, Devon<\/strong><\/a><\/h1>\n<p><img loading=\"lazy\" class=\"aligncenter size-full wp-image-48837\" src=\"https:\/\/www.urlaubcornwall.de\/blog\/wp-content\/uploads\/2024\/04\/drogo-schloss-e1712150470276.jpg\" alt=\"drogo schloss\" width=\"750\" height=\"417\"\/><\/p>\n<p>Mit seinem Blick \u00fcber Teign Gorge muss die dramatische Lage von Castle Drogo einfach bewundert werden. Die Burg wurde vom ber\u00fchmten Architekten des 20. Jahrhunderts, Sir Edwin Lutyens, designt. Er hat sich zum Design von den umgebenden zerkl\u00fcfteten Dartmoor Tors inspirieren lassen. Aufgrund seines atemberaubenden Blicks auf Dartmoor, einem herrlichen terrassenf\u00f6rmig angelegten Garten und Rosenbeeten, bis hin zu verschlungenen Pfaden und Wegen durch die alte Schlucht, wird Castle Drogo einen unvergesslichen Familienausflugstag darstellen.<\/p>\n<h1><a href=\"https:\/\/www.nationaltrust.org.uk\/trerice\" rel=\"nofollow\"><strong>Trerice, Newquay, Cornwall<\/strong><\/a><\/h1>\n<p><img loading=\"lazy\" class=\"aligncenter size-full wp-image-48846\" src=\"https:\/\/www.urlaubcornwall.de\/blog\/wp-content\/uploads\/2024\/04\/trerice-insta-scaled-e1712151135280.jpg\" alt=\"trerice \" width=\"750\" height=\"698\"\/><\/p>\n<p>Nicht weit entfernt von Newquay und in einer friedvollen Ecke des l\u00e4ndlichen Cornwall gelegen, ist Trerice ein entz\u00fcckendes elisabethanisches Herrenhaus. Das Haus verf\u00fcgt \u00fcber eine faszinierende Sammlung an mehr als 1000 Kunstobjekten, die f\u00fcr Besucher aller Altersstufen von Interesse sind. Die G\u00e4rten sind herrlich, und im Jahre 2013 wurden mehr als 800 junge Eiben gepflanzt gem\u00e4\u00df des komplizierten Designs eines neuen elisabethanischen Knotengartens.<\/p>\n<p><img loading=\"lazy\" class=\"aligncenter size-full wp-image-49828\" src=\"https:\/\/www.urlaubcornwall.de\/blog\/wp-content\/uploads\/2024\/04\/Knighsthayes_national-trust-1.jpg\" alt=\"Knighsthayes_national trust\" width=\"750\" height=\"421\" srcset=\"https:\/\/www.urlaubcornwall.de\/blog\/wp-content\/uploads\/2024\/04\/Knighsthayes_national-trust-1.jpg 750w, https:\/\/www.urlaubcornwall.de\/blog\/wp-content\/uploads\/2024\/04\/Knighsthayes_national-trust-1-300x168.jpg 300w\" sizes=\"(max-width: 750px) 100vw, 750px\" \/><\/p>\n<p>Das \u00fcppig designte Knightshayes ist ein herrliches und gro\u00dfartiges Haus gotischer Wiederbelebung. Dieses gotisch wiederbelebte Haus ist ein seltenes Beispiel der Arbeit von William Burges, und seine opulenten Designs inspirieren garantiert zu gespaltenen Meinungen. Der Waldlandgarten beherbergt mit \u00fcber 120 Arten eine der vielf\u00e4ltigsten und abwechslungsreichsten Planzensammlungen des UK. Knightshayes ist umgeben von ruhigem Waldland und Landspazierwegen und ist ideal geeignet f\u00fcr einen Familienausflug.<\/p>\n<h1><a href=\"https:\/\/www.nationaltrust.org.uk\/buckland-abbey\" rel=\"nofollow\"><strong>Buckland Abbey, Yelverton, Devon<\/strong><\/a><\/h1>\n<p><img loading=\"lazy\" class=\"aligncenter size-full wp-image-48843\" src=\"https:\/\/www.urlaubcornwall.de\/blog\/wp-content\/uploads\/2024\/04\/Buckland_Abbey-1-e1712150903256.jpg\" alt=\"Buckland_Abbey\" width=\"750\" height=\"422\"\/><\/p>\n<p>Einst das Zuhause der ber\u00fchmten Seefahrer-Abenteurer; Sir Richard Grenville und Sir Francis Drake; ist die 700 Jahre alte Buckland Abbey tief verankert in Stattlichkeit und Geschichte. Es bietet sich ein Blick \u00fcber das Tavy Tal mit seinen alten Waldgebieten und Wildblumenwiesen. Die G\u00e4rten sollten Sie nicht vers\u00e4umen; den ummauerten Kr\u00e4utergarten, den Cider House Garten und den Wildblumengarten, die das ganze Jahr \u00fcber Farbe bieten; und vom Elisabethanischen Garten aus haben Sie einen herrlichen Blick auf die Abtei.<\/p>\n<h1><a href=\"https:\/\/www.nationaltrust.org.uk\/coleton-fishacre\" rel=\"nofollow\"><strong>Coleton Fishacre, Kingswear, Devon<\/strong><\/a><\/h1>\n<p><img loading=\"lazy\" class=\"aligncenter size-full wp-image-48828\" src=\"https:\/\/www.urlaubcornwall.de\/blog\/wp-content\/uploads\/2024\/04\/Coleton-Fishacre.jpg\" alt=\"\" width=\"750\" height=\"424\" srcset=\"https:\/\/www.urlaubcornwall.de\/blog\/wp-content\/uploads\/2024\/04\/Coleton-Fishacre.jpg 750w, https:\/\/www.urlaubcornwall.de\/blog\/wp-content\/uploads\/2024\/04\/Coleton-Fishacre-300x170.jpg 300w\" sizes=\"(max-width: 750px) 100vw, 750px\" \/><\/p>\n<p>Dieses Haus am Meer aus den 1920ern im Kunst- und Handwerksstil ist bekannt f\u00fcr seine Art Deco Inneneinrichtung und die G\u00e4rten. Es war einst der Landsitz der D\u2019Oly Carte Familie; und das Haus bietet Einblick in den klassischen \u2018oben und unten\u2019 Lebensstil. Die G\u00e4rten sind voller seltener und exotischer Pflanzen von Neuseeland und S\u00fcdafrika, die im milden Klima S\u00fcddevons und der Englischen Riviera gedeihen.<\/p>\n<h1><a href=\"https:\/\/www.nationaltrust.org.uk\/trelissick\" rel=\"nofollow\"><strong>Trelissick, Feock, Truro, Cornwall<\/strong><\/a><\/h1>\n<p>Trelissick Haus bietet Panoramablick \u00fcber die Fal Flussm\u00fcndung und die sie umgebende wundersch\u00f6ne Landschaft.<br \/>\nBesucher k\u00f6nnen die Pfade erkunden, die durch den Waldlandgarten f\u00fchren hin zu exotischen Pflanzen und formellen Rasenfl\u00e4chen. Es gibt auch l\u00e4ngere Spazierwege hinunter zum Fluss. Trelissick ist ein feines Beispiel eines georgianischen Landhauses mit gro\u00dfen, mit Fensterl\u00e4den versehenen Fenstern und eindrucksvollen Kaminen. Das Haus und wundervolles Grundst\u00fcck eignen sich perfekt f\u00fcr einen Familienausflugstag in Cornwall.<\/p>\n<h1><a href=\"https:\/\/www.stmichaelsmount.co.uk\/\" rel=\"nofollow\"><strong>St Michael\u2019s Mount, Marazion, Cornwall<\/strong><\/a><\/h1>\n<p><img loading=\"lazy\" class=\"aligncenter size-full wp-image-47921\" src=\"https:\/\/www.urlaubcornwall.de\/blog\/wp-content\/uploads\/2024\/03\/marazion_und-st-michaels-mount-1.jpg\" alt=\"marazion_und st michaels mount\" width=\"750\" height=\"500\"\n\nDiese ikonische felsige Insel mit ihrer mittelalterlichen Kirche und dem Schloss ist noch immer das Zuhause der St Aubyn Familie und einer Gemeinde von circa 30 Inselbewohnern. Es gibt einen subtropischen, terrassenf\u00f6rmig angelegten Garten zu erkunden, und von den Schlosszinnen aus haben Sie einen spektakul\u00e4ren Blick \u00fcber die Mounts Bucht und die Lizard Halbinsel. Bei Ebbe k\u00f6nnen Sie von Marazion aus \u00fcber den alten gepflasterten Steg gehen. Bei Flut werden Sie mit einem Boot zur Insel gebracht.\n\n\n<h1 style=\"text-align: center;\" srcset=\"https:\/\/www.urlaubcornwall.de\/blog\/wp-content\/uploads\/2024\/03\/marazion_und-st-michaels-mount-1.jpg 750w, https:\/\/www.urlaubcornwall.de\/blog\/wp-content\/uploads\/2024\/03\/marazion_und-st-michaels-mount-1-300x200.jpg 300w\" sizes=\"(max-width: 750px) 100vw, 750px\" \/><strong>Bei uns finden Sie Ferienh\u00e4user zum Verlieben \u2013 so einfach ist das!<\/strong>\n<\/p><p style=\"text-align: center;\">UrlaubCornwall verf\u00fcgt Ferienh\u00e4user und Ferienwohnungen f\u00fcr Ihren <a href=\"https:\/\/www.urlaubcornwall.de\/reiseziel\/suedengland.php\">Urlaub in Sudengland<\/a>. Unterk\u00fcnfte der Spitzenklasse f\u00fcr 2 Personen, Familien und Gruppen mit 4, 6, 8, 10 oder 12 G\u00e4sten.<\/p>\n<p style=\"text-align: center;\"><a class=\"tidycta\" href=\"https:\/\/www.urlaubcornwall.de\/ferienhaeuser\/cornwall.php\">Suche Ferienh\u00e4user Cornwall<\/a><\/p>\n<p><a href=\"https:\/\/www.urlaubcornwall.de\/blog\/national-trust-historische-haeuser-suedengland\/\">Top 10 National Trust Historische H\u00e4user, die es in S\u00fcdengland zu besuchen gibt<\/a><\/p>\n<p style=\"text-align: right;\"><em>Images \u00a9 National Trust<\/em><\/p>\n","protected":false},"excerpt":{"rendered":"<p>Cornwall und Devon haben mehr zu bieten als wundersch\u00f6ne Str\u00e4nde und Landschaften; hier befinden sich auch einige herrliche National Trust H\u00e4user. Ob Sie nun an Geschichte interessiert sind oder nach Ideen f\u00fcr einen Regentag suchen, so stellt der Besuch eines der National Trust H\u00e4user und G\u00e4rten einen gro\u00dfartigen Familienausflugstag dar. Lanhydrock, Bodmin, Cornwall In einem [&hellip;]<\/p>\n","protected":false},"author":1,"featured_media":0,"parent":0,"menu_order":0,"comment_status":"closed","ping_status":"closed","template":"single-four.php","meta":[],"acf":[],"yoast_head":"<!-- This site is optimized with the Yoast SEO plugin v19.4 - https:\/\/yoast.com\/wordpress\/plugins\/seo\/ -->\n<title>Top 10 National Trust Historische H\u00e4user, die es in Cornwall &amp; Devon zu besuchen gibt - Urlaub &amp; Reisen<\/title>\n<meta name=\"robots\" content=\"index, follow, max-snippet:-1, max-image-preview:large, max-video-preview:-1\" \/>\n<link rel=\"canonical\" href=\"https:\/\/www.urlaubcornwall.de\/blog\/national-trust-historische-haeuser-cornwall-devon\/\" \/>\n<meta property=\"og:locale\" content=\"en_US\" \/>\n<meta property=\"og:type\" content=\"article\" \/>\n<meta property=\"og:title\" content=\"Top 10 National Trust Historische H\u00e4user, die es in Cornwall &amp; Devon zu besuchen gibt - Urlaub &amp; Reisen\" \/>\n<meta property=\"og:description\" content=\"Cornwall und Devon haben mehr zu bieten als wundersch\u00f6ne Str\u00e4nde und Landschaften; hier befinden sich auch einige herrliche National Trust H\u00e4user. Ob Sie nun an Geschichte interessiert sind oder nach Ideen f\u00fcr einen Regentag suchen, so stellt der Besuch eines der National Trust H\u00e4user und G\u00e4rten einen gro\u00dfartigen Familienausflugstag dar. Lanhydrock, Bodmin, Cornwall In einem [&hellip;]\" \/>\n<meta property=\"og:url\" content=\"https:\/\/www.urlaubcornwall.de\/blog\/national-trust-historische-haeuser-cornwall-devon\/\" \/>\n<meta property=\"og:site_name\" content=\"Urlaub &amp; Reisen\" \/>\n<meta property=\"article:modified_time\" content=\"2024-05-30T09:48:44+00:00\" \/>\n<meta property=\"og:image\" content=\"https:\/\/www.urlaubcornwall.de\/blog\/wp-content\/uploads\/2024\/04\/lanhydrock_national-trust-e1712150239893.jpg\" \/>\n<meta name=\"twitter:card\" content=\"summary\" \/>\n<meta name=\"twitter:label1\" content=\"Est. reading time\" \/>\n\t<meta name=\"twitter:data1\" content=\"6 minutes\" \/>\n<script type=\"application\/ld+json\" class=\"yoast-schema-graph\">{\"@context\":\"https:\/\/schema.org\",\"@graph\":[{\"@type\":\"WebSite\",\"@id\":\"https:\/\/www.urlaubcornwall.de\/blog\/#website\",\"url\":\"https:\/\/www.urlaubcornwall.de\/blog\/\",\"name\":\"Urlaub &amp; Reisen\",\"description\":\"Urlaub, Reisen, Cornwall und S\u00fcdengland: eine perfekte Kombination\",\"potentialAction\":[{\"@type\":\"SearchAction\",\"target\":{\"@type\":\"EntryPoint\",\"urlTemplate\":\"https:\/\/www.urlaubcornwall.de\/blog\/?s={search_term_string}\"},\"query-input\":\"required name=search_term_string\"}],\"inLanguage\":\"en-US\"},{\"@type\":\"WebPage\",\"@id\":\"https:\/\/www.urlaubcornwall.de\/blog\/national-trust-historische-haeuser-cornwall-devon\/\",\"url\":\"https:\/\/www.urlaubcornwall.de\/blog\/national-trust-historische-haeuser-cornwall-devon\/\",\"name\":\"Top 10 National Trust Historische H\u00e4user, die es in Cornwall & Devon zu besuchen gibt - Urlaub &amp; Reisen\",\"isPartOf\":{\"@id\":\"https:\/\/www.urlaubcornwall.de\/blog\/#website\"},\"datePublished\":\"2017-09-14T11:59:09+00:00\",\"dateModified\":\"2024-05-30T09:48:44+00:00\",\"breadcrumb\":{\"@id\":\"https:\/\/www.urlaubcornwall.de\/blog\/national-trust-historische-haeuser-cornwall-devon\/#breadcrumb\"},\"inLanguage\":\"en-US\",\"potentialAction\":[{\"@type\":\"ReadAction\",\"target\":[\"https:\/\/www.urlaubcornwall.de\/blog\/national-trust-historische-haeuser-cornwall-devon\/\"]}]},{\"@type\":\"BreadcrumbList\",\"@id\":\"https:\/\/www.urlaubcornwall.de\/blog\/national-trust-historische-haeuser-cornwall-devon\/#breadcrumb\",\"itemListElement\":[{\"@type\":\"ListItem\",\"position\":1,\"name\":\"Home\",\"item\":\"https:\/\/www.urlaubcornwall.de\/blog\/\"},{\"@type\":\"ListItem\",\"position\":2,\"name\":\"Top 10 National Trust Historische H\u00e4user, die es in Cornwall &#038; Devon zu besuchen gibt\"}]}]}<\/script>\n<!-- \/ Yoast SEO plugin. -->","yoast_head_json":{"title":"Top 10 National Trust Historische H\u00e4user, die es in Cornwall & Devon zu besuchen gibt - Urlaub &amp; Reisen","robots":{"index":"index","follow":"follow","max-snippet":"max-snippet:-1","max-image-preview":"max-image-preview:large","max-video-preview":"max-video-preview:-1"},"canonical":"https:\/\/www.urlaubcornwall.de\/blog\/national-trust-historische-haeuser-cornwall-devon\/","og_locale":"en_US","og_type":"article","og_title":"Top 10 National Trust Historische H\u00e4user, die es in Cornwall & Devon zu besuchen gibt - Urlaub &amp; Reisen","og_description":"Cornwall und Devon haben mehr zu bieten als wundersch\u00f6ne Str\u00e4nde und Landschaften; hier befinden sich auch einige herrliche National Trust H\u00e4user. Ob Sie nun an Geschichte interessiert sind oder nach Ideen f\u00fcr einen Regentag suchen, so stellt der Besuch eines der National Trust H\u00e4user und G\u00e4rten einen gro\u00dfartigen Familienausflugstag dar. Lanhydrock, Bodmin, Cornwall In einem [&hellip;]","og_url":"https:\/\/www.urlaubcornwall.de\/blog\/national-trust-historische-haeuser-cornwall-devon\/","og_site_name":"Urlaub &amp; Reisen","article_modified_time":"2024-05-30T09:48:44+00:00","og_image":[{"url":"https:\/\/www.urlaubcornwall.de\/blog\/wp-content\/uploads\/2024\/04\/lanhydrock_national-trust-e1712150239893.jpg"}],"twitter_card":"summary","twitter_misc":{"Est. reading time":"6 minutes"},"schema":{"@context":"https:\/\/schema.org","@graph":[{"@type":"WebSite","@id":"https:\/\/www.urlaubcornwall.de\/blog\/#website","url":"https:\/\/www.urlaubcornwall.de\/blog\/","name":"Urlaub &amp; Reisen","description":"Urlaub, Reisen, Cornwall und S\u00fcdengland: eine perfekte Kombination","potentialAction":[{"@type":"SearchAction","target":{"@type":"EntryPoint","urlTemplate":"https:\/\/www.urlaubcornwall.de\/blog\/?s={search_term_string}"},"query-input":"required name=search_term_string"}],"inLanguage":"en-US"},{"@type":"WebPage","@id":"https:\/\/www.urlaubcornwall.de\/blog\/national-trust-historische-haeuser-cornwall-devon\/","url":"https:\/\/www.urlaubcornwall.de\/blog\/national-trust-historische-haeuser-cornwall-devon\/","name":"Top 10 National Trust Historische H\u00e4user, die es in Cornwall & Devon zu besuchen gibt - Urlaub &amp; Reisen","isPartOf":{"@id":"https:\/\/www.urlaubcornwall.de\/blog\/#website"},"datePublished":"2017-09-14T11:59:09+00:00","dateModified":"2024-05-30T09:48:44+00:00","breadcrumb":{"@id":"https:\/\/www.urlaubcornwall.de\/blog\/national-trust-historische-haeuser-cornwall-devon\/#breadcrumb"},"inLanguage":"en-US","potentialAction":[{"@type":"ReadAction","target":["https:\/\/www.urlaubcornwall.de\/blog\/national-trust-historische-haeuser-cornwall-devon\/"]}]},{"@type":"BreadcrumbList","@id":"https:\/\/www.urlaubcornwall.de\/blog\/national-trust-historische-haeuser-cornwall-devon\/#breadcrumb","itemListElement":[{"@type":"ListItem","position":1,"name":"Home","item":"https:\/\/www.urlaubcornwall.de\/blog\/"},{"@type":"ListItem","position":2,"name":"Top 10 National Trust Historische H\u00e4user, die es in Cornwall &#038; Devon zu besuchen gibt"}]}]}},"_links":{"self":[{"href":"https:\/\/www.urlaubcornwall.de\/blog\/wp-json\/wp\/v2\/pages\/29314"}],"collection":[{"href":"https:\/\/www.urlaubcornwall.de\/blog\/wp-json\/wp\/v2\/pages"}],"about":[{"href":"https:\/\/www.urlaubcornwall.de\/blog\/wp-json\/wp\/v2\/types\/page"}],"author":[{"embeddable":true,"href":"https:\/\/www.urlaubcornwall.de\/blog\/wp-json\/wp\/v2\/users\/1"}],"replies":[{"embeddable":true,"href":"https:\/\/www.urlaubcornwall.de\/blog\/wp-json\/wp\/v2\/comments?post=29314"}],"version-history":[{"count":20,"href":"https:\/\/www.urlaubcornwall.de\/blog\/wp-json\/wp\/v2\/pages\/29314\/revisions"}],"predecessor-version":[{"id":50899,"href":"https:\/\/www.urlaubcornwall.de\/blog\/wp-json\/wp\/v2\/pages\/29314\/revisions\/50899"}],"wp:attachment":[{"href":"https:\/\/www.urlaubcornwall.de\/blog\/wp-json\/wp\/v2\/media?parent=29314"}],"curies":[{"name":"wp","href":"https:\/\/api.w.org\/{rel}","templated":true}]}}