{"id":29294,"date":"2017-09-13T14:18:37","date_gmt":"2017-09-13T14:18:37","guid":{"rendered":"https:\/\/www.urlaubcornwall.de\/blog\/?page_id=29294"},"modified":"2024-05-30T09:51:32","modified_gmt":"2024-05-30T09:51:32","slug":"national-trust-historische-haeuser-suedengland","status":"publish","type":"page","link":"https:\/\/www.urlaubcornwall.de\/blog\/national-trust-historische-haeuser-suedengland\/","title":{"rendered":"Top 10 National Trust Historische H\u00e4user, die es in S\u00fcdengland zu besuchen gibt"},"content":{"rendered":"<p>S\u00fcdengland hat einige herrliche National Trust H\u00e4user, Schl\u00f6sser und Abteien. Ob Sie nun an Geschichte interessiert sind oder nach Ideen f\u00fcr einen Regentag suchen, so stellt der Besuch eines der National Trust H\u00e4user und G\u00e4rten einen gro\u00dfartigen Familienausflugstag dar.<\/p>\n<p><img loading=\"lazy\" class=\"aligncenter size-full wp-image-24805\" src=\"https:\/\/www.urlaubcornwall.de\/blog\/wp-content\/uploads\/2016\/07\/corfe-schloss-dorset.jpg\" alt=\"national trust corfe schloss dorset\" width=\"745\" height=\"393\" srcset=\"https:\/\/www.urlaubcornwall.de\/blog\/wp-content\/uploads\/2016\/07\/corfe-schloss-dorset.jpg 745w, https:\/\/www.urlaubcornwall.de\/blog\/wp-content\/uploads\/2016\/07\/corfe-schloss-dorset-300x158.jpg 300w\" sizes=\"(max-width: 745px) 100vw, 745px\" \/><br \/>\nDie romantischen Ruinen von Corfe Castle befinden sich an einen H\u00fcgel angeschmiegt mit atemberaubendem Blick \u00fcber die Landschaft. Die Burg war eine von Britanniens ikonischsten und evokativen \u00dcberresten des englischen B\u00fcrgerkriegs und wurde 1646 teilweise zerst\u00f6rt. Hier gibt es mehr als 1000 Jahre Geschichte als k\u00f6niglicher Palast und Festung zu entdecken. Es gibt zahlreiche Spazierwege um Corfe Castle und das Dorf Corfe herum. Spazieren Sie entlang des Purbeck Ridgeway vom Corfe Castle aus zur K\u00fcste. Diese 15km lange Wanderung bietet Blick \u00fcber Poole Harbour und Old Harry Rocks. Wenn Sie Swanage erreichen, k\u00f6nnen Sie mit der Swanage Railway nach Corfe zur\u00fcckkehren. Es gibt auch einen gem\u00fctlicheren Rundwanderweg von 2,4km um Corfe Common herum, s\u00fcdlich es Dorfes Corfe gelegen.<\/p>\n<p>Dieses prunkvolle Haus ist von italienischem Design inspiriert und voller herrlicher Details. Das Haus beherbergt eine international anerkannte Kunstsammlung mit Gem\u00e4lden von Rubens, Van Dyck, Titan und Velazquez. Der \u00e4gyptische Raum beherbergt die gr\u00f6\u00dfte Privatsammlung alter \u00e4gyptischer Kunstst\u00fccke des Vereinten K\u00f6nigreichs. Der S\u00fcdrasen eignet sich perfekt f\u00fcr Familienpicknicks und f\u00fchrt zu den versunkenen japanischen G\u00e4rten und friedvollen Waldspazierwegen.<\/p>\n<p>Dieses eindrucksvolle 3500 Hektar gro\u00dfe Grundst\u00fcck beinhaltet auch eine Festung der Eisenzeit, Heideland, Wasserwiesen und die \u00dcberreste einer r\u00f6mischen Stra\u00dfe.<\/p>\n<h1><a href=\"https:\/\/www.nationaltrust.org.uk\/montacute-house\" rel=\"nofollow\"><strong>Montacute House, Montacute, Somerset<\/strong><\/a><\/h1>\n<p><img loading=\"lazy\" class=\"aligncenter size-full wp-image-29300\" src=\"https:\/\/www.urlaubcornwall.de\/blog\/wp-content\/uploads\/2017\/09\/091-Montacute-House-cNational-Trust-Chris-Spracklen.jpg\" alt=\"Montacute House national trust\" width=\"746\" height=\"373\" srcset=\"https:\/\/www.urlaubcornwall.de\/blog\/wp-content\/uploads\/2017\/09\/091-Montacute-House-cNational-Trust-Chris-Spracklen.jpg 746w, https:\/\/www.urlaubcornwall.de\/blog\/wp-content\/uploads\/2017\/09\/091-Montacute-House-cNational-Trust-Chris-Spracklen-300x150.jpg 300w\" sizes=\"(max-width: 746px) 100vw, 746px\" \/><br \/>\nDieses herrliche Grundst\u00fcck im Herzen Somersets wurde aus dem ikonisch goldenen Ham Stein erbaut. Das Haus befindet sich in einer \u00fcberragenden Position im malerischen Dorf desselben Namens. Die ber\u00fchmte Lange Galerie ist die l\u00e4ngste des UK und beherbergt eine eindrucksvolle Sammlung an Portraits der Tudor- und Elisabethanischen Zeit, die von der Nationalen Portraitgalerie geliehen sind. Mit seinen herrlichen G\u00e4rten eignet sich Montacute House das ganze Jahr \u00fcber f\u00fcr einen fabelhaften Familienausflugstag; seine charmante Lage ist ideal f\u00fcr friedvolle Spazierg\u00e4nge in der es umgebenden Landschaft.<\/p>\n<p>Tyntesfield ist ein quintessentielles Familiengrundst\u00fcck, das mit wundersch\u00f6nen Parkanlagen und G\u00e4rten viktorianische Gothic aufleben l\u00e4sst. Dieses einst verborgen gelegene Herrenhaus auf dem Lande in Somerset zeugt von der bemerkenswerten Geschichte von vier Generationen der Gibbs Familie, die hier lebte. Mit den kunstvollen gotischen Schnitzwerken, blumengef\u00fcllten Terrassen und weitreichenden Waldgebieten ist Tyntesfield ein magischer Ort, den es zu besuchen gilt.<\/p>\n<h1><a href=\"https:\/\/www.nationaltrust.org.uk\/petworth-house-and-park\" rel=\"nofollow\"><strong>Petworth Haus und Park, West Sussex<\/strong><\/a><\/h1>\n<p><a href=\"https:\/\/www.urlaubcornwall.de\/blog\/wp-content\/uploads\/2024\/03\/Petworth-Park.jpg\"><img loading=\"lazy\" src=\"https:\/\/www.urlaubcornwall.de\/blog\/wp-content\/uploads\/2024\/03\/Petworth-Park.jpg\" alt=\"Petworth Park\" width=\"750\" height=\"429\" class=\"alignnone size-full wp-image-47771\" srcset=\"https:\/\/www.urlaubcornwall.de\/blog\/wp-content\/uploads\/2024\/03\/Petworth-Park.jpg 750w, https:\/\/www.urlaubcornwall.de\/blog\/wp-content\/uploads\/2024\/03\/Petworth-Park-300x172.jpg 300w\" sizes=\"(max-width: 750px) 100vw, 750px\" \/><\/a><\/p>\n<p>Petworth ist ein wundersch\u00f6nes Herrschaftshaus des 17. Jahrhunderts innerhalb eines landschaftlich gestalteten Wildparks mit herrlichem Blick \u00fcber den South Downs Nationalpark. Haus und Park haben zahlreiche K\u00fcnstler inspiriert, einschlie\u00dflich Englands gro\u00dfartigsten Landschaftsmaler \u2013 JMW Turner. In den opulenten Staatsr\u00e4umen befindet sich die feinste Sammlung an Kunst und Skulpturen des National Trusts, einschlie\u00dflich Gem\u00e4lde von Van Dyck, Reynolds, Blake und Turner. In den Bedienstetenquartieren bekommen Sie einen wahrhaften Einblick ins Leben derer, die \u2018unten\u2019 arbeiteten im Kontrast zu jenen, die \u2018oben\u2019 lebten. Der von Capability Brown gestaltete Wildpark eignet sich wundervoll f\u00fcr Familienpicknicks.<\/p>\n<h1><a href=\"https:\/\/www.nationaltrust.org.uk\/batemans\/features\/house-at-batemans\" rel=\"nofollow\"><strong>Bateman\u2019s, Burwash, East Sussex<\/strong><\/a><\/h1>\n<p>Das Zuhause von Rudyard Kipling befindet sich in der bewaldeten Landschaft auf dem Lande von Sussex. Dieses Haus aus dem 17. Jahrhundert war sein pers\u00f6nliches Paradies, wo er schreiben und das Familienleben genie\u00dfen konnte. Die R\u00e4ume des Hauses sind so erhalten geblieben, wie er sie verlassen hat. Die wundersch\u00f6nen abgeschiedenen G\u00e4rten sind sehr friedvoll, und Wege f\u00fchren \u00fcber Rasenfl\u00e4chen bis hin zu Wildblumenwiesen und zur Wasserm\u00fchle des 17. Jahrhunderts am Fluss. Mit einem herrlichen Teeraum eignet sich dies perfekt f\u00fcr einen sch\u00f6nen Familienausflug in Sussex.<\/p>\n<h1><a href=\"https:\/\/www.nationaltrust.org.uk\/lacock-abbey-fox-talbot-museum-and-village\" rel=\"nofollow\"><strong>Lacock Abbey, Chippenham, Wiltshire<\/strong><\/a><\/h1>\n<p><img loading=\"lazy\" class=\"aligncenter size-full wp-image-29303\" src=\"https:\/\/www.urlaubcornwall.de\/blog\/wp-content\/uploads\/2017\/09\/CloisterWalkLacock.jpg\" alt=\"Lacock Abbey National Trust\" width=\"748\" height=\"422\"\/><br \/>\nLacock Abbey, die sich an den Fluss Avon in Wiltshire anschmiegt, hat eine 800 Jahre alte Geschichte. Sie wurde im fr\u00fchen 13. Jahrhundert als Abtei gegr\u00fcndet und wurde sp\u00e4ter Familienwohnsitz. Es war einst das Zuhause von William Henry Fox, der hier 1835 das erste Fotonegativ schuf und Lacock zur Geburtsst\u00e4tte der Fotografie machte. In der Abbey befindet sich das Fox Talbot Museum, das dem Werk William Talbots gewidmet ist und s\u00e4mtliche Altersgruppen anspricht. Die Abtei wird oft als Filmset benutzt, am bekanntesten ist sie in den Harry Potter Filmen und in Jane Austens \u2018Stolz und Vorurteil\u2018.<\/p>\n<h1><a href=\"https:\/\/www.nationaltrust.org.uk\/chartwell\" rel=\"nofollow\"><strong>Chartwell, Westerham, Kent<\/strong><\/a><\/h1>\n<p><img loading=\"lazy\" class=\"aligncenter size-full wp-image-49408\" src=\"https:\/\/www.urlaubcornwall.de\/blog\/wp-content\/uploads\/2024\/04\/chartwell.jpg\" alt=\"chartwell\" width=\"750\" height=\"563\" srcset=\"https:\/\/www.urlaubcornwall.de\/blog\/wp-content\/uploads\/2024\/04\/chartwell.jpg 750w, https:\/\/www.urlaubcornwall.de\/blog\/wp-content\/uploads\/2024\/04\/chartwell-300x225.jpg 300w\" sizes=\"(max-width: 750px) 100vw, 750px\" \/><\/p>\n<p>Chartwell war der Familienwohnsitz von Sir Winston Churchill. Hier lebte er mit seiner Familie, und das Haus hat sich seitdem kaum ver\u00e4ndert. Hier wurde er dazu inspiriert zu malen, und im Studio befindet sich eine gro\u00dfe Sammlung an Gem\u00e4lden Churchills. Der Garten spiegelt seine Naturliebe wider und beinhaltet die Seen, die er schuf.<\/p>\n<p>Das Waldlandgrundst\u00fcck bietet eine Menge f\u00fcr einen Familienausflugstag; Spazierwege, Pfade und H\u00fcttenbau. Es gibt einen wundersch\u00f6nen 8km langen Rundweg, der Chartwell mit Emmetts Garten verbindet und herrlichen Blick bietet aufs Haus und die Landschaft von Kent.<\/p>\n<h1><a href=\"https:\/\/www.nationaltrust.org.uk\/the-vyne\" rel=\"nofollow\"><strong>The Vyne, Sherborne St John, Hampshire<\/strong><\/a><\/h1>\n<p>Dieser Tudor Palast auf dem Lande in Hampshire hat zahlreiche ber\u00fchmte Besucher gesehen, wie Heinrich VIII, bis hin zu Jane Austen und JRR Tolkein. Momentan findet eine gro\u00dfe Dachrenovierung statt, und Besucher k\u00f6nnen die 74 Stufen hinaufsteigen oder den Aufzug nach oben nehmen, um die Konservierungsarbeit zu begutachten und einen herrlichen Blick \u00fcber das Grundst\u00fcck zu bekommen. Das Grundst\u00fcck, das The Vyne umgibt, l\u00e4sst sich wundervoll erkunden mit G\u00e4rten, Wiesen und W\u00e4ldern, die voller Tierleben sind. Die sich neigenden Rasenfl\u00e4chen, die zum See f\u00fchren, eignen sich gro\u00dfartig f\u00fcr ein Familienpicknick.<\/p>\n<h1><a href=\"https:\/\/www.nationaltrust.org.uk\/polesden-lacey\" rel=\"nofollow\"><strong>Polesden Lacey, Dorking, Surrey<\/strong><\/a><\/h1>\n<p>Polesden Lacey wurde als \u00fcppiger edwardianischer Landsitz erbaut, wo die ber\u00fchmte edwardianische Gesellschaftsdame, Mrs Greville, zu jener Zeit k\u00f6nigliche Hoheiten und Ber\u00fchmtheiten bewirtete. Es gibt eine gro\u00dfe Sammlung an Kunst und Keramik, sowie eine weltbekannte Sammlung an Gem\u00e4lden alter niederl\u00e4ndischer Meister, wie auch eine opulente Sammlung an Faberge Objekten. Die G\u00e4rten verbinden edwardianische Pracht mit der majest\u00e4tischen Sch\u00f6nheit der alten Waldgebiete. Der Rosengarten ist im Juni am sch\u00f6nsten, doch bietet der Garten mit seiner wundersch\u00f6nen Kr\u00e4utereingrenzung und einem Wintergarten voller gelber Eisenh\u00fcte zu jeder Jahreszeit etwas.<\/p>\n<h1><a href=\"https:\/\/www.nationaltrust.org.uk\/corfe-castle\" rel=\"nofollow\"><strong>Corfe Castle, Dorset<\/strong><\/a><\/h1>\n<h1 style=\"text-align: center;\"><strong>Bei uns finden Sie Ferienh\u00e4user zum Verlieben \u2013 so einfach ist das!<\/strong><\/h1>\n<p style=\"text-align: center;\">UrlaubCornwall verf\u00fcgt Ferienh\u00e4user und Ferienwohnungen f\u00fcr Ihren <a href=\"https:\/\/www.urlaubcornwall.de\/reiseziel\/suedengland.php\">Urlaub in Sudengland<\/a>. Unterk\u00fcnfte der Spitzenklasse f\u00fcr 2 Personen, Familien und Gruppen mit 4, 6, 8, 10 oder 12 G\u00e4sten.<\/p>\n<p style=\"text-align: center;\"><a class=\"tidycta\" href=\"https:\/\/www.urlaubcornwall.de\/ferienhaeuser\/suedengland.php\">Suche Ferienh\u00e4user S\u00fcdengland<\/a><\/p>\n<p><img loading=\"lazy\" class=\"aligncenter size-full wp-image-24598\" src=\"https:\/\/www.urlaubcornwall.de\/blog\/wp-content\/uploads\/2016\/06\/urlaub-und-sudengland_logo-final.jpg\" width=\"746\" height=\"361\"\/><\/p>\n<p><a href=\"http:\/\/www.urlaubcornwall.de\/\">UrlaubCornwall.de<\/a> ist ein in Cornwall ans\u00e4ssiges Unternehmen k\u00f6nnen wir uns mit 20 Jahren Erfahrung in der Organisation von Rundreisen durch Cornwall, S\u00fcdwest und S\u00fcdengland r\u00fchmen.<\/p>\n<p>Um S\u00fcdengland in Ihre Rundreise mit einzugliedern, stellen Sie Ihre <a href=\"http:\/\/www.urlaubcornwall.de\/anfrage.php\">Anfrage<\/a> hier oder w\u00e4hlen Sie ein Ferienhaus aus unserer besten Auswahl <a href=\"https:\/\/www.urlaubcornwall.de\/ferienhaueser\/suedengland.php\">handverlesener und inspizierter H\u00e4user<\/a> aus.<\/p>\n<p><a href=\"https:\/\/www.urlaubcornwall.de\/blog\/national-trust-historische-haeuser-cornwall-devon\/\">Top 10 National Trust Historische H\u00e4user, die es in Cornwall &amp; Devon zu besuchen gibt<\/a><\/p>\n<p style=\"text-align: right;\"><em>Images \u00a9 National Trust<\/em><\/p>\n","protected":false},"excerpt":{"rendered":"<p>S\u00fcdengland hat einige herrliche National Trust H\u00e4user, Schl\u00f6sser und Abteien. Ob Sie nun an Geschichte interessiert sind oder nach Ideen f\u00fcr einen Regentag suchen, so stellt der Besuch eines der National Trust H\u00e4user und G\u00e4rten einen gro\u00dfartigen Familienausflugstag dar. Die romantischen Ruinen von Corfe Castle befinden sich an einen H\u00fcgel angeschmiegt mit atemberaubendem Blick \u00fcber [&hellip;]<\/p>\n","protected":false},"author":1,"featured_media":0,"parent":0,"menu_order":0,"comment_status":"closed","ping_status":"closed","template":"single-four.php","meta":[],"acf":[],"yoast_head":"<!-- This site is optimized with the Yoast SEO plugin v19.4 - https:\/\/yoast.com\/wordpress\/plugins\/seo\/ -->\n<title>Top 10 National Trust Historische H\u00e4user, die es in S\u00fcdengland zu besuchen gibt - Urlaub &amp; Reisen<\/title>\n<meta name=\"robots\" content=\"index, follow, max-snippet:-1, max-image-preview:large, max-video-preview:-1\" \/>\n<link rel=\"canonical\" href=\"https:\/\/www.urlaubcornwall.de\/blog\/national-trust-historische-haeuser-suedengland\/\" \/>\n<meta property=\"og:locale\" content=\"en_US\" \/>\n<meta property=\"og:type\" content=\"article\" \/>\n<meta property=\"og:title\" content=\"Top 10 National Trust Historische H\u00e4user, die es in S\u00fcdengland zu besuchen gibt - Urlaub &amp; Reisen\" \/>\n<meta property=\"og:description\" content=\"S\u00fcdengland hat einige herrliche National Trust H\u00e4user, Schl\u00f6sser und Abteien. Ob Sie nun an Geschichte interessiert sind oder nach Ideen f\u00fcr einen Regentag suchen, so stellt der Besuch eines der National Trust H\u00e4user und G\u00e4rten einen gro\u00dfartigen Familienausflugstag dar. Die romantischen Ruinen von Corfe Castle befinden sich an einen H\u00fcgel angeschmiegt mit atemberaubendem Blick \u00fcber [&hellip;]\" \/>\n<meta property=\"og:url\" content=\"https:\/\/www.urlaubcornwall.de\/blog\/national-trust-historische-haeuser-suedengland\/\" \/>\n<meta property=\"og:site_name\" content=\"Urlaub &amp; Reisen\" \/>\n<meta property=\"article:modified_time\" content=\"2024-05-30T09:51:32+00:00\" \/>\n<meta property=\"og:image\" content=\"https:\/\/www.urlaubcornwall.de\/blog\/wp-content\/uploads\/2016\/07\/corfe-schloss-dorset.jpg\" \/>\n<meta name=\"twitter:card\" content=\"summary\" \/>\n<meta name=\"twitter:label1\" content=\"Est. reading time\" \/>\n\t<meta name=\"twitter:data1\" content=\"6 minutes\" \/>\n<script type=\"application\/ld+json\" class=\"yoast-schema-graph\">{\"@context\":\"https:\/\/schema.org\",\"@graph\":[{\"@type\":\"WebSite\",\"@id\":\"https:\/\/www.urlaubcornwall.de\/blog\/#website\",\"url\":\"https:\/\/www.urlaubcornwall.de\/blog\/\",\"name\":\"Urlaub &amp; Reisen\",\"description\":\"Urlaub, Reisen, Cornwall und S\u00fcdengland: eine perfekte Kombination\",\"potentialAction\":[{\"@type\":\"SearchAction\",\"target\":{\"@type\":\"EntryPoint\",\"urlTemplate\":\"https:\/\/www.urlaubcornwall.de\/blog\/?s={search_term_string}\"},\"query-input\":\"required name=search_term_string\"}],\"inLanguage\":\"en-US\"},{\"@type\":\"WebPage\",\"@id\":\"https:\/\/www.urlaubcornwall.de\/blog\/national-trust-historische-haeuser-suedengland\/\",\"url\":\"https:\/\/www.urlaubcornwall.de\/blog\/national-trust-historische-haeuser-suedengland\/\",\"name\":\"Top 10 National Trust Historische H\u00e4user, die es in S\u00fcdengland zu besuchen gibt - Urlaub &amp; Reisen\",\"isPartOf\":{\"@id\":\"https:\/\/www.urlaubcornwall.de\/blog\/#website\"},\"datePublished\":\"2017-09-13T14:18:37+00:00\",\"dateModified\":\"2024-05-30T09:51:32+00:00\",\"breadcrumb\":{\"@id\":\"https:\/\/www.urlaubcornwall.de\/blog\/national-trust-historische-haeuser-suedengland\/#breadcrumb\"},\"inLanguage\":\"en-US\",\"potentialAction\":[{\"@type\":\"ReadAction\",\"target\":[\"https:\/\/www.urlaubcornwall.de\/blog\/national-trust-historische-haeuser-suedengland\/\"]}]},{\"@type\":\"BreadcrumbList\",\"@id\":\"https:\/\/www.urlaubcornwall.de\/blog\/national-trust-historische-haeuser-suedengland\/#breadcrumb\",\"itemListElement\":[{\"@type\":\"ListItem\",\"position\":1,\"name\":\"Home\",\"item\":\"https:\/\/www.urlaubcornwall.de\/blog\/\"},{\"@type\":\"ListItem\",\"position\":2,\"name\":\"Top 10 National Trust Historische H\u00e4user, die es in S\u00fcdengland zu besuchen gibt\"}]}]}<\/script>\n<!-- \/ Yoast SEO plugin. -->","yoast_head_json":{"title":"Top 10 National Trust Historische H\u00e4user, die es in S\u00fcdengland zu besuchen gibt - Urlaub &amp; Reisen","robots":{"index":"index","follow":"follow","max-snippet":"max-snippet:-1","max-image-preview":"max-image-preview:large","max-video-preview":"max-video-preview:-1"},"canonical":"https:\/\/www.urlaubcornwall.de\/blog\/national-trust-historische-haeuser-suedengland\/","og_locale":"en_US","og_type":"article","og_title":"Top 10 National Trust Historische H\u00e4user, die es in S\u00fcdengland zu besuchen gibt - Urlaub &amp; Reisen","og_description":"S\u00fcdengland hat einige herrliche National Trust H\u00e4user, Schl\u00f6sser und Abteien. Ob Sie nun an Geschichte interessiert sind oder nach Ideen f\u00fcr einen Regentag suchen, so stellt der Besuch eines der National Trust H\u00e4user und G\u00e4rten einen gro\u00dfartigen Familienausflugstag dar. Die romantischen Ruinen von Corfe Castle befinden sich an einen H\u00fcgel angeschmiegt mit atemberaubendem Blick \u00fcber [&hellip;]","og_url":"https:\/\/www.urlaubcornwall.de\/blog\/national-trust-historische-haeuser-suedengland\/","og_site_name":"Urlaub &amp; Reisen","article_modified_time":"2024-05-30T09:51:32+00:00","og_image":[{"url":"https:\/\/www.urlaubcornwall.de\/blog\/wp-content\/uploads\/2016\/07\/corfe-schloss-dorset.jpg"}],"twitter_card":"summary","twitter_misc":{"Est. reading time":"6 minutes"},"schema":{"@context":"https:\/\/schema.org","@graph":[{"@type":"WebSite","@id":"https:\/\/www.urlaubcornwall.de\/blog\/#website","url":"https:\/\/www.urlaubcornwall.de\/blog\/","name":"Urlaub &amp; Reisen","description":"Urlaub, Reisen, Cornwall und S\u00fcdengland: eine perfekte Kombination","potentialAction":[{"@type":"SearchAction","target":{"@type":"EntryPoint","urlTemplate":"https:\/\/www.urlaubcornwall.de\/blog\/?s={search_term_string}"},"query-input":"required name=search_term_string"}],"inLanguage":"en-US"},{"@type":"WebPage","@id":"https:\/\/www.urlaubcornwall.de\/blog\/national-trust-historische-haeuser-suedengland\/","url":"https:\/\/www.urlaubcornwall.de\/blog\/national-trust-historische-haeuser-suedengland\/","name":"Top 10 National Trust Historische H\u00e4user, die es in S\u00fcdengland zu besuchen gibt - Urlaub &amp; Reisen","isPartOf":{"@id":"https:\/\/www.urlaubcornwall.de\/blog\/#website"},"datePublished":"2017-09-13T14:18:37+00:00","dateModified":"2024-05-30T09:51:32+00:00","breadcrumb":{"@id":"https:\/\/www.urlaubcornwall.de\/blog\/national-trust-historische-haeuser-suedengland\/#breadcrumb"},"inLanguage":"en-US","potentialAction":[{"@type":"ReadAction","target":["https:\/\/www.urlaubcornwall.de\/blog\/national-trust-historische-haeuser-suedengland\/"]}]},{"@type":"BreadcrumbList","@id":"https:\/\/www.urlaubcornwall.de\/blog\/national-trust-historische-haeuser-suedengland\/#breadcrumb","itemListElement":[{"@type":"ListItem","position":1,"name":"Home","item":"https:\/\/www.urlaubcornwall.de\/blog\/"},{"@type":"ListItem","position":2,"name":"Top 10 National Trust Historische H\u00e4user, die es in S\u00fcdengland zu besuchen gibt"}]}]}},"_links":{"self":[{"href":"https:\/\/www.urlaubcornwall.de\/blog\/wp-json\/wp\/v2\/pages\/29294"}],"collection":[{"href":"https:\/\/www.urlaubcornwall.de\/blog\/wp-json\/wp\/v2\/pages"}],"about":[{"href":"https:\/\/www.urlaubcornwall.de\/blog\/wp-json\/wp\/v2\/types\/page"}],"author":[{"embeddable":true,"href":"https:\/\/www.urlaubcornwall.de\/blog\/wp-json\/wp\/v2\/users\/1"}],"replies":[{"embeddable":true,"href":"https:\/\/www.urlaubcornwall.de\/blog\/wp-json\/wp\/v2\/comments?post=29294"}],"version-history":[{"count":14,"href":"https:\/\/www.urlaubcornwall.de\/blog\/wp-json\/wp\/v2\/pages\/29294\/revisions"}],"predecessor-version":[{"id":50900,"href":"https:\/\/www.urlaubcornwall.de\/blog\/wp-json\/wp\/v2\/pages\/29294\/revisions\/50900"}],"wp:attachment":[{"href":"https:\/\/www.urlaubcornwall.de\/blog\/wp-json\/wp\/v2\/media?parent=29294"}],"curies":[{"name":"wp","href":"https:\/\/api.w.org\/{rel}","templated":true}]}}