{"id":29284,"date":"2017-09-12T10:20:49","date_gmt":"2017-09-12T10:20:49","guid":{"rendered":"https:\/\/www.urlaubcornwall.de\/blog\/?page_id=29284"},"modified":"2020-02-10T11:01:59","modified_gmt":"2020-02-10T11:01:59","slug":"landhaus-hotel-sued-cornwall-trenython-manor-spa","status":"publish","type":"page","link":"https:\/\/www.urlaubcornwall.de\/blog\/landhaus-hotel-sued-cornwall-trenython-manor-spa\/","title":{"rendered":"Landhaus Hotel S\u00fcd Cornwall &#8211; Trenython Manor &#038; Spa"},"content":{"rendered":"<p><strong>Unsere Bewertung<\/strong><\/p>\n<p>Wir besuchten Trenython Manor im September, ein eindrucksvolles Landhaus in Cornwall, das im 19. Jahrhundert im italienisch anmutenden Stil erbaut wurde, und inzwischen zu einer modernen Hotel- und Ferienanlage in einem 10 Hektar gro\u00dfen, gepflegten Parkgel\u00e4nde umgebaut wurde. Dramatische Meerblicke \u00fcber die Bucht von St. Austell bieten sich von vielen Zimmern sowie der Terrasse aus, auf der im Sommer Mittag- und Abendessen im Freien serviert werden.<\/p>\n<p>In der Ferienanlage befindet sich ein familienfreundliches Hotel, das ein hohes Ma\u00df an Qualit\u00e4t und Service zu einem vern\u00fcnftigen Preis bietet. Luxus-Ferienh\u00e4user auf dem Gel\u00e4nde stellen eine preiswerte Alternative f\u00fcr Familien dar, die eine Selbstversorger-Unterkunft suchen. Die Ausstattung auf dem Gel\u00e4nde ist so umfangreich wie man es eher in teureren Hotels erwarten w\u00fcrde.<\/p>\n<p>Uns gef\u00e4llt die gute Lage; die malerischen H\u00e4fen von Fowey, Mevagissey und Charlestown sind mit dem Auto schnell zu erreichen, die Str\u00e4nde von St. Austell und Carlyon Bay mit dem international bekannten Eden Project und den Lost Gardens of Heligan in der N\u00e4he.<\/p>\n<p><strong>Unser Tipp:<\/strong> Perfekt f\u00fcr Familien, die eine flexible Hotelunterkunft suchen. Die Ferienh\u00e4user von Trenython sind f\u00fcr Selbstversorger geeignet, jedoch befindet sich auch ein Hotel mit vollem Service auf dem Gel\u00e4nde.<\/p>\n<p><strong>Ferienh\u00e4user<\/strong><\/p>\n<p>Trenython bietet einige Luxusferienh\u00e4uschen mit 2 Schlafzimmern, f\u00fcr bis zu 6 G\u00e4ste, zwei davon auf einem Schlafsofa. Alle k\u00fcrzlich renoviert, mit voll ausgestatteten K\u00fcchen, angeschlossenen B\u00e4dern in den Zimmern und eigener Terrasse. Alle Anlagen des Hotels k\u00f6nnen von den G\u00e4sten der Ferienh\u00e4user genutzt werden.<\/p>\n<p>Die Ferienh\u00e4user sind t\u00e4glich buchbar (Mindestaufenthalt 2 N\u00e4chte), so dass sie eine perfekte Wahl f\u00fcr Urlauber darstellen, die eine Tour durch Cornwall machen.<\/p>\n<p><strong>Anlage<\/strong><\/p>\n<p>Restaurant, Bar, Sch\u00f6nheitssalon, Parkplatz, Lounge, Freizeitclub und Spa mit gro\u00dfem Hallenschwimmbecken, Krocket, P\u00e9tanque, Billard-Tisch, Internet, WLAN, Kinderclub, Spielbereich im Wald, Waldspazierg\u00e4nge, Bogenschie\u00dfen m\u00f6glich.<\/p>\n<p style=\"text-align: center;\"><a class=\"tidycta\" href=\"https:\/\/www.booking.com\/hotel\/gb\/trenython-manor.html?aid=1320750&#038;no_rooms=1&#038;group_adults=2&#038;room1=A%2CA\" rel=\"nofollow\">Verf\u00fcgbarkeit pr\u00fcfen<\/a><\/p>\n<p style=\"text-align: center;\"><b>Klicken Sie <\/b><strong>hie<\/strong>r<b>, um sich unser vollst\u00e4ndiges Angebot der besten <a href=\"https:\/\/www.urlaubcornwall.de\/hotels.php\">Hotels in Cornwall&gt;&gt;<\/a><\/b><\/p>\n","protected":false},"excerpt":{"rendered":"<p>Unsere Bewertung Wir besuchten Trenython Manor im September, ein eindrucksvolles Landhaus in Cornwall, das im 19. Jahrhundert im italienisch anmutenden Stil erbaut wurde, und inzwischen zu einer modernen Hotel- und Ferienanlage in einem 10 Hektar gro\u00dfen, gepflegten Parkgel\u00e4nde umgebaut wurde. Dramatische Meerblicke \u00fcber die Bucht von St. Austell bieten sich von vielen Zimmern sowie der [&hellip;]<\/p>\n","protected":false},"author":1,"featured_media":0,"parent":0,"menu_order":0,"comment_status":"closed","ping_status":"closed","template":"single-three.php","meta":[],"acf":[],"yoast_head":"<!-- This site is optimized with the Yoast SEO plugin v19.4 - https:\/\/yoast.com\/wordpress\/plugins\/seo\/ -->\n<title>Landhaus Hotel S\u00fcd Cornwall - Trenython Manor &amp; Spa - Urlaub &amp; Reisen<\/title>\n<meta name=\"robots\" content=\"index, follow, max-snippet:-1, max-image-preview:large, max-video-preview:-1\" \/>\n<link rel=\"canonical\" href=\"https:\/\/www.urlaubcornwall.de\/blog\/landhaus-hotel-sued-cornwall-trenython-manor-spa\/\" \/>\n<meta property=\"og:locale\" content=\"en_US\" \/>\n<meta property=\"og:type\" content=\"article\" \/>\n<meta property=\"og:title\" content=\"Landhaus Hotel S\u00fcd Cornwall - Trenython Manor &amp; Spa - Urlaub &amp; Reisen\" \/>\n<meta property=\"og:description\" content=\"Unsere Bewertung Wir besuchten Trenython Manor im September, ein eindrucksvolles Landhaus in Cornwall, das im 19. Jahrhundert im italienisch anmutenden Stil erbaut wurde, und inzwischen zu einer modernen Hotel- und Ferienanlage in einem 10 Hektar gro\u00dfen, gepflegten Parkgel\u00e4nde umgebaut wurde. Dramatische Meerblicke \u00fcber die Bucht von St. Austell bieten sich von vielen Zimmern sowie der [&hellip;]\" \/>\n<meta property=\"og:url\" content=\"https:\/\/www.urlaubcornwall.de\/blog\/landhaus-hotel-sued-cornwall-trenython-manor-spa\/\" \/>\n<meta property=\"og:site_name\" content=\"Urlaub &amp; Reisen\" \/>\n<meta property=\"article:modified_time\" content=\"2020-02-10T11:01:59+00:00\" \/>\n<meta name=\"twitter:card\" content=\"summary\" \/>\n<meta name=\"twitter:label1\" content=\"Est. reading time\" \/>\n\t<meta name=\"twitter:data1\" content=\"2 minutes\" \/>\n<script type=\"application\/ld+json\" class=\"yoast-schema-graph\">{\"@context\":\"https:\/\/schema.org\",\"@graph\":[{\"@type\":\"WebSite\",\"@id\":\"https:\/\/www.urlaubcornwall.de\/blog\/#website\",\"url\":\"https:\/\/www.urlaubcornwall.de\/blog\/\",\"name\":\"Urlaub &amp; Reisen\",\"description\":\"Urlaub, Reisen, Cornwall und S\u00fcdengland: eine perfekte Kombination\",\"potentialAction\":[{\"@type\":\"SearchAction\",\"target\":{\"@type\":\"EntryPoint\",\"urlTemplate\":\"https:\/\/www.urlaubcornwall.de\/blog\/?s={search_term_string}\"},\"query-input\":\"required name=search_term_string\"}],\"inLanguage\":\"en-US\"},{\"@type\":\"WebPage\",\"@id\":\"https:\/\/www.urlaubcornwall.de\/blog\/landhaus-hotel-sued-cornwall-trenython-manor-spa\/\",\"url\":\"https:\/\/www.urlaubcornwall.de\/blog\/landhaus-hotel-sued-cornwall-trenython-manor-spa\/\",\"name\":\"Landhaus Hotel S\u00fcd Cornwall - Trenython Manor & Spa - Urlaub &amp; Reisen\",\"isPartOf\":{\"@id\":\"https:\/\/www.urlaubcornwall.de\/blog\/#website\"},\"datePublished\":\"2017-09-12T10:20:49+00:00\",\"dateModified\":\"2020-02-10T11:01:59+00:00\",\"breadcrumb\":{\"@id\":\"https:\/\/www.urlaubcornwall.de\/blog\/landhaus-hotel-sued-cornwall-trenython-manor-spa\/#breadcrumb\"},\"inLanguage\":\"en-US\",\"potentialAction\":[{\"@type\":\"ReadAction\",\"target\":[\"https:\/\/www.urlaubcornwall.de\/blog\/landhaus-hotel-sued-cornwall-trenython-manor-spa\/\"]}]},{\"@type\":\"BreadcrumbList\",\"@id\":\"https:\/\/www.urlaubcornwall.de\/blog\/landhaus-hotel-sued-cornwall-trenython-manor-spa\/#breadcrumb\",\"itemListElement\":[{\"@type\":\"ListItem\",\"position\":1,\"name\":\"Home\",\"item\":\"https:\/\/www.urlaubcornwall.de\/blog\/\"},{\"@type\":\"ListItem\",\"position\":2,\"name\":\"Landhaus Hotel S\u00fcd Cornwall &#8211; Trenython Manor &#038; Spa\"}]}]}<\/script>\n<!-- \/ Yoast SEO plugin. -->","yoast_head_json":{"title":"Landhaus Hotel S\u00fcd Cornwall - Trenython Manor & Spa - Urlaub &amp; Reisen","robots":{"index":"index","follow":"follow","max-snippet":"max-snippet:-1","max-image-preview":"max-image-preview:large","max-video-preview":"max-video-preview:-1"},"canonical":"https:\/\/www.urlaubcornwall.de\/blog\/landhaus-hotel-sued-cornwall-trenython-manor-spa\/","og_locale":"en_US","og_type":"article","og_title":"Landhaus Hotel S\u00fcd Cornwall - Trenython Manor & Spa - Urlaub &amp; Reisen","og_description":"Unsere Bewertung Wir besuchten Trenython Manor im September, ein eindrucksvolles Landhaus in Cornwall, das im 19. Jahrhundert im italienisch anmutenden Stil erbaut wurde, und inzwischen zu einer modernen Hotel- und Ferienanlage in einem 10 Hektar gro\u00dfen, gepflegten Parkgel\u00e4nde umgebaut wurde. Dramatische Meerblicke \u00fcber die Bucht von St. Austell bieten sich von vielen Zimmern sowie der [&hellip;]","og_url":"https:\/\/www.urlaubcornwall.de\/blog\/landhaus-hotel-sued-cornwall-trenython-manor-spa\/","og_site_name":"Urlaub &amp; Reisen","article_modified_time":"2020-02-10T11:01:59+00:00","twitter_card":"summary","twitter_misc":{"Est. reading time":"2 minutes"},"schema":{"@context":"https:\/\/schema.org","@graph":[{"@type":"WebSite","@id":"https:\/\/www.urlaubcornwall.de\/blog\/#website","url":"https:\/\/www.urlaubcornwall.de\/blog\/","name":"Urlaub &amp; Reisen","description":"Urlaub, Reisen, Cornwall und S\u00fcdengland: eine perfekte Kombination","potentialAction":[{"@type":"SearchAction","target":{"@type":"EntryPoint","urlTemplate":"https:\/\/www.urlaubcornwall.de\/blog\/?s={search_term_string}"},"query-input":"required name=search_term_string"}],"inLanguage":"en-US"},{"@type":"WebPage","@id":"https:\/\/www.urlaubcornwall.de\/blog\/landhaus-hotel-sued-cornwall-trenython-manor-spa\/","url":"https:\/\/www.urlaubcornwall.de\/blog\/landhaus-hotel-sued-cornwall-trenython-manor-spa\/","name":"Landhaus Hotel S\u00fcd Cornwall - Trenython Manor & Spa - Urlaub &amp; Reisen","isPartOf":{"@id":"https:\/\/www.urlaubcornwall.de\/blog\/#website"},"datePublished":"2017-09-12T10:20:49+00:00","dateModified":"2020-02-10T11:01:59+00:00","breadcrumb":{"@id":"https:\/\/www.urlaubcornwall.de\/blog\/landhaus-hotel-sued-cornwall-trenython-manor-spa\/#breadcrumb"},"inLanguage":"en-US","potentialAction":[{"@type":"ReadAction","target":["https:\/\/www.urlaubcornwall.de\/blog\/landhaus-hotel-sued-cornwall-trenython-manor-spa\/"]}]},{"@type":"BreadcrumbList","@id":"https:\/\/www.urlaubcornwall.de\/blog\/landhaus-hotel-sued-cornwall-trenython-manor-spa\/#breadcrumb","itemListElement":[{"@type":"ListItem","position":1,"name":"Home","item":"https:\/\/www.urlaubcornwall.de\/blog\/"},{"@type":"ListItem","position":2,"name":"Landhaus Hotel S\u00fcd Cornwall &#8211; Trenython Manor &#038; Spa"}]}]}},"_links":{"self":[{"href":"https:\/\/www.urlaubcornwall.de\/blog\/wp-json\/wp\/v2\/pages\/29284"}],"collection":[{"href":"https:\/\/www.urlaubcornwall.de\/blog\/wp-json\/wp\/v2\/pages"}],"about":[{"href":"https:\/\/www.urlaubcornwall.de\/blog\/wp-json\/wp\/v2\/types\/page"}],"author":[{"embeddable":true,"href":"https:\/\/www.urlaubcornwall.de\/blog\/wp-json\/wp\/v2\/users\/1"}],"replies":[{"embeddable":true,"href":"https:\/\/www.urlaubcornwall.de\/blog\/wp-json\/wp\/v2\/comments?post=29284"}],"version-history":[{"count":6,"href":"https:\/\/www.urlaubcornwall.de\/blog\/wp-json\/wp\/v2\/pages\/29284\/revisions"}],"predecessor-version":[{"id":39365,"href":"https:\/\/www.urlaubcornwall.de\/blog\/wp-json\/wp\/v2\/pages\/29284\/revisions\/39365"}],"wp:attachment":[{"href":"https:\/\/www.urlaubcornwall.de\/blog\/wp-json\/wp\/v2\/media?parent=29284"}],"curies":[{"name":"wp","href":"https:\/\/api.w.org\/{rel}","templated":true}]}}