{"id":29268,"date":"2017-09-11T16:05:36","date_gmt":"2017-09-11T16:05:36","guid":{"rendered":"https:\/\/www.urlaubcornwall.de\/blog\/?page_id=29268"},"modified":"2019-04-01T13:36:36","modified_gmt":"2019-04-01T13:36:36","slug":"familienhotels-norfolk-fuer-ihren-urlaub-mit-kindern","status":"publish","type":"page","link":"https:\/\/www.urlaubcornwall.de\/blog\/familienhotels-norfolk-fuer-ihren-urlaub-mit-kindern\/","title":{"rendered":"Familienhotels in Norfolk f\u00fcr Ihren Urlaub mit Kindern"},"content":{"rendered":"<p><img loading=\"lazy\" class=\"aligncenter size-full wp-image-19777 \" src=\"https:\/\/www.urlaubcornwall.de\/blog\/wp-content\/uploads\/2015\/08\/norfolk-broads.jpg\" alt=\"hotels norfolk broads mit kindern\" width=\"746\" height=\"361\"\/><\/p>\n<p style=\"text-align: center;\"><strong>Die sch\u00f6nsten Kinderfreundliche Hotels in Norfolk f\u00fcr Ihren Familienurlaub in Ostanglien.<br \/>\n<\/strong><\/p>\n<p style=\"text-align: center;\">Norfolk in East Anglia ist eine willkommen hei\u00dfende Mischung unber\u00fchrter K\u00fcste und malerischer Landschaft, perfekt sowohl f\u00fcr Familienurlaube, Strandurlaube als auch romantische Kurzurlaube.<br \/>\nEin Gro\u00dfteil der K\u00fcste geh\u00f6rt zu einem Gebiet besonderer Natursch\u00f6nheit. Freuen Sie sich auf weite Sandstr\u00e4nde, eingerahmt von hohen Grasd\u00fcnen und einige der feinsten Salzsumpfgebiete Britanniens. Auf dem Lande finden Sie meilenweite H\u00fcgellandschaft so weit das Auge reicht. Dabei sind die Broads nicht zu vergessen, im 13. Und 14. Jahrhundert geformt, als der Meeresspiegel stieg und Gruben verschlang, die f\u00fcr die Torfgewinnung ausgegraben wurden.<\/p>\n<p style=\"text-align: center;\">Familienunterk\u00fcnfte Norfolk \u2013 UrlaubCornwall.de bietet eine gro\u00dfe Auswahl an Familienhotels und Kinderhotels, die alle f\u00fcr einen bequemen und entspannenden Urlaub mit Ihrer Familie sorgen.<\/p>\n<p><ins class=\"bookingaff\" data-aid=\"1353765\" data-target_aid=\"1320750\" data-prod=\"nsb\" data-width=\"100%\" data-height=\"auto\" data-lang=\"de\" data-dest_id=\"2802\" data-dest_type=\"region\"><br \/>\n<!-- Anything inside will go away once widget is loaded. --><br \/>\n<a href=\"\/\/www.booking.com?aid=1320750\" rel=\"nofollow\">Booking.com<\/a><br \/>\n<\/ins><br \/>\n<script type=\"text\/javascript\">\n    (function(d, sc, u) {\n      var s = d.createElement(sc), p = d.getElementsByTagName(sc)[0];\n      s.type = 'text\/javascript';\n      s.async = true;\n      s.src = u + '?v=' + (+new Date());\n      p.parentNode.insertBefore(s,p);\n      })(document, 'script', '\/\/aff.bstatic.com\/static\/affiliate_base\/js\/flexiproduct.js');\n<\/script><\/p>\n<h1 style=\"text-align: center;\"><strong>Bei uns finden Sie Ferienh\u00e4user zum Verlieben \u2013 so einfach ist das!<\/strong><\/h1>\n<p style=\"text-align: center;\">Die Auswahl ist schier endlos, und ein Norfolks Cottage ist die perfekte Ausgangsbasis f\u00fcr einen Urlaub in East Anglia. Wir haben eine Riesenauswahl an Ferienwohnungen &amp; Ferienh\u00e4usern f\u00fcr Sie.<\/p>\n<p style=\"text-align: center;\"><a class=\"tidycta\" href=\"https:\/\/www.urlaubcornwall.de\/ferienhaeuser-fewos\/eng\/norfolk\/norfolk.html\">Ferienh\u00e4user in Norfolk<\/a><\/p>\n<h2 style=\"text-align: center;\">Unser Rundreisenservice<\/h2>\n<p style=\"text-align: center;\"><a href=\"http:\/\/www.urlaubcornwall.de\/\">UrlaubCornwall.de<\/a> ist ein in Cornwall ans\u00e4ssiges Unternehmen k\u00f6nnen wir uns mit 20 Jahren Erfahrung in der Organisation von Rundreisen durch Gro\u00dfbritannien r\u00fchmen.<\/p>\n<p style=\"text-align: center;\"><a class=\"tidycta\" href=\"http:\/\/www.urlaubcornwall.de\/anfrage.php?tourcode=Rundreise East Anglia\">Rundreise East Anglia Anfrage<\/a><\/p>\n","protected":false},"excerpt":{"rendered":"<p>Die sch\u00f6nsten Kinderfreundliche Hotels in Norfolk f\u00fcr Ihren Familienurlaub in Ostanglien. Norfolk in East Anglia ist eine willkommen hei\u00dfende Mischung unber\u00fchrter K\u00fcste und malerischer Landschaft, perfekt sowohl f\u00fcr Familienurlaube, Strandurlaube als auch romantische Kurzurlaube. Ein Gro\u00dfteil der K\u00fcste geh\u00f6rt zu einem Gebiet besonderer Natursch\u00f6nheit. Freuen Sie sich auf weite Sandstr\u00e4nde, eingerahmt von hohen Grasd\u00fcnen und [&hellip;]<\/p>\n","protected":false},"author":1,"featured_media":0,"parent":0,"menu_order":0,"comment_status":"closed","ping_status":"closed","template":"single-four.php","meta":[],"acf":[],"yoast_head":"<!-- This site is optimized with the Yoast SEO plugin v19.4 - https:\/\/yoast.com\/wordpress\/plugins\/seo\/ -->\n<title>Familienhotels in Norfolk f\u00fcr Ihren Urlaub mit Kindern - Urlaub &amp; Reisen<\/title>\n<meta name=\"robots\" content=\"index, follow, max-snippet:-1, max-image-preview:large, max-video-preview:-1\" \/>\n<link rel=\"canonical\" href=\"https:\/\/www.urlaubcornwall.de\/blog\/familienhotels-norfolk-fuer-ihren-urlaub-mit-kindern\/\" \/>\n<meta property=\"og:locale\" content=\"en_US\" \/>\n<meta property=\"og:type\" content=\"article\" \/>\n<meta property=\"og:title\" content=\"Familienhotels in Norfolk f\u00fcr Ihren Urlaub mit Kindern - Urlaub &amp; Reisen\" \/>\n<meta property=\"og:description\" content=\"Die sch\u00f6nsten Kinderfreundliche Hotels in Norfolk f\u00fcr Ihren Familienurlaub in Ostanglien. Norfolk in East Anglia ist eine willkommen hei\u00dfende Mischung unber\u00fchrter K\u00fcste und malerischer Landschaft, perfekt sowohl f\u00fcr Familienurlaube, Strandurlaube als auch romantische Kurzurlaube. Ein Gro\u00dfteil der K\u00fcste geh\u00f6rt zu einem Gebiet besonderer Natursch\u00f6nheit. Freuen Sie sich auf weite Sandstr\u00e4nde, eingerahmt von hohen Grasd\u00fcnen und [&hellip;]\" \/>\n<meta property=\"og:url\" content=\"https:\/\/www.urlaubcornwall.de\/blog\/familienhotels-norfolk-fuer-ihren-urlaub-mit-kindern\/\" \/>\n<meta property=\"og:site_name\" content=\"Urlaub &amp; Reisen\" \/>\n<meta property=\"article:modified_time\" content=\"2019-04-01T13:36:36+00:00\" \/>\n<meta property=\"og:image\" content=\"https:\/\/www.urlaubcornwall.de\/blog\/wp-content\/uploads\/2015\/08\/norfolk-broads.jpg\" \/>\n<meta name=\"twitter:card\" content=\"summary\" \/>\n<meta name=\"twitter:label1\" content=\"Est. reading time\" \/>\n\t<meta name=\"twitter:data1\" content=\"1 minute\" \/>\n<script type=\"application\/ld+json\" class=\"yoast-schema-graph\">{\"@context\":\"https:\/\/schema.org\",\"@graph\":[{\"@type\":\"WebSite\",\"@id\":\"https:\/\/www.urlaubcornwall.de\/blog\/#website\",\"url\":\"https:\/\/www.urlaubcornwall.de\/blog\/\",\"name\":\"Urlaub &amp; Reisen\",\"description\":\"Urlaub, Reisen, Cornwall und S\u00fcdengland: eine perfekte Kombination\",\"potentialAction\":[{\"@type\":\"SearchAction\",\"target\":{\"@type\":\"EntryPoint\",\"urlTemplate\":\"https:\/\/www.urlaubcornwall.de\/blog\/?s={search_term_string}\"},\"query-input\":\"required name=search_term_string\"}],\"inLanguage\":\"en-US\"},{\"@type\":\"WebPage\",\"@id\":\"https:\/\/www.urlaubcornwall.de\/blog\/familienhotels-norfolk-fuer-ihren-urlaub-mit-kindern\/\",\"url\":\"https:\/\/www.urlaubcornwall.de\/blog\/familienhotels-norfolk-fuer-ihren-urlaub-mit-kindern\/\",\"name\":\"Familienhotels in Norfolk f\u00fcr Ihren Urlaub mit Kindern - Urlaub &amp; Reisen\",\"isPartOf\":{\"@id\":\"https:\/\/www.urlaubcornwall.de\/blog\/#website\"},\"datePublished\":\"2017-09-11T16:05:36+00:00\",\"dateModified\":\"2019-04-01T13:36:36+00:00\",\"breadcrumb\":{\"@id\":\"https:\/\/www.urlaubcornwall.de\/blog\/familienhotels-norfolk-fuer-ihren-urlaub-mit-kindern\/#breadcrumb\"},\"inLanguage\":\"en-US\",\"potentialAction\":[{\"@type\":\"ReadAction\",\"target\":[\"https:\/\/www.urlaubcornwall.de\/blog\/familienhotels-norfolk-fuer-ihren-urlaub-mit-kindern\/\"]}]},{\"@type\":\"BreadcrumbList\",\"@id\":\"https:\/\/www.urlaubcornwall.de\/blog\/familienhotels-norfolk-fuer-ihren-urlaub-mit-kindern\/#breadcrumb\",\"itemListElement\":[{\"@type\":\"ListItem\",\"position\":1,\"name\":\"Home\",\"item\":\"https:\/\/www.urlaubcornwall.de\/blog\/\"},{\"@type\":\"ListItem\",\"position\":2,\"name\":\"Familienhotels in Norfolk f\u00fcr Ihren Urlaub mit Kindern\"}]}]}<\/script>\n<!-- \/ Yoast SEO plugin. -->","yoast_head_json":{"title":"Familienhotels in Norfolk f\u00fcr Ihren Urlaub mit Kindern - Urlaub &amp; Reisen","robots":{"index":"index","follow":"follow","max-snippet":"max-snippet:-1","max-image-preview":"max-image-preview:large","max-video-preview":"max-video-preview:-1"},"canonical":"https:\/\/www.urlaubcornwall.de\/blog\/familienhotels-norfolk-fuer-ihren-urlaub-mit-kindern\/","og_locale":"en_US","og_type":"article","og_title":"Familienhotels in Norfolk f\u00fcr Ihren Urlaub mit Kindern - Urlaub &amp; Reisen","og_description":"Die sch\u00f6nsten Kinderfreundliche Hotels in Norfolk f\u00fcr Ihren Familienurlaub in Ostanglien. Norfolk in East Anglia ist eine willkommen hei\u00dfende Mischung unber\u00fchrter K\u00fcste und malerischer Landschaft, perfekt sowohl f\u00fcr Familienurlaube, Strandurlaube als auch romantische Kurzurlaube. Ein Gro\u00dfteil der K\u00fcste geh\u00f6rt zu einem Gebiet besonderer Natursch\u00f6nheit. Freuen Sie sich auf weite Sandstr\u00e4nde, eingerahmt von hohen Grasd\u00fcnen und [&hellip;]","og_url":"https:\/\/www.urlaubcornwall.de\/blog\/familienhotels-norfolk-fuer-ihren-urlaub-mit-kindern\/","og_site_name":"Urlaub &amp; Reisen","article_modified_time":"2019-04-01T13:36:36+00:00","og_image":[{"url":"https:\/\/www.urlaubcornwall.de\/blog\/wp-content\/uploads\/2015\/08\/norfolk-broads.jpg"}],"twitter_card":"summary","twitter_misc":{"Est. reading time":"1 minute"},"schema":{"@context":"https:\/\/schema.org","@graph":[{"@type":"WebSite","@id":"https:\/\/www.urlaubcornwall.de\/blog\/#website","url":"https:\/\/www.urlaubcornwall.de\/blog\/","name":"Urlaub &amp; Reisen","description":"Urlaub, Reisen, Cornwall und S\u00fcdengland: eine perfekte Kombination","potentialAction":[{"@type":"SearchAction","target":{"@type":"EntryPoint","urlTemplate":"https:\/\/www.urlaubcornwall.de\/blog\/?s={search_term_string}"},"query-input":"required name=search_term_string"}],"inLanguage":"en-US"},{"@type":"WebPage","@id":"https:\/\/www.urlaubcornwall.de\/blog\/familienhotels-norfolk-fuer-ihren-urlaub-mit-kindern\/","url":"https:\/\/www.urlaubcornwall.de\/blog\/familienhotels-norfolk-fuer-ihren-urlaub-mit-kindern\/","name":"Familienhotels in Norfolk f\u00fcr Ihren Urlaub mit Kindern - Urlaub &amp; Reisen","isPartOf":{"@id":"https:\/\/www.urlaubcornwall.de\/blog\/#website"},"datePublished":"2017-09-11T16:05:36+00:00","dateModified":"2019-04-01T13:36:36+00:00","breadcrumb":{"@id":"https:\/\/www.urlaubcornwall.de\/blog\/familienhotels-norfolk-fuer-ihren-urlaub-mit-kindern\/#breadcrumb"},"inLanguage":"en-US","potentialAction":[{"@type":"ReadAction","target":["https:\/\/www.urlaubcornwall.de\/blog\/familienhotels-norfolk-fuer-ihren-urlaub-mit-kindern\/"]}]},{"@type":"BreadcrumbList","@id":"https:\/\/www.urlaubcornwall.de\/blog\/familienhotels-norfolk-fuer-ihren-urlaub-mit-kindern\/#breadcrumb","itemListElement":[{"@type":"ListItem","position":1,"name":"Home","item":"https:\/\/www.urlaubcornwall.de\/blog\/"},{"@type":"ListItem","position":2,"name":"Familienhotels in Norfolk f\u00fcr Ihren Urlaub mit Kindern"}]}]}},"_links":{"self":[{"href":"https:\/\/www.urlaubcornwall.de\/blog\/wp-json\/wp\/v2\/pages\/29268"}],"collection":[{"href":"https:\/\/www.urlaubcornwall.de\/blog\/wp-json\/wp\/v2\/pages"}],"about":[{"href":"https:\/\/www.urlaubcornwall.de\/blog\/wp-json\/wp\/v2\/types\/page"}],"author":[{"embeddable":true,"href":"https:\/\/www.urlaubcornwall.de\/blog\/wp-json\/wp\/v2\/users\/1"}],"replies":[{"embeddable":true,"href":"https:\/\/www.urlaubcornwall.de\/blog\/wp-json\/wp\/v2\/comments?post=29268"}],"version-history":[{"count":4,"href":"https:\/\/www.urlaubcornwall.de\/blog\/wp-json\/wp\/v2\/pages\/29268\/revisions"}],"predecessor-version":[{"id":37027,"href":"https:\/\/www.urlaubcornwall.de\/blog\/wp-json\/wp\/v2\/pages\/29268\/revisions\/37027"}],"wp:attachment":[{"href":"https:\/\/www.urlaubcornwall.de\/blog\/wp-json\/wp\/v2\/media?parent=29268"}],"curies":[{"name":"wp","href":"https:\/\/api.w.org\/{rel}","templated":true}]}}