{"id":29253,"date":"2017-09-11T14:01:37","date_gmt":"2017-09-11T14:01:37","guid":{"rendered":"https:\/\/www.urlaubcornwall.de\/blog\/?page_id=29253"},"modified":"2018-03-22T10:57:56","modified_gmt":"2018-03-22T10:57:56","slug":"hafen-hotel-st-ives-meerblick","status":"publish","type":"page","link":"https:\/\/www.urlaubcornwall.de\/blog\/hafen-hotel-st-ives-meerblick\/","title":{"rendered":"Hotel in St Ives Hafen &#8211; mit panoramischem Ausblick auf den attraktiven Fischerhafen."},"content":{"rendered":"<p>[tab name=&#8221;<strong>Unsere Bewertung<\/strong>&#8220;]<\/p>\n<p>St. Ives geh\u00f6rt f\u00fcr die meisten Menschen zu den St\u00e4dtchen, die auf einer Cornwallreise unbedingt besucht werden m\u00fcssen. Das Harbour Hotel befindet sich in einer Toplage mit panoramischem Ausblick auf den attraktiven Fischerhafen mit dem dahinterliegenden Meer. Die Str\u00e4\u00dfchen mit ihren traditionellen Fischerh\u00e4usern und einem einzigartigen Licht, das K\u00fcnstler aus der ganzen Welt zum Malen und Bildhauen anzieht, verleihen St Ives sein internationales Ansehen.<\/p>\n<p>UrlaubCornwall hat dem frisch renovierten Hotel, welches oberhalb des Strandes von Porthminster liegt, vor Kurzem pers\u00f6nlich einen Besuch abgestattet. Das Hotel verf\u00fcgt \u00fcber 46 Zimmer und liegt nur einen kurzen Spaziergang von dem historischen Zentrum von St. Ives entfernt. Die Lounge, Bar und der Speisesaal genie\u00dfen allesamt die spektakul\u00e4re Aussicht auf den Porthminster Strand in Richtung des Godrevy Leuchtturms.<\/p>\n<p>Die Schlafzimmer reichen von dem Inland zugewandten Doppelzimmern oder Zweibettzimmer bis hin zu Superior-Zimmern mit separaten Sitzecken und Meerblick und die Delux-Suiten haben einen privaten Balkon. Eine Vielzahl der Zimmer wurde in Familienunterk\u00fcnfte umgebaut mit angrenzenden Zimmern, die entweder mit zwei Einzelbetten oder einem Doppelstockbett ausgestattet sind.<\/p>\n<p>Jetzt neu f\u00fcr 2013 gibt es brandneue Familienapartments der Luxusklasse, die dem St. Ives Harbour Hotel gegen\u00fcberliegen. Diese Apartments bieten Ihnen die M\u00f6glichkeit, die Einrichtungen des Hotels zu genie\u00dfen und dennoch Ihren eigenen Wohnbereich zu haben. Bis zu 4 Erwachsene und 2 Kinder k\u00f6nnen hier beherbergt werden. Die Familienapartments besitzen einen gemeinsamen Ess- und K\u00fcchenbereich, ein separates Wohnzimmer und zwei Schlafzimmer mit eigenem Bad mit 1,5 Meter breiten Kingsize-Betten.<\/p>\n<p><b><span style=\"text-decoration: underline;\">Unser Tipp<\/span>:<\/b> Die gro\u00dfe Terrasse des Hotels bietet den wahrscheinlich besten Platz in St. Ives, um im Freien zu speisen oder den Long Island Harbour Cocktail zu genie\u00dfen, wof\u00fcr das Hotel so ber\u00fchmt ist, w\u00e4hrend Sie die spektakul\u00e4re Sonnenuntergangsatmosph\u00e4re auf sich wirken lassen k\u00f6nnen.<\/p>\n<p>[\/tab]<\/p>\n<p>[tab name=&#8221;<b>Hoteleinrichtungen<\/b>&#8220;]<\/p>\n<ul>\n<li>Gratis Nutzung des Harbour Spa<\/li>\n<li>Hallenbad<\/li>\n<li>Alle Zimmer verf\u00fcgen \u00fcber eigenes Bad<\/li>\n<li>Luxuri\u00f6se Bettdecken, Oxford Kopfkissen, Bettlaken aus \u00e4gyptischer Mako-Baumwollle<\/li>\n<li>B\u00fcgeleisen und B\u00fcgelbrett<\/li>\n<li>Zimmerservice-Men\u00fc<\/li>\n<li>Nichtraucherzimmer<\/li>\n<li>24 Stunden Empfang<\/li>\n<li>Gratis Nutzung der Freizeiteinrichtungen<\/li>\n<\/ul>\n<p>[\/tab]<\/p>\n<p>[tab name=&#8221;<strong>Wellness<\/strong>&#8220;]<\/p>\n<p>Das Hotel hat vor Kurzem sein Cornwall Spa er\u00f6ffnet und bietet seinen G\u00e4sten ein Verw\u00f6hnerlebnis, luxuri\u00f6se Behandlungen und einfach Ruhe pur. Es werden die international hoch gesch\u00e4tzten ESPA Produkte und Therapien verwendet und unsere erfahrenen Therapeuten bieten eine pers\u00f6nliche Beratung f\u00fcr jeden Gast und offerieren einzigartige, dem Spa des St Ives Harbour Hotels exklusive Therapien.<\/p>\n<p>Das Spa verf\u00fcgt \u00fcber ein Hallenbad mit Jet-Stream-Anlage, Ruhezonen, Hydrotherapie-Schwimmbad, Sauna, Kristall-Dampfbad, hochmodernen Fitnessraum, vier Behandlungsr\u00e4ume und eine Ruhezone sowie einen Bereich, in dem Sie sich erfrischen k\u00f6nnen.<\/p>\n<p>[\/tab]<\/p>\n<p>[end_tabset]<\/p>\n<p style=\"text-align: center;\"><a class=\"tidycta\" href=\"https:\/\/www.booking.com\/hotel\/gb\/the-porthminster.de.html?aid=1320750&amp;no_rooms=1&amp;group_adults=2&amp;room1=A%2CA\" rel=\"nofollow\">Verf\u00fcgbarkeit pr\u00fcfen<\/a><\/p>\n<p style=\"text-align: center;\"><b>Klicken Sie <\/b><strong>hie<\/strong>r<b>, um sich unser vollst\u00e4ndiges Angebot der besten <a href=\"https:\/\/www.urlaubcornwall.de\/hotels.php\">Hotels in Cornwall&gt;&gt;<\/a><\/b><\/p>\n","protected":false},"excerpt":{"rendered":"<p>[tab name=&#8221;Unsere Bewertung&#8220;] St. Ives geh\u00f6rt f\u00fcr die meisten Menschen zu den St\u00e4dtchen, die auf einer Cornwallreise unbedingt besucht werden m\u00fcssen. Das Harbour Hotel befindet sich in einer Toplage mit panoramischem Ausblick auf den attraktiven Fischerhafen mit dem dahinterliegenden Meer. Die Str\u00e4\u00dfchen mit ihren traditionellen Fischerh\u00e4usern und einem einzigartigen Licht, das K\u00fcnstler aus der ganzen [&hellip;]<\/p>\n","protected":false},"author":1,"featured_media":0,"parent":0,"menu_order":0,"comment_status":"closed","ping_status":"closed","template":"single-three.php","meta":[],"acf":[],"yoast_head":"<!-- This site is optimized with the Yoast SEO plugin v19.4 - https:\/\/yoast.com\/wordpress\/plugins\/seo\/ -->\n<title>Hotel in St Ives Hafen - mit panoramischem Ausblick auf den attraktiven Fischerhafen. - Urlaub &amp; Reisen<\/title>\n<meta name=\"robots\" content=\"index, follow, max-snippet:-1, max-image-preview:large, max-video-preview:-1\" \/>\n<link rel=\"canonical\" href=\"https:\/\/www.urlaubcornwall.de\/blog\/hafen-hotel-st-ives-meerblick\/\" \/>\n<meta property=\"og:locale\" content=\"en_US\" \/>\n<meta property=\"og:type\" content=\"article\" \/>\n<meta property=\"og:title\" content=\"Hotel in St Ives Hafen - mit panoramischem Ausblick auf den attraktiven Fischerhafen. - Urlaub &amp; Reisen\" \/>\n<meta property=\"og:description\" content=\"[tab name=&#8221;Unsere Bewertung&#8220;] St. Ives geh\u00f6rt f\u00fcr die meisten Menschen zu den St\u00e4dtchen, die auf einer Cornwallreise unbedingt besucht werden m\u00fcssen. Das Harbour Hotel befindet sich in einer Toplage mit panoramischem Ausblick auf den attraktiven Fischerhafen mit dem dahinterliegenden Meer. Die Str\u00e4\u00dfchen mit ihren traditionellen Fischerh\u00e4usern und einem einzigartigen Licht, das K\u00fcnstler aus der ganzen [&hellip;]\" \/>\n<meta property=\"og:url\" content=\"https:\/\/www.urlaubcornwall.de\/blog\/hafen-hotel-st-ives-meerblick\/\" \/>\n<meta property=\"og:site_name\" content=\"Urlaub &amp; Reisen\" \/>\n<meta property=\"article:modified_time\" content=\"2018-03-22T10:57:56+00:00\" \/>\n<meta name=\"twitter:card\" content=\"summary\" \/>\n<meta name=\"twitter:label1\" content=\"Est. reading time\" \/>\n\t<meta name=\"twitter:data1\" content=\"2 minutes\" \/>\n<script type=\"application\/ld+json\" class=\"yoast-schema-graph\">{\"@context\":\"https:\/\/schema.org\",\"@graph\":[{\"@type\":\"WebSite\",\"@id\":\"https:\/\/www.urlaubcornwall.de\/blog\/#website\",\"url\":\"https:\/\/www.urlaubcornwall.de\/blog\/\",\"name\":\"Urlaub &amp; Reisen\",\"description\":\"Urlaub, Reisen, Cornwall und S\u00fcdengland: eine perfekte Kombination\",\"potentialAction\":[{\"@type\":\"SearchAction\",\"target\":{\"@type\":\"EntryPoint\",\"urlTemplate\":\"https:\/\/www.urlaubcornwall.de\/blog\/?s={search_term_string}\"},\"query-input\":\"required name=search_term_string\"}],\"inLanguage\":\"en-US\"},{\"@type\":\"WebPage\",\"@id\":\"https:\/\/www.urlaubcornwall.de\/blog\/hafen-hotel-st-ives-meerblick\/\",\"url\":\"https:\/\/www.urlaubcornwall.de\/blog\/hafen-hotel-st-ives-meerblick\/\",\"name\":\"Hotel in St Ives Hafen - mit panoramischem Ausblick auf den attraktiven Fischerhafen. - Urlaub &amp; Reisen\",\"isPartOf\":{\"@id\":\"https:\/\/www.urlaubcornwall.de\/blog\/#website\"},\"datePublished\":\"2017-09-11T14:01:37+00:00\",\"dateModified\":\"2018-03-22T10:57:56+00:00\",\"breadcrumb\":{\"@id\":\"https:\/\/www.urlaubcornwall.de\/blog\/hafen-hotel-st-ives-meerblick\/#breadcrumb\"},\"inLanguage\":\"en-US\",\"potentialAction\":[{\"@type\":\"ReadAction\",\"target\":[\"https:\/\/www.urlaubcornwall.de\/blog\/hafen-hotel-st-ives-meerblick\/\"]}]},{\"@type\":\"BreadcrumbList\",\"@id\":\"https:\/\/www.urlaubcornwall.de\/blog\/hafen-hotel-st-ives-meerblick\/#breadcrumb\",\"itemListElement\":[{\"@type\":\"ListItem\",\"position\":1,\"name\":\"Home\",\"item\":\"https:\/\/www.urlaubcornwall.de\/blog\/\"},{\"@type\":\"ListItem\",\"position\":2,\"name\":\"Hotel in St Ives Hafen &#8211; mit panoramischem Ausblick auf den attraktiven Fischerhafen.\"}]}]}<\/script>\n<!-- \/ Yoast SEO plugin. -->","yoast_head_json":{"title":"Hotel in St Ives Hafen - mit panoramischem Ausblick auf den attraktiven Fischerhafen. - Urlaub &amp; Reisen","robots":{"index":"index","follow":"follow","max-snippet":"max-snippet:-1","max-image-preview":"max-image-preview:large","max-video-preview":"max-video-preview:-1"},"canonical":"https:\/\/www.urlaubcornwall.de\/blog\/hafen-hotel-st-ives-meerblick\/","og_locale":"en_US","og_type":"article","og_title":"Hotel in St Ives Hafen - mit panoramischem Ausblick auf den attraktiven Fischerhafen. - Urlaub &amp; Reisen","og_description":"[tab name=&#8221;Unsere Bewertung&#8220;] St. Ives geh\u00f6rt f\u00fcr die meisten Menschen zu den St\u00e4dtchen, die auf einer Cornwallreise unbedingt besucht werden m\u00fcssen. Das Harbour Hotel befindet sich in einer Toplage mit panoramischem Ausblick auf den attraktiven Fischerhafen mit dem dahinterliegenden Meer. Die Str\u00e4\u00dfchen mit ihren traditionellen Fischerh\u00e4usern und einem einzigartigen Licht, das K\u00fcnstler aus der ganzen [&hellip;]","og_url":"https:\/\/www.urlaubcornwall.de\/blog\/hafen-hotel-st-ives-meerblick\/","og_site_name":"Urlaub &amp; Reisen","article_modified_time":"2018-03-22T10:57:56+00:00","twitter_card":"summary","twitter_misc":{"Est. reading time":"2 minutes"},"schema":{"@context":"https:\/\/schema.org","@graph":[{"@type":"WebSite","@id":"https:\/\/www.urlaubcornwall.de\/blog\/#website","url":"https:\/\/www.urlaubcornwall.de\/blog\/","name":"Urlaub &amp; Reisen","description":"Urlaub, Reisen, Cornwall und S\u00fcdengland: eine perfekte Kombination","potentialAction":[{"@type":"SearchAction","target":{"@type":"EntryPoint","urlTemplate":"https:\/\/www.urlaubcornwall.de\/blog\/?s={search_term_string}"},"query-input":"required name=search_term_string"}],"inLanguage":"en-US"},{"@type":"WebPage","@id":"https:\/\/www.urlaubcornwall.de\/blog\/hafen-hotel-st-ives-meerblick\/","url":"https:\/\/www.urlaubcornwall.de\/blog\/hafen-hotel-st-ives-meerblick\/","name":"Hotel in St Ives Hafen - mit panoramischem Ausblick auf den attraktiven Fischerhafen. - Urlaub &amp; Reisen","isPartOf":{"@id":"https:\/\/www.urlaubcornwall.de\/blog\/#website"},"datePublished":"2017-09-11T14:01:37+00:00","dateModified":"2018-03-22T10:57:56+00:00","breadcrumb":{"@id":"https:\/\/www.urlaubcornwall.de\/blog\/hafen-hotel-st-ives-meerblick\/#breadcrumb"},"inLanguage":"en-US","potentialAction":[{"@type":"ReadAction","target":["https:\/\/www.urlaubcornwall.de\/blog\/hafen-hotel-st-ives-meerblick\/"]}]},{"@type":"BreadcrumbList","@id":"https:\/\/www.urlaubcornwall.de\/blog\/hafen-hotel-st-ives-meerblick\/#breadcrumb","itemListElement":[{"@type":"ListItem","position":1,"name":"Home","item":"https:\/\/www.urlaubcornwall.de\/blog\/"},{"@type":"ListItem","position":2,"name":"Hotel in St Ives Hafen &#8211; mit panoramischem Ausblick auf den attraktiven Fischerhafen."}]}]}},"_links":{"self":[{"href":"https:\/\/www.urlaubcornwall.de\/blog\/wp-json\/wp\/v2\/pages\/29253"}],"collection":[{"href":"https:\/\/www.urlaubcornwall.de\/blog\/wp-json\/wp\/v2\/pages"}],"about":[{"href":"https:\/\/www.urlaubcornwall.de\/blog\/wp-json\/wp\/v2\/types\/page"}],"author":[{"embeddable":true,"href":"https:\/\/www.urlaubcornwall.de\/blog\/wp-json\/wp\/v2\/users\/1"}],"replies":[{"embeddable":true,"href":"https:\/\/www.urlaubcornwall.de\/blog\/wp-json\/wp\/v2\/comments?post=29253"}],"version-history":[{"count":7,"href":"https:\/\/www.urlaubcornwall.de\/blog\/wp-json\/wp\/v2\/pages\/29253\/revisions"}],"predecessor-version":[{"id":33174,"href":"https:\/\/www.urlaubcornwall.de\/blog\/wp-json\/wp\/v2\/pages\/29253\/revisions\/33174"}],"wp:attachment":[{"href":"https:\/\/www.urlaubcornwall.de\/blog\/wp-json\/wp\/v2\/media?parent=29253"}],"curies":[{"name":"wp","href":"https:\/\/api.w.org\/{rel}","templated":true}]}}