{"id":29221,"date":"2017-09-11T11:59:23","date_gmt":"2017-09-11T11:59:23","guid":{"rendered":"https:\/\/www.urlaubcornwall.de\/blog\/?page_id=29221"},"modified":"2019-02-18T08:37:09","modified_gmt":"2019-02-18T08:37:09","slug":"familienhotels-den-cotswolds-fuer-ihren-urlaub-mit-kindern","status":"publish","type":"page","link":"https:\/\/www.urlaubcornwall.de\/blog\/familienhotels-den-cotswolds-fuer-ihren-urlaub-mit-kindern\/","title":{"rendered":"Familienhotels in den Cotswolds f\u00fcr Ihren Urlaub mit Kindern"},"content":{"rendered":"<p><img loading=\"lazy\" class=\"aligncenter size-full wp-image-22767\" src=\"https:\/\/www.urlaubcornwall.de\/blog\/wp-content\/uploads\/2016\/01\/cotswolds-reisen.jpg\" alt=\"cotswolds hotel mit kindern\" width=\"746\" height=\"381\"\/><br \/>\nDie sch\u00f6nsten Kinderfreundliche Hotels in den Cotswolds f\u00fcr Ihren Familienurlaub &#8211; Englands geographisches Herzst\u00fcck liegt in den Grafschaften von Gloucestershire, Oxfordshire, Warwickshire und Worcestershire. Diese Grafschaften bieten Besuchern eine riesige Auswahl an herrlicher Landschaft, Familienattraktionen, historischen H\u00e4usern und G\u00e4rten; einfach perfekt f\u00fcr eine<a href=\"https:\/\/www.urlaubcornwall.de\/blog\/rundreisen-grossbritannien-und-irland\/\"> Rundreise oder einen Urlaub<\/a>.<br \/>\nFamilienunterk\u00fcnfte Cotswolds \u2013 UrlaubCornwall.de bietet eine gro\u00dfe Auswahl an Familienhotels und Kinderhotels, die alle f\u00fcr einen bequemen und entspannenden Urlaub mit Ihrer Familie sorgen.<\/p>\n<p><strong>Die sch\u00f6nsten Kinderfreundliche Hotels in den Cotswolds f\u00fcr Ihren Familienurlaub<\/strong><\/p>\n<p><ins class=\"bookingaff\" data-aid=\"1702325\" data-target_aid=\"1702325\" data-prod=\"map\" data-width=\"100%\" data-height=\"590\" data-lang=\"ualng\" data-dest_id=\"0\" data-dest_type=\"landmark\" data-latitude=\"51.794952\" data-longitude=\"-1.8838872\" data-landmark_name=\"Sch\u00f6nsten Hotels in den Cotswolds\" data-mwhsb=\"1\"><br \/>\n    <!-- Anything inside will go away once widget is loaded. --><br \/>\n        <a href=\"\/\/www.booking.com?aid=1702325\"rel=\"nofollow\">Booking.com<\/a><br \/>\n<\/ins><br \/>\n<script type=\"text\/javascript\">\n    (function(d, sc, u) {\n      var s = d.createElement(sc), p = d.getElementsByTagName(sc)[0];\n      s.type = 'text\/javascript';\n      s.async = true;\n      s.src = u + '?v=' + (+new Date());\n      p.parentNode.insertBefore(s,p);\n      })(document, 'script', '\/\/aff.bstatic.com\/static\/affiliate_base\/js\/flexiproduct.js');\n<\/script><br \/>\nZwischen den Cotswolds mit wundersch\u00f6ner Landschaft und honigfarbenen D\u00f6rfern, Broadway, Castle Combe und Blockley und den Malvern Hills, einem Gebiet besonderer Natursch\u00f6nheit und bekannt f\u00fcr seine dramatischen H\u00fcgel und sein reines Quellwasser, liegt das Tal Evesham, ein Gebiet, aus dem Englands feinste Produkte stammen; weltber\u00fchmter Spargel, Pflaumen und Beerenobst&#8230;. [ <a href=\"https:\/\/www.urlaubcornwall.de\/blog\/urlaub-reisen-von-den-cotswolds-und-dem-land-shakespeares\/\"><strong>Mehr<\/strong><\/a> ]<\/p>\n<div class=\"snippet\"> <a class=\"featured-item\" href=\"https:\/\/www.urlaubcornwall.de\/ferienhaeuser\/cotswolds.php\"> <span class=\"image-holder\" style=\"background-image: url(' https:\/\/www.urlaubcornwall.de\/blog\/wp-content\/uploads\/2019\/02\/ferienhaus-cotswolds.jpg ');\"><\/span> <span class=\"featured-content\"> \n<h2 class=\"featured-title\">Ferienh\u00e4user in den Cotswolds<\/h2>\n<p class=\"featured-body\">Es gibt wohl kaum einen besseren Ort f\u00fcr entspannenden Urlaub als ein Cotswolds Cottage. Untenstehend finden Sie eine Auswahl an Ferienwohnungen in den Cotswolds. Wenn Sie bereits wissen, wo in den Cotswolds&#8230; <\/p><\/span> <span class=\"featured-link-holder\"> <span class=\"featured-extra-info\"> \n<p>F\u00fcr Paare, Familien &#038; Gruppen<\/p>\n<\/span> \n<p class=\"featured-link\">DETAILS<\/p>\n<\/span> <\/a><\/div>\n<div class=\"snippet\"> <a class=\"featured-item\" href=\" https:\/\/www.urlaubcornwall.de\/rundreisen\/grossbritannien.php\"> <span class=\"image-holder\" style=\"background-image: url(' https:\/\/www.urlaubcornwall.de\/blog\/wp-content\/uploads\/2018\/11\/rundreise-cornwall.jpg ');\"><\/span> <span class=\"featured-content\"> \n<h2 class=\"featured-title\">Individuelle Rundreise in Gro\u00dfbritannien<\/h2>\n<p class=\"featured-body\">Mit Sitz im Vereinten K\u00f6nigreich und einer Reiseleidenschaft haben wir uns darin spezialisiert, individuelle Rundreisen f\u00fcr Paare, Familien oder Gruppen zusammenzustellen&#8230;.<\/p>\n<\/span> <span class=\"featured-link-holder\"> <span class=\"featured-extra-info\"> \n<p>Urlaub im eigenen Schritttempo<\/p>\n<\/span> \n<p class=\"featured-link\">DETAILS<\/p>\n<\/span> <\/a><\/div>\n","protected":false},"excerpt":{"rendered":"<p>Die sch\u00f6nsten Kinderfreundliche Hotels in den Cotswolds f\u00fcr Ihren Familienurlaub &#8211; Englands geographisches Herzst\u00fcck liegt in den Grafschaften von Gloucestershire, Oxfordshire, Warwickshire und Worcestershire. Diese Grafschaften bieten Besuchern eine riesige Auswahl an herrlicher Landschaft, Familienattraktionen, historischen H\u00e4usern und G\u00e4rten; einfach perfekt f\u00fcr eine Rundreise oder einen Urlaub. Familienunterk\u00fcnfte Cotswolds \u2013 UrlaubCornwall.de bietet eine gro\u00dfe Auswahl [&hellip;]<\/p>\n","protected":false},"author":1,"featured_media":0,"parent":0,"menu_order":0,"comment_status":"closed","ping_status":"closed","template":"single-four.php","meta":[],"acf":[],"yoast_head":"<!-- This site is optimized with the Yoast SEO plugin v19.4 - https:\/\/yoast.com\/wordpress\/plugins\/seo\/ -->\n<title>Familienhotels in den Cotswolds f\u00fcr Ihren Urlaub mit Kindern - Urlaub &amp; Reisen<\/title>\n<meta name=\"robots\" content=\"index, follow, max-snippet:-1, max-image-preview:large, max-video-preview:-1\" \/>\n<link rel=\"canonical\" href=\"https:\/\/www.urlaubcornwall.de\/blog\/familienhotels-den-cotswolds-fuer-ihren-urlaub-mit-kindern\/\" \/>\n<meta property=\"og:locale\" content=\"en_US\" \/>\n<meta property=\"og:type\" content=\"article\" \/>\n<meta property=\"og:title\" content=\"Familienhotels in den Cotswolds f\u00fcr Ihren Urlaub mit Kindern - Urlaub &amp; Reisen\" \/>\n<meta property=\"og:description\" content=\"Die sch\u00f6nsten Kinderfreundliche Hotels in den Cotswolds f\u00fcr Ihren Familienurlaub &#8211; Englands geographisches Herzst\u00fcck liegt in den Grafschaften von Gloucestershire, Oxfordshire, Warwickshire und Worcestershire. Diese Grafschaften bieten Besuchern eine riesige Auswahl an herrlicher Landschaft, Familienattraktionen, historischen H\u00e4usern und G\u00e4rten; einfach perfekt f\u00fcr eine Rundreise oder einen Urlaub. Familienunterk\u00fcnfte Cotswolds \u2013 UrlaubCornwall.de bietet eine gro\u00dfe Auswahl [&hellip;]\" \/>\n<meta property=\"og:url\" content=\"https:\/\/www.urlaubcornwall.de\/blog\/familienhotels-den-cotswolds-fuer-ihren-urlaub-mit-kindern\/\" \/>\n<meta property=\"og:site_name\" content=\"Urlaub &amp; Reisen\" \/>\n<meta property=\"article:modified_time\" content=\"2019-02-18T08:37:09+00:00\" \/>\n<meta property=\"og:image\" content=\"https:\/\/www.urlaubcornwall.de\/blog\/wp-content\/uploads\/2016\/01\/cotswolds-reisen.jpg\" \/>\n<meta name=\"twitter:card\" content=\"summary\" \/>\n<meta name=\"twitter:label1\" content=\"Est. reading time\" \/>\n\t<meta name=\"twitter:data1\" content=\"1 minute\" \/>\n<script type=\"application\/ld+json\" class=\"yoast-schema-graph\">{\"@context\":\"https:\/\/schema.org\",\"@graph\":[{\"@type\":\"WebSite\",\"@id\":\"https:\/\/www.urlaubcornwall.de\/blog\/#website\",\"url\":\"https:\/\/www.urlaubcornwall.de\/blog\/\",\"name\":\"Urlaub &amp; Reisen\",\"description\":\"Urlaub, Reisen, Cornwall und S\u00fcdengland: eine perfekte Kombination\",\"potentialAction\":[{\"@type\":\"SearchAction\",\"target\":{\"@type\":\"EntryPoint\",\"urlTemplate\":\"https:\/\/www.urlaubcornwall.de\/blog\/?s={search_term_string}\"},\"query-input\":\"required name=search_term_string\"}],\"inLanguage\":\"en-US\"},{\"@type\":\"WebPage\",\"@id\":\"https:\/\/www.urlaubcornwall.de\/blog\/familienhotels-den-cotswolds-fuer-ihren-urlaub-mit-kindern\/\",\"url\":\"https:\/\/www.urlaubcornwall.de\/blog\/familienhotels-den-cotswolds-fuer-ihren-urlaub-mit-kindern\/\",\"name\":\"Familienhotels in den Cotswolds f\u00fcr Ihren Urlaub mit Kindern - Urlaub &amp; Reisen\",\"isPartOf\":{\"@id\":\"https:\/\/www.urlaubcornwall.de\/blog\/#website\"},\"datePublished\":\"2017-09-11T11:59:23+00:00\",\"dateModified\":\"2019-02-18T08:37:09+00:00\",\"breadcrumb\":{\"@id\":\"https:\/\/www.urlaubcornwall.de\/blog\/familienhotels-den-cotswolds-fuer-ihren-urlaub-mit-kindern\/#breadcrumb\"},\"inLanguage\":\"en-US\",\"potentialAction\":[{\"@type\":\"ReadAction\",\"target\":[\"https:\/\/www.urlaubcornwall.de\/blog\/familienhotels-den-cotswolds-fuer-ihren-urlaub-mit-kindern\/\"]}]},{\"@type\":\"BreadcrumbList\",\"@id\":\"https:\/\/www.urlaubcornwall.de\/blog\/familienhotels-den-cotswolds-fuer-ihren-urlaub-mit-kindern\/#breadcrumb\",\"itemListElement\":[{\"@type\":\"ListItem\",\"position\":1,\"name\":\"Home\",\"item\":\"https:\/\/www.urlaubcornwall.de\/blog\/\"},{\"@type\":\"ListItem\",\"position\":2,\"name\":\"Familienhotels in den Cotswolds f\u00fcr Ihren Urlaub mit Kindern\"}]}]}<\/script>\n<!-- \/ Yoast SEO plugin. -->","yoast_head_json":{"title":"Familienhotels in den Cotswolds f\u00fcr Ihren Urlaub mit Kindern - Urlaub &amp; Reisen","robots":{"index":"index","follow":"follow","max-snippet":"max-snippet:-1","max-image-preview":"max-image-preview:large","max-video-preview":"max-video-preview:-1"},"canonical":"https:\/\/www.urlaubcornwall.de\/blog\/familienhotels-den-cotswolds-fuer-ihren-urlaub-mit-kindern\/","og_locale":"en_US","og_type":"article","og_title":"Familienhotels in den Cotswolds f\u00fcr Ihren Urlaub mit Kindern - Urlaub &amp; Reisen","og_description":"Die sch\u00f6nsten Kinderfreundliche Hotels in den Cotswolds f\u00fcr Ihren Familienurlaub &#8211; Englands geographisches Herzst\u00fcck liegt in den Grafschaften von Gloucestershire, Oxfordshire, Warwickshire und Worcestershire. Diese Grafschaften bieten Besuchern eine riesige Auswahl an herrlicher Landschaft, Familienattraktionen, historischen H\u00e4usern und G\u00e4rten; einfach perfekt f\u00fcr eine Rundreise oder einen Urlaub. Familienunterk\u00fcnfte Cotswolds \u2013 UrlaubCornwall.de bietet eine gro\u00dfe Auswahl [&hellip;]","og_url":"https:\/\/www.urlaubcornwall.de\/blog\/familienhotels-den-cotswolds-fuer-ihren-urlaub-mit-kindern\/","og_site_name":"Urlaub &amp; Reisen","article_modified_time":"2019-02-18T08:37:09+00:00","og_image":[{"url":"https:\/\/www.urlaubcornwall.de\/blog\/wp-content\/uploads\/2016\/01\/cotswolds-reisen.jpg"}],"twitter_card":"summary","twitter_misc":{"Est. reading time":"1 minute"},"schema":{"@context":"https:\/\/schema.org","@graph":[{"@type":"WebSite","@id":"https:\/\/www.urlaubcornwall.de\/blog\/#website","url":"https:\/\/www.urlaubcornwall.de\/blog\/","name":"Urlaub &amp; Reisen","description":"Urlaub, Reisen, Cornwall und S\u00fcdengland: eine perfekte Kombination","potentialAction":[{"@type":"SearchAction","target":{"@type":"EntryPoint","urlTemplate":"https:\/\/www.urlaubcornwall.de\/blog\/?s={search_term_string}"},"query-input":"required name=search_term_string"}],"inLanguage":"en-US"},{"@type":"WebPage","@id":"https:\/\/www.urlaubcornwall.de\/blog\/familienhotels-den-cotswolds-fuer-ihren-urlaub-mit-kindern\/","url":"https:\/\/www.urlaubcornwall.de\/blog\/familienhotels-den-cotswolds-fuer-ihren-urlaub-mit-kindern\/","name":"Familienhotels in den Cotswolds f\u00fcr Ihren Urlaub mit Kindern - Urlaub &amp; Reisen","isPartOf":{"@id":"https:\/\/www.urlaubcornwall.de\/blog\/#website"},"datePublished":"2017-09-11T11:59:23+00:00","dateModified":"2019-02-18T08:37:09+00:00","breadcrumb":{"@id":"https:\/\/www.urlaubcornwall.de\/blog\/familienhotels-den-cotswolds-fuer-ihren-urlaub-mit-kindern\/#breadcrumb"},"inLanguage":"en-US","potentialAction":[{"@type":"ReadAction","target":["https:\/\/www.urlaubcornwall.de\/blog\/familienhotels-den-cotswolds-fuer-ihren-urlaub-mit-kindern\/"]}]},{"@type":"BreadcrumbList","@id":"https:\/\/www.urlaubcornwall.de\/blog\/familienhotels-den-cotswolds-fuer-ihren-urlaub-mit-kindern\/#breadcrumb","itemListElement":[{"@type":"ListItem","position":1,"name":"Home","item":"https:\/\/www.urlaubcornwall.de\/blog\/"},{"@type":"ListItem","position":2,"name":"Familienhotels in den Cotswolds f\u00fcr Ihren Urlaub mit Kindern"}]}]}},"_links":{"self":[{"href":"https:\/\/www.urlaubcornwall.de\/blog\/wp-json\/wp\/v2\/pages\/29221"}],"collection":[{"href":"https:\/\/www.urlaubcornwall.de\/blog\/wp-json\/wp\/v2\/pages"}],"about":[{"href":"https:\/\/www.urlaubcornwall.de\/blog\/wp-json\/wp\/v2\/types\/page"}],"author":[{"embeddable":true,"href":"https:\/\/www.urlaubcornwall.de\/blog\/wp-json\/wp\/v2\/users\/1"}],"replies":[{"embeddable":true,"href":"https:\/\/www.urlaubcornwall.de\/blog\/wp-json\/wp\/v2\/comments?post=29221"}],"version-history":[{"count":8,"href":"https:\/\/www.urlaubcornwall.de\/blog\/wp-json\/wp\/v2\/pages\/29221\/revisions"}],"predecessor-version":[{"id":36340,"href":"https:\/\/www.urlaubcornwall.de\/blog\/wp-json\/wp\/v2\/pages\/29221\/revisions\/36340"}],"wp:attachment":[{"href":"https:\/\/www.urlaubcornwall.de\/blog\/wp-json\/wp\/v2\/media?parent=29221"}],"curies":[{"name":"wp","href":"https:\/\/api.w.org\/{rel}","templated":true}]}}