{"id":29206,"date":"2017-09-10T14:14:38","date_gmt":"2017-09-10T14:14:38","guid":{"rendered":"https:\/\/www.urlaubcornwall.de\/blog\/?page_id=29206"},"modified":"2024-05-30T09:30:38","modified_gmt":"2024-05-30T09:30:38","slug":"familienhotels-schottland-den-highlands-fuer-ihren-urlaub-mit-kindern","status":"publish","type":"page","link":"https:\/\/www.urlaubcornwall.de\/blog\/familienhotels-schottland-den-highlands-fuer-ihren-urlaub-mit-kindern\/","title":{"rendered":"Familienhotels in Schottland &#038; in den Highlands f\u00fcr Ihren Urlaub mit Kindern"},"content":{"rendered":"<p><a href=\"https:\/\/www.urlaubcornwall.de\/blog\/wp-content\/uploads\/2024\/03\/schottland-highlands-1.jpg\"><img loading=\"lazy\" src=\"https:\/\/www.urlaubcornwall.de\/blog\/wp-content\/uploads\/2024\/03\/schottland-highlands-1.jpg\" alt=\"schottland highlands\" width=\"750\" height=\"563\" class=\"alignnone size-full wp-image-48022\" srcset=\"https:\/\/www.urlaubcornwall.de\/blog\/wp-content\/uploads\/2024\/03\/schottland-highlands-1.jpg 750w, https:\/\/www.urlaubcornwall.de\/blog\/wp-content\/uploads\/2024\/03\/schottland-highlands-1-300x225.jpg 300w\" sizes=\"(max-width: 750px) 100vw, 750px\" \/><\/a><\/p>\n<p style=\"text-align: center;\"><strong>Die sch\u00f6nsten Kinderfreundliche Hotels in Schottland f\u00fcr Ihren Familienurlaub.<br \/>\n<\/strong><\/p>\n<p style=\"text-align: center;\">Familienunterk\u00fcnfte in Schottland \u2013 UrlaubCornwall.de bietet eine gro\u00dfe Auswahl an Familienhotels und Kinderhotels, die alle f\u00fcr einen bequemen und entspannenden Urlaub mit Ihrer Familie sorgen.<\/p>\n<p style=\"text-align: center;\"><a class=\"tidycta\" href=\"https:\/\/www.booking.com\/searchresults.html?region=1117&#038;nflt=ht_id%253D204%253Bhoteltag%253D7&#038;aid=1320750&#038;no_rooms=1&#038;group_adults=2&#038;room1=A%2CA\" rel=\"nofollow\">Suche Familienhotels Schottland<\/a><\/p>\n<p style=\"text-align: center;\">Britanniens spektakul\u00e4rster Landschaft &#8211; Schottland ist das Zuhause von Britanniens spektakul\u00e4rster Landschaft, die den h\u00f6chsten Berg, den Ben Nevis, mit umfasst, den tiefsten See, Loch Morar, die h\u00f6chsten B\u00e4ume und die abgelegendsten Gebiete voller Wildheit&#8230; [ <a href=\"https:\/\/www.urlaubcornwall.de\/reiseziel\/schottland.php\"><strong>Mehr<\/strong><\/a> ]<\/p>\n<h1 style=\"text-align: center;\"><strong>Bei uns finden Sie Ferienh\u00e4user zum Verlieben \u2013 so einfach ist das!<\/strong><\/h1>\n<p style=\"text-align: center;\">UrlaubCornwall verf\u00fcgt Ferienh\u00e4user und Ferienwohnungen f\u00fcr Ihren <a href=\"https:\/\/www.urlaubcornwall.de\/reiseziel\/schottland.php\">Urlaub in Schottland<\/a>. Unterk\u00fcnfte der Spitzenklasse f\u00fcr 2 Personen, Familien und Gruppen mit 4, 6, 8, 10 oder 12 G\u00e4sten.<\/p>\n<p style=\"text-align: center;\"><strong>&nbsp;<\/strong><a class=\"tidycta\" href=\"https:\/\/www.urlaubcornwall.de\/ferienhaeuser\/schottland.php\">Suche Ferienh\u00e4user Schottland<\/a><\/p>\n<p><img loading=\"lazy\" class=\"aligncenter size-full wp-image-24598\" src=\"https:\/\/www.urlaubcornwall.de\/blog\/wp-content\/uploads\/2016\/06\/urlaub-und-gro\u00dfbritannien_logo_final.jpg\" alt=\"\" width=\"746\" height=\"361\" srcset=\"https:\/\/www.urlaubcornwall.de\/blog\/wp-content\/uploads\/2016\/06\/urlaub-und-gro\u00dfbritannien_logo_final.jpg 746w, https:\/\/www.urlaubcornwall.de\/blog\/wp-content\/uploads\/2016\/06\/urlaub-und-gro\u00dfbritannien_logo_final-300x145.jpg 300w\" sizes=\"(max-width: 746px) 100vw, 746px\" \/><\/p>\n<p style=\"text-align: center;\">UrlaubCornwall.de hat eine einzigartige Sammlung pers\u00f6nlich inspizierter Ferienh\u00e4user und Ferienwohnungen in Schottland und nun auch im gesamten Gro\u00dfbritannien.<\/p>\n<p style=\"text-align: center;\">UrlaubCornwall.de hat seinen Firmensitz in Cornwall in S\u00fcdwestengland und bietet Kunden im Deutsch sprechenden Europa Hilfe im Erstellen der perfekten Urlaubserfahrung hier. Wir haben ein Team Deutsch sprechender Experten, so dass wir eine <a href=\"https:\/\/www.urlaubcornwall.de\/rundreisen\/grossbritannien.php\">individuelle Urlaub in Gro\u00dfbritannien<\/a>.<\/p>\n","protected":false},"excerpt":{"rendered":"<p>Die sch\u00f6nsten Kinderfreundliche Hotels in Schottland f\u00fcr Ihren Familienurlaub. Familienunterk\u00fcnfte in Schottland \u2013 UrlaubCornwall.de bietet eine gro\u00dfe Auswahl an Familienhotels und Kinderhotels, die alle f\u00fcr einen bequemen und entspannenden Urlaub mit Ihrer Familie sorgen. Suche Familienhotels Schottland Britanniens spektakul\u00e4rster Landschaft &#8211; Schottland ist das Zuhause von Britanniens spektakul\u00e4rster Landschaft, die den h\u00f6chsten Berg, den Ben [&hellip;]<\/p>\n","protected":false},"author":1,"featured_media":0,"parent":0,"menu_order":0,"comment_status":"closed","ping_status":"closed","template":"single-four.php","meta":[],"acf":[],"yoast_head":"<!-- This site is optimized with the Yoast SEO plugin v19.4 - https:\/\/yoast.com\/wordpress\/plugins\/seo\/ -->\n<title>Familienhotels in Schottland &amp; in den Highlands f\u00fcr Ihren Urlaub mit Kindern - Urlaub &amp; Reisen<\/title>\n<meta name=\"robots\" content=\"index, follow, max-snippet:-1, max-image-preview:large, max-video-preview:-1\" \/>\n<link rel=\"canonical\" href=\"https:\/\/www.urlaubcornwall.de\/blog\/familienhotels-schottland-den-highlands-fuer-ihren-urlaub-mit-kindern\/\" \/>\n<meta property=\"og:locale\" content=\"en_US\" \/>\n<meta property=\"og:type\" content=\"article\" \/>\n<meta property=\"og:title\" content=\"Familienhotels in Schottland &amp; in den Highlands f\u00fcr Ihren Urlaub mit Kindern - Urlaub &amp; Reisen\" \/>\n<meta property=\"og:description\" content=\"Die sch\u00f6nsten Kinderfreundliche Hotels in Schottland f\u00fcr Ihren Familienurlaub. Familienunterk\u00fcnfte in Schottland \u2013 UrlaubCornwall.de bietet eine gro\u00dfe Auswahl an Familienhotels und Kinderhotels, die alle f\u00fcr einen bequemen und entspannenden Urlaub mit Ihrer Familie sorgen. Suche Familienhotels Schottland Britanniens spektakul\u00e4rster Landschaft &#8211; Schottland ist das Zuhause von Britanniens spektakul\u00e4rster Landschaft, die den h\u00f6chsten Berg, den Ben [&hellip;]\" \/>\n<meta property=\"og:url\" content=\"https:\/\/www.urlaubcornwall.de\/blog\/familienhotels-schottland-den-highlands-fuer-ihren-urlaub-mit-kindern\/\" \/>\n<meta property=\"og:site_name\" content=\"Urlaub &amp; Reisen\" \/>\n<meta property=\"article:modified_time\" content=\"2024-05-30T09:30:38+00:00\" \/>\n<meta property=\"og:image\" content=\"https:\/\/www.urlaubcornwall.de\/blog\/wp-content\/uploads\/2024\/03\/schottland-highlands-1.jpg\" \/>\n<meta name=\"twitter:card\" content=\"summary\" \/>\n<meta name=\"twitter:label1\" content=\"Est. reading time\" \/>\n\t<meta name=\"twitter:data1\" content=\"2 minutes\" \/>\n<script type=\"application\/ld+json\" class=\"yoast-schema-graph\">{\"@context\":\"https:\/\/schema.org\",\"@graph\":[{\"@type\":\"WebSite\",\"@id\":\"https:\/\/www.urlaubcornwall.de\/blog\/#website\",\"url\":\"https:\/\/www.urlaubcornwall.de\/blog\/\",\"name\":\"Urlaub &amp; Reisen\",\"description\":\"Urlaub, Reisen, Cornwall und S\u00fcdengland: eine perfekte Kombination\",\"potentialAction\":[{\"@type\":\"SearchAction\",\"target\":{\"@type\":\"EntryPoint\",\"urlTemplate\":\"https:\/\/www.urlaubcornwall.de\/blog\/?s={search_term_string}\"},\"query-input\":\"required name=search_term_string\"}],\"inLanguage\":\"en-US\"},{\"@type\":\"WebPage\",\"@id\":\"https:\/\/www.urlaubcornwall.de\/blog\/familienhotels-schottland-den-highlands-fuer-ihren-urlaub-mit-kindern\/\",\"url\":\"https:\/\/www.urlaubcornwall.de\/blog\/familienhotels-schottland-den-highlands-fuer-ihren-urlaub-mit-kindern\/\",\"name\":\"Familienhotels in Schottland & in den Highlands f\u00fcr Ihren Urlaub mit Kindern - Urlaub &amp; Reisen\",\"isPartOf\":{\"@id\":\"https:\/\/www.urlaubcornwall.de\/blog\/#website\"},\"datePublished\":\"2017-09-10T14:14:38+00:00\",\"dateModified\":\"2024-05-30T09:30:38+00:00\",\"breadcrumb\":{\"@id\":\"https:\/\/www.urlaubcornwall.de\/blog\/familienhotels-schottland-den-highlands-fuer-ihren-urlaub-mit-kindern\/#breadcrumb\"},\"inLanguage\":\"en-US\",\"potentialAction\":[{\"@type\":\"ReadAction\",\"target\":[\"https:\/\/www.urlaubcornwall.de\/blog\/familienhotels-schottland-den-highlands-fuer-ihren-urlaub-mit-kindern\/\"]}]},{\"@type\":\"BreadcrumbList\",\"@id\":\"https:\/\/www.urlaubcornwall.de\/blog\/familienhotels-schottland-den-highlands-fuer-ihren-urlaub-mit-kindern\/#breadcrumb\",\"itemListElement\":[{\"@type\":\"ListItem\",\"position\":1,\"name\":\"Home\",\"item\":\"https:\/\/www.urlaubcornwall.de\/blog\/\"},{\"@type\":\"ListItem\",\"position\":2,\"name\":\"Familienhotels in Schottland &#038; in den Highlands f\u00fcr Ihren Urlaub mit Kindern\"}]}]}<\/script>\n<!-- \/ Yoast SEO plugin. -->","yoast_head_json":{"title":"Familienhotels in Schottland & in den Highlands f\u00fcr Ihren Urlaub mit Kindern - Urlaub &amp; Reisen","robots":{"index":"index","follow":"follow","max-snippet":"max-snippet:-1","max-image-preview":"max-image-preview:large","max-video-preview":"max-video-preview:-1"},"canonical":"https:\/\/www.urlaubcornwall.de\/blog\/familienhotels-schottland-den-highlands-fuer-ihren-urlaub-mit-kindern\/","og_locale":"en_US","og_type":"article","og_title":"Familienhotels in Schottland & in den Highlands f\u00fcr Ihren Urlaub mit Kindern - Urlaub &amp; Reisen","og_description":"Die sch\u00f6nsten Kinderfreundliche Hotels in Schottland f\u00fcr Ihren Familienurlaub. Familienunterk\u00fcnfte in Schottland \u2013 UrlaubCornwall.de bietet eine gro\u00dfe Auswahl an Familienhotels und Kinderhotels, die alle f\u00fcr einen bequemen und entspannenden Urlaub mit Ihrer Familie sorgen. Suche Familienhotels Schottland Britanniens spektakul\u00e4rster Landschaft &#8211; Schottland ist das Zuhause von Britanniens spektakul\u00e4rster Landschaft, die den h\u00f6chsten Berg, den Ben [&hellip;]","og_url":"https:\/\/www.urlaubcornwall.de\/blog\/familienhotels-schottland-den-highlands-fuer-ihren-urlaub-mit-kindern\/","og_site_name":"Urlaub &amp; Reisen","article_modified_time":"2024-05-30T09:30:38+00:00","og_image":[{"url":"https:\/\/www.urlaubcornwall.de\/blog\/wp-content\/uploads\/2024\/03\/schottland-highlands-1.jpg"}],"twitter_card":"summary","twitter_misc":{"Est. reading time":"2 minutes"},"schema":{"@context":"https:\/\/schema.org","@graph":[{"@type":"WebSite","@id":"https:\/\/www.urlaubcornwall.de\/blog\/#website","url":"https:\/\/www.urlaubcornwall.de\/blog\/","name":"Urlaub &amp; Reisen","description":"Urlaub, Reisen, Cornwall und S\u00fcdengland: eine perfekte Kombination","potentialAction":[{"@type":"SearchAction","target":{"@type":"EntryPoint","urlTemplate":"https:\/\/www.urlaubcornwall.de\/blog\/?s={search_term_string}"},"query-input":"required name=search_term_string"}],"inLanguage":"en-US"},{"@type":"WebPage","@id":"https:\/\/www.urlaubcornwall.de\/blog\/familienhotels-schottland-den-highlands-fuer-ihren-urlaub-mit-kindern\/","url":"https:\/\/www.urlaubcornwall.de\/blog\/familienhotels-schottland-den-highlands-fuer-ihren-urlaub-mit-kindern\/","name":"Familienhotels in Schottland & in den Highlands f\u00fcr Ihren Urlaub mit Kindern - Urlaub &amp; Reisen","isPartOf":{"@id":"https:\/\/www.urlaubcornwall.de\/blog\/#website"},"datePublished":"2017-09-10T14:14:38+00:00","dateModified":"2024-05-30T09:30:38+00:00","breadcrumb":{"@id":"https:\/\/www.urlaubcornwall.de\/blog\/familienhotels-schottland-den-highlands-fuer-ihren-urlaub-mit-kindern\/#breadcrumb"},"inLanguage":"en-US","potentialAction":[{"@type":"ReadAction","target":["https:\/\/www.urlaubcornwall.de\/blog\/familienhotels-schottland-den-highlands-fuer-ihren-urlaub-mit-kindern\/"]}]},{"@type":"BreadcrumbList","@id":"https:\/\/www.urlaubcornwall.de\/blog\/familienhotels-schottland-den-highlands-fuer-ihren-urlaub-mit-kindern\/#breadcrumb","itemListElement":[{"@type":"ListItem","position":1,"name":"Home","item":"https:\/\/www.urlaubcornwall.de\/blog\/"},{"@type":"ListItem","position":2,"name":"Familienhotels in Schottland &#038; in den Highlands f\u00fcr Ihren Urlaub mit Kindern"}]}]}},"_links":{"self":[{"href":"https:\/\/www.urlaubcornwall.de\/blog\/wp-json\/wp\/v2\/pages\/29206"}],"collection":[{"href":"https:\/\/www.urlaubcornwall.de\/blog\/wp-json\/wp\/v2\/pages"}],"about":[{"href":"https:\/\/www.urlaubcornwall.de\/blog\/wp-json\/wp\/v2\/types\/page"}],"author":[{"embeddable":true,"href":"https:\/\/www.urlaubcornwall.de\/blog\/wp-json\/wp\/v2\/users\/1"}],"replies":[{"embeddable":true,"href":"https:\/\/www.urlaubcornwall.de\/blog\/wp-json\/wp\/v2\/comments?post=29206"}],"version-history":[{"count":6,"href":"https:\/\/www.urlaubcornwall.de\/blog\/wp-json\/wp\/v2\/pages\/29206\/revisions"}],"predecessor-version":[{"id":50883,"href":"https:\/\/www.urlaubcornwall.de\/blog\/wp-json\/wp\/v2\/pages\/29206\/revisions\/50883"}],"wp:attachment":[{"href":"https:\/\/www.urlaubcornwall.de\/blog\/wp-json\/wp\/v2\/media?parent=29206"}],"curies":[{"name":"wp","href":"https:\/\/api.w.org\/{rel}","templated":true}]}}