{"id":29198,"date":"2017-09-10T13:12:54","date_gmt":"2017-09-10T13:12:54","guid":{"rendered":"https:\/\/www.urlaubcornwall.de\/blog\/?page_id=29198"},"modified":"2024-04-09T09:42:55","modified_gmt":"2024-04-09T09:42:55","slug":"hotels-snowdonia-nationalpark-mit-hund-zum-verlieben-einfach-ist-das","status":"publish","type":"page","link":"https:\/\/www.urlaubcornwall.de\/blog\/hotels-snowdonia-nationalpark-mit-hund-zum-verlieben-einfach-ist-das\/","title":{"rendered":"Hotels in Snowdonia Nationalpark mit Hund zum Verlieben \u2013 so einfach ist das!"},"content":{"rendered":"<p><img loading=\"lazy\" class=\"aligncenter size-full wp-image-47831\" src=\"https:\/\/www.urlaubcornwall.de\/blog\/wp-content\/uploads\/2024\/03\/snowdonia-wales.jpg\" alt=\"snowdonia wales\" width=\"750\" height=\"422\" srcset=\"https:\/\/www.urlaubcornwall.de\/blog\/wp-content\/uploads\/2024\/03\/snowdonia-wales.jpg 750w, https:\/\/www.urlaubcornwall.de\/blog\/wp-content\/uploads\/2024\/03\/snowdonia-wales-300x169.jpg 300w\" sizes=\"(max-width: 750px) 100vw, 750px\" \/><\/p>\n<p style=\"text-align: left;\"><strong>Die sch\u00f6nsten Hundefreundliche Hotels in Snowdonia Nationalpark &#8211; <\/strong>Snowdonia mit seinen 2 142 Quadratkilometern ist der zweitgr\u00f6\u00dfte Nationalpark Britanniens nach dem Lake Distrikt; es ist einer der beliebtesten Urlaubsziele des Vereinigte K\u00f6nigreich zum Wandern und Urlaube im Freien und hat einige der besten <a href=\"https:\/\/www.urlaubcornwall.de\/reiseziel\/wales.php\">K\u00fcstenlandschaften von Wales<\/a>.<\/p>\n<p style=\"text-align: left;\"><strong>Hotels in Snowdonia &#8211; Haustiere erlaubt &#8211; <\/strong>Mit dem Hund in den Urlaub zu fahren ist immer ein sch\u00f6nes Erlebnis, aber in Wales mit seinen herrlichen Landschaften ist ein Urlaub mit dem vierbeinigen Freund einfach traumhaft.<\/p>\n<h2><a href=\"https:\/\/www.booking.com\/hotel\/gb\/plas-dinas-country-house.html?aid=1320750&amp;no_rooms=1&amp;group_adults=2&amp;room1=A%2CA\" rel=\"nofollow\"><strong>Plas Dinas Country House \u2013 5 Sterne Luxus-Landhaushotel<\/strong><\/a><\/h2>\n<p>Das Plas Dinas Country House war einst das Zuhause von Lord Snowdon. Das traditionelle Landhaus erwartet Sie heutzutage mit Unterk\u00fcnften und befindet sich auf einem 6 ha gro\u00dfen, wundersch\u00f6nen Grundst\u00fcck. WLAN steht in allen Bereichen der Unterkunft kostenfrei zur Verf\u00fcgung&#8230;&#8230;&#8230;&#8230;<a href=\"https:\/\/www.booking.com\/hotel\/gb\/plas-dinas-country-house.html?aid=1320750&amp;no_rooms=1&amp;group_adults=2&amp;room1=A%2CA\" rel=\"nofollow\">[Mehr]<\/a><\/p>\n<h2><a href=\"https:\/\/www.booking.com\/hotel\/gb\/pale-hall.html?aid=1320750&amp;no_rooms=1&amp;group_adults=2&amp;room1=A%2CA \" rel=\"nofollow\"><strong> Pale Hall \u2013 5 Sterne Herrenhaus Hotel<\/strong><\/a><\/h2>\n<p>Das am Rande des Nationalparks Snowdonia gelegene Hotel Pal\u00e9 Hall ist in einem viktorianischen Herrenhaus untergebracht und erwartet Sie mit eleganten Zimmern. Die Drawing Room Lounge verf\u00fcgt \u00fcber eine handbemalte Kuppel und eine Marmorbar&#8230;&#8230;&#8230;.<a href=\"https:\/\/www.booking.com\/hotel\/gb\/pale-hall.html?aid=1320750&amp;no_rooms=1&amp;group_adults=2&amp;room1=A%2CA\" rel=\"nofollow\">[Mehr]<\/a><\/p>\n<h2><a href=\" https:\/\/www.booking.com\/hotel\/gb\/craig-y-dderwen-riverside.html?aid=1320750&amp;no_rooms=1&amp;group_adults=2&amp;room1=A%2CA \" rel=\"nofollow\"><strong>Craig-y-Dderwen Hotel \u2013 Landhaushotel mit Flussblick<\/strong><\/a><\/h2>\n<p>Umgeben von ruhigen bewaldeten H\u00e4ngen am Ufer des Flusses Conwy auf einer 6,5 Hektar gro\u00dfen Fl\u00e4che bietet Ihnen dieses preisgekr\u00f6nte, viktorianische 4-Sterne-Landhaus eine einzigartige Lage im Dorf sowie vor allem Ruhe und Entspannung&#8230;&#8230;&#8230;..<a href=\" https:\/\/www.booking.com\/hotel\/gb\/craig-y-dderwen-riverside.html?aid=1320750&amp;no_rooms=1&amp;group_adults=2&amp;room1=A%2CA \" rel=\"nofollow\">[Mehr]<\/a><\/p>\n<h2><a href=\"https:\/\/www.booking.com\/hotel\/gb\/royal-goat.html?aid=1320750&amp;no_rooms=1&amp;group_adults=2&amp;room1=A%2CA \" rel=\"nofollow\"><strong>Royal Goat Hotel \u2013 3 Sterne mit&nbsp;<span id=\"result_box\" class=\"short_text\" lang=\"de\"><span class=\"\">Bergblick<\/span><\/span><\/strong><\/a><\/h2>\n<p>Im Herzen des Nationalparks Snowdonia hei\u00dft Sie das Royal Goat Hotel mit leckerem Essen und gem\u00fctlichen Zimmern willkommen. Freuen Sie sich auf eine beeindruckende Aussicht auf die malerischen Berge&#8230;&#8230;&#8230;&#8230;<a href=\"https:\/\/www.booking.com\/hotel\/gb\/royal-goat.html?aid=1320750&amp;no_rooms=1&amp;group_adults=2&amp;room1=A%2CA\" rel=\"nofollow\">[Mehr]<\/a><\/p>\n<p style=\"text-align: center;\"><a class=\"tidycta\" href=\"https:\/\/www.booking.com\/searchresults.html?region=2586&amp;aid=1320750&amp;no_rooms=1&amp;group_adults=2&amp;room1=A%2CA\" rel=\"nofollow\">Suche Hotels in Snowdonia<\/a><\/p>\n<p><strong>Entdecken Sie die Mythen und Legenden &#8211; <\/strong>Wales oder Cymru, wie es auf Keltisch hei\u00dft, ist \u00fcberwiegend bergiges Land im Westen Englands. Es ist ein Landstrich voller Bergketten, saftigen T\u00e4lern und alten Burgen, verf\u00fcgt \u00fcber einige der \u00e4ltesten Gesteine der Erde und den h\u00f6chsten Punkt Britanniens s\u00fcdlich der schottischen Grenze. In Wales gibt es auch drei Nationalparks; Snowdonia, Pembrokeshire und die Brecon Beacons&#8230;<a href=\"https:\/\/www.urlaubcornwall.de\/reiseziel\/wales.php\">[ Mehr ]<\/a><\/p>\n<p><a href=\"https:\/\/www.urlaubcornwall.de\/blog\/wp-content\/uploads\/2017\/08\/urlaub-und-gro\u00dfbritannien_logo-1.jpg\"><img loading=\"lazy\" class=\"alignnone wp-image-28670 size-full\" src=\"https:\/\/www.urlaubcornwall.de\/blog\/wp-content\/uploads\/2017\/08\/urlaub-und-gro\u00dfbritannien_logo-1.jpg\" alt=\"urlaub-und-gro\u00dfbritannien_logo\" width=\"746\" height=\"454\" srcset=\"https:\/\/www.urlaubcornwall.de\/blog\/wp-content\/uploads\/2017\/08\/urlaub-und-gro\u00dfbritannien_logo-1.jpg 764w, https:\/\/www.urlaubcornwall.de\/blog\/wp-content\/uploads\/2017\/08\/urlaub-und-gro\u00dfbritannien_logo-1-300x182.jpg 300w\" sizes=\"(max-width: 746px) 100vw, 746px\" \/><\/a><\/p>\n<p style=\"text-align: center;\">UrlaubCornwall verf\u00fcgt Ferienh\u00e4user und Ferienwohnungen in Wales. Unterk\u00fcnfte der Spitzenklasse f\u00fcr 2 Personen, Familien und Gruppen mit 4, 6, 8, 10 oder 12 G\u00e4sten mit Hund.<\/p>\n<p style=\"text-align: center;\"><a class=\"tidycta\" href=\"https:\/\/www.urlaubcornwall.de\/ferienhaeuser\/wales.php\">Ferienh\u00e4user Wales<\/a><\/p>\n<p style=\"text-align: center;\">Um Wales in Ihre Rundreise durch Gro\u00dfbritannien mit einzugliedern, stellen Sie Ihre <a href=\"http:\/\/www.urlaubcornwall.de\/anfrage.php\">Anfrage<\/a> hier oder w\u00e4hlen Sie ein Ferienhaus aus unserer besten Auswahl handverlesener und inspizierter H\u00e4user aus.<\/p>\n<p style=\"text-align: center;\"><a href=\"http:\/\/www.urlaubcornwall.de\/\">UrlaubCornwall.de<\/a> ist ein in Cornwall ans\u00e4ssiges Unternehmen k\u00f6nnen wir uns mit 20 Jahren Erfahrung in der Organisation von Rundreisen durch S\u00fcdwest und S\u00fcdengland r\u00fchmen. Erfahren Sie mehr \u00fcber <a href=\"https:\/\/www.urlaubcornwall.de\/hotels.php\">unsere hundefreundlichen Hotels in Cornwall<\/a>.<\/p>\n","protected":false},"excerpt":{"rendered":"<p>Die sch\u00f6nsten Hundefreundliche Hotels in Snowdonia Nationalpark &#8211; Snowdonia mit seinen 2 142 Quadratkilometern ist der zweitgr\u00f6\u00dfte Nationalpark Britanniens nach dem Lake Distrikt; es ist einer der beliebtesten Urlaubsziele des Vereinigte K\u00f6nigreich zum Wandern und Urlaube im Freien und hat einige der besten K\u00fcstenlandschaften von Wales. Hotels in Snowdonia &#8211; Haustiere erlaubt &#8211; Mit dem [&hellip;]<\/p>\n","protected":false},"author":1,"featured_media":0,"parent":0,"menu_order":0,"comment_status":"closed","ping_status":"closed","template":"single-four.php","meta":[],"acf":[],"yoast_head":"<!-- This site is optimized with the Yoast SEO plugin v19.4 - https:\/\/yoast.com\/wordpress\/plugins\/seo\/ -->\n<title>Hotels in Snowdonia Nationalpark mit Hund zum Verlieben \u2013 so einfach ist das! - Urlaub &amp; Reisen<\/title>\n<meta name=\"robots\" content=\"index, follow, max-snippet:-1, max-image-preview:large, max-video-preview:-1\" \/>\n<link rel=\"canonical\" href=\"https:\/\/www.urlaubcornwall.de\/blog\/hotels-snowdonia-nationalpark-mit-hund-zum-verlieben-einfach-ist-das\/\" \/>\n<meta property=\"og:locale\" content=\"en_US\" \/>\n<meta property=\"og:type\" content=\"article\" \/>\n<meta property=\"og:title\" content=\"Hotels in Snowdonia Nationalpark mit Hund zum Verlieben \u2013 so einfach ist das! - Urlaub &amp; Reisen\" \/>\n<meta property=\"og:description\" content=\"Die sch\u00f6nsten Hundefreundliche Hotels in Snowdonia Nationalpark &#8211; Snowdonia mit seinen 2 142 Quadratkilometern ist der zweitgr\u00f6\u00dfte Nationalpark Britanniens nach dem Lake Distrikt; es ist einer der beliebtesten Urlaubsziele des Vereinigte K\u00f6nigreich zum Wandern und Urlaube im Freien und hat einige der besten K\u00fcstenlandschaften von Wales. Hotels in Snowdonia &#8211; Haustiere erlaubt &#8211; Mit dem [&hellip;]\" \/>\n<meta property=\"og:url\" content=\"https:\/\/www.urlaubcornwall.de\/blog\/hotels-snowdonia-nationalpark-mit-hund-zum-verlieben-einfach-ist-das\/\" \/>\n<meta property=\"og:site_name\" content=\"Urlaub &amp; Reisen\" \/>\n<meta property=\"article:modified_time\" content=\"2024-04-09T09:42:55+00:00\" \/>\n<meta property=\"og:image\" content=\"https:\/\/www.urlaubcornwall.de\/blog\/wp-content\/uploads\/2024\/03\/snowdonia-wales.jpg\" \/>\n<meta name=\"twitter:card\" content=\"summary\" \/>\n<meta name=\"twitter:label1\" content=\"Est. reading time\" \/>\n\t<meta name=\"twitter:data1\" content=\"3 minutes\" \/>\n<script type=\"application\/ld+json\" class=\"yoast-schema-graph\">{\"@context\":\"https:\/\/schema.org\",\"@graph\":[{\"@type\":\"WebSite\",\"@id\":\"https:\/\/www.urlaubcornwall.de\/blog\/#website\",\"url\":\"https:\/\/www.urlaubcornwall.de\/blog\/\",\"name\":\"Urlaub &amp; Reisen\",\"description\":\"Urlaub, Reisen, Cornwall und S\u00fcdengland: eine perfekte Kombination\",\"potentialAction\":[{\"@type\":\"SearchAction\",\"target\":{\"@type\":\"EntryPoint\",\"urlTemplate\":\"https:\/\/www.urlaubcornwall.de\/blog\/?s={search_term_string}\"},\"query-input\":\"required name=search_term_string\"}],\"inLanguage\":\"en-US\"},{\"@type\":\"WebPage\",\"@id\":\"https:\/\/www.urlaubcornwall.de\/blog\/hotels-snowdonia-nationalpark-mit-hund-zum-verlieben-einfach-ist-das\/\",\"url\":\"https:\/\/www.urlaubcornwall.de\/blog\/hotels-snowdonia-nationalpark-mit-hund-zum-verlieben-einfach-ist-das\/\",\"name\":\"Hotels in Snowdonia Nationalpark mit Hund zum Verlieben \u2013 so einfach ist das! - Urlaub &amp; Reisen\",\"isPartOf\":{\"@id\":\"https:\/\/www.urlaubcornwall.de\/blog\/#website\"},\"datePublished\":\"2017-09-10T13:12:54+00:00\",\"dateModified\":\"2024-04-09T09:42:55+00:00\",\"breadcrumb\":{\"@id\":\"https:\/\/www.urlaubcornwall.de\/blog\/hotels-snowdonia-nationalpark-mit-hund-zum-verlieben-einfach-ist-das\/#breadcrumb\"},\"inLanguage\":\"en-US\",\"potentialAction\":[{\"@type\":\"ReadAction\",\"target\":[\"https:\/\/www.urlaubcornwall.de\/blog\/hotels-snowdonia-nationalpark-mit-hund-zum-verlieben-einfach-ist-das\/\"]}]},{\"@type\":\"BreadcrumbList\",\"@id\":\"https:\/\/www.urlaubcornwall.de\/blog\/hotels-snowdonia-nationalpark-mit-hund-zum-verlieben-einfach-ist-das\/#breadcrumb\",\"itemListElement\":[{\"@type\":\"ListItem\",\"position\":1,\"name\":\"Home\",\"item\":\"https:\/\/www.urlaubcornwall.de\/blog\/\"},{\"@type\":\"ListItem\",\"position\":2,\"name\":\"Hotels in Snowdonia Nationalpark mit Hund zum Verlieben \u2013 so einfach ist das!\"}]}]}<\/script>\n<!-- \/ Yoast SEO plugin. -->","yoast_head_json":{"title":"Hotels in Snowdonia Nationalpark mit Hund zum Verlieben \u2013 so einfach ist das! - Urlaub &amp; Reisen","robots":{"index":"index","follow":"follow","max-snippet":"max-snippet:-1","max-image-preview":"max-image-preview:large","max-video-preview":"max-video-preview:-1"},"canonical":"https:\/\/www.urlaubcornwall.de\/blog\/hotels-snowdonia-nationalpark-mit-hund-zum-verlieben-einfach-ist-das\/","og_locale":"en_US","og_type":"article","og_title":"Hotels in Snowdonia Nationalpark mit Hund zum Verlieben \u2013 so einfach ist das! - Urlaub &amp; Reisen","og_description":"Die sch\u00f6nsten Hundefreundliche Hotels in Snowdonia Nationalpark &#8211; Snowdonia mit seinen 2 142 Quadratkilometern ist der zweitgr\u00f6\u00dfte Nationalpark Britanniens nach dem Lake Distrikt; es ist einer der beliebtesten Urlaubsziele des Vereinigte K\u00f6nigreich zum Wandern und Urlaube im Freien und hat einige der besten K\u00fcstenlandschaften von Wales. Hotels in Snowdonia &#8211; Haustiere erlaubt &#8211; Mit dem [&hellip;]","og_url":"https:\/\/www.urlaubcornwall.de\/blog\/hotels-snowdonia-nationalpark-mit-hund-zum-verlieben-einfach-ist-das\/","og_site_name":"Urlaub &amp; Reisen","article_modified_time":"2024-04-09T09:42:55+00:00","og_image":[{"url":"https:\/\/www.urlaubcornwall.de\/blog\/wp-content\/uploads\/2024\/03\/snowdonia-wales.jpg"}],"twitter_card":"summary","twitter_misc":{"Est. reading time":"3 minutes"},"schema":{"@context":"https:\/\/schema.org","@graph":[{"@type":"WebSite","@id":"https:\/\/www.urlaubcornwall.de\/blog\/#website","url":"https:\/\/www.urlaubcornwall.de\/blog\/","name":"Urlaub &amp; Reisen","description":"Urlaub, Reisen, Cornwall und S\u00fcdengland: eine perfekte Kombination","potentialAction":[{"@type":"SearchAction","target":{"@type":"EntryPoint","urlTemplate":"https:\/\/www.urlaubcornwall.de\/blog\/?s={search_term_string}"},"query-input":"required name=search_term_string"}],"inLanguage":"en-US"},{"@type":"WebPage","@id":"https:\/\/www.urlaubcornwall.de\/blog\/hotels-snowdonia-nationalpark-mit-hund-zum-verlieben-einfach-ist-das\/","url":"https:\/\/www.urlaubcornwall.de\/blog\/hotels-snowdonia-nationalpark-mit-hund-zum-verlieben-einfach-ist-das\/","name":"Hotels in Snowdonia Nationalpark mit Hund zum Verlieben \u2013 so einfach ist das! - Urlaub &amp; Reisen","isPartOf":{"@id":"https:\/\/www.urlaubcornwall.de\/blog\/#website"},"datePublished":"2017-09-10T13:12:54+00:00","dateModified":"2024-04-09T09:42:55+00:00","breadcrumb":{"@id":"https:\/\/www.urlaubcornwall.de\/blog\/hotels-snowdonia-nationalpark-mit-hund-zum-verlieben-einfach-ist-das\/#breadcrumb"},"inLanguage":"en-US","potentialAction":[{"@type":"ReadAction","target":["https:\/\/www.urlaubcornwall.de\/blog\/hotels-snowdonia-nationalpark-mit-hund-zum-verlieben-einfach-ist-das\/"]}]},{"@type":"BreadcrumbList","@id":"https:\/\/www.urlaubcornwall.de\/blog\/hotels-snowdonia-nationalpark-mit-hund-zum-verlieben-einfach-ist-das\/#breadcrumb","itemListElement":[{"@type":"ListItem","position":1,"name":"Home","item":"https:\/\/www.urlaubcornwall.de\/blog\/"},{"@type":"ListItem","position":2,"name":"Hotels in Snowdonia Nationalpark mit Hund zum Verlieben \u2013 so einfach ist das!"}]}]}},"_links":{"self":[{"href":"https:\/\/www.urlaubcornwall.de\/blog\/wp-json\/wp\/v2\/pages\/29198"}],"collection":[{"href":"https:\/\/www.urlaubcornwall.de\/blog\/wp-json\/wp\/v2\/pages"}],"about":[{"href":"https:\/\/www.urlaubcornwall.de\/blog\/wp-json\/wp\/v2\/types\/page"}],"author":[{"embeddable":true,"href":"https:\/\/www.urlaubcornwall.de\/blog\/wp-json\/wp\/v2\/users\/1"}],"replies":[{"embeddable":true,"href":"https:\/\/www.urlaubcornwall.de\/blog\/wp-json\/wp\/v2\/comments?post=29198"}],"version-history":[{"count":7,"href":"https:\/\/www.urlaubcornwall.de\/blog\/wp-json\/wp\/v2\/pages\/29198\/revisions"}],"predecessor-version":[{"id":49118,"href":"https:\/\/www.urlaubcornwall.de\/blog\/wp-json\/wp\/v2\/pages\/29198\/revisions\/49118"}],"wp:attachment":[{"href":"https:\/\/www.urlaubcornwall.de\/blog\/wp-json\/wp\/v2\/media?parent=29198"}],"curies":[{"name":"wp","href":"https:\/\/api.w.org\/{rel}","templated":true}]}}