{"id":29196,"date":"2017-09-10T13:07:16","date_gmt":"2017-09-10T13:07:16","guid":{"rendered":"https:\/\/www.urlaubcornwall.de\/blog\/?page_id=29196"},"modified":"2024-04-09T09:43:09","modified_gmt":"2024-04-09T09:43:09","slug":"hotels-snowdonia-nationalpark-zum-verlieben-einfach-ist-das","status":"publish","type":"page","link":"https:\/\/www.urlaubcornwall.de\/blog\/hotels-snowdonia-nationalpark-zum-verlieben-einfach-ist-das\/","title":{"rendered":"Hotels in Snowdonia Nationalpark zum Verlieben \u2013 so einfach ist das!"},"content":{"rendered":"<p><img loading=\"lazy\" class=\"aligncenter size-full wp-image-47831\" src=\"https:\/\/www.urlaubcornwall.de\/blog\/wp-content\/uploads\/2024\/03\/snowdonia-wales.jpg\" alt=\"snowdonia wales\" width=\"750\" height=\"422\" srcset=\"https:\/\/www.urlaubcornwall.de\/blog\/wp-content\/uploads\/2024\/03\/snowdonia-wales.jpg 750w, https:\/\/www.urlaubcornwall.de\/blog\/wp-content\/uploads\/2024\/03\/snowdonia-wales-300x169.jpg 300w\" sizes=\"(max-width: 750px) 100vw, 750px\" \/><\/p>\n<p style=\"text-align: left;\"><strong>Die sch\u00f6nsten Hotels in Snowdonia Nationalpark &#8211; <\/strong>Snowdonia mit seinen 2 142 Quadratkilometern ist der zweitgr\u00f6\u00dfte Nationalpark Britanniens nach dem Lake Distrikt; es ist einer der beliebtesten Urlaubsziele des Vereinigte K\u00f6nigreich zum Wandern und Urlaube im Freien und hat einige der besten <a href=\"https:\/\/www.urlaubcornwall.de\/reiseziel\/wales.php\">K\u00fcstenlandschaften von Wales<\/a>.<\/p>\n<p style=\"text-align: left;\">F\u00fcr all jene, die innerhalb von <a href=\"https:\/\/www.urlaubcornwall.de\/blog\/urlaub-in-snowdonia-sehenswuerdigkeiten-und-unterkunft\/\">Snowdonias wundervoller Landschaft<\/a> untergebracht sein wollen, k\u00f6nnen wir fantastische Hotels&nbsp; anbieten, die jedem Geldbeutel gerecht werden, von B&amp;Bs oder Familienhotels, die ein gro\u00dfartiges Preis-Leistungsverh\u00e4ltnis, Hundefreundliche, Last Minute Angebote und M\u00f6glichkeiten f\u00fcr Kinder bieten bis hin zu Luxus-Spa-Hotels, eleganten Herrenh\u00e4usern oder f\u00fcnf-Sterne Schloss- und Boutique-Hotels.<\/p>\n<h2><a href=\"https:\/\/www.booking.com\/hotel\/gb\/plas-dinas-country-house.html?aid=1320750&amp;no_rooms=1&amp;group_adults=2&amp;room1=A%2CA\" rel=\"nofollow\"><span style=\"text-decoration: underline;\"><strong> Plas Dinas Country House \u2013 5 Sterne Luxus-Landhaushotel<\/strong><\/span><\/a><\/h2>\n<p>Das Plas Dinas Country House war einst das Zuhause von Lord Snowdon. Das traditionelle Landhaus erwartet Sie heutzutage mit Unterk\u00fcnften und befindet sich auf einem 6 ha gro\u00dfen, wundersch\u00f6nen Grundst\u00fcck. WLAN steht in allen Bereichen der Unterkunft kostenfrei zur Verf\u00fcgung&#8230;&#8230;&#8230;&#8230;<a href=\"https:\/\/www.booking.com\/hotel\/gb\/plas-dinas-country-house.html?aid=1320750&amp;no_rooms=1&amp;group_adults=2&amp;room1=A%2CA\" rel=\"nofollow\">[Mehr]<\/a><\/p>\n<h2><a href=\"https:\/\/www.booking.com\/hotel\/gb\/pale-hall.html?aid=1320750&amp;no_rooms=1&amp;group_adults=2&amp;room1=A%2CA \" rel=\"nofollow\"><span style=\"text-decoration: underline;\"><strong> Pale Hall \u2013 5 Sterne Herrenhaus Hotel<\/strong><\/span><\/a><\/h2>\n<p>Das am Rande des Nationalparks Snowdonia gelegene Hotel Pal\u00e9 Hall ist in einem viktorianischen Herrenhaus untergebracht und erwartet Sie mit eleganten Zimmern. Die Drawing Room Lounge verf\u00fcgt \u00fcber eine handbemalte Kuppel und eine Marmorbar&#8230;&#8230;&#8230;.<a href=\"https:\/\/www.booking.com\/hotel\/gb\/pale-hall.html?aid=1320750&amp;no_rooms=1&amp;group_adults=2&amp;room1=A%2CA\" rel=\"nofollow\">[Mehr]<\/a><\/p>\n<h2><a href=\"https:\/\/www.booking.com\/hotel\/gb\/aberdunant-hall-country.html?aid=1320750&amp;no_rooms=1&amp;group_adults=2&amp;room1=A%2CA\" rel=\"nofollow\"><span style=\"text-decoration: underline;\"><strong> Aberdunant Hall Country Hotel \u2013 4 Sterne Landhaus<\/strong><\/span><\/a><\/h2>\n<p>Im Nationalpark Snowdonia begr\u00fc\u00dft Sie das Dunant Hall Country Hotel. Die Unterkunft aus dem 17. Jahrhundert befindet sich auf einem 200 Hektar gro\u00dfen Waldgel\u00e4nde auf einem idyllischen gehobenen Campingplatz. Die Parkpl\u00e4tze an der Unterkunft nutzen Sie kostenfrei. Freuen Sie sich auf viele original erhaltene Elemente, wie Holzbalkendecken, Kamine und Glasmalereien. Der Garten und die Terrasse laden zum Entspannen ein&#8230;&#8230;&#8230;<a href=\"https:\/\/www.booking.com\/hotel\/gb\/aberdunant-hall-country.html?aid=1320750&amp;no_rooms=1&amp;group_adults=2&amp;room1=A%2CA\" rel=\"nofollow\">[Mehr]<\/a><\/p>\n<p><ins class=\"bookingaff\" data-aid=\"2193224\" data-target_aid=\"2193224\" data-prod=\"map\" data-width=\"100%\" data-height=\"590\" data-lang=\"ualng\" data-dest_id=\"0\" data-dest_type=\"landmark\" data-latitude=\"53.0932155\" data-longitude=\"-3.801704\" data-mwhsb=\"0\" data-address=\"Snowdonia National Park, Gwynedd, UK\"><br \/>\n    <!-- Anything inside will go away once widget is loaded. --><br \/>\n        <a href=\"\/\/www.booking.com?aid=2193224\" rel=\"nofollow\">Booking.com<\/a><br \/>\n<\/ins><br \/>\n<script type=\"text\/javascript\">\n    (function(d, sc, u) {\n      var s = d.createElement(sc), p = d.getElementsByTagName(sc)[0];\n      s.type = 'text\/javascript';\n      s.async = true;\n      s.src = u + '?v=' + (+new Date());\n      p.parentNode.insertBefore(s,p);\n      })(document, 'script', '\/\/aff.bstatic.com\/static\/affiliate_base\/js\/flexiproduct.js');\n<\/script><\/p>\n<h2><a href=\"https:\/\/www.booking.com\/hotel\/gb\/the-portmeirion-castell-deudraeth.html?aid=1320750&amp;no_rooms=1&amp;group_adults=2&amp;room1=A%2CA \" rel=\"nofollow\"><span style=\"text-decoration: underline;\"><strong> Portmeirion Village &amp; Castell Deudraeth &#8211; Hotel &amp; Spa am Strand<\/strong><\/span><\/a><\/h2>\n<p>Die von einem vision\u00e4ren Architekten im Jahre 1925 erbaute Unterkunft Portmeirion Village &amp; Castell Deudraeth bietet Aussicht auf den sch\u00f6nen Meeresarm Dywryd. Das Hotel begr\u00fc\u00dft Sie etwas s\u00fcdlich der K\u00fcstenstadt Porthmadog auf einer privaten Halbinsel. Freuen Sie sich auf ein Spa- und Wellnesscenter, einen hauseigenen Minimarkt, eine Bar und ein Restaurant&#8230;&#8230;&#8230;..<a href=\"https:\/\/www.booking.com\/hotel\/gb\/the-portmeirion-castell-deudraeth.html?aid=1320750&amp;no_rooms=1&amp;group_adults=2&amp;room1=A%2CA \" rel=\"nofollow\">[Mehr]<\/a><\/p>\n<h2><a href=\" https:\/\/www.booking.com\/hotel\/gb\/craig-y-dderwen-riverside.html?aid=1320750&amp;no_rooms=1&amp;group_adults=2&amp;room1=A%2CA \" rel=\"nofollow\"><span style=\"text-decoration: underline;\"><strong> Craig-y-Dderwen Hotel \u2013 Landhaushotel mit Flussblick<\/strong><\/span><\/a><\/h2>\n<p>Umgeben von ruhigen bewaldeten H\u00e4ngen am Ufer des Flusses Conwy auf einer 6,5 Hektar gro\u00dfen Fl\u00e4che bietet Ihnen dieses preisgekr\u00f6nte, viktorianische 4-Sterne-Landhaus eine einzigartige Lage im Dorf sowie vor allem Ruhe und Entspannung&#8230;&#8230;&#8230;..<a href=\" https:\/\/www.booking.com\/hotel\/gb\/craig-y-dderwen-riverside.html?aid=1320750&amp;no_rooms=1&amp;group_adults=2&amp;room1=A%2CA \" rel=\"nofollow\">[Mehr]<\/a><\/p>\n<h2><a href=\" htts:\/\/www.booking.com\/hotel\/gb\/the-celtic-royal.html?aid=1320750&amp;no_rooms=1&amp;group_adults=2&amp;room1=A%2CA \" rel=\"nofollow\"><span style=\"text-decoration: underline;\"><strong> The Celtic Royal Hotel \u2013 3 Sterne<\/strong><\/span><\/a><\/h2>\n<p>Das Celtic Royal Hotel verf\u00fcgt \u00fcber ein Fitnessstudio und kostenfreies WLAN. Das Hotel befindet sich im Zentrum von Caernarfon, nur 10 Gehminuten vom Hafen von Caernarfon entfernt&#8230;&#8230;&#8230;&#8230;<a href=\" https:\/\/www.booking.com\/hotel\/gb\/the-celtic-royal.html?aid=1320750&amp;no_rooms=1&amp;group_adults=2&amp;room1=A%2CA\" rel=\"nofollow\">[Mehr]<\/a><\/p>\n<h2><a href=\"https:\/\/www.booking.com\/hotel\/gb\/royal-goat.html?aid=1320750&amp;no_rooms=1&amp;group_adults=2&amp;room1=A%2CA \" rel=\"nofollow\"><span style=\"text-decoration: underline;\"><strong> Royal Goat Hotel \u2013 3 Sterne mit&nbsp;<span id=\"result_box\" class=\"short_text\" lang=\"de\"><span class=\"\">Bergblick<\/span><\/span><\/strong><\/span><\/a><\/h2>\n<p>Im Herzen des Nationalparks Snowdonia hei\u00dft Sie das Royal Goat Hotel mit leckerem Essen und gem\u00fctlichen Zimmern willkommen. Freuen Sie sich auf eine beeindruckende Aussicht auf die malerischen Berge&#8230;&#8230;&#8230;&#8230;<a href=\"https:\/\/www.booking.com\/hotel\/gb\/royal-goat.html?aid=1320750&amp;no_rooms=1&amp;group_adults=2&amp;room1=A%2CA\" rel=\"nofollow\">[Mehr]<\/a><\/p>\n<h2><a href=\"https:\/\/www.booking.com\/hotel\/gb\/qualityroyalvictoriahotel.html?aid=1320750&amp;no_rooms=1&amp;group_adults=2&amp;room1=A%2CA\" rel=\"nofollow\"><span style=\"text-decoration: underline;\"><strong> Royal Victoria Hotel Snowdonia \u2013 3 Sterne<\/strong><\/span><\/a><\/h2>\n<p>Am Fu\u00dfe des Bergs Snowdon begr\u00fc\u00dft Sie das zwischen den Seen Llyn Padarn und Llyn Peries gelegene Royal Victoria Hotel. Die Schlafzimmer sind mit einer Badewanne, einer Dusche und Sat-TV ausgestattet&#8230;&#8230;&#8230;..<a href=\"https:\/\/www.booking.com\/hotel\/gb\/qualityroyalvictoriahotel.html?aid=1320750&amp;no_rooms=1&amp;group_adults=2&amp;room1=A%2CA\" rel=\"nofollow\">[Mehr]<\/a><\/p>\n<h2><a href=\"https:\/\/www.booking.com\/hotel\/gb\/dovey-inn.html?aid=1320750&amp;no_rooms=1&amp;group_adults=2&amp;room1=A%2CA\" rel=\"nofollow\"><span style=\"text-decoration: underline;\"><strong> Dovey Inn &#8211; G\u00fcnstig Hotel am Strand<\/strong><\/span><\/a><\/h2>\n<p>Diese Unterkunft ist 9 Gehminuten vom Strand entfernt. Im malerischen walisischen Ferienort Aberdyfi befindet sich dieses charmante Hotel an der M\u00fcndung Dovey, die Teil der walisischen K\u00fcste und des Nationalparks Snowdonia National Park bildet&#8230;&#8230;&#8230;.<a href=\"https:\/\/www.booking.com\/hotel\/gb\/dovey-inn.html?aid=1320750&amp;no_rooms=1&amp;group_adults=2&amp;room1=A%2CA\" rel=\"nofollow\">[Mehr]<\/a><\/p>\n<p style=\"text-align: center;\"><a class=\"tidycta\" href=\"https:\/\/www.booking.com\/searchresults.html?region=1127&amp;aid=1320750&amp;no_rooms=1&amp;group_adults=2&amp;room1=A%2CA\" rel=\"nofollow\">Suche Hotels in Anglesey<\/a><\/p>\n<p><strong>Entdecken Sie die Mythen und Legenden &#8211; <\/strong>Wales oder Cymru, wie es auf Keltisch hei\u00dft, ist \u00fcberwiegend bergiges Land im Westen Englands. Es ist ein Landstrich voller Bergketten, saftigen T\u00e4lern und alten Burgen, verf\u00fcgt \u00fcber einige der \u00e4ltesten Gesteine der Erde und den h\u00f6chsten Punkt Britanniens s\u00fcdlich der schottischen Grenze. In Wales gibt es auch drei Nationalparks; Snowdonia, Pembrokeshire und die Brecon Beacons&#8230;<a href=\"https:\/\/www.urlaubcornwall.de\/reiseziel\/wales.php\">[ Mehr ]<\/a><\/p>\n<div class=\"snippet\"> <a class=\"featured-item\" href=\" https:\/\/www.urlaubcornwall.de\/ferienhaeuser\/wales.php\"> <span class=\"image-holder\" style=\"background-image: url(' https:\/\/www.urlaubcornwall.de\/blog\/wp-content\/uploads\/2018\/12\/busreisen-wales-england.jpg');\"><\/span> <span class=\"featured-content\"> \n<h2 class=\"featured-title\">Bei uns finden Sie Ferienh\u00e4user in Wales zum Verlieben!<\/h2>\n<p class=\"featured-body\">Untenstehend finden Sie eine Auswahl an Selbstversorger-Ferienh\u00e4usern in Wales. Hier finden Sie handverlesene, pers\u00f6nlich inspizierte Cottages entlang der walisischen K\u00fcste&#8230;..<\/p>\n<\/span> <span class=\"featured-link-holder\"> <span class=\"featured-extra-info\"> \n<p>F\u00fcr Paare, Familien &#038; Gruppen<\/p>\n<\/span> \n<p class=\"featured-link\">DETAILS<\/p>\n<\/span> <\/a><\/div>\n<p style=\"text-align: center;\"><a class=\"tidycta\" href=\"https:\/\/www.urlaubcornwall.de\/ferienhaeuser\/wales.php\">Ferienh\u00e4user Wales<\/a><\/p>\n<p>UrlaubCornwall.de hat eine einzigartige Sammlung pers\u00f6nlich inspizierter Ferienh\u00e4user und Ferienwohnungen in Wales, <a href=\"https:\/\/www.urlaubcornwall.de\/ferienhaeuser\/wales.php\">S\u00fcdengland<\/a> und nun auch im gesamten Gro\u00dfbritannien. <\/p>\n","protected":false},"excerpt":{"rendered":"<p>Die sch\u00f6nsten Hotels in Snowdonia Nationalpark &#8211; Snowdonia mit seinen 2 142 Quadratkilometern ist der zweitgr\u00f6\u00dfte Nationalpark Britanniens nach dem Lake Distrikt; es ist einer der beliebtesten Urlaubsziele des Vereinigte K\u00f6nigreich zum Wandern und Urlaube im Freien und hat einige der besten K\u00fcstenlandschaften von Wales. F\u00fcr all jene, die innerhalb von Snowdonias wundervoller Landschaft untergebracht [&hellip;]<\/p>\n","protected":false},"author":1,"featured_media":0,"parent":0,"menu_order":0,"comment_status":"closed","ping_status":"closed","template":"single-four.php","meta":[],"acf":[],"yoast_head":"<!-- This site is optimized with the Yoast SEO plugin v19.4 - https:\/\/yoast.com\/wordpress\/plugins\/seo\/ -->\n<title>Hotels in Snowdonia Nationalpark zum Verlieben \u2013 so einfach ist das! - Urlaub &amp; Reisen<\/title>\n<meta name=\"robots\" content=\"index, follow, max-snippet:-1, max-image-preview:large, max-video-preview:-1\" \/>\n<link rel=\"canonical\" href=\"https:\/\/www.urlaubcornwall.de\/blog\/hotels-snowdonia-nationalpark-zum-verlieben-einfach-ist-das\/\" \/>\n<meta property=\"og:locale\" content=\"en_US\" \/>\n<meta property=\"og:type\" content=\"article\" \/>\n<meta property=\"og:title\" content=\"Hotels in Snowdonia Nationalpark zum Verlieben \u2013 so einfach ist das! - Urlaub &amp; Reisen\" \/>\n<meta property=\"og:description\" content=\"Die sch\u00f6nsten Hotels in Snowdonia Nationalpark &#8211; Snowdonia mit seinen 2 142 Quadratkilometern ist der zweitgr\u00f6\u00dfte Nationalpark Britanniens nach dem Lake Distrikt; es ist einer der beliebtesten Urlaubsziele des Vereinigte K\u00f6nigreich zum Wandern und Urlaube im Freien und hat einige der besten K\u00fcstenlandschaften von Wales. F\u00fcr all jene, die innerhalb von Snowdonias wundervoller Landschaft untergebracht [&hellip;]\" \/>\n<meta property=\"og:url\" content=\"https:\/\/www.urlaubcornwall.de\/blog\/hotels-snowdonia-nationalpark-zum-verlieben-einfach-ist-das\/\" \/>\n<meta property=\"og:site_name\" content=\"Urlaub &amp; Reisen\" \/>\n<meta property=\"article:modified_time\" content=\"2024-04-09T09:43:09+00:00\" \/>\n<meta property=\"og:image\" content=\"https:\/\/www.urlaubcornwall.de\/blog\/wp-content\/uploads\/2024\/03\/snowdonia-wales.jpg\" \/>\n<meta name=\"twitter:card\" content=\"summary\" \/>\n<meta name=\"twitter:label1\" content=\"Est. reading time\" \/>\n\t<meta name=\"twitter:data1\" content=\"4 minutes\" \/>\n<script type=\"application\/ld+json\" class=\"yoast-schema-graph\">{\"@context\":\"https:\/\/schema.org\",\"@graph\":[{\"@type\":\"WebSite\",\"@id\":\"https:\/\/www.urlaubcornwall.de\/blog\/#website\",\"url\":\"https:\/\/www.urlaubcornwall.de\/blog\/\",\"name\":\"Urlaub &amp; Reisen\",\"description\":\"Urlaub, Reisen, Cornwall und S\u00fcdengland: eine perfekte Kombination\",\"potentialAction\":[{\"@type\":\"SearchAction\",\"target\":{\"@type\":\"EntryPoint\",\"urlTemplate\":\"https:\/\/www.urlaubcornwall.de\/blog\/?s={search_term_string}\"},\"query-input\":\"required name=search_term_string\"}],\"inLanguage\":\"en-US\"},{\"@type\":\"WebPage\",\"@id\":\"https:\/\/www.urlaubcornwall.de\/blog\/hotels-snowdonia-nationalpark-zum-verlieben-einfach-ist-das\/\",\"url\":\"https:\/\/www.urlaubcornwall.de\/blog\/hotels-snowdonia-nationalpark-zum-verlieben-einfach-ist-das\/\",\"name\":\"Hotels in Snowdonia Nationalpark zum Verlieben \u2013 so einfach ist das! - Urlaub &amp; Reisen\",\"isPartOf\":{\"@id\":\"https:\/\/www.urlaubcornwall.de\/blog\/#website\"},\"datePublished\":\"2017-09-10T13:07:16+00:00\",\"dateModified\":\"2024-04-09T09:43:09+00:00\",\"breadcrumb\":{\"@id\":\"https:\/\/www.urlaubcornwall.de\/blog\/hotels-snowdonia-nationalpark-zum-verlieben-einfach-ist-das\/#breadcrumb\"},\"inLanguage\":\"en-US\",\"potentialAction\":[{\"@type\":\"ReadAction\",\"target\":[\"https:\/\/www.urlaubcornwall.de\/blog\/hotels-snowdonia-nationalpark-zum-verlieben-einfach-ist-das\/\"]}]},{\"@type\":\"BreadcrumbList\",\"@id\":\"https:\/\/www.urlaubcornwall.de\/blog\/hotels-snowdonia-nationalpark-zum-verlieben-einfach-ist-das\/#breadcrumb\",\"itemListElement\":[{\"@type\":\"ListItem\",\"position\":1,\"name\":\"Home\",\"item\":\"https:\/\/www.urlaubcornwall.de\/blog\/\"},{\"@type\":\"ListItem\",\"position\":2,\"name\":\"Hotels in Snowdonia Nationalpark zum Verlieben \u2013 so einfach ist das!\"}]}]}<\/script>\n<!-- \/ Yoast SEO plugin. -->","yoast_head_json":{"title":"Hotels in Snowdonia Nationalpark zum Verlieben \u2013 so einfach ist das! - Urlaub &amp; Reisen","robots":{"index":"index","follow":"follow","max-snippet":"max-snippet:-1","max-image-preview":"max-image-preview:large","max-video-preview":"max-video-preview:-1"},"canonical":"https:\/\/www.urlaubcornwall.de\/blog\/hotels-snowdonia-nationalpark-zum-verlieben-einfach-ist-das\/","og_locale":"en_US","og_type":"article","og_title":"Hotels in Snowdonia Nationalpark zum Verlieben \u2013 so einfach ist das! - Urlaub &amp; Reisen","og_description":"Die sch\u00f6nsten Hotels in Snowdonia Nationalpark &#8211; Snowdonia mit seinen 2 142 Quadratkilometern ist der zweitgr\u00f6\u00dfte Nationalpark Britanniens nach dem Lake Distrikt; es ist einer der beliebtesten Urlaubsziele des Vereinigte K\u00f6nigreich zum Wandern und Urlaube im Freien und hat einige der besten K\u00fcstenlandschaften von Wales. F\u00fcr all jene, die innerhalb von Snowdonias wundervoller Landschaft untergebracht [&hellip;]","og_url":"https:\/\/www.urlaubcornwall.de\/blog\/hotels-snowdonia-nationalpark-zum-verlieben-einfach-ist-das\/","og_site_name":"Urlaub &amp; Reisen","article_modified_time":"2024-04-09T09:43:09+00:00","og_image":[{"url":"https:\/\/www.urlaubcornwall.de\/blog\/wp-content\/uploads\/2024\/03\/snowdonia-wales.jpg"}],"twitter_card":"summary","twitter_misc":{"Est. reading time":"4 minutes"},"schema":{"@context":"https:\/\/schema.org","@graph":[{"@type":"WebSite","@id":"https:\/\/www.urlaubcornwall.de\/blog\/#website","url":"https:\/\/www.urlaubcornwall.de\/blog\/","name":"Urlaub &amp; Reisen","description":"Urlaub, Reisen, Cornwall und S\u00fcdengland: eine perfekte Kombination","potentialAction":[{"@type":"SearchAction","target":{"@type":"EntryPoint","urlTemplate":"https:\/\/www.urlaubcornwall.de\/blog\/?s={search_term_string}"},"query-input":"required name=search_term_string"}],"inLanguage":"en-US"},{"@type":"WebPage","@id":"https:\/\/www.urlaubcornwall.de\/blog\/hotels-snowdonia-nationalpark-zum-verlieben-einfach-ist-das\/","url":"https:\/\/www.urlaubcornwall.de\/blog\/hotels-snowdonia-nationalpark-zum-verlieben-einfach-ist-das\/","name":"Hotels in Snowdonia Nationalpark zum Verlieben \u2013 so einfach ist das! - Urlaub &amp; Reisen","isPartOf":{"@id":"https:\/\/www.urlaubcornwall.de\/blog\/#website"},"datePublished":"2017-09-10T13:07:16+00:00","dateModified":"2024-04-09T09:43:09+00:00","breadcrumb":{"@id":"https:\/\/www.urlaubcornwall.de\/blog\/hotels-snowdonia-nationalpark-zum-verlieben-einfach-ist-das\/#breadcrumb"},"inLanguage":"en-US","potentialAction":[{"@type":"ReadAction","target":["https:\/\/www.urlaubcornwall.de\/blog\/hotels-snowdonia-nationalpark-zum-verlieben-einfach-ist-das\/"]}]},{"@type":"BreadcrumbList","@id":"https:\/\/www.urlaubcornwall.de\/blog\/hotels-snowdonia-nationalpark-zum-verlieben-einfach-ist-das\/#breadcrumb","itemListElement":[{"@type":"ListItem","position":1,"name":"Home","item":"https:\/\/www.urlaubcornwall.de\/blog\/"},{"@type":"ListItem","position":2,"name":"Hotels in Snowdonia Nationalpark zum Verlieben \u2013 so einfach ist das!"}]}]}},"_links":{"self":[{"href":"https:\/\/www.urlaubcornwall.de\/blog\/wp-json\/wp\/v2\/pages\/29196"}],"collection":[{"href":"https:\/\/www.urlaubcornwall.de\/blog\/wp-json\/wp\/v2\/pages"}],"about":[{"href":"https:\/\/www.urlaubcornwall.de\/blog\/wp-json\/wp\/v2\/types\/page"}],"author":[{"embeddable":true,"href":"https:\/\/www.urlaubcornwall.de\/blog\/wp-json\/wp\/v2\/users\/1"}],"replies":[{"embeddable":true,"href":"https:\/\/www.urlaubcornwall.de\/blog\/wp-json\/wp\/v2\/comments?post=29196"}],"version-history":[{"count":8,"href":"https:\/\/www.urlaubcornwall.de\/blog\/wp-json\/wp\/v2\/pages\/29196\/revisions"}],"predecessor-version":[{"id":49119,"href":"https:\/\/www.urlaubcornwall.de\/blog\/wp-json\/wp\/v2\/pages\/29196\/revisions\/49119"}],"wp:attachment":[{"href":"https:\/\/www.urlaubcornwall.de\/blog\/wp-json\/wp\/v2\/media?parent=29196"}],"curies":[{"name":"wp","href":"https:\/\/api.w.org\/{rel}","templated":true}]}}