{"id":29193,"date":"2017-09-10T12:36:05","date_gmt":"2017-09-10T12:36:05","guid":{"rendered":"https:\/\/www.urlaubcornwall.de\/blog\/?page_id=29193"},"modified":"2021-09-06T14:11:30","modified_gmt":"2021-09-06T14:11:30","slug":"hotels-cardiff-mit-hund-zum-verlieben-einfach-ist-das","status":"publish","type":"page","link":"https:\/\/www.urlaubcornwall.de\/blog\/hotels-cardiff-mit-hund-zum-verlieben-einfach-ist-das\/","title":{"rendered":"Hotels in Cardiff mit Hund zum Verlieben \u2013 so einfach ist das!"},"content":{"rendered":"<p><img loading=\"lazy\" class=\"aligncenter size-full wp-image-25691\" src=\"https:\/\/www.urlaubcornwall.de\/blog\/wp-content\/uploads\/2016\/12\/Schloss-cardiff-urlaub.jpg\" alt=\"hotel cardiff mit hund\" width=\"749\" height=\"360\"\/><\/p>\n<p style=\"text-align: left;\">Die sch\u00f6nsten Hundefreundliche Hotels in Cardiff f\u00fcr Ihren Urlaub in Wales &#8211; Mit dem Hund in den Urlaub zu fahren ist immer ein sch\u00f6nes Erlebnis, aber in Wales mit seinen herrlichen Landschaften ist ein Urlaub mit dem vierbeinigen Freund einfach traumhaft. Nach einem aufregenden Tag im Freien kann Ihre gesamte Familie den Abend entspannt zusammen in Ihrem fantastischen Hotel ausklingen lassen.<\/p>\n<p style=\"text-align: left;\">Cardiff ist erst seit 1955 die Hauptstadt von <a href=\"https:\/\/www.urlaubcornwall.de\/reiseziel\/wales.php\">Wales<\/a>, und entwickelte sich zu einer internationalen Kultur- und Handelsstadt, die spektakul\u00e4re Einkaufsm\u00f6glichkeiten bietet, Museen, Speisem\u00f6glichkeiten und Unterhaltung. Cardiff Castle ist eine von Wales f\u00fchrenden Attraktionen; Im Herzen der Stadt gelegen, hat es wundersch\u00f6ne Parkanlagen, m\u00e4rchenhafte T\u00fcrme und innerhalb der Mauern eine mehr als 2000 j\u00e4hrige Geschichte.<\/p>\n<p><ins class=\"bookingaff\" data-aid=\"2191474\" data-target_aid=\"2191474\" data-prod=\"map\" data-width=\"100%\" data-height=\"590\" data-lang=\"ualng\" data-dest_id=\"0\" data-dest_type=\"landmark\" data-latitude=\"51.481581\" data-longitude=\"-3.17909\" data-mwhsb=\"0\" data-address=\"Cardiff, UK\"><br \/>\n    <!-- Anything inside will go away once widget is loaded. --><br \/>\n        <a href=\"\/\/www.booking.com?aid=2191474\" rel=\"nofollow\">Booking.com<\/a><br \/>\n<\/ins><br \/>\n<script type=\"text\/javascript\">\n    (function(d, sc, u) {\n      var s = d.createElement(sc), p = d.getElementsByTagName(sc)[0];\n      s.type = 'text\/javascript';\n      s.async = true;\n      s.src = u + '?v=' + (+new Date());\n      p.parentNode.insertBefore(s,p);\n      })(document, 'script', '\/\/aff.bstatic.com\/static\/affiliate_base\/js\/flexiproduct.js');\n<\/script><\/p>\n<p>Entdecken Sie die Mythen und Legenden &#8211; Wales oder Cymru, wie es auf Keltisch hei\u00dft, ist \u00fcberwiegend bergiges Land im Westen Englands. Es ist ein Landstrich voller Bergketten, saftigen T\u00e4lern und alten Burgen, verf\u00fcgt \u00fcber einige der \u00e4ltesten Gesteine der Erde und den h\u00f6chsten Punkt Britanniens s\u00fcdlich der schottischen Grenze. In Wales gibt es auch drei Nationalparks; Snowdonia, Pembrokeshire und die Brecon Beacons&#8230;. <\/p>\n<p style=\"text-align: center;\"><a href=\"https:\/\/www.urlaubcornwall.de\/reiseziel\/wales.php\"><strong>[ Mehr ]<\/strong><\/a><\/p>\n<p style=\"text-align: center;\">UrlaubCornwall.de verf\u00fcgt Ferienh\u00e4user und Ferienwohnungen in Wales. Unterk\u00fcnfte der Spitzenklasse f\u00fcr 2 Personen, Familien und Gruppen mit 4, 6, 8, 10 oder 12 G\u00e4sten mit Hund.<\/p>\n<p style=\"text-align: center;\"><a class=\"tidycta\" href=\"https:\/\/www.urlaubcornwall.de\/ferienhaeuser-fewos\/wal\/suedwales\/suedwales.html\">Ferienh\u00e4user Wales<\/a><\/p>\n<p style=\"text-align: center;\">Um Wales in Ihre Rundreise durch Gro\u00dfbritannien mit einzugliedern, stellen Sie Ihre <a href=\"http:\/\/www.urlaubcornwall.de\/anfrage.php\">Anfrage<\/a> hier oder w\u00e4hlen Sie ein Ferienhaus aus unserer besten Auswahl handverlesener und inspizierter H\u00e4user aus.<\/p>\n<p style=\"text-align: center;\"><a href=\"http:\/\/www.urlaubcornwall.de\/\">UrlaubCornwall.de<\/a> ist ein in Cornwall ans\u00e4ssiges Unternehmen k\u00f6nnen wir uns mit 20 Jahren Erfahrung in der Organisation von Rundreisen durch S\u00fcdwest und S\u00fcdengland r\u00fchmen. Erfahren Sie mehr \u00fcber <a href=\"https:\/\/www.urlaubcornwall.de\/hotels.php\">unsere Hotels in Cornwall<\/a>.<\/p>\n","protected":false},"excerpt":{"rendered":"<p>Die sch\u00f6nsten Hundefreundliche Hotels in Cardiff f\u00fcr Ihren Urlaub in Wales &#8211; Mit dem Hund in den Urlaub zu fahren ist immer ein sch\u00f6nes Erlebnis, aber in Wales mit seinen herrlichen Landschaften ist ein Urlaub mit dem vierbeinigen Freund einfach traumhaft. Nach einem aufregenden Tag im Freien kann Ihre gesamte Familie den Abend entspannt zusammen [&hellip;]<\/p>\n","protected":false},"author":1,"featured_media":0,"parent":0,"menu_order":0,"comment_status":"closed","ping_status":"closed","template":"single-four.php","meta":[],"acf":[],"yoast_head":"<!-- This site is optimized with the Yoast SEO plugin v19.4 - https:\/\/yoast.com\/wordpress\/plugins\/seo\/ -->\n<title>Hotels in Cardiff mit Hund zum Verlieben \u2013 so einfach ist das! - Urlaub &amp; Reisen<\/title>\n<meta name=\"robots\" content=\"index, follow, max-snippet:-1, max-image-preview:large, max-video-preview:-1\" \/>\n<link rel=\"canonical\" href=\"https:\/\/www.urlaubcornwall.de\/blog\/hotels-cardiff-mit-hund-zum-verlieben-einfach-ist-das\/\" \/>\n<meta property=\"og:locale\" content=\"en_US\" \/>\n<meta property=\"og:type\" content=\"article\" \/>\n<meta property=\"og:title\" content=\"Hotels in Cardiff mit Hund zum Verlieben \u2013 so einfach ist das! - Urlaub &amp; Reisen\" \/>\n<meta property=\"og:description\" content=\"Die sch\u00f6nsten Hundefreundliche Hotels in Cardiff f\u00fcr Ihren Urlaub in Wales &#8211; Mit dem Hund in den Urlaub zu fahren ist immer ein sch\u00f6nes Erlebnis, aber in Wales mit seinen herrlichen Landschaften ist ein Urlaub mit dem vierbeinigen Freund einfach traumhaft. Nach einem aufregenden Tag im Freien kann Ihre gesamte Familie den Abend entspannt zusammen [&hellip;]\" \/>\n<meta property=\"og:url\" content=\"https:\/\/www.urlaubcornwall.de\/blog\/hotels-cardiff-mit-hund-zum-verlieben-einfach-ist-das\/\" \/>\n<meta property=\"og:site_name\" content=\"Urlaub &amp; Reisen\" \/>\n<meta property=\"article:modified_time\" content=\"2021-09-06T14:11:30+00:00\" \/>\n<meta property=\"og:image\" content=\"https:\/\/www.urlaubcornwall.de\/blog\/wp-content\/uploads\/2016\/12\/Schloss-cardiff-urlaub.jpg\" \/>\n<meta name=\"twitter:card\" content=\"summary\" \/>\n<meta name=\"twitter:label1\" content=\"Est. reading time\" \/>\n\t<meta name=\"twitter:data1\" content=\"1 minute\" \/>\n<script type=\"application\/ld+json\" class=\"yoast-schema-graph\">{\"@context\":\"https:\/\/schema.org\",\"@graph\":[{\"@type\":\"WebSite\",\"@id\":\"https:\/\/www.urlaubcornwall.de\/blog\/#website\",\"url\":\"https:\/\/www.urlaubcornwall.de\/blog\/\",\"name\":\"Urlaub &amp; Reisen\",\"description\":\"Urlaub, Reisen, Cornwall und S\u00fcdengland: eine perfekte Kombination\",\"potentialAction\":[{\"@type\":\"SearchAction\",\"target\":{\"@type\":\"EntryPoint\",\"urlTemplate\":\"https:\/\/www.urlaubcornwall.de\/blog\/?s={search_term_string}\"},\"query-input\":\"required name=search_term_string\"}],\"inLanguage\":\"en-US\"},{\"@type\":\"WebPage\",\"@id\":\"https:\/\/www.urlaubcornwall.de\/blog\/hotels-cardiff-mit-hund-zum-verlieben-einfach-ist-das\/\",\"url\":\"https:\/\/www.urlaubcornwall.de\/blog\/hotels-cardiff-mit-hund-zum-verlieben-einfach-ist-das\/\",\"name\":\"Hotels in Cardiff mit Hund zum Verlieben \u2013 so einfach ist das! - Urlaub &amp; Reisen\",\"isPartOf\":{\"@id\":\"https:\/\/www.urlaubcornwall.de\/blog\/#website\"},\"datePublished\":\"2017-09-10T12:36:05+00:00\",\"dateModified\":\"2021-09-06T14:11:30+00:00\",\"breadcrumb\":{\"@id\":\"https:\/\/www.urlaubcornwall.de\/blog\/hotels-cardiff-mit-hund-zum-verlieben-einfach-ist-das\/#breadcrumb\"},\"inLanguage\":\"en-US\",\"potentialAction\":[{\"@type\":\"ReadAction\",\"target\":[\"https:\/\/www.urlaubcornwall.de\/blog\/hotels-cardiff-mit-hund-zum-verlieben-einfach-ist-das\/\"]}]},{\"@type\":\"BreadcrumbList\",\"@id\":\"https:\/\/www.urlaubcornwall.de\/blog\/hotels-cardiff-mit-hund-zum-verlieben-einfach-ist-das\/#breadcrumb\",\"itemListElement\":[{\"@type\":\"ListItem\",\"position\":1,\"name\":\"Home\",\"item\":\"https:\/\/www.urlaubcornwall.de\/blog\/\"},{\"@type\":\"ListItem\",\"position\":2,\"name\":\"Hotels in Cardiff mit Hund zum Verlieben \u2013 so einfach ist das!\"}]}]}<\/script>\n<!-- \/ Yoast SEO plugin. -->","yoast_head_json":{"title":"Hotels in Cardiff mit Hund zum Verlieben \u2013 so einfach ist das! - Urlaub &amp; Reisen","robots":{"index":"index","follow":"follow","max-snippet":"max-snippet:-1","max-image-preview":"max-image-preview:large","max-video-preview":"max-video-preview:-1"},"canonical":"https:\/\/www.urlaubcornwall.de\/blog\/hotels-cardiff-mit-hund-zum-verlieben-einfach-ist-das\/","og_locale":"en_US","og_type":"article","og_title":"Hotels in Cardiff mit Hund zum Verlieben \u2013 so einfach ist das! - Urlaub &amp; Reisen","og_description":"Die sch\u00f6nsten Hundefreundliche Hotels in Cardiff f\u00fcr Ihren Urlaub in Wales &#8211; Mit dem Hund in den Urlaub zu fahren ist immer ein sch\u00f6nes Erlebnis, aber in Wales mit seinen herrlichen Landschaften ist ein Urlaub mit dem vierbeinigen Freund einfach traumhaft. Nach einem aufregenden Tag im Freien kann Ihre gesamte Familie den Abend entspannt zusammen [&hellip;]","og_url":"https:\/\/www.urlaubcornwall.de\/blog\/hotels-cardiff-mit-hund-zum-verlieben-einfach-ist-das\/","og_site_name":"Urlaub &amp; Reisen","article_modified_time":"2021-09-06T14:11:30+00:00","og_image":[{"url":"https:\/\/www.urlaubcornwall.de\/blog\/wp-content\/uploads\/2016\/12\/Schloss-cardiff-urlaub.jpg"}],"twitter_card":"summary","twitter_misc":{"Est. reading time":"1 minute"},"schema":{"@context":"https:\/\/schema.org","@graph":[{"@type":"WebSite","@id":"https:\/\/www.urlaubcornwall.de\/blog\/#website","url":"https:\/\/www.urlaubcornwall.de\/blog\/","name":"Urlaub &amp; Reisen","description":"Urlaub, Reisen, Cornwall und S\u00fcdengland: eine perfekte Kombination","potentialAction":[{"@type":"SearchAction","target":{"@type":"EntryPoint","urlTemplate":"https:\/\/www.urlaubcornwall.de\/blog\/?s={search_term_string}"},"query-input":"required name=search_term_string"}],"inLanguage":"en-US"},{"@type":"WebPage","@id":"https:\/\/www.urlaubcornwall.de\/blog\/hotels-cardiff-mit-hund-zum-verlieben-einfach-ist-das\/","url":"https:\/\/www.urlaubcornwall.de\/blog\/hotels-cardiff-mit-hund-zum-verlieben-einfach-ist-das\/","name":"Hotels in Cardiff mit Hund zum Verlieben \u2013 so einfach ist das! - Urlaub &amp; Reisen","isPartOf":{"@id":"https:\/\/www.urlaubcornwall.de\/blog\/#website"},"datePublished":"2017-09-10T12:36:05+00:00","dateModified":"2021-09-06T14:11:30+00:00","breadcrumb":{"@id":"https:\/\/www.urlaubcornwall.de\/blog\/hotels-cardiff-mit-hund-zum-verlieben-einfach-ist-das\/#breadcrumb"},"inLanguage":"en-US","potentialAction":[{"@type":"ReadAction","target":["https:\/\/www.urlaubcornwall.de\/blog\/hotels-cardiff-mit-hund-zum-verlieben-einfach-ist-das\/"]}]},{"@type":"BreadcrumbList","@id":"https:\/\/www.urlaubcornwall.de\/blog\/hotels-cardiff-mit-hund-zum-verlieben-einfach-ist-das\/#breadcrumb","itemListElement":[{"@type":"ListItem","position":1,"name":"Home","item":"https:\/\/www.urlaubcornwall.de\/blog\/"},{"@type":"ListItem","position":2,"name":"Hotels in Cardiff mit Hund zum Verlieben \u2013 so einfach ist das!"}]}]}},"_links":{"self":[{"href":"https:\/\/www.urlaubcornwall.de\/blog\/wp-json\/wp\/v2\/pages\/29193"}],"collection":[{"href":"https:\/\/www.urlaubcornwall.de\/blog\/wp-json\/wp\/v2\/pages"}],"about":[{"href":"https:\/\/www.urlaubcornwall.de\/blog\/wp-json\/wp\/v2\/types\/page"}],"author":[{"embeddable":true,"href":"https:\/\/www.urlaubcornwall.de\/blog\/wp-json\/wp\/v2\/users\/1"}],"replies":[{"embeddable":true,"href":"https:\/\/www.urlaubcornwall.de\/blog\/wp-json\/wp\/v2\/comments?post=29193"}],"version-history":[{"count":7,"href":"https:\/\/www.urlaubcornwall.de\/blog\/wp-json\/wp\/v2\/pages\/29193\/revisions"}],"predecessor-version":[{"id":42597,"href":"https:\/\/www.urlaubcornwall.de\/blog\/wp-json\/wp\/v2\/pages\/29193\/revisions\/42597"}],"wp:attachment":[{"href":"https:\/\/www.urlaubcornwall.de\/blog\/wp-json\/wp\/v2\/media?parent=29193"}],"curies":[{"name":"wp","href":"https:\/\/api.w.org\/{rel}","templated":true}]}}