{"id":29188,"date":"2017-09-10T12:32:21","date_gmt":"2017-09-10T12:32:21","guid":{"rendered":"https:\/\/www.urlaubcornwall.de\/blog\/?page_id=29188"},"modified":"2021-09-20T11:02:45","modified_gmt":"2021-09-20T11:02:45","slug":"schoensten-hotels-cardiff-zum-verlieben-einfach-ist-das","status":"publish","type":"page","link":"https:\/\/www.urlaubcornwall.de\/blog\/schoensten-hotels-cardiff-zum-verlieben-einfach-ist-das\/","title":{"rendered":"Besten Hotels in Cardiff zum Verlieben \u2013 so einfach ist das!"},"content":{"rendered":"<p><img loading=\"lazy\" class=\"aligncenter size-full wp-image-25691\" src=\"https:\/\/www.urlaubcornwall.de\/blog\/wp-content\/uploads\/2016\/12\/Schloss-cardiff-urlaub.jpg\" alt=\"hotel cardiff\" width=\"748\" height=\"390\"\/><\/p>\n<p style=\"text-align: left;\">Die sch\u00f6nsten Hotels in Cardiff f\u00fcr Ihren <a href=\"https:\/\/www.urlaubcornwall.de\/reiseziel\/wales.php\">Urlaub in Wales<\/a> &#8211;&nbsp; Cardiff ist erst seit 1955 die Hauptstadt von <a href=\"https:\/\/www.urlaubcornwall.de\/reiseziel\/wales.php\">Wales<\/a>, und entwickelte sich zu einer internationalen Kultur- und Handelsstadt, die spektakul\u00e4re Einkaufsm\u00f6glichkeiten bietet, Museen, Speisem\u00f6glichkeiten und Unterhaltung. Cardiff Castle ist eine von Wales f\u00fchrenden Attraktionen; Im Herzen der Stadt gelegen, hat es wundersch\u00f6ne Parkanlagen, m\u00e4rchenhafte T\u00fcrme und innerhalb der Mauern eine mehr als 2000 j\u00e4hrige Geschichte.<\/p>\n<p><ins class=\"bookingaff\" data-aid=\"2191474\" data-target_aid=\"2191474\" data-prod=\"map\" data-width=\"100%\" data-height=\"590\" data-lang=\"ualng\" data-dest_id=\"0\" data-dest_type=\"landmark\" data-latitude=\"51.481581\" data-longitude=\"-3.17909\" data-mwhsb=\"0\" data-address=\"Cardiff, UK\"><br \/>\n    <!-- Anything inside will go away once widget is loaded. --><br \/>\n        <a href=\"\/\/www.booking.com?aid=2191474\" rel=\"nofollow\">Booking.com<\/a><br \/>\n<\/ins><br \/>\n<script type=\"text\/javascript\">\n    (function(d, sc, u) {\n      var s = d.createElement(sc), p = d.getElementsByTagName(sc)[0];\n      s.type = 'text\/javascript';\n      s.async = true;\n      s.src = u + '?v=' + (+new Date());\n      p.parentNode.insertBefore(s,p);\n      })(document, 'script', '\/\/aff.bstatic.com\/static\/affiliate_base\/js\/flexiproduct.js');\n<\/script><\/p>\n<p style=\"text-align: left;\">F\u00fcr all jene, die innerhalb von <a href=\"https:\/\/www.urlaubcornwall.de\/reiseziel\/wales.php\">Waless wundervoller Landschaft<\/a> untergebracht sein wollen, k\u00f6nnen wir fantastische Hotels&nbsp; anbieten, die jedem Geldbeutel gerecht werden, von B&amp;Bs oder Familienhotels, die ein gro\u00dfartiges Preis-Leistungsverh\u00e4ltnis, Hundefreundliche, Last Minute Angebote und M\u00f6glichkeiten f\u00fcr Kinder bieten bis hin zu Luxus-Spa-Hotels, eleganten Herrenh\u00e4usern oder f\u00fcnf-Sterne Schloss- und Boutique-Hotels.<\/p>\n<p style=\"text-align: center;\"><strong>UrlaubCornwall.de verf\u00fcgt Ferienh\u00e4user und Ferienwohnungen in Wales<\/strong><\/p>\n<p>Unterk\u00fcnfte der Spitzenklasse f\u00fcr 2 Personen, Familien und Gruppen mit 4, 6, 8, 10 oder 12 G\u00e4sten mit Hund.<\/p>\n<p style=\"text-align: center;\"><a class=\"tidycta\" href=\"https:\/\/www.urlaubcornwall.de\/ferienhaeuser-fewos\/wal\/suedwales\/suedwales.html\">Ferienh\u00e4user Wales<\/a><\/p>\n<div class=\"snippet\"> <a class=\"featured-item\" href=\" https:\/\/www.urlaubcornwall.de\/ferienhaeuser\/wales.php\"> <span class=\"image-holder\" style=\"background-image: url(' https:\/\/www.urlaubcornwall.de\/blog\/wp-content\/uploads\/2018\/12\/busreisen-wales-england.jpg');\"><\/span> <span class=\"featured-content\"> \n<h2 class=\"featured-title\">Bei uns finden Sie Ferienh\u00e4user in Wales zum Verlieben!<\/h2>\n<p class=\"featured-body\">Untenstehend finden Sie eine Auswahl an Selbstversorger-Ferienh\u00e4usern in Wales. Hier finden Sie handverlesene, pers\u00f6nlich inspizierte Cottages entlang der walisischen K\u00fcste&#8230;..<\/p>\n<\/span> <span class=\"featured-link-holder\"> <span class=\"featured-extra-info\"> \n<p>F\u00fcr Paare, Familien &#038; Gruppen<\/p>\n<\/span> \n<p class=\"featured-link\">DETAILS<\/p>\n<\/span> <\/a><\/div>\n<p>UrlaubCornwall.de hat eine einzigartige Sammlung pers\u00f6nlich inspizierter Ferienh\u00e4user und Ferienwohnungen in <a href=\"https:\/\/www.urlaubcornwall.de\/ferienhaeuser\/wales.php\">Wales<\/a>, <a href=\"https:\/\/www.urlaubcornwall.de\/ferienhaeuser\/suedengland.php\">S\u00fcdengland<\/a> und nun auch im gesamten Gro\u00dfbritannien. <\/p>\n","protected":false},"excerpt":{"rendered":"<p>Die sch\u00f6nsten Hotels in Cardiff f\u00fcr Ihren Urlaub in Wales &#8211;&nbsp; Cardiff ist erst seit 1955 die Hauptstadt von Wales, und entwickelte sich zu einer internationalen Kultur- und Handelsstadt, die spektakul\u00e4re Einkaufsm\u00f6glichkeiten bietet, Museen, Speisem\u00f6glichkeiten und Unterhaltung. Cardiff Castle ist eine von Wales f\u00fchrenden Attraktionen; Im Herzen der Stadt gelegen, hat es wundersch\u00f6ne Parkanlagen, m\u00e4rchenhafte [&hellip;]<\/p>\n","protected":false},"author":1,"featured_media":0,"parent":0,"menu_order":0,"comment_status":"closed","ping_status":"closed","template":"single-four.php","meta":[],"acf":[],"yoast_head":"<!-- This site is optimized with the Yoast SEO plugin v19.4 - https:\/\/yoast.com\/wordpress\/plugins\/seo\/ -->\n<title>Besten Hotels in Cardiff zum Verlieben \u2013 so einfach ist das! - Urlaub &amp; Reisen<\/title>\n<meta name=\"robots\" content=\"index, follow, max-snippet:-1, max-image-preview:large, max-video-preview:-1\" \/>\n<link rel=\"canonical\" href=\"https:\/\/www.urlaubcornwall.de\/blog\/schoensten-hotels-cardiff-zum-verlieben-einfach-ist-das\/\" \/>\n<meta property=\"og:locale\" content=\"en_US\" \/>\n<meta property=\"og:type\" content=\"article\" \/>\n<meta property=\"og:title\" content=\"Besten Hotels in Cardiff zum Verlieben \u2013 so einfach ist das! - Urlaub &amp; Reisen\" \/>\n<meta property=\"og:description\" content=\"Die sch\u00f6nsten Hotels in Cardiff f\u00fcr Ihren Urlaub in Wales &#8211;&nbsp; Cardiff ist erst seit 1955 die Hauptstadt von Wales, und entwickelte sich zu einer internationalen Kultur- und Handelsstadt, die spektakul\u00e4re Einkaufsm\u00f6glichkeiten bietet, Museen, Speisem\u00f6glichkeiten und Unterhaltung. Cardiff Castle ist eine von Wales f\u00fchrenden Attraktionen; Im Herzen der Stadt gelegen, hat es wundersch\u00f6ne Parkanlagen, m\u00e4rchenhafte [&hellip;]\" \/>\n<meta property=\"og:url\" content=\"https:\/\/www.urlaubcornwall.de\/blog\/schoensten-hotels-cardiff-zum-verlieben-einfach-ist-das\/\" \/>\n<meta property=\"og:site_name\" content=\"Urlaub &amp; Reisen\" \/>\n<meta property=\"article:modified_time\" content=\"2021-09-20T11:02:45+00:00\" \/>\n<meta property=\"og:image\" content=\"https:\/\/www.urlaubcornwall.de\/blog\/wp-content\/uploads\/2016\/12\/Schloss-cardiff-urlaub.jpg\" \/>\n<meta name=\"twitter:card\" content=\"summary\" \/>\n<meta name=\"twitter:label1\" content=\"Est. reading time\" \/>\n\t<meta name=\"twitter:data1\" content=\"1 minute\" \/>\n<script type=\"application\/ld+json\" class=\"yoast-schema-graph\">{\"@context\":\"https:\/\/schema.org\",\"@graph\":[{\"@type\":\"WebSite\",\"@id\":\"https:\/\/www.urlaubcornwall.de\/blog\/#website\",\"url\":\"https:\/\/www.urlaubcornwall.de\/blog\/\",\"name\":\"Urlaub &amp; Reisen\",\"description\":\"Urlaub, Reisen, Cornwall und S\u00fcdengland: eine perfekte Kombination\",\"potentialAction\":[{\"@type\":\"SearchAction\",\"target\":{\"@type\":\"EntryPoint\",\"urlTemplate\":\"https:\/\/www.urlaubcornwall.de\/blog\/?s={search_term_string}\"},\"query-input\":\"required name=search_term_string\"}],\"inLanguage\":\"en-US\"},{\"@type\":\"WebPage\",\"@id\":\"https:\/\/www.urlaubcornwall.de\/blog\/schoensten-hotels-cardiff-zum-verlieben-einfach-ist-das\/\",\"url\":\"https:\/\/www.urlaubcornwall.de\/blog\/schoensten-hotels-cardiff-zum-verlieben-einfach-ist-das\/\",\"name\":\"Besten Hotels in Cardiff zum Verlieben \u2013 so einfach ist das! - Urlaub &amp; Reisen\",\"isPartOf\":{\"@id\":\"https:\/\/www.urlaubcornwall.de\/blog\/#website\"},\"datePublished\":\"2017-09-10T12:32:21+00:00\",\"dateModified\":\"2021-09-20T11:02:45+00:00\",\"breadcrumb\":{\"@id\":\"https:\/\/www.urlaubcornwall.de\/blog\/schoensten-hotels-cardiff-zum-verlieben-einfach-ist-das\/#breadcrumb\"},\"inLanguage\":\"en-US\",\"potentialAction\":[{\"@type\":\"ReadAction\",\"target\":[\"https:\/\/www.urlaubcornwall.de\/blog\/schoensten-hotels-cardiff-zum-verlieben-einfach-ist-das\/\"]}]},{\"@type\":\"BreadcrumbList\",\"@id\":\"https:\/\/www.urlaubcornwall.de\/blog\/schoensten-hotels-cardiff-zum-verlieben-einfach-ist-das\/#breadcrumb\",\"itemListElement\":[{\"@type\":\"ListItem\",\"position\":1,\"name\":\"Home\",\"item\":\"https:\/\/www.urlaubcornwall.de\/blog\/\"},{\"@type\":\"ListItem\",\"position\":2,\"name\":\"Besten Hotels in Cardiff zum Verlieben \u2013 so einfach ist das!\"}]}]}<\/script>\n<!-- \/ Yoast SEO plugin. -->","yoast_head_json":{"title":"Besten Hotels in Cardiff zum Verlieben \u2013 so einfach ist das! - Urlaub &amp; Reisen","robots":{"index":"index","follow":"follow","max-snippet":"max-snippet:-1","max-image-preview":"max-image-preview:large","max-video-preview":"max-video-preview:-1"},"canonical":"https:\/\/www.urlaubcornwall.de\/blog\/schoensten-hotels-cardiff-zum-verlieben-einfach-ist-das\/","og_locale":"en_US","og_type":"article","og_title":"Besten Hotels in Cardiff zum Verlieben \u2013 so einfach ist das! - Urlaub &amp; Reisen","og_description":"Die sch\u00f6nsten Hotels in Cardiff f\u00fcr Ihren Urlaub in Wales &#8211;&nbsp; Cardiff ist erst seit 1955 die Hauptstadt von Wales, und entwickelte sich zu einer internationalen Kultur- und Handelsstadt, die spektakul\u00e4re Einkaufsm\u00f6glichkeiten bietet, Museen, Speisem\u00f6glichkeiten und Unterhaltung. Cardiff Castle ist eine von Wales f\u00fchrenden Attraktionen; Im Herzen der Stadt gelegen, hat es wundersch\u00f6ne Parkanlagen, m\u00e4rchenhafte [&hellip;]","og_url":"https:\/\/www.urlaubcornwall.de\/blog\/schoensten-hotels-cardiff-zum-verlieben-einfach-ist-das\/","og_site_name":"Urlaub &amp; Reisen","article_modified_time":"2021-09-20T11:02:45+00:00","og_image":[{"url":"https:\/\/www.urlaubcornwall.de\/blog\/wp-content\/uploads\/2016\/12\/Schloss-cardiff-urlaub.jpg"}],"twitter_card":"summary","twitter_misc":{"Est. reading time":"1 minute"},"schema":{"@context":"https:\/\/schema.org","@graph":[{"@type":"WebSite","@id":"https:\/\/www.urlaubcornwall.de\/blog\/#website","url":"https:\/\/www.urlaubcornwall.de\/blog\/","name":"Urlaub &amp; Reisen","description":"Urlaub, Reisen, Cornwall und S\u00fcdengland: eine perfekte Kombination","potentialAction":[{"@type":"SearchAction","target":{"@type":"EntryPoint","urlTemplate":"https:\/\/www.urlaubcornwall.de\/blog\/?s={search_term_string}"},"query-input":"required name=search_term_string"}],"inLanguage":"en-US"},{"@type":"WebPage","@id":"https:\/\/www.urlaubcornwall.de\/blog\/schoensten-hotels-cardiff-zum-verlieben-einfach-ist-das\/","url":"https:\/\/www.urlaubcornwall.de\/blog\/schoensten-hotels-cardiff-zum-verlieben-einfach-ist-das\/","name":"Besten Hotels in Cardiff zum Verlieben \u2013 so einfach ist das! - Urlaub &amp; Reisen","isPartOf":{"@id":"https:\/\/www.urlaubcornwall.de\/blog\/#website"},"datePublished":"2017-09-10T12:32:21+00:00","dateModified":"2021-09-20T11:02:45+00:00","breadcrumb":{"@id":"https:\/\/www.urlaubcornwall.de\/blog\/schoensten-hotels-cardiff-zum-verlieben-einfach-ist-das\/#breadcrumb"},"inLanguage":"en-US","potentialAction":[{"@type":"ReadAction","target":["https:\/\/www.urlaubcornwall.de\/blog\/schoensten-hotels-cardiff-zum-verlieben-einfach-ist-das\/"]}]},{"@type":"BreadcrumbList","@id":"https:\/\/www.urlaubcornwall.de\/blog\/schoensten-hotels-cardiff-zum-verlieben-einfach-ist-das\/#breadcrumb","itemListElement":[{"@type":"ListItem","position":1,"name":"Home","item":"https:\/\/www.urlaubcornwall.de\/blog\/"},{"@type":"ListItem","position":2,"name":"Besten Hotels in Cardiff zum Verlieben \u2013 so einfach ist das!"}]}]}},"_links":{"self":[{"href":"https:\/\/www.urlaubcornwall.de\/blog\/wp-json\/wp\/v2\/pages\/29188"}],"collection":[{"href":"https:\/\/www.urlaubcornwall.de\/blog\/wp-json\/wp\/v2\/pages"}],"about":[{"href":"https:\/\/www.urlaubcornwall.de\/blog\/wp-json\/wp\/v2\/types\/page"}],"author":[{"embeddable":true,"href":"https:\/\/www.urlaubcornwall.de\/blog\/wp-json\/wp\/v2\/users\/1"}],"replies":[{"embeddable":true,"href":"https:\/\/www.urlaubcornwall.de\/blog\/wp-json\/wp\/v2\/comments?post=29188"}],"version-history":[{"count":11,"href":"https:\/\/www.urlaubcornwall.de\/blog\/wp-json\/wp\/v2\/pages\/29188\/revisions"}],"predecessor-version":[{"id":42976,"href":"https:\/\/www.urlaubcornwall.de\/blog\/wp-json\/wp\/v2\/pages\/29188\/revisions\/42976"}],"wp:attachment":[{"href":"https:\/\/www.urlaubcornwall.de\/blog\/wp-json\/wp\/v2\/media?parent=29188"}],"curies":[{"name":"wp","href":"https:\/\/api.w.org\/{rel}","templated":true}]}}