{"id":29172,"date":"2017-09-09T16:33:18","date_gmt":"2017-09-09T16:33:18","guid":{"rendered":"https:\/\/www.urlaubcornwall.de\/blog\/?page_id=29172"},"modified":"2024-05-30T09:34:38","modified_gmt":"2024-05-30T09:34:38","slug":"finden-sie-das-perfekte-ferienhaus-fuer-ihren-urlaub-grossbritannien-2018","status":"publish","type":"page","link":"https:\/\/www.urlaubcornwall.de\/blog\/finden-sie-das-perfekte-ferienhaus-fuer-ihren-urlaub-grossbritannien-2018\/","title":{"rendered":"Finden Sie das perfekte Ferienhaus f\u00fcr Ihren Urlaub in Gro\u00dfbritannien"},"content":{"rendered":"<p><img loading=\"lazy\" class=\"aligncenter size-full wp-image-29173\" src=\"https:\/\/www.urlaubcornwall.de\/blog\/wp-content\/uploads\/2017\/09\/feriencottage-am-meer.jpg\" alt=\"feriencottage am meer Gro\u00dfbritannien\" width=\"746\" height=\"372\" srcset=\"https:\/\/www.urlaubcornwall.de\/blog\/wp-content\/uploads\/2017\/09\/feriencottage-am-meer.jpg 746w, https:\/\/www.urlaubcornwall.de\/blog\/wp-content\/uploads\/2017\/09\/feriencottage-am-meer-300x150.jpg 300w\" sizes=\"(max-width: 746px) 100vw, 746px\" \/><\/p>\n<p>Urlaub in einem Ferienhaus zu verbringen, ist eine ideale M\u00f6glichkeit, die vielf\u00e4ltige und wundersch\u00f6ne Landschaft, die K\u00fcste, St\u00e4dte und D\u00f6rfer von <a href=\"https:\/\/www.urlaubcornwall.de\/reiseziel\/england.php\">England<\/a>, <a href=\"https:\/\/www.urlaubcornwall.de\/reiseziel\/schottland.php\">Schottland<\/a> und <a href=\"https:\/\/www.urlaubcornwall.de\/reiseziel\/wales.php\">Wales<\/a> zu genie\u00dfen. Ob Sie nun eine Familie mit Kindern und Hund sind, die ein traditionelles Cottage in Sussex sucht oder ein Paar auf der Ausschau nach einem gem\u00fctlichen R\u00fcckzugsort oder einem modernen Appartement am Meer in Cornwall, so k\u00f6nnen wir Ihnen helfen, die richtige Unterkunft zu finden.<\/p>\n<p>Hier finden Sie unseren F\u00fchrer zu quintessentiellen <a href=\"https:\/\/www.urlaubcornwall.de\/ferienhaeuser.php\">Ferienh\u00e4usern in den beliebtesten Regionen Gro\u00dfbritanniens<\/a>.<\/p>\n<p>F\u00fcr eine kleine Insel bietet Britannien eine bemerkenswerte Variation an Hausstilen. Diese enorme Vielfalt verleiht den traditionellen D\u00f6rfern und kleinen St\u00e4dten des Landes Charme. Aufgrund der enormen Vielf\u00e4ltigkeit von Britanniens geologischen Formationen hat jedes Gebiet des Landes einzigartige H\u00e4user. Wie das Gestein sich \u00e4ndert, von Kalkstein bis Feuerstein, von Granit bis Sandstein, so ver\u00e4ndern sich auch die Geb\u00e4ude in ihrem Aussehen und Reiz.<\/p>\n<p><strong><a href=\"https:\/\/www.urlaubcornwall.de\/reiseziel\/cotswolds.php\">Die Cotswolds<\/a><\/strong><\/p>\n<p><img loading=\"lazy\" class=\"aligncenter size-full wp-image-27292\" src=\"https:\/\/www.urlaubcornwall.de\/blog\/wp-content\/uploads\/2017\/03\/urlaub-cotswolds-bourton-on-the-water.jpg\" alt=\"urlaub cotswolds ferienhaus\" width=\"746\" height=\"332\" srcset=\"https:\/\/www.urlaubcornwall.de\/blog\/wp-content\/uploads\/2017\/03\/urlaub-cotswolds-bourton-on-the-water.jpg 746w, https:\/\/www.urlaubcornwall.de\/blog\/wp-content\/uploads\/2017\/03\/urlaub-cotswolds-bourton-on-the-water-300x134.jpg 300w\" sizes=\"(max-width: 746px) 100vw, 746px\" \/><\/p>\n<p>Diese Region, die sich \u00fcber einen Gro\u00dfteil von <a href=\"https:\/\/www.urlaubcornwall.de\/ferienhaeuser-fewos\/eng\/gloucestershire\/gloucestershire.html\">Gloucestershire<\/a> und West <a href=\"https:\/\/www.urlaubcornwall.de\/ferienhaeuser-fewos\/eng\/oxfordshire\/oxfordshire.html\">Oxfordshire<\/a> erstreckt und sich ausdehnt bis nach <a href=\"https:\/\/www.urlaubcornwall.de\/ferienhaeuser-fewos\/eng\/wiltshire\/wiltshire.html\">Wiltshire<\/a>, <a href=\"https:\/\/www.urlaubcornwall.de\/ferienhaeuser-fewos\/eng\/worcestershire\/worcestershire.html\">Worcestershire<\/a> und <a href=\"https:\/\/www.urlaubcornwall.de\/ferienhaeuser-fewos\/eng\/warwickshire\/warwickshire.html\">Warwickshire<\/a>, ist bekannt f\u00fcr seine traditionellen Geb\u00e4ude aus Kalksgestein vor Ort. Die Pracht des warm goldenen Cotswold Kalkgesteins, das in den verschiedenen Teilen des Gebietes erheblich unterschiedlich ist, kann an wundersch\u00f6nen Herrenh\u00e4usern wie Snowshill Manor, sowie vielen D\u00f6rfern einschlie\u00dflich Bibury, Bourton-on-the-Water und Chipping Campden gesehen werden.<\/p>\n<p><strong>Der Weald von Kent und Sussex<\/strong><\/p>\n<p><img loading=\"lazy\" class=\"aligncenter size-full wp-image-48046\" src=\"https:\/\/www.urlaubcornwall.de\/blog\/wp-content\/uploads\/2024\/03\/rye-sussex.jpg\" alt=\"rye sussex\" width=\"750\" height=\"486\" srcset=\"https:\/\/www.urlaubcornwall.de\/blog\/wp-content\/uploads\/2024\/03\/rye-sussex.jpg 750w, https:\/\/www.urlaubcornwall.de\/blog\/wp-content\/uploads\/2024\/03\/rye-sussex-300x194.jpg 300w\" sizes=\"(max-width: 750px) 100vw, 750px\" \/><\/p>\n<p>Durch <a href=\"https:\/\/www.urlaubcornwall.de\/ferienhaeuser\/kent.php\">Kent<\/a> bis nach <a href=\"https:\/\/www.urlaubcornwall.de\/ferienhaeuser\/sussex.php\">Sussex<\/a> gibt e seine Anreihung von Kalkh\u00fcgeln, die als North und South Downs bekannt sind. Eiche aus den W\u00e4ldern bildet die Basis der meisten alten Geb\u00e4ude dieser Region. Der Gebrauch von Ziegelsteinen aus Ton vor Ort ist \u00fcberall sichtbar, doch da Eiche immer sparsamer eingesetzt wurde, nahm der Gebrauch an Fliesen aus \u00f6rtlichem Ton zu. Fliesen wurden an die Au\u00dfenw\u00e4nde angebracht, und diese Art dekorativer Fliesenlegung ist nun ein besonderes Kennzeichen dieses Gebiets.<\/p>\n<p>Feuerstein ist ebenso sehr in Gebrauch in den Gegenden, wo er nat\u00fcrlicherweise vorkommt, von der K\u00fcste Dorsets bis durch Hampshire sieht Feuerstein in Kombination mit dem \u00f6rtlichen Ziegelstein herrlich aus. Im Osten der Region wird Witterungsschutz als Verkleidung genutzt. Feine Beispiele davon k\u00f6nnen Sie in den St\u00e4dten Kents sehen, wie Folkestone, Ashford und Sandwich.<\/p>\n<p><strong>S\u00fcdwest England<\/strong><\/p>\n<p>In <a href=\"https:\/\/www.urlaubcornwall.de\/ferienhaeuser-fewos\/eng\/somerset\/somerset.html\">Somerset<\/a> haben die Kalksteinh\u00e4user eine satt braune Farbe; ein feines Beispiel ist das Montacute House und St\u00e4dte wie Ilminster.<\/p>\n<p><a href=\"https:\/\/www.urlaubcornwall.de\/ferienhaeuser\/devon.php\">Devon<\/a> verf\u00fcgt \u00fcber die gr\u00f6\u00dfte Vielfalt an Baumaterialien des Westens. Ein <a href=\"https:\/\/www.urlaubcornwall.de\/ferienhaeuser-fewos\/eng\/sued-devon\/dartmoor-national-park.html\">Charakteristikum Dartmoors<\/a> ist das traditionelle Langhaus, das im Moorgebiet vom 13. Jahrhundert an erbaut wurde. Es ist lang und eng; die Familie hat am einen, das Vieh am anderen Ende gewohnt. Cob \u2013 eine Mischung an Dung, Lehm und Stroh ist das traditionelle Baumaterial der Gegend. Massive Cobw\u00e4nde, die oft 1m dick sind, unter einer Schicht dichten Strohwerks, finden sich in der gesamten Grafschaft, und Broadhembury ist eines von Devons besten \u2018cob and thatch\u2019 D\u00f6rfern.<\/p>\n<p><img loading=\"lazy\" class=\"aligncenter size-full wp-image-29175\" src=\"https:\/\/www.urlaubcornwall.de\/blog\/wp-content\/uploads\/2017\/09\/ferienhaus-mousehole.jpg\" alt=\"ferienhaus mousehole\" width=\"745\" height=\"330\" srcset=\"https:\/\/www.urlaubcornwall.de\/blog\/wp-content\/uploads\/2017\/09\/ferienhaus-mousehole.jpg 745w, https:\/\/www.urlaubcornwall.de\/blog\/wp-content\/uploads\/2017\/09\/ferienhaus-mousehole-300x133.jpg 300w\" sizes=\"(max-width: 745px) 100vw, 745px\" \/><\/p>\n<p>In <a href=\"https:\/\/www.urlaubcornwall.de\/ferienhaeuser\/devon.php\">Devon<\/a> wie auch <a href=\"https:\/\/www.urlaubcornwall.de\/ferienhaeuser\/cornwall.php\">Cornwall<\/a> wurden viele H\u00e4user aus Granit und Schiefer gebaut mit bleich oder wei\u00dfgef\u00e4rbtem Putz an den W\u00e4nden. Diese h\u00fcbschen Cottages k\u00f6nnen Sie in Cornwall und Devon finden, und sie sind typisch f\u00fcr die Fischerd\u00f6rfer Polperro, Port Isaac und Mousehole.<\/p>\n<p><strong>Die West Midlands<\/strong><br \/>\n<img loading=\"lazy\" class=\"aligncenter size-full wp-image-29177\" src=\"https:\/\/www.urlaubcornwall.de\/blog\/wp-content\/uploads\/2017\/09\/ledbury-black-and-white-ferienhaus.jpg\" alt=\"schwarz-wei\u00dfe Grafschaften England\" width=\"745\" height=\"330\"\/><\/p>\n<p><a href=\"https:\/\/www.urlaubcornwall.de\/ferienhaeuser-fewos\/eng\/worcestershire\/worcestershire.html\">Worcestershire<\/a>, <a href=\"https:\/\/www.urlaubcornwall.de\/ferienhaeuser-fewos\/eng\/herefordshire\/herefordshire.html\">Herefordshire<\/a> und <a href=\"https:\/\/www.urlaubcornwall.de\/ferienhaeuser-fewos\/eng\/shropshire\/shropshire.html\">Shropshire<\/a> werden oft nach den charakteristischen holzverkleideten Geb\u00e4uden als schwarz-wei\u00dfe Grafschaften bezeichnet. Die riesigen W\u00e4lder, die es einst in dieser Gegend gab, haben die Entwicklung feiner Fachwerkh\u00e4user mit dekorativen Ziegelsteinpanelen gef\u00f6rdert. Einige feine Beispiele von Geb\u00e4uden des 16. Jahrhunderts k\u00f6nnen in zahlreichen D\u00f6rfern wie Ledbury und Bredon gesehen werden.<\/p>\n<p><strong>East Anglia<\/strong><br \/>\n<img loading=\"lazy\" class=\"aligncenter size-full wp-image-29179\" src=\"https:\/\/www.urlaubcornwall.de\/blog\/wp-content\/uploads\/2017\/09\/flint-feriencottage.jpg\" alt=\"flint feriencottage east anglia\" width=\"745\" height=\"330\"\/><\/p>\n<p>Obwohl feines Baugestein noch immer in <a href=\"https:\/\/www.urlaubcornwall.de\/ferienhaeuser-fewos\/eng\/lincolnshire\/lincolnshire.html\">Lincolnshire<\/a>, <a href=\"https:\/\/www.urlaubcornwall.de\/ferienhaeuser-fewos\/eng\/nottinghamshire\/nottinghamshire.html\">Northamptonshire<\/a> und Rutland abgebaut wird, ist gutes Gestein in <a href=\"https:\/\/www.urlaubcornwall.de\/blog\/beliebte-urlaubsorte-east-anglia-norfolk-suffolk-cambridgeshire-und-essex\/\">Ost Anglia<\/a> im Allgemeinen knapp, so dass H\u00e4user oft dominiert werden von Wetterschutzbrettern, die auch an Windm\u00fchlen und Wasserm\u00fchlen eingesetzt werden. Im Ton befindet sich auch Feuerstein, und in Norfolk wird das Feuergestein zusammen mit Ziegelgestein benutzt, um die h\u00fcbschen Cottages mit ihren h\u00e4ufig reetgedeckten D\u00e4chern zu bauen. Es gibt eine Menge holl\u00e4ndischer und fl\u00e4mischer Einfl\u00fcsse im H\u00e4userbau von East Anglia.<\/p>\n<p><strong>Wales<\/strong><br \/>\n<img loading=\"lazy\" class=\"aligncenter size-full wp-image-29180\" src=\"https:\/\/www.urlaubcornwall.de\/blog\/wp-content\/uploads\/2017\/09\/ferienhaus-urlaub-wales.jpg\" alt=\"ferienhaus urlaub wales\" width=\"748\" height=\"361\" srcset=\"https:\/\/www.urlaubcornwall.de\/blog\/wp-content\/uploads\/2017\/09\/ferienhaus-urlaub-wales.jpg 748w, https:\/\/www.urlaubcornwall.de\/blog\/wp-content\/uploads\/2017\/09\/ferienhaus-urlaub-wales-300x145.jpg 300w\" sizes=\"(max-width: 748px) 100vw, 748px\" \/><\/p>\n<p>An der walisischen Grenze befinden Sich schwarz-wei\u00dfe H\u00e4user, die denen der West Midlands \u00e4hneln. In <a href=\"https:\/\/www.urlaubcornwall.de\/ferienhaeuser\/wales.php\">Zentral-Wales bestehen die Cottages<\/a> normalerweise aus dicken Steinmauern, h\u00e4ufig verputzt und wei\u00df gestrichen mit reetgedeckten D\u00e4chern. Wales ist bekannt f\u00fcr seinen Schieferabbau, und h\u00e4ufig kommen Schieferfliesen zum Einsatz aus Gebieten um Dinorwig, Llanberis, Bethesda und Blaenau Ffestiniog. Es bestand eine hohe Nachfrage nach diesem Schiefer, und er wurde in die Welt exportiert, einschlie\u00dflich die USA und Europa.<\/p>\n<p><strong>Der Norden Englands<\/strong><\/p>\n<p>Unter den schwarz-wei\u00dfen Fachwerkh\u00e4usern von <a href=\"https:\/\/www.urlaubcornwall.de\/ferienhaeuser-fewos\/eng\/cheshire\/cheshire.html\">Cheshire<\/a> ist Little Moreton Hall bei Congleton ein wundersch\u00f6nes Beispiel. Die H\u00e4user ver\u00e4ndern sich mit der Landschaft je weiter Sie nach Norden und Osten reisen. Im Moorgebiet und den Pennines bestehen die H\u00e4user aus rotem Sandgestein und Splitt und sind in ihrem Design normalerweise sehr rechteckig. Die charakteristischen H\u00e4user und Cottages des Lake District bestehen aus verputztem Stein und \u00f6rtlichem gr\u00fcnen Schiefer auf den D\u00e4chern.<\/p>\n<p><strong>Schottland<\/strong><br \/>\n<img loading=\"lazy\" class=\"aligncenter size-full wp-image-29182\" src=\"https:\/\/www.urlaubcornwall.de\/blog\/wp-content\/uploads\/2017\/09\/ferienhaus-schottland-am-meer.jpg\" alt=\"ferienhaus schottland am meer\" width=\"748\" height=\"335\" srcset=\"https:\/\/www.urlaubcornwall.de\/blog\/wp-content\/uploads\/2017\/09\/ferienhaus-schottland-am-meer.jpg 745w, https:\/\/www.urlaubcornwall.de\/blog\/wp-content\/uploads\/2017\/09\/ferienhaus-schottland-am-meer-300x135.jpg 300w\" sizes=\"(max-width: 748px) 100vw, 748px\" \/><\/p>\n<p>Im l\u00e4ndlichen <a href=\"https:\/\/www.urlaubcornwall.de\/ferienhaeuser\/schottland.php\">Schottland wurden viele der Cottages<\/a> aus Ton oder Stein gebaut, verputzt, mit reetgedeckten D\u00e4chern. Die steinernen Herrenh\u00e4user und Burgen Schottlands, viele mit m\u00e4rchenhaften T\u00fcrmchen wie zum Beispiel Dunrobin Castle und architektonischer Pracht bieten einen absoluten Kontrast an Baustilen zu den stilistisch einfachen Cottages, die Sie in den Highlands finden, sowie den Inseln Orkney und Shettland. Heutzutage finden Sie im Baugewerbe viele neue und innovative Designs, wobei der Gebrauch vieler Materialien mit \u00f6kologischer und niedriger CO2 Bilanz Vorrang hat.<\/p>\n<h1 style=\"text-align: center;\"><strong>Bei uns finden Sie Ferienh\u00e4user zum Verlieben \u2013 so einfach ist das!<\/strong><\/h1>\n<p style=\"text-align: center;\">UrlaubCornwall.de empfiehlt Cottages, die Ihnen die gr\u00f6\u00dfte Auswahl an handverlesenen Unterk\u00fcnften f\u00fcr Selbstverpfleger in dieser wundersch\u00f6nen Region Gro\u00dfbritanniens offeriert und somit Familien und Paaren eine flexible Option f\u00fcr ihren <a href=\"https:\/\/www.urlaubcornwall.de\/\">Urlaub&nbsp; oder Tour durch England, Schottland und Wales<\/a> bietet.<\/p>\n<p style=\"text-align: center;\"><a class=\"tidycta\" href=\"https:\/\/www.urlaubcornwall.de\/ferienhaeuser.php\">Ferienh\u00e4user Gro\u00dfbritannien &gt;&gt;<\/a><\/p>\n<p><img loading=\"lazy\" class=\"aligncenter size-full wp-image-24598\" src=\"https:\/\/www.urlaubcornwall.de\/blog\/wp-content\/uploads\/2016\/06\/urlaub-und-gro\u00dfbritannien_logo_final.jpg\" alt=\"\" width=\"746\" height=\"361\" srcset=\"https:\/\/www.urlaubcornwall.de\/blog\/wp-content\/uploads\/2016\/06\/urlaub-und-gro\u00dfbritannien_logo_final.jpg 746w, https:\/\/www.urlaubcornwall.de\/blog\/wp-content\/uploads\/2016\/06\/urlaub-und-gro\u00dfbritannien_logo_final-300x145.jpg 300w\" sizes=\"(max-width: 746px) 100vw, 746px\" \/><\/p>\n","protected":false},"excerpt":{"rendered":"<p>Urlaub in einem Ferienhaus zu verbringen, ist eine ideale M\u00f6glichkeit, die vielf\u00e4ltige und wundersch\u00f6ne Landschaft, die K\u00fcste, St\u00e4dte und D\u00f6rfer von England, Schottland und Wales zu genie\u00dfen. Ob Sie nun eine Familie mit Kindern und Hund sind, die ein traditionelles Cottage in Sussex sucht oder ein Paar auf der Ausschau nach einem gem\u00fctlichen R\u00fcckzugsort oder [&hellip;]<\/p>\n","protected":false},"author":1,"featured_media":0,"parent":0,"menu_order":0,"comment_status":"closed","ping_status":"closed","template":"single-four.php","meta":[],"acf":[],"yoast_head":"<!-- This site is optimized with the Yoast SEO plugin v19.4 - https:\/\/yoast.com\/wordpress\/plugins\/seo\/ -->\n<title>Finden Sie das perfekte Ferienhaus f\u00fcr Ihren Urlaub in Gro\u00dfbritannien - Urlaub &amp; Reisen<\/title>\n<meta name=\"robots\" content=\"index, follow, max-snippet:-1, max-image-preview:large, max-video-preview:-1\" \/>\n<link rel=\"canonical\" href=\"https:\/\/www.urlaubcornwall.de\/blog\/finden-sie-das-perfekte-ferienhaus-fuer-ihren-urlaub-grossbritannien-2018\/\" \/>\n<meta property=\"og:locale\" content=\"en_US\" \/>\n<meta property=\"og:type\" content=\"article\" \/>\n<meta property=\"og:title\" content=\"Finden Sie das perfekte Ferienhaus f\u00fcr Ihren Urlaub in Gro\u00dfbritannien - Urlaub &amp; Reisen\" \/>\n<meta property=\"og:description\" content=\"Urlaub in einem Ferienhaus zu verbringen, ist eine ideale M\u00f6glichkeit, die vielf\u00e4ltige und wundersch\u00f6ne Landschaft, die K\u00fcste, St\u00e4dte und D\u00f6rfer von England, Schottland und Wales zu genie\u00dfen. Ob Sie nun eine Familie mit Kindern und Hund sind, die ein traditionelles Cottage in Sussex sucht oder ein Paar auf der Ausschau nach einem gem\u00fctlichen R\u00fcckzugsort oder [&hellip;]\" \/>\n<meta property=\"og:url\" content=\"https:\/\/www.urlaubcornwall.de\/blog\/finden-sie-das-perfekte-ferienhaus-fuer-ihren-urlaub-grossbritannien-2018\/\" \/>\n<meta property=\"og:site_name\" content=\"Urlaub &amp; Reisen\" \/>\n<meta property=\"article:modified_time\" content=\"2024-05-30T09:34:38+00:00\" \/>\n<meta property=\"og:image\" content=\"https:\/\/www.urlaubcornwall.de\/blog\/wp-content\/uploads\/2017\/09\/feriencottage-am-meer.jpg\" \/>\n<meta name=\"twitter:card\" content=\"summary\" \/>\n<meta name=\"twitter:label1\" content=\"Est. reading time\" \/>\n\t<meta name=\"twitter:data1\" content=\"7 minutes\" \/>\n<script type=\"application\/ld+json\" class=\"yoast-schema-graph\">{\"@context\":\"https:\/\/schema.org\",\"@graph\":[{\"@type\":\"WebSite\",\"@id\":\"https:\/\/www.urlaubcornwall.de\/blog\/#website\",\"url\":\"https:\/\/www.urlaubcornwall.de\/blog\/\",\"name\":\"Urlaub &amp; Reisen\",\"description\":\"Urlaub, Reisen, Cornwall und S\u00fcdengland: eine perfekte Kombination\",\"potentialAction\":[{\"@type\":\"SearchAction\",\"target\":{\"@type\":\"EntryPoint\",\"urlTemplate\":\"https:\/\/www.urlaubcornwall.de\/blog\/?s={search_term_string}\"},\"query-input\":\"required name=search_term_string\"}],\"inLanguage\":\"en-US\"},{\"@type\":\"WebPage\",\"@id\":\"https:\/\/www.urlaubcornwall.de\/blog\/finden-sie-das-perfekte-ferienhaus-fuer-ihren-urlaub-grossbritannien-2018\/\",\"url\":\"https:\/\/www.urlaubcornwall.de\/blog\/finden-sie-das-perfekte-ferienhaus-fuer-ihren-urlaub-grossbritannien-2018\/\",\"name\":\"Finden Sie das perfekte Ferienhaus f\u00fcr Ihren Urlaub in Gro\u00dfbritannien - Urlaub &amp; Reisen\",\"isPartOf\":{\"@id\":\"https:\/\/www.urlaubcornwall.de\/blog\/#website\"},\"datePublished\":\"2017-09-09T16:33:18+00:00\",\"dateModified\":\"2024-05-30T09:34:38+00:00\",\"breadcrumb\":{\"@id\":\"https:\/\/www.urlaubcornwall.de\/blog\/finden-sie-das-perfekte-ferienhaus-fuer-ihren-urlaub-grossbritannien-2018\/#breadcrumb\"},\"inLanguage\":\"en-US\",\"potentialAction\":[{\"@type\":\"ReadAction\",\"target\":[\"https:\/\/www.urlaubcornwall.de\/blog\/finden-sie-das-perfekte-ferienhaus-fuer-ihren-urlaub-grossbritannien-2018\/\"]}]},{\"@type\":\"BreadcrumbList\",\"@id\":\"https:\/\/www.urlaubcornwall.de\/blog\/finden-sie-das-perfekte-ferienhaus-fuer-ihren-urlaub-grossbritannien-2018\/#breadcrumb\",\"itemListElement\":[{\"@type\":\"ListItem\",\"position\":1,\"name\":\"Home\",\"item\":\"https:\/\/www.urlaubcornwall.de\/blog\/\"},{\"@type\":\"ListItem\",\"position\":2,\"name\":\"Finden Sie das perfekte Ferienhaus f\u00fcr Ihren Urlaub in Gro\u00dfbritannien\"}]}]}<\/script>\n<!-- \/ Yoast SEO plugin. -->","yoast_head_json":{"title":"Finden Sie das perfekte Ferienhaus f\u00fcr Ihren Urlaub in Gro\u00dfbritannien - Urlaub &amp; Reisen","robots":{"index":"index","follow":"follow","max-snippet":"max-snippet:-1","max-image-preview":"max-image-preview:large","max-video-preview":"max-video-preview:-1"},"canonical":"https:\/\/www.urlaubcornwall.de\/blog\/finden-sie-das-perfekte-ferienhaus-fuer-ihren-urlaub-grossbritannien-2018\/","og_locale":"en_US","og_type":"article","og_title":"Finden Sie das perfekte Ferienhaus f\u00fcr Ihren Urlaub in Gro\u00dfbritannien - Urlaub &amp; Reisen","og_description":"Urlaub in einem Ferienhaus zu verbringen, ist eine ideale M\u00f6glichkeit, die vielf\u00e4ltige und wundersch\u00f6ne Landschaft, die K\u00fcste, St\u00e4dte und D\u00f6rfer von England, Schottland und Wales zu genie\u00dfen. Ob Sie nun eine Familie mit Kindern und Hund sind, die ein traditionelles Cottage in Sussex sucht oder ein Paar auf der Ausschau nach einem gem\u00fctlichen R\u00fcckzugsort oder [&hellip;]","og_url":"https:\/\/www.urlaubcornwall.de\/blog\/finden-sie-das-perfekte-ferienhaus-fuer-ihren-urlaub-grossbritannien-2018\/","og_site_name":"Urlaub &amp; Reisen","article_modified_time":"2024-05-30T09:34:38+00:00","og_image":[{"url":"https:\/\/www.urlaubcornwall.de\/blog\/wp-content\/uploads\/2017\/09\/feriencottage-am-meer.jpg"}],"twitter_card":"summary","twitter_misc":{"Est. reading time":"7 minutes"},"schema":{"@context":"https:\/\/schema.org","@graph":[{"@type":"WebSite","@id":"https:\/\/www.urlaubcornwall.de\/blog\/#website","url":"https:\/\/www.urlaubcornwall.de\/blog\/","name":"Urlaub &amp; Reisen","description":"Urlaub, Reisen, Cornwall und S\u00fcdengland: eine perfekte Kombination","potentialAction":[{"@type":"SearchAction","target":{"@type":"EntryPoint","urlTemplate":"https:\/\/www.urlaubcornwall.de\/blog\/?s={search_term_string}"},"query-input":"required name=search_term_string"}],"inLanguage":"en-US"},{"@type":"WebPage","@id":"https:\/\/www.urlaubcornwall.de\/blog\/finden-sie-das-perfekte-ferienhaus-fuer-ihren-urlaub-grossbritannien-2018\/","url":"https:\/\/www.urlaubcornwall.de\/blog\/finden-sie-das-perfekte-ferienhaus-fuer-ihren-urlaub-grossbritannien-2018\/","name":"Finden Sie das perfekte Ferienhaus f\u00fcr Ihren Urlaub in Gro\u00dfbritannien - Urlaub &amp; Reisen","isPartOf":{"@id":"https:\/\/www.urlaubcornwall.de\/blog\/#website"},"datePublished":"2017-09-09T16:33:18+00:00","dateModified":"2024-05-30T09:34:38+00:00","breadcrumb":{"@id":"https:\/\/www.urlaubcornwall.de\/blog\/finden-sie-das-perfekte-ferienhaus-fuer-ihren-urlaub-grossbritannien-2018\/#breadcrumb"},"inLanguage":"en-US","potentialAction":[{"@type":"ReadAction","target":["https:\/\/www.urlaubcornwall.de\/blog\/finden-sie-das-perfekte-ferienhaus-fuer-ihren-urlaub-grossbritannien-2018\/"]}]},{"@type":"BreadcrumbList","@id":"https:\/\/www.urlaubcornwall.de\/blog\/finden-sie-das-perfekte-ferienhaus-fuer-ihren-urlaub-grossbritannien-2018\/#breadcrumb","itemListElement":[{"@type":"ListItem","position":1,"name":"Home","item":"https:\/\/www.urlaubcornwall.de\/blog\/"},{"@type":"ListItem","position":2,"name":"Finden Sie das perfekte Ferienhaus f\u00fcr Ihren Urlaub in Gro\u00dfbritannien"}]}]}},"_links":{"self":[{"href":"https:\/\/www.urlaubcornwall.de\/blog\/wp-json\/wp\/v2\/pages\/29172"}],"collection":[{"href":"https:\/\/www.urlaubcornwall.de\/blog\/wp-json\/wp\/v2\/pages"}],"about":[{"href":"https:\/\/www.urlaubcornwall.de\/blog\/wp-json\/wp\/v2\/types\/page"}],"author":[{"embeddable":true,"href":"https:\/\/www.urlaubcornwall.de\/blog\/wp-json\/wp\/v2\/users\/1"}],"replies":[{"embeddable":true,"href":"https:\/\/www.urlaubcornwall.de\/blog\/wp-json\/wp\/v2\/comments?post=29172"}],"version-history":[{"count":16,"href":"https:\/\/www.urlaubcornwall.de\/blog\/wp-json\/wp\/v2\/pages\/29172\/revisions"}],"predecessor-version":[{"id":50889,"href":"https:\/\/www.urlaubcornwall.de\/blog\/wp-json\/wp\/v2\/pages\/29172\/revisions\/50889"}],"wp:attachment":[{"href":"https:\/\/www.urlaubcornwall.de\/blog\/wp-json\/wp\/v2\/media?parent=29172"}],"curies":[{"name":"wp","href":"https:\/\/api.w.org\/{rel}","templated":true}]}}