{"id":29160,"date":"2017-09-08T14:53:59","date_gmt":"2017-09-08T14:53:59","guid":{"rendered":"https:\/\/www.urlaubcornwall.de\/blog\/?page_id=29160"},"modified":"2019-02-17T12:58:48","modified_gmt":"2019-02-17T12:58:48","slug":"bei-uns-finden-sie-luxushotels-bath-zum-verlieben-einfach-ist-das","status":"publish","type":"page","link":"https:\/\/www.urlaubcornwall.de\/blog\/bei-uns-finden-sie-luxushotels-bath-zum-verlieben-einfach-ist-das\/","title":{"rendered":"Bei uns finden Sie Luxushotels in Bath zum Verlieben \u2013 so einfach ist das!"},"content":{"rendered":"<p><img loading=\"lazy\" class=\"aligncenter size-full wp-image-20068\" src=\"https:\/\/www.urlaubcornwall.de\/blog\/wp-content\/uploads\/2013\/03\/Bath1.jpg\" alt=\"luxushotels bath s\u00fcdengland\" width=\"748\" height=\"393\"\/><\/p>\n<p style=\"text-align: left;\">Die Stadt Bath ist einzigartig und wurde wegen seiner Besonderheit als eine Weltkulturerbestadt anerkannt. Die r\u00f6mischen B\u00e4der \u00fcber den einzigartigen nat\u00fcrlichen hei\u00dfen Quellen unter der Stadt ziehen schon seit Urzeiten Besucher an und sind auch heute noch ein Muss bei jedem Bath-Besuch.&nbsp;<\/p>\n<h2 style=\"text-align: left;\"><strong>Die sch\u00f6nsten 4 &#038; 5 Sterne Luxushotels in Bath<\/strong><\/h2>\n<p><ins class=\"bookingaff\" data-aid=\"1702033\" data-target_aid=\"1702033\" data-prod=\"map\" data-width=\"100%\" data-height=\"590\" data-lang=\"ualng\" data-dest_id=\"0\" data-dest_type=\"landmark\" data-latitude=\"51.3810641\" data-longitude=\"-2.3590167\" data-landmark_name=\"Hotels und B&amp;Bs in Bath\" data-mwhsb=\"1\"><br \/>\n    <!-- Anything inside will go away once widget is loaded. --><br \/>\n        <a href=\"\/\/www.booking.com?aid=1702033\" rel=\"nofollow\">Booking.com<\/a><br \/>\n<\/ins><br \/>\n<script type=\"text\/javascript\">\n    (function(d, sc, u) {\n      var s = d.createElement(sc), p = d.getElementsByTagName(sc)[0];\n      s.type = 'text\/javascript';\n      s.async = true;\n      s.src = u + '?v=' + (+new Date());\n      p.parentNode.insertBefore(s,p);\n      })(document, 'script', '\/\/aff.bstatic.com\/static\/affiliate_base\/js\/flexiproduct.js');\n<\/script><\/p>\n<h2><a href=\"https:\/\/www.booking.com\/hotel\/gb\/the-gainsborough-bath-spa-bath.html?aid=1320750&amp;no_rooms=1&amp;group_adults=2&amp;room1=A%2CA\" rel=\"nofollow\"><span style=\"text-decoration: underline;\"><strong> Gainsborough Bath Spa \u2013 Luxus 5 Sterne Hotel<\/strong><\/span><\/a><\/h2>\n<p>Das Gainsborough Bath Spa, Teil der Gruppe YTL Hotels, bietet Ihnen eine 5-Sterne-Unterkunft in Bath. Freuen Sie sich auf einen nat\u00fcrlich beheizten Thermalpool, ein Restaurant und eine Bar. An der Unterkunft stehen begrenzte Privatparkpl\u00e4tze mit Parkservice gegen Aufpreis zur Verf\u00fcgung&#8230;&#8230;..<a href=\"https:\/\/www.booking.com\/hotel\/gb\/the-gainsborough-bath-spa-bath.html?aid=1320750&amp;no_rooms=1&amp;group_adults=2&amp;room1=A%2CA\" rel=\"nofollow\">[Mehr]<\/a><\/p>\n<h2><a href=\"https:\/\/www.booking.com\/hotel\/gb\/bathspahotel.html?aid=1320750&amp;no_rooms=1&amp;group_adults=2&amp;room1=A%2CA\" rel=\"nofollow\"><span style=\"text-decoration: underline;\"><strong> Macdonald Bath Spa Hotel \u2013 Luxus 5 Sterne Wellness Hotel<\/strong><\/span><\/a><\/h2>\n<p>In herrlicher Lage in einem Park erwartet Sie das Macdonald Bath Spa Hotel. Freuen Sie sich auf den luxuri\u00f6sen Wellnessbereich und ein preisgekr\u00f6ntes Restaurant. Die Abteikirche von Bath liegt 10 Gehminuten vom Hotel entfernt&#8230;&#8230;&#8230;..<a href=\"https:\/\/www.booking.com\/hotel\/gb\/bathspahotel.html?aid=1320750&amp;no_rooms=1&amp;group_adults=2&amp;room1=A%2CA\" rel=\"nofollow\">[Mehr]<\/a><\/p>\n<h2><a href=\"https:\/\/www.booking.com\/hotel\/gb\/the-bath-priory.html?aid=1320750&amp;no_rooms=1&amp;group_adults=2&amp;room1=A%2CA\" rel=\"nofollow\"><span style=\"text-decoration: underline;\"><strong> Bath Priory Hotel &amp; Spa \u2013 Luxus Landhaus-Hotel<\/strong><\/span><\/a><\/h2>\n<p>The Bath Priory Hotel begr\u00fc\u00dft Sie in einem luxuri\u00f6sen Landhaus inmitten eines 2 Hektar gro\u00dfen wundersch\u00f6nen Gel\u00e4ndes. Freuen Sie sich auf ein luxuri\u00f6ses Spa und ein renommiertes Restaurant. Das Hotel liegt 3 km von der Abteikirche Bath entfernt&#8230;&#8230;&#8230;.<a href=\"https:\/\/www.booking.com\/hotel\/gb\/the-bath-priory.html?aid=1320750&amp;no_rooms=1&amp;group_adults=2&amp;room1=A%2CA\" rel=\"nofollow\">[Mehr]<\/a><\/p>\n<h2><a href=\"https:\/\/www.booking.com\/hotel\/gb\/thefrancis.html?aid=1320750&amp;no_rooms=1&amp;group_adults=2&amp;room1=A%2CA\" rel=\"nofollow\"><span style=\"text-decoration: underline;\"><strong> Francis Hotel Bath &#8211; 4 Sterne Hotel<\/strong><\/span><\/a><\/h2>\n<p>Das Francis Hotel Bath &#8211; MGallery by Sofitel wurde f\u00fcr GBP 6 Millionen saniert und erstrahlt wieder in seinem urspr\u00fcnglichen Glanz. Dieses Stadthaus-Hotel im Regency-Stil im Herzen der historischen Stadt Bath bietet individuell gestaltete Zimmer, viele davon mit einem Himmelbett und Stadtblick&#8230;&#8230;&#8230;<a href=\"https:\/\/www.booking.com\/hotel\/gb\/the-bull-dorset.de.html?aid=1320750&amp;no_rooms=1&amp;group_adults=2&amp;room1=A%2CA\" rel=\"nofollow\">[Mehr]<\/a><\/p>\n<h2><a href=\"https:\/\/www.booking.com\/hotel\/gb\/apex-city-of-bath.html?aid=1320750&amp;no_rooms=1&amp;group_adults=2&amp;room1=A%2CA\" rel=\"nofollow\"><span style=\"text-decoration: underline;\"><strong> Apex City of Bath Hotel \u2013 moderne 4 Sterne<\/strong><\/span><\/a><\/h2>\n<p>Das Apex City of Bath Hotel befindet sich an der Ecke James Street West im Stadtzentrum von Bath, 5 Gehminuten vom Thermae Bath Spa und 700 m vom Bahnhof Bath Spa entfernt&#8230;&#8230;&#8230;.<a href=\"https:\/\/www.booking.com\/hotel\/gb\/apex-city-of-bath.html?aid=1320750&amp;no_rooms=1&amp;group_adults=2&amp;room1=A%2CA\" rel=\"nofollow\">[Mehr]<\/a><\/p>\n<h2><a href=\"https:\/\/www.booking.com\/hotel\/gb\/bailbrookhouse.html?aid=1320750&amp;no_rooms=1&amp;group_adults=2&amp;room1=A%2CA\" rel=\"nofollow\"><span style=\"text-decoration: underline;\"><strong> Bailbrook House Hotel \u2013 4 Sterne<\/strong><\/span><\/a><\/h2>\n<p>Das denkmalgesch\u00fctzte Bailbrook House empf\u00e4ngt Sie auf einem 8 ha gro\u00dfen Privatgrundst\u00fcck mit herrlicher Aussicht in Richtung des Zentrums von Bath und \u00fcber die Landschaft&#8230;&#8230;..<a href=\"https:\/\/www.booking.com\/hotel\/gb\/bailbrookhouse.html?aid=1320750&amp;no_rooms=1&amp;group_adults=2&amp;room1=A%2CA\" rel=\"nofollow\">[Mehr]<\/a><\/p>\n<h2><a href=\"https:\/\/www.booking.com\/hotel\/gb\/homewood-park.html?aid=1320750&amp;no_rooms=1&amp;group_adults=2&amp;room1=A%2CA\" rel=\"nofollow\"><span style=\"text-decoration: underline;\"><strong> Homewood Park Hotel &amp; Spa \u2013 Landhaushotel in Bath<\/strong><\/span><\/a><\/h2>\n<p><span id=\"result_box\" class=\"\" lang=\"de\"><span class=\"\">Dieses georgische Refugium bietet friedliche Abgeschiedenheit, preisgekr\u00f6nte K\u00fcche und luxuri\u00f6se Entspannung, alles inmitten einer Parklandschaft und wundersch\u00f6nen G\u00e4rten in der N\u00e4he von Bath.<\/span><\/span>&#8230;&#8230;..<a href=\"https:\/\/www.booking.com\/hotel\/gb\/homewood-park.html?aid=1320750&amp;no_rooms=1&amp;group_adults=2&amp;room1=A%2CA\" rel=\"nofollow\">[Mehr]<\/a><\/p>\n\n<h1 style=\"text-align: center;\"><strong>Bei uns finden Sie Ferienh\u00e4user zum Verlieben \u2013 so einfach ist das!<\/strong><\/h1>\n<p style=\"text-align: center;\">UrlaubCornwall verf\u00fcgt Ferienh\u00e4user und Ferienwohnungen f\u00fcr Ihren <a href=\"https:\/\/www.urlaubcornwall.de\/ferienhaeuser\/suedengland.php\">Urlaub in Sudengland<\/a>. Unterk\u00fcnfte der Spitzenklasse f\u00fcr 2 Personen, Familien und Gruppen mit 4, 6, 8, 10 oder 12 G\u00e4sten.<\/p>\n<p style=\"text-align: center;\"><a class=\"tidycta\" href=\"https:\/\/www.urlaubcornwall.de\/ferienhaeuser-fewos\/bath.html\">Suche Ferienh\u00e4user Bath<\/a><\/p>\n<p><img loading=\"lazy\" class=\"aligncenter size-full wp-image-24598\" src=\"https:\/\/www.urlaubcornwall.de\/blog\/wp-content\/uploads\/2016\/06\/urlaub-und-sudengland_logo-final.jpg\" width=\"746\" height=\"361\"\/><\/p>\n<p><a href=\"http:\/\/www.urlaubcornwall.de\/\">UrlaubCornwall.de<\/a> ist ein in Cornwall ans\u00e4ssiges Unternehmen k\u00f6nnen wir uns mit 20 Jahren Erfahrung in der Organisation von Rundreisen durch <a href=\"https:\/\/www.urlaubcornwall.de\/reiseziel\/sussex.php\">Sussex<\/a>, S\u00fcdwest und S\u00fcdengland r\u00fchmen.<\/p>\n<p>Um Bath in Ihre Rundreise durch S\u00fcdengland mit einzugliedern, stellen Sie Ihre <a href=\"http:\/\/www.urlaubcornwall.de\/anfrage.php\">Anfrage<\/a> hier oder w\u00e4hlen Sie ein Ferienhaus aus unserer besten Auswahl <a href=\"https:\/\/www.urlaubcornwall.de\/ferienhaueser\/sussex.php\">handverlesener und inspizierter H\u00e4user<\/a> aus.<\/p>\n","protected":false},"excerpt":{"rendered":"<p>Die Stadt Bath ist einzigartig und wurde wegen seiner Besonderheit als eine Weltkulturerbestadt anerkannt. Die r\u00f6mischen B\u00e4der \u00fcber den einzigartigen nat\u00fcrlichen hei\u00dfen Quellen unter der Stadt ziehen schon seit Urzeiten Besucher an und sind auch heute noch ein Muss bei jedem Bath-Besuch.&nbsp; Die sch\u00f6nsten 4 &#038; 5 Sterne Luxushotels in Bath Booking.com Gainsborough Bath Spa [&hellip;]<\/p>\n","protected":false},"author":1,"featured_media":0,"parent":0,"menu_order":0,"comment_status":"closed","ping_status":"closed","template":"single-four.php","meta":[],"acf":[],"yoast_head":"<!-- This site is optimized with the Yoast SEO plugin v19.4 - https:\/\/yoast.com\/wordpress\/plugins\/seo\/ -->\n<title>Bei uns finden Sie Luxushotels in Bath zum Verlieben \u2013 so einfach ist das! - Urlaub &amp; Reisen<\/title>\n<meta name=\"robots\" content=\"index, follow, max-snippet:-1, max-image-preview:large, max-video-preview:-1\" \/>\n<link rel=\"canonical\" href=\"https:\/\/www.urlaubcornwall.de\/blog\/bei-uns-finden-sie-luxushotels-bath-zum-verlieben-einfach-ist-das\/\" \/>\n<meta property=\"og:locale\" content=\"en_US\" \/>\n<meta property=\"og:type\" content=\"article\" \/>\n<meta property=\"og:title\" content=\"Bei uns finden Sie Luxushotels in Bath zum Verlieben \u2013 so einfach ist das! - Urlaub &amp; Reisen\" \/>\n<meta property=\"og:description\" content=\"Die Stadt Bath ist einzigartig und wurde wegen seiner Besonderheit als eine Weltkulturerbestadt anerkannt. Die r\u00f6mischen B\u00e4der \u00fcber den einzigartigen nat\u00fcrlichen hei\u00dfen Quellen unter der Stadt ziehen schon seit Urzeiten Besucher an und sind auch heute noch ein Muss bei jedem Bath-Besuch.&nbsp; Die sch\u00f6nsten 4 &#038; 5 Sterne Luxushotels in Bath Booking.com Gainsborough Bath Spa [&hellip;]\" \/>\n<meta property=\"og:url\" content=\"https:\/\/www.urlaubcornwall.de\/blog\/bei-uns-finden-sie-luxushotels-bath-zum-verlieben-einfach-ist-das\/\" \/>\n<meta property=\"og:site_name\" content=\"Urlaub &amp; Reisen\" \/>\n<meta property=\"article:modified_time\" content=\"2019-02-17T12:58:48+00:00\" \/>\n<meta property=\"og:image\" content=\"https:\/\/www.urlaubcornwall.de\/blog\/wp-content\/uploads\/2013\/03\/Bath1.jpg\" \/>\n<meta name=\"twitter:card\" content=\"summary\" \/>\n<meta name=\"twitter:label1\" content=\"Est. reading time\" \/>\n\t<meta name=\"twitter:data1\" content=\"2 minutes\" \/>\n<script type=\"application\/ld+json\" class=\"yoast-schema-graph\">{\"@context\":\"https:\/\/schema.org\",\"@graph\":[{\"@type\":\"WebSite\",\"@id\":\"https:\/\/www.urlaubcornwall.de\/blog\/#website\",\"url\":\"https:\/\/www.urlaubcornwall.de\/blog\/\",\"name\":\"Urlaub &amp; Reisen\",\"description\":\"Urlaub, Reisen, Cornwall und S\u00fcdengland: eine perfekte Kombination\",\"potentialAction\":[{\"@type\":\"SearchAction\",\"target\":{\"@type\":\"EntryPoint\",\"urlTemplate\":\"https:\/\/www.urlaubcornwall.de\/blog\/?s={search_term_string}\"},\"query-input\":\"required name=search_term_string\"}],\"inLanguage\":\"en-US\"},{\"@type\":\"WebPage\",\"@id\":\"https:\/\/www.urlaubcornwall.de\/blog\/bei-uns-finden-sie-luxushotels-bath-zum-verlieben-einfach-ist-das\/\",\"url\":\"https:\/\/www.urlaubcornwall.de\/blog\/bei-uns-finden-sie-luxushotels-bath-zum-verlieben-einfach-ist-das\/\",\"name\":\"Bei uns finden Sie Luxushotels in Bath zum Verlieben \u2013 so einfach ist das! - Urlaub &amp; Reisen\",\"isPartOf\":{\"@id\":\"https:\/\/www.urlaubcornwall.de\/blog\/#website\"},\"datePublished\":\"2017-09-08T14:53:59+00:00\",\"dateModified\":\"2019-02-17T12:58:48+00:00\",\"breadcrumb\":{\"@id\":\"https:\/\/www.urlaubcornwall.de\/blog\/bei-uns-finden-sie-luxushotels-bath-zum-verlieben-einfach-ist-das\/#breadcrumb\"},\"inLanguage\":\"en-US\",\"potentialAction\":[{\"@type\":\"ReadAction\",\"target\":[\"https:\/\/www.urlaubcornwall.de\/blog\/bei-uns-finden-sie-luxushotels-bath-zum-verlieben-einfach-ist-das\/\"]}]},{\"@type\":\"BreadcrumbList\",\"@id\":\"https:\/\/www.urlaubcornwall.de\/blog\/bei-uns-finden-sie-luxushotels-bath-zum-verlieben-einfach-ist-das\/#breadcrumb\",\"itemListElement\":[{\"@type\":\"ListItem\",\"position\":1,\"name\":\"Home\",\"item\":\"https:\/\/www.urlaubcornwall.de\/blog\/\"},{\"@type\":\"ListItem\",\"position\":2,\"name\":\"Bei uns finden Sie Luxushotels in Bath zum Verlieben \u2013 so einfach ist das!\"}]}]}<\/script>\n<!-- \/ Yoast SEO plugin. -->","yoast_head_json":{"title":"Bei uns finden Sie Luxushotels in Bath zum Verlieben \u2013 so einfach ist das! - Urlaub &amp; Reisen","robots":{"index":"index","follow":"follow","max-snippet":"max-snippet:-1","max-image-preview":"max-image-preview:large","max-video-preview":"max-video-preview:-1"},"canonical":"https:\/\/www.urlaubcornwall.de\/blog\/bei-uns-finden-sie-luxushotels-bath-zum-verlieben-einfach-ist-das\/","og_locale":"en_US","og_type":"article","og_title":"Bei uns finden Sie Luxushotels in Bath zum Verlieben \u2013 so einfach ist das! - Urlaub &amp; Reisen","og_description":"Die Stadt Bath ist einzigartig und wurde wegen seiner Besonderheit als eine Weltkulturerbestadt anerkannt. Die r\u00f6mischen B\u00e4der \u00fcber den einzigartigen nat\u00fcrlichen hei\u00dfen Quellen unter der Stadt ziehen schon seit Urzeiten Besucher an und sind auch heute noch ein Muss bei jedem Bath-Besuch.&nbsp; Die sch\u00f6nsten 4 &#038; 5 Sterne Luxushotels in Bath Booking.com Gainsborough Bath Spa [&hellip;]","og_url":"https:\/\/www.urlaubcornwall.de\/blog\/bei-uns-finden-sie-luxushotels-bath-zum-verlieben-einfach-ist-das\/","og_site_name":"Urlaub &amp; Reisen","article_modified_time":"2019-02-17T12:58:48+00:00","og_image":[{"url":"https:\/\/www.urlaubcornwall.de\/blog\/wp-content\/uploads\/2013\/03\/Bath1.jpg"}],"twitter_card":"summary","twitter_misc":{"Est. reading time":"2 minutes"},"schema":{"@context":"https:\/\/schema.org","@graph":[{"@type":"WebSite","@id":"https:\/\/www.urlaubcornwall.de\/blog\/#website","url":"https:\/\/www.urlaubcornwall.de\/blog\/","name":"Urlaub &amp; Reisen","description":"Urlaub, Reisen, Cornwall und S\u00fcdengland: eine perfekte Kombination","potentialAction":[{"@type":"SearchAction","target":{"@type":"EntryPoint","urlTemplate":"https:\/\/www.urlaubcornwall.de\/blog\/?s={search_term_string}"},"query-input":"required name=search_term_string"}],"inLanguage":"en-US"},{"@type":"WebPage","@id":"https:\/\/www.urlaubcornwall.de\/blog\/bei-uns-finden-sie-luxushotels-bath-zum-verlieben-einfach-ist-das\/","url":"https:\/\/www.urlaubcornwall.de\/blog\/bei-uns-finden-sie-luxushotels-bath-zum-verlieben-einfach-ist-das\/","name":"Bei uns finden Sie Luxushotels in Bath zum Verlieben \u2013 so einfach ist das! - Urlaub &amp; Reisen","isPartOf":{"@id":"https:\/\/www.urlaubcornwall.de\/blog\/#website"},"datePublished":"2017-09-08T14:53:59+00:00","dateModified":"2019-02-17T12:58:48+00:00","breadcrumb":{"@id":"https:\/\/www.urlaubcornwall.de\/blog\/bei-uns-finden-sie-luxushotels-bath-zum-verlieben-einfach-ist-das\/#breadcrumb"},"inLanguage":"en-US","potentialAction":[{"@type":"ReadAction","target":["https:\/\/www.urlaubcornwall.de\/blog\/bei-uns-finden-sie-luxushotels-bath-zum-verlieben-einfach-ist-das\/"]}]},{"@type":"BreadcrumbList","@id":"https:\/\/www.urlaubcornwall.de\/blog\/bei-uns-finden-sie-luxushotels-bath-zum-verlieben-einfach-ist-das\/#breadcrumb","itemListElement":[{"@type":"ListItem","position":1,"name":"Home","item":"https:\/\/www.urlaubcornwall.de\/blog\/"},{"@type":"ListItem","position":2,"name":"Bei uns finden Sie Luxushotels in Bath zum Verlieben \u2013 so einfach ist das!"}]}]}},"_links":{"self":[{"href":"https:\/\/www.urlaubcornwall.de\/blog\/wp-json\/wp\/v2\/pages\/29160"}],"collection":[{"href":"https:\/\/www.urlaubcornwall.de\/blog\/wp-json\/wp\/v2\/pages"}],"about":[{"href":"https:\/\/www.urlaubcornwall.de\/blog\/wp-json\/wp\/v2\/types\/page"}],"author":[{"embeddable":true,"href":"https:\/\/www.urlaubcornwall.de\/blog\/wp-json\/wp\/v2\/users\/1"}],"replies":[{"embeddable":true,"href":"https:\/\/www.urlaubcornwall.de\/blog\/wp-json\/wp\/v2\/comments?post=29160"}],"version-history":[{"count":10,"href":"https:\/\/www.urlaubcornwall.de\/blog\/wp-json\/wp\/v2\/pages\/29160\/revisions"}],"predecessor-version":[{"id":36321,"href":"https:\/\/www.urlaubcornwall.de\/blog\/wp-json\/wp\/v2\/pages\/29160\/revisions\/36321"}],"wp:attachment":[{"href":"https:\/\/www.urlaubcornwall.de\/blog\/wp-json\/wp\/v2\/media?parent=29160"}],"curies":[{"name":"wp","href":"https:\/\/api.w.org\/{rel}","templated":true}]}}