{"id":29149,"date":"2017-09-08T13:35:44","date_gmt":"2017-09-08T13:35:44","guid":{"rendered":"https:\/\/www.urlaubcornwall.de\/blog\/?page_id=29149"},"modified":"2021-11-25T11:59:12","modified_gmt":"2021-11-25T11:59:12","slug":"bei-uns-finden-sie-hotels-glastonbury-zum-verlieben","status":"publish","type":"page","link":"https:\/\/www.urlaubcornwall.de\/blog\/bei-uns-finden-sie-hotels-glastonbury-zum-verlieben\/","title":{"rendered":"Besten hotels in der N\u00e4he Glastonbury zum Verlieben!"},"content":{"rendered":"<p><img loading=\"lazy\" class=\"aligncenter size-full wp-image-20983\" src=\"https:\/\/www.urlaubcornwall.de\/blog\/wp-content\/uploads\/2015\/10\/Glastonbury.jpg\" alt=\"Glastonbury hotels besten\" width=\"749\" height=\"376\"\/><\/p>\n<p style=\"text-align: left;\"><strong>Die sch\u00f6nsten Hotels in Glastonbury &#8211; <\/strong>Abgesehen vom legend\u00e4ren Musikfest ist <a href=\"https:\/\/www.urlaubcornwall.de\/ferienhaeuser-fewos\/eng\/somerset\/glastonbury.html\">Glastonbury<\/a> auch bekannt als heilige Pilgerst\u00e4tte im Mittelalter und bis zum heutigen Tage werden viele Menschen von der mystischen Atmosph\u00e4re angezogen. Die wichtigsten St\u00e4tten in Glastonbury sind die Abtei, eine herrliche Ruine, von der viele glauben, dass hier K\u00f6nig Artus neben Guinevere bestattet wurde.<\/p>\n<h2><a href=\"https:\/\/www.booking.com\/hotel\/gb\/bannatyne-s-charlton-house-spa.html?aid=1320750&amp;no_rooms=1&amp;group_adults=2&amp;room1=A%2CA\" rel=\"nofollow\"><span style=\"text-decoration: underline;\"><strong>Bannatyne\u2019s Charlton House \u2013 4 Sterne Landhaus-Hotel &amp; Spa<\/strong><\/span><\/a><\/h2>\n<p><span id=\"result_box\" class=\"\" lang=\"de\"><span class=\"\">Luxuri\u00f6s eingerichtete Zimmer und fantastische Wellnessanwendungen, darunter ein Hydrotherapie-Pool und Ganzk\u00f6rperwickel, machen das Charlton House Spa Hotel in Bannatyne zu einem der besten Hotels in S\u00fcdwestengland<\/span><\/span>&#8230;&#8230;&#8230;..<a href=\"https:\/\/www.booking.com\/hotel\/gb\/bannatyne-s-charlton-house-spa.html?aid=1320750&amp;no_rooms=1&amp;group_adults=2&amp;room1=A%2CA\" rel=\"nofollow\">[Mehr]<\/a><\/p>\n<h2><a href=\"https:\/\/www.booking.com\/hotel\/gb\/theswanhotel.html?aid=1320750&amp;no_rooms=1&amp;group_adults=2&amp;room1=A%2CA\" rel=\"nofollow\"><span style=\"text-decoration: underline;\"><strong> Swan Hotel in Wells \u2013 4 Sterne<\/strong><\/span><\/a><\/h2>\n<p>In der kleinsten Stadt Englands, die \u00fcber eine Kathedrale verf\u00fcgt, erwartet Sie das Swan mit ausgezeichneten Unterk\u00fcnften und Hoteleinrichtungen. Das Swan eignet sich ideal als Ausgangspunkt, um Somerset zu erkunden. Besuchen Sie Bath, Bristol, die H\u00f6hlen von Wookey Hole und die Abtei von Glastonbury mit den historischen H\u00e4usern&#8230;&#8230;&#8230;..<a href=\"https:\/\/www.booking.com\/hotel\/gb\/theswanhotel.html?aid=1320750&amp;no_rooms=1&amp;group_adults=2&amp;room1=A%2CA\" rel=\"nofollow\">[Mehr]<\/a><\/p>\n<h2><a href=\"https:\/\/www.booking.com\/hotel\/gb\/ston-easton-park.html?aid=1320750&amp;no_rooms=1&amp;group_adults=2&amp;room1=A%2CA\" rel=\"nofollow\"><span style=\"text-decoration: underline;\"><strong> Ston Easton Park Hotel \u2013 Luxus Landhaus-Hotel<\/strong><\/span><\/a><\/h2>\n<p>Das Ston Easton Park begr\u00fc\u00dft Sie in der Grafschaft Somerset im S\u00fcdwesten von Bath, inmitten eines 15 Hektar gro\u00dfen Parks, durch den der Fluss Norr flie\u00dft. Im Palladian Mansion genie\u00dfen Sie Gerichte der gehobenen K\u00fcche&#8230;&#8230;&#8230;.<a href=\"https:\/\/www.booking.com\/hotel\/gb\/ston-easton-park.html?aid=1320750&amp;no_rooms=1&amp;group_adults=2&amp;room1=A%2CA\" rel=\"nofollow\">[Mehr]<\/a><\/p>\n<p><ins class=\"bookingaff\" data-aid=\"2193249\" data-target_aid=\"2193249\" data-prod=\"map\" data-width=\"100%\" data-height=\"590\" data-lang=\"ualng\" data-dest_id=\"0\" data-dest_type=\"landmark\" data-latitude=\"51.147427\" data-longitude=\"-2.718454\" data-mwhsb=\"0\" data-address=\"Glastonbury, UK\"><br \/>\n    <!-- Anything inside will go away once widget is loaded. --><br \/>\n        <a href=\"\/\/www.booking.com?aid=2193249\" rel=\"nofollow\">Booking.com<\/a><br \/>\n<\/ins><br \/>\n<script type=\"text\/javascript\">\n    (function(d, sc, u) {\n      var s = d.createElement(sc), p = d.getElementsByTagName(sc)[0];\n      s.type = 'text\/javascript';\n      s.async = true;\n      s.src = u + '?v=' + (+new Date());\n      p.parentNode.insertBefore(s,p);\n      })(document, 'script', '\/\/aff.bstatic.com\/static\/affiliate_base\/js\/flexiproduct.js');\n<\/script><\/p>\n<h2><a href=\"https:\/\/www.booking.com\/hotel\/gb\/wessex.html?aid=1320750&amp;no_rooms=1&amp;group_adults=2&amp;room1=A%2CA\" rel=\"nofollow\"><span style=\"text-decoration: underline;\"><strong> The Wessex Hotel \u2013 3 Sterne<\/strong><\/span><\/a><\/h2>\n<p>In der Stadt Street in Somerset begr\u00fc\u00dft Sie dieses moderne Hotel mit 3 AA-Sterne-Akkreditierung. Hier wohnen Sie eine 4-min\u00fctige Fahrt von der Stadt Glastonbury entfernt&#8230;&#8230;&#8230;..<a href=\"https:\/\/www.booking.com\/hotel\/gb\/wessex.html?aid=1320750&amp;no_rooms=1&amp;group_adults=2&amp;room1=A%2CA\" rel=\"nofollow\">[Mehr]<\/a><\/p>\n<h2><a href=\" https:\/\/www.booking.com\/hotel\/gb\/wookey-hole.html?aid=1320750&amp;no_rooms=1&amp;group_adults=2&amp;room1=A%2CA\" rel=\"nofollow\"><span style=\"text-decoration: underline;\"><strong> Wookey Hole Hotel \u2013 3 Sterne<\/strong><\/span><\/a><\/h2>\n<p>Das Hotel befindet sich in der N\u00e4he der H\u00f6hlen von Wookey Hole, 3 km von der mittelalterlichen Stadt Wells entfernt. Freuen Sie sich auf moderne Zimmer mit kostenfreiem WLAN, ein Restaurant und kostenfreie Parkpl\u00e4tze&#8230;&#8230;&#8230;.<a href=\" https:\/\/www.booking.com\/hotel\/gb\/wookey-hole.html?aid=1320750&amp;no_rooms=1&amp;group_adults=2&amp;room1=A%2CA\" rel=\"nofollow\">[Mehr]<\/a><\/p>\n<h2><a href=\" https:\/\/www.booking.com\/hotel\/gb\/whitehart-wells.html?aid=1320750&amp;no_rooms=1&amp;group_adults=2&amp;room1=A%2CA\" rel=\"nofollow\"><span style=\"text-decoration: underline;\"><strong> The White Hart Hotel \u2013 G\u00fcnstig Hotel<\/strong><\/span><\/a><\/h2>\n<p>Dieser restaurierte Gasthof aus dem 15. Jahrhundert befindet sich im Herzen der kleinen mittelalterlichen Stadt Wells, am Park der Kathedrale und nur wenige Meter vom historischen Markt entfernt<br \/>\n&#8230;&#8230;&#8230;<a href=\" https:\/\/www.booking.com\/hotel\/gb\/whitehart-wells.html?aid=1320750&amp;no_rooms=1&amp;group_adults=2&amp;room1=A%2CA\" rel=\"nofollow\">[Mehr]<\/a><\/p>\n<p style=\"text-align: center;\"><a class=\"tidycta\" href=\"https:\/\/www.booking.com\/searchresults.html?city=-2597059&amp;aid=1320750&amp;no_rooms=1&amp;group_adults=2&amp;room1=A%2CA\" rel=\"nofollow\">Suche Hotels Glastonbury<\/a><\/p>\n<h1 style=\"text-align: center;\"><strong>Bei uns finden Sie Ferienh\u00e4user zum Verlieben \u2013 so einfach ist das!<\/strong><\/h1>\n<p style=\"text-align: center;\">UrlaubCornwall verf\u00fcgt Ferienh\u00e4user und Ferienwohnungen f\u00fcr Ihren Urlaub. Unterk\u00fcnfte der Spitzenklasse f\u00fcr 2 Personen, Familien und Gruppen mit 4, 6, 8, 10 oder 12 G\u00e4sten.<\/p>\n<p style=\"text-align: center;\"><a class=\"tidycta\" href=\"https:\/\/www.urlaubcornwall.de\/ferienhaeuser-fewos\/glastonbury.html\">Ferienh\u00e4user in Glastonbury<\/a><\/p>\n","protected":false},"excerpt":{"rendered":"<p>Die sch\u00f6nsten Hotels in Glastonbury &#8211; Abgesehen vom legend\u00e4ren Musikfest ist Glastonbury auch bekannt als heilige Pilgerst\u00e4tte im Mittelalter und bis zum heutigen Tage werden viele Menschen von der mystischen Atmosph\u00e4re angezogen. Die wichtigsten St\u00e4tten in Glastonbury sind die Abtei, eine herrliche Ruine, von der viele glauben, dass hier K\u00f6nig Artus neben Guinevere bestattet wurde. [&hellip;]<\/p>\n","protected":false},"author":1,"featured_media":0,"parent":0,"menu_order":0,"comment_status":"closed","ping_status":"closed","template":"single-four.php","meta":[],"acf":[],"yoast_head":"<!-- This site is optimized with the Yoast SEO plugin v19.4 - https:\/\/yoast.com\/wordpress\/plugins\/seo\/ -->\n<title>Besten hotels in der N\u00e4he Glastonbury zum Verlieben! - Urlaub &amp; Reisen<\/title>\n<meta name=\"robots\" content=\"index, follow, max-snippet:-1, max-image-preview:large, max-video-preview:-1\" \/>\n<link rel=\"canonical\" href=\"https:\/\/www.urlaubcornwall.de\/blog\/bei-uns-finden-sie-hotels-glastonbury-zum-verlieben\/\" \/>\n<meta property=\"og:locale\" content=\"en_US\" \/>\n<meta property=\"og:type\" content=\"article\" \/>\n<meta property=\"og:title\" content=\"Besten hotels in der N\u00e4he Glastonbury zum Verlieben! - Urlaub &amp; Reisen\" \/>\n<meta property=\"og:description\" content=\"Die sch\u00f6nsten Hotels in Glastonbury &#8211; Abgesehen vom legend\u00e4ren Musikfest ist Glastonbury auch bekannt als heilige Pilgerst\u00e4tte im Mittelalter und bis zum heutigen Tage werden viele Menschen von der mystischen Atmosph\u00e4re angezogen. Die wichtigsten St\u00e4tten in Glastonbury sind die Abtei, eine herrliche Ruine, von der viele glauben, dass hier K\u00f6nig Artus neben Guinevere bestattet wurde. [&hellip;]\" \/>\n<meta property=\"og:url\" content=\"https:\/\/www.urlaubcornwall.de\/blog\/bei-uns-finden-sie-hotels-glastonbury-zum-verlieben\/\" \/>\n<meta property=\"og:site_name\" content=\"Urlaub &amp; Reisen\" \/>\n<meta property=\"article:modified_time\" content=\"2021-11-25T11:59:12+00:00\" \/>\n<meta property=\"og:image\" content=\"https:\/\/www.urlaubcornwall.de\/blog\/wp-content\/uploads\/2015\/10\/Glastonbury.jpg\" \/>\n<meta name=\"twitter:card\" content=\"summary\" \/>\n<meta name=\"twitter:label1\" content=\"Est. reading time\" \/>\n\t<meta name=\"twitter:data1\" content=\"2 minutes\" \/>\n<script type=\"application\/ld+json\" class=\"yoast-schema-graph\">{\"@context\":\"https:\/\/schema.org\",\"@graph\":[{\"@type\":\"WebSite\",\"@id\":\"https:\/\/www.urlaubcornwall.de\/blog\/#website\",\"url\":\"https:\/\/www.urlaubcornwall.de\/blog\/\",\"name\":\"Urlaub &amp; Reisen\",\"description\":\"Urlaub, Reisen, Cornwall und S\u00fcdengland: eine perfekte Kombination\",\"potentialAction\":[{\"@type\":\"SearchAction\",\"target\":{\"@type\":\"EntryPoint\",\"urlTemplate\":\"https:\/\/www.urlaubcornwall.de\/blog\/?s={search_term_string}\"},\"query-input\":\"required name=search_term_string\"}],\"inLanguage\":\"en-US\"},{\"@type\":\"WebPage\",\"@id\":\"https:\/\/www.urlaubcornwall.de\/blog\/bei-uns-finden-sie-hotels-glastonbury-zum-verlieben\/\",\"url\":\"https:\/\/www.urlaubcornwall.de\/blog\/bei-uns-finden-sie-hotels-glastonbury-zum-verlieben\/\",\"name\":\"Besten hotels in der N\u00e4he Glastonbury zum Verlieben! - Urlaub &amp; Reisen\",\"isPartOf\":{\"@id\":\"https:\/\/www.urlaubcornwall.de\/blog\/#website\"},\"datePublished\":\"2017-09-08T13:35:44+00:00\",\"dateModified\":\"2021-11-25T11:59:12+00:00\",\"breadcrumb\":{\"@id\":\"https:\/\/www.urlaubcornwall.de\/blog\/bei-uns-finden-sie-hotels-glastonbury-zum-verlieben\/#breadcrumb\"},\"inLanguage\":\"en-US\",\"potentialAction\":[{\"@type\":\"ReadAction\",\"target\":[\"https:\/\/www.urlaubcornwall.de\/blog\/bei-uns-finden-sie-hotels-glastonbury-zum-verlieben\/\"]}]},{\"@type\":\"BreadcrumbList\",\"@id\":\"https:\/\/www.urlaubcornwall.de\/blog\/bei-uns-finden-sie-hotels-glastonbury-zum-verlieben\/#breadcrumb\",\"itemListElement\":[{\"@type\":\"ListItem\",\"position\":1,\"name\":\"Home\",\"item\":\"https:\/\/www.urlaubcornwall.de\/blog\/\"},{\"@type\":\"ListItem\",\"position\":2,\"name\":\"Besten hotels in der N\u00e4he Glastonbury zum Verlieben!\"}]}]}<\/script>\n<!-- \/ Yoast SEO plugin. -->","yoast_head_json":{"title":"Besten hotels in der N\u00e4he Glastonbury zum Verlieben! - Urlaub &amp; Reisen","robots":{"index":"index","follow":"follow","max-snippet":"max-snippet:-1","max-image-preview":"max-image-preview:large","max-video-preview":"max-video-preview:-1"},"canonical":"https:\/\/www.urlaubcornwall.de\/blog\/bei-uns-finden-sie-hotels-glastonbury-zum-verlieben\/","og_locale":"en_US","og_type":"article","og_title":"Besten hotels in der N\u00e4he Glastonbury zum Verlieben! - Urlaub &amp; Reisen","og_description":"Die sch\u00f6nsten Hotels in Glastonbury &#8211; Abgesehen vom legend\u00e4ren Musikfest ist Glastonbury auch bekannt als heilige Pilgerst\u00e4tte im Mittelalter und bis zum heutigen Tage werden viele Menschen von der mystischen Atmosph\u00e4re angezogen. Die wichtigsten St\u00e4tten in Glastonbury sind die Abtei, eine herrliche Ruine, von der viele glauben, dass hier K\u00f6nig Artus neben Guinevere bestattet wurde. [&hellip;]","og_url":"https:\/\/www.urlaubcornwall.de\/blog\/bei-uns-finden-sie-hotels-glastonbury-zum-verlieben\/","og_site_name":"Urlaub &amp; Reisen","article_modified_time":"2021-11-25T11:59:12+00:00","og_image":[{"url":"https:\/\/www.urlaubcornwall.de\/blog\/wp-content\/uploads\/2015\/10\/Glastonbury.jpg"}],"twitter_card":"summary","twitter_misc":{"Est. reading time":"2 minutes"},"schema":{"@context":"https:\/\/schema.org","@graph":[{"@type":"WebSite","@id":"https:\/\/www.urlaubcornwall.de\/blog\/#website","url":"https:\/\/www.urlaubcornwall.de\/blog\/","name":"Urlaub &amp; Reisen","description":"Urlaub, Reisen, Cornwall und S\u00fcdengland: eine perfekte Kombination","potentialAction":[{"@type":"SearchAction","target":{"@type":"EntryPoint","urlTemplate":"https:\/\/www.urlaubcornwall.de\/blog\/?s={search_term_string}"},"query-input":"required name=search_term_string"}],"inLanguage":"en-US"},{"@type":"WebPage","@id":"https:\/\/www.urlaubcornwall.de\/blog\/bei-uns-finden-sie-hotels-glastonbury-zum-verlieben\/","url":"https:\/\/www.urlaubcornwall.de\/blog\/bei-uns-finden-sie-hotels-glastonbury-zum-verlieben\/","name":"Besten hotels in der N\u00e4he Glastonbury zum Verlieben! - Urlaub &amp; Reisen","isPartOf":{"@id":"https:\/\/www.urlaubcornwall.de\/blog\/#website"},"datePublished":"2017-09-08T13:35:44+00:00","dateModified":"2021-11-25T11:59:12+00:00","breadcrumb":{"@id":"https:\/\/www.urlaubcornwall.de\/blog\/bei-uns-finden-sie-hotels-glastonbury-zum-verlieben\/#breadcrumb"},"inLanguage":"en-US","potentialAction":[{"@type":"ReadAction","target":["https:\/\/www.urlaubcornwall.de\/blog\/bei-uns-finden-sie-hotels-glastonbury-zum-verlieben\/"]}]},{"@type":"BreadcrumbList","@id":"https:\/\/www.urlaubcornwall.de\/blog\/bei-uns-finden-sie-hotels-glastonbury-zum-verlieben\/#breadcrumb","itemListElement":[{"@type":"ListItem","position":1,"name":"Home","item":"https:\/\/www.urlaubcornwall.de\/blog\/"},{"@type":"ListItem","position":2,"name":"Besten hotels in der N\u00e4he Glastonbury zum Verlieben!"}]}]}},"_links":{"self":[{"href":"https:\/\/www.urlaubcornwall.de\/blog\/wp-json\/wp\/v2\/pages\/29149"}],"collection":[{"href":"https:\/\/www.urlaubcornwall.de\/blog\/wp-json\/wp\/v2\/pages"}],"about":[{"href":"https:\/\/www.urlaubcornwall.de\/blog\/wp-json\/wp\/v2\/types\/page"}],"author":[{"embeddable":true,"href":"https:\/\/www.urlaubcornwall.de\/blog\/wp-json\/wp\/v2\/users\/1"}],"replies":[{"embeddable":true,"href":"https:\/\/www.urlaubcornwall.de\/blog\/wp-json\/wp\/v2\/comments?post=29149"}],"version-history":[{"count":10,"href":"https:\/\/www.urlaubcornwall.de\/blog\/wp-json\/wp\/v2\/pages\/29149\/revisions"}],"predecessor-version":[{"id":44161,"href":"https:\/\/www.urlaubcornwall.de\/blog\/wp-json\/wp\/v2\/pages\/29149\/revisions\/44161"}],"wp:attachment":[{"href":"https:\/\/www.urlaubcornwall.de\/blog\/wp-json\/wp\/v2\/media?parent=29149"}],"curies":[{"name":"wp","href":"https:\/\/api.w.org\/{rel}","templated":true}]}}