{"id":29142,"date":"2017-09-08T13:03:14","date_gmt":"2017-09-08T13:03:14","guid":{"rendered":"https:\/\/www.urlaubcornwall.de\/blog\/?page_id=29142"},"modified":"2024-05-30T09:36:43","modified_gmt":"2024-05-30T09:36:43","slug":"familienhotels-london-fuer-ihren-urlaub-mit-kindern-suedengland","status":"publish","type":"page","link":"https:\/\/www.urlaubcornwall.de\/blog\/familienhotels-london-fuer-ihren-urlaub-mit-kindern-suedengland\/","title":{"rendered":"Familienhotels in London f\u00fcr Ihren Urlaub mit Kindern in S\u00fcdengland."},"content":{"rendered":"<p><a href=\"https:\/\/www.urlaubcornwall.de\/blog\/wp-content\/uploads\/2024\/03\/london-park.jpg\"><img loading=\"lazy\" src=\"https:\/\/www.urlaubcornwall.de\/blog\/wp-content\/uploads\/2024\/03\/london-park.jpg\" alt=\"london park\" width=\"750\" height=\"500\" class=\"alignnone size-full wp-image-47843\" srcset=\"https:\/\/www.urlaubcornwall.de\/blog\/wp-content\/uploads\/2024\/03\/london-park.jpg 750w, https:\/\/www.urlaubcornwall.de\/blog\/wp-content\/uploads\/2024\/03\/london-park-300x200.jpg 300w\" sizes=\"(max-width: 750px) 100vw, 750px\" \/><\/a><br \/>\nDie sch\u00f6nsten Familienunterk\u00fcnfte und Kinderfreundliches Hotels in London &amp; S\u00fcdengland &#8211; Eine gro\u00dfe Auswahl an Familienhotels und Kinderhotels in London, die alle f\u00fcr einen bequemen und entspannenden Urlaub mit Ihrer Familie sorgen. <\/p>\n<p><ins class=\"bookingaff\" data-aid=\"1702083\" data-target_aid=\"1702083\" data-prod=\"map\" data-width=\"100%\" data-height=\"590\" data-lang=\"ualng\" data-dest_id=\"0\" data-dest_type=\"landmark\" data-latitude=\"51.5073509\" data-longitude=\"-0.1277583\" data-mwhsb=\"0\" data-address=\"London, UK\"><br \/>\n    <!-- Anything inside will go away once widget is loaded. --><br \/>\n        <a href=\"\/\/www.booking.com?aid=1702083\" rel=\"nofollow\">Booking.com<\/a><br \/>\n<\/ins><br \/>\n<script type=\"text\/javascript\">\n    (function(d, sc, u) {\n      var s = d.createElement(sc), p = d.getElementsByTagName(sc)[0];\n      s.type = 'text\/javascript';\n      s.async = true;\n      s.src = u + '?v=' + (+new Date());\n      p.parentNode.insertBefore(s,p);\n      })(document, 'script', '\/\/aff.bstatic.com\/static\/affiliate_base\/js\/flexiproduct.js');\n<\/script><\/p>\n<p>Es ist unm\u00f6glich, <a href=\"https:\/\/www.urlaubcornwall.de\/blog\/kurzurlaub-kurzreise-nach-london\/\">London<\/a> in ein paar Worten zusammenzufassen, da die Vielfalt dieser hochlebendigen Stadt einfach zu gro\u00df ist. Stattdessen werden wir uns auf eine kleine Auswahl der vielen M\u00f6glichkeiten konzentrieren. Einige m\u00f6gen Einwohnern und Besuchern gleicherma\u00dfen bekannt sein, w\u00e4hrend andere etwas \u00fcberraschend sind&#8230;.. <a href=\"https:\/\/www.urlaubcornwall.de\/blog\/die-besten-london-urlaub-tipps-urlaubcornwall-de\/\"><strong>[ Mehr ]<\/strong><\/a><\/p>\n<div class=\"snippet\"> <a class=\"featured-item\" href=\"https:\/\/www.urlaubcornwall.de\/ferienhaeuser.php\"> <span class=\"image-holder\" style=\"background-image: url(' https:\/\/www.urlaubcornwall.de\/blog\/wp-content\/uploads\/2018\/12\/ferienhaus-cornwall-mit-hund.jpg ');\"><\/span> <span class=\"featured-content\"> \n<h2 class=\"featured-title\">Ferienh\u00e4user in England, Schottland &#038; Wales<\/h2>\n<p class=\"featured-body\">Bei uns finden Sie Ferienh\u00e4user in Gro\u00dfbritannien zum Verlieben; so einfach ist das! UrlaubCornwall.de hat eine einzigartige Sammlung pers\u00f6nlich inspizierter Ferienh\u00e4user und Ferienwohnungen&#8230;.<\/p><\/span> <span class=\"featured-link-holder\"> <span class=\"featured-extra-info\"> \n<p>F\u00fcr Paare, Familien &#038; Gruppen<\/p>\n<\/span> \n<p class=\"featured-link\">DETAILS<\/p>\n<\/span> <\/a><\/div>\n<div class=\"snippet\"> <a class=\"featured-item\" href=\" https:\/\/www.urlaubcornwall.de\/rundreisen\/grossbritannien.php\"> <span class=\"image-holder\" style=\"background-image: url(' https:\/\/www.urlaubcornwall.de\/blog\/wp-content\/uploads\/2018\/11\/rundreise-cornwall.jpg ');\"><\/span> <span class=\"featured-content\"> \n<h2 class=\"featured-title\">Individuelle Rundreise in Gro\u00dfbritannien<\/h2>\n<p class=\"featured-body\">Mit Sitz im Vereinten K\u00f6nigreich und einer Reiseleidenschaft haben wir uns darin spezialisiert, individuelle Rundreisen f\u00fcr Paare, Familien oder Gruppen zusammenzustellen&#8230;.<\/p>\n<\/span> <span class=\"featured-link-holder\"> <span class=\"featured-extra-info\"> \n<p>Urlaub im eigenen Schritttempo<\/p>\n<\/span> \n<p class=\"featured-link\">DETAILS<\/p>\n<\/span> <\/a><\/div>\n","protected":false},"excerpt":{"rendered":"<p>Die sch\u00f6nsten Familienunterk\u00fcnfte und Kinderfreundliches Hotels in London &amp; S\u00fcdengland &#8211; Eine gro\u00dfe Auswahl an Familienhotels und Kinderhotels in London, die alle f\u00fcr einen bequemen und entspannenden Urlaub mit Ihrer Familie sorgen. Booking.com Es ist unm\u00f6glich, London in ein paar Worten zusammenzufassen, da die Vielfalt dieser hochlebendigen Stadt einfach zu gro\u00df ist. Stattdessen werden wir [&hellip;]<\/p>\n","protected":false},"author":1,"featured_media":0,"parent":0,"menu_order":0,"comment_status":"closed","ping_status":"closed","template":"single-four.php","meta":[],"acf":[],"yoast_head":"<!-- This site is optimized with the Yoast SEO plugin v19.4 - https:\/\/yoast.com\/wordpress\/plugins\/seo\/ -->\n<title>Familienhotels in London f\u00fcr Ihren Urlaub mit Kindern in S\u00fcdengland. - Urlaub &amp; Reisen<\/title>\n<meta name=\"robots\" content=\"index, follow, max-snippet:-1, max-image-preview:large, max-video-preview:-1\" \/>\n<link rel=\"canonical\" href=\"https:\/\/www.urlaubcornwall.de\/blog\/familienhotels-london-fuer-ihren-urlaub-mit-kindern-suedengland\/\" \/>\n<meta property=\"og:locale\" content=\"en_US\" \/>\n<meta property=\"og:type\" content=\"article\" \/>\n<meta property=\"og:title\" content=\"Familienhotels in London f\u00fcr Ihren Urlaub mit Kindern in S\u00fcdengland. - Urlaub &amp; Reisen\" \/>\n<meta property=\"og:description\" content=\"Die sch\u00f6nsten Familienunterk\u00fcnfte und Kinderfreundliches Hotels in London &amp; S\u00fcdengland &#8211; Eine gro\u00dfe Auswahl an Familienhotels und Kinderhotels in London, die alle f\u00fcr einen bequemen und entspannenden Urlaub mit Ihrer Familie sorgen. Booking.com Es ist unm\u00f6glich, London in ein paar Worten zusammenzufassen, da die Vielfalt dieser hochlebendigen Stadt einfach zu gro\u00df ist. Stattdessen werden wir [&hellip;]\" \/>\n<meta property=\"og:url\" content=\"https:\/\/www.urlaubcornwall.de\/blog\/familienhotels-london-fuer-ihren-urlaub-mit-kindern-suedengland\/\" \/>\n<meta property=\"og:site_name\" content=\"Urlaub &amp; Reisen\" \/>\n<meta property=\"article:modified_time\" content=\"2024-05-30T09:36:43+00:00\" \/>\n<meta property=\"og:image\" content=\"https:\/\/www.urlaubcornwall.de\/blog\/wp-content\/uploads\/2024\/03\/london-park.jpg\" \/>\n<meta name=\"twitter:card\" content=\"summary\" \/>\n<meta name=\"twitter:label1\" content=\"Est. reading time\" \/>\n\t<meta name=\"twitter:data1\" content=\"1 minute\" \/>\n<script type=\"application\/ld+json\" class=\"yoast-schema-graph\">{\"@context\":\"https:\/\/schema.org\",\"@graph\":[{\"@type\":\"WebSite\",\"@id\":\"https:\/\/www.urlaubcornwall.de\/blog\/#website\",\"url\":\"https:\/\/www.urlaubcornwall.de\/blog\/\",\"name\":\"Urlaub &amp; Reisen\",\"description\":\"Urlaub, Reisen, Cornwall und S\u00fcdengland: eine perfekte Kombination\",\"potentialAction\":[{\"@type\":\"SearchAction\",\"target\":{\"@type\":\"EntryPoint\",\"urlTemplate\":\"https:\/\/www.urlaubcornwall.de\/blog\/?s={search_term_string}\"},\"query-input\":\"required name=search_term_string\"}],\"inLanguage\":\"en-US\"},{\"@type\":\"WebPage\",\"@id\":\"https:\/\/www.urlaubcornwall.de\/blog\/familienhotels-london-fuer-ihren-urlaub-mit-kindern-suedengland\/\",\"url\":\"https:\/\/www.urlaubcornwall.de\/blog\/familienhotels-london-fuer-ihren-urlaub-mit-kindern-suedengland\/\",\"name\":\"Familienhotels in London f\u00fcr Ihren Urlaub mit Kindern in S\u00fcdengland. - Urlaub &amp; Reisen\",\"isPartOf\":{\"@id\":\"https:\/\/www.urlaubcornwall.de\/blog\/#website\"},\"datePublished\":\"2017-09-08T13:03:14+00:00\",\"dateModified\":\"2024-05-30T09:36:43+00:00\",\"breadcrumb\":{\"@id\":\"https:\/\/www.urlaubcornwall.de\/blog\/familienhotels-london-fuer-ihren-urlaub-mit-kindern-suedengland\/#breadcrumb\"},\"inLanguage\":\"en-US\",\"potentialAction\":[{\"@type\":\"ReadAction\",\"target\":[\"https:\/\/www.urlaubcornwall.de\/blog\/familienhotels-london-fuer-ihren-urlaub-mit-kindern-suedengland\/\"]}]},{\"@type\":\"BreadcrumbList\",\"@id\":\"https:\/\/www.urlaubcornwall.de\/blog\/familienhotels-london-fuer-ihren-urlaub-mit-kindern-suedengland\/#breadcrumb\",\"itemListElement\":[{\"@type\":\"ListItem\",\"position\":1,\"name\":\"Home\",\"item\":\"https:\/\/www.urlaubcornwall.de\/blog\/\"},{\"@type\":\"ListItem\",\"position\":2,\"name\":\"Familienhotels in London f\u00fcr Ihren Urlaub mit Kindern in S\u00fcdengland.\"}]}]}<\/script>\n<!-- \/ Yoast SEO plugin. -->","yoast_head_json":{"title":"Familienhotels in London f\u00fcr Ihren Urlaub mit Kindern in S\u00fcdengland. - Urlaub &amp; Reisen","robots":{"index":"index","follow":"follow","max-snippet":"max-snippet:-1","max-image-preview":"max-image-preview:large","max-video-preview":"max-video-preview:-1"},"canonical":"https:\/\/www.urlaubcornwall.de\/blog\/familienhotels-london-fuer-ihren-urlaub-mit-kindern-suedengland\/","og_locale":"en_US","og_type":"article","og_title":"Familienhotels in London f\u00fcr Ihren Urlaub mit Kindern in S\u00fcdengland. - Urlaub &amp; Reisen","og_description":"Die sch\u00f6nsten Familienunterk\u00fcnfte und Kinderfreundliches Hotels in London &amp; S\u00fcdengland &#8211; Eine gro\u00dfe Auswahl an Familienhotels und Kinderhotels in London, die alle f\u00fcr einen bequemen und entspannenden Urlaub mit Ihrer Familie sorgen. Booking.com Es ist unm\u00f6glich, London in ein paar Worten zusammenzufassen, da die Vielfalt dieser hochlebendigen Stadt einfach zu gro\u00df ist. Stattdessen werden wir [&hellip;]","og_url":"https:\/\/www.urlaubcornwall.de\/blog\/familienhotels-london-fuer-ihren-urlaub-mit-kindern-suedengland\/","og_site_name":"Urlaub &amp; Reisen","article_modified_time":"2024-05-30T09:36:43+00:00","og_image":[{"url":"https:\/\/www.urlaubcornwall.de\/blog\/wp-content\/uploads\/2024\/03\/london-park.jpg"}],"twitter_card":"summary","twitter_misc":{"Est. reading time":"1 minute"},"schema":{"@context":"https:\/\/schema.org","@graph":[{"@type":"WebSite","@id":"https:\/\/www.urlaubcornwall.de\/blog\/#website","url":"https:\/\/www.urlaubcornwall.de\/blog\/","name":"Urlaub &amp; Reisen","description":"Urlaub, Reisen, Cornwall und S\u00fcdengland: eine perfekte Kombination","potentialAction":[{"@type":"SearchAction","target":{"@type":"EntryPoint","urlTemplate":"https:\/\/www.urlaubcornwall.de\/blog\/?s={search_term_string}"},"query-input":"required name=search_term_string"}],"inLanguage":"en-US"},{"@type":"WebPage","@id":"https:\/\/www.urlaubcornwall.de\/blog\/familienhotels-london-fuer-ihren-urlaub-mit-kindern-suedengland\/","url":"https:\/\/www.urlaubcornwall.de\/blog\/familienhotels-london-fuer-ihren-urlaub-mit-kindern-suedengland\/","name":"Familienhotels in London f\u00fcr Ihren Urlaub mit Kindern in S\u00fcdengland. - Urlaub &amp; Reisen","isPartOf":{"@id":"https:\/\/www.urlaubcornwall.de\/blog\/#website"},"datePublished":"2017-09-08T13:03:14+00:00","dateModified":"2024-05-30T09:36:43+00:00","breadcrumb":{"@id":"https:\/\/www.urlaubcornwall.de\/blog\/familienhotels-london-fuer-ihren-urlaub-mit-kindern-suedengland\/#breadcrumb"},"inLanguage":"en-US","potentialAction":[{"@type":"ReadAction","target":["https:\/\/www.urlaubcornwall.de\/blog\/familienhotels-london-fuer-ihren-urlaub-mit-kindern-suedengland\/"]}]},{"@type":"BreadcrumbList","@id":"https:\/\/www.urlaubcornwall.de\/blog\/familienhotels-london-fuer-ihren-urlaub-mit-kindern-suedengland\/#breadcrumb","itemListElement":[{"@type":"ListItem","position":1,"name":"Home","item":"https:\/\/www.urlaubcornwall.de\/blog\/"},{"@type":"ListItem","position":2,"name":"Familienhotels in London f\u00fcr Ihren Urlaub mit Kindern in S\u00fcdengland."}]}]}},"_links":{"self":[{"href":"https:\/\/www.urlaubcornwall.de\/blog\/wp-json\/wp\/v2\/pages\/29142"}],"collection":[{"href":"https:\/\/www.urlaubcornwall.de\/blog\/wp-json\/wp\/v2\/pages"}],"about":[{"href":"https:\/\/www.urlaubcornwall.de\/blog\/wp-json\/wp\/v2\/types\/page"}],"author":[{"embeddable":true,"href":"https:\/\/www.urlaubcornwall.de\/blog\/wp-json\/wp\/v2\/users\/1"}],"replies":[{"embeddable":true,"href":"https:\/\/www.urlaubcornwall.de\/blog\/wp-json\/wp\/v2\/comments?post=29142"}],"version-history":[{"count":12,"href":"https:\/\/www.urlaubcornwall.de\/blog\/wp-json\/wp\/v2\/pages\/29142\/revisions"}],"predecessor-version":[{"id":50891,"href":"https:\/\/www.urlaubcornwall.de\/blog\/wp-json\/wp\/v2\/pages\/29142\/revisions\/50891"}],"wp:attachment":[{"href":"https:\/\/www.urlaubcornwall.de\/blog\/wp-json\/wp\/v2\/media?parent=29142"}],"curies":[{"name":"wp","href":"https:\/\/api.w.org\/{rel}","templated":true}]}}