{"id":29136,"date":"2017-09-08T12:41:30","date_gmt":"2017-09-08T12:41:30","guid":{"rendered":"https:\/\/www.urlaubcornwall.de\/blog\/?page_id=29136"},"modified":"2024-04-15T09:57:23","modified_gmt":"2024-04-15T09:57:23","slug":"familienhotels-dorset-fuer-ihren-urlaub-mit-kindern-suedengland","status":"publish","type":"page","link":"https:\/\/www.urlaubcornwall.de\/blog\/familienhotels-dorset-fuer-ihren-urlaub-mit-kindern-suedengland\/","title":{"rendered":"Familienhotels in Dorset f\u00fcr Ihren Urlaub mit Kindern in S\u00fcdengland."},"content":{"rendered":"<p><img loading=\"lazy\" class=\"aligncenter size-full wp-image-41213\" src=\"https:\/\/www.urlaubcornwall.de\/blog\/wp-content\/uploads\/2020\/11\/jurasss-kueste-e1713175000993.jpg\" alt=\"jurassic kueste dorset\" width=\"750\" height=\"567\"\/><br \/>\nDie sch\u00f6nsten Hotels in <a href=\"https:\/\/www.urlaubcornwall.de\/reiseziel\/dorset.php\">Dorset und der Jurassic K\u00fcste<\/a> &#8211; Eine gro\u00dfe Auswahl an Familienhotels und Kinderhotels, die alle f\u00fcr einen bequemen und entspannenden Urlaub mit Ihrer Familie sorgen. <a href=\"https:\/\/www.urlaubcornwall.de\/reiseziel\/suedengland.php\">Familienunterk\u00fcnfte in S\u00fcdengland<\/a> und Kinderfreundliches Hotels in Dorset &#8211; UrlaubCornwall.de bietet eine gro\u00dfe Auswahl an Familienhotels und Kinderhotels in Dorset, die alle f\u00fcr einen bequemen und entspannenden Urlaub mit Ihrer Familie sorgen.<\/p>\n<p><ins class=\"bookingaff\" data-aid=\"1702025\" data-target_aid=\"1702025\" data-prod=\"map\" data-width=\"100%\" data-height=\"590\" data-lang=\"ualng\" data-dest_id=\"0\" data-dest_type=\"landmark\" data-latitude=\"50.725156\" data-longitude=\"-2.936639\" data-landmark_name=\"Familienhotels in Dorset\" data-mwhsb=\"1\"><br \/>\n<!-- Anything inside will go away once widget is loaded. --><br \/>\n<a href=\"\/\/www.booking.com?aid=1702025\" rel=\"nofollow\">Booking.com<\/a><br \/>\n<\/ins><br \/>\n<script type=\"text\/javascript\">\n    (function(d, sc, u) {\n      var s = d.createElement(sc), p = d.getElementsByTagName(sc)[0];\n      s.type = 'text\/javascript';\n      s.async = true;\n      s.src = u + '?v=' + (+new Date());\n      p.parentNode.insertBefore(s,p);\n      })(document, 'script', '\/\/aff.bstatic.com\/static\/affiliate_base\/js\/flexiproduct.js');\n<\/script><\/p>\n<p style=\"text-align: left;\">Urlaub in Dorset: Eine der geschichtstr\u00e4chtigsten Grafschaften Englands &#8211; Die Grafschaft Dorset begeistert mit ihrer Sch\u00f6nheit, ihren Kontrasten und der atemberaubenden Landschaft. Dorset liegt im S\u00fcden Englands am Meer und seine K\u00fcstenlinie erstreckt sich \u00fcber 140 km von Lyme Regis im Westen bis nach Christchurch im Osten. Freuen Sie sich hier auf die feinsten Sandstr\u00e4nde der britischen Inseln&#8230;.. <a href=\"https:\/\/www.urlaubcornwall.de\/reiseziel\/dorset.php\"><strong>[ Mehr ]<\/strong><\/a><\/p>\n<div class=\"snippet\"> <a class=\"featured-item\" href=\" https:\/\/www.urlaubcornwall.de\/ferienhaeuser-fewos\/dorset.html\"> <span class=\"image-holder\" style=\"background-image: url(' https:\/\/www.urlaubcornwall.de\/blog\/wp-content\/uploads\/2018\/12\/25560149.jpg ');\"><\/span> <span class=\"featured-content\"> \n<h2 class=\"featured-title\">Cottages in Dorset<\/h2>\n<p class=\"featured-body\">Dorset ist ein geschichtstr\u00e4chtiges Land, von den Fossilien in Charmouth an der Jurassic Coast bis zum Pier von Lyme Regis&#8230;.<\/p>\n<\/span> <span class=\"featured-link-holder\"> <span class=\"featured-extra-info\"> \n<p> Sonderangebote und g\u00fcnstige Ferienh\u00e4user<\/p>\n<\/span> \n<p class=\"featured-link\">DETAILS<\/p>\n<\/span> <\/a><\/div>\n<div class=\"snippet\"> <a class=\"featured-item\" href=\" https:\/\/www.urlaubcornwall.de\/rundreisen\/cornwall-suedengland.php\"> <span class=\"image-holder\" style=\"background-image: url(' https:\/\/www.urlaubcornwall.de\/blog\/wp-content\/uploads\/2018\/11\/rundreise-cornwall.jpg ');\"><\/span> <span class=\"featured-content\"> \n<h2 class=\"featured-title\">Individuelle Rundreise in Dorset &#038; S\u00fcdengland<\/h2>\n<p class=\"featured-body\"> Bei dieser Dorset Rundreise entdecken Sie die H\u00f6hepunkte S\u00fcdenglands. Kultur, Geschichte, Landschaft und heutiges Leben werden Sie hierbei kennenlernen&#8230;<\/p>\n<\/span> <span class=\"featured-link-holder\"> <span class=\"featured-extra-info\"> \n<p>Urlaub im eigenen Schritttempo<\/p>\n<\/span> \n<p class=\"featured-link\">DETAILS<\/p>\n<\/span> <\/a><\/div>\n<p style=\"text-align: left;\">Um Dorset in Ihre Rundreise mit Hund durch Gro\u00dfbritannien mit einzugliedern, stellen Sie Ihre <a href=\"http:\/\/www.urlaubcornwall.de\/anfrage.php\">Anfrage<\/a> hier oder w\u00e4hlen Sie ein Ferienhaus aus unserer besten Auswahl handverlesener und inspizierter H\u00e4user aus. <a href=\"http:\/\/www.urlaubcornwall.de\/\">UrlaubCornwall.de<\/a> ist ein in Cornwall ans\u00e4ssiges Unternehmen k\u00f6nnen wir uns mit 20 Jahren Erfahrung in der Organisation von Rundreisen durch S\u00fcdwest und S\u00fcdengland r\u00fchmen. Erfahren Sie mehr \u00fcber <a href=\"https:\/\/www.urlaubcornwall.de\/hotels.php\">unsere hundefreundlichen Hotels in Cornwall<\/a>.<\/p>\n","protected":false},"excerpt":{"rendered":"<p>Die sch\u00f6nsten Hotels in Dorset und der Jurassic K\u00fcste &#8211; Eine gro\u00dfe Auswahl an Familienhotels und Kinderhotels, die alle f\u00fcr einen bequemen und entspannenden Urlaub mit Ihrer Familie sorgen. Familienunterk\u00fcnfte in S\u00fcdengland und Kinderfreundliches Hotels in Dorset &#8211; UrlaubCornwall.de bietet eine gro\u00dfe Auswahl an Familienhotels und Kinderhotels in Dorset, die alle f\u00fcr einen bequemen und [&hellip;]<\/p>\n","protected":false},"author":1,"featured_media":0,"parent":0,"menu_order":0,"comment_status":"closed","ping_status":"closed","template":"single-four.php","meta":[],"acf":[],"yoast_head":"<!-- This site is optimized with the Yoast SEO plugin v19.4 - https:\/\/yoast.com\/wordpress\/plugins\/seo\/ -->\n<title>Familienhotels in Dorset f\u00fcr Ihren Urlaub mit Kindern in S\u00fcdengland. - Urlaub &amp; Reisen<\/title>\n<meta name=\"robots\" content=\"index, follow, max-snippet:-1, max-image-preview:large, max-video-preview:-1\" \/>\n<link rel=\"canonical\" href=\"https:\/\/www.urlaubcornwall.de\/blog\/familienhotels-dorset-fuer-ihren-urlaub-mit-kindern-suedengland\/\" \/>\n<meta property=\"og:locale\" content=\"en_US\" \/>\n<meta property=\"og:type\" content=\"article\" \/>\n<meta property=\"og:title\" content=\"Familienhotels in Dorset f\u00fcr Ihren Urlaub mit Kindern in S\u00fcdengland. - Urlaub &amp; Reisen\" \/>\n<meta property=\"og:description\" content=\"Die sch\u00f6nsten Hotels in Dorset und der Jurassic K\u00fcste &#8211; Eine gro\u00dfe Auswahl an Familienhotels und Kinderhotels, die alle f\u00fcr einen bequemen und entspannenden Urlaub mit Ihrer Familie sorgen. Familienunterk\u00fcnfte in S\u00fcdengland und Kinderfreundliches Hotels in Dorset &#8211; UrlaubCornwall.de bietet eine gro\u00dfe Auswahl an Familienhotels und Kinderhotels in Dorset, die alle f\u00fcr einen bequemen und [&hellip;]\" \/>\n<meta property=\"og:url\" content=\"https:\/\/www.urlaubcornwall.de\/blog\/familienhotels-dorset-fuer-ihren-urlaub-mit-kindern-suedengland\/\" \/>\n<meta property=\"og:site_name\" content=\"Urlaub &amp; Reisen\" \/>\n<meta property=\"article:modified_time\" content=\"2024-04-15T09:57:23+00:00\" \/>\n<meta property=\"og:image\" content=\"https:\/\/www.urlaubcornwall.de\/blog\/wp-content\/uploads\/2020\/11\/jurasss-kueste-e1713175000993.jpg\" \/>\n<meta name=\"twitter:card\" content=\"summary\" \/>\n<meta name=\"twitter:label1\" content=\"Est. reading time\" \/>\n\t<meta name=\"twitter:data1\" content=\"2 minutes\" \/>\n<script type=\"application\/ld+json\" class=\"yoast-schema-graph\">{\"@context\":\"https:\/\/schema.org\",\"@graph\":[{\"@type\":\"WebSite\",\"@id\":\"https:\/\/www.urlaubcornwall.de\/blog\/#website\",\"url\":\"https:\/\/www.urlaubcornwall.de\/blog\/\",\"name\":\"Urlaub &amp; Reisen\",\"description\":\"Urlaub, Reisen, Cornwall und S\u00fcdengland: eine perfekte Kombination\",\"potentialAction\":[{\"@type\":\"SearchAction\",\"target\":{\"@type\":\"EntryPoint\",\"urlTemplate\":\"https:\/\/www.urlaubcornwall.de\/blog\/?s={search_term_string}\"},\"query-input\":\"required name=search_term_string\"}],\"inLanguage\":\"en-US\"},{\"@type\":\"WebPage\",\"@id\":\"https:\/\/www.urlaubcornwall.de\/blog\/familienhotels-dorset-fuer-ihren-urlaub-mit-kindern-suedengland\/\",\"url\":\"https:\/\/www.urlaubcornwall.de\/blog\/familienhotels-dorset-fuer-ihren-urlaub-mit-kindern-suedengland\/\",\"name\":\"Familienhotels in Dorset f\u00fcr Ihren Urlaub mit Kindern in S\u00fcdengland. - Urlaub &amp; Reisen\",\"isPartOf\":{\"@id\":\"https:\/\/www.urlaubcornwall.de\/blog\/#website\"},\"datePublished\":\"2017-09-08T12:41:30+00:00\",\"dateModified\":\"2024-04-15T09:57:23+00:00\",\"breadcrumb\":{\"@id\":\"https:\/\/www.urlaubcornwall.de\/blog\/familienhotels-dorset-fuer-ihren-urlaub-mit-kindern-suedengland\/#breadcrumb\"},\"inLanguage\":\"en-US\",\"potentialAction\":[{\"@type\":\"ReadAction\",\"target\":[\"https:\/\/www.urlaubcornwall.de\/blog\/familienhotels-dorset-fuer-ihren-urlaub-mit-kindern-suedengland\/\"]}]},{\"@type\":\"BreadcrumbList\",\"@id\":\"https:\/\/www.urlaubcornwall.de\/blog\/familienhotels-dorset-fuer-ihren-urlaub-mit-kindern-suedengland\/#breadcrumb\",\"itemListElement\":[{\"@type\":\"ListItem\",\"position\":1,\"name\":\"Home\",\"item\":\"https:\/\/www.urlaubcornwall.de\/blog\/\"},{\"@type\":\"ListItem\",\"position\":2,\"name\":\"Familienhotels in Dorset f\u00fcr Ihren Urlaub mit Kindern in S\u00fcdengland.\"}]}]}<\/script>\n<!-- \/ Yoast SEO plugin. -->","yoast_head_json":{"title":"Familienhotels in Dorset f\u00fcr Ihren Urlaub mit Kindern in S\u00fcdengland. - Urlaub &amp; Reisen","robots":{"index":"index","follow":"follow","max-snippet":"max-snippet:-1","max-image-preview":"max-image-preview:large","max-video-preview":"max-video-preview:-1"},"canonical":"https:\/\/www.urlaubcornwall.de\/blog\/familienhotels-dorset-fuer-ihren-urlaub-mit-kindern-suedengland\/","og_locale":"en_US","og_type":"article","og_title":"Familienhotels in Dorset f\u00fcr Ihren Urlaub mit Kindern in S\u00fcdengland. - Urlaub &amp; Reisen","og_description":"Die sch\u00f6nsten Hotels in Dorset und der Jurassic K\u00fcste &#8211; Eine gro\u00dfe Auswahl an Familienhotels und Kinderhotels, die alle f\u00fcr einen bequemen und entspannenden Urlaub mit Ihrer Familie sorgen. Familienunterk\u00fcnfte in S\u00fcdengland und Kinderfreundliches Hotels in Dorset &#8211; UrlaubCornwall.de bietet eine gro\u00dfe Auswahl an Familienhotels und Kinderhotels in Dorset, die alle f\u00fcr einen bequemen und [&hellip;]","og_url":"https:\/\/www.urlaubcornwall.de\/blog\/familienhotels-dorset-fuer-ihren-urlaub-mit-kindern-suedengland\/","og_site_name":"Urlaub &amp; Reisen","article_modified_time":"2024-04-15T09:57:23+00:00","og_image":[{"url":"https:\/\/www.urlaubcornwall.de\/blog\/wp-content\/uploads\/2020\/11\/jurasss-kueste-e1713175000993.jpg"}],"twitter_card":"summary","twitter_misc":{"Est. reading time":"2 minutes"},"schema":{"@context":"https:\/\/schema.org","@graph":[{"@type":"WebSite","@id":"https:\/\/www.urlaubcornwall.de\/blog\/#website","url":"https:\/\/www.urlaubcornwall.de\/blog\/","name":"Urlaub &amp; Reisen","description":"Urlaub, Reisen, Cornwall und S\u00fcdengland: eine perfekte Kombination","potentialAction":[{"@type":"SearchAction","target":{"@type":"EntryPoint","urlTemplate":"https:\/\/www.urlaubcornwall.de\/blog\/?s={search_term_string}"},"query-input":"required name=search_term_string"}],"inLanguage":"en-US"},{"@type":"WebPage","@id":"https:\/\/www.urlaubcornwall.de\/blog\/familienhotels-dorset-fuer-ihren-urlaub-mit-kindern-suedengland\/","url":"https:\/\/www.urlaubcornwall.de\/blog\/familienhotels-dorset-fuer-ihren-urlaub-mit-kindern-suedengland\/","name":"Familienhotels in Dorset f\u00fcr Ihren Urlaub mit Kindern in S\u00fcdengland. - Urlaub &amp; Reisen","isPartOf":{"@id":"https:\/\/www.urlaubcornwall.de\/blog\/#website"},"datePublished":"2017-09-08T12:41:30+00:00","dateModified":"2024-04-15T09:57:23+00:00","breadcrumb":{"@id":"https:\/\/www.urlaubcornwall.de\/blog\/familienhotels-dorset-fuer-ihren-urlaub-mit-kindern-suedengland\/#breadcrumb"},"inLanguage":"en-US","potentialAction":[{"@type":"ReadAction","target":["https:\/\/www.urlaubcornwall.de\/blog\/familienhotels-dorset-fuer-ihren-urlaub-mit-kindern-suedengland\/"]}]},{"@type":"BreadcrumbList","@id":"https:\/\/www.urlaubcornwall.de\/blog\/familienhotels-dorset-fuer-ihren-urlaub-mit-kindern-suedengland\/#breadcrumb","itemListElement":[{"@type":"ListItem","position":1,"name":"Home","item":"https:\/\/www.urlaubcornwall.de\/blog\/"},{"@type":"ListItem","position":2,"name":"Familienhotels in Dorset f\u00fcr Ihren Urlaub mit Kindern in S\u00fcdengland."}]}]}},"_links":{"self":[{"href":"https:\/\/www.urlaubcornwall.de\/blog\/wp-json\/wp\/v2\/pages\/29136"}],"collection":[{"href":"https:\/\/www.urlaubcornwall.de\/blog\/wp-json\/wp\/v2\/pages"}],"about":[{"href":"https:\/\/www.urlaubcornwall.de\/blog\/wp-json\/wp\/v2\/types\/page"}],"author":[{"embeddable":true,"href":"https:\/\/www.urlaubcornwall.de\/blog\/wp-json\/wp\/v2\/users\/1"}],"replies":[{"embeddable":true,"href":"https:\/\/www.urlaubcornwall.de\/blog\/wp-json\/wp\/v2\/comments?post=29136"}],"version-history":[{"count":5,"href":"https:\/\/www.urlaubcornwall.de\/blog\/wp-json\/wp\/v2\/pages\/29136\/revisions"}],"predecessor-version":[{"id":49416,"href":"https:\/\/www.urlaubcornwall.de\/blog\/wp-json\/wp\/v2\/pages\/29136\/revisions\/49416"}],"wp:attachment":[{"href":"https:\/\/www.urlaubcornwall.de\/blog\/wp-json\/wp\/v2\/media?parent=29136"}],"curies":[{"name":"wp","href":"https:\/\/api.w.org\/{rel}","templated":true}]}}