{"id":29124,"date":"2017-09-07T15:05:21","date_gmt":"2017-09-07T15:05:21","guid":{"rendered":"https:\/\/www.urlaubcornwall.de\/blog\/?page_id=29124"},"modified":"2024-05-30T09:24:15","modified_gmt":"2024-05-30T09:24:15","slug":"die-schoensten-hotels-der-naehe-beaulieu-national-motor-museum","status":"publish","type":"page","link":"https:\/\/www.urlaubcornwall.de\/blog\/die-schoensten-hotels-der-naehe-beaulieu-national-motor-museum\/","title":{"rendered":"Die sch\u00f6nsten Hotels in der N\u00e4he Beaulieu National Motor Museum"},"content":{"rendered":"<p><a href=\"https:\/\/www.urlaubcornwall.de\/blog\/wp-content\/uploads\/2024\/03\/Beaulieu_Palace_House_Beaulieu.jpg\"><img loading=\"lazy\" src=\"https:\/\/www.urlaubcornwall.de\/blog\/wp-content\/uploads\/2024\/03\/Beaulieu_Palace_House_Beaulieu.jpg\" alt=\"Beaulieu_Palace_House,_Beaulieu\" width=\"750\" height=\"486\" class=\"alignnone size-full wp-image-47974\" srcset=\"https:\/\/www.urlaubcornwall.de\/blog\/wp-content\/uploads\/2024\/03\/Beaulieu_Palace_House_Beaulieu.jpg 750w, https:\/\/www.urlaubcornwall.de\/blog\/wp-content\/uploads\/2024\/03\/Beaulieu_Palace_House_Beaulieu-300x194.jpg 300w\" sizes=\"(max-width: 750px) 100vw, 750px\" \/><\/a><\/p>\n<p style=\"text-align: left;\"><strong>Die Besten Hotels in Beaulieu f\u00fcr Ihren Urlaub in der New Forest &amp; S\u00fcdengland<\/strong><\/p>\n<p style=\"text-align: left;\"><strong>Beaulieu National Motor Museum: <\/strong>Ein Name, der allen Autofreunden bekannt ist, ist Beaulieu<strong> &#8211; <\/strong>vollgestopft mit Geschichte und ein gro\u00dfartiger Tagesausflug f\u00fcr Automobilfreunde. Die Hauptexponate umfassen alles, von rekordbr\u00fcchigen Fahrzeugen bis hin zu Autos, die in Filmen eine Rolle spielten, desweiteren Rennw\u00e4gen von Autorennen, Formel Eins und Motorr\u00e4der Championships.<\/p>\n<h1><a href=\"https:\/\/www.booking.com\/hotel\/gb\/chewtonglenhotel.html?aid=1320750&amp;no_rooms=1&amp;group_adults=2&amp;room1=A%2CA\" rel=\"nofollow\"><span style=\"text-decoration: underline;\"><strong> Chewton Glen 5 Sterne Luxus Landhaus-Hotel &amp; Spa<\/strong><\/span><\/a><\/h1>\n<p>Dieses beeindruckende 5-Sterne-Landhotel ein preisgekr\u00f6ntes Restaurant, ein Spa, einen Fitnessraum, einen Au\u00dfenpool und 52 ha Land, die darauf warten, von Ihnen erkundet zu werden. Zum Hotel geh\u00f6ren ein Golfplatz und 4 Tennispl\u00e4tze, sowohl im Inneren als auch im Freien. Sie wohnen 10 Fahrminuten vom New Forest entfernt&#8230;&#8230;&#8230;<a href=\"https:\/\/www.booking.com\/hotel\/gb\/chewtonglenhotel.html?aid=1320750&amp;no_rooms=1&amp;group_adults=2&amp;room1=A%2CA\" rel=\"nofollow\">[Mehr]<\/a><\/p>\n<h1><a href=\"https:\/\/www.booking.com\/hotel\/gb\/rhinefield.html?aid=1320750&amp;no_rooms=1&amp;group_adults=2&amp;room1=A%2CA\" rel=\"nofollow\"><span style=\"text-decoration: underline;\"><strong> Rhinefield House Luxus Landhaushotel &amp; Spa \u2013 Brockenhurst <\/strong><\/span><\/a><\/h1>\n<p>Im Herzen des New Forest erwartet Sie dieses im Jahre 1887 erbaute, gro\u00dfe Landhaus mit einem luxuri\u00f6sen Spa, einem Ziergarten und 2 gehobenen Restaurants. Das Rhinefield House Hotel liegt 10 Fahrminuten vom malerischen Lyndhurst entfernt&#8230;&#8230;&#8230;<a href=\"https:\/\/www.booking.com\/hotel\/gb\/rhinefield.html?aid=1320750&amp;no_rooms=1&amp;group_adults=2&amp;room1=A%2CA\" rel=\"nofollow\">[Mehr]<\/a><\/p>\n<h1><a href=\"https:\/\/www.booking.com\/hotel\/gb\/burley-manor.html?aid=1320750&amp;no_rooms=1&amp;group_adults=2&amp;room1=A%2CA\" rel=\"nofollow\"><span style=\"text-decoration: underline;\"><strong> Burley Manor Hotel \u2013 4 Sterne<\/strong><\/span><\/a><\/h1>\n<p>Das Burley Manor erwartet Sie mit Aussicht auf das benachbarte Rotwildgehege im Herzen des New Forest. Das hauseigene Restaurant serviert mediterran inspirierte Gerichte&#8230;&#8230;..<a href=\"https:\/\/www.booking.com\/hotel\/gb\/burley-manor.html?aid=1320750&amp;no_rooms=1&amp;group_adults=2&amp;room1=A%2CA\" rel=\"nofollow\">[Mehr]<\/a><\/p>\n<h1><a href=\"https:\/\/www.booking.com\/hotel\/gb\/forestparkhotel.html?aid=1320750&amp;no_rooms=1&amp;group_adults=2&amp;room1=A%2CA\" rel=\"nofollow\"><span style=\"text-decoration: underline;\"><strong> Forest Park Hotel 3 Sterne &#8211; Brockenhurst<\/strong><\/span><\/a><\/h1>\n<p>Das Forest Park Hotel erwartet Sie im Herzen der Landschaft New Forest und bietet haustierfreundliche Unterk\u00fcnfte mit einem Kamin, einer Sonnenterrasse sowie einer malerischen Aussicht. Parkpl\u00e4tze und WLAN stehen Ihnen kostenfrei zur Verf\u00fcgung. Sie wohnen nur 10 Fahrminuten von der reizenden Ortschaft Lymington entfernt&#8230;&#8230;&#8230;<a href=\"https:\/\/www.booking.com\/hotel\/gb\/forestparkhotel.html?aid=1320750&amp;no_rooms=1&amp;group_adults=2&amp;room1=A%2CA\" rel=\"nofollow\">[Mehr]<\/a><\/p>\n<h1><a href=\"https:\/\/www.booking.com\/hotel\/gb\/passford-house.html?aid=1320750&amp;no_rooms=1&amp;group_adults=2&amp;room1=A%2CA\" rel=\"nofollow\"><span style=\"text-decoration: underline;\"><strong> Passford House Hotel &#8211; 3 Sterne Landhotel<\/strong><\/span><\/a><\/h1>\n<p>Inmitten eines 4 Hektar gro\u00dfen Gartens begr\u00fc\u00dft Sie das geschichtstr\u00e4chtige Passford House Hotel in Lymington. Es liegt auf halber Strecke zwischen dem Dorf Sway im Nationalpark New Forest und der Georgianischen Stadt Lymington. Freuen Sie sich auf ein Freizeitzentrum mit einem Fitnessraum und eine Sauna am Pool&#8230;&#8230;&#8230;<a href=\"https:\/\/www.booking.com\/hotel\/gb\/passford-house.html?aid=1320750&amp;no_rooms=1&amp;group_adults=2&amp;room1=A%2CA\" rel=\"nofollow\">[Mehr]<\/a><\/p>\n<h1><a href=\"https:\/\/www.booking.com\/hotel\/gb\/the-mill.html?aid=1320750&amp;no_rooms=1&amp;group_adults=2&amp;room1=A%2CA\" rel=\"nofollow\"><span style=\"text-decoration: underline;\"><strong> White Rabbit Inn \u2013 G\u00fcnstig Hotel Lyndhurst<\/strong><\/span><\/a><\/h1>\n<p>Das The White Rabbit Hotel by Good Night Inns begr\u00fc\u00dft Sie in Lyndhurst im Herzen des wundersch\u00f6nen New Forest. Freuen Sie sich in diesem bezaubernden Hotel auf ein traditionelles Pubrestaurant und renovierte Zimmer. Ihr Fahrzeug parken Sie hier kostenfrei&#8230;&#8230;&#8230;<a href=\"https:\/\/www.booking.com\/hotel\/gb\/the-mill.html?aid=1320750&amp;no_rooms=1&amp;group_adults=2&amp;room1=A%2CA\" rel=\"nofollow\">[Mehr]<\/a><\/p>\n<p style=\"text-align: center;\"><a class=\"tidycta\" href=\"https:\/\/www.booking.com\/searchresults.html?region=2936&amp;aid=1320750&amp;no_rooms=1&amp;group_adults=2&amp;room1=A%2CA\" rel=\"nofollow\">Suche Hotels in New Forest &gt;<\/a><\/p>\n<p style=\"text-align: left;\">Hampshire in S\u00fcdengland verf\u00fcgt \u00fcber die perfekte Mischung an K\u00fcste, St\u00e4dte und Landschaft mit einer Menge zu sehen und zu tun w\u00e4hrend eines Urlaubs hier, dazu mit leichter Erreichbarkeit von London aus&#8230;. [ <a href=\"https:\/\/www.urlaubcornwall.de\/reiseziel\/hampshire.php\"><strong>Mehr<\/strong><\/a> ]<\/p>\n<h1 style=\"text-align: center;\"><strong>Bei uns finden Sie Ferienh\u00e4user zum Verlieben \u2013 so einfach ist das!<\/strong><\/h1>\n<p style=\"text-align: center;\">UrlaubCornwall verf\u00fcgt Ferienh\u00e4user und Ferienwohnungen f\u00fcr Ihren <a href=\"https:\/\/www.urlaubcornwall.de\/reiseziel\/suedengland.php\">Urlaub in Sudengland<\/a>. Unterk\u00fcnfte der Spitzenklasse f\u00fcr 2 Personen, Familien und Gruppen mit 4, 6, 8, 10 oder 12 G\u00e4sten.<\/p>\n<p style=\"text-align: center;\"><strong>&nbsp;<\/strong><a class=\"tidycta\" href=\"https:\/\/www.urlaubcornwall.de\/reiseziel\/suedengland.php\">Suche Ferienh\u00e4user Sudengland<\/a><br \/>\n<img loading=\"lazy\" class=\"aligncenter size-full wp-image-24598\" src=\"https:\/\/www.urlaubcornwall.de\/blog\/wp-content\/uploads\/2016\/06\/urlaub-und-sudengland_logo-final.jpg\" height=\"361\" width=\"746\"\/><\/p>\n<p style=\"text-align: center;\"><a href=\"http:\/\/www.urlaubcornwall.de\/\">UrlaubCornwall.de<\/a> ist ein in Cornwall ans\u00e4ssiges Unternehmen k\u00f6nnen wir uns mit 20 Jahren Erfahrung in der Organisation von Rundreisen durch S\u00fcdwest und S\u00fcdengland r\u00fchmen.<\/p>\n<p style=\"text-align: center;\">Um Hampshire in Ihre Rundreise durch S\u00fcdengland mit einzugliedern, stellen Sie Ihre <a href=\"http:\/\/www.urlaubcornwall.de\/anfrage.php\">Anfrage<\/a> hier oder w\u00e4hlen Sie ein Ferienhaus aus unserer besten Auswahl handverlesener und inspizierter H\u00e4user aus.<\/p>\n","protected":false},"excerpt":{"rendered":"<p>Die Besten Hotels in Beaulieu f\u00fcr Ihren Urlaub in der New Forest &amp; S\u00fcdengland Beaulieu National Motor Museum: Ein Name, der allen Autofreunden bekannt ist, ist Beaulieu &#8211; vollgestopft mit Geschichte und ein gro\u00dfartiger Tagesausflug f\u00fcr Automobilfreunde. Die Hauptexponate umfassen alles, von rekordbr\u00fcchigen Fahrzeugen bis hin zu Autos, die in Filmen eine Rolle spielten, desweiteren [&hellip;]<\/p>\n","protected":false},"author":1,"featured_media":0,"parent":0,"menu_order":0,"comment_status":"closed","ping_status":"closed","template":"single-four.php","meta":[],"acf":[],"yoast_head":"<!-- This site is optimized with the Yoast SEO plugin v19.4 - https:\/\/yoast.com\/wordpress\/plugins\/seo\/ -->\n<title>Die sch\u00f6nsten Hotels in der N\u00e4he Beaulieu National Motor Museum - Urlaub &amp; Reisen<\/title>\n<meta name=\"robots\" content=\"index, follow, max-snippet:-1, max-image-preview:large, max-video-preview:-1\" \/>\n<link rel=\"canonical\" href=\"https:\/\/www.urlaubcornwall.de\/blog\/die-schoensten-hotels-der-naehe-beaulieu-national-motor-museum\/\" \/>\n<meta property=\"og:locale\" content=\"en_US\" \/>\n<meta property=\"og:type\" content=\"article\" \/>\n<meta property=\"og:title\" content=\"Die sch\u00f6nsten Hotels in der N\u00e4he Beaulieu National Motor Museum - Urlaub &amp; Reisen\" \/>\n<meta property=\"og:description\" content=\"Die Besten Hotels in Beaulieu f\u00fcr Ihren Urlaub in der New Forest &amp; S\u00fcdengland Beaulieu National Motor Museum: Ein Name, der allen Autofreunden bekannt ist, ist Beaulieu &#8211; vollgestopft mit Geschichte und ein gro\u00dfartiger Tagesausflug f\u00fcr Automobilfreunde. Die Hauptexponate umfassen alles, von rekordbr\u00fcchigen Fahrzeugen bis hin zu Autos, die in Filmen eine Rolle spielten, desweiteren [&hellip;]\" \/>\n<meta property=\"og:url\" content=\"https:\/\/www.urlaubcornwall.de\/blog\/die-schoensten-hotels-der-naehe-beaulieu-national-motor-museum\/\" \/>\n<meta property=\"og:site_name\" content=\"Urlaub &amp; Reisen\" \/>\n<meta property=\"article:modified_time\" content=\"2024-05-30T09:24:15+00:00\" \/>\n<meta property=\"og:image\" content=\"https:\/\/www.urlaubcornwall.de\/blog\/wp-content\/uploads\/2024\/03\/Beaulieu_Palace_House_Beaulieu.jpg\" \/>\n<meta name=\"twitter:card\" content=\"summary\" \/>\n<meta name=\"twitter:label1\" content=\"Est. reading time\" \/>\n\t<meta name=\"twitter:data1\" content=\"3 minutes\" \/>\n<script type=\"application\/ld+json\" class=\"yoast-schema-graph\">{\"@context\":\"https:\/\/schema.org\",\"@graph\":[{\"@type\":\"WebSite\",\"@id\":\"https:\/\/www.urlaubcornwall.de\/blog\/#website\",\"url\":\"https:\/\/www.urlaubcornwall.de\/blog\/\",\"name\":\"Urlaub &amp; Reisen\",\"description\":\"Urlaub, Reisen, Cornwall und S\u00fcdengland: eine perfekte Kombination\",\"potentialAction\":[{\"@type\":\"SearchAction\",\"target\":{\"@type\":\"EntryPoint\",\"urlTemplate\":\"https:\/\/www.urlaubcornwall.de\/blog\/?s={search_term_string}\"},\"query-input\":\"required name=search_term_string\"}],\"inLanguage\":\"en-US\"},{\"@type\":\"WebPage\",\"@id\":\"https:\/\/www.urlaubcornwall.de\/blog\/die-schoensten-hotels-der-naehe-beaulieu-national-motor-museum\/\",\"url\":\"https:\/\/www.urlaubcornwall.de\/blog\/die-schoensten-hotels-der-naehe-beaulieu-national-motor-museum\/\",\"name\":\"Die sch\u00f6nsten Hotels in der N\u00e4he Beaulieu National Motor Museum - Urlaub &amp; Reisen\",\"isPartOf\":{\"@id\":\"https:\/\/www.urlaubcornwall.de\/blog\/#website\"},\"datePublished\":\"2017-09-07T15:05:21+00:00\",\"dateModified\":\"2024-05-30T09:24:15+00:00\",\"breadcrumb\":{\"@id\":\"https:\/\/www.urlaubcornwall.de\/blog\/die-schoensten-hotels-der-naehe-beaulieu-national-motor-museum\/#breadcrumb\"},\"inLanguage\":\"en-US\",\"potentialAction\":[{\"@type\":\"ReadAction\",\"target\":[\"https:\/\/www.urlaubcornwall.de\/blog\/die-schoensten-hotels-der-naehe-beaulieu-national-motor-museum\/\"]}]},{\"@type\":\"BreadcrumbList\",\"@id\":\"https:\/\/www.urlaubcornwall.de\/blog\/die-schoensten-hotels-der-naehe-beaulieu-national-motor-museum\/#breadcrumb\",\"itemListElement\":[{\"@type\":\"ListItem\",\"position\":1,\"name\":\"Home\",\"item\":\"https:\/\/www.urlaubcornwall.de\/blog\/\"},{\"@type\":\"ListItem\",\"position\":2,\"name\":\"Die sch\u00f6nsten Hotels in der N\u00e4he Beaulieu National Motor Museum\"}]}]}<\/script>\n<!-- \/ Yoast SEO plugin. -->","yoast_head_json":{"title":"Die sch\u00f6nsten Hotels in der N\u00e4he Beaulieu National Motor Museum - Urlaub &amp; Reisen","robots":{"index":"index","follow":"follow","max-snippet":"max-snippet:-1","max-image-preview":"max-image-preview:large","max-video-preview":"max-video-preview:-1"},"canonical":"https:\/\/www.urlaubcornwall.de\/blog\/die-schoensten-hotels-der-naehe-beaulieu-national-motor-museum\/","og_locale":"en_US","og_type":"article","og_title":"Die sch\u00f6nsten Hotels in der N\u00e4he Beaulieu National Motor Museum - Urlaub &amp; Reisen","og_description":"Die Besten Hotels in Beaulieu f\u00fcr Ihren Urlaub in der New Forest &amp; S\u00fcdengland Beaulieu National Motor Museum: Ein Name, der allen Autofreunden bekannt ist, ist Beaulieu &#8211; vollgestopft mit Geschichte und ein gro\u00dfartiger Tagesausflug f\u00fcr Automobilfreunde. Die Hauptexponate umfassen alles, von rekordbr\u00fcchigen Fahrzeugen bis hin zu Autos, die in Filmen eine Rolle spielten, desweiteren [&hellip;]","og_url":"https:\/\/www.urlaubcornwall.de\/blog\/die-schoensten-hotels-der-naehe-beaulieu-national-motor-museum\/","og_site_name":"Urlaub &amp; Reisen","article_modified_time":"2024-05-30T09:24:15+00:00","og_image":[{"url":"https:\/\/www.urlaubcornwall.de\/blog\/wp-content\/uploads\/2024\/03\/Beaulieu_Palace_House_Beaulieu.jpg"}],"twitter_card":"summary","twitter_misc":{"Est. reading time":"3 minutes"},"schema":{"@context":"https:\/\/schema.org","@graph":[{"@type":"WebSite","@id":"https:\/\/www.urlaubcornwall.de\/blog\/#website","url":"https:\/\/www.urlaubcornwall.de\/blog\/","name":"Urlaub &amp; Reisen","description":"Urlaub, Reisen, Cornwall und S\u00fcdengland: eine perfekte Kombination","potentialAction":[{"@type":"SearchAction","target":{"@type":"EntryPoint","urlTemplate":"https:\/\/www.urlaubcornwall.de\/blog\/?s={search_term_string}"},"query-input":"required name=search_term_string"}],"inLanguage":"en-US"},{"@type":"WebPage","@id":"https:\/\/www.urlaubcornwall.de\/blog\/die-schoensten-hotels-der-naehe-beaulieu-national-motor-museum\/","url":"https:\/\/www.urlaubcornwall.de\/blog\/die-schoensten-hotels-der-naehe-beaulieu-national-motor-museum\/","name":"Die sch\u00f6nsten Hotels in der N\u00e4he Beaulieu National Motor Museum - Urlaub &amp; Reisen","isPartOf":{"@id":"https:\/\/www.urlaubcornwall.de\/blog\/#website"},"datePublished":"2017-09-07T15:05:21+00:00","dateModified":"2024-05-30T09:24:15+00:00","breadcrumb":{"@id":"https:\/\/www.urlaubcornwall.de\/blog\/die-schoensten-hotels-der-naehe-beaulieu-national-motor-museum\/#breadcrumb"},"inLanguage":"en-US","potentialAction":[{"@type":"ReadAction","target":["https:\/\/www.urlaubcornwall.de\/blog\/die-schoensten-hotels-der-naehe-beaulieu-national-motor-museum\/"]}]},{"@type":"BreadcrumbList","@id":"https:\/\/www.urlaubcornwall.de\/blog\/die-schoensten-hotels-der-naehe-beaulieu-national-motor-museum\/#breadcrumb","itemListElement":[{"@type":"ListItem","position":1,"name":"Home","item":"https:\/\/www.urlaubcornwall.de\/blog\/"},{"@type":"ListItem","position":2,"name":"Die sch\u00f6nsten Hotels in der N\u00e4he Beaulieu National Motor Museum"}]}]}},"_links":{"self":[{"href":"https:\/\/www.urlaubcornwall.de\/blog\/wp-json\/wp\/v2\/pages\/29124"}],"collection":[{"href":"https:\/\/www.urlaubcornwall.de\/blog\/wp-json\/wp\/v2\/pages"}],"about":[{"href":"https:\/\/www.urlaubcornwall.de\/blog\/wp-json\/wp\/v2\/types\/page"}],"author":[{"embeddable":true,"href":"https:\/\/www.urlaubcornwall.de\/blog\/wp-json\/wp\/v2\/users\/1"}],"replies":[{"embeddable":true,"href":"https:\/\/www.urlaubcornwall.de\/blog\/wp-json\/wp\/v2\/comments?post=29124"}],"version-history":[{"count":6,"href":"https:\/\/www.urlaubcornwall.de\/blog\/wp-json\/wp\/v2\/pages\/29124\/revisions"}],"predecessor-version":[{"id":50871,"href":"https:\/\/www.urlaubcornwall.de\/blog\/wp-json\/wp\/v2\/pages\/29124\/revisions\/50871"}],"wp:attachment":[{"href":"https:\/\/www.urlaubcornwall.de\/blog\/wp-json\/wp\/v2\/media?parent=29124"}],"curies":[{"name":"wp","href":"https:\/\/api.w.org\/{rel}","templated":true}]}}