{"id":29119,"date":"2017-09-07T14:53:24","date_gmt":"2017-09-07T14:53:24","guid":{"rendered":"https:\/\/www.urlaubcornwall.de\/blog\/?page_id=29119"},"modified":"2019-04-01T13:31:12","modified_gmt":"2019-04-01T13:31:12","slug":"hotels-goodwood-sussex","status":"publish","type":"page","link":"https:\/\/www.urlaubcornwall.de\/blog\/hotels-goodwood-sussex\/","title":{"rendered":"Die sch\u00f6nsten Hotels in Goodwood Sussex"},"content":{"rendered":"<p><strong><a href=\"https:\/\/www.urlaubcornwall.de\/blog\/wp-content\/uploads\/2015\/01\/IMG_6477.jpg\"><img loading=\"lazy\" class=\"aligncenter size-full wp-image-17633\" src=\"https:\/\/www.urlaubcornwall.de\/blog\/wp-content\/uploads\/2015\/01\/IMG_6477.jpg\" alt=\"hotel goodwood sussex oldtimer england\" width=\"743\" height=\"300\" srcset=\"https:\/\/www.urlaubcornwall.de\/blog\/wp-content\/uploads\/2015\/01\/IMG_6477.jpg 743w, https:\/\/www.urlaubcornwall.de\/blog\/wp-content\/uploads\/2015\/01\/IMG_6477-300x121.jpg 300w\" sizes=\"(max-width: 743px) 100vw, 743px\" \/><\/a><\/strong><\/p>\n<p style=\"text-align: center;\"><strong>Die sch\u00f6nsten Hotels in Goodwood Sussex f\u00fcr Goodwood Festival of Speed<br \/>\n<\/strong><\/p>\n<p style=\"text-align: center;\">Au\u00dferdem gibt es im Vereinigten K\u00f6nigreich jedes Jahr ungef\u00e4hr 800 klassische Sport-, Oldtimer- und Veteranen- Autoveranstaltungen. Darunter ist das<strong> \u201e<\/strong>Goodwood Festival of Speed\u201c m\u00f6glicherweise das bestbekannte und ein absolutes Muss f\u00fcr jeden Oldtimerfan. Da jedoch so viele Veranstaltungen das ganze Jahr \u00fcber stattfinden, stehen die Chancen gut, dass Ihre Gruppe an einer oder mehreren davon teilnehmen kann, w\u00e4hrend sie das Vereinigte K\u00f6nigreich besucht.<\/p>\n<p style=\"text-align: center;\">F\u00fcr all jene, die innerhalb von<a href=\"https:\/\/www.urlaubcornwall.de\/reiseziel\/sussex.php\"> Sussexs wundervoller Landschaft <\/a>untergebracht sein wollen, k\u00f6nnen wir fantastische Hotels mit Meerblick anbieten, die jedem Geldbeutel gerecht werden, von B&amp;Bs oder Familienhotels, die ein gro\u00dfartiges Preis-Leistungsverh\u00e4ltnis, Last Minute Angebote und M\u00f6glichkeiten f\u00fcr Kinder bieten bis hin zu Luxus-Spa-Hotels, eleganten Herrenh\u00e4usern oder f\u00fcnf-Sterne Schloss- und Boutique-Hotels.<\/p>\n<p><ins class=\"bookingaff\" data-aid=\"1351718\" data-target_aid=\"1320750\" data-prod=\"nsb\" data-width=\"100%\" data-height=\"auto\" data-lang=\"de\" data-dest_id=\"2824\" data-dest_type=\"region\"><br \/>\n<!-- Anything inside will go away once widget is loaded. --><br \/>\n<a href=\"\/\/www.booking.com?aid=1320750\" rel=\"nofollow\">Booking.com<\/a><br \/>\n<\/ins><br \/>\n<script type=\"text\/javascript\">\n    (function(d, sc, u) {\n      var s = d.createElement(sc), p = d.getElementsByTagName(sc)[0];\n      s.type = 'text\/javascript';\n      s.async = true;\n      s.src = u + '?v=' + (+new Date());\n      p.parentNode.insertBefore(s,p);\n      })(document, 'script', '\/\/aff.bstatic.com\/static\/affiliate_base\/js\/flexiproduct.js');\n<\/script><\/p>\n<p style=\"text-align: center;\">Sussex ist bekannt f\u00fcr seine historische K\u00fcste, die wundersch\u00f6nen South Downs und sie umgebende Landschaft, sowie seine vielf\u00e4ltigen St\u00e4dte und Ortschaften. Die <a href=\"https:\/\/www.urlaubcornwall.de\/reiseziel\/sussex.php\">K\u00fcste von Sussex<\/a> beinhaltet hervorragenden Blick, wie zu den Seven Sisters hin und klassische Urlaubsorte am Meer wie Eastbourne, Worthing und Bognor Regis. Im Zentrum von Sussex gelegen, befindet sich die kosmopolitische Stadt Brighton mit ihrem lebendigen Nachtleben, Boutique Shopping, Attraktionen am Meer und dem K\u00f6niglichen Palast&#8230;.<a href=\"https:\/\/www.urlaubcornwall.de\/reiseziel\/sussex.php\"><strong>[ Mehr ]<\/strong><\/a><\/p>\n<p><img loading=\"lazy\" class=\"aligncenter size-full wp-image-24598\" src=\"https:\/\/www.urlaubcornwall.de\/blog\/wp-content\/uploads\/2016\/06\/urlaub-und-sudengland_logo-final.jpg\" width=\"746\" height=\"361\"\/><\/p>\n<p style=\"text-align: center;\">UrlaubCornwall verf\u00fcgt Ferienh\u00e4user und Ferienwohnungen in&nbsp;S\u00fcdengland. Unterk\u00fcnfte der Spitzenklasse f\u00fcr 2 Personen, Familien und Gruppen mit 4, 6, 8, 10 oder 12 G\u00e4sten mit Hund.<\/p>\n<p style=\"text-align: center;\"><a class=\"tidycta\" href=\"https:\/\/www.urlaubcornwall.de\/ferienhaeuser\/suedengland.php\">Ferienh\u00e4user S\u00fcdengland<\/a><\/p>\n<p style=\"text-align: center;\"><a href=\"http:\/\/www.urlaubcornwall.de\/\">UrlaubCornwall.de<\/a> ist ein in Cornwall ans\u00e4ssiges Unternehmen k\u00f6nnen wir uns mit 20 Jahren Erfahrung in der Organisation von Rundreisen durch S\u00fcdwest und S\u00fcdengland r\u00fchmen.<\/p>\n<p style=\"text-align: center;\">Erfahren Sie mehr \u00fcber <a href=\"https:\/\/www.urlaubcornwall.de\/hotels.php\">unsere hundefreundlichen Hotels in Cornwall<\/a>.<\/p>\n<p style=\"text-align: center;\">Um Sussex in Ihre Rundreise mit Hund durch Gro\u00dfbritannien mit einzugliedern, stellen Sie Ihre <a href=\"http:\/\/www.urlaubcornwall.de\/anfrage.php\">Anfrage<\/a> hier oder w\u00e4hlen Sie ein Ferienhaus aus unserer besten Auswahl handverlesener und inspizierter H\u00e4user aus.<\/p>\n","protected":false},"excerpt":{"rendered":"<p>Die sch\u00f6nsten Hotels in Goodwood Sussex f\u00fcr Goodwood Festival of Speed Au\u00dferdem gibt es im Vereinigten K\u00f6nigreich jedes Jahr ungef\u00e4hr 800 klassische Sport-, Oldtimer- und Veteranen- Autoveranstaltungen. Darunter ist das \u201eGoodwood Festival of Speed\u201c m\u00f6glicherweise das bestbekannte und ein absolutes Muss f\u00fcr jeden Oldtimerfan. Da jedoch so viele Veranstaltungen das ganze Jahr \u00fcber stattfinden, stehen [&hellip;]<\/p>\n","protected":false},"author":1,"featured_media":0,"parent":0,"menu_order":0,"comment_status":"closed","ping_status":"closed","template":"single-four.php","meta":[],"acf":[],"yoast_head":"<!-- This site is optimized with the Yoast SEO plugin v19.4 - https:\/\/yoast.com\/wordpress\/plugins\/seo\/ -->\n<title>Die sch\u00f6nsten Hotels in Goodwood Sussex - Urlaub &amp; Reisen<\/title>\n<meta name=\"robots\" content=\"index, follow, max-snippet:-1, max-image-preview:large, max-video-preview:-1\" \/>\n<link rel=\"canonical\" href=\"https:\/\/www.urlaubcornwall.de\/blog\/hotels-goodwood-sussex\/\" \/>\n<meta property=\"og:locale\" content=\"en_US\" \/>\n<meta property=\"og:type\" content=\"article\" \/>\n<meta property=\"og:title\" content=\"Die sch\u00f6nsten Hotels in Goodwood Sussex - Urlaub &amp; Reisen\" \/>\n<meta property=\"og:description\" content=\"Die sch\u00f6nsten Hotels in Goodwood Sussex f\u00fcr Goodwood Festival of Speed Au\u00dferdem gibt es im Vereinigten K\u00f6nigreich jedes Jahr ungef\u00e4hr 800 klassische Sport-, Oldtimer- und Veteranen- Autoveranstaltungen. Darunter ist das \u201eGoodwood Festival of Speed\u201c m\u00f6glicherweise das bestbekannte und ein absolutes Muss f\u00fcr jeden Oldtimerfan. Da jedoch so viele Veranstaltungen das ganze Jahr \u00fcber stattfinden, stehen [&hellip;]\" \/>\n<meta property=\"og:url\" content=\"https:\/\/www.urlaubcornwall.de\/blog\/hotels-goodwood-sussex\/\" \/>\n<meta property=\"og:site_name\" content=\"Urlaub &amp; Reisen\" \/>\n<meta property=\"article:modified_time\" content=\"2019-04-01T13:31:12+00:00\" \/>\n<meta property=\"og:image\" content=\"https:\/\/www.urlaubcornwall.de\/blog\/wp-content\/uploads\/2015\/01\/IMG_6477.jpg\" \/>\n<meta name=\"twitter:card\" content=\"summary\" \/>\n<meta name=\"twitter:label1\" content=\"Est. reading time\" \/>\n\t<meta name=\"twitter:data1\" content=\"2 minutes\" \/>\n<script type=\"application\/ld+json\" class=\"yoast-schema-graph\">{\"@context\":\"https:\/\/schema.org\",\"@graph\":[{\"@type\":\"WebSite\",\"@id\":\"https:\/\/www.urlaubcornwall.de\/blog\/#website\",\"url\":\"https:\/\/www.urlaubcornwall.de\/blog\/\",\"name\":\"Urlaub &amp; Reisen\",\"description\":\"Urlaub, Reisen, Cornwall und S\u00fcdengland: eine perfekte Kombination\",\"potentialAction\":[{\"@type\":\"SearchAction\",\"target\":{\"@type\":\"EntryPoint\",\"urlTemplate\":\"https:\/\/www.urlaubcornwall.de\/blog\/?s={search_term_string}\"},\"query-input\":\"required name=search_term_string\"}],\"inLanguage\":\"en-US\"},{\"@type\":\"WebPage\",\"@id\":\"https:\/\/www.urlaubcornwall.de\/blog\/hotels-goodwood-sussex\/\",\"url\":\"https:\/\/www.urlaubcornwall.de\/blog\/hotels-goodwood-sussex\/\",\"name\":\"Die sch\u00f6nsten Hotels in Goodwood Sussex - Urlaub &amp; Reisen\",\"isPartOf\":{\"@id\":\"https:\/\/www.urlaubcornwall.de\/blog\/#website\"},\"datePublished\":\"2017-09-07T14:53:24+00:00\",\"dateModified\":\"2019-04-01T13:31:12+00:00\",\"breadcrumb\":{\"@id\":\"https:\/\/www.urlaubcornwall.de\/blog\/hotels-goodwood-sussex\/#breadcrumb\"},\"inLanguage\":\"en-US\",\"potentialAction\":[{\"@type\":\"ReadAction\",\"target\":[\"https:\/\/www.urlaubcornwall.de\/blog\/hotels-goodwood-sussex\/\"]}]},{\"@type\":\"BreadcrumbList\",\"@id\":\"https:\/\/www.urlaubcornwall.de\/blog\/hotels-goodwood-sussex\/#breadcrumb\",\"itemListElement\":[{\"@type\":\"ListItem\",\"position\":1,\"name\":\"Home\",\"item\":\"https:\/\/www.urlaubcornwall.de\/blog\/\"},{\"@type\":\"ListItem\",\"position\":2,\"name\":\"Die sch\u00f6nsten Hotels in Goodwood Sussex\"}]}]}<\/script>\n<!-- \/ Yoast SEO plugin. -->","yoast_head_json":{"title":"Die sch\u00f6nsten Hotels in Goodwood Sussex - Urlaub &amp; Reisen","robots":{"index":"index","follow":"follow","max-snippet":"max-snippet:-1","max-image-preview":"max-image-preview:large","max-video-preview":"max-video-preview:-1"},"canonical":"https:\/\/www.urlaubcornwall.de\/blog\/hotels-goodwood-sussex\/","og_locale":"en_US","og_type":"article","og_title":"Die sch\u00f6nsten Hotels in Goodwood Sussex - Urlaub &amp; Reisen","og_description":"Die sch\u00f6nsten Hotels in Goodwood Sussex f\u00fcr Goodwood Festival of Speed Au\u00dferdem gibt es im Vereinigten K\u00f6nigreich jedes Jahr ungef\u00e4hr 800 klassische Sport-, Oldtimer- und Veteranen- Autoveranstaltungen. Darunter ist das \u201eGoodwood Festival of Speed\u201c m\u00f6glicherweise das bestbekannte und ein absolutes Muss f\u00fcr jeden Oldtimerfan. Da jedoch so viele Veranstaltungen das ganze Jahr \u00fcber stattfinden, stehen [&hellip;]","og_url":"https:\/\/www.urlaubcornwall.de\/blog\/hotels-goodwood-sussex\/","og_site_name":"Urlaub &amp; Reisen","article_modified_time":"2019-04-01T13:31:12+00:00","og_image":[{"url":"https:\/\/www.urlaubcornwall.de\/blog\/wp-content\/uploads\/2015\/01\/IMG_6477.jpg"}],"twitter_card":"summary","twitter_misc":{"Est. reading time":"2 minutes"},"schema":{"@context":"https:\/\/schema.org","@graph":[{"@type":"WebSite","@id":"https:\/\/www.urlaubcornwall.de\/blog\/#website","url":"https:\/\/www.urlaubcornwall.de\/blog\/","name":"Urlaub &amp; Reisen","description":"Urlaub, Reisen, Cornwall und S\u00fcdengland: eine perfekte Kombination","potentialAction":[{"@type":"SearchAction","target":{"@type":"EntryPoint","urlTemplate":"https:\/\/www.urlaubcornwall.de\/blog\/?s={search_term_string}"},"query-input":"required name=search_term_string"}],"inLanguage":"en-US"},{"@type":"WebPage","@id":"https:\/\/www.urlaubcornwall.de\/blog\/hotels-goodwood-sussex\/","url":"https:\/\/www.urlaubcornwall.de\/blog\/hotels-goodwood-sussex\/","name":"Die sch\u00f6nsten Hotels in Goodwood Sussex - Urlaub &amp; Reisen","isPartOf":{"@id":"https:\/\/www.urlaubcornwall.de\/blog\/#website"},"datePublished":"2017-09-07T14:53:24+00:00","dateModified":"2019-04-01T13:31:12+00:00","breadcrumb":{"@id":"https:\/\/www.urlaubcornwall.de\/blog\/hotels-goodwood-sussex\/#breadcrumb"},"inLanguage":"en-US","potentialAction":[{"@type":"ReadAction","target":["https:\/\/www.urlaubcornwall.de\/blog\/hotels-goodwood-sussex\/"]}]},{"@type":"BreadcrumbList","@id":"https:\/\/www.urlaubcornwall.de\/blog\/hotels-goodwood-sussex\/#breadcrumb","itemListElement":[{"@type":"ListItem","position":1,"name":"Home","item":"https:\/\/www.urlaubcornwall.de\/blog\/"},{"@type":"ListItem","position":2,"name":"Die sch\u00f6nsten Hotels in Goodwood Sussex"}]}]}},"_links":{"self":[{"href":"https:\/\/www.urlaubcornwall.de\/blog\/wp-json\/wp\/v2\/pages\/29119"}],"collection":[{"href":"https:\/\/www.urlaubcornwall.de\/blog\/wp-json\/wp\/v2\/pages"}],"about":[{"href":"https:\/\/www.urlaubcornwall.de\/blog\/wp-json\/wp\/v2\/types\/page"}],"author":[{"embeddable":true,"href":"https:\/\/www.urlaubcornwall.de\/blog\/wp-json\/wp\/v2\/users\/1"}],"replies":[{"embeddable":true,"href":"https:\/\/www.urlaubcornwall.de\/blog\/wp-json\/wp\/v2\/comments?post=29119"}],"version-history":[{"count":3,"href":"https:\/\/www.urlaubcornwall.de\/blog\/wp-json\/wp\/v2\/pages\/29119\/revisions"}],"predecessor-version":[{"id":37022,"href":"https:\/\/www.urlaubcornwall.de\/blog\/wp-json\/wp\/v2\/pages\/29119\/revisions\/37022"}],"wp:attachment":[{"href":"https:\/\/www.urlaubcornwall.de\/blog\/wp-json\/wp\/v2\/media?parent=29119"}],"curies":[{"name":"wp","href":"https:\/\/api.w.org\/{rel}","templated":true}]}}