{"id":29117,"date":"2017-09-07T14:30:10","date_gmt":"2017-09-07T14:30:10","guid":{"rendered":"https:\/\/www.urlaubcornwall.de\/blog\/?page_id=29117"},"modified":"2024-04-15T10:01:25","modified_gmt":"2024-04-15T10:01:25","slug":"bei-uns-finden-sie-hotels-winchester-mit-hund-zum-verlieben","status":"publish","type":"page","link":"https:\/\/www.urlaubcornwall.de\/blog\/bei-uns-finden-sie-hotels-winchester-mit-hund-zum-verlieben\/","title":{"rendered":"Bei uns finden Sie Hotels in Winchester mit Hund zum Verlieben!"},"content":{"rendered":"<p><img loading=\"lazy\" class=\"aligncenter size-full wp-image-47976\" src=\"https:\/\/www.urlaubcornwall.de\/blog\/wp-content\/uploads\/2024\/03\/great-hall-winchester.jpg\" alt=\"great hall winchester\" width=\"750\" height=\"500\" srcset=\"https:\/\/www.urlaubcornwall.de\/blog\/wp-content\/uploads\/2024\/03\/great-hall-winchester.jpg 750w, https:\/\/www.urlaubcornwall.de\/blog\/wp-content\/uploads\/2024\/03\/great-hall-winchester-300x200.jpg 300w\" sizes=\"(max-width: 750px) 100vw, 750px\" \/><\/p>\n<p style=\"text-align: left;\"><strong>Die sch\u00f6nsten Hundefreundliche Hotels in Winchester f\u00fcr Ihren Urlaub in S\u00fcdengland<br \/>\n<\/strong><\/p>\n<p style=\"text-align: left;\">Mit dem Hund in den Urlaub zu fahren ist immer ein sch\u00f6nes Erlebnis, aber in Hampshire mit seinen herrlichen Landschaften ist ein Urlaub mit dem vierbeinigen Freund einfach traumhaft.<\/p>\n<p style=\"text-align: left;\">Winchester in Hampshire war einst die Hauptstadt <a href=\"http:\/\/www.urlaubcornwall.de\/reiseziel\/england.php\">Englands<\/a>, mit der Kathedrale als ihrem gr\u00f6\u00dften Stolz und mit 169,4m die l\u00e4ngste Europas. Winchester ist auch das Zuhause des bekannten Winchester College, der \u00e4ltesten Privatschule des UK und noch immer in den Originalgeb\u00e4uden beheimatet. Die Stadt befindet sich am westlichen Ende des South Downs Nationalparks am Fluss Itchen. Die Kathedrale Winchester ist einer der atmosph\u00e4rischsten Orte des Landes inmitten gr\u00fcner Wiesen, umgeben von gereiften B\u00e4umen mit \u00fcber 1000j\u00e4hriger Geschichte..<a href=\"https:\/\/www.urlaubcornwall.de\/blog\/urlaub-in-winchester-sehenswuerdigkeiten-unterkunft-und-geschichte\/\">[ Mehr]<\/a><\/p>\n<h1><a href=\"https:\/\/www.booking.com\/hotel\/gb\/lainston-house.html?aid=1320750&amp;no_rooms=1&amp;group_adults=2&amp;room1=A%2CA\" rel=\"nofollow\"><span style=\"text-decoration: underline;\"><strong> Lainston House &#8211; Luxus Landhaus Hotel<\/strong><\/span><\/a><\/h1>\n<p>Dieses elegante Landhaushotel aus dem 17. Jahrhundert empf\u00e4ngt Sie in Winchester und befindet sich inmitten einer 25 ha gro\u00dfen, wundersch\u00f6nen Parklandschaft der Grafschaft Hampshire. Im Innenhof geben filigrane Bogeng\u00e4nge und Loggien den Blick auf die malerische Landschaft frei und laden zu einem Spaziergang ein, bei dem Sie bereits nach wenigen Schritten die Ruine einer wundersch\u00f6nen Kapelle aus dem 12. Jahrhundert bewundern k\u00f6nnen&#8230;&#8230;.<a href=\"https:\/\/www.booking.com\/hotel\/gb\/lainston-house.html?aid=1320750&amp;no_rooms=1&amp;group_adults=2&amp;room1=A%2CA\" rel=\"nofollow\">[Mehr]<\/a><\/p>\n<h1><a href=\"https:\/\/www.booking.com\/hotel\/gb\/thewessex.html?aid=1320750&amp;no_rooms=1&amp;group_adults=2&amp;room1=A%2CA\" rel=\"nofollow\"><span style=\"text-decoration: underline;\"><strong> 4 Sterne Mercure Winchester Wessex Hotel <\/strong><\/span><\/a><\/h1>\n<p>Das 4-Sterne-Hotel Mercure Winchester Wessex begr\u00fc\u00dft Sie in der Altstadt von Winchester und bietet eine Aussicht auf die Kathedrale von Winchester. Dieser lebhafte, historische Ort ist aus der Legende des K\u00f6nigs Artus und seiner Tafelrunde bekannt. Freuen Sie sich in diesem eleganten Hotel auf ein traditionelles Restaurant sowie eine 24-Stunden-Rezeption&#8230;&#8230;<a href=\"https:\/\/www.booking.com\/hotel\/gb\/thewessex.html?aid=1320750&amp;no_rooms=1&amp;group_adults=2&amp;room1=A%2CA\" rel=\"nofollow\">[Mehr]<\/a><\/p>\n<h1><a href=\"https:\/\/www.booking.com\/hotel\/gb\/marwellhotel.html?aid=1320750&amp;no_rooms=1&amp;group_adults=2&amp;room1=A%2CA\" rel=\"nofollow\"><span style=\"text-decoration: underline;\"><strong>Marwell Zoo Hotel \u2013 3 Sterne <\/strong><\/span><\/a><\/h1>\n<p>Dieses Hotel im Kolonialstil bietet Ihnen einen Pool, eine Sauna und kostenfreie Parkpl\u00e4tze inmitten der sch\u00f6nen Landschaft von Hampshire. Der Marwell Zoo befindet sich gegen\u00fcber dem Hotel und sowohl Winchester als auch Southampton liegen von der Unterkunft im Umkreis von 16 km&#8230;&#8230;..<a href=\"https:\/\/www.booking.com\/hotel\/gb\/marwellhotel.html?aid=1320750&amp;no_rooms=1&amp;group_adults=2&amp;room1=A%2CA\" rel=\"nofollow\">[Mehr]<\/a><\/p>\n<h1><a href=\"https:\/\/www.booking.com\/hotel\/gb\/days-inn-winchester.html?aid=1320750&amp;no_rooms=1&amp;group_adults=2&amp;room1=A%2CA\" rel=\"nofollow\"><span style=\"text-decoration: underline;\"><strong> Days Inn \u2013 G\u00fcnstig Hotel <\/strong><\/span><\/a><\/h1>\n<p>Auf dem Gel\u00e4nde der M3-Rastst\u00e4tte in s\u00fcdlicher Richtung, zwischen den Anschlussstellen 8 und 9, empf\u00e4ngt Sie das Days Inn Winchester mit kostenfreien Parkpl\u00e4tzen und einer 24-Stunden-Rezeption. Das Hotel liegt nur 9,7 km von Winchester und weniger als 19,3 km von Southampton entfernt&#8230;&#8230;&#8230;<a href=\"https:\/\/www.booking.com\/hotel\/gb\/days-inn-winchester.html?aid=1320750&amp;no_rooms=1&amp;group_adults=2&amp;room1=A%2CA\" rel=\"nofollow\">[Mehr]<\/a><\/p>\n<p style=\"text-align: center;\"><a class=\"tidycta\" href=\"https:\/\/www.booking.com\/searchresults.html?city=-2611813&amp;aid=1320750&amp;no_rooms=1&amp;group_adults=2&amp;room1=A%2CA\" rel=\"nofollow\">Suche Hotels in Winchester &gt;<\/a><\/p>\n<h1 style=\"text-align: center;\">UrlaubCornwall verf\u00fcgt Ferienh\u00e4user und Ferienwohnungen in&nbsp;S\u00fcdengland.<\/h1>\n<p style=\"text-align: center;\">Unterk\u00fcnfte der Spitzenklasse f\u00fcr 2 Personen, Familien und Gruppen mit 4, 6, 8, 10 oder 12 G\u00e4sten mit Hund.<\/p>\n<p style=\"text-align: center;\"><a class=\"tidycta\" href=\"https:\/\/www.urlaubcornwall.de\/ferienhaeuser-fewos\/eng\/hampshire\/winchester-hundefreundlich.html\">Ferienh\u00e4user in Winchester<\/a><\/p>\n\n<p><img loading=\"lazy\" class=\"aligncenter size-full wp-image-24598\" src=\"https:\/\/www.urlaubcornwall.de\/blog\/wp-content\/uploads\/2016\/06\/urlaub-und-sudengland_logo-final.jpg\" width=\"746\" height=\"361\"\/><\/p>\n\n","protected":false},"excerpt":{"rendered":"<p>Die sch\u00f6nsten Hundefreundliche Hotels in Winchester f\u00fcr Ihren Urlaub in S\u00fcdengland Mit dem Hund in den Urlaub zu fahren ist immer ein sch\u00f6nes Erlebnis, aber in Hampshire mit seinen herrlichen Landschaften ist ein Urlaub mit dem vierbeinigen Freund einfach traumhaft. Winchester in Hampshire war einst die Hauptstadt Englands, mit der Kathedrale als ihrem gr\u00f6\u00dften Stolz [&hellip;]<\/p>\n","protected":false},"author":1,"featured_media":0,"parent":0,"menu_order":0,"comment_status":"closed","ping_status":"closed","template":"single-four.php","meta":[],"acf":[],"yoast_head":"<!-- This site is optimized with the Yoast SEO plugin v19.4 - https:\/\/yoast.com\/wordpress\/plugins\/seo\/ -->\n<title>Bei uns finden Sie Hotels in Winchester mit Hund zum Verlieben! - Urlaub &amp; Reisen<\/title>\n<meta name=\"robots\" content=\"index, follow, max-snippet:-1, max-image-preview:large, max-video-preview:-1\" \/>\n<link rel=\"canonical\" href=\"https:\/\/www.urlaubcornwall.de\/blog\/bei-uns-finden-sie-hotels-winchester-mit-hund-zum-verlieben\/\" \/>\n<meta property=\"og:locale\" content=\"en_US\" \/>\n<meta property=\"og:type\" content=\"article\" \/>\n<meta property=\"og:title\" content=\"Bei uns finden Sie Hotels in Winchester mit Hund zum Verlieben! - Urlaub &amp; Reisen\" \/>\n<meta property=\"og:description\" content=\"Die sch\u00f6nsten Hundefreundliche Hotels in Winchester f\u00fcr Ihren Urlaub in S\u00fcdengland Mit dem Hund in den Urlaub zu fahren ist immer ein sch\u00f6nes Erlebnis, aber in Hampshire mit seinen herrlichen Landschaften ist ein Urlaub mit dem vierbeinigen Freund einfach traumhaft. Winchester in Hampshire war einst die Hauptstadt Englands, mit der Kathedrale als ihrem gr\u00f6\u00dften Stolz [&hellip;]\" \/>\n<meta property=\"og:url\" content=\"https:\/\/www.urlaubcornwall.de\/blog\/bei-uns-finden-sie-hotels-winchester-mit-hund-zum-verlieben\/\" \/>\n<meta property=\"og:site_name\" content=\"Urlaub &amp; Reisen\" \/>\n<meta property=\"article:modified_time\" content=\"2024-04-15T10:01:25+00:00\" \/>\n<meta property=\"og:image\" content=\"https:\/\/www.urlaubcornwall.de\/blog\/wp-content\/uploads\/2024\/03\/great-hall-winchester.jpg\" \/>\n<meta name=\"twitter:card\" content=\"summary\" \/>\n<meta name=\"twitter:label1\" content=\"Est. reading time\" \/>\n\t<meta name=\"twitter:data1\" content=\"3 minutes\" \/>\n<script type=\"application\/ld+json\" class=\"yoast-schema-graph\">{\"@context\":\"https:\/\/schema.org\",\"@graph\":[{\"@type\":\"WebSite\",\"@id\":\"https:\/\/www.urlaubcornwall.de\/blog\/#website\",\"url\":\"https:\/\/www.urlaubcornwall.de\/blog\/\",\"name\":\"Urlaub &amp; Reisen\",\"description\":\"Urlaub, Reisen, Cornwall und S\u00fcdengland: eine perfekte Kombination\",\"potentialAction\":[{\"@type\":\"SearchAction\",\"target\":{\"@type\":\"EntryPoint\",\"urlTemplate\":\"https:\/\/www.urlaubcornwall.de\/blog\/?s={search_term_string}\"},\"query-input\":\"required name=search_term_string\"}],\"inLanguage\":\"en-US\"},{\"@type\":\"WebPage\",\"@id\":\"https:\/\/www.urlaubcornwall.de\/blog\/bei-uns-finden-sie-hotels-winchester-mit-hund-zum-verlieben\/\",\"url\":\"https:\/\/www.urlaubcornwall.de\/blog\/bei-uns-finden-sie-hotels-winchester-mit-hund-zum-verlieben\/\",\"name\":\"Bei uns finden Sie Hotels in Winchester mit Hund zum Verlieben! - Urlaub &amp; Reisen\",\"isPartOf\":{\"@id\":\"https:\/\/www.urlaubcornwall.de\/blog\/#website\"},\"datePublished\":\"2017-09-07T14:30:10+00:00\",\"dateModified\":\"2024-04-15T10:01:25+00:00\",\"breadcrumb\":{\"@id\":\"https:\/\/www.urlaubcornwall.de\/blog\/bei-uns-finden-sie-hotels-winchester-mit-hund-zum-verlieben\/#breadcrumb\"},\"inLanguage\":\"en-US\",\"potentialAction\":[{\"@type\":\"ReadAction\",\"target\":[\"https:\/\/www.urlaubcornwall.de\/blog\/bei-uns-finden-sie-hotels-winchester-mit-hund-zum-verlieben\/\"]}]},{\"@type\":\"BreadcrumbList\",\"@id\":\"https:\/\/www.urlaubcornwall.de\/blog\/bei-uns-finden-sie-hotels-winchester-mit-hund-zum-verlieben\/#breadcrumb\",\"itemListElement\":[{\"@type\":\"ListItem\",\"position\":1,\"name\":\"Home\",\"item\":\"https:\/\/www.urlaubcornwall.de\/blog\/\"},{\"@type\":\"ListItem\",\"position\":2,\"name\":\"Bei uns finden Sie Hotels in Winchester mit Hund zum Verlieben!\"}]}]}<\/script>\n<!-- \/ Yoast SEO plugin. -->","yoast_head_json":{"title":"Bei uns finden Sie Hotels in Winchester mit Hund zum Verlieben! - Urlaub &amp; Reisen","robots":{"index":"index","follow":"follow","max-snippet":"max-snippet:-1","max-image-preview":"max-image-preview:large","max-video-preview":"max-video-preview:-1"},"canonical":"https:\/\/www.urlaubcornwall.de\/blog\/bei-uns-finden-sie-hotels-winchester-mit-hund-zum-verlieben\/","og_locale":"en_US","og_type":"article","og_title":"Bei uns finden Sie Hotels in Winchester mit Hund zum Verlieben! - Urlaub &amp; Reisen","og_description":"Die sch\u00f6nsten Hundefreundliche Hotels in Winchester f\u00fcr Ihren Urlaub in S\u00fcdengland Mit dem Hund in den Urlaub zu fahren ist immer ein sch\u00f6nes Erlebnis, aber in Hampshire mit seinen herrlichen Landschaften ist ein Urlaub mit dem vierbeinigen Freund einfach traumhaft. Winchester in Hampshire war einst die Hauptstadt Englands, mit der Kathedrale als ihrem gr\u00f6\u00dften Stolz [&hellip;]","og_url":"https:\/\/www.urlaubcornwall.de\/blog\/bei-uns-finden-sie-hotels-winchester-mit-hund-zum-verlieben\/","og_site_name":"Urlaub &amp; Reisen","article_modified_time":"2024-04-15T10:01:25+00:00","og_image":[{"url":"https:\/\/www.urlaubcornwall.de\/blog\/wp-content\/uploads\/2024\/03\/great-hall-winchester.jpg"}],"twitter_card":"summary","twitter_misc":{"Est. reading time":"3 minutes"},"schema":{"@context":"https:\/\/schema.org","@graph":[{"@type":"WebSite","@id":"https:\/\/www.urlaubcornwall.de\/blog\/#website","url":"https:\/\/www.urlaubcornwall.de\/blog\/","name":"Urlaub &amp; Reisen","description":"Urlaub, Reisen, Cornwall und S\u00fcdengland: eine perfekte Kombination","potentialAction":[{"@type":"SearchAction","target":{"@type":"EntryPoint","urlTemplate":"https:\/\/www.urlaubcornwall.de\/blog\/?s={search_term_string}"},"query-input":"required name=search_term_string"}],"inLanguage":"en-US"},{"@type":"WebPage","@id":"https:\/\/www.urlaubcornwall.de\/blog\/bei-uns-finden-sie-hotels-winchester-mit-hund-zum-verlieben\/","url":"https:\/\/www.urlaubcornwall.de\/blog\/bei-uns-finden-sie-hotels-winchester-mit-hund-zum-verlieben\/","name":"Bei uns finden Sie Hotels in Winchester mit Hund zum Verlieben! - Urlaub &amp; Reisen","isPartOf":{"@id":"https:\/\/www.urlaubcornwall.de\/blog\/#website"},"datePublished":"2017-09-07T14:30:10+00:00","dateModified":"2024-04-15T10:01:25+00:00","breadcrumb":{"@id":"https:\/\/www.urlaubcornwall.de\/blog\/bei-uns-finden-sie-hotels-winchester-mit-hund-zum-verlieben\/#breadcrumb"},"inLanguage":"en-US","potentialAction":[{"@type":"ReadAction","target":["https:\/\/www.urlaubcornwall.de\/blog\/bei-uns-finden-sie-hotels-winchester-mit-hund-zum-verlieben\/"]}]},{"@type":"BreadcrumbList","@id":"https:\/\/www.urlaubcornwall.de\/blog\/bei-uns-finden-sie-hotels-winchester-mit-hund-zum-verlieben\/#breadcrumb","itemListElement":[{"@type":"ListItem","position":1,"name":"Home","item":"https:\/\/www.urlaubcornwall.de\/blog\/"},{"@type":"ListItem","position":2,"name":"Bei uns finden Sie Hotels in Winchester mit Hund zum Verlieben!"}]}]}},"_links":{"self":[{"href":"https:\/\/www.urlaubcornwall.de\/blog\/wp-json\/wp\/v2\/pages\/29117"}],"collection":[{"href":"https:\/\/www.urlaubcornwall.de\/blog\/wp-json\/wp\/v2\/pages"}],"about":[{"href":"https:\/\/www.urlaubcornwall.de\/blog\/wp-json\/wp\/v2\/types\/page"}],"author":[{"embeddable":true,"href":"https:\/\/www.urlaubcornwall.de\/blog\/wp-json\/wp\/v2\/users\/1"}],"replies":[{"embeddable":true,"href":"https:\/\/www.urlaubcornwall.de\/blog\/wp-json\/wp\/v2\/comments?post=29117"}],"version-history":[{"count":7,"href":"https:\/\/www.urlaubcornwall.de\/blog\/wp-json\/wp\/v2\/pages\/29117\/revisions"}],"predecessor-version":[{"id":49425,"href":"https:\/\/www.urlaubcornwall.de\/blog\/wp-json\/wp\/v2\/pages\/29117\/revisions\/49425"}],"wp:attachment":[{"href":"https:\/\/www.urlaubcornwall.de\/blog\/wp-json\/wp\/v2\/media?parent=29117"}],"curies":[{"name":"wp","href":"https:\/\/api.w.org\/{rel}","templated":true}]}}