{"id":29106,"date":"2017-09-07T13:49:08","date_gmt":"2017-09-07T13:49:08","guid":{"rendered":"https:\/\/www.urlaubcornwall.de\/blog\/?page_id=29106"},"modified":"2019-04-08T14:24:46","modified_gmt":"2019-04-08T14:24:46","slug":"hotels-der-new-forest-mit-hund-zum-verlieben-einfach-ist-das","status":"publish","type":"page","link":"https:\/\/www.urlaubcornwall.de\/blog\/hotels-der-new-forest-mit-hund-zum-verlieben-einfach-ist-das\/","title":{"rendered":"Hotels in der New Forest mit Hund zum Verlieben &#8211; so einfach ist das!"},"content":{"rendered":"<p><img loading=\"lazy\" class=\"aligncenter size-full wp-image-19849\" src=\"https:\/\/www.urlaubcornwall.de\/blog\/wp-content\/uploads\/2015\/08\/New-Forest-hampshire.jpg\" alt=\"hotel mit hund urlaub New Forest hampshire\" width=\"745\" height=\"377\"\/><\/p>\n<h1 style=\"text-align: left;\"><strong>Die sch\u00f6nsten Hundefreundliche Hotels in der New Forest.<br \/>\n<\/strong><\/h1>\n<p style=\"text-align: left;\">Hampshire in S\u00fcdengland verf\u00fcgt \u00fcber die perfekte Mischung an K\u00fcste, St\u00e4dte und Landschaft mit einer Menge zu sehen und zu tun w\u00e4hrend eines Urlaubs hier, dazu mit leichter Erreichbarkeit von London aus. Im Herzen Hampshires, in herrlichem Kalktiefland befindet sich die alte Stadt Winchester mit ihrer wundersch\u00f6nen Kathedrale. In der N\u00e4he ist Mottisfont Abbey, im Besitz des National Trust. Diese Abtei, die 1201 gegr\u00fcndet wurde, hat wundersch\u00f6ne G\u00e4rten und beherbergt die Nationale Sammlung altmodischer Rosen&#8230;..<a href=\"https:\/\/www.urlaubcornwall.de\/reiseziel\/hampshire.php\">[ Mehr ]<\/a><\/p>\n<p style=\"text-align: left;\">Mit dem Hund in den Urlaub zu fahren ist immer ein sch\u00f6nes Erlebnis, aber in der New Forest in Hampshire mit seinen herrlichen Landschaften ist ein Urlaub mit dem vierbeinigen Freund einfach traumhaft.<\/p>\n<h1><a href=\"https:\/\/www.booking.com\/hotel\/gb\/burley-manor.html?aid=1320750&amp;no_rooms=1&amp;group_adults=2&amp;room1=A%2CA\" rel=\"nofollow\"><span style=\"text-decoration: underline;\"><strong>Burley Manor Hotel \u2013 4 Sterne<\/strong><\/span><\/a><\/h1>\n<p>Das Burley Manor erwartet Sie mit Aussicht auf das benachbarte Rotwildgehege im Herzen des New Forest. Das hauseigene Restaurant serviert mediterran inspirierte Gerichte&#8230;&#8230;..<a href=\"https:\/\/www.booking.com\/hotel\/gb\/burley-manor.html?aid=1320750&amp;no_rooms=1&amp;group_adults=2&amp;room1=A%2CA\" rel=\"nofollow\">[Mehr]<\/a><\/p>\n<h1><a href=\"https:\/\/www.booking.com\/hotel\/gb\/forestparkhotel.html?aid=1320750&amp;no_rooms=1&amp;group_adults=2&amp;room1=A%2CA\" rel=\"nofollow\"><span style=\"text-decoration: underline;\"><strong> Forest Park Hotel 3 Sterne &#8211; Brockenhurst<\/strong><\/span><\/a><\/h1>\n<p>Das Forest Park Hotel erwartet Sie im Herzen der Landschaft New Forest und bietet haustierfreundliche Unterk\u00fcnfte mit einem Kamin, einer Sonnenterrasse sowie einer malerischen Aussicht. Parkpl\u00e4tze und WLAN stehen Ihnen kostenfrei zur Verf\u00fcgung. Sie wohnen nur 10 Fahrminuten von der reizenden Ortschaft Lymington entfernt&#8230;&#8230;&#8230;<a href=\"https:\/\/www.booking.com\/hotel\/gb\/forestparkhotel.html?aid=1320750&amp;no_rooms=1&amp;group_adults=2&amp;room1=A%2CA\" rel=\"nofollow\">[Mehr]<\/a><\/p>\n<h1><a href=\"https:\/\/www.booking.com\/hotel\/gb\/passford-house.html?aid=1320750&amp;no_rooms=1&amp;group_adults=2&amp;room1=A%2CA\" rel=\"nofollow\"><span style=\"text-decoration: underline;\"><strong> Passford House Hotel &#8211; 3 Sterne Landhotel<\/strong><\/span><\/a><\/h1>\n<p>Inmitten eines 4 Hektar gro\u00dfen Gartens begr\u00fc\u00dft Sie das geschichtstr\u00e4chtige Passford House Hotel in Lymington. Es liegt auf halber Strecke zwischen dem Dorf Sway im Nationalpark New Forest und der Georgianischen Stadt Lymington. Freuen Sie sich auf ein Freizeitzentrum mit einem Fitnessraum und eine Sauna am Pool&#8230;&#8230;&#8230;<a href=\"https:\/\/www.booking.com\/hotel\/gb\/passford-house.html?aid=1320750&amp;no_rooms=1&amp;group_adults=2&amp;room1=A%2CA\" rel=\"nofollow\">[Mehr]<\/a><\/p>\n<p style=\"text-align: center;\"><a class=\"tidycta\" href=\"https:\/\/www.booking.com\/searchresults.html?region=2936&amp;aid=1320750&amp;no_rooms=1&amp;group_adults=2&amp;room1=A%2CA\" rel=\"nofollow\">Suche Hotels in New Forest &gt;<\/a><\/p>\n<h1 style=\"text-align: center;\"><strong>UrlaubCornwall verf\u00fcgt Ferienh\u00e4user und Ferienwohnungen in&nbsp;S\u00fcdengland.<\/strong><\/h1>\n<p style=\"text-align: center;\">Unterk\u00fcnfte der Spitzenklasse f\u00fcr 2 Personen, Familien und Gruppen mit 4, 6, 8, 10 oder 12 G\u00e4sten mit Hund.<\/p>\n<p style=\"text-align: center;\"><a class=\"tidycta\" href=\"https:\/\/www.urlaubcornwall.de\/ferienhaeuser-fewos\/eng\/wiltshire\/new-forest-national-park-hundefreundlich.html\">Ferienh\u00e4user New Forest mit Hund<\/a><\/p>\n","protected":false},"excerpt":{"rendered":"<p>Die sch\u00f6nsten Hundefreundliche Hotels in der New Forest. Hampshire in S\u00fcdengland verf\u00fcgt \u00fcber die perfekte Mischung an K\u00fcste, St\u00e4dte und Landschaft mit einer Menge zu sehen und zu tun w\u00e4hrend eines Urlaubs hier, dazu mit leichter Erreichbarkeit von London aus. Im Herzen Hampshires, in herrlichem Kalktiefland befindet sich die alte Stadt Winchester mit ihrer wundersch\u00f6nen [&hellip;]<\/p>\n","protected":false},"author":1,"featured_media":0,"parent":0,"menu_order":0,"comment_status":"closed","ping_status":"closed","template":"single-four.php","meta":[],"acf":[],"yoast_head":"<!-- This site is optimized with the Yoast SEO plugin v19.4 - https:\/\/yoast.com\/wordpress\/plugins\/seo\/ -->\n<title>Hotels in der New Forest mit Hund zum Verlieben - so einfach ist das! - Urlaub &amp; Reisen<\/title>\n<meta name=\"robots\" content=\"index, follow, max-snippet:-1, max-image-preview:large, max-video-preview:-1\" \/>\n<link rel=\"canonical\" href=\"https:\/\/www.urlaubcornwall.de\/blog\/hotels-der-new-forest-mit-hund-zum-verlieben-einfach-ist-das\/\" \/>\n<meta property=\"og:locale\" content=\"en_US\" \/>\n<meta property=\"og:type\" content=\"article\" \/>\n<meta property=\"og:title\" content=\"Hotels in der New Forest mit Hund zum Verlieben - so einfach ist das! - Urlaub &amp; Reisen\" \/>\n<meta property=\"og:description\" content=\"Die sch\u00f6nsten Hundefreundliche Hotels in der New Forest. Hampshire in S\u00fcdengland verf\u00fcgt \u00fcber die perfekte Mischung an K\u00fcste, St\u00e4dte und Landschaft mit einer Menge zu sehen und zu tun w\u00e4hrend eines Urlaubs hier, dazu mit leichter Erreichbarkeit von London aus. Im Herzen Hampshires, in herrlichem Kalktiefland befindet sich die alte Stadt Winchester mit ihrer wundersch\u00f6nen [&hellip;]\" \/>\n<meta property=\"og:url\" content=\"https:\/\/www.urlaubcornwall.de\/blog\/hotels-der-new-forest-mit-hund-zum-verlieben-einfach-ist-das\/\" \/>\n<meta property=\"og:site_name\" content=\"Urlaub &amp; Reisen\" \/>\n<meta property=\"article:modified_time\" content=\"2019-04-08T14:24:46+00:00\" \/>\n<meta property=\"og:image\" content=\"https:\/\/www.urlaubcornwall.de\/blog\/wp-content\/uploads\/2015\/08\/New-Forest-hampshire.jpg\" \/>\n<meta name=\"twitter:card\" content=\"summary\" \/>\n<meta name=\"twitter:label1\" content=\"Est. reading time\" \/>\n\t<meta name=\"twitter:data1\" content=\"2 minutes\" \/>\n<script type=\"application\/ld+json\" class=\"yoast-schema-graph\">{\"@context\":\"https:\/\/schema.org\",\"@graph\":[{\"@type\":\"WebSite\",\"@id\":\"https:\/\/www.urlaubcornwall.de\/blog\/#website\",\"url\":\"https:\/\/www.urlaubcornwall.de\/blog\/\",\"name\":\"Urlaub &amp; Reisen\",\"description\":\"Urlaub, Reisen, Cornwall und S\u00fcdengland: eine perfekte Kombination\",\"potentialAction\":[{\"@type\":\"SearchAction\",\"target\":{\"@type\":\"EntryPoint\",\"urlTemplate\":\"https:\/\/www.urlaubcornwall.de\/blog\/?s={search_term_string}\"},\"query-input\":\"required name=search_term_string\"}],\"inLanguage\":\"en-US\"},{\"@type\":\"WebPage\",\"@id\":\"https:\/\/www.urlaubcornwall.de\/blog\/hotels-der-new-forest-mit-hund-zum-verlieben-einfach-ist-das\/\",\"url\":\"https:\/\/www.urlaubcornwall.de\/blog\/hotels-der-new-forest-mit-hund-zum-verlieben-einfach-ist-das\/\",\"name\":\"Hotels in der New Forest mit Hund zum Verlieben - so einfach ist das! - Urlaub &amp; Reisen\",\"isPartOf\":{\"@id\":\"https:\/\/www.urlaubcornwall.de\/blog\/#website\"},\"datePublished\":\"2017-09-07T13:49:08+00:00\",\"dateModified\":\"2019-04-08T14:24:46+00:00\",\"breadcrumb\":{\"@id\":\"https:\/\/www.urlaubcornwall.de\/blog\/hotels-der-new-forest-mit-hund-zum-verlieben-einfach-ist-das\/#breadcrumb\"},\"inLanguage\":\"en-US\",\"potentialAction\":[{\"@type\":\"ReadAction\",\"target\":[\"https:\/\/www.urlaubcornwall.de\/blog\/hotels-der-new-forest-mit-hund-zum-verlieben-einfach-ist-das\/\"]}]},{\"@type\":\"BreadcrumbList\",\"@id\":\"https:\/\/www.urlaubcornwall.de\/blog\/hotels-der-new-forest-mit-hund-zum-verlieben-einfach-ist-das\/#breadcrumb\",\"itemListElement\":[{\"@type\":\"ListItem\",\"position\":1,\"name\":\"Home\",\"item\":\"https:\/\/www.urlaubcornwall.de\/blog\/\"},{\"@type\":\"ListItem\",\"position\":2,\"name\":\"Hotels in der New Forest mit Hund zum Verlieben &#8211; so einfach ist das!\"}]}]}<\/script>\n<!-- \/ Yoast SEO plugin. -->","yoast_head_json":{"title":"Hotels in der New Forest mit Hund zum Verlieben - so einfach ist das! - Urlaub &amp; Reisen","robots":{"index":"index","follow":"follow","max-snippet":"max-snippet:-1","max-image-preview":"max-image-preview:large","max-video-preview":"max-video-preview:-1"},"canonical":"https:\/\/www.urlaubcornwall.de\/blog\/hotels-der-new-forest-mit-hund-zum-verlieben-einfach-ist-das\/","og_locale":"en_US","og_type":"article","og_title":"Hotels in der New Forest mit Hund zum Verlieben - so einfach ist das! - Urlaub &amp; Reisen","og_description":"Die sch\u00f6nsten Hundefreundliche Hotels in der New Forest. Hampshire in S\u00fcdengland verf\u00fcgt \u00fcber die perfekte Mischung an K\u00fcste, St\u00e4dte und Landschaft mit einer Menge zu sehen und zu tun w\u00e4hrend eines Urlaubs hier, dazu mit leichter Erreichbarkeit von London aus. Im Herzen Hampshires, in herrlichem Kalktiefland befindet sich die alte Stadt Winchester mit ihrer wundersch\u00f6nen [&hellip;]","og_url":"https:\/\/www.urlaubcornwall.de\/blog\/hotels-der-new-forest-mit-hund-zum-verlieben-einfach-ist-das\/","og_site_name":"Urlaub &amp; Reisen","article_modified_time":"2019-04-08T14:24:46+00:00","og_image":[{"url":"https:\/\/www.urlaubcornwall.de\/blog\/wp-content\/uploads\/2015\/08\/New-Forest-hampshire.jpg"}],"twitter_card":"summary","twitter_misc":{"Est. reading time":"2 minutes"},"schema":{"@context":"https:\/\/schema.org","@graph":[{"@type":"WebSite","@id":"https:\/\/www.urlaubcornwall.de\/blog\/#website","url":"https:\/\/www.urlaubcornwall.de\/blog\/","name":"Urlaub &amp; Reisen","description":"Urlaub, Reisen, Cornwall und S\u00fcdengland: eine perfekte Kombination","potentialAction":[{"@type":"SearchAction","target":{"@type":"EntryPoint","urlTemplate":"https:\/\/www.urlaubcornwall.de\/blog\/?s={search_term_string}"},"query-input":"required name=search_term_string"}],"inLanguage":"en-US"},{"@type":"WebPage","@id":"https:\/\/www.urlaubcornwall.de\/blog\/hotels-der-new-forest-mit-hund-zum-verlieben-einfach-ist-das\/","url":"https:\/\/www.urlaubcornwall.de\/blog\/hotels-der-new-forest-mit-hund-zum-verlieben-einfach-ist-das\/","name":"Hotels in der New Forest mit Hund zum Verlieben - so einfach ist das! - Urlaub &amp; Reisen","isPartOf":{"@id":"https:\/\/www.urlaubcornwall.de\/blog\/#website"},"datePublished":"2017-09-07T13:49:08+00:00","dateModified":"2019-04-08T14:24:46+00:00","breadcrumb":{"@id":"https:\/\/www.urlaubcornwall.de\/blog\/hotels-der-new-forest-mit-hund-zum-verlieben-einfach-ist-das\/#breadcrumb"},"inLanguage":"en-US","potentialAction":[{"@type":"ReadAction","target":["https:\/\/www.urlaubcornwall.de\/blog\/hotels-der-new-forest-mit-hund-zum-verlieben-einfach-ist-das\/"]}]},{"@type":"BreadcrumbList","@id":"https:\/\/www.urlaubcornwall.de\/blog\/hotels-der-new-forest-mit-hund-zum-verlieben-einfach-ist-das\/#breadcrumb","itemListElement":[{"@type":"ListItem","position":1,"name":"Home","item":"https:\/\/www.urlaubcornwall.de\/blog\/"},{"@type":"ListItem","position":2,"name":"Hotels in der New Forest mit Hund zum Verlieben &#8211; so einfach ist das!"}]}]}},"_links":{"self":[{"href":"https:\/\/www.urlaubcornwall.de\/blog\/wp-json\/wp\/v2\/pages\/29106"}],"collection":[{"href":"https:\/\/www.urlaubcornwall.de\/blog\/wp-json\/wp\/v2\/pages"}],"about":[{"href":"https:\/\/www.urlaubcornwall.de\/blog\/wp-json\/wp\/v2\/types\/page"}],"author":[{"embeddable":true,"href":"https:\/\/www.urlaubcornwall.de\/blog\/wp-json\/wp\/v2\/users\/1"}],"replies":[{"embeddable":true,"href":"https:\/\/www.urlaubcornwall.de\/blog\/wp-json\/wp\/v2\/comments?post=29106"}],"version-history":[{"count":6,"href":"https:\/\/www.urlaubcornwall.de\/blog\/wp-json\/wp\/v2\/pages\/29106\/revisions"}],"predecessor-version":[{"id":37453,"href":"https:\/\/www.urlaubcornwall.de\/blog\/wp-json\/wp\/v2\/pages\/29106\/revisions\/37453"}],"wp:attachment":[{"href":"https:\/\/www.urlaubcornwall.de\/blog\/wp-json\/wp\/v2\/media?parent=29106"}],"curies":[{"name":"wp","href":"https:\/\/api.w.org\/{rel}","templated":true}]}}