{"id":29100,"date":"2017-09-07T13:30:39","date_gmt":"2017-09-07T13:30:39","guid":{"rendered":"https:\/\/www.urlaubcornwall.de\/blog\/?page_id=29100"},"modified":"2024-05-30T09:26:37","modified_gmt":"2024-05-30T09:26:37","slug":"hotels-lymington-meer-zum-verlieben-einfach-ist-das","status":"publish","type":"page","link":"https:\/\/www.urlaubcornwall.de\/blog\/hotels-lymington-meer-zum-verlieben-einfach-ist-das\/","title":{"rendered":"Hotels in Lymington am Meer zum Verlieben &#8211; so einfach ist das!"},"content":{"rendered":"<p style=\"text-align: left;\"><strong>Die sch\u00f6nsten Hotels in Lymington f\u00fcr Ihren Urlaub in der New Forest &amp; S\u00fcdengland<\/strong><\/p>\n<p style=\"text-align: left;\">Der New Forest hat jedermann etwas zu bieten, von den h\u00fcbschen Exbury Gardens, die bekannt sind f\u00fcr ihre Rhododendren, Beaulieu Abbey und das National Motor Museum, Buckler\u2019s Hard, ein einzigartiges Dorf am Fluss Beaulieu River, das im 18. und 19. Jahrhundert f\u00fcr den Schiffsbau wichtig war, bis Lymington an der K\u00fcste, ein entz\u00fcckender Hafen, der bei Jachtbesitzern und zum Betreiben von Wassersport beliebt ist.<\/p>\n<h1><a href=\"https:\/\/www.booking.com\/hotel\/gb\/chewtonglenhotel.html?aid=1320750&amp;no_rooms=1&amp;group_adults=2&amp;room1=A%2CA\" rel=\"nofollow\"><span style=\"text-decoration: underline;\"><strong> Chewton Glen 5 Sterne Luxus Landhaus-Hotel &amp; Spa<\/strong><\/span><\/a><\/h1>\n<p>Dieses beeindruckende 5-Sterne-Landhotel ein preisgekr\u00f6ntes Restaurant, ein Spa, einen Fitnessraum, einen Au\u00dfenpool und 52 ha Land, die darauf warten, von Ihnen erkundet zu werden. Zum Hotel geh\u00f6ren ein Golfplatz und 4 Tennispl\u00e4tze, sowohl im Inneren als auch im Freien. Sie wohnen 10 Fahrminuten vom New Forest entfernt&#8230;&#8230;&#8230;<a href=\"https:\/\/www.booking.com\/hotel\/gb\/chewtonglenhotel.html?aid=1320750&amp;no_rooms=1&amp;group_adults=2&amp;room1=A%2CA\" rel=\"nofollow\">[Mehr]<\/a><\/p>\n<h1><a href=\"https:\/\/www.booking.com\/hotel\/gb\/rhinefield.html?aid=1320750&amp;no_rooms=1&amp;group_adults=2&amp;room1=A%2CA\" rel=\"nofollow\"><span style=\"text-decoration: underline;\"><strong> Rhinefield House Luxus Landhaushotel &amp; Spa \u2013 Brockenhurst <\/strong><\/span><\/a><\/h1>\n<p>Im Herzen des New Forest erwartet Sie dieses im Jahre 1887 erbaute, gro\u00dfe Landhaus mit einem luxuri\u00f6sen Spa, einem Ziergarten und 2 gehobenen Restaurants. Das Rhinefield House Hotel liegt 10 Fahrminuten vom malerischen Lyndhurst entfernt&#8230;&#8230;&#8230;<a href=\"https:\/\/www.booking.com\/hotel\/gb\/rhinefield.html?aid=1320750&amp;no_rooms=1&amp;group_adults=2&amp;room1=A%2CA\" rel=\"nofollow\">[Mehr]<\/a><\/p>\n<h1><a href=\"https:\/\/www.booking.com\/hotel\/gb\/burley-manor.html?aid=1320750&amp;no_rooms=1&amp;group_adults=2&amp;room1=A%2CA\" rel=\"nofollow\"><span style=\"text-decoration: underline;\"><strong> Burley Manor Hotel \u2013 4 Sterne<\/strong><\/span><\/a><\/h1>\n<p>Das Burley Manor erwartet Sie mit Aussicht auf das benachbarte Rotwildgehege im Herzen des New Forest. Das hauseigene Restaurant serviert mediterran inspirierte Gerichte&#8230;&#8230;..<a href=\"https:\/\/www.booking.com\/hotel\/gb\/burley-manor.html?aid=1320750&amp;no_rooms=1&amp;group_adults=2&amp;room1=A%2CA\" rel=\"nofollow\">[Mehr]<\/a><\/p>\n<h1><a href=\"https:\/\/www.booking.com\/hotel\/gb\/forestparkhotel.html?aid=1320750&amp;no_rooms=1&amp;group_adults=2&amp;room1=A%2CA\" rel=\"nofollow\"><span style=\"text-decoration: underline;\"><strong> Forest Park Hotel 3 Sterne &#8211; Brockenhurst<\/strong><\/span><\/a><\/h1>\n<p>Das Forest Park Hotel erwartet Sie im Herzen der Landschaft New Forest und bietet haustierfreundliche Unterk\u00fcnfte mit einem Kamin, einer Sonnenterrasse sowie einer malerischen Aussicht. Parkpl\u00e4tze und WLAN stehen Ihnen kostenfrei zur Verf\u00fcgung. Sie wohnen nur 10 Fahrminuten von der reizenden Ortschaft Lymington entfernt&#8230;&#8230;&#8230;<a href=\"https:\/\/www.booking.com\/hotel\/gb\/forestparkhotel.html?aid=1320750&amp;no_rooms=1&amp;group_adults=2&amp;room1=A%2CA\" rel=\"nofollow\">[Mehr]<\/a><\/p>\n<h1><a href=\"https:\/\/www.booking.com\/hotel\/gb\/passford-house.html?aid=1320750&amp;no_rooms=1&amp;group_adults=2&amp;room1=A%2CA\" rel=\"nofollow\"><span style=\"text-decoration: underline;\"><strong> Passford House Hotel &#8211; 3 Sterne Landhotel<\/strong><\/span><\/a><\/h1>\n<p>Inmitten eines 4 Hektar gro\u00dfen Gartens begr\u00fc\u00dft Sie das geschichtstr\u00e4chtige Passford House Hotel in Lymington. Es liegt auf halber Strecke zwischen dem Dorf Sway im Nationalpark New Forest und der Georgianischen Stadt Lymington. Freuen Sie sich auf ein Freizeitzentrum mit einem Fitnessraum und eine Sauna am Pool&#8230;&#8230;&#8230;<a href=\"https:\/\/www.booking.com\/hotel\/gb\/passford-house.html?aid=1320750&amp;no_rooms=1&amp;group_adults=2&amp;room1=A%2CA\" rel=\"nofollow\">[Mehr]<\/a><\/p>\n<p style=\"text-align: center;\"><a class=\"tidycta\" href=\"https:\/\/www.booking.com\/searchresults.html?region=2936&amp;aid=1320750&amp;no_rooms=1&amp;group_adults=2&amp;room1=A%2CA\" rel=\"nofollow\">Suche Hotels in New Forest &gt;<\/a><\/p>\n<p style=\"text-align: left;\">Hampshire in S\u00fcdengland verf\u00fcgt \u00fcber die perfekte Mischung an K\u00fcste, St\u00e4dte und Landschaft mit einer Menge zu sehen und zu tun w\u00e4hrend eines Urlaubs hier, dazu mit leichter Erreichbarkeit von London aus&#8230;. [ <a href=\"https:\/\/www.urlaubcornwall.de\/reiseziel\/hampshire.php\"><strong>Mehr<\/strong><\/a> ]<\/p>\n<h1 style=\"text-align: center;\"><strong>Bei uns finden Sie Ferienh\u00e4user zum Verlieben \u2013 so einfach ist das!<\/strong><\/h1>\n<p style=\"text-align: center;\">UrlaubCornwall verf\u00fcgt Ferienh\u00e4user und Ferienwohnungen f\u00fcr Ihren <a href=\"https:\/\/www.urlaubcornwall.de\/reiseziel\/suedengland.php\">Urlaub in Sudengland<\/a>. Unterk\u00fcnfte der Spitzenklasse f\u00fcr 2 Personen, Familien und Gruppen mit 4, 6, 8, 10 oder 12 G\u00e4sten.<\/p>\n<p style=\"text-align: center;\"><strong>&nbsp;<\/strong><a class=\"tidycta\" href=\"https:\/\/www.urlaubcornwall.de\/reiseziel\/suedengland.php\">Suche Ferienh\u00e4user Sudengland<\/a><br \/>\n<img loading=\"lazy\" class=\"aligncenter size-full wp-image-24598\" src=\"https:\/\/www.urlaubcornwall.de\/blog\/wp-content\/uploads\/2016\/06\/urlaub-und-sudengland_logo-final.jpg\" height=\"361\" width=\"746\"\/><\/p>\n<p style=\"text-align: center;\"><a href=\"http:\/\/www.urlaubcornwall.de\/\">UrlaubCornwall.de<\/a> ist ein in Cornwall ans\u00e4ssiges Unternehmen k\u00f6nnen wir uns mit 20 Jahren Erfahrung in der Organisation von Rundreisen durch S\u00fcdwest und S\u00fcdengland r\u00fchmen. Um Hampshire in Ihre Rundreise durch S\u00fcdengland mit einzugliedern, stellen Sie Ihre <a href=\"http:\/\/www.urlaubcornwall.de\/anfrage.php\">Anfrage<\/a> hier oder w\u00e4hlen Sie ein Ferienhaus aus unserer besten Auswahl handverlesener und inspizierter H\u00e4user aus.<\/p>\n","protected":false},"excerpt":{"rendered":"<p>Die sch\u00f6nsten Hotels in Lymington f\u00fcr Ihren Urlaub in der New Forest &amp; S\u00fcdengland Der New Forest hat jedermann etwas zu bieten, von den h\u00fcbschen Exbury Gardens, die bekannt sind f\u00fcr ihre Rhododendren, Beaulieu Abbey und das National Motor Museum, Buckler\u2019s Hard, ein einzigartiges Dorf am Fluss Beaulieu River, das im 18. und 19. Jahrhundert [&hellip;]<\/p>\n","protected":false},"author":1,"featured_media":0,"parent":0,"menu_order":0,"comment_status":"closed","ping_status":"closed","template":"single-four.php","meta":[],"acf":[],"yoast_head":"<!-- This site is optimized with the Yoast SEO plugin v19.4 - https:\/\/yoast.com\/wordpress\/plugins\/seo\/ -->\n<title>Hotels in Lymington am Meer zum Verlieben - so einfach ist das! - Urlaub &amp; Reisen<\/title>\n<meta name=\"robots\" content=\"index, follow, max-snippet:-1, max-image-preview:large, max-video-preview:-1\" \/>\n<link rel=\"canonical\" href=\"https:\/\/www.urlaubcornwall.de\/blog\/hotels-lymington-meer-zum-verlieben-einfach-ist-das\/\" \/>\n<meta property=\"og:locale\" content=\"en_US\" \/>\n<meta property=\"og:type\" content=\"article\" \/>\n<meta property=\"og:title\" content=\"Hotels in Lymington am Meer zum Verlieben - so einfach ist das! - Urlaub &amp; Reisen\" \/>\n<meta property=\"og:description\" content=\"Die sch\u00f6nsten Hotels in Lymington f\u00fcr Ihren Urlaub in der New Forest &amp; S\u00fcdengland Der New Forest hat jedermann etwas zu bieten, von den h\u00fcbschen Exbury Gardens, die bekannt sind f\u00fcr ihre Rhododendren, Beaulieu Abbey und das National Motor Museum, Buckler\u2019s Hard, ein einzigartiges Dorf am Fluss Beaulieu River, das im 18. und 19. Jahrhundert [&hellip;]\" \/>\n<meta property=\"og:url\" content=\"https:\/\/www.urlaubcornwall.de\/blog\/hotels-lymington-meer-zum-verlieben-einfach-ist-das\/\" \/>\n<meta property=\"og:site_name\" content=\"Urlaub &amp; Reisen\" \/>\n<meta property=\"article:modified_time\" content=\"2024-05-30T09:26:37+00:00\" \/>\n<meta property=\"og:image\" content=\"https:\/\/www.urlaubcornwall.de\/blog\/wp-content\/uploads\/2016\/06\/urlaub-und-sudengland_logo-final.jpg\" \/>\n<meta name=\"twitter:card\" content=\"summary\" \/>\n<meta name=\"twitter:label1\" content=\"Est. reading time\" \/>\n\t<meta name=\"twitter:data1\" content=\"3 minutes\" \/>\n<script type=\"application\/ld+json\" class=\"yoast-schema-graph\">{\"@context\":\"https:\/\/schema.org\",\"@graph\":[{\"@type\":\"WebSite\",\"@id\":\"https:\/\/www.urlaubcornwall.de\/blog\/#website\",\"url\":\"https:\/\/www.urlaubcornwall.de\/blog\/\",\"name\":\"Urlaub &amp; Reisen\",\"description\":\"Urlaub, Reisen, Cornwall und S\u00fcdengland: eine perfekte Kombination\",\"potentialAction\":[{\"@type\":\"SearchAction\",\"target\":{\"@type\":\"EntryPoint\",\"urlTemplate\":\"https:\/\/www.urlaubcornwall.de\/blog\/?s={search_term_string}\"},\"query-input\":\"required name=search_term_string\"}],\"inLanguage\":\"en-US\"},{\"@type\":\"WebPage\",\"@id\":\"https:\/\/www.urlaubcornwall.de\/blog\/hotels-lymington-meer-zum-verlieben-einfach-ist-das\/\",\"url\":\"https:\/\/www.urlaubcornwall.de\/blog\/hotels-lymington-meer-zum-verlieben-einfach-ist-das\/\",\"name\":\"Hotels in Lymington am Meer zum Verlieben - so einfach ist das! - Urlaub &amp; Reisen\",\"isPartOf\":{\"@id\":\"https:\/\/www.urlaubcornwall.de\/blog\/#website\"},\"datePublished\":\"2017-09-07T13:30:39+00:00\",\"dateModified\":\"2024-05-30T09:26:37+00:00\",\"breadcrumb\":{\"@id\":\"https:\/\/www.urlaubcornwall.de\/blog\/hotels-lymington-meer-zum-verlieben-einfach-ist-das\/#breadcrumb\"},\"inLanguage\":\"en-US\",\"potentialAction\":[{\"@type\":\"ReadAction\",\"target\":[\"https:\/\/www.urlaubcornwall.de\/blog\/hotels-lymington-meer-zum-verlieben-einfach-ist-das\/\"]}]},{\"@type\":\"BreadcrumbList\",\"@id\":\"https:\/\/www.urlaubcornwall.de\/blog\/hotels-lymington-meer-zum-verlieben-einfach-ist-das\/#breadcrumb\",\"itemListElement\":[{\"@type\":\"ListItem\",\"position\":1,\"name\":\"Home\",\"item\":\"https:\/\/www.urlaubcornwall.de\/blog\/\"},{\"@type\":\"ListItem\",\"position\":2,\"name\":\"Hotels in Lymington am Meer zum Verlieben &#8211; so einfach ist das!\"}]}]}<\/script>\n<!-- \/ Yoast SEO plugin. -->","yoast_head_json":{"title":"Hotels in Lymington am Meer zum Verlieben - so einfach ist das! - Urlaub &amp; Reisen","robots":{"index":"index","follow":"follow","max-snippet":"max-snippet:-1","max-image-preview":"max-image-preview:large","max-video-preview":"max-video-preview:-1"},"canonical":"https:\/\/www.urlaubcornwall.de\/blog\/hotels-lymington-meer-zum-verlieben-einfach-ist-das\/","og_locale":"en_US","og_type":"article","og_title":"Hotels in Lymington am Meer zum Verlieben - so einfach ist das! - Urlaub &amp; Reisen","og_description":"Die sch\u00f6nsten Hotels in Lymington f\u00fcr Ihren Urlaub in der New Forest &amp; S\u00fcdengland Der New Forest hat jedermann etwas zu bieten, von den h\u00fcbschen Exbury Gardens, die bekannt sind f\u00fcr ihre Rhododendren, Beaulieu Abbey und das National Motor Museum, Buckler\u2019s Hard, ein einzigartiges Dorf am Fluss Beaulieu River, das im 18. und 19. Jahrhundert [&hellip;]","og_url":"https:\/\/www.urlaubcornwall.de\/blog\/hotels-lymington-meer-zum-verlieben-einfach-ist-das\/","og_site_name":"Urlaub &amp; Reisen","article_modified_time":"2024-05-30T09:26:37+00:00","og_image":[{"url":"https:\/\/www.urlaubcornwall.de\/blog\/wp-content\/uploads\/2016\/06\/urlaub-und-sudengland_logo-final.jpg"}],"twitter_card":"summary","twitter_misc":{"Est. reading time":"3 minutes"},"schema":{"@context":"https:\/\/schema.org","@graph":[{"@type":"WebSite","@id":"https:\/\/www.urlaubcornwall.de\/blog\/#website","url":"https:\/\/www.urlaubcornwall.de\/blog\/","name":"Urlaub &amp; Reisen","description":"Urlaub, Reisen, Cornwall und S\u00fcdengland: eine perfekte Kombination","potentialAction":[{"@type":"SearchAction","target":{"@type":"EntryPoint","urlTemplate":"https:\/\/www.urlaubcornwall.de\/blog\/?s={search_term_string}"},"query-input":"required name=search_term_string"}],"inLanguage":"en-US"},{"@type":"WebPage","@id":"https:\/\/www.urlaubcornwall.de\/blog\/hotels-lymington-meer-zum-verlieben-einfach-ist-das\/","url":"https:\/\/www.urlaubcornwall.de\/blog\/hotels-lymington-meer-zum-verlieben-einfach-ist-das\/","name":"Hotels in Lymington am Meer zum Verlieben - so einfach ist das! - Urlaub &amp; Reisen","isPartOf":{"@id":"https:\/\/www.urlaubcornwall.de\/blog\/#website"},"datePublished":"2017-09-07T13:30:39+00:00","dateModified":"2024-05-30T09:26:37+00:00","breadcrumb":{"@id":"https:\/\/www.urlaubcornwall.de\/blog\/hotels-lymington-meer-zum-verlieben-einfach-ist-das\/#breadcrumb"},"inLanguage":"en-US","potentialAction":[{"@type":"ReadAction","target":["https:\/\/www.urlaubcornwall.de\/blog\/hotels-lymington-meer-zum-verlieben-einfach-ist-das\/"]}]},{"@type":"BreadcrumbList","@id":"https:\/\/www.urlaubcornwall.de\/blog\/hotels-lymington-meer-zum-verlieben-einfach-ist-das\/#breadcrumb","itemListElement":[{"@type":"ListItem","position":1,"name":"Home","item":"https:\/\/www.urlaubcornwall.de\/blog\/"},{"@type":"ListItem","position":2,"name":"Hotels in Lymington am Meer zum Verlieben &#8211; so einfach ist das!"}]}]}},"_links":{"self":[{"href":"https:\/\/www.urlaubcornwall.de\/blog\/wp-json\/wp\/v2\/pages\/29100"}],"collection":[{"href":"https:\/\/www.urlaubcornwall.de\/blog\/wp-json\/wp\/v2\/pages"}],"about":[{"href":"https:\/\/www.urlaubcornwall.de\/blog\/wp-json\/wp\/v2\/types\/page"}],"author":[{"embeddable":true,"href":"https:\/\/www.urlaubcornwall.de\/blog\/wp-json\/wp\/v2\/users\/1"}],"replies":[{"embeddable":true,"href":"https:\/\/www.urlaubcornwall.de\/blog\/wp-json\/wp\/v2\/comments?post=29100"}],"version-history":[{"count":5,"href":"https:\/\/www.urlaubcornwall.de\/blog\/wp-json\/wp\/v2\/pages\/29100\/revisions"}],"predecessor-version":[{"id":50876,"href":"https:\/\/www.urlaubcornwall.de\/blog\/wp-json\/wp\/v2\/pages\/29100\/revisions\/50876"}],"wp:attachment":[{"href":"https:\/\/www.urlaubcornwall.de\/blog\/wp-json\/wp\/v2\/media?parent=29100"}],"curies":[{"name":"wp","href":"https:\/\/api.w.org\/{rel}","templated":true}]}}