{"id":29093,"date":"2017-09-07T13:02:21","date_gmt":"2017-09-07T13:02:21","guid":{"rendered":"https:\/\/www.urlaubcornwall.de\/blog\/?page_id=29093"},"modified":"2018-03-22T11:47:08","modified_gmt":"2018-03-22T11:47:08","slug":"schoensten-hotels-gorran-haven-meer-zum-verlieben-einfach-ist-das","status":"publish","type":"page","link":"https:\/\/www.urlaubcornwall.de\/blog\/schoensten-hotels-gorran-haven-meer-zum-verlieben-einfach-ist-das\/","title":{"rendered":"Sch\u00f6nsten Hotels in Gorran Haven am Meer zum Verlieben \u2013 so einfach ist das!"},"content":{"rendered":"<p><a href=\"https:\/\/www.urlaubcornwall.de\/blog\/wp-content\/uploads\/2016\/03\/gorran-haven-strand.jpg\"><img loading=\"lazy\" class=\"alignnone wp-image-23393 size-full\" src=\"https:\/\/www.urlaubcornwall.de\/blog\/wp-content\/uploads\/2016\/03\/gorran-haven-strand.jpg\" alt=\"hotel am meer gorran haven strand\" width=\"746\" height=\"371\"\/><\/a><\/p>\n<p style=\"text-align: center;\"><strong>Die sch\u00f6nsten Hotels mit Meerblick in der N\u00e4he Gorran Haven f\u00fcr Ihren Urlaub in Cornwall.<\/strong><\/p>\n<p style=\"text-align: center;\"><a href=\"https:\/\/www.urlaubcornwall.de\/blog\/ferienhaeuser-naehe-der-besten-straende-an-cornwalls-kueste\/\"><strong>Str\u00e4nde bei St Austell<\/strong><\/a> sind unter anderem Pentewan, ein gro\u00dfer Sandstrand, ideal f\u00fcr s\u00e4mtliche Wassersportarten, Porthpean, ein sicherer, gesch\u00fctzter Sandstrand, beliebt bei Familien und Gorran Haven, der s\u00fcdlich von Mevagissey liegt; ein gro\u00dfer Sandstrand, der vom 114m hohen Dodman Point gesch\u00fctzt wird, der h\u00f6chsten Landspitze S\u00fcdcornwalls mit einer Umwallung aus der Eisenzeit und spektakul\u00e4rem Panoramablick.<\/p>\n<p style=\"text-align: center;\">F\u00fcr all jene, die innerhalb von<a href=\"https:\/\/www.urlaubcornwall.de\/reiseziel\/cornwall.php\"> Cornwalls wundervoller Landschaft <\/a>untergebracht sein wollen, k\u00f6nnen wir fantastische Hotels mit Meerblick anbieten, die jedem Geldbeutel gerecht werden, von B&amp;Bs oder Familienhotels, die ein gro\u00dfartiges Preis-Leistungsverh\u00e4ltnis, Last Minute Angebote und M\u00f6glichkeiten f\u00fcr Kinder bieten bis hin zu Luxus-Spa-Hotels, eleganten Herrenh\u00e4usern oder f\u00fcnf-Sterne Schloss- und Boutique-Hotels.<\/p>\n<p style=\"text-align: center;\"><a class=\"tidycta\" href=\"https:\/\/www.urlaubcornwall.de\/hotels.php\">Unsere Hotels in Cornwall &gt;&gt;<\/a><\/p>\n<p style=\"text-align: center;\"><a href=\"http:\/\/www.urlaubcornwall.de\/\">UrlaubCornwall.de<\/a> ist ein in Cornwall ans\u00e4ssiges Unternehmen k\u00f6nnen wir uns mit 20 Jahren Erfahrung in der Organisation von Rundreisen durch S\u00fcdwest und S\u00fcdengland r\u00fchmen.<\/p>\n<p style=\"text-align: center;\">Um Cornwall in Ihre Rundreise durch S\u00fcdengland mit einzugliedern, stellen Sie Ihre <a href=\"http:\/\/www.urlaubcornwall.de\/anfrage.php\">Anfrage<\/a> hier oder w\u00e4hlen Sie ein Ferienhaus aus unserer besten Auswahl handverlesener und inspizierter H\u00e4user aus.<\/p>\n","protected":false},"excerpt":{"rendered":"<p>Die sch\u00f6nsten Hotels mit Meerblick in der N\u00e4he Gorran Haven f\u00fcr Ihren Urlaub in Cornwall. Str\u00e4nde bei St Austell sind unter anderem Pentewan, ein gro\u00dfer Sandstrand, ideal f\u00fcr s\u00e4mtliche Wassersportarten, Porthpean, ein sicherer, gesch\u00fctzter Sandstrand, beliebt bei Familien und Gorran Haven, der s\u00fcdlich von Mevagissey liegt; ein gro\u00dfer Sandstrand, der vom 114m hohen Dodman Point [&hellip;]<\/p>\n","protected":false},"author":1,"featured_media":0,"parent":0,"menu_order":0,"comment_status":"closed","ping_status":"closed","template":"single-four.php","meta":[],"acf":[],"yoast_head":"<!-- This site is optimized with the Yoast SEO plugin v19.4 - https:\/\/yoast.com\/wordpress\/plugins\/seo\/ -->\n<title>Sch\u00f6nsten Hotels in Gorran Haven am Meer zum Verlieben \u2013 so einfach ist das! - Urlaub &amp; Reisen<\/title>\n<meta name=\"robots\" content=\"index, follow, max-snippet:-1, max-image-preview:large, max-video-preview:-1\" \/>\n<link rel=\"canonical\" href=\"https:\/\/www.urlaubcornwall.de\/blog\/schoensten-hotels-gorran-haven-meer-zum-verlieben-einfach-ist-das\/\" \/>\n<meta property=\"og:locale\" content=\"en_US\" \/>\n<meta property=\"og:type\" content=\"article\" \/>\n<meta property=\"og:title\" content=\"Sch\u00f6nsten Hotels in Gorran Haven am Meer zum Verlieben \u2013 so einfach ist das! - Urlaub &amp; Reisen\" \/>\n<meta property=\"og:description\" content=\"Die sch\u00f6nsten Hotels mit Meerblick in der N\u00e4he Gorran Haven f\u00fcr Ihren Urlaub in Cornwall. Str\u00e4nde bei St Austell sind unter anderem Pentewan, ein gro\u00dfer Sandstrand, ideal f\u00fcr s\u00e4mtliche Wassersportarten, Porthpean, ein sicherer, gesch\u00fctzter Sandstrand, beliebt bei Familien und Gorran Haven, der s\u00fcdlich von Mevagissey liegt; ein gro\u00dfer Sandstrand, der vom 114m hohen Dodman Point [&hellip;]\" \/>\n<meta property=\"og:url\" content=\"https:\/\/www.urlaubcornwall.de\/blog\/schoensten-hotels-gorran-haven-meer-zum-verlieben-einfach-ist-das\/\" \/>\n<meta property=\"og:site_name\" content=\"Urlaub &amp; Reisen\" \/>\n<meta property=\"article:modified_time\" content=\"2018-03-22T11:47:08+00:00\" \/>\n<meta property=\"og:image\" content=\"https:\/\/www.urlaubcornwall.de\/blog\/wp-content\/uploads\/2016\/03\/gorran-haven-strand.jpg\" \/>\n<meta name=\"twitter:card\" content=\"summary\" \/>\n<meta name=\"twitter:label1\" content=\"Est. reading time\" \/>\n\t<meta name=\"twitter:data1\" content=\"1 minute\" \/>\n<script type=\"application\/ld+json\" class=\"yoast-schema-graph\">{\"@context\":\"https:\/\/schema.org\",\"@graph\":[{\"@type\":\"WebSite\",\"@id\":\"https:\/\/www.urlaubcornwall.de\/blog\/#website\",\"url\":\"https:\/\/www.urlaubcornwall.de\/blog\/\",\"name\":\"Urlaub &amp; Reisen\",\"description\":\"Urlaub, Reisen, Cornwall und S\u00fcdengland: eine perfekte Kombination\",\"potentialAction\":[{\"@type\":\"SearchAction\",\"target\":{\"@type\":\"EntryPoint\",\"urlTemplate\":\"https:\/\/www.urlaubcornwall.de\/blog\/?s={search_term_string}\"},\"query-input\":\"required name=search_term_string\"}],\"inLanguage\":\"en-US\"},{\"@type\":\"WebPage\",\"@id\":\"https:\/\/www.urlaubcornwall.de\/blog\/schoensten-hotels-gorran-haven-meer-zum-verlieben-einfach-ist-das\/\",\"url\":\"https:\/\/www.urlaubcornwall.de\/blog\/schoensten-hotels-gorran-haven-meer-zum-verlieben-einfach-ist-das\/\",\"name\":\"Sch\u00f6nsten Hotels in Gorran Haven am Meer zum Verlieben \u2013 so einfach ist das! - Urlaub &amp; Reisen\",\"isPartOf\":{\"@id\":\"https:\/\/www.urlaubcornwall.de\/blog\/#website\"},\"datePublished\":\"2017-09-07T13:02:21+00:00\",\"dateModified\":\"2018-03-22T11:47:08+00:00\",\"breadcrumb\":{\"@id\":\"https:\/\/www.urlaubcornwall.de\/blog\/schoensten-hotels-gorran-haven-meer-zum-verlieben-einfach-ist-das\/#breadcrumb\"},\"inLanguage\":\"en-US\",\"potentialAction\":[{\"@type\":\"ReadAction\",\"target\":[\"https:\/\/www.urlaubcornwall.de\/blog\/schoensten-hotels-gorran-haven-meer-zum-verlieben-einfach-ist-das\/\"]}]},{\"@type\":\"BreadcrumbList\",\"@id\":\"https:\/\/www.urlaubcornwall.de\/blog\/schoensten-hotels-gorran-haven-meer-zum-verlieben-einfach-ist-das\/#breadcrumb\",\"itemListElement\":[{\"@type\":\"ListItem\",\"position\":1,\"name\":\"Home\",\"item\":\"https:\/\/www.urlaubcornwall.de\/blog\/\"},{\"@type\":\"ListItem\",\"position\":2,\"name\":\"Sch\u00f6nsten Hotels in Gorran Haven am Meer zum Verlieben \u2013 so einfach ist das!\"}]}]}<\/script>\n<!-- \/ Yoast SEO plugin. -->","yoast_head_json":{"title":"Sch\u00f6nsten Hotels in Gorran Haven am Meer zum Verlieben \u2013 so einfach ist das! - Urlaub &amp; Reisen","robots":{"index":"index","follow":"follow","max-snippet":"max-snippet:-1","max-image-preview":"max-image-preview:large","max-video-preview":"max-video-preview:-1"},"canonical":"https:\/\/www.urlaubcornwall.de\/blog\/schoensten-hotels-gorran-haven-meer-zum-verlieben-einfach-ist-das\/","og_locale":"en_US","og_type":"article","og_title":"Sch\u00f6nsten Hotels in Gorran Haven am Meer zum Verlieben \u2013 so einfach ist das! - Urlaub &amp; Reisen","og_description":"Die sch\u00f6nsten Hotels mit Meerblick in der N\u00e4he Gorran Haven f\u00fcr Ihren Urlaub in Cornwall. Str\u00e4nde bei St Austell sind unter anderem Pentewan, ein gro\u00dfer Sandstrand, ideal f\u00fcr s\u00e4mtliche Wassersportarten, Porthpean, ein sicherer, gesch\u00fctzter Sandstrand, beliebt bei Familien und Gorran Haven, der s\u00fcdlich von Mevagissey liegt; ein gro\u00dfer Sandstrand, der vom 114m hohen Dodman Point [&hellip;]","og_url":"https:\/\/www.urlaubcornwall.de\/blog\/schoensten-hotels-gorran-haven-meer-zum-verlieben-einfach-ist-das\/","og_site_name":"Urlaub &amp; Reisen","article_modified_time":"2018-03-22T11:47:08+00:00","og_image":[{"url":"https:\/\/www.urlaubcornwall.de\/blog\/wp-content\/uploads\/2016\/03\/gorran-haven-strand.jpg"}],"twitter_card":"summary","twitter_misc":{"Est. reading time":"1 minute"},"schema":{"@context":"https:\/\/schema.org","@graph":[{"@type":"WebSite","@id":"https:\/\/www.urlaubcornwall.de\/blog\/#website","url":"https:\/\/www.urlaubcornwall.de\/blog\/","name":"Urlaub &amp; Reisen","description":"Urlaub, Reisen, Cornwall und S\u00fcdengland: eine perfekte Kombination","potentialAction":[{"@type":"SearchAction","target":{"@type":"EntryPoint","urlTemplate":"https:\/\/www.urlaubcornwall.de\/blog\/?s={search_term_string}"},"query-input":"required name=search_term_string"}],"inLanguage":"en-US"},{"@type":"WebPage","@id":"https:\/\/www.urlaubcornwall.de\/blog\/schoensten-hotels-gorran-haven-meer-zum-verlieben-einfach-ist-das\/","url":"https:\/\/www.urlaubcornwall.de\/blog\/schoensten-hotels-gorran-haven-meer-zum-verlieben-einfach-ist-das\/","name":"Sch\u00f6nsten Hotels in Gorran Haven am Meer zum Verlieben \u2013 so einfach ist das! - Urlaub &amp; Reisen","isPartOf":{"@id":"https:\/\/www.urlaubcornwall.de\/blog\/#website"},"datePublished":"2017-09-07T13:02:21+00:00","dateModified":"2018-03-22T11:47:08+00:00","breadcrumb":{"@id":"https:\/\/www.urlaubcornwall.de\/blog\/schoensten-hotels-gorran-haven-meer-zum-verlieben-einfach-ist-das\/#breadcrumb"},"inLanguage":"en-US","potentialAction":[{"@type":"ReadAction","target":["https:\/\/www.urlaubcornwall.de\/blog\/schoensten-hotels-gorran-haven-meer-zum-verlieben-einfach-ist-das\/"]}]},{"@type":"BreadcrumbList","@id":"https:\/\/www.urlaubcornwall.de\/blog\/schoensten-hotels-gorran-haven-meer-zum-verlieben-einfach-ist-das\/#breadcrumb","itemListElement":[{"@type":"ListItem","position":1,"name":"Home","item":"https:\/\/www.urlaubcornwall.de\/blog\/"},{"@type":"ListItem","position":2,"name":"Sch\u00f6nsten Hotels in Gorran Haven am Meer zum Verlieben \u2013 so einfach ist das!"}]}]}},"_links":{"self":[{"href":"https:\/\/www.urlaubcornwall.de\/blog\/wp-json\/wp\/v2\/pages\/29093"}],"collection":[{"href":"https:\/\/www.urlaubcornwall.de\/blog\/wp-json\/wp\/v2\/pages"}],"about":[{"href":"https:\/\/www.urlaubcornwall.de\/blog\/wp-json\/wp\/v2\/types\/page"}],"author":[{"embeddable":true,"href":"https:\/\/www.urlaubcornwall.de\/blog\/wp-json\/wp\/v2\/users\/1"}],"replies":[{"embeddable":true,"href":"https:\/\/www.urlaubcornwall.de\/blog\/wp-json\/wp\/v2\/comments?post=29093"}],"version-history":[{"count":2,"href":"https:\/\/www.urlaubcornwall.de\/blog\/wp-json\/wp\/v2\/pages\/29093\/revisions"}],"predecessor-version":[{"id":33232,"href":"https:\/\/www.urlaubcornwall.de\/blog\/wp-json\/wp\/v2\/pages\/29093\/revisions\/33232"}],"wp:attachment":[{"href":"https:\/\/www.urlaubcornwall.de\/blog\/wp-json\/wp\/v2\/media?parent=29093"}],"curies":[{"name":"wp","href":"https:\/\/api.w.org\/{rel}","templated":true}]}}