{"id":29091,"date":"2017-09-07T12:55:10","date_gmt":"2017-09-07T12:55:10","guid":{"rendered":"https:\/\/www.urlaubcornwall.de\/blog\/?page_id=29091"},"modified":"2024-05-30T08:48:45","modified_gmt":"2024-05-30T08:48:45","slug":"hotels-porthcothan-bay-padstow-meer-zum-verlieben-einfach-ist-das","status":"publish","type":"page","link":"https:\/\/www.urlaubcornwall.de\/blog\/hotels-porthcothan-bay-padstow-meer-zum-verlieben-einfach-ist-das\/","title":{"rendered":"Hotels in Padstow &#038; Porthcothan Bay am Meer zum Verlieben \u2013 so einfach ist das!"},"content":{"rendered":"<p><a href=\"https:\/\/www.urlaubcornwall.de\/blog\/wp-content\/uploads\/2024\/02\/padstow_hafen.jpg\"><img loading=\"lazy\" src=\"https:\/\/www.urlaubcornwall.de\/blog\/wp-content\/uploads\/2024\/02\/padstow_hafen.jpg\" alt=\"padstow_hafen\" width=\"750\" height=\"432\" class=\"alignnone size-full wp-image-47731\" srcset=\"https:\/\/www.urlaubcornwall.de\/blog\/wp-content\/uploads\/2024\/02\/padstow_hafen.jpg 750w, https:\/\/www.urlaubcornwall.de\/blog\/wp-content\/uploads\/2024\/02\/padstow_hafen-300x173.jpg 300w\" sizes=\"(max-width: 750px) 100vw, 750px\" \/><\/a><br \/>\nDie sch\u00f6nsten Hotels in Porthcothan Bay &amp; Padstow mit Meerblick f\u00fcr Ihren <a href=\"https:\/\/www.urlaubcornwall.de\/reiseziel\/cornwall.php\">Urlaub in Cornwall<\/a> &#8211; Padstow ist ein Fischer- und Badeort, der im Schutze des Camel-\u00c4stuars liegt. Der Ort ist bekannt f\u00fcr seine ber\u00fchmten Restaurants und sehr guten Fisch- und Meeresfr\u00fcchte, zudem ist dort die nationale Hummeraufzucht beheimatet. Jenseits des \u00c4stuars k\u00f6nnen Sie Rock, Polzeath und das idyllische Fischerdorf von Port Isaac besuchen.<\/p>\n<p>Unsere Auswahl an Unterk\u00fcnften beinhaltet nur die besten Hotels, die Cornwall zu bieten hat, und zwar an den Orten, die Sie in Ihrem Urlaub besuchen m\u00f6chten. Nutzen Sie unsere interaktive Karte, um unsere Lieblingshotels an Ihrem gew\u00fcnschten Urlaubsort zu sehen.<br \/>\n<ins class=\"bookingaff\" data-aid=\"1700746\" data-target_aid=\"1700746\" data-prod=\"map\" data-width=\"100%\" data-height=\"590\" data-lang=\"ualng\" data-dest_id=\"0\" data-dest_type=\"landmark\" data-latitude=\"50.542062\" data-longitude=\"-4.939017\" data-mwhsb=\"1\"><br \/>\n    <!-- Anything inside will go away once widget is loaded. --><br \/>\n        <a href=\"\/\/www.booking.com?aid=1700746\"rel=\"nofollow\">Booking.com<\/a><br \/>\n<\/ins><br \/>\n<script type=\"text\/javascript\">\n    (function(d, sc, u) {\n      var s = d.createElement(sc), p = d.getElementsByTagName(sc)[0];\n      s.type = 'text\/javascript';\n      s.async = true;\n      s.src = u + '?v=' + (+new Date());\n      p.parentNode.insertBefore(s,p);\n      })(document, 'script', '\/\/aff.bstatic.com\/static\/affiliate_base\/js\/flexiproduct.js');\n<\/script><\/p>\n<div class=\"snippet\"> <a class=\"featured-item\" href=\" https:\/\/www.booking.com\/hotel\/gb\/the-old-custom-house.en.html?aid=1320750&#038;no_rooms=1&#038;group_adults=1\" rel=\u201dnofollow\u201d> <span class=\"image-holder\" style=\"background-image: url(' https:\/\/www.urlaubcornwall.de\/blog\/wp-content\/uploads\/2019\/02\/old-custom-house-padstow-hotel.jpg ');\"><\/span> <span class=\"featured-content\"> \n<h2 class=\"featured-title\">Old Custom House Hotel<\/h2>\n<p class=\"featured-body\">Helle elegante Zimmer mit luxuri\u00f6sen Badezimmern erwarten Sie im The Old Custom House, das auf den mittelalterlichen Hafen von Padstow blickt. Die Lage in dieser Unterkunft ist auch eine der besten in Padstow&#8230;&#8230; <\/p><\/span> <span class=\"featured-link-holder\"> <span class=\"featured-extra-info\"> \n<p>Paare sch\u00e4tzen die Lage besonders<\/p>\n<\/span> \n<p class=\"featured-link\">DETAILS<\/p>\n<\/span> <\/a><\/div>\n<div class=\"snippet\"> <a class=\"featured-item\" href=\" https:\/\/www.urlaubcornwall.de\/blog\/das-st-enodoc-hotel-ein-luxus-boutique-hotel-der-nordkueste-cornwalls\/ \"> <span class=\"image-holder\" style=\"background-image: url(' https:\/\/www.urlaubcornwall.de\/blog\/wp-content\/uploads\/2019\/01\/st-enodoc-hotel-rock.jpg');\"><\/span> <span class=\"featured-content\"> \n<h2 class=\"featured-title\">St Enodoc Hotel nahe Padstow<\/h2>\n<p class=\"featured-body\">Das St Enodoc Hotel in Rock befindet sich von Padstow aus gesehen auf der gegen\u00fcberliegenden Seite des M\u00fcndungstrichters des Flusses Camel; es bietet alles, was Sie sich von einem modernen Boutique-Hotel nur w\u00fcnschen k\u00f6nnen&#8230;&#8230; <\/p><\/span> <span class=\"featured-link-holder\"> <span class=\"featured-extra-info\"> \n<p>Luxus Boutique-Hotel Cornwall<\/p>\n<\/span> \n<p class=\"featured-link\">DETAILS<\/p>\n<\/span> <\/a><\/div>\n<div class=\"snippet\"> <a class=\"featured-item\" href=\" https:\/\/www.urlaubcornwall.de\/blog\/st-moritz-hotel-und-spa-luxushotel-am-meer-nordkueste-cornwall\/ \"> <span class=\"image-holder\" style=\"background-image: url(' https:\/\/www.urlaubcornwall.de\/blog\/wp-content\/uploads\/2019\/01\/St-Moritz-hotel-cornwall.jpg ');\"><\/span> <span class=\"featured-content\"> \n<h2 class=\"featured-title\">St Moritz Hotel<\/h2>\n<p class=\"featured-body\">Das atemberaubende St Moritz Hotel &#038; Spa befindet sich an der Nordk\u00fcste Cornwalls oberhalb des Trebetherick Hochlandes mit Blick \u00fcber die M\u00fcndung des Flusses Camel und den atlantischen Ozean&#8230;.. <\/p><\/span> <span class=\"featured-link-holder\"> <span class=\"featured-extra-info\"> \n<p>Luxushotel am Meer Nordk\u00fcste Cornwall<\/p>\n<\/span> \n<p class=\"featured-link\">DETAILS<\/p>\n<\/span> <\/a><\/div>\n<p style=\"text-align: center;\"><b><a class=\"tidycta\" href=\"https:\/\/www.urlaubcornwall.de\/hotels.php\">Suche Hotels in Cornwall<\/a><\/b><\/p>\n<p style=\"text-align: left;\"><a href=\"http:\/\/www.urlaubcornwall.de\/\">UrlaubCornwall.de<\/a> ist ein in Cornwall ans\u00e4ssiges Unternehmen k\u00f6nnen wir uns mit Erfahrung in der Organisation von Rundreisen durch S\u00fcdwest und S\u00fcdengland r\u00fchmen. Um Cornwall in Ihre Rundreise durch S\u00fcdengland mit einzugliedern, stellen Sie Ihre <a href=\"http:\/\/www.urlaubcornwall.de\/anfrage.php\">Anfrage<\/a> hier oder w\u00e4hlen Sie ein Ferienhaus aus unserer besten Auswahl handverlesener und inspizierter H\u00e4user aus.<\/p>\n","protected":false},"excerpt":{"rendered":"<p>Die sch\u00f6nsten Hotels in Porthcothan Bay &amp; Padstow mit Meerblick f\u00fcr Ihren Urlaub in Cornwall &#8211; Padstow ist ein Fischer- und Badeort, der im Schutze des Camel-\u00c4stuars liegt. Der Ort ist bekannt f\u00fcr seine ber\u00fchmten Restaurants und sehr guten Fisch- und Meeresfr\u00fcchte, zudem ist dort die nationale Hummeraufzucht beheimatet. Jenseits des \u00c4stuars k\u00f6nnen Sie Rock, [&hellip;]<\/p>\n","protected":false},"author":1,"featured_media":0,"parent":0,"menu_order":0,"comment_status":"closed","ping_status":"closed","template":"single-four.php","meta":[],"acf":[],"yoast_head":"<!-- This site is optimized with the Yoast SEO plugin v19.4 - https:\/\/yoast.com\/wordpress\/plugins\/seo\/ -->\n<title>Hotels in Padstow &amp; Porthcothan Bay am Meer zum Verlieben \u2013 so einfach ist das! - Urlaub &amp; Reisen<\/title>\n<meta name=\"robots\" content=\"index, follow, max-snippet:-1, max-image-preview:large, max-video-preview:-1\" \/>\n<link rel=\"canonical\" href=\"https:\/\/www.urlaubcornwall.de\/blog\/hotels-porthcothan-bay-padstow-meer-zum-verlieben-einfach-ist-das\/\" \/>\n<meta property=\"og:locale\" content=\"en_US\" \/>\n<meta property=\"og:type\" content=\"article\" \/>\n<meta property=\"og:title\" content=\"Hotels in Padstow &amp; Porthcothan Bay am Meer zum Verlieben \u2013 so einfach ist das! - Urlaub &amp; Reisen\" \/>\n<meta property=\"og:description\" content=\"Die sch\u00f6nsten Hotels in Porthcothan Bay &amp; Padstow mit Meerblick f\u00fcr Ihren Urlaub in Cornwall &#8211; Padstow ist ein Fischer- und Badeort, der im Schutze des Camel-\u00c4stuars liegt. Der Ort ist bekannt f\u00fcr seine ber\u00fchmten Restaurants und sehr guten Fisch- und Meeresfr\u00fcchte, zudem ist dort die nationale Hummeraufzucht beheimatet. Jenseits des \u00c4stuars k\u00f6nnen Sie Rock, [&hellip;]\" \/>\n<meta property=\"og:url\" content=\"https:\/\/www.urlaubcornwall.de\/blog\/hotels-porthcothan-bay-padstow-meer-zum-verlieben-einfach-ist-das\/\" \/>\n<meta property=\"og:site_name\" content=\"Urlaub &amp; Reisen\" \/>\n<meta property=\"article:modified_time\" content=\"2024-05-30T08:48:45+00:00\" \/>\n<meta property=\"og:image\" content=\"https:\/\/www.urlaubcornwall.de\/blog\/wp-content\/uploads\/2024\/02\/padstow_hafen.jpg\" \/>\n<meta name=\"twitter:card\" content=\"summary\" \/>\n<meta name=\"twitter:label1\" content=\"Est. reading time\" \/>\n\t<meta name=\"twitter:data1\" content=\"2 minutes\" \/>\n<script type=\"application\/ld+json\" class=\"yoast-schema-graph\">{\"@context\":\"https:\/\/schema.org\",\"@graph\":[{\"@type\":\"WebSite\",\"@id\":\"https:\/\/www.urlaubcornwall.de\/blog\/#website\",\"url\":\"https:\/\/www.urlaubcornwall.de\/blog\/\",\"name\":\"Urlaub &amp; Reisen\",\"description\":\"Urlaub, Reisen, Cornwall und S\u00fcdengland: eine perfekte Kombination\",\"potentialAction\":[{\"@type\":\"SearchAction\",\"target\":{\"@type\":\"EntryPoint\",\"urlTemplate\":\"https:\/\/www.urlaubcornwall.de\/blog\/?s={search_term_string}\"},\"query-input\":\"required name=search_term_string\"}],\"inLanguage\":\"en-US\"},{\"@type\":\"WebPage\",\"@id\":\"https:\/\/www.urlaubcornwall.de\/blog\/hotels-porthcothan-bay-padstow-meer-zum-verlieben-einfach-ist-das\/\",\"url\":\"https:\/\/www.urlaubcornwall.de\/blog\/hotels-porthcothan-bay-padstow-meer-zum-verlieben-einfach-ist-das\/\",\"name\":\"Hotels in Padstow & Porthcothan Bay am Meer zum Verlieben \u2013 so einfach ist das! - Urlaub &amp; Reisen\",\"isPartOf\":{\"@id\":\"https:\/\/www.urlaubcornwall.de\/blog\/#website\"},\"datePublished\":\"2017-09-07T12:55:10+00:00\",\"dateModified\":\"2024-05-30T08:48:45+00:00\",\"breadcrumb\":{\"@id\":\"https:\/\/www.urlaubcornwall.de\/blog\/hotels-porthcothan-bay-padstow-meer-zum-verlieben-einfach-ist-das\/#breadcrumb\"},\"inLanguage\":\"en-US\",\"potentialAction\":[{\"@type\":\"ReadAction\",\"target\":[\"https:\/\/www.urlaubcornwall.de\/blog\/hotels-porthcothan-bay-padstow-meer-zum-verlieben-einfach-ist-das\/\"]}]},{\"@type\":\"BreadcrumbList\",\"@id\":\"https:\/\/www.urlaubcornwall.de\/blog\/hotels-porthcothan-bay-padstow-meer-zum-verlieben-einfach-ist-das\/#breadcrumb\",\"itemListElement\":[{\"@type\":\"ListItem\",\"position\":1,\"name\":\"Home\",\"item\":\"https:\/\/www.urlaubcornwall.de\/blog\/\"},{\"@type\":\"ListItem\",\"position\":2,\"name\":\"Hotels in Padstow &#038; Porthcothan Bay am Meer zum Verlieben \u2013 so einfach ist das!\"}]}]}<\/script>\n<!-- \/ Yoast SEO plugin. -->","yoast_head_json":{"title":"Hotels in Padstow & Porthcothan Bay am Meer zum Verlieben \u2013 so einfach ist das! - Urlaub &amp; Reisen","robots":{"index":"index","follow":"follow","max-snippet":"max-snippet:-1","max-image-preview":"max-image-preview:large","max-video-preview":"max-video-preview:-1"},"canonical":"https:\/\/www.urlaubcornwall.de\/blog\/hotels-porthcothan-bay-padstow-meer-zum-verlieben-einfach-ist-das\/","og_locale":"en_US","og_type":"article","og_title":"Hotels in Padstow & Porthcothan Bay am Meer zum Verlieben \u2013 so einfach ist das! - Urlaub &amp; Reisen","og_description":"Die sch\u00f6nsten Hotels in Porthcothan Bay &amp; Padstow mit Meerblick f\u00fcr Ihren Urlaub in Cornwall &#8211; Padstow ist ein Fischer- und Badeort, der im Schutze des Camel-\u00c4stuars liegt. Der Ort ist bekannt f\u00fcr seine ber\u00fchmten Restaurants und sehr guten Fisch- und Meeresfr\u00fcchte, zudem ist dort die nationale Hummeraufzucht beheimatet. Jenseits des \u00c4stuars k\u00f6nnen Sie Rock, [&hellip;]","og_url":"https:\/\/www.urlaubcornwall.de\/blog\/hotels-porthcothan-bay-padstow-meer-zum-verlieben-einfach-ist-das\/","og_site_name":"Urlaub &amp; Reisen","article_modified_time":"2024-05-30T08:48:45+00:00","og_image":[{"url":"https:\/\/www.urlaubcornwall.de\/blog\/wp-content\/uploads\/2024\/02\/padstow_hafen.jpg"}],"twitter_card":"summary","twitter_misc":{"Est. reading time":"2 minutes"},"schema":{"@context":"https:\/\/schema.org","@graph":[{"@type":"WebSite","@id":"https:\/\/www.urlaubcornwall.de\/blog\/#website","url":"https:\/\/www.urlaubcornwall.de\/blog\/","name":"Urlaub &amp; Reisen","description":"Urlaub, Reisen, Cornwall und S\u00fcdengland: eine perfekte Kombination","potentialAction":[{"@type":"SearchAction","target":{"@type":"EntryPoint","urlTemplate":"https:\/\/www.urlaubcornwall.de\/blog\/?s={search_term_string}"},"query-input":"required name=search_term_string"}],"inLanguage":"en-US"},{"@type":"WebPage","@id":"https:\/\/www.urlaubcornwall.de\/blog\/hotels-porthcothan-bay-padstow-meer-zum-verlieben-einfach-ist-das\/","url":"https:\/\/www.urlaubcornwall.de\/blog\/hotels-porthcothan-bay-padstow-meer-zum-verlieben-einfach-ist-das\/","name":"Hotels in Padstow & Porthcothan Bay am Meer zum Verlieben \u2013 so einfach ist das! - Urlaub &amp; Reisen","isPartOf":{"@id":"https:\/\/www.urlaubcornwall.de\/blog\/#website"},"datePublished":"2017-09-07T12:55:10+00:00","dateModified":"2024-05-30T08:48:45+00:00","breadcrumb":{"@id":"https:\/\/www.urlaubcornwall.de\/blog\/hotels-porthcothan-bay-padstow-meer-zum-verlieben-einfach-ist-das\/#breadcrumb"},"inLanguage":"en-US","potentialAction":[{"@type":"ReadAction","target":["https:\/\/www.urlaubcornwall.de\/blog\/hotels-porthcothan-bay-padstow-meer-zum-verlieben-einfach-ist-das\/"]}]},{"@type":"BreadcrumbList","@id":"https:\/\/www.urlaubcornwall.de\/blog\/hotels-porthcothan-bay-padstow-meer-zum-verlieben-einfach-ist-das\/#breadcrumb","itemListElement":[{"@type":"ListItem","position":1,"name":"Home","item":"https:\/\/www.urlaubcornwall.de\/blog\/"},{"@type":"ListItem","position":2,"name":"Hotels in Padstow &#038; Porthcothan Bay am Meer zum Verlieben \u2013 so einfach ist das!"}]}]}},"_links":{"self":[{"href":"https:\/\/www.urlaubcornwall.de\/blog\/wp-json\/wp\/v2\/pages\/29091"}],"collection":[{"href":"https:\/\/www.urlaubcornwall.de\/blog\/wp-json\/wp\/v2\/pages"}],"about":[{"href":"https:\/\/www.urlaubcornwall.de\/blog\/wp-json\/wp\/v2\/types\/page"}],"author":[{"embeddable":true,"href":"https:\/\/www.urlaubcornwall.de\/blog\/wp-json\/wp\/v2\/users\/1"}],"replies":[{"embeddable":true,"href":"https:\/\/www.urlaubcornwall.de\/blog\/wp-json\/wp\/v2\/comments?post=29091"}],"version-history":[{"count":13,"href":"https:\/\/www.urlaubcornwall.de\/blog\/wp-json\/wp\/v2\/pages\/29091\/revisions"}],"predecessor-version":[{"id":50825,"href":"https:\/\/www.urlaubcornwall.de\/blog\/wp-json\/wp\/v2\/pages\/29091\/revisions\/50825"}],"wp:attachment":[{"href":"https:\/\/www.urlaubcornwall.de\/blog\/wp-json\/wp\/v2\/media?parent=29091"}],"curies":[{"name":"wp","href":"https:\/\/api.w.org\/{rel}","templated":true}]}}