{"id":29089,"date":"2017-09-07T12:51:53","date_gmt":"2017-09-07T12:51:53","guid":{"rendered":"https:\/\/www.urlaubcornwall.de\/blog\/?page_id=29089"},"modified":"2024-05-30T07:18:26","modified_gmt":"2024-05-30T07:18:26","slug":"schoensten-hotels-perranuthnoe-meer-zum-verlieben-einfach-ist-das","status":"publish","type":"page","link":"https:\/\/www.urlaubcornwall.de\/blog\/schoensten-hotels-perranuthnoe-meer-zum-verlieben-einfach-ist-das\/","title":{"rendered":"Sch\u00f6nsten Hotels in Perranuthnoe am Meer zum Verlieben \u2013 so einfach ist das!"},"content":{"rendered":"<p><a href=\"https:\/\/www.urlaubcornwall.de\/blog\/wp-content\/uploads\/2024\/03\/marazion_und-st-michaels-mount-1.jpg\"><img loading=\"lazy\" src=\"https:\/\/www.urlaubcornwall.de\/blog\/wp-content\/uploads\/2024\/03\/marazion_und-st-michaels-mount-1.jpg\" alt=\"marazion_und st michaels mount\" width=\"750\" height=\"500\" class=\"alignnone size-full wp-image-47921\" srcset=\"https:\/\/www.urlaubcornwall.de\/blog\/wp-content\/uploads\/2024\/03\/marazion_und-st-michaels-mount-1.jpg 750w, https:\/\/www.urlaubcornwall.de\/blog\/wp-content\/uploads\/2024\/03\/marazion_und-st-michaels-mount-1-300x200.jpg 300w\" sizes=\"(max-width: 750px) 100vw, 750px\" \/><\/a><\/p>\n<p style=\"text-align: center;\"><strong>Die sch\u00f6nsten Hotels in der N\u00e4he Perranuthnoe mit Meerblick f\u00fcr Ihren Urlaub in Cornwall<br \/>\n<\/strong><\/p>\n<p style=\"text-align: center;\">Godolphin Arms liegt am Ufer der Mounts Bucht an einem zwei Meilen langen Strand der historischen Marktstadt Marazion bei Perranuthnoe in Westcornwall. Mit Blick \u00fcber den wundersch\u00f6nen St Michaels Mount verf\u00fcgt es \u00fcber einen der bezauberndsten Aussichten eines Hotels in Cornwall \u00fcberhaupt&#8230;&#8230;<a href=\"https:\/\/www.urlaubcornwall.de\/blog\/hotel-am-meer-st-michaels-mount-godolphin-arms-marazion-westcornwall\/\"><strong>[ Mehr ]<\/strong><\/a><\/p>\n<p style=\"text-align: center;\"><b>Klicken Sie <\/b><strong>hie<\/strong>r<b>, um sich unser vollst\u00e4ndiges Angebot der besten <a href=\"https:\/\/www.urlaubcornwall.de\/hotels.php\">Hotels in Cornwall&gt;&gt;<\/a><\/b><\/p>\n<p style=\"text-align: center;\"><a href=\"http:\/\/www.urlaubcornwall.de\/\">UrlaubCornwall.de<\/a> ist ein in Cornwall ans\u00e4ssiges Unternehmen k\u00f6nnen wir uns mit 20 Jahren Erfahrung in der Organisation von Rundreisen durch S\u00fcdwest und S\u00fcdengland r\u00fchmen.<\/p>\n<p style=\"text-align: center;\">Um Cornwall in Ihre Rundreise durch S\u00fcdengland mit einzugliedern, stellen Sie Ihre <a href=\"http:\/\/www.urlaubcornwall.de\/anfrage.php\">Anfrage<\/a> hier oder w\u00e4hlen Sie ein Ferienhaus aus unserer besten Auswahl handverlesener und inspizierter H\u00e4user aus.<\/p>\n","protected":false},"excerpt":{"rendered":"<p>Die sch\u00f6nsten Hotels in der N\u00e4he Perranuthnoe mit Meerblick f\u00fcr Ihren Urlaub in Cornwall Godolphin Arms liegt am Ufer der Mounts Bucht an einem zwei Meilen langen Strand der historischen Marktstadt Marazion bei Perranuthnoe in Westcornwall. Mit Blick \u00fcber den wundersch\u00f6nen St Michaels Mount verf\u00fcgt es \u00fcber einen der bezauberndsten Aussichten eines Hotels in Cornwall [&hellip;]<\/p>\n","protected":false},"author":1,"featured_media":0,"parent":0,"menu_order":0,"comment_status":"closed","ping_status":"closed","template":"single-four.php","meta":[],"acf":[],"yoast_head":"<!-- This site is optimized with the Yoast SEO plugin v19.4 - https:\/\/yoast.com\/wordpress\/plugins\/seo\/ -->\n<title>Sch\u00f6nsten Hotels in Perranuthnoe am Meer zum Verlieben \u2013 so einfach ist das! - Urlaub &amp; Reisen<\/title>\n<meta name=\"robots\" content=\"index, follow, max-snippet:-1, max-image-preview:large, max-video-preview:-1\" \/>\n<link rel=\"canonical\" href=\"https:\/\/www.urlaubcornwall.de\/blog\/schoensten-hotels-perranuthnoe-meer-zum-verlieben-einfach-ist-das\/\" \/>\n<meta property=\"og:locale\" content=\"en_US\" \/>\n<meta property=\"og:type\" content=\"article\" \/>\n<meta property=\"og:title\" content=\"Sch\u00f6nsten Hotels in Perranuthnoe am Meer zum Verlieben \u2013 so einfach ist das! - Urlaub &amp; Reisen\" \/>\n<meta property=\"og:description\" content=\"Die sch\u00f6nsten Hotels in der N\u00e4he Perranuthnoe mit Meerblick f\u00fcr Ihren Urlaub in Cornwall Godolphin Arms liegt am Ufer der Mounts Bucht an einem zwei Meilen langen Strand der historischen Marktstadt Marazion bei Perranuthnoe in Westcornwall. Mit Blick \u00fcber den wundersch\u00f6nen St Michaels Mount verf\u00fcgt es \u00fcber einen der bezauberndsten Aussichten eines Hotels in Cornwall [&hellip;]\" \/>\n<meta property=\"og:url\" content=\"https:\/\/www.urlaubcornwall.de\/blog\/schoensten-hotels-perranuthnoe-meer-zum-verlieben-einfach-ist-das\/\" \/>\n<meta property=\"og:site_name\" content=\"Urlaub &amp; Reisen\" \/>\n<meta property=\"article:modified_time\" content=\"2024-05-30T07:18:26+00:00\" \/>\n<meta property=\"og:image\" content=\"https:\/\/www.urlaubcornwall.de\/blog\/wp-content\/uploads\/2024\/03\/marazion_und-st-michaels-mount-1.jpg\" \/>\n<meta name=\"twitter:card\" content=\"summary\" \/>\n<meta name=\"twitter:label1\" content=\"Est. reading time\" \/>\n\t<meta name=\"twitter:data1\" content=\"1 minute\" \/>\n<script type=\"application\/ld+json\" class=\"yoast-schema-graph\">{\"@context\":\"https:\/\/schema.org\",\"@graph\":[{\"@type\":\"WebSite\",\"@id\":\"https:\/\/www.urlaubcornwall.de\/blog\/#website\",\"url\":\"https:\/\/www.urlaubcornwall.de\/blog\/\",\"name\":\"Urlaub &amp; Reisen\",\"description\":\"Urlaub, Reisen, Cornwall und S\u00fcdengland: eine perfekte Kombination\",\"potentialAction\":[{\"@type\":\"SearchAction\",\"target\":{\"@type\":\"EntryPoint\",\"urlTemplate\":\"https:\/\/www.urlaubcornwall.de\/blog\/?s={search_term_string}\"},\"query-input\":\"required name=search_term_string\"}],\"inLanguage\":\"en-US\"},{\"@type\":\"WebPage\",\"@id\":\"https:\/\/www.urlaubcornwall.de\/blog\/schoensten-hotels-perranuthnoe-meer-zum-verlieben-einfach-ist-das\/\",\"url\":\"https:\/\/www.urlaubcornwall.de\/blog\/schoensten-hotels-perranuthnoe-meer-zum-verlieben-einfach-ist-das\/\",\"name\":\"Sch\u00f6nsten Hotels in Perranuthnoe am Meer zum Verlieben \u2013 so einfach ist das! - Urlaub &amp; Reisen\",\"isPartOf\":{\"@id\":\"https:\/\/www.urlaubcornwall.de\/blog\/#website\"},\"datePublished\":\"2017-09-07T12:51:53+00:00\",\"dateModified\":\"2024-05-30T07:18:26+00:00\",\"breadcrumb\":{\"@id\":\"https:\/\/www.urlaubcornwall.de\/blog\/schoensten-hotels-perranuthnoe-meer-zum-verlieben-einfach-ist-das\/#breadcrumb\"},\"inLanguage\":\"en-US\",\"potentialAction\":[{\"@type\":\"ReadAction\",\"target\":[\"https:\/\/www.urlaubcornwall.de\/blog\/schoensten-hotels-perranuthnoe-meer-zum-verlieben-einfach-ist-das\/\"]}]},{\"@type\":\"BreadcrumbList\",\"@id\":\"https:\/\/www.urlaubcornwall.de\/blog\/schoensten-hotels-perranuthnoe-meer-zum-verlieben-einfach-ist-das\/#breadcrumb\",\"itemListElement\":[{\"@type\":\"ListItem\",\"position\":1,\"name\":\"Home\",\"item\":\"https:\/\/www.urlaubcornwall.de\/blog\/\"},{\"@type\":\"ListItem\",\"position\":2,\"name\":\"Sch\u00f6nsten Hotels in Perranuthnoe am Meer zum Verlieben \u2013 so einfach ist das!\"}]}]}<\/script>\n<!-- \/ Yoast SEO plugin. -->","yoast_head_json":{"title":"Sch\u00f6nsten Hotels in Perranuthnoe am Meer zum Verlieben \u2013 so einfach ist das! - Urlaub &amp; Reisen","robots":{"index":"index","follow":"follow","max-snippet":"max-snippet:-1","max-image-preview":"max-image-preview:large","max-video-preview":"max-video-preview:-1"},"canonical":"https:\/\/www.urlaubcornwall.de\/blog\/schoensten-hotels-perranuthnoe-meer-zum-verlieben-einfach-ist-das\/","og_locale":"en_US","og_type":"article","og_title":"Sch\u00f6nsten Hotels in Perranuthnoe am Meer zum Verlieben \u2013 so einfach ist das! - Urlaub &amp; Reisen","og_description":"Die sch\u00f6nsten Hotels in der N\u00e4he Perranuthnoe mit Meerblick f\u00fcr Ihren Urlaub in Cornwall Godolphin Arms liegt am Ufer der Mounts Bucht an einem zwei Meilen langen Strand der historischen Marktstadt Marazion bei Perranuthnoe in Westcornwall. Mit Blick \u00fcber den wundersch\u00f6nen St Michaels Mount verf\u00fcgt es \u00fcber einen der bezauberndsten Aussichten eines Hotels in Cornwall [&hellip;]","og_url":"https:\/\/www.urlaubcornwall.de\/blog\/schoensten-hotels-perranuthnoe-meer-zum-verlieben-einfach-ist-das\/","og_site_name":"Urlaub &amp; Reisen","article_modified_time":"2024-05-30T07:18:26+00:00","og_image":[{"url":"https:\/\/www.urlaubcornwall.de\/blog\/wp-content\/uploads\/2024\/03\/marazion_und-st-michaels-mount-1.jpg"}],"twitter_card":"summary","twitter_misc":{"Est. reading time":"1 minute"},"schema":{"@context":"https:\/\/schema.org","@graph":[{"@type":"WebSite","@id":"https:\/\/www.urlaubcornwall.de\/blog\/#website","url":"https:\/\/www.urlaubcornwall.de\/blog\/","name":"Urlaub &amp; Reisen","description":"Urlaub, Reisen, Cornwall und S\u00fcdengland: eine perfekte Kombination","potentialAction":[{"@type":"SearchAction","target":{"@type":"EntryPoint","urlTemplate":"https:\/\/www.urlaubcornwall.de\/blog\/?s={search_term_string}"},"query-input":"required name=search_term_string"}],"inLanguage":"en-US"},{"@type":"WebPage","@id":"https:\/\/www.urlaubcornwall.de\/blog\/schoensten-hotels-perranuthnoe-meer-zum-verlieben-einfach-ist-das\/","url":"https:\/\/www.urlaubcornwall.de\/blog\/schoensten-hotels-perranuthnoe-meer-zum-verlieben-einfach-ist-das\/","name":"Sch\u00f6nsten Hotels in Perranuthnoe am Meer zum Verlieben \u2013 so einfach ist das! - Urlaub &amp; Reisen","isPartOf":{"@id":"https:\/\/www.urlaubcornwall.de\/blog\/#website"},"datePublished":"2017-09-07T12:51:53+00:00","dateModified":"2024-05-30T07:18:26+00:00","breadcrumb":{"@id":"https:\/\/www.urlaubcornwall.de\/blog\/schoensten-hotels-perranuthnoe-meer-zum-verlieben-einfach-ist-das\/#breadcrumb"},"inLanguage":"en-US","potentialAction":[{"@type":"ReadAction","target":["https:\/\/www.urlaubcornwall.de\/blog\/schoensten-hotels-perranuthnoe-meer-zum-verlieben-einfach-ist-das\/"]}]},{"@type":"BreadcrumbList","@id":"https:\/\/www.urlaubcornwall.de\/blog\/schoensten-hotels-perranuthnoe-meer-zum-verlieben-einfach-ist-das\/#breadcrumb","itemListElement":[{"@type":"ListItem","position":1,"name":"Home","item":"https:\/\/www.urlaubcornwall.de\/blog\/"},{"@type":"ListItem","position":2,"name":"Sch\u00f6nsten Hotels in Perranuthnoe am Meer zum Verlieben \u2013 so einfach ist das!"}]}]}},"_links":{"self":[{"href":"https:\/\/www.urlaubcornwall.de\/blog\/wp-json\/wp\/v2\/pages\/29089"}],"collection":[{"href":"https:\/\/www.urlaubcornwall.de\/blog\/wp-json\/wp\/v2\/pages"}],"about":[{"href":"https:\/\/www.urlaubcornwall.de\/blog\/wp-json\/wp\/v2\/types\/page"}],"author":[{"embeddable":true,"href":"https:\/\/www.urlaubcornwall.de\/blog\/wp-json\/wp\/v2\/users\/1"}],"replies":[{"embeddable":true,"href":"https:\/\/www.urlaubcornwall.de\/blog\/wp-json\/wp\/v2\/comments?post=29089"}],"version-history":[{"count":3,"href":"https:\/\/www.urlaubcornwall.de\/blog\/wp-json\/wp\/v2\/pages\/29089\/revisions"}],"predecessor-version":[{"id":50752,"href":"https:\/\/www.urlaubcornwall.de\/blog\/wp-json\/wp\/v2\/pages\/29089\/revisions\/50752"}],"wp:attachment":[{"href":"https:\/\/www.urlaubcornwall.de\/blog\/wp-json\/wp\/v2\/media?parent=29089"}],"curies":[{"name":"wp","href":"https:\/\/api.w.org\/{rel}","templated":true}]}}