{"id":29061,"date":"2017-09-07T09:37:31","date_gmt":"2017-09-07T09:37:31","guid":{"rendered":"https:\/\/www.urlaubcornwall.de\/blog\/?page_id=29061"},"modified":"2024-04-12T12:08:10","modified_gmt":"2024-04-12T12:08:10","slug":"hotels-bridport-mit-hund-zum-verlieben-einfach-ist-das","status":"publish","type":"page","link":"https:\/\/www.urlaubcornwall.de\/blog\/hotels-bridport-mit-hund-zum-verlieben-einfach-ist-das\/","title":{"rendered":"Hotels in Bridport mit Hund zum Verlieben \u2013 so einfach ist das!"},"content":{"rendered":"<p><img loading=\"lazy\" class=\"aligncenter size-full wp-image-47883\" src=\"https:\/\/www.urlaubcornwall.de\/blog\/wp-content\/uploads\/2024\/03\/bridport.jpg\" alt=\"bridport\" width=\"750\" height=\"500\" srcset=\"https:\/\/www.urlaubcornwall.de\/blog\/wp-content\/uploads\/2024\/03\/bridport.jpg 750w, https:\/\/www.urlaubcornwall.de\/blog\/wp-content\/uploads\/2024\/03\/bridport-300x200.jpg 300w\" sizes=\"(max-width: 750px) 100vw, 750px\" \/><\/p>\n<h1 style=\"text-align: left;\"><strong>Die sch\u00f6nsten Hundefreundliche Hotels in der N\u00e4he Bridport<br \/>\n<\/strong><\/h1>\n<p style=\"text-align: left;\">Die alte Dorsetstadt Bridport war zur Zeit der Segelschiffe bekannt f\u00fcr ihre Seilereiindustrie. Die Menge an Raum, der gebraucht wird, um Seile herzustellen, ist der Grund daf\u00fcr, dass Bridport sehr breite Stra\u00dfen hat. Hanf und Flachs, die zum Seilemachen benutzt wurden, wurden vor Ort angebaut, nachdem sie von den R\u00f6mern hierher eingef\u00fchrt wurden. Bridport ist in Thomas Hardys Novellen \u2018Port Bredy\u2019.<\/p>\n<h2><a href=\"https:\/\/www.booking.com\/hotel\/gb\/bridge-house-bridport.html?aid=1320750&amp;no_rooms=1&amp;group_adults=2&amp;room1=A%2CA\" rel=\"nofollow\"><strong>Bridge House Hotel am Meer \u2013 3 Sterne Landhaus<\/strong><\/a><\/h2>\n<p>In Bridport bietet Ihnen dieses 5 Fahrminuten von der K\u00fcste entfernte 3-Sterne-Hotel kostenfreies WLAN und kostenfreie Parkpl\u00e4tze am Haus. Sie wohnen 30 Fahrminuten von Weymouth entfernt&#8230;..<a href=\"https:\/\/www.booking.com\/hotel\/gb\/bridge-house-bridport.html?aid=1320750&amp;no_rooms=1&amp;group_adults=2&amp;room1=A%2CA\" rel=\"nofollow\">[Mehr]<\/a><\/p>\n<p style=\"text-align: center;\"><a class=\"tidycta\" href=\"https:\/\/www.booking.com\/searchresults.html?city=-2590868&amp;nflt=ht_id%253D223&amp;aid=1320750&amp;no_rooms=1&amp;group_adults=2&amp;room1=A%2CA\" rel=\"nofollow\">Suche Hotels in Bridport<\/a><\/p>\n<p style=\"text-align: left;\"><strong>Urlaub in Dorset &#8211; <\/strong>Die Grafschaft Dorset begeistert mit ihrer Sch\u00f6nheit, ihren Kontrasten und der atemberaubenden Landschaft. Dorset liegt im S\u00fcden Englands am Meer und seine K\u00fcstenlinie erstreckt sich \u00fcber 140 km von <a href=\"https:\/\/www.urlaubcornwall.de\/blog\/lyme-regis-dorset-unterkunft-sehenswuerdigkeiten-und-geschichte\/\">Lyme Regis<\/a> im Westen bis nach <a href=\"https:\/\/www.urlaubcornwall.de\/blog\/urlaub-christchurch-dorset-unterkunft-sehenswuerdigkeiten-und-geschichte\/\">Christchurch<\/a> im Osten. Freuen Sie sich hier auf die feinsten Sandstr\u00e4nde der britischen Inseln&#8230;<a href=\"https:\/\/www.urlaubcornwall.de\/reiseziel\/dorset.php\"><strong>[ Mehr ]<\/strong><\/a><\/p>\n<p><img loading=\"lazy\" class=\"aligncenter size-full wp-image-24598\" src=\"https:\/\/www.urlaubcornwall.de\/blog\/wp-content\/uploads\/2016\/06\/urlaub-und-sudengland_logo-final.jpg\" width=\"746\" height=\"361\"\/><\/p>\n<p style=\"text-align: center;\">UrlaubCornwall verf\u00fcgt Ferienh\u00e4user und Ferienwohnungen in&nbsp;S\u00fcdengland. Unterk\u00fcnfte der Spitzenklasse f\u00fcr 2 Personen, Familien und Gruppen mit 4, 6, 8, 10 oder 12 G\u00e4sten mit Hund.<\/p>\n<p style=\"text-align: center;\"><a class=\"tidycta\" href=\"https:\/\/www.urlaubcornwall.de\/ferienhaeuser-fewos\/eng\/dorset\/bridport-hundefreundlich.html\">Ferienh\u00e4user Bridport mit Hund<\/a><\/p>\n<p style=\"text-align: center;\"><a href=\"http:\/\/www.urlaubcornwall.de\/\">UrlaubCornwall.de<\/a> ist ein in Cornwall ans\u00e4ssiges Unternehmen k\u00f6nnen wir uns mit 20 Jahren Erfahrung in der Organisation von Rundreisen durch S\u00fcdwest und S\u00fcdengland r\u00fchmen. Erfahren Sie mehr \u00fcber <a href=\"https:\/\/www.urlaubcornwall.de\/hotels.php\">unsere Hotels in Cornwall<\/a>.<\/p>\n<p style=\"text-align: center;\">Um Dorset in Ihre Rundreise mit Hund durch Gro\u00dfbritannien mit einzugliedern, stellen Sie Ihre <a href=\"http:\/\/www.urlaubcornwall.de\/anfrage.php\">Anfrage<\/a> hier oder w\u00e4hlen Sie ein Ferienhaus aus unserer besten Auswahl handverlesener und inspizierter H\u00e4user aus.<\/p>\n","protected":false},"excerpt":{"rendered":"<p>Die sch\u00f6nsten Hundefreundliche Hotels in der N\u00e4he Bridport Die alte Dorsetstadt Bridport war zur Zeit der Segelschiffe bekannt f\u00fcr ihre Seilereiindustrie. Die Menge an Raum, der gebraucht wird, um Seile herzustellen, ist der Grund daf\u00fcr, dass Bridport sehr breite Stra\u00dfen hat. Hanf und Flachs, die zum Seilemachen benutzt wurden, wurden vor Ort angebaut, nachdem sie [&hellip;]<\/p>\n","protected":false},"author":1,"featured_media":0,"parent":0,"menu_order":0,"comment_status":"closed","ping_status":"closed","template":"single-four.php","meta":[],"acf":[],"yoast_head":"<!-- This site is optimized with the Yoast SEO plugin v19.4 - https:\/\/yoast.com\/wordpress\/plugins\/seo\/ -->\n<title>Hotels in Bridport mit Hund zum Verlieben \u2013 so einfach ist das! - Urlaub &amp; Reisen<\/title>\n<meta name=\"robots\" content=\"index, follow, max-snippet:-1, max-image-preview:large, max-video-preview:-1\" \/>\n<link rel=\"canonical\" href=\"https:\/\/www.urlaubcornwall.de\/blog\/hotels-bridport-mit-hund-zum-verlieben-einfach-ist-das\/\" \/>\n<meta property=\"og:locale\" content=\"en_US\" \/>\n<meta property=\"og:type\" content=\"article\" \/>\n<meta property=\"og:title\" content=\"Hotels in Bridport mit Hund zum Verlieben \u2013 so einfach ist das! - Urlaub &amp; Reisen\" \/>\n<meta property=\"og:description\" content=\"Die sch\u00f6nsten Hundefreundliche Hotels in der N\u00e4he Bridport Die alte Dorsetstadt Bridport war zur Zeit der Segelschiffe bekannt f\u00fcr ihre Seilereiindustrie. Die Menge an Raum, der gebraucht wird, um Seile herzustellen, ist der Grund daf\u00fcr, dass Bridport sehr breite Stra\u00dfen hat. Hanf und Flachs, die zum Seilemachen benutzt wurden, wurden vor Ort angebaut, nachdem sie [&hellip;]\" \/>\n<meta property=\"og:url\" content=\"https:\/\/www.urlaubcornwall.de\/blog\/hotels-bridport-mit-hund-zum-verlieben-einfach-ist-das\/\" \/>\n<meta property=\"og:site_name\" content=\"Urlaub &amp; Reisen\" \/>\n<meta property=\"article:modified_time\" content=\"2024-04-12T12:08:10+00:00\" \/>\n<meta property=\"og:image\" content=\"https:\/\/www.urlaubcornwall.de\/blog\/wp-content\/uploads\/2024\/03\/bridport.jpg\" \/>\n<meta name=\"twitter:card\" content=\"summary\" \/>\n<meta name=\"twitter:label1\" content=\"Est. reading time\" \/>\n\t<meta name=\"twitter:data1\" content=\"2 minutes\" \/>\n<script type=\"application\/ld+json\" class=\"yoast-schema-graph\">{\"@context\":\"https:\/\/schema.org\",\"@graph\":[{\"@type\":\"WebSite\",\"@id\":\"https:\/\/www.urlaubcornwall.de\/blog\/#website\",\"url\":\"https:\/\/www.urlaubcornwall.de\/blog\/\",\"name\":\"Urlaub &amp; Reisen\",\"description\":\"Urlaub, Reisen, Cornwall und S\u00fcdengland: eine perfekte Kombination\",\"potentialAction\":[{\"@type\":\"SearchAction\",\"target\":{\"@type\":\"EntryPoint\",\"urlTemplate\":\"https:\/\/www.urlaubcornwall.de\/blog\/?s={search_term_string}\"},\"query-input\":\"required name=search_term_string\"}],\"inLanguage\":\"en-US\"},{\"@type\":\"WebPage\",\"@id\":\"https:\/\/www.urlaubcornwall.de\/blog\/hotels-bridport-mit-hund-zum-verlieben-einfach-ist-das\/\",\"url\":\"https:\/\/www.urlaubcornwall.de\/blog\/hotels-bridport-mit-hund-zum-verlieben-einfach-ist-das\/\",\"name\":\"Hotels in Bridport mit Hund zum Verlieben \u2013 so einfach ist das! - Urlaub &amp; Reisen\",\"isPartOf\":{\"@id\":\"https:\/\/www.urlaubcornwall.de\/blog\/#website\"},\"datePublished\":\"2017-09-07T09:37:31+00:00\",\"dateModified\":\"2024-04-12T12:08:10+00:00\",\"breadcrumb\":{\"@id\":\"https:\/\/www.urlaubcornwall.de\/blog\/hotels-bridport-mit-hund-zum-verlieben-einfach-ist-das\/#breadcrumb\"},\"inLanguage\":\"en-US\",\"potentialAction\":[{\"@type\":\"ReadAction\",\"target\":[\"https:\/\/www.urlaubcornwall.de\/blog\/hotels-bridport-mit-hund-zum-verlieben-einfach-ist-das\/\"]}]},{\"@type\":\"BreadcrumbList\",\"@id\":\"https:\/\/www.urlaubcornwall.de\/blog\/hotels-bridport-mit-hund-zum-verlieben-einfach-ist-das\/#breadcrumb\",\"itemListElement\":[{\"@type\":\"ListItem\",\"position\":1,\"name\":\"Home\",\"item\":\"https:\/\/www.urlaubcornwall.de\/blog\/\"},{\"@type\":\"ListItem\",\"position\":2,\"name\":\"Hotels in Bridport mit Hund zum Verlieben \u2013 so einfach ist das!\"}]}]}<\/script>\n<!-- \/ Yoast SEO plugin. -->","yoast_head_json":{"title":"Hotels in Bridport mit Hund zum Verlieben \u2013 so einfach ist das! - Urlaub &amp; Reisen","robots":{"index":"index","follow":"follow","max-snippet":"max-snippet:-1","max-image-preview":"max-image-preview:large","max-video-preview":"max-video-preview:-1"},"canonical":"https:\/\/www.urlaubcornwall.de\/blog\/hotels-bridport-mit-hund-zum-verlieben-einfach-ist-das\/","og_locale":"en_US","og_type":"article","og_title":"Hotels in Bridport mit Hund zum Verlieben \u2013 so einfach ist das! - Urlaub &amp; Reisen","og_description":"Die sch\u00f6nsten Hundefreundliche Hotels in der N\u00e4he Bridport Die alte Dorsetstadt Bridport war zur Zeit der Segelschiffe bekannt f\u00fcr ihre Seilereiindustrie. Die Menge an Raum, der gebraucht wird, um Seile herzustellen, ist der Grund daf\u00fcr, dass Bridport sehr breite Stra\u00dfen hat. Hanf und Flachs, die zum Seilemachen benutzt wurden, wurden vor Ort angebaut, nachdem sie [&hellip;]","og_url":"https:\/\/www.urlaubcornwall.de\/blog\/hotels-bridport-mit-hund-zum-verlieben-einfach-ist-das\/","og_site_name":"Urlaub &amp; Reisen","article_modified_time":"2024-04-12T12:08:10+00:00","og_image":[{"url":"https:\/\/www.urlaubcornwall.de\/blog\/wp-content\/uploads\/2024\/03\/bridport.jpg"}],"twitter_card":"summary","twitter_misc":{"Est. reading time":"2 minutes"},"schema":{"@context":"https:\/\/schema.org","@graph":[{"@type":"WebSite","@id":"https:\/\/www.urlaubcornwall.de\/blog\/#website","url":"https:\/\/www.urlaubcornwall.de\/blog\/","name":"Urlaub &amp; Reisen","description":"Urlaub, Reisen, Cornwall und S\u00fcdengland: eine perfekte Kombination","potentialAction":[{"@type":"SearchAction","target":{"@type":"EntryPoint","urlTemplate":"https:\/\/www.urlaubcornwall.de\/blog\/?s={search_term_string}"},"query-input":"required name=search_term_string"}],"inLanguage":"en-US"},{"@type":"WebPage","@id":"https:\/\/www.urlaubcornwall.de\/blog\/hotels-bridport-mit-hund-zum-verlieben-einfach-ist-das\/","url":"https:\/\/www.urlaubcornwall.de\/blog\/hotels-bridport-mit-hund-zum-verlieben-einfach-ist-das\/","name":"Hotels in Bridport mit Hund zum Verlieben \u2013 so einfach ist das! - Urlaub &amp; Reisen","isPartOf":{"@id":"https:\/\/www.urlaubcornwall.de\/blog\/#website"},"datePublished":"2017-09-07T09:37:31+00:00","dateModified":"2024-04-12T12:08:10+00:00","breadcrumb":{"@id":"https:\/\/www.urlaubcornwall.de\/blog\/hotels-bridport-mit-hund-zum-verlieben-einfach-ist-das\/#breadcrumb"},"inLanguage":"en-US","potentialAction":[{"@type":"ReadAction","target":["https:\/\/www.urlaubcornwall.de\/blog\/hotels-bridport-mit-hund-zum-verlieben-einfach-ist-das\/"]}]},{"@type":"BreadcrumbList","@id":"https:\/\/www.urlaubcornwall.de\/blog\/hotels-bridport-mit-hund-zum-verlieben-einfach-ist-das\/#breadcrumb","itemListElement":[{"@type":"ListItem","position":1,"name":"Home","item":"https:\/\/www.urlaubcornwall.de\/blog\/"},{"@type":"ListItem","position":2,"name":"Hotels in Bridport mit Hund zum Verlieben \u2013 so einfach ist das!"}]}]}},"_links":{"self":[{"href":"https:\/\/www.urlaubcornwall.de\/blog\/wp-json\/wp\/v2\/pages\/29061"}],"collection":[{"href":"https:\/\/www.urlaubcornwall.de\/blog\/wp-json\/wp\/v2\/pages"}],"about":[{"href":"https:\/\/www.urlaubcornwall.de\/blog\/wp-json\/wp\/v2\/types\/page"}],"author":[{"embeddable":true,"href":"https:\/\/www.urlaubcornwall.de\/blog\/wp-json\/wp\/v2\/users\/1"}],"replies":[{"embeddable":true,"href":"https:\/\/www.urlaubcornwall.de\/blog\/wp-json\/wp\/v2\/comments?post=29061"}],"version-history":[{"count":6,"href":"https:\/\/www.urlaubcornwall.de\/blog\/wp-json\/wp\/v2\/pages\/29061\/revisions"}],"predecessor-version":[{"id":49294,"href":"https:\/\/www.urlaubcornwall.de\/blog\/wp-json\/wp\/v2\/pages\/29061\/revisions\/49294"}],"wp:attachment":[{"href":"https:\/\/www.urlaubcornwall.de\/blog\/wp-json\/wp\/v2\/media?parent=29061"}],"curies":[{"name":"wp","href":"https:\/\/api.w.org\/{rel}","templated":true}]}}