{"id":29041,"date":"2017-09-07T07:41:28","date_gmt":"2017-09-07T07:41:28","guid":{"rendered":"https:\/\/www.urlaubcornwall.de\/blog\/?page_id=29041"},"modified":"2024-05-30T09:15:34","modified_gmt":"2024-05-30T09:15:34","slug":"hotels-jurassic-kueste-dorset-meer-meerblick","status":"publish","type":"page","link":"https:\/\/www.urlaubcornwall.de\/blog\/hotels-jurassic-kueste-dorset-meer-meerblick\/","title":{"rendered":"Hotels in Jurassic K\u00fcste &#038; Dorset am Meer zum Verlieben \u2013 so einfach ist das!"},"content":{"rendered":"<p><a href=\"https:\/\/www.urlaubcornwall.de\/blog\/wp-content\/uploads\/2015\/08\/jurrasic-kueste.jpg\"><img loading=\"lazy\" src=\"https:\/\/www.urlaubcornwall.de\/blog\/wp-content\/uploads\/2015\/08\/jurrasic-kueste.jpg\" alt=\"jurassic kueste\" width=\"742\" height=\"361\" class=\"alignnone size-full wp-image-19449\" srcset=\"https:\/\/www.urlaubcornwall.de\/blog\/wp-content\/uploads\/2015\/08\/jurrasic-kueste.jpg 742w, https:\/\/www.urlaubcornwall.de\/blog\/wp-content\/uploads\/2015\/08\/jurrasic-kueste-300x146.jpg 300w\" sizes=\"(max-width: 742px) 100vw, 742px\" \/><\/a><\/p>\n<p style=\"text-align: left;\"><strong>Die sch\u00f6nsten Hotels Jurassic K\u00fcste &amp; Dorset mit Meerblick f\u00fcr Ihren Urlaub in S\u00fcdengland<br \/>\n<\/strong><\/p>\n<p>In West Dorset k\u00f6nnen Sie die Jurassic Coast und die pulsierende Marktstadt Bridport besuchen. Oder Sie erkunden die faszinierende historische Stadt <a href=\"https:\/\/www.urlaubcornwall.de\/blog\/urlaub-in-dorchester-unterkunft-sehenswuerdigkeiten-und-geschichte\/\">Dorchester<\/a>, die gleichzeitig Verwaltungssitz von Dorset ist, die wundersch\u00f6ne Ortschaft Sherborne und die Familienk\u00fcstenorte Lyme Regis und West Bay.<strong>&#8230;<\/strong><a href=\"https:\/\/www.urlaubcornwall.de\/reiseziel\/dorset.php\">[ Mehr ]<\/a><br \/>\n<ins class=\"bookingaff\" data-aid=\"1340770\" data-target_aid=\"1320750\" data-prod=\"nsb\" data-width=\"100%\" data-height=\"auto\" data-lang=\"de\" data-dest_id=\"1098\" data-dest_type=\"region\"><br \/>\n<!-- Anything inside will go away once widget is loaded. --><br \/>\n<a href=\"\/\/www.booking.com?aid=1320750\" rel=\"nofollow\">Booking.com<\/a><br \/>\n<\/ins><br \/>\n<script type=\"text\/javascript\">\n    (function(d, sc, u) {\n      var s = d.createElement(sc), p = d.getElementsByTagName(sc)[0];\n      s.type = 'text\/javascript';\n      s.async = true;\n      s.src = u + '?v=' + (+new Date());\n      p.parentNode.insertBefore(s,p);\n      })(document, 'script', '\/\/aff.bstatic.com\/static\/affiliate_base\/js\/flexiproduct.js');\n<\/script><\/p>\n<p style=\"text-align: center;\">UrlaubCornwall verf\u00fcgt Ferienh\u00e4user und Ferienwohnungen in&nbsp;S\u00fcdengland. Unterk\u00fcnfte der Spitzenklasse f\u00fcr 2 Personen, Familien und Gruppen mit 4, 6, 8, 10 oder 12 G\u00e4sten mit Hund.<\/p>\n<p style=\"text-align: center;\"><a class=\"tidycta\" href=\"https:\/\/www.urlaubcornwall.de\/ferienhaeuser-fewos\/eng\/dorset\/dorset-am-meer.html\">Ferienh\u00e4user Dorset am Meer<\/a><\/p>\n<p style=\"text-align: center;\"><a href=\"http:\/\/www.urlaubcornwall.de\/\">UrlaubCornwall.de<\/a> ist ein in Cornwall ans\u00e4ssiges Unternehmen k\u00f6nnen wir uns mit 20 Jahren Erfahrung in der Organisation von Rundreisen durch S\u00fcdwest und S\u00fcdengland r\u00fchmen. Erfahren Sie mehr \u00fcber <a href=\"https:\/\/www.urlaubcornwall.de\/hotels.php\">unsere Hotels in Cornwall<\/a>.<\/p>\n","protected":false},"excerpt":{"rendered":"<p>Die sch\u00f6nsten Hotels Jurassic K\u00fcste &amp; Dorset mit Meerblick f\u00fcr Ihren Urlaub in S\u00fcdengland In West Dorset k\u00f6nnen Sie die Jurassic Coast und die pulsierende Marktstadt Bridport besuchen. Oder Sie erkunden die faszinierende historische Stadt Dorchester, die gleichzeitig Verwaltungssitz von Dorset ist, die wundersch\u00f6ne Ortschaft Sherborne und die Familienk\u00fcstenorte Lyme Regis und West Bay.&#8230;[ Mehr [&hellip;]<\/p>\n","protected":false},"author":1,"featured_media":0,"parent":0,"menu_order":0,"comment_status":"closed","ping_status":"closed","template":"single-four.php","meta":[],"acf":[],"yoast_head":"<!-- This site is optimized with the Yoast SEO plugin v19.4 - https:\/\/yoast.com\/wordpress\/plugins\/seo\/ -->\n<title>Hotels in Jurassic K\u00fcste &amp; Dorset am Meer zum Verlieben \u2013 so einfach ist das! - Urlaub &amp; Reisen<\/title>\n<meta name=\"robots\" content=\"index, follow, max-snippet:-1, max-image-preview:large, max-video-preview:-1\" \/>\n<link rel=\"canonical\" href=\"https:\/\/www.urlaubcornwall.de\/blog\/hotels-jurassic-kueste-dorset-meer-meerblick\/\" \/>\n<meta property=\"og:locale\" content=\"en_US\" \/>\n<meta property=\"og:type\" content=\"article\" \/>\n<meta property=\"og:title\" content=\"Hotels in Jurassic K\u00fcste &amp; Dorset am Meer zum Verlieben \u2013 so einfach ist das! - Urlaub &amp; Reisen\" \/>\n<meta property=\"og:description\" content=\"Die sch\u00f6nsten Hotels Jurassic K\u00fcste &amp; Dorset mit Meerblick f\u00fcr Ihren Urlaub in S\u00fcdengland In West Dorset k\u00f6nnen Sie die Jurassic Coast und die pulsierende Marktstadt Bridport besuchen. Oder Sie erkunden die faszinierende historische Stadt Dorchester, die gleichzeitig Verwaltungssitz von Dorset ist, die wundersch\u00f6ne Ortschaft Sherborne und die Familienk\u00fcstenorte Lyme Regis und West Bay.&#8230;[ Mehr [&hellip;]\" \/>\n<meta property=\"og:url\" content=\"https:\/\/www.urlaubcornwall.de\/blog\/hotels-jurassic-kueste-dorset-meer-meerblick\/\" \/>\n<meta property=\"og:site_name\" content=\"Urlaub &amp; Reisen\" \/>\n<meta property=\"article:modified_time\" content=\"2024-05-30T09:15:34+00:00\" \/>\n<meta property=\"og:image\" content=\"https:\/\/www.urlaubcornwall.de\/blog\/wp-content\/uploads\/2015\/08\/jurrasic-kueste.jpg\" \/>\n<meta name=\"twitter:card\" content=\"summary\" \/>\n<meta name=\"twitter:label1\" content=\"Est. reading time\" \/>\n\t<meta name=\"twitter:data1\" content=\"1 minute\" \/>\n<script type=\"application\/ld+json\" class=\"yoast-schema-graph\">{\"@context\":\"https:\/\/schema.org\",\"@graph\":[{\"@type\":\"WebSite\",\"@id\":\"https:\/\/www.urlaubcornwall.de\/blog\/#website\",\"url\":\"https:\/\/www.urlaubcornwall.de\/blog\/\",\"name\":\"Urlaub &amp; Reisen\",\"description\":\"Urlaub, Reisen, Cornwall und S\u00fcdengland: eine perfekte Kombination\",\"potentialAction\":[{\"@type\":\"SearchAction\",\"target\":{\"@type\":\"EntryPoint\",\"urlTemplate\":\"https:\/\/www.urlaubcornwall.de\/blog\/?s={search_term_string}\"},\"query-input\":\"required name=search_term_string\"}],\"inLanguage\":\"en-US\"},{\"@type\":\"WebPage\",\"@id\":\"https:\/\/www.urlaubcornwall.de\/blog\/hotels-jurassic-kueste-dorset-meer-meerblick\/\",\"url\":\"https:\/\/www.urlaubcornwall.de\/blog\/hotels-jurassic-kueste-dorset-meer-meerblick\/\",\"name\":\"Hotels in Jurassic K\u00fcste & Dorset am Meer zum Verlieben \u2013 so einfach ist das! - Urlaub &amp; Reisen\",\"isPartOf\":{\"@id\":\"https:\/\/www.urlaubcornwall.de\/blog\/#website\"},\"datePublished\":\"2017-09-07T07:41:28+00:00\",\"dateModified\":\"2024-05-30T09:15:34+00:00\",\"breadcrumb\":{\"@id\":\"https:\/\/www.urlaubcornwall.de\/blog\/hotels-jurassic-kueste-dorset-meer-meerblick\/#breadcrumb\"},\"inLanguage\":\"en-US\",\"potentialAction\":[{\"@type\":\"ReadAction\",\"target\":[\"https:\/\/www.urlaubcornwall.de\/blog\/hotels-jurassic-kueste-dorset-meer-meerblick\/\"]}]},{\"@type\":\"BreadcrumbList\",\"@id\":\"https:\/\/www.urlaubcornwall.de\/blog\/hotels-jurassic-kueste-dorset-meer-meerblick\/#breadcrumb\",\"itemListElement\":[{\"@type\":\"ListItem\",\"position\":1,\"name\":\"Home\",\"item\":\"https:\/\/www.urlaubcornwall.de\/blog\/\"},{\"@type\":\"ListItem\",\"position\":2,\"name\":\"Hotels in Jurassic K\u00fcste &#038; Dorset am Meer zum Verlieben \u2013 so einfach ist das!\"}]}]}<\/script>\n<!-- \/ Yoast SEO plugin. -->","yoast_head_json":{"title":"Hotels in Jurassic K\u00fcste & Dorset am Meer zum Verlieben \u2013 so einfach ist das! - Urlaub &amp; Reisen","robots":{"index":"index","follow":"follow","max-snippet":"max-snippet:-1","max-image-preview":"max-image-preview:large","max-video-preview":"max-video-preview:-1"},"canonical":"https:\/\/www.urlaubcornwall.de\/blog\/hotels-jurassic-kueste-dorset-meer-meerblick\/","og_locale":"en_US","og_type":"article","og_title":"Hotels in Jurassic K\u00fcste & Dorset am Meer zum Verlieben \u2013 so einfach ist das! - Urlaub &amp; Reisen","og_description":"Die sch\u00f6nsten Hotels Jurassic K\u00fcste &amp; Dorset mit Meerblick f\u00fcr Ihren Urlaub in S\u00fcdengland In West Dorset k\u00f6nnen Sie die Jurassic Coast und die pulsierende Marktstadt Bridport besuchen. Oder Sie erkunden die faszinierende historische Stadt Dorchester, die gleichzeitig Verwaltungssitz von Dorset ist, die wundersch\u00f6ne Ortschaft Sherborne und die Familienk\u00fcstenorte Lyme Regis und West Bay.&#8230;[ Mehr [&hellip;]","og_url":"https:\/\/www.urlaubcornwall.de\/blog\/hotels-jurassic-kueste-dorset-meer-meerblick\/","og_site_name":"Urlaub &amp; Reisen","article_modified_time":"2024-05-30T09:15:34+00:00","og_image":[{"url":"https:\/\/www.urlaubcornwall.de\/blog\/wp-content\/uploads\/2015\/08\/jurrasic-kueste.jpg"}],"twitter_card":"summary","twitter_misc":{"Est. reading time":"1 minute"},"schema":{"@context":"https:\/\/schema.org","@graph":[{"@type":"WebSite","@id":"https:\/\/www.urlaubcornwall.de\/blog\/#website","url":"https:\/\/www.urlaubcornwall.de\/blog\/","name":"Urlaub &amp; Reisen","description":"Urlaub, Reisen, Cornwall und S\u00fcdengland: eine perfekte Kombination","potentialAction":[{"@type":"SearchAction","target":{"@type":"EntryPoint","urlTemplate":"https:\/\/www.urlaubcornwall.de\/blog\/?s={search_term_string}"},"query-input":"required name=search_term_string"}],"inLanguage":"en-US"},{"@type":"WebPage","@id":"https:\/\/www.urlaubcornwall.de\/blog\/hotels-jurassic-kueste-dorset-meer-meerblick\/","url":"https:\/\/www.urlaubcornwall.de\/blog\/hotels-jurassic-kueste-dorset-meer-meerblick\/","name":"Hotels in Jurassic K\u00fcste & Dorset am Meer zum Verlieben \u2013 so einfach ist das! - Urlaub &amp; Reisen","isPartOf":{"@id":"https:\/\/www.urlaubcornwall.de\/blog\/#website"},"datePublished":"2017-09-07T07:41:28+00:00","dateModified":"2024-05-30T09:15:34+00:00","breadcrumb":{"@id":"https:\/\/www.urlaubcornwall.de\/blog\/hotels-jurassic-kueste-dorset-meer-meerblick\/#breadcrumb"},"inLanguage":"en-US","potentialAction":[{"@type":"ReadAction","target":["https:\/\/www.urlaubcornwall.de\/blog\/hotels-jurassic-kueste-dorset-meer-meerblick\/"]}]},{"@type":"BreadcrumbList","@id":"https:\/\/www.urlaubcornwall.de\/blog\/hotels-jurassic-kueste-dorset-meer-meerblick\/#breadcrumb","itemListElement":[{"@type":"ListItem","position":1,"name":"Home","item":"https:\/\/www.urlaubcornwall.de\/blog\/"},{"@type":"ListItem","position":2,"name":"Hotels in Jurassic K\u00fcste &#038; Dorset am Meer zum Verlieben \u2013 so einfach ist das!"}]}]}},"_links":{"self":[{"href":"https:\/\/www.urlaubcornwall.de\/blog\/wp-json\/wp\/v2\/pages\/29041"}],"collection":[{"href":"https:\/\/www.urlaubcornwall.de\/blog\/wp-json\/wp\/v2\/pages"}],"about":[{"href":"https:\/\/www.urlaubcornwall.de\/blog\/wp-json\/wp\/v2\/types\/page"}],"author":[{"embeddable":true,"href":"https:\/\/www.urlaubcornwall.de\/blog\/wp-json\/wp\/v2\/users\/1"}],"replies":[{"embeddable":true,"href":"https:\/\/www.urlaubcornwall.de\/blog\/wp-json\/wp\/v2\/comments?post=29041"}],"version-history":[{"count":8,"href":"https:\/\/www.urlaubcornwall.de\/blog\/wp-json\/wp\/v2\/pages\/29041\/revisions"}],"predecessor-version":[{"id":50857,"href":"https:\/\/www.urlaubcornwall.de\/blog\/wp-json\/wp\/v2\/pages\/29041\/revisions\/50857"}],"wp:attachment":[{"href":"https:\/\/www.urlaubcornwall.de\/blog\/wp-json\/wp\/v2\/media?parent=29041"}],"curies":[{"name":"wp","href":"https:\/\/api.w.org\/{rel}","templated":true}]}}