{"id":29026,"date":"2017-09-05T14:56:04","date_gmt":"2017-09-05T14:56:04","guid":{"rendered":"https:\/\/www.urlaubcornwall.de\/blog\/?page_id=29026"},"modified":"2024-04-15T08:21:57","modified_gmt":"2024-04-15T08:21:57","slug":"hotels-st-davids-meer-zum-verlieben-einfach-ist-das","status":"publish","type":"page","link":"https:\/\/www.urlaubcornwall.de\/blog\/hotels-st-davids-meer-zum-verlieben-einfach-ist-das\/","title":{"rendered":"Hotels in St David&#8217;s am Meer zum Verlieben \u2013 so einfach ist das!"},"content":{"rendered":"<p><img loading=\"lazy\" class=\"aligncenter size-full wp-image-47959\" src=\"https:\/\/www.urlaubcornwall.de\/blog\/wp-content\/uploads\/2024\/03\/gower-halbinsel-wales-1.jpg\" alt=\"gower halbinsel wales\" width=\"750\" height=\"500\" srcset=\"https:\/\/www.urlaubcornwall.de\/blog\/wp-content\/uploads\/2024\/03\/gower-halbinsel-wales-1.jpg 750w, https:\/\/www.urlaubcornwall.de\/blog\/wp-content\/uploads\/2024\/03\/gower-halbinsel-wales-1-300x200.jpg 300w\" sizes=\"(max-width: 750px) 100vw, 750px\" \/><\/p>\n<p style=\"text-align: center;\"><strong>Die sch\u00f6nsten Hotels St David&#8217;s mit Meerblick f\u00fcr Ihren Urlaub in Wales<br \/>\n<\/strong><\/p>\n<p style=\"text-align: center;\">UrlaubCornwall.de hat die besten Hotels in St David&#8217;s und Westk\u00fcste Wales ausgew\u00e4hlt, mit den gem\u00fctlichsten Zimmern und den besten Restaurants. Familienhotels, Hundefreundliche Hotels und B&amp;B, Last Minute Angebote und M\u00f6glichkeiten f\u00fcr Kinder bieten bis hin zu 4 &amp; 5 Sterne Luxus-Spa-Hotels, eleganten Herrenh\u00e4usern oder f\u00fcnf-Sterne Schloss- und Boutique-Hotels<\/p>\n<p><ins class=\"bookingaff\" data-aid=\"1350395\" data-target_aid=\"1320750\" data-prod=\"nsb\" data-width=\"100%\" data-height=\"auto\" data-lang=\"de\" data-dest_id=\"-2606823\" data-dest_type=\"city\"><br \/>\n<!-- Anything inside will go away once widget is loaded. --><br \/>\n<a href=\"\/\/www.booking.com?aid=1320750\" rel=\"nofollow\">Booking.com<\/a><br \/>\n<\/ins><br \/>\n<script type=\"text\/javascript\">\n    (function(d, sc, u) {\n      var s = d.createElement(sc), p = d.getElementsByTagName(sc)[0];\n      s.type = 'text\/javascript';\n      s.async = true;\n      s.src = u + '?v=' + (+new Date());\n      p.parentNode.insertBefore(s,p);\n      })(document, 'script', '\/\/aff.bstatic.com\/static\/affiliate_base\/js\/flexiproduct.js');\n<\/script><\/p>\n<p style=\"text-align: center;\">Pembrokeshire in <a href=\"https:\/\/www.urlaubcornwall.de\/reiseziel\/wales.php\">Westwales<\/a> ist ein Paradies f\u00fcr Schwimmer, Strandgutsammler, Tierbeobachter, Wanderer und Freizeitabenteurer. Dieser Teil der K\u00fcste hat vieles gemeinsam mit Cornwall; Landzungen aus grauem Gestein und verschlungene Pfade, die zu einsamen Buchten f\u00fchren; es ist ein gro\u00dfartiger Ort f\u00fcr einen Familienurlaub&#8230;..<\/p>\n<p style=\"text-align: center;\"><a href=\"https:\/\/www.urlaubcornwall.de\/blog\/urlaub-in-west-wales-sehenswuerdigkeiten-und-unterkunft\/\"><strong>[ Mehr ]<\/strong><\/a><\/p>\n\n<p><a href=\"https:\/\/www.urlaubcornwall.de\/blog\/wp-content\/uploads\/2017\/08\/urlaub-und-gro\u00dfbritannien_logo-1.jpg\"><img loading=\"lazy\" class=\"alignnone wp-image-28670 size-full\" src=\"https:\/\/www.urlaubcornwall.de\/blog\/wp-content\/uploads\/2017\/08\/urlaub-und-gro\u00dfbritannien_logo-1.jpg\" alt=\"urlaub-und-gro\u00dfbritannien_logo\" width=\"746\" height=\"454\" srcset=\"https:\/\/www.urlaubcornwall.de\/blog\/wp-content\/uploads\/2017\/08\/urlaub-und-gro\u00dfbritannien_logo-1.jpg 764w, https:\/\/www.urlaubcornwall.de\/blog\/wp-content\/uploads\/2017\/08\/urlaub-und-gro\u00dfbritannien_logo-1-300x182.jpg 300w\" sizes=\"(max-width: 746px) 100vw, 746px\" \/><\/a><\/p>\n<p style=\"text-align: center;\">UrlaubCornwall verf\u00fcgt Ferienh\u00e4user und Ferienwohnungen in Wales. Unterk\u00fcnfte der Spitzenklasse f\u00fcr 2 Personen, Familien und Gruppen mit 4, 6, 8, 10 oder 12 G\u00e4sten mit Hund.<\/p>\n<p style=\"text-align: center;\"><a class=\"tidycta\" href=\"https:\/\/www.urlaubcornwall.de\/ferienhaeuser\/wales.php\">Ferienh\u00e4user Wales<\/a><\/p>\n<p style=\"text-align: center;\">Um Wales in Ihre Rundreise mit Hund durch Gro\u00dfbritannien mit einzugliedern, stellen Sie Ihre <a href=\"http:\/\/www.urlaubcornwall.de\/anfrage.php\">Anfrage<\/a> hier oder w\u00e4hlen Sie ein Ferienhaus aus unserer besten Auswahl handverlesener und inspizierter H\u00e4user aus.<\/p>\n<p style=\"text-align: center;\"><a href=\"http:\/\/www.urlaubcornwall.de\/\">UrlaubCornwall.de<\/a> ist ein in Cornwall ans\u00e4ssiges Unternehmen k\u00f6nnen wir uns mit 20 Jahren Erfahrung in der Organisation von Rundreisen durch S\u00fcdwest und S\u00fcdengland r\u00fchmen. Erfahren Sie mehr \u00fcber <a href=\"https:\/\/www.urlaubcornwall.de\/hotels.php\">unsere hundefreundlichen Hotels in Cornwall<\/a>.<\/p>\n\n","protected":false},"excerpt":{"rendered":"<p>Die sch\u00f6nsten Hotels St David&#8217;s mit Meerblick f\u00fcr Ihren Urlaub in Wales UrlaubCornwall.de hat die besten Hotels in St David&#8217;s und Westk\u00fcste Wales ausgew\u00e4hlt, mit den gem\u00fctlichsten Zimmern und den besten Restaurants. Familienhotels, Hundefreundliche Hotels und B&amp;B, Last Minute Angebote und M\u00f6glichkeiten f\u00fcr Kinder bieten bis hin zu 4 &amp; 5 Sterne Luxus-Spa-Hotels, eleganten Herrenh\u00e4usern [&hellip;]<\/p>\n","protected":false},"author":1,"featured_media":0,"parent":0,"menu_order":0,"comment_status":"closed","ping_status":"closed","template":"single-four.php","meta":[],"acf":[],"yoast_head":"<!-- This site is optimized with the Yoast SEO plugin v19.4 - https:\/\/yoast.com\/wordpress\/plugins\/seo\/ -->\n<title>Hotels in St David&#039;s am Meer zum Verlieben \u2013 so einfach ist das! - Urlaub &amp; Reisen<\/title>\n<meta name=\"robots\" content=\"index, follow, max-snippet:-1, max-image-preview:large, max-video-preview:-1\" \/>\n<link rel=\"canonical\" href=\"https:\/\/www.urlaubcornwall.de\/blog\/hotels-st-davids-meer-zum-verlieben-einfach-ist-das\/\" \/>\n<meta property=\"og:locale\" content=\"en_US\" \/>\n<meta property=\"og:type\" content=\"article\" \/>\n<meta property=\"og:title\" content=\"Hotels in St David&#039;s am Meer zum Verlieben \u2013 so einfach ist das! - Urlaub &amp; Reisen\" \/>\n<meta property=\"og:description\" content=\"Die sch\u00f6nsten Hotels St David&#8217;s mit Meerblick f\u00fcr Ihren Urlaub in Wales UrlaubCornwall.de hat die besten Hotels in St David&#8217;s und Westk\u00fcste Wales ausgew\u00e4hlt, mit den gem\u00fctlichsten Zimmern und den besten Restaurants. Familienhotels, Hundefreundliche Hotels und B&amp;B, Last Minute Angebote und M\u00f6glichkeiten f\u00fcr Kinder bieten bis hin zu 4 &amp; 5 Sterne Luxus-Spa-Hotels, eleganten Herrenh\u00e4usern [&hellip;]\" \/>\n<meta property=\"og:url\" content=\"https:\/\/www.urlaubcornwall.de\/blog\/hotels-st-davids-meer-zum-verlieben-einfach-ist-das\/\" \/>\n<meta property=\"og:site_name\" content=\"Urlaub &amp; Reisen\" \/>\n<meta property=\"article:modified_time\" content=\"2024-04-15T08:21:57+00:00\" \/>\n<meta property=\"og:image\" content=\"https:\/\/www.urlaubcornwall.de\/blog\/wp-content\/uploads\/2024\/03\/gower-halbinsel-wales-1.jpg\" \/>\n<meta name=\"twitter:card\" content=\"summary\" \/>\n<meta name=\"twitter:label1\" content=\"Est. reading time\" \/>\n\t<meta name=\"twitter:data1\" content=\"2 minutes\" \/>\n<script type=\"application\/ld+json\" class=\"yoast-schema-graph\">{\"@context\":\"https:\/\/schema.org\",\"@graph\":[{\"@type\":\"WebSite\",\"@id\":\"https:\/\/www.urlaubcornwall.de\/blog\/#website\",\"url\":\"https:\/\/www.urlaubcornwall.de\/blog\/\",\"name\":\"Urlaub &amp; Reisen\",\"description\":\"Urlaub, Reisen, Cornwall und S\u00fcdengland: eine perfekte Kombination\",\"potentialAction\":[{\"@type\":\"SearchAction\",\"target\":{\"@type\":\"EntryPoint\",\"urlTemplate\":\"https:\/\/www.urlaubcornwall.de\/blog\/?s={search_term_string}\"},\"query-input\":\"required name=search_term_string\"}],\"inLanguage\":\"en-US\"},{\"@type\":\"WebPage\",\"@id\":\"https:\/\/www.urlaubcornwall.de\/blog\/hotels-st-davids-meer-zum-verlieben-einfach-ist-das\/\",\"url\":\"https:\/\/www.urlaubcornwall.de\/blog\/hotels-st-davids-meer-zum-verlieben-einfach-ist-das\/\",\"name\":\"Hotels in St David's am Meer zum Verlieben \u2013 so einfach ist das! - Urlaub &amp; Reisen\",\"isPartOf\":{\"@id\":\"https:\/\/www.urlaubcornwall.de\/blog\/#website\"},\"datePublished\":\"2017-09-05T14:56:04+00:00\",\"dateModified\":\"2024-04-15T08:21:57+00:00\",\"breadcrumb\":{\"@id\":\"https:\/\/www.urlaubcornwall.de\/blog\/hotels-st-davids-meer-zum-verlieben-einfach-ist-das\/#breadcrumb\"},\"inLanguage\":\"en-US\",\"potentialAction\":[{\"@type\":\"ReadAction\",\"target\":[\"https:\/\/www.urlaubcornwall.de\/blog\/hotels-st-davids-meer-zum-verlieben-einfach-ist-das\/\"]}]},{\"@type\":\"BreadcrumbList\",\"@id\":\"https:\/\/www.urlaubcornwall.de\/blog\/hotels-st-davids-meer-zum-verlieben-einfach-ist-das\/#breadcrumb\",\"itemListElement\":[{\"@type\":\"ListItem\",\"position\":1,\"name\":\"Home\",\"item\":\"https:\/\/www.urlaubcornwall.de\/blog\/\"},{\"@type\":\"ListItem\",\"position\":2,\"name\":\"Hotels in St David&#8217;s am Meer zum Verlieben \u2013 so einfach ist das!\"}]}]}<\/script>\n<!-- \/ Yoast SEO plugin. -->","yoast_head_json":{"title":"Hotels in St David's am Meer zum Verlieben \u2013 so einfach ist das! - Urlaub &amp; Reisen","robots":{"index":"index","follow":"follow","max-snippet":"max-snippet:-1","max-image-preview":"max-image-preview:large","max-video-preview":"max-video-preview:-1"},"canonical":"https:\/\/www.urlaubcornwall.de\/blog\/hotels-st-davids-meer-zum-verlieben-einfach-ist-das\/","og_locale":"en_US","og_type":"article","og_title":"Hotels in St David's am Meer zum Verlieben \u2013 so einfach ist das! - Urlaub &amp; Reisen","og_description":"Die sch\u00f6nsten Hotels St David&#8217;s mit Meerblick f\u00fcr Ihren Urlaub in Wales UrlaubCornwall.de hat die besten Hotels in St David&#8217;s und Westk\u00fcste Wales ausgew\u00e4hlt, mit den gem\u00fctlichsten Zimmern und den besten Restaurants. Familienhotels, Hundefreundliche Hotels und B&amp;B, Last Minute Angebote und M\u00f6glichkeiten f\u00fcr Kinder bieten bis hin zu 4 &amp; 5 Sterne Luxus-Spa-Hotels, eleganten Herrenh\u00e4usern [&hellip;]","og_url":"https:\/\/www.urlaubcornwall.de\/blog\/hotels-st-davids-meer-zum-verlieben-einfach-ist-das\/","og_site_name":"Urlaub &amp; Reisen","article_modified_time":"2024-04-15T08:21:57+00:00","og_image":[{"url":"https:\/\/www.urlaubcornwall.de\/blog\/wp-content\/uploads\/2024\/03\/gower-halbinsel-wales-1.jpg"}],"twitter_card":"summary","twitter_misc":{"Est. reading time":"2 minutes"},"schema":{"@context":"https:\/\/schema.org","@graph":[{"@type":"WebSite","@id":"https:\/\/www.urlaubcornwall.de\/blog\/#website","url":"https:\/\/www.urlaubcornwall.de\/blog\/","name":"Urlaub &amp; Reisen","description":"Urlaub, Reisen, Cornwall und S\u00fcdengland: eine perfekte Kombination","potentialAction":[{"@type":"SearchAction","target":{"@type":"EntryPoint","urlTemplate":"https:\/\/www.urlaubcornwall.de\/blog\/?s={search_term_string}"},"query-input":"required name=search_term_string"}],"inLanguage":"en-US"},{"@type":"WebPage","@id":"https:\/\/www.urlaubcornwall.de\/blog\/hotels-st-davids-meer-zum-verlieben-einfach-ist-das\/","url":"https:\/\/www.urlaubcornwall.de\/blog\/hotels-st-davids-meer-zum-verlieben-einfach-ist-das\/","name":"Hotels in St David's am Meer zum Verlieben \u2013 so einfach ist das! - Urlaub &amp; Reisen","isPartOf":{"@id":"https:\/\/www.urlaubcornwall.de\/blog\/#website"},"datePublished":"2017-09-05T14:56:04+00:00","dateModified":"2024-04-15T08:21:57+00:00","breadcrumb":{"@id":"https:\/\/www.urlaubcornwall.de\/blog\/hotels-st-davids-meer-zum-verlieben-einfach-ist-das\/#breadcrumb"},"inLanguage":"en-US","potentialAction":[{"@type":"ReadAction","target":["https:\/\/www.urlaubcornwall.de\/blog\/hotels-st-davids-meer-zum-verlieben-einfach-ist-das\/"]}]},{"@type":"BreadcrumbList","@id":"https:\/\/www.urlaubcornwall.de\/blog\/hotels-st-davids-meer-zum-verlieben-einfach-ist-das\/#breadcrumb","itemListElement":[{"@type":"ListItem","position":1,"name":"Home","item":"https:\/\/www.urlaubcornwall.de\/blog\/"},{"@type":"ListItem","position":2,"name":"Hotels in St David&#8217;s am Meer zum Verlieben \u2013 so einfach ist das!"}]}]}},"_links":{"self":[{"href":"https:\/\/www.urlaubcornwall.de\/blog\/wp-json\/wp\/v2\/pages\/29026"}],"collection":[{"href":"https:\/\/www.urlaubcornwall.de\/blog\/wp-json\/wp\/v2\/pages"}],"about":[{"href":"https:\/\/www.urlaubcornwall.de\/blog\/wp-json\/wp\/v2\/types\/page"}],"author":[{"embeddable":true,"href":"https:\/\/www.urlaubcornwall.de\/blog\/wp-json\/wp\/v2\/users\/1"}],"replies":[{"embeddable":true,"href":"https:\/\/www.urlaubcornwall.de\/blog\/wp-json\/wp\/v2\/comments?post=29026"}],"version-history":[{"count":3,"href":"https:\/\/www.urlaubcornwall.de\/blog\/wp-json\/wp\/v2\/pages\/29026\/revisions"}],"predecessor-version":[{"id":49375,"href":"https:\/\/www.urlaubcornwall.de\/blog\/wp-json\/wp\/v2\/pages\/29026\/revisions\/49375"}],"wp:attachment":[{"href":"https:\/\/www.urlaubcornwall.de\/blog\/wp-json\/wp\/v2\/media?parent=29026"}],"curies":[{"name":"wp","href":"https:\/\/api.w.org\/{rel}","templated":true}]}}